{"id":25418,"date":"2025-01-10T14:41:49","date_gmt":"2025-01-10T13:41:49","guid":{"rendered":"https:\/\/taniabonament.pl\/smartwatch\/smartwatch-garmin-czarny\/"},"modified":"2025-01-10T14:41:49","modified_gmt":"2025-01-10T13:41:49","slug":"smartwatch-garmin-czarny","status":"publish","type":"product","link":"https:\/\/taniabonament.pl\/smartwatch\/smartwatch-garmin-czarny\/","title":{"rendered":"Smartwatch GARMIN Czarny"},"content":{"rendered":"<p>&nbsp;<\/p>\n<h2>Przedstawiamy wyj\u0105tkowy Smartwatch marki GARMIN<\/h2>\n<p>CENA BEZ PROMOCJI: 1065.35 PLN<\/p>\n<p>najni\u017csza cena z ostatnich 30 dni: 1065.35 PLN<\/p>\n<div style=\"font-weight: bold; font-size: 18px;\">\n<p>UWAGA <span style=\"color: red;\">MAMY RABATY, SPRAWD\u0179 PONI\u017bEJ!<\/span><\/p>\n<p>Gdzie kupisz ten model? Prezentowany <a style=\"color: red;\" href=\"https:\/\/taniabonament.pl\/smartwatch\/\">Smartwatch<\/a> dost\u0119pny jest w Decathlon.pl. Kliknij i przejd\u017a do sklepu gdzie ten zegarek jest dost\u0119pny online. Dzisiaj kupisz go w atrakcyjnej cenie. Dodatkowo w sklepie gdzie jest oferowany poznasz wszystkie funkcje tego zegarka oraz dost\u0119pne promocje na ten nowoczesny zegarek:<\/p>\n<p><span style=\"color: #fff; background-color: #000000; padding: 1px 7px;\"><strong>GARMIN<\/strong><\/span><strong><span style=\"margin-left: 5px; color: #fff; background-color: red; padding: 1px 7px;\">1065.35 PLN<\/span><\/strong><\/p>\n<\/div>\n<h2>Smartwatch GARMIN<\/h2>\n<div style=\"font-weight: bold; font-size: 18px;\">\n<p>Model Smartwatch GARMIN Czarny:<\/p>\n<p>&nbsp;<\/p>\n<\/div>\n<p style=\"text-align: center; padding-bottom: 15px;\"><a style=\"color: #fff; font-size: 22px; background-color: #e4144d; padding: 9px 17px; border-radius: 7px; text-decoration: underline;\" href=\"https:\/\/converti.se\/click\/34590059-c70e8160-5f3fd1b7\/?deep_link=https%3A%2F%2Fwww.decathlon.pl%2Fp%2Fmp%2Fgarmin%2Fsmartwatch-garmin-czarny%2F_%2FR-p-d24e18b9-cf08-4f02-bbbf-94b249bee457%3Fmc%3Dd24e18b9-cf08-4f02-bbbf-94b249bee457_c255.c1&#038;tag6=product&#038;tag8=1a8d2d579f7cb3e1aa76ceef0a3564b5&#038;tag9=Smartwatch+GARMIN+Czarny\" target=\"_blank\" rel=\"nofollow noopener\">Wi\u0119cej szczeg\u00f3\u0142\u00f3w<\/a> <span style=\"font-size: 22px; padding-left: 10px;\">1003.4 PLN<\/span><\/p>\n<p>&nbsp;<\/p>\n","protected":false},"excerpt":{"rendered":"<p><span style='background-color: #000000; color: #fff; padding: 2px 7px;'>Cechy i zalety: <\/span> <\/p>\n<ul style='padding-left: 10px; padding-bottom: 10px;'>\n<li style='padding-top: 10px;'>Smartwatch GARMIN Grafit 0,9&#8243; \u00d8 45 mm G\u0142\u00f3wne cechy: 45 mm, 0,9&#8243;, Czarny, \u00d8 45 mm, Grafit<\/ul>\n<h3>Smartwatch jest <span style='color: red;'>dost\u0119pny<\/span><\/h3>\n","protected":false},"featured_media":25419,"comment_status":"closed","ping_status":"open","template":"","meta":[],"product_cat":[19],"product_tag":[],"class_list":{"0":"post-25418","1":"product","2":"type-product","3":"status-publish","6":"product_cat-garmin","7":"pa_producent-garmin","8":"pa_sklep-decathlon-pl","9":"pa_typ-sporty-chodzenie-akcesoria-do-chodzenia-monitory-aktywnosci","11":"first","12":"instock","13":"sale","14":"product-type-external"},"_links":{"self":[{"href":"https:\/\/taniabonament.pl\/smartwatch\/wp-json\/wp\/v2\/product\/25418","targetHints":{"allow":["GET"]}}],"collection":[{"href":"https:\/\/taniabonament.pl\/smartwatch\/wp-json\/wp\/v2\/product"}],"about":[{"href":"https:\/\/taniabonament.pl\/smartwatch\/wp-json\/wp\/v2\/types\/product"}],"replies":[{"embeddable":true,"href":"https:\/\/taniabonament.pl\/smartwatch\/wp-json\/wp\/v2\/comments?post=25418"}],"wp:featuredmedia":[{"embeddable":true,"href":"https:\/\/taniabonament.pl\/smartwatch\/wp-json\/wp\/v2\/media\/25419"}],"wp:attachment":[{"href":"https:\/\/taniabonament.pl\/smartwatch\/wp-json\/wp\/v2\/media?parent=25418"}],"wp:term":[{"taxonomy":"product_cat","embeddable":true,"href":"https:\/\/taniabonament.pl\/smartwatch\/wp-json\/wp\/v2\/product_cat?post=25418"},{"taxonomy":"product_tag","embeddable":true,"href":"https:\/\/taniabonament.pl\/smartwatch\/wp-json\/wp\/v2\/product_tag?post=25418"}],"curies":[{"name":"wp","href":"https:\/\/api.w.org\/{rel}","templated":true}]}}