{"id":25412,"date":"2025-01-10T14:41:38","date_gmt":"2025-01-10T13:41:38","guid":{"rendered":"https:\/\/taniabonament.pl\/smartwatch\/zegarek-sportowy-smartwatch-polar-vantage-v3-s-l\/"},"modified":"2025-01-10T14:41:45","modified_gmt":"2025-01-10T13:41:45","slug":"zegarek-sportowy-smartwatch-polar-vantage-v3-s-l","status":"publish","type":"product","link":"https:\/\/taniabonament.pl\/smartwatch\/zegarek-sportowy-smartwatch-polar-vantage-v3-s-l\/","title":{"rendered":"Zegarek sportowy smartwatch Polar Vantage V3 S\/L"},"content":{"rendered":"<p>&nbsp;<\/p>\n<h2>Przedstawiamy wyj\u0105tkowy Smartwatch marki POLAR<\/h2>\n<p>CENA BEZ PROMOCJI: 2129.99 PLN<\/p>\n<p>najni\u017csza cena z ostatnich 30 dni: 2129.99 PLN<\/p>\n<div style=\"font-weight: bold; font-size: 18px;\">\n<p>UWAGA <span style=\"color: red;\">MAMY RABATY, SPRAWD\u0179 PONI\u017bEJ!<\/span><\/p>\n<p>Gdzie kupisz ten model? Prezentowany <a style=\"color: red;\" href=\"https:\/\/taniabonament.pl\/smartwatch\/\">Smartwatch<\/a> dost\u0119pny jest w Decathlon.pl. Kliknij i przejd\u017a do sklepu gdzie ten zegarek jest dost\u0119pny online. Dzisiaj kupisz go w atrakcyjnej cenie. Dodatkowo w sklepie gdzie jest oferowany poznasz wszystkie funkcje tego zegarka oraz dost\u0119pne promocje na ten nowoczesny zegarek:<\/p>\n<p><span style=\"color: #fff; background-color: #000000; padding: 1px 7px;\"><strong>POLAR<\/strong><\/span><strong><span style=\"margin-left: 5px; color: #fff; background-color: red; padding: 1px 7px;\">2129.99 PLN<\/span><\/strong><\/p>\n<\/div>\n<h2>Smartwatch POLAR<\/h2>\n<div style=\"font-weight: bold; font-size: 18px;\">\n<p>Model Zegarek sportowy smartwatch Polar Vantage V3 S\/L:<\/p>\n<p>&nbsp;<\/p>\n<\/div>\n<p style=\"text-align: center; padding-bottom: 15px;\"><a style=\"color: #fff; font-size: 22px; background-color: #e4144d; padding: 9px 17px; border-radius: 7px; text-decoration: underline;\" href=\"https:\/\/converti.se\/click\/34590059-c70e8160-5f3fd1b7\/?deep_link=https%3A%2F%2Fwww.decathlon.pl%2Fp%2Fzegarek-sportowy-smartwatch-polar-vantage-v3-s-l%2F_%2FR-p-358371%3Fmc%3D8913979&#038;tag6=product&#038;tag8=3e7c6e257c1bdb02680971107986b3dd&#038;tag9=Zegarek+sportowy+smartwatch+Polar+Vantage+V3+S%2FL\" target=\"_blank\" rel=\"nofollow noopener\">Wi\u0119cej szczeg\u00f3\u0142\u00f3w<\/a> <span style=\"font-size: 22px; padding-left: 10px;\"><\/span><\/p>\n<p>&nbsp;<\/p>\n","protected":false},"excerpt":{"rendered":"<p><span style='background-color: #000000; color: #fff; padding: 2px 7px;'>Cechy i zalety: <\/span> <\/p>\n<ul style='padding-left: 10px; padding-bottom: 10px;'>\n<li style='padding-top: 10px;'>Zestaw bioczujnik\u00f3w, wy\u015bwietlacz AMOLED, GPS o dw\u00f3ch cz\u0119stotliwo\u015bciach, mapy i najbardziej wszechstronny zestaw narz\u0119dzi do treningu i regeneracji na rynku\n<li style='padding-top: 10px;'>Do 140 godzin treningu z GPS i optycznym monitorowaniem t\u0119tna\n<li style='padding-top: 10px;'>Mo\u017cliwo\u015b\u0107 dostosowania wid\u017cet\u00f3w\n<li style='padding-top: 10px;'>Wybierz funkcje wy\u015bwietlane na ekranie Czujnik t\u0119tna Polar Prime Precision i GPS (pr\u0119dko\u015b\u0107, dystans, nachylenie)<\/ul>\n<h3>Smartwatch jest <span style='color: red;'>dost\u0119pny<\/span><\/h3>\n","protected":false},"featured_media":25413,"comment_status":"closed","ping_status":"open","template":"","meta":[],"product_cat":[229],"product_tag":[],"class_list":{"0":"post-25412","1":"product","2":"type-product","3":"status-publish","6":"product_cat-polar","7":"pa_producent-polar","8":"pa_sklep-decathlon-pl","9":"pa_typ-sporty-chodzenie-akcesoria-do-chodzenia-monitory-aktywnosci","11":"first","12":"instock","13":"product-type-external"},"_links":{"self":[{"href":"https:\/\/taniabonament.pl\/smartwatch\/wp-json\/wp\/v2\/product\/25412","targetHints":{"allow":["GET"]}}],"collection":[{"href":"https:\/\/taniabonament.pl\/smartwatch\/wp-json\/wp\/v2\/product"}],"about":[{"href":"https:\/\/taniabonament.pl\/smartwatch\/wp-json\/wp\/v2\/types\/product"}],"replies":[{"embeddable":true,"href":"https:\/\/taniabonament.pl\/smartwatch\/wp-json\/wp\/v2\/comments?post=25412"}],"wp:featuredmedia":[{"embeddable":true,"href":"https:\/\/taniabonament.pl\/smartwatch\/wp-json\/wp\/v2\/media\/25413"}],"wp:attachment":[{"href":"https:\/\/taniabonament.pl\/smartwatch\/wp-json\/wp\/v2\/media?parent=25412"}],"wp:term":[{"taxonomy":"product_cat","embeddable":true,"href":"https:\/\/taniabonament.pl\/smartwatch\/wp-json\/wp\/v2\/product_cat?post=25412"},{"taxonomy":"product_tag","embeddable":true,"href":"https:\/\/taniabonament.pl\/smartwatch\/wp-json\/wp\/v2\/product_tag?post=25412"}],"curies":[{"name":"wp","href":"https:\/\/api.w.org\/{rel}","templated":true}]}}