{"id":25402,"date":"2025-01-10T14:41:31","date_gmt":"2025-01-10T13:41:31","guid":{"rendered":"https:\/\/taniabonament.pl\/smartwatch\/smartwatch-amazfit-cheetah-round\/"},"modified":"2025-01-10T14:41:32","modified_gmt":"2025-01-10T13:41:32","slug":"smartwatch-amazfit-cheetah-round","status":"publish","type":"product","link":"https:\/\/taniabonament.pl\/smartwatch\/smartwatch-amazfit-cheetah-round\/","title":{"rendered":"Smartwatch Amazfit Cheetah Round"},"content":{"rendered":"<p>&nbsp;<\/p>\n<h2>Przedstawiamy wyj\u0105tkowy Smartwatch marki AMAZFIT<\/h2>\n<p>CENA BEZ PROMOCJI: 1099.0 PLN<\/p>\n<p>najni\u017csza cena z ostatnich 30 dni: 1099.0 PLN<\/p>\n<div style=\"font-weight: bold; font-size: 18px;\">\n<p>UWAGA <span style=\"color: red;\">MAMY RABATY, SPRAWD\u0179 PONI\u017bEJ!<\/span><\/p>\n<p>Gdzie kupisz ten model? Prezentowany <a style=\"color: red;\" href=\"https:\/\/taniabonament.pl\/smartwatch\/\">Smartwatch<\/a> dost\u0119pny jest w Decathlon.pl. Kliknij i przejd\u017a do sklepu gdzie ten zegarek jest dost\u0119pny online. Dzisiaj kupisz go w atrakcyjnej cenie. Dodatkowo w sklepie gdzie jest oferowany poznasz wszystkie funkcje tego zegarka oraz dost\u0119pne promocje na ten nowoczesny zegarek:<\/p>\n<p><span style=\"color: #fff; background-color: #000000; padding: 1px 7px;\"><strong>AMAZFIT<\/strong><\/span><strong><span style=\"margin-left: 5px; color: #fff; background-color: red; padding: 1px 7px;\">1099.0 PLN<\/span><\/strong><\/p>\n<\/div>\n<h2>Smartwatch AMAZFIT<\/h2>\n<div style=\"font-weight: bold; font-size: 18px;\">\n<p>Model Smartwatch Amazfit Cheetah Round:<\/p>\n<p>&nbsp;<\/p>\n<\/div>\n<p style=\"text-align: center; padding-bottom: 15px;\"><a style=\"color: #fff; font-size: 22px; background-color: #e4144d; padding: 9px 17px; border-radius: 7px; text-decoration: underline;\" href=\"https:\/\/converti.se\/click\/34590059-c70e8160-5f3fd1b7\/?deep_link=https%3A%2F%2Fwww.decathlon.pl%2Fp%2Fsmartwatch-amazfit-cheetah-round%2F_%2FR-p-X8881053%3Fmc%3D8881053&#038;tag6=product&#038;tag8=e09ca0fc13cc79c08b6730c745d591f3&#038;tag9=Smartwatch+Amazfit+Cheetah+Round\" target=\"_blank\" rel=\"nofollow noopener\">Wi\u0119cej szczeg\u00f3\u0142\u00f3w<\/a> <span style=\"font-size: 22px; padding-left: 10px;\"><\/span><\/p>\n<p>&nbsp;<\/p>\n","protected":false},"excerpt":{"rendered":"<p><span style='background-color: #000000; color: #fff; padding: 2px 7px;'>Cechy i zalety: <\/span> <\/p>\n<ul style='padding-left: 10px; padding-bottom: 10px;'>\n<li style='padding-top: 10px;'>Cheetah Round dzia\u0142a do 14 dni standardowego u\u017cytkowania oraz przez 26 godzin w dok\u0142adnym trybie GPS\n<li style='padding-top: 10px;'>14 dni standardowe u\u017cycie 7 dni intensywne u\u017cycie Do 54h w trybie GPS 32g bez paska 5 ATM Bluetooth, GPS, GLONASS, Galileo, BDS, QZSS 1,39&#8243; AMOLED Akcelerometr, magnetometr, pulsoksymetr, pulsometr, wysoko\u015bciomierz barometryczn<\/ul>\n<h3>Smartwatch jest <span style='color: red;'>dost\u0119pny<\/span><\/h3>\n","protected":false},"featured_media":25403,"comment_status":"closed","ping_status":"open","template":"","meta":[],"product_cat":[61],"product_tag":[],"class_list":{"0":"post-25402","1":"product","2":"type-product","3":"status-publish","6":"product_cat-amazfit","7":"pa_producent-amazfit","8":"pa_sklep-decathlon-pl","9":"pa_typ-sporty-chodzenie-akcesoria-do-chodzenia-monitory-aktywnosci","11":"first","12":"instock","13":"product-type-external"},"_links":{"self":[{"href":"https:\/\/taniabonament.pl\/smartwatch\/wp-json\/wp\/v2\/product\/25402","targetHints":{"allow":["GET"]}}],"collection":[{"href":"https:\/\/taniabonament.pl\/smartwatch\/wp-json\/wp\/v2\/product"}],"about":[{"href":"https:\/\/taniabonament.pl\/smartwatch\/wp-json\/wp\/v2\/types\/product"}],"replies":[{"embeddable":true,"href":"https:\/\/taniabonament.pl\/smartwatch\/wp-json\/wp\/v2\/comments?post=25402"}],"wp:featuredmedia":[{"embeddable":true,"href":"https:\/\/taniabonament.pl\/smartwatch\/wp-json\/wp\/v2\/media\/25403"}],"wp:attachment":[{"href":"https:\/\/taniabonament.pl\/smartwatch\/wp-json\/wp\/v2\/media?parent=25402"}],"wp:term":[{"taxonomy":"product_cat","embeddable":true,"href":"https:\/\/taniabonament.pl\/smartwatch\/wp-json\/wp\/v2\/product_cat?post=25402"},{"taxonomy":"product_tag","embeddable":true,"href":"https:\/\/taniabonament.pl\/smartwatch\/wp-json\/wp\/v2\/product_tag?post=25402"}],"curies":[{"name":"wp","href":"https:\/\/api.w.org\/{rel}","templated":true}]}}