{"id":25106,"date":"2025-01-10T14:38:20","date_gmt":"2025-01-10T13:38:20","guid":{"rendered":"https:\/\/taniabonament.pl\/smartwatch\/zegarek-smartwatch-garmin-venu-sq-2-grey\/"},"modified":"2025-01-10T14:38:24","modified_gmt":"2025-01-10T13:38:24","slug":"zegarek-smartwatch-garmin-venu-sq-2-grey","status":"publish","type":"product","link":"https:\/\/taniabonament.pl\/smartwatch\/zegarek-smartwatch-garmin-venu-sq-2-grey\/","title":{"rendered":"Zegarek smartwatch Garmin Venu SQ 2 Grey"},"content":{"rendered":"<p>&nbsp;<\/p>\n<h2>Przedstawiamy wyj\u0105tkowy Smartwatch marki GARMIN<\/h2>\n<p>CENA BEZ PROMOCJI: 949.99 PLN<\/p>\n<p>najni\u017csza cena z ostatnich 30 dni: 949.99 PLN<\/p>\n<div style=\"font-weight: bold; font-size: 18px;\">\n<p>UWAGA <span style=\"color: red;\">MAMY RABATY, SPRAWD\u0179 PONI\u017bEJ!<\/span><\/p>\n<p>Gdzie kupisz ten model? Prezentowany <a style=\"color: red;\" href=\"https:\/\/taniabonament.pl\/smartwatch\/\">Smartwatch<\/a> dost\u0119pny jest w Decathlon.pl. Kliknij i przejd\u017a do sklepu gdzie ten zegarek jest dost\u0119pny online. Dzisiaj kupisz go w atrakcyjnej cenie. Dodatkowo w sklepie gdzie jest oferowany poznasz wszystkie funkcje tego zegarka oraz dost\u0119pne promocje na ten nowoczesny zegarek:<\/p>\n<p><span style=\"color: #fff; background-color: #000000; padding: 1px 7px;\"><strong>GARMIN<\/strong><\/span><strong><span style=\"margin-left: 5px; color: #fff; background-color: red; padding: 1px 7px;\">949.99 PLN<\/span><\/strong><\/p>\n<\/div>\n<h2>Smartwatch GARMIN<\/h2>\n<div style=\"font-weight: bold; font-size: 18px;\">\n<p>Model Zegarek smartwatch Garmin Venu SQ 2 Grey:<\/p>\n<p>&nbsp;<\/p>\n<\/div>\n<p style=\"text-align: center; padding-bottom: 15px;\"><a style=\"color: #fff; font-size: 22px; background-color: #e4144d; padding: 9px 17px; border-radius: 7px; text-decoration: underline;\" href=\"https:\/\/converti.se\/click\/34590059-c70e8160-5f3fd1b7\/?deep_link=https%3A%2F%2Fwww.decathlon.pl%2Fp%2Fzegarek-smartwatch-garmin-venu-sq-2-grey%2F_%2FR-p-359142%3Fmc%3D8916539&#038;tag6=product&#038;tag8=e5c747d4c6a671cf52e5154f09a66e76&#038;tag9=Zegarek+smartwatch+Garmin+Venu+SQ+2+Grey\" target=\"_blank\" rel=\"nofollow noopener\">Wi\u0119cej szczeg\u00f3\u0142\u00f3w<\/a> <span style=\"font-size: 22px; padding-left: 10px;\"><\/span><\/p>\n<p>&nbsp;<\/p>\n","protected":false},"excerpt":{"rendered":"<p><span style='background-color: #000000; color: #fff; padding: 2px 7px;'>Cechy i zalety: <\/span> <\/p>\n<ul style='padding-left: 10px; padding-bottom: 10px;'>\n<li style='padding-top: 10px;'>Ten zegarek GPS z ekranem AMOLED \u0142\u0105czy funkcje monitorowania zdrowia i funkcje sportowe ze stylem, kt\u00f3ry pomo\u017ce Ci wpisa\u0107 dba\u0142o\u015b\u0107 o cia\u0142o i umys\u0142 w codzienno\u015b\u0107\n<li style='padding-top: 10px;'>Monitorowanie poziomu stresu, body battery, analiza snu i wiele innych\n<li style='padding-top: 10px;'>Ponad 25 wgranych sport\u00f3w, Garmin Coach i spersonalizowane treningi\n<li style='padding-top: 10px;'>Do 11 dni w trybie zegarka i do 26 godzin godzin w trybie GPS\n<li style='padding-top: 10px;'>Powiadomienia z telefonu, muzyka, Garmin Pay, \u015bledzenie i bezpiecze\u0144stwo.<\/ul>\n<h3>Smartwatch jest <span style='color: red;'>dost\u0119pny<\/span><\/h3>\n","protected":false},"featured_media":25107,"comment_status":"closed","ping_status":"open","template":"","meta":[],"product_cat":[19],"product_tag":[],"class_list":{"0":"post-25106","1":"product","2":"type-product","3":"status-publish","6":"product_cat-garmin","7":"pa_producent-garmin","8":"pa_sklep-decathlon-pl","9":"pa_typ-sporty-chodzenie-akcesoria-do-chodzenia-monitory-aktywnosci","11":"first","12":"instock","13":"product-type-external"},"_links":{"self":[{"href":"https:\/\/taniabonament.pl\/smartwatch\/wp-json\/wp\/v2\/product\/25106","targetHints":{"allow":["GET"]}}],"collection":[{"href":"https:\/\/taniabonament.pl\/smartwatch\/wp-json\/wp\/v2\/product"}],"about":[{"href":"https:\/\/taniabonament.pl\/smartwatch\/wp-json\/wp\/v2\/types\/product"}],"replies":[{"embeddable":true,"href":"https:\/\/taniabonament.pl\/smartwatch\/wp-json\/wp\/v2\/comments?post=25106"}],"wp:featuredmedia":[{"embeddable":true,"href":"https:\/\/taniabonament.pl\/smartwatch\/wp-json\/wp\/v2\/media\/25107"}],"wp:attachment":[{"href":"https:\/\/taniabonament.pl\/smartwatch\/wp-json\/wp\/v2\/media?parent=25106"}],"wp:term":[{"taxonomy":"product_cat","embeddable":true,"href":"https:\/\/taniabonament.pl\/smartwatch\/wp-json\/wp\/v2\/product_cat?post=25106"},{"taxonomy":"product_tag","embeddable":true,"href":"https:\/\/taniabonament.pl\/smartwatch\/wp-json\/wp\/v2\/product_tag?post=25106"}],"curies":[{"name":"wp","href":"https:\/\/api.w.org\/{rel}","templated":true}]}}