{"id":25098,"date":"2025-01-10T14:38:18","date_gmt":"2025-01-10T13:38:18","guid":{"rendered":"https:\/\/taniabonament.pl\/smartwatch\/sweet-access-smartwatch-w-kolorze-jasnorozowym-rozmiar-onesize\/"},"modified":"2025-01-10T14:38:18","modified_gmt":"2025-01-10T13:38:18","slug":"sweet-access-smartwatch-w-kolorze-jasnorozowym-rozmiar-onesize","status":"publish","type":"product","link":"https:\/\/taniabonament.pl\/smartwatch\/sweet-access-smartwatch-w-kolorze-jasnorozowym-rozmiar-onesize\/","title":{"rendered":"SWEET ACCESS Smartwatch w kolorze jasnor\u00f3\u017cowym rozmiar: onesize"},"content":{"rendered":"<p>&nbsp;<\/p>\n<h2>Przedstawiamy wyj\u0105tkowy Smartwatch marki SWEET ACCESS<\/h2>\n<p>CENA BEZ PROMOCJI: 308.18 PLN<\/p>\n<p>najni\u017csza cena z ostatnich 30 dni: 308.18 PLN<\/p>\n<div style=\"font-weight: bold; font-size: 18px;\">\n<p>UWAGA <span style=\"color: red;\">MAMY RABATY, SPRAWD\u0179 PONI\u017bEJ!<\/span><\/p>\n<p>Gdzie kupisz ten model? Prezentowany <a style=\"color: red;\" href=\"https:\/\/taniabonament.pl\/smartwatch\/\">Smartwatch<\/a> dost\u0119pny jest w Limango.pl. Kliknij i przejd\u017a do sklepu gdzie ten zegarek jest dost\u0119pny online. Dzisiaj kupisz go w atrakcyjnej cenie. Dodatkowo w sklepie gdzie jest oferowany poznasz wszystkie funkcje tego zegarka oraz dost\u0119pne promocje na ten nowoczesny zegarek:<\/p>\n<p><span style=\"color: #fff; background-color: #000000; padding: 1px 7px;\"><strong>SWEET ACCESS<\/strong><\/span><strong><span style=\"margin-left: 5px; color: #fff; background-color: red; padding: 1px 7px;\">308.18 PLN<\/span><\/strong><\/p>\n<\/div>\n<h2>Smartwatch SWEET ACCESS<\/h2>\n<div style=\"font-weight: bold; font-size: 18px;\">\n<p>Model SWEET ACCESS Smartwatch w kolorze jasnor\u00f3\u017cowym rozmiar: onesize:<\/p>\n<p>&nbsp;<\/p>\n<\/div>\n<p style=\"text-align: center; padding-bottom: 15px;\"><a style=\"color: #fff; font-size: 22px; background-color: #e4144d; padding: 9px 17px; border-radius: 7px; text-decoration: underline;\" href=\"https:\/\/converti.se\/click\/34590059-c70e8160-5f3ed1b8\/?deep_link=https%3A%2F%2Fwww.limango.pl%2Fshop%2Fsweet-access%2Fsmartwatch-w-kolorze-jasnorozowym-2-13966468%3Fvariant%3D2_43174901%26utm_source%3Dconvertiser%26utm_medium%3Dcpc%26utm_campaign%3Dconvertiser%26w%3D1682701004%26utm_brand%3Dsweet-access&#038;tag6=product&#038;tag8=c481b74792a83d8ca171c5c93d170b74&#038;tag9=SWEET+ACCESS+Smartwatch+w+kolorze+jasnor%C3%B3%C5%BCowym+rozmiar%3A+onesize\" target=\"_blank\" rel=\"nofollow noopener\">Wi\u0119cej szczeg\u00f3\u0142\u00f3w<\/a> <span style=\"font-size: 22px; padding-left: 10px;\"><\/span><\/p>\n<p>&nbsp;<\/p>\n","protected":false},"excerpt":{"rendered":"<p><span style='background-color: #000000; color: #fff; padding: 2px 7px;'>Cechy i zalety: <\/span> <\/p>\n<ul style='padding-left: 10px; padding-bottom: 10px;'>\n<li style='padding-top: 10px;'>&#8211; materia\u0142 koperty: stop cynku, tworzywo sztuczne- bransoleta: \u017cel krzemionkowy- zapi\u0119cie: sprz\u0105czka- z technologi\u0105 Bluetooth- wy\u015bwietlacz: cyfrowy- d\u0142ugo\u015b\u0107 bransolety: indywidualnie regulowana- funkcje: pilot, timer odliczaj\u0105cy czas, fitness tracker, przypomnienie o po\u0142\u0105czeniu, odebranie po\u0142\u0105czenia, przypomnienie o wiadomo\u015bci, tarcza zegarka, \u015bledzenie t\u0119tna, interaktywna muzyka, 24-godzinny przewodnik, monitor t\u0119tna\/tlenu we krwi, monitor t\u0119tna\/ci\u015bnienia krwi\/monitor snu i inne- wielko\u015b\u0107 wy\u015bwietlacza: 1,32 cali- rozdzielczo\u015b\u0107 ekranu: 360 x 360- mo\u017cliwo\u015b\u0107 bezprzewodowego po\u0142\u0105czenia ze wszystkimi urz\u0105dzeniami obs\u0142uguj\u0105cymi funkcj\u0119 bluetooth- akumulator: 200mAh- pami\u0119\u0107: 256 KB + 192 KB (64 MB Flash)- system operacyjny: Android 5.0 i wy\u017csze, iOS 10.0 i wy\u017csze- bluetooth: 5.0- stopie\u0144 ochrony: IP68Stopnie ochrony IP informuj\u0105 o przydatno\u015bci sprz\u0119tu elektrycznego w r\u00f3\u017cnych warunkach \u015brodowiskowych\n<li style='padding-top: 10px;'>Stopie\u0144 ochrony IP68 zapewnia ca\u0142kowit\u0105 ochron\u0119 przed wnikaniem py\u0142u oraz przed zalaniem przy ci\u0105g\u0142ym zanurzeniu.<\/ul>\n<h3>Smartwatch jest <span style='color: red;'>dost\u0119pny<\/span><\/h3>\n","protected":false},"featured_media":25099,"comment_status":"closed","ping_status":"open","template":"","meta":[],"product_cat":[495],"product_tag":[],"class_list":{"0":"post-25098","1":"product","2":"type-product","3":"status-publish","6":"product_cat-sweet-access","7":"pa_producent-sweet-access","8":"pa_sklep-limango-pl","9":"pa_typ-kobieta-damskie-akcesoria-damskie-zegarki","11":"first","12":"instock","13":"product-type-external"},"_links":{"self":[{"href":"https:\/\/taniabonament.pl\/smartwatch\/wp-json\/wp\/v2\/product\/25098","targetHints":{"allow":["GET"]}}],"collection":[{"href":"https:\/\/taniabonament.pl\/smartwatch\/wp-json\/wp\/v2\/product"}],"about":[{"href":"https:\/\/taniabonament.pl\/smartwatch\/wp-json\/wp\/v2\/types\/product"}],"replies":[{"embeddable":true,"href":"https:\/\/taniabonament.pl\/smartwatch\/wp-json\/wp\/v2\/comments?post=25098"}],"wp:featuredmedia":[{"embeddable":true,"href":"https:\/\/taniabonament.pl\/smartwatch\/wp-json\/wp\/v2\/media\/25099"}],"wp:attachment":[{"href":"https:\/\/taniabonament.pl\/smartwatch\/wp-json\/wp\/v2\/media?parent=25098"}],"wp:term":[{"taxonomy":"product_cat","embeddable":true,"href":"https:\/\/taniabonament.pl\/smartwatch\/wp-json\/wp\/v2\/product_cat?post=25098"},{"taxonomy":"product_tag","embeddable":true,"href":"https:\/\/taniabonament.pl\/smartwatch\/wp-json\/wp\/v2\/product_tag?post=25098"}],"curies":[{"name":"wp","href":"https:\/\/api.w.org\/{rel}","templated":true}]}}