{"id":15215,"date":"2025-01-10T14:42:22","date_gmt":"2025-01-10T13:42:22","guid":{"rendered":"https:\/\/taniabonament.pl\/smartwatch\/smartwatch-huawei-watch-gt-runner\/"},"modified":"2025-01-10T14:42:22","modified_gmt":"2025-01-10T13:42:22","slug":"smartwatch-huawei-watch-gt-runner","status":"publish","type":"product","link":"https:\/\/taniabonament.pl\/smartwatch\/smartwatch-huawei-watch-gt-runner\/","title":{"rendered":"Smartwatch Huawei Watch GT Runner"},"content":{"rendered":"<p>&nbsp;<\/p>\n<h2>Przedstawiamy wyj\u0105tkowy Smartwatch marki HUAWEI<\/h2>\n<p>CENA BEZ PROMOCJI: 1299.0 PLN<\/p>\n<p>najni\u017csza cena z ostatnich 30 dni: 1299.0 PLN<\/p>\n<div style=\"font-weight: bold; font-size: 18px;\">\n<p>UWAGA <span style=\"color: red;\">MAMY RABATY, SPRAWD\u0179 PONI\u017bEJ!<\/span><\/p>\n<p>Gdzie kupisz ten model? Prezentowany <a style=\"color: red;\" href=\"https:\/\/taniabonament.pl\/smartwatch\/\">Smartwatch<\/a> dost\u0119pny jest w Decathlon.pl. Kliknij i przejd\u017a do sklepu gdzie ten zegarek jest dost\u0119pny online. Dzisiaj kupisz go w atrakcyjnej cenie. Dodatkowo w sklepie gdzie jest oferowany poznasz wszystkie funkcje tego zegarka oraz dost\u0119pne promocje na ten nowoczesny zegarek:<\/p>\n<p><span style=\"color: #fff; background-color: #000000; padding: 1px 7px;\"><strong>HUAWEI<\/strong><\/span><strong><span style=\"margin-left: 5px; color: #fff; background-color: red; padding: 1px 7px;\">1299.0 PLN<\/span><\/strong><\/p>\n<\/div>\n<h2>Smartwatch HUAWEI<\/h2>\n<div style=\"font-weight: bold; font-size: 18px;\">\n<p>Model Smartwatch Huawei Watch GT Runner:<\/p>\n<p>&nbsp;<\/p>\n<\/div>\n<p style=\"text-align: center; padding-bottom: 15px;\"><a style=\"color: #fff; font-size: 22px; background-color: #e4144d; padding: 9px 17px; border-radius: 7px; text-decoration: underline;\" href=\"https:\/\/converti.se\/click\/34590059-c70e8160-5f3fd1b7\/?deep_link=https%3A%2F%2Fwww.decathlon.pl%2Fp%2Fsmartwatch-huawei-watch-gt-runner%2F_%2FR-p-X8782567%3Fmc%3D8782567&#038;tag6=product&#038;tag8=52e42446d9617152bfa8937b48c47b17&#038;tag9=Smartwatch+Huawei+Watch+GT+Runner\" target=\"_blank\" rel=\"nofollow noopener\">Wi\u0119cej szczeg\u00f3\u0142\u00f3w<\/a> <span style=\"font-size: 22px; padding-left: 10px;\">1149.0 PLN<\/span><\/p>\n<p>&nbsp;<\/p>\n","protected":false},"excerpt":{"rendered":"<p><span style='background-color: #000000; color: #fff; padding: 2px 7px;'>Cechy i zalety: <\/span> <\/p>\n<ul style='padding-left: 10px; padding-bottom: 10px;'>\n<li style='padding-top: 10px;'>Huawei Watch GT Runner zapewnia do 2 tygodni ci\u0105g\u0142ej pracy i pe\u0142ni funkcj\u0119 profesjonalnego asystenta Twojego treningu biegowego, ale tak\u017ce zdrowia i og\u00f3lnej kondycji\n<li style='padding-top: 10px;'>Do 14 dni Do 7 dni intensywne u\u017cytkowanie 38,5 g 5ATM GNSS, NFC, Bluetooth G\u0142o\u015bnik i mikrofon do rozm\u00f3w przez Bluteooth Kolorowy wy\u015bwietlacz AMOLED 16M kolor\u00f3w &#8211; 466 x 466 px (1.43&#8243;) 461 ppi Modu\u0142 GPS oraz czujniki &#8211; akcelerometr, magnetometr, \u017cyroskop, barometr, t\u0119tna<\/ul>\n<h3>Smartwatch jest <span style='color: red;'>dost\u0119pny<\/span><\/h3>\n","protected":false},"featured_media":25473,"comment_status":"closed","ping_status":"open","template":"","meta":[],"product_cat":[48],"product_tag":[],"class_list":{"0":"post-15215","1":"product","2":"type-product","3":"status-publish","6":"product_cat-huawei","7":"pa_producent-huawei","8":"pa_sklep-decathlon-pl","9":"pa_typ-sporty-bieganie-biegowe-okazje","11":"first","12":"instock","13":"sale","14":"product-type-external"},"_links":{"self":[{"href":"https:\/\/taniabonament.pl\/smartwatch\/wp-json\/wp\/v2\/product\/15215","targetHints":{"allow":["GET"]}}],"collection":[{"href":"https:\/\/taniabonament.pl\/smartwatch\/wp-json\/wp\/v2\/product"}],"about":[{"href":"https:\/\/taniabonament.pl\/smartwatch\/wp-json\/wp\/v2\/types\/product"}],"replies":[{"embeddable":true,"href":"https:\/\/taniabonament.pl\/smartwatch\/wp-json\/wp\/v2\/comments?post=15215"}],"wp:featuredmedia":[{"embeddable":true,"href":"https:\/\/taniabonament.pl\/smartwatch\/wp-json\/wp\/v2\/media\/25473"}],"wp:attachment":[{"href":"https:\/\/taniabonament.pl\/smartwatch\/wp-json\/wp\/v2\/media?parent=15215"}],"wp:term":[{"taxonomy":"product_cat","embeddable":true,"href":"https:\/\/taniabonament.pl\/smartwatch\/wp-json\/wp\/v2\/product_cat?post=15215"},{"taxonomy":"product_tag","embeddable":true,"href":"https:\/\/taniabonament.pl\/smartwatch\/wp-json\/wp\/v2\/product_tag?post=15215"}],"curies":[{"name":"wp","href":"https:\/\/api.w.org\/{rel}","templated":true}]}}