{"id":9968,"date":"2022-02-14T20:31:16","date_gmt":"2022-02-14T20:31:16","guid":{"rendered":"https:\/\/taniabonament.pl\/sluchawki\/model\/asus-sluchawki-tuf-gaming-h1-90yh03a1-b1ua00-w-cenie-229-0-pln\/"},"modified":"2022-02-14T20:31:27","modified_gmt":"2022-02-14T20:31:27","slug":"asus-sluchawki-tuf-gaming-h1-90yh03a1-b1ua00-w-cenie-226-0-pln","status":"publish","type":"product","link":"https:\/\/taniabonament.pl\/sluchawki\/model\/asus-sluchawki-tuf-gaming-h1-90yh03a1-b1ua00-w-cenie-226-0-pln\/","title":{"rendered":"Asus S\u0142uchawki TUF GAMING H1 (90YH03A1-B1UA00) &#8211; w cenie 226.0 PLN"},"content":{"rendered":"<p><img decoding=\"async\" style=\"margin-right: 25px; margin-bottom: 10px; width: 220px;\" src=\"https:\/\/static.convertiser.com\/media\/product_images\/49\/82e01c5a021dca0ba6255bf8381c5cdd\/ba7f8b53a30e40df759e8ded70a761174efdb60c.jpg\" alt=\"s\u0142uchawki z mikrofonem Asus\" align=\"left\" \/><\/p>\n<h2>S\u0142uchawki marki Asus<\/h2>\n<p>CENA ORYGINALNA: 229.0 PLN<\/p>\n<div style=\"font-weight: bold; font-size: 18px;\">\n<p>UWAGA <span style=\"color: red;\">MAMY RABATY!<\/span><\/p>\n<p>Szczeg\u00f3\u0142owe parametry takie jak dane techniczne, promocje sprawdzisz poni\u017cej w Mall.pl. Rozmawiaj wygodnie przez mikrofon podczas pracy zdalnej. Odizoluj si\u0119 od niepo\u017c\u0105danych d\u017awi\u0119k\u00f3w zewn\u0119trznych. Ciesz si\u0119 czystym brzmieniem w s\u0142uchawkach. Przejd\u017a teraz bezpo\u015brednio do z sklepu gdzie szybko zakupisz te s\u0142uchawki w korzystnej cenie.<\/p>\n<p><span style=\"color: #fff; background-color: #000000; padding: 1px 7px;\"><strong>Asus<\/strong><\/span><strong><span style=\"margin-left: 5px; color: #fff; background-color: red; padding: 1px 7px;\">229.0 PLN<\/span><\/strong><\/p>\n<p>&nbsp;<\/p>\n<p>&nbsp;<\/p>\n<\/div>\n<p style=\"text-align: center; padding-bottom: 15px;\"><a style=\"color: #fff; font-size: 22px; background-color: #e4144d; padding: 9px 14px; border-radius: 7px; text-decoration: underline;\" href=\"https:\/\/converti.se\/click\/34590059-c70e8160-5f3fd1b8\/?deep_link=https%3A%2F%2Fwww.mall.pl%2Fsluchawki-gamingowe%2Fasus-sluchawki-tuf-gaming-h1-90yh03a1-b1ua00-&#038;sid=sluchawki-z-mikrofonem&#038;tag6=product&#038;tag8=82e01c5a021dca0ba6255bf8381c5cdd&#038;tag9=Asus+S%C5%82uchawki+TUF+GAMING+H1+%2890YH03A1-B1UA00%29\" target=\"_blank\" rel=\"nofollow noopener\">Kup teraz<\/a> <span style=\"font-size: 22px; padding-left: 10px;\">226.0 PLN<\/span><\/p>\n","protected":false},"excerpt":{"rendered":"<h3>Odpowiednie <span style='color: red;'>s\u0142uchawki<\/span> z mikrofonem? <\/h3>\n<p> Cechy i zalety: <\/p>\n<ul style='padding-left: 10px; padding-bottom: 10px;'>\n<li style='padding-top: 10px;'>Stylowe przewodowe s\u0142uchawki gamingowe Asus TUF GAMING H1 wyr\u00f3\u017cniaj\u0105 si\u0119 krystalicznie czystym i idealnie wiernym wirtualnym d\u017awi\u0119kiem przestrzennym 7.1, kt\u00f3ry otacza Ci\u0119 bezpo\u015brednio\n<li style='padding-top: 10px;'>Posiadaj\u0105 wysoce oddychaj\u0105ce nauszniki z pianki memory, kt\u00f3re gwarantuj\u0105 prawdziwy komfort u\u017cytkowania\n<li style='padding-top: 10px;'>Wyposa\u017cone w mikrofon o impedancji 60 Ohm i wysokiej cz\u0119stotliwo\u015bci odpowiedzi gwarantuj\u0105cy doskona\u0142\u0105 komunikacj\u0119\n<li style='padding-top: 10px;'>S\u0142uchawki mo\u017cna pod\u0142\u0105czy\u0107 do urz\u0105dzenia za pomoc\u0105 z\u0142\u0105cza audio jack 3,5 mm.<\/ul>\n","protected":false},"featured_media":10768,"comment_status":"closed","ping_status":"open","template":"","meta":[],"product_cat":[382,601],"product_tag":[],"class_list":{"0":"post-9968","1":"product","2":"type-product","3":"status-publish","5":"hentry","6":"product_cat-asus","7":"product_cat-sluchawki-z-mikrofonem","8":"pa_producent-asus","9":"pa_sklep-mall-pl"},"yoast_head":"<!-- This site is optimized with the Yoast SEO plugin v20.9 - https:\/\/yoast.com\/wordpress\/plugins\/seo\/ -->\n<title>s\u0142uchawki z mikrofonem Asus<\/title>\n<meta name=\"description\" content=\"S\u0142uchawki z mikrofonem. Model Asus w atrakcyjnej cenie 229.0 PLN. Przedstawiamy s\u0142uchawki do pracy zdalnej i s\u0142uchania muzyki.\" \/>\n<meta name=\"robots\" content=\"index, follow, max-snippet:-1, max-image-preview:large, max-video-preview:-1\" \/>\n<link rel=\"canonical\" href=\"https:\/\/taniabonament.pl\/sluchawki\/model\/asus-sluchawki-tuf-gaming-h1-90yh03a1-b1ua00-w-cenie-226-0-pln\/\" \/>\n<meta property=\"og:locale\" content=\"pl_PL\" \/>\n<meta property=\"og:type\" content=\"article\" \/>\n<meta property=\"og:title\" content=\"s\u0142uchawki z mikrofonem Asus\" \/>\n<meta property=\"og:description\" content=\"S\u0142uchawki z mikrofonem. Model Asus w atrakcyjnej cenie 229.0 PLN. Przedstawiamy s\u0142uchawki do pracy zdalnej i s\u0142uchania muzyki.\" \/>\n<meta property=\"og:url\" content=\"https:\/\/taniabonament.pl\/sluchawki\/model\/asus-sluchawki-tuf-gaming-h1-90yh03a1-b1ua00-w-cenie-226-0-pln\/\" \/>\n<meta property=\"og:site_name\" content=\"TaniAbonament.pl S\u0142uchawki\" \/>\n<meta property=\"article:modified_time\" content=\"2022-02-14T20:31:27+00:00\" \/>\n<meta property=\"og:image\" content=\"https:\/\/taniabonament.pl\/sluchawki\/wp-content\/uploads\/2022\/02\/ba7f8b53a30e40df759e8ded70a761174efdb60c.jpg\" \/>\n\t<meta property=\"og:image:width\" content=\"933\" \/>\n\t<meta property=\"og:image:height\" content=\"1000\" \/>\n\t<meta property=\"og:image:type\" content=\"image\/jpeg\" \/>\n<meta name=\"twitter:card\" content=\"summary_large_image\" \/>\n<script type=\"application\/ld+json\" class=\"yoast-schema-graph\">{\"@context\":\"https:\/\/schema.org\",\"@graph\":[{\"@type\":\"WebPage\",\"@id\":\"https:\/\/taniabonament.pl\/sluchawki\/model\/asus-sluchawki-tuf-gaming-h1-90yh03a1-b1ua00-w-cenie-226-0-pln\/\",\"url\":\"https:\/\/taniabonament.pl\/sluchawki\/model\/asus-sluchawki-tuf-gaming-h1-90yh03a1-b1ua00-w-cenie-226-0-pln\/\",\"name\":\"s\u0142uchawki z mikrofonem Asus\",\"isPartOf\":{\"@id\":\"https:\/\/taniabonament.pl\/sluchawki\/#website\"},\"datePublished\":\"2022-02-14T20:31:16+00:00\",\"dateModified\":\"2022-02-14T20:31:27+00:00\",\"description\":\"S\u0142uchawki z mikrofonem. Model Asus w atrakcyjnej cenie 229.0 PLN. Przedstawiamy s\u0142uchawki do pracy zdalnej i s\u0142uchania muzyki.\",\"breadcrumb\":{\"@id\":\"https:\/\/taniabonament.pl\/sluchawki\/model\/asus-sluchawki-tuf-gaming-h1-90yh03a1-b1ua00-w-cenie-226-0-pln\/#breadcrumb\"},\"inLanguage\":\"pl-PL\",\"potentialAction\":[{\"@type\":\"ReadAction\",\"target\":[\"https:\/\/taniabonament.pl\/sluchawki\/model\/asus-sluchawki-tuf-gaming-h1-90yh03a1-b1ua00-w-cenie-226-0-pln\/\"]}]},{\"@type\":\"BreadcrumbList\",\"@id\":\"https:\/\/taniabonament.pl\/sluchawki\/model\/asus-sluchawki-tuf-gaming-h1-90yh03a1-b1ua00-w-cenie-226-0-pln\/#breadcrumb\",\"itemListElement\":[{\"@type\":\"ListItem\",\"position\":1,\"name\":\"Strona g\u0142\u00f3wna\",\"item\":\"https:\/\/taniabonament.pl\/sluchawki\/\"},{\"@type\":\"ListItem\",\"position\":2,\"name\":\"Sklep\",\"item\":\"https:\/\/taniabonament.pl\/sluchawki\/\"},{\"@type\":\"ListItem\",\"position\":3,\"name\":\"Asus S\u0142uchawki TUF GAMING H1 (90YH03A1-B1UA00) &#8211; w cenie 226.0 PLN\"}]},{\"@type\":\"WebSite\",\"@id\":\"https:\/\/taniabonament.pl\/sluchawki\/#website\",\"url\":\"https:\/\/taniabonament.pl\/sluchawki\/\",\"name\":\"TaniAbonament.pl S\u0142uchawki\",\"description\":\"\u015bwiat s\u0142uchawek idealnych do pracy zdalnej\",\"potentialAction\":[{\"@type\":\"SearchAction\",\"target\":{\"@type\":\"EntryPoint\",\"urlTemplate\":\"https:\/\/taniabonament.pl\/sluchawki\/?s={search_term_string}\"},\"query-input\":\"required name=search_term_string\"}],\"inLanguage\":\"pl-PL\"}]}<\/script>\n<!-- \/ Yoast SEO plugin. -->","yoast_head_json":{"title":"s\u0142uchawki z mikrofonem Asus","description":"S\u0142uchawki z mikrofonem. Model Asus w atrakcyjnej cenie 229.0 PLN. Przedstawiamy s\u0142uchawki do pracy zdalnej i s\u0142uchania muzyki.","robots":{"index":"index","follow":"follow","max-snippet":"max-snippet:-1","max-image-preview":"max-image-preview:large","max-video-preview":"max-video-preview:-1"},"canonical":"https:\/\/taniabonament.pl\/sluchawki\/model\/asus-sluchawki-tuf-gaming-h1-90yh03a1-b1ua00-w-cenie-226-0-pln\/","og_locale":"pl_PL","og_type":"article","og_title":"s\u0142uchawki z mikrofonem Asus","og_description":"S\u0142uchawki z mikrofonem. Model Asus w atrakcyjnej cenie 229.0 PLN. Przedstawiamy s\u0142uchawki do pracy zdalnej i s\u0142uchania muzyki.","og_url":"https:\/\/taniabonament.pl\/sluchawki\/model\/asus-sluchawki-tuf-gaming-h1-90yh03a1-b1ua00-w-cenie-226-0-pln\/","og_site_name":"TaniAbonament.pl S\u0142uchawki","article_modified_time":"2022-02-14T20:31:27+00:00","og_image":[{"width":933,"height":1000,"url":"https:\/\/taniabonament.pl\/sluchawki\/wp-content\/uploads\/2022\/02\/ba7f8b53a30e40df759e8ded70a761174efdb60c.jpg","type":"image\/jpeg"}],"twitter_card":"summary_large_image","schema":{"@context":"https:\/\/schema.org","@graph":[{"@type":"WebPage","@id":"https:\/\/taniabonament.pl\/sluchawki\/model\/asus-sluchawki-tuf-gaming-h1-90yh03a1-b1ua00-w-cenie-226-0-pln\/","url":"https:\/\/taniabonament.pl\/sluchawki\/model\/asus-sluchawki-tuf-gaming-h1-90yh03a1-b1ua00-w-cenie-226-0-pln\/","name":"s\u0142uchawki z mikrofonem Asus","isPartOf":{"@id":"https:\/\/taniabonament.pl\/sluchawki\/#website"},"datePublished":"2022-02-14T20:31:16+00:00","dateModified":"2022-02-14T20:31:27+00:00","description":"S\u0142uchawki z mikrofonem. Model Asus w atrakcyjnej cenie 229.0 PLN. Przedstawiamy s\u0142uchawki do pracy zdalnej i s\u0142uchania muzyki.","breadcrumb":{"@id":"https:\/\/taniabonament.pl\/sluchawki\/model\/asus-sluchawki-tuf-gaming-h1-90yh03a1-b1ua00-w-cenie-226-0-pln\/#breadcrumb"},"inLanguage":"pl-PL","potentialAction":[{"@type":"ReadAction","target":["https:\/\/taniabonament.pl\/sluchawki\/model\/asus-sluchawki-tuf-gaming-h1-90yh03a1-b1ua00-w-cenie-226-0-pln\/"]}]},{"@type":"BreadcrumbList","@id":"https:\/\/taniabonament.pl\/sluchawki\/model\/asus-sluchawki-tuf-gaming-h1-90yh03a1-b1ua00-w-cenie-226-0-pln\/#breadcrumb","itemListElement":[{"@type":"ListItem","position":1,"name":"Strona g\u0142\u00f3wna","item":"https:\/\/taniabonament.pl\/sluchawki\/"},{"@type":"ListItem","position":2,"name":"Sklep","item":"https:\/\/taniabonament.pl\/sluchawki\/"},{"@type":"ListItem","position":3,"name":"Asus S\u0142uchawki TUF GAMING H1 (90YH03A1-B1UA00) &#8211; w cenie 226.0 PLN"}]},{"@type":"WebSite","@id":"https:\/\/taniabonament.pl\/sluchawki\/#website","url":"https:\/\/taniabonament.pl\/sluchawki\/","name":"TaniAbonament.pl S\u0142uchawki","description":"\u015bwiat s\u0142uchawek idealnych do pracy zdalnej","potentialAction":[{"@type":"SearchAction","target":{"@type":"EntryPoint","urlTemplate":"https:\/\/taniabonament.pl\/sluchawki\/?s={search_term_string}"},"query-input":"required name=search_term_string"}],"inLanguage":"pl-PL"}]}},"_links":{"self":[{"href":"https:\/\/taniabonament.pl\/sluchawki\/wp-json\/wp\/v2\/product\/9968","targetHints":{"allow":["GET"]}}],"collection":[{"href":"https:\/\/taniabonament.pl\/sluchawki\/wp-json\/wp\/v2\/product"}],"about":[{"href":"https:\/\/taniabonament.pl\/sluchawki\/wp-json\/wp\/v2\/types\/product"}],"replies":[{"embeddable":true,"href":"https:\/\/taniabonament.pl\/sluchawki\/wp-json\/wp\/v2\/comments?post=9968"}],"wp:featuredmedia":[{"embeddable":true,"href":"https:\/\/taniabonament.pl\/sluchawki\/wp-json\/wp\/v2\/media\/10768"}],"wp:attachment":[{"href":"https:\/\/taniabonament.pl\/sluchawki\/wp-json\/wp\/v2\/media?parent=9968"}],"wp:term":[{"taxonomy":"product_cat","embeddable":true,"href":"https:\/\/taniabonament.pl\/sluchawki\/wp-json\/wp\/v2\/product_cat?post=9968"},{"taxonomy":"product_tag","embeddable":true,"href":"https:\/\/taniabonament.pl\/sluchawki\/wp-json\/wp\/v2\/product_tag?post=9968"}],"curies":[{"name":"wp","href":"https:\/\/api.w.org\/{rel}","templated":true}]}}