{"id":9911,"date":"2022-02-14T20:27:46","date_gmt":"2022-02-14T20:27:46","guid":{"rendered":"https:\/\/taniabonament.pl\/sluchawki\/model\/sluchawki-bezprzewodowe-z-technologia-przewodnictwa-kostnego-aeropex-w-cenie\/"},"modified":"2022-02-14T20:27:49","modified_gmt":"2022-02-14T20:27:49","slug":"sluchawki-bezprzewodowe-z-technologia-przewodnictwa-kostnego-aeropex-w-cenie","status":"publish","type":"product","link":"https:\/\/taniabonament.pl\/sluchawki\/model\/sluchawki-bezprzewodowe-z-technologia-przewodnictwa-kostnego-aeropex-w-cenie\/","title":{"rendered":"S\u0142uchawki bezprzewodowe z technologi\u0105 przewodnictwa kostnego AEROPEX &#8211; w cenie"},"content":{"rendered":"<p><img decoding=\"async\" style=\"margin-right: 25px; margin-bottom: 10px; width: 220px;\" src=\"https:\/\/static.convertiser.com\/media\/product_images\/180\/063dd6e91bb0eea8b2db39953f743135\/289503d723de7f74fed47ec23b7bfce130a8b509.jpg\" alt=\"s\u0142uchawki z mikrofonem AFTERSHOKZ\" align=\"left\" \/><\/p>\n<h2>S\u0142uchawki marki AFTERSHOKZ<\/h2>\n<p>CENA ORYGINALNA: 759.99 PLN<\/p>\n<div style=\"font-weight: bold; font-size: 18px;\">\n<p>UWAGA <span style=\"color: red;\">MAMY RABATY!<\/span><\/p>\n<p>Szczeg\u00f3\u0142owe parametry takie jak dane techniczne, promocje sprawdzisz poni\u017cej w Decathlon.pl. Rozmawiaj wygodnie przez mikrofon podczas pracy zdalnej. Odizoluj si\u0119 od niepo\u017c\u0105danych d\u017awi\u0119k\u00f3w zewn\u0119trznych. Ciesz si\u0119 czystym brzmieniem w s\u0142uchawkach. Przejd\u017a teraz bezpo\u015brednio do z sklepu gdzie szybko zakupisz te s\u0142uchawki w korzystnej cenie.<\/p>\n<p><span style=\"color: #fff; background-color: #000000; padding: 1px 7px;\"><strong>AFTERSHOKZ<\/strong><\/span><strong><span style=\"margin-left: 5px; color: #fff; background-color: red; padding: 1px 7px;\">759.99 PLN<\/span><\/strong><\/p>\n<p>&nbsp;<\/p>\n<p>&nbsp;<\/p>\n<\/div>\n<p style=\"text-align: center; padding-bottom: 15px;\"><a style=\"color: #fff; font-size: 22px; background-color: #e4144d; padding: 9px 14px; border-radius: 7px; text-decoration: underline;\" href=\"https:\/\/converti.se\/click\/34590059-c70e8160-5f3fd1b7\/?deep_link=https%3A%2F%2Fwww.decathlon.pl%2Fp%2Fs-uchawki-bezprzewodowe-z-technologia-przewodnictwa-kostnego-aeropex%2F_%2FR-p-X8597179%3Fmc%3D8597179&#038;sid=sluchawki-z-mikrofonem&#038;tag6=product&#038;tag8=063dd6e91bb0eea8b2db39953f743135&#038;tag9=S%C5%82uchawki+bezprzewodowe+z+technologi%C4%85+przewodnictwa+kostnego+AEROPEX\" target=\"_blank\" rel=\"nofollow noopener\">Kup teraz<\/a> <span style=\"font-size: 22px; padding-left: 10px;\"><\/span><\/p>\n","protected":false},"excerpt":{"rendered":"<h3>Odpowiednie <span style='color: red;'>s\u0142uchawki<\/span> z mikrofonem? <\/h3>\n<p> Cechy i zalety: <\/p>\n<ul style='padding-left: 10px; padding-bottom: 10px;'>\n<li style='padding-top: 10px;'>Nowe s\u0142uchawki Bluetooth z technologi\u0105 przewodnictwa kostnego Aftershokz AEROPEX posiadaj\u0105 solidn\u0105, tytanow\u0105 konstrukcj\u0119, kt\u00f3ra przyczyni\u0142a si\u0119 do sukcesu modelu Trekz AIR, ale maj\u0105 te\u017c inne zalety\n<li style='padding-top: 10px;'>Wodoszczelne do 1 metra przez 1\/2 godziny\n<li style='padding-top: 10px;'>8 godzin muzyki i rozm\u00f3w W trybie czuwania: 10 dni Czas \u0142adowania: 2 h PremiumPitch2+: dynamiczny d\u017awi\u0119k stereo Tytanowy pa\u0142\u0105k; gwarancja d\u0142ugowieczno\u015bci i gi\u0119tko\u015bci Podw\u00f3jny mikrofon z redukcj\u0105 szum\u00f3w otoczenia: wysoka jako\u015b\u0107 po\u0142\u0105cze\u0144 g\u0142osowych 26 gram\u00f3w 10 metr\u00f3w<\/ul>\n","protected":false},"featured_media":10266,"comment_status":"closed","ping_status":"open","template":"","meta":[],"product_cat":[357,601],"product_tag":[],"class_list":{"0":"post-9911","1":"product","2":"type-product","3":"status-publish","5":"hentry","6":"product_cat-aftershokz","7":"product_cat-sluchawki-z-mikrofonem","8":"pa_producent-aftershokz","9":"pa_sklep-decathlon-pl"},"yoast_head":"<!-- This site is optimized with the Yoast SEO plugin v20.9 - https:\/\/yoast.com\/wordpress\/plugins\/seo\/ -->\n<title>s\u0142uchawki z mikrofonem AFTERSHOKZ<\/title>\n<meta name=\"description\" content=\"S\u0142uchawki z mikrofonem. Model AFTERSHOKZ w atrakcyjnej cenie 759.99 PLN. Przedstawiamy s\u0142uchawki do pracy zdalnej i s\u0142uchania muzyki.\" \/>\n<meta name=\"robots\" content=\"index, follow, max-snippet:-1, max-image-preview:large, max-video-preview:-1\" \/>\n<link rel=\"canonical\" href=\"https:\/\/taniabonament.pl\/sluchawki\/model\/sluchawki-bezprzewodowe-z-technologia-przewodnictwa-kostnego-aeropex-w-cenie\/\" \/>\n<meta property=\"og:locale\" content=\"pl_PL\" \/>\n<meta property=\"og:type\" content=\"article\" \/>\n<meta property=\"og:title\" content=\"s\u0142uchawki z mikrofonem AFTERSHOKZ\" \/>\n<meta property=\"og:description\" content=\"S\u0142uchawki z mikrofonem. Model AFTERSHOKZ w atrakcyjnej cenie 759.99 PLN. Przedstawiamy s\u0142uchawki do pracy zdalnej i s\u0142uchania muzyki.\" \/>\n<meta property=\"og:url\" content=\"https:\/\/taniabonament.pl\/sluchawki\/model\/sluchawki-bezprzewodowe-z-technologia-przewodnictwa-kostnego-aeropex-w-cenie\/\" \/>\n<meta property=\"og:site_name\" content=\"TaniAbonament.pl S\u0142uchawki\" \/>\n<meta property=\"article:modified_time\" content=\"2022-02-14T20:27:49+00:00\" \/>\n<meta property=\"og:image\" content=\"https:\/\/taniabonament.pl\/sluchawki\/wp-content\/uploads\/2022\/02\/289503d723de7f74fed47ec23b7bfce130a8b509.jpg\" \/>\n\t<meta property=\"og:image:width\" content=\"2000\" \/>\n\t<meta property=\"og:image:height\" content=\"2000\" \/>\n\t<meta property=\"og:image:type\" content=\"image\/jpeg\" \/>\n<meta name=\"twitter:card\" content=\"summary_large_image\" \/>\n<script type=\"application\/ld+json\" class=\"yoast-schema-graph\">{\"@context\":\"https:\/\/schema.org\",\"@graph\":[{\"@type\":\"WebPage\",\"@id\":\"https:\/\/taniabonament.pl\/sluchawki\/model\/sluchawki-bezprzewodowe-z-technologia-przewodnictwa-kostnego-aeropex-w-cenie\/\",\"url\":\"https:\/\/taniabonament.pl\/sluchawki\/model\/sluchawki-bezprzewodowe-z-technologia-przewodnictwa-kostnego-aeropex-w-cenie\/\",\"name\":\"s\u0142uchawki z mikrofonem AFTERSHOKZ\",\"isPartOf\":{\"@id\":\"https:\/\/taniabonament.pl\/sluchawki\/#website\"},\"datePublished\":\"2022-02-14T20:27:46+00:00\",\"dateModified\":\"2022-02-14T20:27:49+00:00\",\"description\":\"S\u0142uchawki z mikrofonem. Model AFTERSHOKZ w atrakcyjnej cenie 759.99 PLN. Przedstawiamy s\u0142uchawki do pracy zdalnej i s\u0142uchania muzyki.\",\"breadcrumb\":{\"@id\":\"https:\/\/taniabonament.pl\/sluchawki\/model\/sluchawki-bezprzewodowe-z-technologia-przewodnictwa-kostnego-aeropex-w-cenie\/#breadcrumb\"},\"inLanguage\":\"pl-PL\",\"potentialAction\":[{\"@type\":\"ReadAction\",\"target\":[\"https:\/\/taniabonament.pl\/sluchawki\/model\/sluchawki-bezprzewodowe-z-technologia-przewodnictwa-kostnego-aeropex-w-cenie\/\"]}]},{\"@type\":\"BreadcrumbList\",\"@id\":\"https:\/\/taniabonament.pl\/sluchawki\/model\/sluchawki-bezprzewodowe-z-technologia-przewodnictwa-kostnego-aeropex-w-cenie\/#breadcrumb\",\"itemListElement\":[{\"@type\":\"ListItem\",\"position\":1,\"name\":\"Strona g\u0142\u00f3wna\",\"item\":\"https:\/\/taniabonament.pl\/sluchawki\/\"},{\"@type\":\"ListItem\",\"position\":2,\"name\":\"Sklep\",\"item\":\"https:\/\/taniabonament.pl\/sluchawki\/\"},{\"@type\":\"ListItem\",\"position\":3,\"name\":\"S\u0142uchawki bezprzewodowe z technologi\u0105 przewodnictwa kostnego AEROPEX &#8211; w cenie\"}]},{\"@type\":\"WebSite\",\"@id\":\"https:\/\/taniabonament.pl\/sluchawki\/#website\",\"url\":\"https:\/\/taniabonament.pl\/sluchawki\/\",\"name\":\"TaniAbonament.pl S\u0142uchawki\",\"description\":\"\u015bwiat s\u0142uchawek idealnych do pracy zdalnej\",\"potentialAction\":[{\"@type\":\"SearchAction\",\"target\":{\"@type\":\"EntryPoint\",\"urlTemplate\":\"https:\/\/taniabonament.pl\/sluchawki\/?s={search_term_string}\"},\"query-input\":\"required name=search_term_string\"}],\"inLanguage\":\"pl-PL\"}]}<\/script>\n<!-- \/ Yoast SEO plugin. -->","yoast_head_json":{"title":"s\u0142uchawki z mikrofonem AFTERSHOKZ","description":"S\u0142uchawki z mikrofonem. Model AFTERSHOKZ w atrakcyjnej cenie 759.99 PLN. Przedstawiamy s\u0142uchawki do pracy zdalnej i s\u0142uchania muzyki.","robots":{"index":"index","follow":"follow","max-snippet":"max-snippet:-1","max-image-preview":"max-image-preview:large","max-video-preview":"max-video-preview:-1"},"canonical":"https:\/\/taniabonament.pl\/sluchawki\/model\/sluchawki-bezprzewodowe-z-technologia-przewodnictwa-kostnego-aeropex-w-cenie\/","og_locale":"pl_PL","og_type":"article","og_title":"s\u0142uchawki z mikrofonem AFTERSHOKZ","og_description":"S\u0142uchawki z mikrofonem. Model AFTERSHOKZ w atrakcyjnej cenie 759.99 PLN. Przedstawiamy s\u0142uchawki do pracy zdalnej i s\u0142uchania muzyki.","og_url":"https:\/\/taniabonament.pl\/sluchawki\/model\/sluchawki-bezprzewodowe-z-technologia-przewodnictwa-kostnego-aeropex-w-cenie\/","og_site_name":"TaniAbonament.pl S\u0142uchawki","article_modified_time":"2022-02-14T20:27:49+00:00","og_image":[{"width":2000,"height":2000,"url":"https:\/\/taniabonament.pl\/sluchawki\/wp-content\/uploads\/2022\/02\/289503d723de7f74fed47ec23b7bfce130a8b509.jpg","type":"image\/jpeg"}],"twitter_card":"summary_large_image","schema":{"@context":"https:\/\/schema.org","@graph":[{"@type":"WebPage","@id":"https:\/\/taniabonament.pl\/sluchawki\/model\/sluchawki-bezprzewodowe-z-technologia-przewodnictwa-kostnego-aeropex-w-cenie\/","url":"https:\/\/taniabonament.pl\/sluchawki\/model\/sluchawki-bezprzewodowe-z-technologia-przewodnictwa-kostnego-aeropex-w-cenie\/","name":"s\u0142uchawki z mikrofonem AFTERSHOKZ","isPartOf":{"@id":"https:\/\/taniabonament.pl\/sluchawki\/#website"},"datePublished":"2022-02-14T20:27:46+00:00","dateModified":"2022-02-14T20:27:49+00:00","description":"S\u0142uchawki z mikrofonem. Model AFTERSHOKZ w atrakcyjnej cenie 759.99 PLN. Przedstawiamy s\u0142uchawki do pracy zdalnej i s\u0142uchania muzyki.","breadcrumb":{"@id":"https:\/\/taniabonament.pl\/sluchawki\/model\/sluchawki-bezprzewodowe-z-technologia-przewodnictwa-kostnego-aeropex-w-cenie\/#breadcrumb"},"inLanguage":"pl-PL","potentialAction":[{"@type":"ReadAction","target":["https:\/\/taniabonament.pl\/sluchawki\/model\/sluchawki-bezprzewodowe-z-technologia-przewodnictwa-kostnego-aeropex-w-cenie\/"]}]},{"@type":"BreadcrumbList","@id":"https:\/\/taniabonament.pl\/sluchawki\/model\/sluchawki-bezprzewodowe-z-technologia-przewodnictwa-kostnego-aeropex-w-cenie\/#breadcrumb","itemListElement":[{"@type":"ListItem","position":1,"name":"Strona g\u0142\u00f3wna","item":"https:\/\/taniabonament.pl\/sluchawki\/"},{"@type":"ListItem","position":2,"name":"Sklep","item":"https:\/\/taniabonament.pl\/sluchawki\/"},{"@type":"ListItem","position":3,"name":"S\u0142uchawki bezprzewodowe z technologi\u0105 przewodnictwa kostnego AEROPEX &#8211; w cenie"}]},{"@type":"WebSite","@id":"https:\/\/taniabonament.pl\/sluchawki\/#website","url":"https:\/\/taniabonament.pl\/sluchawki\/","name":"TaniAbonament.pl S\u0142uchawki","description":"\u015bwiat s\u0142uchawek idealnych do pracy zdalnej","potentialAction":[{"@type":"SearchAction","target":{"@type":"EntryPoint","urlTemplate":"https:\/\/taniabonament.pl\/sluchawki\/?s={search_term_string}"},"query-input":"required name=search_term_string"}],"inLanguage":"pl-PL"}]}},"_links":{"self":[{"href":"https:\/\/taniabonament.pl\/sluchawki\/wp-json\/wp\/v2\/product\/9911","targetHints":{"allow":["GET"]}}],"collection":[{"href":"https:\/\/taniabonament.pl\/sluchawki\/wp-json\/wp\/v2\/product"}],"about":[{"href":"https:\/\/taniabonament.pl\/sluchawki\/wp-json\/wp\/v2\/types\/product"}],"replies":[{"embeddable":true,"href":"https:\/\/taniabonament.pl\/sluchawki\/wp-json\/wp\/v2\/comments?post=9911"}],"wp:featuredmedia":[{"embeddable":true,"href":"https:\/\/taniabonament.pl\/sluchawki\/wp-json\/wp\/v2\/media\/10266"}],"wp:attachment":[{"href":"https:\/\/taniabonament.pl\/sluchawki\/wp-json\/wp\/v2\/media?parent=9911"}],"wp:term":[{"taxonomy":"product_cat","embeddable":true,"href":"https:\/\/taniabonament.pl\/sluchawki\/wp-json\/wp\/v2\/product_cat?post=9911"},{"taxonomy":"product_tag","embeddable":true,"href":"https:\/\/taniabonament.pl\/sluchawki\/wp-json\/wp\/v2\/product_tag?post=9911"}],"curies":[{"name":"wp","href":"https:\/\/api.w.org\/{rel}","templated":true}]}}