{"id":9853,"date":"2022-02-14T20:30:05","date_gmt":"2022-02-14T20:30:05","guid":{"rendered":"https:\/\/taniabonament.pl\/sluchawki\/model\/jlab-sluchawki-bezprzewodowe-jbuddies-studio-kids-wireless-szare-fioletowe-w-cenie-182-0-pln\/"},"modified":"2022-02-14T20:30:12","modified_gmt":"2022-02-14T20:30:12","slug":"jlab-sluchawki-bezprzewodowe-jbuddies-studio-kids-wireless-szare-fioletowe-w-cenie-169-0-pln","status":"publish","type":"product","link":"https:\/\/taniabonament.pl\/sluchawki\/model\/jlab-sluchawki-bezprzewodowe-jbuddies-studio-kids-wireless-szare-fioletowe-w-cenie-169-0-pln\/","title":{"rendered":"Jlab s\u0142uchawki bezprzewodowe JBuddies Studio Kids Wireless, szare\/fioletowe &#8211; w cenie 169.0 PLN"},"content":{"rendered":"<p><img decoding=\"async\" style=\"margin-right: 25px; margin-bottom: 10px; width: 220px;\" src=\"https:\/\/static.convertiser.com\/media\/product_images\/49\/db02d4d095df81c5e6845aca73d0a81c\/06718b320d071c217e6980737a744c3ea8d61cbe.jpg\" alt=\"s\u0142uchawki z mikrofonem Jlab\" align=\"left\" \/><\/p>\n<h2>S\u0142uchawki marki Jlab<\/h2>\n<p>CENA ORYGINALNA: 185.0 PLN<\/p>\n<div style=\"font-weight: bold; font-size: 18px;\">\n<p>UWAGA <span style=\"color: red;\">MAMY RABATY!<\/span><\/p>\n<p>Szczeg\u00f3\u0142owe parametry takie jak dane techniczne, promocje sprawdzisz poni\u017cej w Mall.pl. Rozmawiaj wygodnie przez mikrofon podczas pracy zdalnej. Odizoluj si\u0119 od niepo\u017c\u0105danych d\u017awi\u0119k\u00f3w zewn\u0119trznych. Ciesz si\u0119 czystym brzmieniem w s\u0142uchawkach. Przejd\u017a teraz bezpo\u015brednio do z sklepu gdzie szybko zakupisz te s\u0142uchawki w korzystnej cenie.<\/p>\n<p><span style=\"color: #fff; background-color: #000000; padding: 1px 7px;\"><strong>Jlab<\/strong><\/span><strong><span style=\"margin-left: 5px; color: #fff; background-color: red; padding: 1px 7px;\">185.0 PLN<\/span><\/strong><\/p>\n<p>&nbsp;<\/p>\n<p>&nbsp;<\/p>\n<\/div>\n<p style=\"text-align: center; padding-bottom: 15px;\"><a style=\"color: #fff; font-size: 22px; background-color: #e4144d; padding: 9px 14px; border-radius: 7px; text-decoration: underline;\" href=\"https:\/\/converti.se\/click\/34590059-c70e8160-5f3fd1b8\/?deep_link=https%3A%2F%2Fwww.mall.pl%2Fprzenosne-sluchawki%2Fjlab-sluchawki-bezprzewodowe-jbuddies-studio-kids-wireless-szare-fioletowe&#038;sid=sluchawki-z-mikrofonem&#038;tag6=product&#038;tag8=db02d4d095df81c5e6845aca73d0a81c&#038;tag9=Jlab+s%C5%82uchawki+bezprzewodowe+JBuddies+Studio+Kids+Wireless%2C+szare%2Ffioletowe\" target=\"_blank\" rel=\"nofollow noopener\">Kup teraz<\/a> <span style=\"font-size: 22px; padding-left: 10px;\">169.0 PLN<\/span><\/p>\n","protected":false},"excerpt":{"rendered":"<h3>Odpowiednie <span style='color: red;'>s\u0142uchawki<\/span> z mikrofonem? <\/h3>\n<p> Cechy i zalety: <\/p>\n<ul style='padding-left: 10px; padding-bottom: 10px;'>\n<li style='padding-top: 10px;'>Dzi\u0119ki ograniczonej g\u0142o\u015bno\u015bci 85 dB nie uszkodz\u0105 wra\u017cliwego s\u0142uchu dziecka \u2013 nowoczesne s\u0142uchawki Bluetooth JLab JBudies Studio Kids Wireless przeznaczone s\u0105 dla dzieci od 6\n<li style='padding-top: 10px;'>do 16\n<li style='padding-top: 10px;'>roku \u017cycia\n<li style='padding-top: 10px;'>Dzi\u0119ki funkcji Shareport mo\u017cesz dzieli\u0107 si\u0119 muzyk\u0105 ze znajomym\n<li style='padding-top: 10px;'>Zosta\u0142y wyposa\u017cone w mikrofon do po\u0142\u0105cze\u0144 w trybie g\u0142o\u015bnom\u00f3wi\u0105cym oraz bateri\u0119 o \u017cywotno\u015bci 24 godzin na jednym \u0142adowaniu\n<li style='padding-top: 10px;'>S\u0105 bardzo wygodne, konstrukcja jest sk\u0142adana.<\/ul>\n","protected":false},"featured_media":10611,"comment_status":"closed","ping_status":"open","template":"","meta":[],"product_cat":[842,601],"product_tag":[],"class_list":{"0":"post-9853","1":"product","2":"type-product","3":"status-publish","5":"hentry","6":"product_cat-jlab","7":"product_cat-sluchawki-z-mikrofonem","8":"pa_producent-jlab","9":"pa_sklep-mall-pl"},"yoast_head":"<!-- This site is optimized with the Yoast SEO plugin v20.9 - https:\/\/yoast.com\/wordpress\/plugins\/seo\/ -->\n<title>s\u0142uchawki z mikrofonem Jlab<\/title>\n<meta name=\"description\" content=\"S\u0142uchawki z mikrofonem. Model Jlab w atrakcyjnej cenie 185.0 PLN. Przedstawiamy s\u0142uchawki do pracy zdalnej i s\u0142uchania muzyki.\" \/>\n<meta name=\"robots\" content=\"index, follow, max-snippet:-1, max-image-preview:large, max-video-preview:-1\" \/>\n<link rel=\"canonical\" href=\"https:\/\/taniabonament.pl\/sluchawki\/model\/jlab-sluchawki-bezprzewodowe-jbuddies-studio-kids-wireless-szare-fioletowe-w-cenie-169-0-pln\/\" \/>\n<meta property=\"og:locale\" content=\"pl_PL\" \/>\n<meta property=\"og:type\" content=\"article\" \/>\n<meta property=\"og:title\" content=\"s\u0142uchawki z mikrofonem Jlab\" \/>\n<meta property=\"og:description\" content=\"S\u0142uchawki z mikrofonem. Model Jlab w atrakcyjnej cenie 185.0 PLN. Przedstawiamy s\u0142uchawki do pracy zdalnej i s\u0142uchania muzyki.\" \/>\n<meta property=\"og:url\" content=\"https:\/\/taniabonament.pl\/sluchawki\/model\/jlab-sluchawki-bezprzewodowe-jbuddies-studio-kids-wireless-szare-fioletowe-w-cenie-169-0-pln\/\" \/>\n<meta property=\"og:site_name\" content=\"TaniAbonament.pl S\u0142uchawki\" \/>\n<meta property=\"article:modified_time\" content=\"2022-02-14T20:30:12+00:00\" \/>\n<meta property=\"og:image\" content=\"https:\/\/taniabonament.pl\/sluchawki\/wp-content\/uploads\/2022\/02\/06718b320d071c217e6980737a744c3ea8d61cbe.jpg\" \/>\n\t<meta property=\"og:image:width\" content=\"507\" \/>\n\t<meta property=\"og:image:height\" content=\"560\" \/>\n\t<meta property=\"og:image:type\" content=\"image\/jpeg\" \/>\n<meta name=\"twitter:card\" content=\"summary_large_image\" \/>\n<script type=\"application\/ld+json\" class=\"yoast-schema-graph\">{\"@context\":\"https:\/\/schema.org\",\"@graph\":[{\"@type\":\"WebPage\",\"@id\":\"https:\/\/taniabonament.pl\/sluchawki\/model\/jlab-sluchawki-bezprzewodowe-jbuddies-studio-kids-wireless-szare-fioletowe-w-cenie-169-0-pln\/\",\"url\":\"https:\/\/taniabonament.pl\/sluchawki\/model\/jlab-sluchawki-bezprzewodowe-jbuddies-studio-kids-wireless-szare-fioletowe-w-cenie-169-0-pln\/\",\"name\":\"s\u0142uchawki z mikrofonem Jlab\",\"isPartOf\":{\"@id\":\"https:\/\/taniabonament.pl\/sluchawki\/#website\"},\"datePublished\":\"2022-02-14T20:30:05+00:00\",\"dateModified\":\"2022-02-14T20:30:12+00:00\",\"description\":\"S\u0142uchawki z mikrofonem. Model Jlab w atrakcyjnej cenie 185.0 PLN. Przedstawiamy s\u0142uchawki do pracy zdalnej i s\u0142uchania muzyki.\",\"breadcrumb\":{\"@id\":\"https:\/\/taniabonament.pl\/sluchawki\/model\/jlab-sluchawki-bezprzewodowe-jbuddies-studio-kids-wireless-szare-fioletowe-w-cenie-169-0-pln\/#breadcrumb\"},\"inLanguage\":\"pl-PL\",\"potentialAction\":[{\"@type\":\"ReadAction\",\"target\":[\"https:\/\/taniabonament.pl\/sluchawki\/model\/jlab-sluchawki-bezprzewodowe-jbuddies-studio-kids-wireless-szare-fioletowe-w-cenie-169-0-pln\/\"]}]},{\"@type\":\"BreadcrumbList\",\"@id\":\"https:\/\/taniabonament.pl\/sluchawki\/model\/jlab-sluchawki-bezprzewodowe-jbuddies-studio-kids-wireless-szare-fioletowe-w-cenie-169-0-pln\/#breadcrumb\",\"itemListElement\":[{\"@type\":\"ListItem\",\"position\":1,\"name\":\"Strona g\u0142\u00f3wna\",\"item\":\"https:\/\/taniabonament.pl\/sluchawki\/\"},{\"@type\":\"ListItem\",\"position\":2,\"name\":\"Sklep\",\"item\":\"https:\/\/taniabonament.pl\/sluchawki\/\"},{\"@type\":\"ListItem\",\"position\":3,\"name\":\"Jlab s\u0142uchawki bezprzewodowe JBuddies Studio Kids Wireless, szare\/fioletowe &#8211; w cenie 169.0 PLN\"}]},{\"@type\":\"WebSite\",\"@id\":\"https:\/\/taniabonament.pl\/sluchawki\/#website\",\"url\":\"https:\/\/taniabonament.pl\/sluchawki\/\",\"name\":\"TaniAbonament.pl S\u0142uchawki\",\"description\":\"\u015bwiat s\u0142uchawek idealnych do pracy zdalnej\",\"potentialAction\":[{\"@type\":\"SearchAction\",\"target\":{\"@type\":\"EntryPoint\",\"urlTemplate\":\"https:\/\/taniabonament.pl\/sluchawki\/?s={search_term_string}\"},\"query-input\":\"required name=search_term_string\"}],\"inLanguage\":\"pl-PL\"}]}<\/script>\n<!-- \/ Yoast SEO plugin. -->","yoast_head_json":{"title":"s\u0142uchawki z mikrofonem Jlab","description":"S\u0142uchawki z mikrofonem. Model Jlab w atrakcyjnej cenie 185.0 PLN. Przedstawiamy s\u0142uchawki do pracy zdalnej i s\u0142uchania muzyki.","robots":{"index":"index","follow":"follow","max-snippet":"max-snippet:-1","max-image-preview":"max-image-preview:large","max-video-preview":"max-video-preview:-1"},"canonical":"https:\/\/taniabonament.pl\/sluchawki\/model\/jlab-sluchawki-bezprzewodowe-jbuddies-studio-kids-wireless-szare-fioletowe-w-cenie-169-0-pln\/","og_locale":"pl_PL","og_type":"article","og_title":"s\u0142uchawki z mikrofonem Jlab","og_description":"S\u0142uchawki z mikrofonem. Model Jlab w atrakcyjnej cenie 185.0 PLN. Przedstawiamy s\u0142uchawki do pracy zdalnej i s\u0142uchania muzyki.","og_url":"https:\/\/taniabonament.pl\/sluchawki\/model\/jlab-sluchawki-bezprzewodowe-jbuddies-studio-kids-wireless-szare-fioletowe-w-cenie-169-0-pln\/","og_site_name":"TaniAbonament.pl S\u0142uchawki","article_modified_time":"2022-02-14T20:30:12+00:00","og_image":[{"width":507,"height":560,"url":"https:\/\/taniabonament.pl\/sluchawki\/wp-content\/uploads\/2022\/02\/06718b320d071c217e6980737a744c3ea8d61cbe.jpg","type":"image\/jpeg"}],"twitter_card":"summary_large_image","schema":{"@context":"https:\/\/schema.org","@graph":[{"@type":"WebPage","@id":"https:\/\/taniabonament.pl\/sluchawki\/model\/jlab-sluchawki-bezprzewodowe-jbuddies-studio-kids-wireless-szare-fioletowe-w-cenie-169-0-pln\/","url":"https:\/\/taniabonament.pl\/sluchawki\/model\/jlab-sluchawki-bezprzewodowe-jbuddies-studio-kids-wireless-szare-fioletowe-w-cenie-169-0-pln\/","name":"s\u0142uchawki z mikrofonem Jlab","isPartOf":{"@id":"https:\/\/taniabonament.pl\/sluchawki\/#website"},"datePublished":"2022-02-14T20:30:05+00:00","dateModified":"2022-02-14T20:30:12+00:00","description":"S\u0142uchawki z mikrofonem. Model Jlab w atrakcyjnej cenie 185.0 PLN. Przedstawiamy s\u0142uchawki do pracy zdalnej i s\u0142uchania muzyki.","breadcrumb":{"@id":"https:\/\/taniabonament.pl\/sluchawki\/model\/jlab-sluchawki-bezprzewodowe-jbuddies-studio-kids-wireless-szare-fioletowe-w-cenie-169-0-pln\/#breadcrumb"},"inLanguage":"pl-PL","potentialAction":[{"@type":"ReadAction","target":["https:\/\/taniabonament.pl\/sluchawki\/model\/jlab-sluchawki-bezprzewodowe-jbuddies-studio-kids-wireless-szare-fioletowe-w-cenie-169-0-pln\/"]}]},{"@type":"BreadcrumbList","@id":"https:\/\/taniabonament.pl\/sluchawki\/model\/jlab-sluchawki-bezprzewodowe-jbuddies-studio-kids-wireless-szare-fioletowe-w-cenie-169-0-pln\/#breadcrumb","itemListElement":[{"@type":"ListItem","position":1,"name":"Strona g\u0142\u00f3wna","item":"https:\/\/taniabonament.pl\/sluchawki\/"},{"@type":"ListItem","position":2,"name":"Sklep","item":"https:\/\/taniabonament.pl\/sluchawki\/"},{"@type":"ListItem","position":3,"name":"Jlab s\u0142uchawki bezprzewodowe JBuddies Studio Kids Wireless, szare\/fioletowe &#8211; w cenie 169.0 PLN"}]},{"@type":"WebSite","@id":"https:\/\/taniabonament.pl\/sluchawki\/#website","url":"https:\/\/taniabonament.pl\/sluchawki\/","name":"TaniAbonament.pl S\u0142uchawki","description":"\u015bwiat s\u0142uchawek idealnych do pracy zdalnej","potentialAction":[{"@type":"SearchAction","target":{"@type":"EntryPoint","urlTemplate":"https:\/\/taniabonament.pl\/sluchawki\/?s={search_term_string}"},"query-input":"required name=search_term_string"}],"inLanguage":"pl-PL"}]}},"_links":{"self":[{"href":"https:\/\/taniabonament.pl\/sluchawki\/wp-json\/wp\/v2\/product\/9853","targetHints":{"allow":["GET"]}}],"collection":[{"href":"https:\/\/taniabonament.pl\/sluchawki\/wp-json\/wp\/v2\/product"}],"about":[{"href":"https:\/\/taniabonament.pl\/sluchawki\/wp-json\/wp\/v2\/types\/product"}],"replies":[{"embeddable":true,"href":"https:\/\/taniabonament.pl\/sluchawki\/wp-json\/wp\/v2\/comments?post=9853"}],"wp:featuredmedia":[{"embeddable":true,"href":"https:\/\/taniabonament.pl\/sluchawki\/wp-json\/wp\/v2\/media\/10611"}],"wp:attachment":[{"href":"https:\/\/taniabonament.pl\/sluchawki\/wp-json\/wp\/v2\/media?parent=9853"}],"wp:term":[{"taxonomy":"product_cat","embeddable":true,"href":"https:\/\/taniabonament.pl\/sluchawki\/wp-json\/wp\/v2\/product_cat?post=9853"},{"taxonomy":"product_tag","embeddable":true,"href":"https:\/\/taniabonament.pl\/sluchawki\/wp-json\/wp\/v2\/product_tag?post=9853"}],"curies":[{"name":"wp","href":"https:\/\/api.w.org\/{rel}","templated":true}]}}