{"id":9503,"date":"2022-02-14T20:26:08","date_gmt":"2022-02-14T20:26:08","guid":{"rendered":"https:\/\/taniabonament.pl\/sluchawki\/model\/sluchawki-sportowe-przewodowe-jbl-endurance-run-lime-w-cenie\/"},"modified":"2022-02-14T20:26:08","modified_gmt":"2022-02-14T20:26:08","slug":"sluchawki-sportowe-przewodowe-jbl-endurance-run-lime-w-cenie","status":"publish","type":"product","link":"https:\/\/taniabonament.pl\/sluchawki\/model\/sluchawki-sportowe-przewodowe-jbl-endurance-run-lime-w-cenie\/","title":{"rendered":"S\u0142uchawki sportowe przewodowe JBL Endurance Run Lime &#8211; w cenie"},"content":{"rendered":"<p><img decoding=\"async\" style=\"margin-right: 25px; margin-bottom: 10px; width: 220px;\" src=\"https:\/\/static.convertiser.com\/media\/product_images\/180\/6a3a819ee5f217d541756a8c4625059d\/54b217051de5859361455da3f1a6a034f6e1da94.jpg\" alt=\"s\u0142uchawki z mikrofonem JBL\" align=\"left\" \/><\/p>\n<h2>S\u0142uchawki marki JBL<\/h2>\n<p>CENA ORYGINALNA: 99.0 PLN<\/p>\n<div style=\"font-weight: bold; font-size: 18px;\">\n<p>UWAGA <span style=\"color: red;\">MAMY RABATY!<\/span><\/p>\n<p>Szczeg\u00f3\u0142owe parametry takie jak dane techniczne, promocje sprawdzisz poni\u017cej w Decathlon.pl. Rozmawiaj wygodnie przez mikrofon podczas pracy zdalnej. Odizoluj si\u0119 od niepo\u017c\u0105danych d\u017awi\u0119k\u00f3w zewn\u0119trznych. Ciesz si\u0119 czystym brzmieniem w s\u0142uchawkach. Przejd\u017a teraz bezpo\u015brednio do z sklepu gdzie szybko zakupisz te s\u0142uchawki w korzystnej cenie.<\/p>\n<p><span style=\"color: #fff; background-color: #000000; padding: 1px 7px;\"><strong>JBL<\/strong><\/span><strong><span style=\"margin-left: 5px; color: #fff; background-color: red; padding: 1px 7px;\">99.0 PLN<\/span><\/strong><\/p>\n<p>&nbsp;<\/p>\n<p>&nbsp;<\/p>\n<\/div>\n<p style=\"text-align: center; padding-bottom: 15px;\"><a style=\"color: #fff; font-size: 22px; background-color: #e4144d; padding: 9px 14px; border-radius: 7px; text-decoration: underline;\" href=\"https:\/\/converti.se\/click\/34590059-c70e8160-5f3fd1b7\/?deep_link=https%3A%2F%2Fwww.decathlon.pl%2Fp%2Fs-uchawki-sportowe-przewodowe-jbl-endurance-run-lime%2F_%2FR-p-X8672003%3Fmc%3D8672003&#038;sid=sluchawki-z-mikrofonem&#038;tag6=product&#038;tag8=6a3a819ee5f217d541756a8c4625059d&#038;tag9=S%C5%82uchawki+sportowe+przewodowe+JBL+Endurance+Run+Lime\" target=\"_blank\" rel=\"nofollow noopener\">Kup teraz<\/a> <span style=\"font-size: 22px; padding-left: 10px;\"><\/span><\/p>\n","protected":false},"excerpt":{"rendered":"<h3>Odpowiednie <span style='color: red;'>s\u0142uchawki<\/span> z mikrofonem? <\/h3>\n<p> Cechy i zalety: <\/p>\n<ul style='padding-left: 10px; padding-bottom: 10px;'>\n<li style='padding-top: 10px;'>Zastosowane technologie w s\u0142uchawkach przewodowych JBL Endurance RUN daj\u0105 gwarancje wygody i dopasowania podczas intensywnych \u0107wicze\u0144\n<li style='padding-top: 10px;'>3 x ko\u0144c\u00f3wki w r\u00f3\u017cnych rozmiarach Odporne na pot &#8211; IPX5 Pilot zdalnego sterowania z mikrofonem umo\u017cliwia prowadzenie rozm\u00f3w<\/ul>\n","protected":false},"featured_media":10036,"comment_status":"closed","ping_status":"open","template":"","meta":[],"product_cat":[24,601],"product_tag":[],"class_list":{"0":"post-9503","1":"product","2":"type-product","3":"status-publish","5":"hentry","6":"product_cat-jbl","7":"product_cat-sluchawki-z-mikrofonem","8":"pa_producent-jbl","9":"pa_sklep-decathlon-pl"},"yoast_head":"<!-- This site is optimized with the Yoast SEO plugin v20.9 - https:\/\/yoast.com\/wordpress\/plugins\/seo\/ -->\n<title>s\u0142uchawki z mikrofonem JBL<\/title>\n<meta name=\"description\" content=\"S\u0142uchawki z mikrofonem. Model JBL w atrakcyjnej cenie 99.0 PLN. Przedstawiamy s\u0142uchawki do pracy zdalnej i s\u0142uchania muzyki.\" \/>\n<meta name=\"robots\" content=\"index, follow, max-snippet:-1, max-image-preview:large, max-video-preview:-1\" \/>\n<link rel=\"canonical\" href=\"https:\/\/taniabonament.pl\/sluchawki\/model\/sluchawki-sportowe-przewodowe-jbl-endurance-run-lime-w-cenie\/\" \/>\n<meta property=\"og:locale\" content=\"pl_PL\" \/>\n<meta property=\"og:type\" content=\"article\" \/>\n<meta property=\"og:title\" content=\"s\u0142uchawki z mikrofonem JBL\" \/>\n<meta property=\"og:description\" content=\"S\u0142uchawki z mikrofonem. Model JBL w atrakcyjnej cenie 99.0 PLN. Przedstawiamy s\u0142uchawki do pracy zdalnej i s\u0142uchania muzyki.\" \/>\n<meta property=\"og:url\" content=\"https:\/\/taniabonament.pl\/sluchawki\/model\/sluchawki-sportowe-przewodowe-jbl-endurance-run-lime-w-cenie\/\" \/>\n<meta property=\"og:site_name\" content=\"TaniAbonament.pl S\u0142uchawki\" \/>\n<meta property=\"og:image\" content=\"https:\/\/taniabonament.pl\/sluchawki\/wp-content\/uploads\/2022\/02\/54b217051de5859361455da3f1a6a034f6e1da94.jpg\" \/>\n\t<meta property=\"og:image:width\" content=\"2000\" \/>\n\t<meta property=\"og:image:height\" content=\"2000\" \/>\n\t<meta property=\"og:image:type\" content=\"image\/jpeg\" \/>\n<meta name=\"twitter:card\" content=\"summary_large_image\" \/>\n<script type=\"application\/ld+json\" class=\"yoast-schema-graph\">{\"@context\":\"https:\/\/schema.org\",\"@graph\":[{\"@type\":\"WebPage\",\"@id\":\"https:\/\/taniabonament.pl\/sluchawki\/model\/sluchawki-sportowe-przewodowe-jbl-endurance-run-lime-w-cenie\/\",\"url\":\"https:\/\/taniabonament.pl\/sluchawki\/model\/sluchawki-sportowe-przewodowe-jbl-endurance-run-lime-w-cenie\/\",\"name\":\"s\u0142uchawki z mikrofonem JBL\",\"isPartOf\":{\"@id\":\"https:\/\/taniabonament.pl\/sluchawki\/#website\"},\"datePublished\":\"2022-02-14T20:26:08+00:00\",\"dateModified\":\"2022-02-14T20:26:08+00:00\",\"description\":\"S\u0142uchawki z mikrofonem. Model JBL w atrakcyjnej cenie 99.0 PLN. Przedstawiamy s\u0142uchawki do pracy zdalnej i s\u0142uchania muzyki.\",\"breadcrumb\":{\"@id\":\"https:\/\/taniabonament.pl\/sluchawki\/model\/sluchawki-sportowe-przewodowe-jbl-endurance-run-lime-w-cenie\/#breadcrumb\"},\"inLanguage\":\"pl-PL\",\"potentialAction\":[{\"@type\":\"ReadAction\",\"target\":[\"https:\/\/taniabonament.pl\/sluchawki\/model\/sluchawki-sportowe-przewodowe-jbl-endurance-run-lime-w-cenie\/\"]}]},{\"@type\":\"BreadcrumbList\",\"@id\":\"https:\/\/taniabonament.pl\/sluchawki\/model\/sluchawki-sportowe-przewodowe-jbl-endurance-run-lime-w-cenie\/#breadcrumb\",\"itemListElement\":[{\"@type\":\"ListItem\",\"position\":1,\"name\":\"Strona g\u0142\u00f3wna\",\"item\":\"https:\/\/taniabonament.pl\/sluchawki\/\"},{\"@type\":\"ListItem\",\"position\":2,\"name\":\"Sklep\",\"item\":\"https:\/\/taniabonament.pl\/sluchawki\/\"},{\"@type\":\"ListItem\",\"position\":3,\"name\":\"S\u0142uchawki sportowe przewodowe JBL Endurance Run Lime &#8211; w cenie\"}]},{\"@type\":\"WebSite\",\"@id\":\"https:\/\/taniabonament.pl\/sluchawki\/#website\",\"url\":\"https:\/\/taniabonament.pl\/sluchawki\/\",\"name\":\"TaniAbonament.pl S\u0142uchawki\",\"description\":\"\u015bwiat s\u0142uchawek idealnych do pracy zdalnej\",\"potentialAction\":[{\"@type\":\"SearchAction\",\"target\":{\"@type\":\"EntryPoint\",\"urlTemplate\":\"https:\/\/taniabonament.pl\/sluchawki\/?s={search_term_string}\"},\"query-input\":\"required name=search_term_string\"}],\"inLanguage\":\"pl-PL\"}]}<\/script>\n<!-- \/ Yoast SEO plugin. -->","yoast_head_json":{"title":"s\u0142uchawki z mikrofonem JBL","description":"S\u0142uchawki z mikrofonem. Model JBL w atrakcyjnej cenie 99.0 PLN. Przedstawiamy s\u0142uchawki do pracy zdalnej i s\u0142uchania muzyki.","robots":{"index":"index","follow":"follow","max-snippet":"max-snippet:-1","max-image-preview":"max-image-preview:large","max-video-preview":"max-video-preview:-1"},"canonical":"https:\/\/taniabonament.pl\/sluchawki\/model\/sluchawki-sportowe-przewodowe-jbl-endurance-run-lime-w-cenie\/","og_locale":"pl_PL","og_type":"article","og_title":"s\u0142uchawki z mikrofonem JBL","og_description":"S\u0142uchawki z mikrofonem. Model JBL w atrakcyjnej cenie 99.0 PLN. Przedstawiamy s\u0142uchawki do pracy zdalnej i s\u0142uchania muzyki.","og_url":"https:\/\/taniabonament.pl\/sluchawki\/model\/sluchawki-sportowe-przewodowe-jbl-endurance-run-lime-w-cenie\/","og_site_name":"TaniAbonament.pl S\u0142uchawki","og_image":[{"width":2000,"height":2000,"url":"https:\/\/taniabonament.pl\/sluchawki\/wp-content\/uploads\/2022\/02\/54b217051de5859361455da3f1a6a034f6e1da94.jpg","type":"image\/jpeg"}],"twitter_card":"summary_large_image","schema":{"@context":"https:\/\/schema.org","@graph":[{"@type":"WebPage","@id":"https:\/\/taniabonament.pl\/sluchawki\/model\/sluchawki-sportowe-przewodowe-jbl-endurance-run-lime-w-cenie\/","url":"https:\/\/taniabonament.pl\/sluchawki\/model\/sluchawki-sportowe-przewodowe-jbl-endurance-run-lime-w-cenie\/","name":"s\u0142uchawki z mikrofonem JBL","isPartOf":{"@id":"https:\/\/taniabonament.pl\/sluchawki\/#website"},"datePublished":"2022-02-14T20:26:08+00:00","dateModified":"2022-02-14T20:26:08+00:00","description":"S\u0142uchawki z mikrofonem. Model JBL w atrakcyjnej cenie 99.0 PLN. Przedstawiamy s\u0142uchawki do pracy zdalnej i s\u0142uchania muzyki.","breadcrumb":{"@id":"https:\/\/taniabonament.pl\/sluchawki\/model\/sluchawki-sportowe-przewodowe-jbl-endurance-run-lime-w-cenie\/#breadcrumb"},"inLanguage":"pl-PL","potentialAction":[{"@type":"ReadAction","target":["https:\/\/taniabonament.pl\/sluchawki\/model\/sluchawki-sportowe-przewodowe-jbl-endurance-run-lime-w-cenie\/"]}]},{"@type":"BreadcrumbList","@id":"https:\/\/taniabonament.pl\/sluchawki\/model\/sluchawki-sportowe-przewodowe-jbl-endurance-run-lime-w-cenie\/#breadcrumb","itemListElement":[{"@type":"ListItem","position":1,"name":"Strona g\u0142\u00f3wna","item":"https:\/\/taniabonament.pl\/sluchawki\/"},{"@type":"ListItem","position":2,"name":"Sklep","item":"https:\/\/taniabonament.pl\/sluchawki\/"},{"@type":"ListItem","position":3,"name":"S\u0142uchawki sportowe przewodowe JBL Endurance Run Lime &#8211; w cenie"}]},{"@type":"WebSite","@id":"https:\/\/taniabonament.pl\/sluchawki\/#website","url":"https:\/\/taniabonament.pl\/sluchawki\/","name":"TaniAbonament.pl S\u0142uchawki","description":"\u015bwiat s\u0142uchawek idealnych do pracy zdalnej","potentialAction":[{"@type":"SearchAction","target":{"@type":"EntryPoint","urlTemplate":"https:\/\/taniabonament.pl\/sluchawki\/?s={search_term_string}"},"query-input":"required name=search_term_string"}],"inLanguage":"pl-PL"}]}},"_links":{"self":[{"href":"https:\/\/taniabonament.pl\/sluchawki\/wp-json\/wp\/v2\/product\/9503","targetHints":{"allow":["GET"]}}],"collection":[{"href":"https:\/\/taniabonament.pl\/sluchawki\/wp-json\/wp\/v2\/product"}],"about":[{"href":"https:\/\/taniabonament.pl\/sluchawki\/wp-json\/wp\/v2\/types\/product"}],"replies":[{"embeddable":true,"href":"https:\/\/taniabonament.pl\/sluchawki\/wp-json\/wp\/v2\/comments?post=9503"}],"wp:featuredmedia":[{"embeddable":true,"href":"https:\/\/taniabonament.pl\/sluchawki\/wp-json\/wp\/v2\/media\/10036"}],"wp:attachment":[{"href":"https:\/\/taniabonament.pl\/sluchawki\/wp-json\/wp\/v2\/media?parent=9503"}],"wp:term":[{"taxonomy":"product_cat","embeddable":true,"href":"https:\/\/taniabonament.pl\/sluchawki\/wp-json\/wp\/v2\/product_cat?post=9503"},{"taxonomy":"product_tag","embeddable":true,"href":"https:\/\/taniabonament.pl\/sluchawki\/wp-json\/wp\/v2\/product_tag?post=9503"}],"curies":[{"name":"wp","href":"https:\/\/api.w.org\/{rel}","templated":true}]}}