{"id":9501,"date":"2022-02-14T20:26:01","date_gmt":"2022-02-14T20:26:01","guid":{"rendered":"https:\/\/taniabonament.pl\/sluchawki\/model\/baseus-simu-s2-sluchawki-bezprzewodowe-bluetooth-5-0-anc-sbc-aac-tws-w-cenie-2\/"},"modified":"2022-02-14T20:26:01","modified_gmt":"2022-02-14T20:26:01","slug":"baseus-simu-s2-sluchawki-bezprzewodowe-bluetooth-5-0-anc-sbc-aac-tws-w-cenie-2","status":"publish","type":"product","link":"https:\/\/taniabonament.pl\/sluchawki\/model\/baseus-simu-s2-sluchawki-bezprzewodowe-bluetooth-5-0-anc-sbc-aac-tws-w-cenie-2\/","title":{"rendered":"Baseus SIMU S2 | S\u0142uchawki bezprzewodowe Bluetooth 5.0 ANC SBC \/ AAC TWS &#8211; w cenie"},"content":{"rendered":"<p><img decoding=\"async\" style=\"margin-right: 25px; margin-bottom: 10px; width: 220px;\" src=\"https:\/\/static.convertiser.com\/media\/product_images\/349\/46ebf595ec424e1bd9c15219f20e286d\/8d2d331706308a9ef589621a53d34976b8b9d5bd.jpg\" alt=\"s\u0142uchawki z mikrofonem Baseus\" align=\"left\" \/><\/p>\n<h2>S\u0142uchawki marki Baseus<\/h2>\n<p>CENA ORYGINALNA: 399.0 PLN<\/p>\n<div style=\"font-weight: bold; font-size: 18px;\">\n<p>UWAGA <span style=\"color: red;\">MAMY RABATY!<\/span><\/p>\n<p>Szczeg\u00f3\u0142owe parametry takie jak dane techniczne, promocje sprawdzisz poni\u017cej w E-baseus. Rozmawiaj wygodnie przez mikrofon podczas pracy zdalnej. Odizoluj si\u0119 od niepo\u017c\u0105danych d\u017awi\u0119k\u00f3w zewn\u0119trznych. Ciesz si\u0119 czystym brzmieniem w s\u0142uchawkach. Przejd\u017a teraz bezpo\u015brednio do z sklepu gdzie szybko zakupisz te s\u0142uchawki w korzystnej cenie.<\/p>\n<p><span style=\"color: #fff; background-color: #000000; padding: 1px 7px;\"><strong>Baseus<\/strong><\/span><strong><span style=\"margin-left: 5px; color: #fff; background-color: red; padding: 1px 7px;\">399.0 PLN<\/span><\/strong><\/p>\n<p>&nbsp;<\/p>\n<p>&nbsp;<\/p>\n<\/div>\n<p style=\"text-align: center; padding-bottom: 15px;\"><a style=\"color: #fff; font-size: 22px; background-color: #e4144d; padding: 9px 14px; border-radius: 7px; text-decoration: underline;\" href=\"https:\/\/converti.se\/click\/34590059-c70e8160-5f3bd1b8\/?deep_link=https%3A%2F%2Fe-baseus.com%2Fproduct-pol-3549-Baseus-SIMU-S2-Sluchawki-bezprzewodowe-Bluetooth-5-0-ANC-SBC-AAC-TWS-uniw.googleshoppingpl.html&#038;sid=sluchawki-z-mikrofonem&#038;tag6=product&#038;tag8=46ebf595ec424e1bd9c15219f20e286d&#038;tag9=Baseus+SIMU+S2+%7C+S%C5%82uchawki+bezprzewodowe+Bluetooth+5.0+ANC+SBC+%2F+AAC+TWS\" target=\"_blank\" rel=\"nofollow noopener\">Kup teraz<\/a> <span style=\"font-size: 22px; padding-left: 10px;\"><\/span><\/p>\n","protected":false},"excerpt":{"rendered":"<h3>Odpowiednie <span style='color: red;'>s\u0142uchawki<\/span> z mikrofonem? <\/h3>\n<p> Cechy i zalety: <\/p>\n<ul style='padding-left: 10px; padding-bottom: 10px;'>\n<li style='padding-top: 10px;'>SIMU ANC S2Lekkie, wygodne i funkcjonalne s\u0142uchawki zapewni\u0105 niezr\u00f3wnan\u0105 jako\u015b\u0107 d\u017awi\u0119ku.W przeciwie\u0144stwie do innych modeli,\u00a0ka\u017cda ze s\u0142uchawek jest pod\u0142\u0105czona bezpo\u015brednio do smartfona, co sprawia, \u017ce \u200b\u200bpo\u0142\u0105czenie jest bardziej stabilne i zmniejsza op\u00f3\u017anienie.Ka\u017cda s\u0142uchawka mo\u017ce by\u0107 u\u017cywana jako samodzielna jednostka.Pierwsz\u0105 rzecz\u0105, kt\u00f3r\u0105 zauwa\u017cysz to\u00a0kompaktowa i stylowa obudowa \u0142aduj\u0105ca, kt\u00f3ra jest dodana do s\u0142uchawek; \u0142atwo mie\u015bci si\u0119 w kieszeni lub torbie\n<li style='padding-top: 10px;'>S\u0142u\u017cy ona jako Power Bank i zabezpiecza s\u0142uchawki przed zgubieniem.Etui na\u0142adujemy kablem Type-C lub bezprzewodowo.Aby sparowa\u0107 z telefonem lub innym urz\u0105dzeniem, s\u0142uchawki s\u0105 wyposa\u017cone w modu\u0142 Bluetooth 5.0 i energooszcz\u0119dny uk\u0142ad audio.Jednak prawdziw\u0105 si\u0142\u0105 tych s\u0142uchawek jest\u00a0efekt Hybrydowej Redukcji Szum\u00f3w\n<li style='padding-top: 10px;'>Active Noise Control (ANC).Wbudowany uk\u0142ad sprawi, \u017ce us\u0142yszysz muzyk\u0119 bez \u017cadnych zak\u0142\u00f3ce\u0144\n<li style='padding-top: 10px;'>Wyeliminuje niepo\u017c\u0105dane d\u017awi\u0119ki\n<li style='padding-top: 10px;'>Niezale\u017cnie od tego, czy jeste\u015b w autobusie czy w poczekalni.\u00a0Ha\u0142as przestanie by\u0107 przeszkod\u0105 i zanurzysz si\u0119 w d\u017awi\u0119ku jak nigdy dot\u0105d.S\u0142uchawki s\u0105 wyposa\u017cone w kodeki SBC\/AAC i membran\u0119 10mm r\u00f3wnowa\u017c\u0105c\u0105 wysokie, \u015brednie i niskie cz\u0119stotliwo\u015bci.W lewej i prawej s\u0142uchawce zastosowano mikrofon MEMS o wysokiej czu\u0142o\u015bci oraz adaptacyjny algorytm redukcji szum\u00f3w ANC kt\u00f3ry eliminuje szum w tle podczas po\u0142\u0105cze\u0144.S\u0142uchawki posiadaj\u0105 specjaln\u0105 funkcj\u0119 kt\u00f3ra wykrywa kiedy s\u0105 w uchu.Parametry:Model: SIMU ANC True Wireless Earphones S2Kolor: bia\u0142yMateria\u0142: ABS + PCWersja Bluetooth: V5.0Odleg\u0142o\u015b\u0107 komunikacyjna: 10 mCzas czuwania: 300 godzinCzas muzyki: 6-7hCzas s\u0142uchania muzyki z etui: 24hPojemno\u015b\u0107 baterii:45mAh \/ 0.167 Wh (s\u0142uchawka)480mAh \/ 1.776 Wh (etui)Czas \u0142adowania: 1,5 godzinyCzas \u0142adowania bezprzewodowego: 2hZakres odpowiedzi cz\u0119stotliwo\u015bci: 20Hz-20 KHz\u0141adowanie: kabel Type-CKompatybilno\u015b\u0107: wszystkie urz\u0105dzenia z funkcj\u0105 BluetoothKod producenta: NGS2-02Najwa\u017cniejsze zalety:Pojemna bateria.Obudowa, kt\u00f3ra s\u0142u\u017cy r\u00f3wnie\u017c jako \u017ar\u00f3d\u0142o zasilania.Ka\u017cda ze s\u0142uchawek jest pod\u0142\u0105czona bezpo\u015brednio do smartfona.Oryginalny d\u017awi\u0119k SBC\/AAC HQ.Efekt Active Noise Control (ANC).Bluetooth 5.0Ka\u017cda s\u0142uchawka mo\u017ce by\u0107 r\u00f3wnie\u017c u\u017cywana jako samodzielna jednostka.Wbudowany mikrofon.Wsparcie asystenta g\u0142osowego.D\u017awi\u0119kBaseus pracowa\u0142 nad jako\u015bci\u0105 d\u017awi\u0119ku i osi\u0105gn\u0105\u0142 imponuj\u0105ce wyniki.\u00a0S\u0142uchawki s\u0105 wyposa\u017cone w kodeki SBC\/AAC\u00a0i membran\u0119 10mm r\u00f3wnowa\u017c\u0105c\u0105 wysokie, \u015brednie i niskie cz\u0119stotliwo\u015bci.Ci, kt\u00f3rzy chc\u0105 osi\u0105gn\u0105\u0107\u00a0najlepsz\u0105 mo\u017cliw\u0105 jako\u015b\u0107 brzmienia\u00a0za po\u015brednictwem s\u0142uchawek Bluetooth powinni zdecydowanie zainteresowa\u0107 si\u0119 zgodno\u015bci\u0105 kodek\u00f3w pomi\u0119dzy swoimi urz\u0105dzeniami.S\u0142uchawki tworz\u0105 idealn\u0105 izolacj\u0119 akustyczn\u0105 dzi\u0119ki\u00a0efektowi Active Noise Control (ANC)\u00a0kt\u00f3ra blokuje wszystkie zewn\u0119trzne zak\u0142\u00f3cenia.Efekt izoluj\u0105cy pozwala\u00a0cieszy\u0107 si\u0119 czystym d\u017awi\u0119kiem na najwy\u017cszym poziomie w dowolnym miejscu i czasie.Funkcja wykrywania uchaGdy w\u0142\u0105czone jest automatyczne wykrywanie ucha, s\u0142uchawki wykrywaj\u0105, czy s\u0105 w\u0142o\u017cone do uszu i automatycznie w\u0142\u0105czaj\u0105 odtwarzanie d\u017awi\u0119ku.Odtwarzanie jest automatycznie wstrzymywane, gdy wyjmiesz jedn\u0105 s\u0142uchawk\u0119 z ucha\n<li style='padding-top: 10px;'>Gdy wyjmiesz obie s\u0142uchawki, odtwarzanie jest wy\u0142\u0105czone.Tryb d\u017awi\u0119k\u00f3w otoczeniaGdy potrzebujesz na chwil\u0119 us\u0142ysze\u0107 otoczenie naci\u015bnij i przytrzymaj s\u0142uc<\/ul>\n","protected":false},"featured_media":10018,"comment_status":"closed","ping_status":"open","template":"","meta":[],"product_cat":[74,601],"product_tag":[],"class_list":{"0":"post-9501","1":"product","2":"type-product","3":"status-publish","5":"hentry","6":"product_cat-baseus","7":"product_cat-sluchawki-z-mikrofonem","8":"pa_producent-baseus","9":"pa_sklep-e-baseus"},"yoast_head":"<!-- This site is optimized with the Yoast SEO plugin v20.9 - https:\/\/yoast.com\/wordpress\/plugins\/seo\/ -->\n<title>s\u0142uchawki z mikrofonem Baseus<\/title>\n<meta name=\"description\" content=\"S\u0142uchawki z mikrofonem. Model Baseus w atrakcyjnej cenie 399.0 PLN. Przedstawiamy s\u0142uchawki do pracy zdalnej i s\u0142uchania muzyki.\" \/>\n<meta name=\"robots\" content=\"index, follow, max-snippet:-1, max-image-preview:large, max-video-preview:-1\" \/>\n<link rel=\"canonical\" href=\"https:\/\/taniabonament.pl\/sluchawki\/model\/baseus-simu-s2-sluchawki-bezprzewodowe-bluetooth-5-0-anc-sbc-aac-tws-w-cenie-2\/\" \/>\n<meta property=\"og:locale\" content=\"pl_PL\" \/>\n<meta property=\"og:type\" content=\"article\" \/>\n<meta property=\"og:title\" content=\"s\u0142uchawki z mikrofonem Baseus\" \/>\n<meta property=\"og:description\" content=\"S\u0142uchawki z mikrofonem. Model Baseus w atrakcyjnej cenie 399.0 PLN. Przedstawiamy s\u0142uchawki do pracy zdalnej i s\u0142uchania muzyki.\" \/>\n<meta property=\"og:url\" content=\"https:\/\/taniabonament.pl\/sluchawki\/model\/baseus-simu-s2-sluchawki-bezprzewodowe-bluetooth-5-0-anc-sbc-aac-tws-w-cenie-2\/\" \/>\n<meta property=\"og:site_name\" content=\"TaniAbonament.pl S\u0142uchawki\" \/>\n<meta property=\"og:image\" content=\"https:\/\/taniabonament.pl\/sluchawki\/wp-content\/uploads\/2022\/02\/8d2d331706308a9ef589621a53d34976b8b9d5bd.jpg\" \/>\n\t<meta property=\"og:image:width\" content=\"600\" \/>\n\t<meta property=\"og:image:height\" content=\"600\" \/>\n\t<meta property=\"og:image:type\" content=\"image\/jpeg\" \/>\n<meta name=\"twitter:card\" content=\"summary_large_image\" \/>\n<script type=\"application\/ld+json\" class=\"yoast-schema-graph\">{\"@context\":\"https:\/\/schema.org\",\"@graph\":[{\"@type\":\"WebPage\",\"@id\":\"https:\/\/taniabonament.pl\/sluchawki\/model\/baseus-simu-s2-sluchawki-bezprzewodowe-bluetooth-5-0-anc-sbc-aac-tws-w-cenie-2\/\",\"url\":\"https:\/\/taniabonament.pl\/sluchawki\/model\/baseus-simu-s2-sluchawki-bezprzewodowe-bluetooth-5-0-anc-sbc-aac-tws-w-cenie-2\/\",\"name\":\"s\u0142uchawki z mikrofonem Baseus\",\"isPartOf\":{\"@id\":\"https:\/\/taniabonament.pl\/sluchawki\/#website\"},\"datePublished\":\"2022-02-14T20:26:01+00:00\",\"dateModified\":\"2022-02-14T20:26:01+00:00\",\"description\":\"S\u0142uchawki z mikrofonem. Model Baseus w atrakcyjnej cenie 399.0 PLN. Przedstawiamy s\u0142uchawki do pracy zdalnej i s\u0142uchania muzyki.\",\"breadcrumb\":{\"@id\":\"https:\/\/taniabonament.pl\/sluchawki\/model\/baseus-simu-s2-sluchawki-bezprzewodowe-bluetooth-5-0-anc-sbc-aac-tws-w-cenie-2\/#breadcrumb\"},\"inLanguage\":\"pl-PL\",\"potentialAction\":[{\"@type\":\"ReadAction\",\"target\":[\"https:\/\/taniabonament.pl\/sluchawki\/model\/baseus-simu-s2-sluchawki-bezprzewodowe-bluetooth-5-0-anc-sbc-aac-tws-w-cenie-2\/\"]}]},{\"@type\":\"BreadcrumbList\",\"@id\":\"https:\/\/taniabonament.pl\/sluchawki\/model\/baseus-simu-s2-sluchawki-bezprzewodowe-bluetooth-5-0-anc-sbc-aac-tws-w-cenie-2\/#breadcrumb\",\"itemListElement\":[{\"@type\":\"ListItem\",\"position\":1,\"name\":\"Strona g\u0142\u00f3wna\",\"item\":\"https:\/\/taniabonament.pl\/sluchawki\/\"},{\"@type\":\"ListItem\",\"position\":2,\"name\":\"Sklep\",\"item\":\"https:\/\/taniabonament.pl\/sluchawki\/\"},{\"@type\":\"ListItem\",\"position\":3,\"name\":\"Baseus SIMU S2 | S\u0142uchawki bezprzewodowe Bluetooth 5.0 ANC SBC \/ AAC TWS &#8211; w cenie\"}]},{\"@type\":\"WebSite\",\"@id\":\"https:\/\/taniabonament.pl\/sluchawki\/#website\",\"url\":\"https:\/\/taniabonament.pl\/sluchawki\/\",\"name\":\"TaniAbonament.pl S\u0142uchawki\",\"description\":\"\u015bwiat s\u0142uchawek idealnych do pracy zdalnej\",\"potentialAction\":[{\"@type\":\"SearchAction\",\"target\":{\"@type\":\"EntryPoint\",\"urlTemplate\":\"https:\/\/taniabonament.pl\/sluchawki\/?s={search_term_string}\"},\"query-input\":\"required name=search_term_string\"}],\"inLanguage\":\"pl-PL\"}]}<\/script>\n<!-- \/ Yoast SEO plugin. -->","yoast_head_json":{"title":"s\u0142uchawki z mikrofonem Baseus","description":"S\u0142uchawki z mikrofonem. Model Baseus w atrakcyjnej cenie 399.0 PLN. Przedstawiamy s\u0142uchawki do pracy zdalnej i s\u0142uchania muzyki.","robots":{"index":"index","follow":"follow","max-snippet":"max-snippet:-1","max-image-preview":"max-image-preview:large","max-video-preview":"max-video-preview:-1"},"canonical":"https:\/\/taniabonament.pl\/sluchawki\/model\/baseus-simu-s2-sluchawki-bezprzewodowe-bluetooth-5-0-anc-sbc-aac-tws-w-cenie-2\/","og_locale":"pl_PL","og_type":"article","og_title":"s\u0142uchawki z mikrofonem Baseus","og_description":"S\u0142uchawki z mikrofonem. Model Baseus w atrakcyjnej cenie 399.0 PLN. Przedstawiamy s\u0142uchawki do pracy zdalnej i s\u0142uchania muzyki.","og_url":"https:\/\/taniabonament.pl\/sluchawki\/model\/baseus-simu-s2-sluchawki-bezprzewodowe-bluetooth-5-0-anc-sbc-aac-tws-w-cenie-2\/","og_site_name":"TaniAbonament.pl S\u0142uchawki","og_image":[{"width":600,"height":600,"url":"https:\/\/taniabonament.pl\/sluchawki\/wp-content\/uploads\/2022\/02\/8d2d331706308a9ef589621a53d34976b8b9d5bd.jpg","type":"image\/jpeg"}],"twitter_card":"summary_large_image","schema":{"@context":"https:\/\/schema.org","@graph":[{"@type":"WebPage","@id":"https:\/\/taniabonament.pl\/sluchawki\/model\/baseus-simu-s2-sluchawki-bezprzewodowe-bluetooth-5-0-anc-sbc-aac-tws-w-cenie-2\/","url":"https:\/\/taniabonament.pl\/sluchawki\/model\/baseus-simu-s2-sluchawki-bezprzewodowe-bluetooth-5-0-anc-sbc-aac-tws-w-cenie-2\/","name":"s\u0142uchawki z mikrofonem Baseus","isPartOf":{"@id":"https:\/\/taniabonament.pl\/sluchawki\/#website"},"datePublished":"2022-02-14T20:26:01+00:00","dateModified":"2022-02-14T20:26:01+00:00","description":"S\u0142uchawki z mikrofonem. Model Baseus w atrakcyjnej cenie 399.0 PLN. Przedstawiamy s\u0142uchawki do pracy zdalnej i s\u0142uchania muzyki.","breadcrumb":{"@id":"https:\/\/taniabonament.pl\/sluchawki\/model\/baseus-simu-s2-sluchawki-bezprzewodowe-bluetooth-5-0-anc-sbc-aac-tws-w-cenie-2\/#breadcrumb"},"inLanguage":"pl-PL","potentialAction":[{"@type":"ReadAction","target":["https:\/\/taniabonament.pl\/sluchawki\/model\/baseus-simu-s2-sluchawki-bezprzewodowe-bluetooth-5-0-anc-sbc-aac-tws-w-cenie-2\/"]}]},{"@type":"BreadcrumbList","@id":"https:\/\/taniabonament.pl\/sluchawki\/model\/baseus-simu-s2-sluchawki-bezprzewodowe-bluetooth-5-0-anc-sbc-aac-tws-w-cenie-2\/#breadcrumb","itemListElement":[{"@type":"ListItem","position":1,"name":"Strona g\u0142\u00f3wna","item":"https:\/\/taniabonament.pl\/sluchawki\/"},{"@type":"ListItem","position":2,"name":"Sklep","item":"https:\/\/taniabonament.pl\/sluchawki\/"},{"@type":"ListItem","position":3,"name":"Baseus SIMU S2 | S\u0142uchawki bezprzewodowe Bluetooth 5.0 ANC SBC \/ AAC TWS &#8211; w cenie"}]},{"@type":"WebSite","@id":"https:\/\/taniabonament.pl\/sluchawki\/#website","url":"https:\/\/taniabonament.pl\/sluchawki\/","name":"TaniAbonament.pl S\u0142uchawki","description":"\u015bwiat s\u0142uchawek idealnych do pracy zdalnej","potentialAction":[{"@type":"SearchAction","target":{"@type":"EntryPoint","urlTemplate":"https:\/\/taniabonament.pl\/sluchawki\/?s={search_term_string}"},"query-input":"required name=search_term_string"}],"inLanguage":"pl-PL"}]}},"_links":{"self":[{"href":"https:\/\/taniabonament.pl\/sluchawki\/wp-json\/wp\/v2\/product\/9501","targetHints":{"allow":["GET"]}}],"collection":[{"href":"https:\/\/taniabonament.pl\/sluchawki\/wp-json\/wp\/v2\/product"}],"about":[{"href":"https:\/\/taniabonament.pl\/sluchawki\/wp-json\/wp\/v2\/types\/product"}],"replies":[{"embeddable":true,"href":"https:\/\/taniabonament.pl\/sluchawki\/wp-json\/wp\/v2\/comments?post=9501"}],"wp:featuredmedia":[{"embeddable":true,"href":"https:\/\/taniabonament.pl\/sluchawki\/wp-json\/wp\/v2\/media\/10018"}],"wp:attachment":[{"href":"https:\/\/taniabonament.pl\/sluchawki\/wp-json\/wp\/v2\/media?parent=9501"}],"wp:term":[{"taxonomy":"product_cat","embeddable":true,"href":"https:\/\/taniabonament.pl\/sluchawki\/wp-json\/wp\/v2\/product_cat?post=9501"},{"taxonomy":"product_tag","embeddable":true,"href":"https:\/\/taniabonament.pl\/sluchawki\/wp-json\/wp\/v2\/product_tag?post=9501"}],"curies":[{"name":"wp","href":"https:\/\/api.w.org\/{rel}","templated":true}]}}