{"id":9202,"date":"2022-02-14T20:28:04","date_gmt":"2022-02-14T20:28:04","guid":{"rendered":"https:\/\/taniabonament.pl\/sluchawki\/model\/wielofunkcyjny-bezprzewodowy-glosnik-w-ksztalcie-gigantycznej-sluchawki-funsker-innovagoods-w-cenie\/"},"modified":"2022-02-14T20:28:08","modified_gmt":"2022-02-14T20:28:08","slug":"wielofunkcyjny-bezprzewodowy-glosnik-w-ksztalcie-gigantycznej-sluchawki-funsker-innovagoods-w-cenie","status":"publish","type":"product","link":"https:\/\/taniabonament.pl\/sluchawki\/model\/wielofunkcyjny-bezprzewodowy-glosnik-w-ksztalcie-gigantycznej-sluchawki-funsker-innovagoods-w-cenie\/","title":{"rendered":"Wielofunkcyjny Bezprzewodowy G\u0142o\u015bnik w Kszta\u0142cie Gigantycznej S\u0142uchawki Funsker InnovaGoods &#8211; w cenie"},"content":{"rendered":"<p><img decoding=\"async\" style=\"margin-right: 25px; margin-bottom: 10px; width: 220px;\" src=\"https:\/\/static.convertiser.com\/media\/product_images\/316\/074dd8c8d16b633067195da1e272d413\/186d04ab58c36982c768ce0a4d0028373f4ae625.jpg\" alt=\"s\u0142uchawki z mikrofonem innovagoods\" align=\"left\" \/><\/p>\n<h2>S\u0142uchawki marki innovagoods<\/h2>\n<p>CENA ORYGINALNA: 262.0 PLN<\/p>\n<div style=\"font-weight: bold; font-size: 18px;\">\n<p>UWAGA <span style=\"color: red;\">MAMY RABATY!<\/span><\/p>\n<p>Szczeg\u00f3\u0142owe parametry takie jak dane techniczne, promocje sprawdzisz poni\u017cej w Emaga. Rozmawiaj wygodnie przez mikrofon podczas pracy zdalnej. Odizoluj si\u0119 od niepo\u017c\u0105danych d\u017awi\u0119k\u00f3w zewn\u0119trznych. Ciesz si\u0119 czystym brzmieniem w s\u0142uchawkach. Przejd\u017a teraz bezpo\u015brednio do z sklepu gdzie szybko zakupisz te s\u0142uchawki w korzystnej cenie.<\/p>\n<p><span style=\"color: #fff; background-color: #000000; padding: 1px 7px;\"><strong>innovagoods<\/strong><\/span><strong><span style=\"margin-left: 5px; color: #fff; background-color: red; padding: 1px 7px;\">262.0 PLN<\/span><\/strong><\/p>\n<p>&nbsp;<\/p>\n<p>&nbsp;<\/p>\n<\/div>\n<p style=\"text-align: center; padding-bottom: 15px;\"><a style=\"color: #fff; font-size: 22px; background-color: #e4144d; padding: 9px 14px; border-radius: 7px; text-decoration: underline;\" href=\"https:\/\/converti.se\/click\/34590059-c70e8160-5f3ad6bf\/?deep_link=http%3A%2F%2Femaga.online%2Fp%2F61%2F167775%2Fwielofunkcyjny-bezprzewodowy-glosnik-w-ksztalcie-gigantycznej-sluchawki-funsker-innovagoods-glosniki-bluetooth-elektronika-dzwiek-elektronika-informatyka.html&#038;sid=sluchawki-z-mikrofonem&#038;tag6=product&#038;tag8=074dd8c8d16b633067195da1e272d413&#038;tag9=Wielofunkcyjny+Bezprzewodowy+G%C5%82o%C5%9Bnik+w+Kszta%C5%82cie+Gigantycznej+S%C5%82uchawki+Funsker+InnovaGoods\" target=\"_blank\" rel=\"nofollow noopener\">Kup teraz<\/a> <span style=\"font-size: 22px; padding-left: 10px;\"><\/span><\/p>\n","protected":false},"excerpt":{"rendered":"<h3>Odpowiednie <span style='color: red;'>s\u0142uchawki<\/span> z mikrofonem? <\/h3>\n<p> Cechy i zalety: <\/p>\n<ul style='padding-left: 10px; padding-bottom: 10px;'>\n<li style='padding-top: 10px;'>Jezeli pasjonuje Ci\u0119 \u015bwiat gad\u017cet\u00f3w InnovaGoods oferuje Ci najlepsze oraz najoryginalniejsze artyku\u0142y dla domu, samochodu, do podr\u00f3\u017cy, dla dzieci oraz z dzia\u0142u technologii czy rozrywki, a tak\u017ce wiele innych! Odkryj szerok\u0105 gam\u0119 produkt\u00f3w wyr\u00f3\u017cniaj\u0105cych si\u0119 funkcjonalno\u015bci\u0105, wydajno\u015bci\u0105 oraz innowacyjnym designem, jak na przyk\u0142ad Wielofunkcyjny Bezprzewodowy G\u0142o\u015bnik w Kszta\u0142cie Gigantycznej S\u0142uchawki Funsker InnovaGoods Gadget Tech!Kompletny i niezwykle wszechstronny wielofunkcyjny g\u0142o\u015bnik bezprzewodowy, kt\u00f3ry dzi\u0119ki oferowanym mo\u017cliwo\u015bciom oraz oryginalnemu wzornictwu w kszta\u0142cie gigantycznej s\u0142uchawki dousznej, cieszy si\u0119 ogromn\u0105 popularno\u015bci\u0105 zar\u00f3wno w\u015br\u00f3d m\u0142odzie\u017cy, jak i doros\u0142ych\n<li style='padding-top: 10px;'>G\u0142o\u015bnik wyposa\u017cony jest w Bluetooth 5.0, ma wbudowany mikrofon oraz funkcj\u0119 g\u0142o\u015bnego m\u00f3wienia dla wygodnego prowadzenia rozm\u00f3w telefonicznych\n<li style='padding-top: 10px;'>Ponadto umo\u017cliwia s\u0142uchanie radia dzi\u0119ki funkcji radia FM\n<li style='padding-top: 10px;'>Urz\u0105dzenie jest idealne r\u00f3wnie\u017c do s\u0142uchania muzyki z dobr\u0105 jako\u015bci\u0105 d\u017awi\u0119ku z najr\u00f3\u017cniejszych urz\u0105dze\u0144\n<li style='padding-top: 10px;'>Posiada z\u0142\u0105cze USB, na micro USB i wej\u015bcie na kart\u0119 micro SD, a tak\u017ce zawiera kabel USB z podw\u00f3jnym wyj\u015bciem (micro USB i jack 3,5 mm).Materia\u0142: ABSOryginalna i przeno\u015bna konstrukcjaRodzaj: Wielokrotnego \u0142adowaniaBezprzewodowyWielofunkcyjnyBluetooth 5.0Radio FMZawiera mikrofonFunkcja g\u0142o\u015bnom\u00f3wi\u0105caPo\u0142\u0105czenie wej\u015bciowe: USBMicro-USBWej\u015bcie do kart microSD: \u226432 GBOdtwarzacz MP3\u0141atwe w u\u017cyciu, lekkie i por\u0119czne\u0141adowanie USBBateria: Li-ion 3,7 V \/ 1200 mAhDC in: 5 V \/ 1-2 AMoc: 5 W \/ 4 \u2126Cz\u0119stotliwo\u015b\u0107 (Hz): 20 Hz-18 KHzZawiera: Kabel USB do micro USB oraz jack 3,5 mmKompatybilny: Android, iOSWymiary ok.: 8,5 x 22 x 8,5 cmOpakowanie i instrukcja obs\u0142ugi w 24 j\u0119zykach (angielski, francuski, hiszpa\u0144ski, niemiecki, w\u0142oski, portugalski, niderlandzki, polski, w\u0119gierski, rumu\u0144ski, du\u0144ski, szwedzki, fi\u0144ski, litewski, norweski, s\u0142owe\u0144ski, grecki, czeski, bu\u0142garski, chorwacki, s\u0142owacki, rosyjski, \u0142otewski)&#8230;<\/ul>\n","protected":false},"featured_media":10318,"comment_status":"closed","ping_status":"open","template":"","meta":[],"product_cat":[809,601],"product_tag":[],"class_list":{"0":"post-9202","1":"product","2":"type-product","3":"status-publish","5":"hentry","6":"product_cat-innovagoods","7":"product_cat-sluchawki-z-mikrofonem","8":"pa_producent-innovagoods","9":"pa_sklep-emaga"},"yoast_head":"<!-- This site is optimized with the Yoast SEO plugin v20.9 - https:\/\/yoast.com\/wordpress\/plugins\/seo\/ -->\n<title>s\u0142uchawki z mikrofonem innovagoods<\/title>\n<meta name=\"description\" content=\"S\u0142uchawki z mikrofonem. Model innovagoods w atrakcyjnej cenie 262.0 PLN. Przedstawiamy s\u0142uchawki do pracy zdalnej i s\u0142uchania muzyki.\" \/>\n<meta name=\"robots\" content=\"index, follow, max-snippet:-1, max-image-preview:large, max-video-preview:-1\" \/>\n<link rel=\"canonical\" href=\"https:\/\/taniabonament.pl\/sluchawki\/model\/wielofunkcyjny-bezprzewodowy-glosnik-w-ksztalcie-gigantycznej-sluchawki-funsker-innovagoods-w-cenie\/\" \/>\n<meta property=\"og:locale\" content=\"pl_PL\" \/>\n<meta property=\"og:type\" content=\"article\" \/>\n<meta property=\"og:title\" content=\"s\u0142uchawki z mikrofonem innovagoods\" \/>\n<meta property=\"og:description\" content=\"S\u0142uchawki z mikrofonem. Model innovagoods w atrakcyjnej cenie 262.0 PLN. Przedstawiamy s\u0142uchawki do pracy zdalnej i s\u0142uchania muzyki.\" \/>\n<meta property=\"og:url\" content=\"https:\/\/taniabonament.pl\/sluchawki\/model\/wielofunkcyjny-bezprzewodowy-glosnik-w-ksztalcie-gigantycznej-sluchawki-funsker-innovagoods-w-cenie\/\" \/>\n<meta property=\"og:site_name\" content=\"TaniAbonament.pl S\u0142uchawki\" \/>\n<meta property=\"article:modified_time\" content=\"2022-02-14T20:28:08+00:00\" \/>\n<meta property=\"og:image\" content=\"https:\/\/taniabonament.pl\/sluchawki\/wp-content\/uploads\/2022\/02\/186d04ab58c36982c768ce0a4d0028373f4ae625.jpg\" \/>\n\t<meta property=\"og:image:width\" content=\"600\" \/>\n\t<meta property=\"og:image:height\" content=\"600\" \/>\n\t<meta property=\"og:image:type\" content=\"image\/jpeg\" \/>\n<meta name=\"twitter:card\" content=\"summary_large_image\" \/>\n<script type=\"application\/ld+json\" class=\"yoast-schema-graph\">{\"@context\":\"https:\/\/schema.org\",\"@graph\":[{\"@type\":\"WebPage\",\"@id\":\"https:\/\/taniabonament.pl\/sluchawki\/model\/wielofunkcyjny-bezprzewodowy-glosnik-w-ksztalcie-gigantycznej-sluchawki-funsker-innovagoods-w-cenie\/\",\"url\":\"https:\/\/taniabonament.pl\/sluchawki\/model\/wielofunkcyjny-bezprzewodowy-glosnik-w-ksztalcie-gigantycznej-sluchawki-funsker-innovagoods-w-cenie\/\",\"name\":\"s\u0142uchawki z mikrofonem innovagoods\",\"isPartOf\":{\"@id\":\"https:\/\/taniabonament.pl\/sluchawki\/#website\"},\"datePublished\":\"2022-02-14T20:28:04+00:00\",\"dateModified\":\"2022-02-14T20:28:08+00:00\",\"description\":\"S\u0142uchawki z mikrofonem. Model innovagoods w atrakcyjnej cenie 262.0 PLN. Przedstawiamy s\u0142uchawki do pracy zdalnej i s\u0142uchania muzyki.\",\"breadcrumb\":{\"@id\":\"https:\/\/taniabonament.pl\/sluchawki\/model\/wielofunkcyjny-bezprzewodowy-glosnik-w-ksztalcie-gigantycznej-sluchawki-funsker-innovagoods-w-cenie\/#breadcrumb\"},\"inLanguage\":\"pl-PL\",\"potentialAction\":[{\"@type\":\"ReadAction\",\"target\":[\"https:\/\/taniabonament.pl\/sluchawki\/model\/wielofunkcyjny-bezprzewodowy-glosnik-w-ksztalcie-gigantycznej-sluchawki-funsker-innovagoods-w-cenie\/\"]}]},{\"@type\":\"BreadcrumbList\",\"@id\":\"https:\/\/taniabonament.pl\/sluchawki\/model\/wielofunkcyjny-bezprzewodowy-glosnik-w-ksztalcie-gigantycznej-sluchawki-funsker-innovagoods-w-cenie\/#breadcrumb\",\"itemListElement\":[{\"@type\":\"ListItem\",\"position\":1,\"name\":\"Strona g\u0142\u00f3wna\",\"item\":\"https:\/\/taniabonament.pl\/sluchawki\/\"},{\"@type\":\"ListItem\",\"position\":2,\"name\":\"Sklep\",\"item\":\"https:\/\/taniabonament.pl\/sluchawki\/\"},{\"@type\":\"ListItem\",\"position\":3,\"name\":\"Wielofunkcyjny Bezprzewodowy G\u0142o\u015bnik w Kszta\u0142cie Gigantycznej S\u0142uchawki Funsker InnovaGoods &#8211; w cenie\"}]},{\"@type\":\"WebSite\",\"@id\":\"https:\/\/taniabonament.pl\/sluchawki\/#website\",\"url\":\"https:\/\/taniabonament.pl\/sluchawki\/\",\"name\":\"TaniAbonament.pl S\u0142uchawki\",\"description\":\"\u015bwiat s\u0142uchawek idealnych do pracy zdalnej\",\"potentialAction\":[{\"@type\":\"SearchAction\",\"target\":{\"@type\":\"EntryPoint\",\"urlTemplate\":\"https:\/\/taniabonament.pl\/sluchawki\/?s={search_term_string}\"},\"query-input\":\"required name=search_term_string\"}],\"inLanguage\":\"pl-PL\"}]}<\/script>\n<!-- \/ Yoast SEO plugin. -->","yoast_head_json":{"title":"s\u0142uchawki z mikrofonem innovagoods","description":"S\u0142uchawki z mikrofonem. Model innovagoods w atrakcyjnej cenie 262.0 PLN. Przedstawiamy s\u0142uchawki do pracy zdalnej i s\u0142uchania muzyki.","robots":{"index":"index","follow":"follow","max-snippet":"max-snippet:-1","max-image-preview":"max-image-preview:large","max-video-preview":"max-video-preview:-1"},"canonical":"https:\/\/taniabonament.pl\/sluchawki\/model\/wielofunkcyjny-bezprzewodowy-glosnik-w-ksztalcie-gigantycznej-sluchawki-funsker-innovagoods-w-cenie\/","og_locale":"pl_PL","og_type":"article","og_title":"s\u0142uchawki z mikrofonem innovagoods","og_description":"S\u0142uchawki z mikrofonem. Model innovagoods w atrakcyjnej cenie 262.0 PLN. Przedstawiamy s\u0142uchawki do pracy zdalnej i s\u0142uchania muzyki.","og_url":"https:\/\/taniabonament.pl\/sluchawki\/model\/wielofunkcyjny-bezprzewodowy-glosnik-w-ksztalcie-gigantycznej-sluchawki-funsker-innovagoods-w-cenie\/","og_site_name":"TaniAbonament.pl S\u0142uchawki","article_modified_time":"2022-02-14T20:28:08+00:00","og_image":[{"width":600,"height":600,"url":"https:\/\/taniabonament.pl\/sluchawki\/wp-content\/uploads\/2022\/02\/186d04ab58c36982c768ce0a4d0028373f4ae625.jpg","type":"image\/jpeg"}],"twitter_card":"summary_large_image","schema":{"@context":"https:\/\/schema.org","@graph":[{"@type":"WebPage","@id":"https:\/\/taniabonament.pl\/sluchawki\/model\/wielofunkcyjny-bezprzewodowy-glosnik-w-ksztalcie-gigantycznej-sluchawki-funsker-innovagoods-w-cenie\/","url":"https:\/\/taniabonament.pl\/sluchawki\/model\/wielofunkcyjny-bezprzewodowy-glosnik-w-ksztalcie-gigantycznej-sluchawki-funsker-innovagoods-w-cenie\/","name":"s\u0142uchawki z mikrofonem innovagoods","isPartOf":{"@id":"https:\/\/taniabonament.pl\/sluchawki\/#website"},"datePublished":"2022-02-14T20:28:04+00:00","dateModified":"2022-02-14T20:28:08+00:00","description":"S\u0142uchawki z mikrofonem. Model innovagoods w atrakcyjnej cenie 262.0 PLN. Przedstawiamy s\u0142uchawki do pracy zdalnej i s\u0142uchania muzyki.","breadcrumb":{"@id":"https:\/\/taniabonament.pl\/sluchawki\/model\/wielofunkcyjny-bezprzewodowy-glosnik-w-ksztalcie-gigantycznej-sluchawki-funsker-innovagoods-w-cenie\/#breadcrumb"},"inLanguage":"pl-PL","potentialAction":[{"@type":"ReadAction","target":["https:\/\/taniabonament.pl\/sluchawki\/model\/wielofunkcyjny-bezprzewodowy-glosnik-w-ksztalcie-gigantycznej-sluchawki-funsker-innovagoods-w-cenie\/"]}]},{"@type":"BreadcrumbList","@id":"https:\/\/taniabonament.pl\/sluchawki\/model\/wielofunkcyjny-bezprzewodowy-glosnik-w-ksztalcie-gigantycznej-sluchawki-funsker-innovagoods-w-cenie\/#breadcrumb","itemListElement":[{"@type":"ListItem","position":1,"name":"Strona g\u0142\u00f3wna","item":"https:\/\/taniabonament.pl\/sluchawki\/"},{"@type":"ListItem","position":2,"name":"Sklep","item":"https:\/\/taniabonament.pl\/sluchawki\/"},{"@type":"ListItem","position":3,"name":"Wielofunkcyjny Bezprzewodowy G\u0142o\u015bnik w Kszta\u0142cie Gigantycznej S\u0142uchawki Funsker InnovaGoods &#8211; w cenie"}]},{"@type":"WebSite","@id":"https:\/\/taniabonament.pl\/sluchawki\/#website","url":"https:\/\/taniabonament.pl\/sluchawki\/","name":"TaniAbonament.pl S\u0142uchawki","description":"\u015bwiat s\u0142uchawek idealnych do pracy zdalnej","potentialAction":[{"@type":"SearchAction","target":{"@type":"EntryPoint","urlTemplate":"https:\/\/taniabonament.pl\/sluchawki\/?s={search_term_string}"},"query-input":"required name=search_term_string"}],"inLanguage":"pl-PL"}]}},"_links":{"self":[{"href":"https:\/\/taniabonament.pl\/sluchawki\/wp-json\/wp\/v2\/product\/9202","targetHints":{"allow":["GET"]}}],"collection":[{"href":"https:\/\/taniabonament.pl\/sluchawki\/wp-json\/wp\/v2\/product"}],"about":[{"href":"https:\/\/taniabonament.pl\/sluchawki\/wp-json\/wp\/v2\/types\/product"}],"replies":[{"embeddable":true,"href":"https:\/\/taniabonament.pl\/sluchawki\/wp-json\/wp\/v2\/comments?post=9202"}],"wp:featuredmedia":[{"embeddable":true,"href":"https:\/\/taniabonament.pl\/sluchawki\/wp-json\/wp\/v2\/media\/10318"}],"wp:attachment":[{"href":"https:\/\/taniabonament.pl\/sluchawki\/wp-json\/wp\/v2\/media?parent=9202"}],"wp:term":[{"taxonomy":"product_cat","embeddable":true,"href":"https:\/\/taniabonament.pl\/sluchawki\/wp-json\/wp\/v2\/product_cat?post=9202"},{"taxonomy":"product_tag","embeddable":true,"href":"https:\/\/taniabonament.pl\/sluchawki\/wp-json\/wp\/v2\/product_tag?post=9202"}],"curies":[{"name":"wp","href":"https:\/\/api.w.org\/{rel}","templated":true}]}}