{"id":9154,"date":"2022-02-14T20:26:01","date_gmt":"2022-02-14T20:26:01","guid":{"rendered":"https:\/\/taniabonament.pl\/sluchawki\/model\/baseus-bowie-e8-sluchawki-bezprzewodowe-bluetooth-5-0-tws-w-cenie\/"},"modified":"2022-02-14T20:26:03","modified_gmt":"2022-02-14T20:26:03","slug":"baseus-bowie-e8-sluchawki-bezprzewodowe-bluetooth-5-0-tws-w-cenie","status":"publish","type":"product","link":"https:\/\/taniabonament.pl\/sluchawki\/model\/baseus-bowie-e8-sluchawki-bezprzewodowe-bluetooth-5-0-tws-w-cenie\/","title":{"rendered":"Baseus Bowie E8 | S\u0142uchawki bezprzewodowe Bluetooth 5.0 TWS &#8211; w cenie"},"content":{"rendered":"<p><img decoding=\"async\" style=\"margin-right: 25px; margin-bottom: 10px; width: 220px;\" src=\"https:\/\/static.convertiser.com\/media\/product_images\/349\/07b32f80e429ddb900ba8bb53392a860\/5de58692667325b54e6a6f145aeb245b757345f4.jpg\" alt=\"s\u0142uchawki z mikrofonem Baseus\" align=\"left\" \/><\/p>\n<h2>S\u0142uchawki marki Baseus<\/h2>\n<p>CENA ORYGINALNA: 199.0 PLN<\/p>\n<div style=\"font-weight: bold; font-size: 18px;\">\n<p>UWAGA <span style=\"color: red;\">MAMY RABATY!<\/span><\/p>\n<p>Szczeg\u00f3\u0142owe parametry takie jak dane techniczne, promocje sprawdzisz poni\u017cej w E-baseus. Rozmawiaj wygodnie przez mikrofon podczas pracy zdalnej. Odizoluj si\u0119 od niepo\u017c\u0105danych d\u017awi\u0119k\u00f3w zewn\u0119trznych. Ciesz si\u0119 czystym brzmieniem w s\u0142uchawkach. Przejd\u017a teraz bezpo\u015brednio do z sklepu gdzie szybko zakupisz te s\u0142uchawki w korzystnej cenie.<\/p>\n<p><span style=\"color: #fff; background-color: #000000; padding: 1px 7px;\"><strong>Baseus<\/strong><\/span><strong><span style=\"margin-left: 5px; color: #fff; background-color: red; padding: 1px 7px;\">199.0 PLN<\/span><\/strong><\/p>\n<p>&nbsp;<\/p>\n<p>&nbsp;<\/p>\n<\/div>\n<p style=\"text-align: center; padding-bottom: 15px;\"><a style=\"color: #fff; font-size: 22px; background-color: #e4144d; padding: 9px 14px; border-radius: 7px; text-decoration: underline;\" href=\"https:\/\/converti.se\/click\/34590059-c70e8160-5f3bd1b8\/?deep_link=https%3A%2F%2Fe-baseus.com%2Fproduct-pol-3718-Baseus-Bowie-E8-Sluchawki-bezprzewodowe-Bluetooth-5-0-TWS-uniw.googleshoppingpl.html&#038;sid=sluchawki-z-mikrofonem&#038;tag6=product&#038;tag8=07b32f80e429ddb900ba8bb53392a860&#038;tag9=Baseus+Bowie+E8+%7C+S%C5%82uchawki+bezprzewodowe+Bluetooth+5.0+TWS\" target=\"_blank\" rel=\"nofollow noopener\">Kup teraz<\/a> <span style=\"font-size: 22px; padding-left: 10px;\"><\/span><\/p>\n","protected":false},"excerpt":{"rendered":"<h3>Odpowiednie <span style='color: red;'>s\u0142uchawki<\/span> z mikrofonem? <\/h3>\n<p> Cechy i zalety: <\/p>\n<ul style='padding-left: 10px; padding-bottom: 10px;'>\n<li style='padding-top: 10px;'>Bowie E8Bowie E8 to lekkie i wygodne s\u0142uchawki bezprzewodowe\n<li style='padding-top: 10px;'>Ka\u017cda ze s\u0142uchawek jest pod\u0142\u0105czona bezpo\u015brednio do telefonu, co sprawia, \u017ce \u200b\u200bpo\u0142\u0105czenie jest bardziej stabilne i zmniejsza op\u00f3\u017anienie.Ka\u017cda s\u0142uchawka mo\u017ce by\u0107 u\u017cywana jako samodzielna jednostka.Zaprojektowane z wykorzystaniem technologii Bluetooth 5.0 zapewni\u0105 najbardziej niezawodne po\u0142\u0105czenie oraz nieprzerwany d\u017awi\u0119k, a po pierwszym sparowaniu wszystkie kolejne po\u0142\u0105czenia z urz\u0105dzeniem b\u0119d\u0105 nawi\u0105zywane automatycznie.S\u0142uchawki pewnie przylegaj\u0105 do uszu i pozwalaj\u0105 cieszy\u0107 si\u0119 muzyk\u0105 przez ca\u0142y dzie\u0144\n<li style='padding-top: 10px;'>Ca\u0142kowity brak kabli zapewni Ci pe\u0142n\u0105 swobod\u0119 ruch\u00f3w.Dzi\u0119ki obecno\u015bci czujnik\u00f3w optycznych i akcelerometru s\u0142uchawki rozpoznaj\u0105, kiedy je zdejmujesz i kiedy je nosisz\n<li style='padding-top: 10px;'>Wy\u0142\u0105czaj\u0105c i w\u0142\u0105czaj\u0105c d\u017awi\u0119k.Kolejn\u0105 rzecz\u0105, kt\u00f3r\u0105 zauwa\u017cysz to\u00a0kompaktowa i stylowa obudowa \u0142aduj\u0105ca, kt\u00f3ra jest dodana do s\u0142uchawek.\u00a0S\u0142u\u017cy ona jako Power Bank i zabezpiecza s\u0142uchawki przed zgubieniem\n<li style='padding-top: 10px;'>Na\u0142adujemy j\u0105 kablem Type-C.S\u0142uchawki s\u0105 wyposa\u017cone w membran\u0119 10mm r\u00f3wnowa\u017c\u0105c\u0105 wysokie, \u015brednie i niskie cz\u0119stotliwo\u015bci.W lewej i prawej s\u0142uchawce zastosowano mikrofon MEMS o wysokiej czu\u0142o\u015bci oraz adaptacyjny algorytm redukcji szum\u00f3w ANC kt\u00f3ry eliminuje szum w tle podczas po\u0142\u0105cze\u0144.Parametry:Model: True Wireless Earphones Bowie E8Material: ABS+PCWersja Bluetooth: V5.0Komunikacja: 10mCzas muzyki: ok 5h (70% g\u0142o\u015bno\u015bci)Czas muzyki z etui: 24~30hPojemno\u015b\u0107 baterii: 40mAh; s\u0142uchawki; 35 mAh etuiCzas \u0142adowania: 1hCz\u0119stotliwo\u015b\u0107: 20Hz-20kHzZ\u0142\u0105cze: Type-CKolor: r\u00f3\u017cowyKompatybilno\u015b\u0107: wszystkie urz\u0105dzenia z funkcj\u0105 BluetoothKod producenta: NGE8-04Najwa\u017cniejsze zalety:Aplikacja do lokalizowania ostatniego po\u0142o\u017cenia s\u0142uchawek.Wszystkie elementy steruj\u0105ce s\u0105 intuicyjne i znajduj\u0105 si\u0119 na samych s\u0142uchawkach.S\u0142uchawki mog\u0105 pracowa\u0107 nieprzerwanie przez 5 godzin.Obudowa, kt\u00f3ra s\u0142u\u017cy r\u00f3wnie\u017c jako \u017ar\u00f3d\u0142o zasilania.Mikrofon MEMS zapewnia stabilny, czysty d\u017awi\u0119k i doskona\u0142y efekt redukcji szum\u00f3wIdealne dopasowanie do ma\u0142\u017cowiny usznej, zapewnia dodatkowy komfort i izolacj\u0119 akustyczn\u0105.Dzi\u0119ki obecno\u015bci czujnik\u00f3w s\u0142uchawki rozpoznaj\u0105, kiedy je zdejmujesz i kiedy je nosisz, wstrzymuj\u0105c i w\u0142\u0105czaj\u0105c d\u017awi\u0119k.Bluetooth 5.0Wsparcie asystenta g\u0142osowego.D\u017awi\u0119kBaseus pracowa\u0142 nad jako\u015bci\u0105 d\u017awi\u0119ku i osi\u0105gn\u0105\u0142 imponuj\u0105ce wyniki\n<li style='padding-top: 10px;'>Mimo ma\u0142ego rozmiaru s\u0142uchawki s\u0105 wyposa\u017cone w\u00a0membran\u0119 10mm r\u00f3wnowa\u017c\u0105c\u0105 wysokie, \u015brednie i niskie cz\u0119stotliwo\u015bci.Efekt izoluj\u0105cy pozwala\u00a0cieszy\u0107 si\u0119 czystym d\u017awi\u0119kiem na najwy\u017cszym poziomie w dowolnym miejscu i czasie.Stabilne po\u0142\u0105czenie Bluetooth 5.0Dzi\u0119ki\u00a0technologii Bluetooth 5.0\u00a0mo\u017cesz przesy\u0142a\u0107 strumieniowo muzyk\u0119 ze smartfon\u00f3w, tablet\u00f3w lub innych urz\u0105dze\u0144 obs\u0142uguj\u0105cych technologi\u0119 Bluetooth\u00a0w promieniu 10m.Nowa generacja chip\u00f3w\u00a0oferuje szybsze po\u0142\u0105czenie, mniejsze zu\u017cycie energii oraz stabiln\u0105 i szybk\u0105 transmisj\u0119 d\u017awi\u0119ku.Ponadto do s\u0142uchawek mo\u017cna pod\u0142\u0105czy\u0107 jednocze\u015bnie dwa urz\u0105dzenia mobilne\n<li style='padding-top: 10px;'>Baseus Smart Control automatycznie wtrzyma muzyk\u0119 i prze\u0142\u0105czy si\u0119 na drugie urz\u0105dzenie gdy wykryje po\u0142\u0105czenie przychodz\u0105ce.WykonanieWk\u0142adki douszne zapewniaj\u0105 doskona\u0142\u0105 izolacj\u0119 akustyczn\u0105 i maksymalny komfort podczas korzystania ze s\u0142uchawek.Idealnie dopasowane do Twoich uszu\u00a0zapewniaj\u0105 d\u0142ugotrwa\u0142\u0105 wygod\u0119 noszenia\n<li style='padding-top: 10px;'>Lekkie i przeno\u015bne &#8211; do jazdy autobusem, biegania, wspinaczki i innych okazji.Etui i s\u0142uchawki wykonane s\u0105 z wysokiej jako\u015bci i wytrzyma\u0142ego tworzywa, dzi\u0119ki czemu b\u0119d\u0105 Ci s\u0142u\u017cy\u0142y przez bardzo d\u0142ugi czas.Ponadto s\u0105 wodoodporne na poziomie IPX4 i odporne na zachlapanie, co czyni je niezast\u0105pionymi dla k<\/ul>\n","protected":false},"featured_media":10024,"comment_status":"closed","ping_status":"open","template":"","meta":[],"product_cat":[74,601],"product_tag":[],"class_list":{"0":"post-9154","1":"product","2":"type-product","3":"status-publish","5":"hentry","6":"product_cat-baseus","7":"product_cat-sluchawki-z-mikrofonem","8":"pa_producent-baseus","9":"pa_sklep-e-baseus"},"yoast_head":"<!-- This site is optimized with the Yoast SEO plugin v20.9 - https:\/\/yoast.com\/wordpress\/plugins\/seo\/ -->\n<title>s\u0142uchawki z mikrofonem Baseus<\/title>\n<meta name=\"description\" content=\"S\u0142uchawki z mikrofonem. Model Baseus w atrakcyjnej cenie 199.0 PLN. Przedstawiamy s\u0142uchawki do pracy zdalnej i s\u0142uchania muzyki.\" \/>\n<meta name=\"robots\" content=\"index, follow, max-snippet:-1, max-image-preview:large, max-video-preview:-1\" \/>\n<link rel=\"canonical\" href=\"https:\/\/taniabonament.pl\/sluchawki\/model\/baseus-bowie-e8-sluchawki-bezprzewodowe-bluetooth-5-0-tws-w-cenie\/\" \/>\n<meta property=\"og:locale\" content=\"pl_PL\" \/>\n<meta property=\"og:type\" content=\"article\" \/>\n<meta property=\"og:title\" content=\"s\u0142uchawki z mikrofonem Baseus\" \/>\n<meta property=\"og:description\" content=\"S\u0142uchawki z mikrofonem. Model Baseus w atrakcyjnej cenie 199.0 PLN. Przedstawiamy s\u0142uchawki do pracy zdalnej i s\u0142uchania muzyki.\" \/>\n<meta property=\"og:url\" content=\"https:\/\/taniabonament.pl\/sluchawki\/model\/baseus-bowie-e8-sluchawki-bezprzewodowe-bluetooth-5-0-tws-w-cenie\/\" \/>\n<meta property=\"og:site_name\" content=\"TaniAbonament.pl S\u0142uchawki\" \/>\n<meta property=\"article:modified_time\" content=\"2022-02-14T20:26:03+00:00\" \/>\n<meta property=\"og:image\" content=\"https:\/\/taniabonament.pl\/sluchawki\/wp-content\/uploads\/2022\/02\/5de58692667325b54e6a6f145aeb245b757345f4.jpg\" \/>\n\t<meta property=\"og:image:width\" content=\"600\" \/>\n\t<meta property=\"og:image:height\" content=\"600\" \/>\n\t<meta property=\"og:image:type\" content=\"image\/jpeg\" \/>\n<meta name=\"twitter:card\" content=\"summary_large_image\" \/>\n<script type=\"application\/ld+json\" class=\"yoast-schema-graph\">{\"@context\":\"https:\/\/schema.org\",\"@graph\":[{\"@type\":\"WebPage\",\"@id\":\"https:\/\/taniabonament.pl\/sluchawki\/model\/baseus-bowie-e8-sluchawki-bezprzewodowe-bluetooth-5-0-tws-w-cenie\/\",\"url\":\"https:\/\/taniabonament.pl\/sluchawki\/model\/baseus-bowie-e8-sluchawki-bezprzewodowe-bluetooth-5-0-tws-w-cenie\/\",\"name\":\"s\u0142uchawki z mikrofonem Baseus\",\"isPartOf\":{\"@id\":\"https:\/\/taniabonament.pl\/sluchawki\/#website\"},\"datePublished\":\"2022-02-14T20:26:01+00:00\",\"dateModified\":\"2022-02-14T20:26:03+00:00\",\"description\":\"S\u0142uchawki z mikrofonem. Model Baseus w atrakcyjnej cenie 199.0 PLN. Przedstawiamy s\u0142uchawki do pracy zdalnej i s\u0142uchania muzyki.\",\"breadcrumb\":{\"@id\":\"https:\/\/taniabonament.pl\/sluchawki\/model\/baseus-bowie-e8-sluchawki-bezprzewodowe-bluetooth-5-0-tws-w-cenie\/#breadcrumb\"},\"inLanguage\":\"pl-PL\",\"potentialAction\":[{\"@type\":\"ReadAction\",\"target\":[\"https:\/\/taniabonament.pl\/sluchawki\/model\/baseus-bowie-e8-sluchawki-bezprzewodowe-bluetooth-5-0-tws-w-cenie\/\"]}]},{\"@type\":\"BreadcrumbList\",\"@id\":\"https:\/\/taniabonament.pl\/sluchawki\/model\/baseus-bowie-e8-sluchawki-bezprzewodowe-bluetooth-5-0-tws-w-cenie\/#breadcrumb\",\"itemListElement\":[{\"@type\":\"ListItem\",\"position\":1,\"name\":\"Strona g\u0142\u00f3wna\",\"item\":\"https:\/\/taniabonament.pl\/sluchawki\/\"},{\"@type\":\"ListItem\",\"position\":2,\"name\":\"Sklep\",\"item\":\"https:\/\/taniabonament.pl\/sluchawki\/\"},{\"@type\":\"ListItem\",\"position\":3,\"name\":\"Baseus Bowie E8 | S\u0142uchawki bezprzewodowe Bluetooth 5.0 TWS &#8211; w cenie\"}]},{\"@type\":\"WebSite\",\"@id\":\"https:\/\/taniabonament.pl\/sluchawki\/#website\",\"url\":\"https:\/\/taniabonament.pl\/sluchawki\/\",\"name\":\"TaniAbonament.pl S\u0142uchawki\",\"description\":\"\u015bwiat s\u0142uchawek idealnych do pracy zdalnej\",\"potentialAction\":[{\"@type\":\"SearchAction\",\"target\":{\"@type\":\"EntryPoint\",\"urlTemplate\":\"https:\/\/taniabonament.pl\/sluchawki\/?s={search_term_string}\"},\"query-input\":\"required name=search_term_string\"}],\"inLanguage\":\"pl-PL\"}]}<\/script>\n<!-- \/ Yoast SEO plugin. -->","yoast_head_json":{"title":"s\u0142uchawki z mikrofonem Baseus","description":"S\u0142uchawki z mikrofonem. Model Baseus w atrakcyjnej cenie 199.0 PLN. Przedstawiamy s\u0142uchawki do pracy zdalnej i s\u0142uchania muzyki.","robots":{"index":"index","follow":"follow","max-snippet":"max-snippet:-1","max-image-preview":"max-image-preview:large","max-video-preview":"max-video-preview:-1"},"canonical":"https:\/\/taniabonament.pl\/sluchawki\/model\/baseus-bowie-e8-sluchawki-bezprzewodowe-bluetooth-5-0-tws-w-cenie\/","og_locale":"pl_PL","og_type":"article","og_title":"s\u0142uchawki z mikrofonem Baseus","og_description":"S\u0142uchawki z mikrofonem. Model Baseus w atrakcyjnej cenie 199.0 PLN. Przedstawiamy s\u0142uchawki do pracy zdalnej i s\u0142uchania muzyki.","og_url":"https:\/\/taniabonament.pl\/sluchawki\/model\/baseus-bowie-e8-sluchawki-bezprzewodowe-bluetooth-5-0-tws-w-cenie\/","og_site_name":"TaniAbonament.pl S\u0142uchawki","article_modified_time":"2022-02-14T20:26:03+00:00","og_image":[{"width":600,"height":600,"url":"https:\/\/taniabonament.pl\/sluchawki\/wp-content\/uploads\/2022\/02\/5de58692667325b54e6a6f145aeb245b757345f4.jpg","type":"image\/jpeg"}],"twitter_card":"summary_large_image","schema":{"@context":"https:\/\/schema.org","@graph":[{"@type":"WebPage","@id":"https:\/\/taniabonament.pl\/sluchawki\/model\/baseus-bowie-e8-sluchawki-bezprzewodowe-bluetooth-5-0-tws-w-cenie\/","url":"https:\/\/taniabonament.pl\/sluchawki\/model\/baseus-bowie-e8-sluchawki-bezprzewodowe-bluetooth-5-0-tws-w-cenie\/","name":"s\u0142uchawki z mikrofonem Baseus","isPartOf":{"@id":"https:\/\/taniabonament.pl\/sluchawki\/#website"},"datePublished":"2022-02-14T20:26:01+00:00","dateModified":"2022-02-14T20:26:03+00:00","description":"S\u0142uchawki z mikrofonem. Model Baseus w atrakcyjnej cenie 199.0 PLN. Przedstawiamy s\u0142uchawki do pracy zdalnej i s\u0142uchania muzyki.","breadcrumb":{"@id":"https:\/\/taniabonament.pl\/sluchawki\/model\/baseus-bowie-e8-sluchawki-bezprzewodowe-bluetooth-5-0-tws-w-cenie\/#breadcrumb"},"inLanguage":"pl-PL","potentialAction":[{"@type":"ReadAction","target":["https:\/\/taniabonament.pl\/sluchawki\/model\/baseus-bowie-e8-sluchawki-bezprzewodowe-bluetooth-5-0-tws-w-cenie\/"]}]},{"@type":"BreadcrumbList","@id":"https:\/\/taniabonament.pl\/sluchawki\/model\/baseus-bowie-e8-sluchawki-bezprzewodowe-bluetooth-5-0-tws-w-cenie\/#breadcrumb","itemListElement":[{"@type":"ListItem","position":1,"name":"Strona g\u0142\u00f3wna","item":"https:\/\/taniabonament.pl\/sluchawki\/"},{"@type":"ListItem","position":2,"name":"Sklep","item":"https:\/\/taniabonament.pl\/sluchawki\/"},{"@type":"ListItem","position":3,"name":"Baseus Bowie E8 | S\u0142uchawki bezprzewodowe Bluetooth 5.0 TWS &#8211; w cenie"}]},{"@type":"WebSite","@id":"https:\/\/taniabonament.pl\/sluchawki\/#website","url":"https:\/\/taniabonament.pl\/sluchawki\/","name":"TaniAbonament.pl S\u0142uchawki","description":"\u015bwiat s\u0142uchawek idealnych do pracy zdalnej","potentialAction":[{"@type":"SearchAction","target":{"@type":"EntryPoint","urlTemplate":"https:\/\/taniabonament.pl\/sluchawki\/?s={search_term_string}"},"query-input":"required name=search_term_string"}],"inLanguage":"pl-PL"}]}},"_links":{"self":[{"href":"https:\/\/taniabonament.pl\/sluchawki\/wp-json\/wp\/v2\/product\/9154","targetHints":{"allow":["GET"]}}],"collection":[{"href":"https:\/\/taniabonament.pl\/sluchawki\/wp-json\/wp\/v2\/product"}],"about":[{"href":"https:\/\/taniabonament.pl\/sluchawki\/wp-json\/wp\/v2\/types\/product"}],"replies":[{"embeddable":true,"href":"https:\/\/taniabonament.pl\/sluchawki\/wp-json\/wp\/v2\/comments?post=9154"}],"wp:featuredmedia":[{"embeddable":true,"href":"https:\/\/taniabonament.pl\/sluchawki\/wp-json\/wp\/v2\/media\/10024"}],"wp:attachment":[{"href":"https:\/\/taniabonament.pl\/sluchawki\/wp-json\/wp\/v2\/media?parent=9154"}],"wp:term":[{"taxonomy":"product_cat","embeddable":true,"href":"https:\/\/taniabonament.pl\/sluchawki\/wp-json\/wp\/v2\/product_cat?post=9154"},{"taxonomy":"product_tag","embeddable":true,"href":"https:\/\/taniabonament.pl\/sluchawki\/wp-json\/wp\/v2\/product_tag?post=9154"}],"curies":[{"name":"wp","href":"https:\/\/api.w.org\/{rel}","templated":true}]}}