{"id":9029,"date":"2021-05-14T21:24:06","date_gmt":"2021-05-14T21:24:06","guid":{"rendered":"https:\/\/taniabonament.pl\/sluchawki\/model\/intezze-sluchawki-cliq\/"},"modified":"2021-05-14T21:24:07","modified_gmt":"2021-05-14T21:24:07","slug":"intezze-sluchawki-cliq","status":"publish","type":"product","link":"https:\/\/taniabonament.pl\/sluchawki\/model\/intezze-sluchawki-cliq\/","title":{"rendered":"Intezze s\u0142uchawki CLIQ"},"content":{"rendered":"<p><img decoding=\"async\" style=\"margin-right: 25px; margin-bottom: 10px; width: 220px;\" src=\"https:\/\/static.convertiser.com\/media\/product_images\/49\/575eba9c3a876e8872ae6a6f03892ee8\/564c9bba75c129c96ffd76123792458eefe80611.jpg\" alt=\"s\u0142uchawki Intezze\" align=\"left\" \/><\/p>\n<h2>S\u0142uchawki marki Intezze<\/h2>\n<p>CENA ORYGINALNA: 417.0 PLN<\/p>\n<div style=\"font-weight: bold; font-size: 18px;\">\n<p>UWAGA <span style=\"color: red;\">MAMY RABATY!<\/span><\/p>\n<p>Szczeg\u00f3\u0142owe parametry takie jak dane techniczne, promocje sprawdzisz poni\u017cej w Mall.pl. Przejd\u017a bezpo\u015brednio do tych s\u0142uchawek.<\/p>\n<p><span style=\"color: #fff; background-color: #000000; padding: 1px 7px;\"><strong>Intezze<\/strong><\/span><strong><span style=\"margin-left: 5px; color: #fff; background-color: red; padding: 1px 7px;\">417.0 PLN<\/span><\/strong><\/p>\n<p>&nbsp;<\/p>\n<p>&nbsp;<\/p>\n<\/div>\n<p style=\"text-align: center; padding-bottom: 15px;\"><a style=\"color: #fff; font-size: 22px; background-color: #e4144d; padding: 9px; border-radius: 7px; text-decoration: underline;\" href=\"https:\/\/converti.se\/click\/34590059-c70e8160-5f3fd1b8\/?deep_link=https%3A%2F%2Fwww.mall.pl%2Fprzenosne-sluchawki%2Fintezze-sluchawki-cliq&#038;sid=sluchawki-bezp-bluetooth&#038;tag6=product&#038;tag8=575eba9c3a876e8872ae6a6f03892ee8&#038;tag9=Intezze+s%C5%82uchawki+CLIQ\" target=\"_blank\" rel=\"nofollow noopener\">Kup w sklepie<\/a> <span style=\"font-size: 22px; padding-left: 10px;\">355.0 PLN<\/span><\/p>\n","protected":false},"excerpt":{"rendered":"<h3>Odpowiednie <span style='color: red;'>s\u0142uchawki<\/span> bezprzewodowe? <\/h3>\n<p> Cechy i zalety: <\/p>\n<ul style='padding-left: 10px; padding-bottom: 10px;'>\n<li style='padding-top: 10px;'>Dzi\u0119ki systemowi 4 mikrofon\u00f3w i Qualcomm cVc s\u0142uchawki skutecznie t\u0142umi\u0105 ha\u0142as w trybie g\u0142o\u015bnom\u00f3wi\u0105cym \u2013 nowoczesne s\u0142uchawki bezprzewodowe Bluetooth 5.2 nadaj\u0105 si\u0119 zar\u00f3wno do rozm\u00f3w telefonicznych, jak i s\u0142uchania muzyki w wysokiej jako\u015bci d\u017awi\u0119ku\n<li style='padding-top: 10px;'>S\u0105 wyposa\u017cone w pot\u0119\u017cne przetworniki 10 mm i chip Qualcomm 3040\n<li style='padding-top: 10px;'>Dzia\u0142aj\u0105 przez 8 godzin na jednym \u0142adowaniu i maj\u0105 do dyspozycji etui \u0142aduj\u0105ce 450mAh.<\/ul>\n","protected":false},"featured_media":9030,"comment_status":"closed","ping_status":"open","template":"","meta":[],"product_cat":[257,594],"product_tag":[],"class_list":{"0":"post-9029","1":"product","2":"type-product","3":"status-publish","5":"hentry","6":"product_cat-intezze","7":"product_cat-sluchawki-bezprzewodowe-bluetooth","8":"pa_producent-intezze","9":"pa_sklep-mall-pl"},"yoast_head":"<!-- This site is optimized with the Yoast SEO plugin v20.9 - https:\/\/yoast.com\/wordpress\/plugins\/seo\/ -->\n<title>s\u0142uchawki bezprzewodowe Intezze bluetooth - w dobrej cenie 417.0 PLN<\/title>\n<meta name=\"description\" content=\"Telefony, GPS &gt; S\u0142uchawki, zestawy Bluetooth &gt; S\u0142uchawki przeno\u015bne. Model Intezze w atrakcyjnej cenie 417.0 PLN. Przedstawiamy s\u0142uchawki do pracy zdalnej i s\u0142uchania muzyki.\" \/>\n<meta name=\"robots\" content=\"index, follow, max-snippet:-1, max-image-preview:large, max-video-preview:-1\" \/>\n<link rel=\"canonical\" href=\"https:\/\/taniabonament.pl\/sluchawki\/model\/intezze-sluchawki-cliq\/\" \/>\n<meta property=\"og:locale\" content=\"pl_PL\" \/>\n<meta property=\"og:type\" content=\"article\" \/>\n<meta property=\"og:title\" content=\"s\u0142uchawki bezprzewodowe Intezze bluetooth - w dobrej cenie 417.0 PLN\" \/>\n<meta property=\"og:description\" content=\"Telefony, GPS &gt; S\u0142uchawki, zestawy Bluetooth &gt; S\u0142uchawki przeno\u015bne. Model Intezze w atrakcyjnej cenie 417.0 PLN. Przedstawiamy s\u0142uchawki do pracy zdalnej i s\u0142uchania muzyki.\" \/>\n<meta property=\"og:url\" content=\"https:\/\/taniabonament.pl\/sluchawki\/model\/intezze-sluchawki-cliq\/\" \/>\n<meta property=\"og:site_name\" content=\"TaniAbonament.pl S\u0142uchawki\" \/>\n<meta property=\"article:modified_time\" content=\"2021-05-14T21:24:07+00:00\" \/>\n<meta property=\"og:image\" content=\"https:\/\/taniabonament.pl\/sluchawki\/wp-content\/uploads\/2021\/05\/564c9bba75c129c96ffd76123792458eefe80611.jpg\" \/>\n\t<meta property=\"og:image:width\" content=\"569\" \/>\n\t<meta property=\"og:image:height\" content=\"839\" \/>\n\t<meta property=\"og:image:type\" content=\"image\/jpeg\" \/>\n<meta name=\"twitter:card\" content=\"summary_large_image\" \/>\n<script type=\"application\/ld+json\" class=\"yoast-schema-graph\">{\"@context\":\"https:\/\/schema.org\",\"@graph\":[{\"@type\":\"WebPage\",\"@id\":\"https:\/\/taniabonament.pl\/sluchawki\/model\/intezze-sluchawki-cliq\/\",\"url\":\"https:\/\/taniabonament.pl\/sluchawki\/model\/intezze-sluchawki-cliq\/\",\"name\":\"s\u0142uchawki bezprzewodowe Intezze bluetooth - w dobrej cenie 417.0 PLN\",\"isPartOf\":{\"@id\":\"https:\/\/taniabonament.pl\/sluchawki\/#website\"},\"datePublished\":\"2021-05-14T21:24:06+00:00\",\"dateModified\":\"2021-05-14T21:24:07+00:00\",\"description\":\"Telefony, GPS > S\u0142uchawki, zestawy Bluetooth > S\u0142uchawki przeno\u015bne. Model Intezze w atrakcyjnej cenie 417.0 PLN. Przedstawiamy s\u0142uchawki do pracy zdalnej i s\u0142uchania muzyki.\",\"breadcrumb\":{\"@id\":\"https:\/\/taniabonament.pl\/sluchawki\/model\/intezze-sluchawki-cliq\/#breadcrumb\"},\"inLanguage\":\"pl-PL\",\"potentialAction\":[{\"@type\":\"ReadAction\",\"target\":[\"https:\/\/taniabonament.pl\/sluchawki\/model\/intezze-sluchawki-cliq\/\"]}]},{\"@type\":\"BreadcrumbList\",\"@id\":\"https:\/\/taniabonament.pl\/sluchawki\/model\/intezze-sluchawki-cliq\/#breadcrumb\",\"itemListElement\":[{\"@type\":\"ListItem\",\"position\":1,\"name\":\"Strona g\u0142\u00f3wna\",\"item\":\"https:\/\/taniabonament.pl\/sluchawki\/\"},{\"@type\":\"ListItem\",\"position\":2,\"name\":\"Sklep\",\"item\":\"https:\/\/taniabonament.pl\/sluchawki\/\"},{\"@type\":\"ListItem\",\"position\":3,\"name\":\"Intezze s\u0142uchawki CLIQ\"}]},{\"@type\":\"WebSite\",\"@id\":\"https:\/\/taniabonament.pl\/sluchawki\/#website\",\"url\":\"https:\/\/taniabonament.pl\/sluchawki\/\",\"name\":\"TaniAbonament.pl S\u0142uchawki\",\"description\":\"\u015bwiat s\u0142uchawek idealnych do pracy zdalnej\",\"potentialAction\":[{\"@type\":\"SearchAction\",\"target\":{\"@type\":\"EntryPoint\",\"urlTemplate\":\"https:\/\/taniabonament.pl\/sluchawki\/?s={search_term_string}\"},\"query-input\":\"required name=search_term_string\"}],\"inLanguage\":\"pl-PL\"}]}<\/script>\n<!-- \/ Yoast SEO plugin. -->","yoast_head_json":{"title":"s\u0142uchawki bezprzewodowe Intezze bluetooth - w dobrej cenie 417.0 PLN","description":"Telefony, GPS > S\u0142uchawki, zestawy Bluetooth > S\u0142uchawki przeno\u015bne. Model Intezze w atrakcyjnej cenie 417.0 PLN. Przedstawiamy s\u0142uchawki do pracy zdalnej i s\u0142uchania muzyki.","robots":{"index":"index","follow":"follow","max-snippet":"max-snippet:-1","max-image-preview":"max-image-preview:large","max-video-preview":"max-video-preview:-1"},"canonical":"https:\/\/taniabonament.pl\/sluchawki\/model\/intezze-sluchawki-cliq\/","og_locale":"pl_PL","og_type":"article","og_title":"s\u0142uchawki bezprzewodowe Intezze bluetooth - w dobrej cenie 417.0 PLN","og_description":"Telefony, GPS > S\u0142uchawki, zestawy Bluetooth > S\u0142uchawki przeno\u015bne. Model Intezze w atrakcyjnej cenie 417.0 PLN. Przedstawiamy s\u0142uchawki do pracy zdalnej i s\u0142uchania muzyki.","og_url":"https:\/\/taniabonament.pl\/sluchawki\/model\/intezze-sluchawki-cliq\/","og_site_name":"TaniAbonament.pl S\u0142uchawki","article_modified_time":"2021-05-14T21:24:07+00:00","og_image":[{"width":569,"height":839,"url":"https:\/\/taniabonament.pl\/sluchawki\/wp-content\/uploads\/2021\/05\/564c9bba75c129c96ffd76123792458eefe80611.jpg","type":"image\/jpeg"}],"twitter_card":"summary_large_image","schema":{"@context":"https:\/\/schema.org","@graph":[{"@type":"WebPage","@id":"https:\/\/taniabonament.pl\/sluchawki\/model\/intezze-sluchawki-cliq\/","url":"https:\/\/taniabonament.pl\/sluchawki\/model\/intezze-sluchawki-cliq\/","name":"s\u0142uchawki bezprzewodowe Intezze bluetooth - w dobrej cenie 417.0 PLN","isPartOf":{"@id":"https:\/\/taniabonament.pl\/sluchawki\/#website"},"datePublished":"2021-05-14T21:24:06+00:00","dateModified":"2021-05-14T21:24:07+00:00","description":"Telefony, GPS > S\u0142uchawki, zestawy Bluetooth > S\u0142uchawki przeno\u015bne. Model Intezze w atrakcyjnej cenie 417.0 PLN. Przedstawiamy s\u0142uchawki do pracy zdalnej i s\u0142uchania muzyki.","breadcrumb":{"@id":"https:\/\/taniabonament.pl\/sluchawki\/model\/intezze-sluchawki-cliq\/#breadcrumb"},"inLanguage":"pl-PL","potentialAction":[{"@type":"ReadAction","target":["https:\/\/taniabonament.pl\/sluchawki\/model\/intezze-sluchawki-cliq\/"]}]},{"@type":"BreadcrumbList","@id":"https:\/\/taniabonament.pl\/sluchawki\/model\/intezze-sluchawki-cliq\/#breadcrumb","itemListElement":[{"@type":"ListItem","position":1,"name":"Strona g\u0142\u00f3wna","item":"https:\/\/taniabonament.pl\/sluchawki\/"},{"@type":"ListItem","position":2,"name":"Sklep","item":"https:\/\/taniabonament.pl\/sluchawki\/"},{"@type":"ListItem","position":3,"name":"Intezze s\u0142uchawki CLIQ"}]},{"@type":"WebSite","@id":"https:\/\/taniabonament.pl\/sluchawki\/#website","url":"https:\/\/taniabonament.pl\/sluchawki\/","name":"TaniAbonament.pl S\u0142uchawki","description":"\u015bwiat s\u0142uchawek idealnych do pracy zdalnej","potentialAction":[{"@type":"SearchAction","target":{"@type":"EntryPoint","urlTemplate":"https:\/\/taniabonament.pl\/sluchawki\/?s={search_term_string}"},"query-input":"required name=search_term_string"}],"inLanguage":"pl-PL"}]}},"_links":{"self":[{"href":"https:\/\/taniabonament.pl\/sluchawki\/wp-json\/wp\/v2\/product\/9029","targetHints":{"allow":["GET"]}}],"collection":[{"href":"https:\/\/taniabonament.pl\/sluchawki\/wp-json\/wp\/v2\/product"}],"about":[{"href":"https:\/\/taniabonament.pl\/sluchawki\/wp-json\/wp\/v2\/types\/product"}],"replies":[{"embeddable":true,"href":"https:\/\/taniabonament.pl\/sluchawki\/wp-json\/wp\/v2\/comments?post=9029"}],"wp:featuredmedia":[{"embeddable":true,"href":"https:\/\/taniabonament.pl\/sluchawki\/wp-json\/wp\/v2\/media\/9030"}],"wp:attachment":[{"href":"https:\/\/taniabonament.pl\/sluchawki\/wp-json\/wp\/v2\/media?parent=9029"}],"wp:term":[{"taxonomy":"product_cat","embeddable":true,"href":"https:\/\/taniabonament.pl\/sluchawki\/wp-json\/wp\/v2\/product_cat?post=9029"},{"taxonomy":"product_tag","embeddable":true,"href":"https:\/\/taniabonament.pl\/sluchawki\/wp-json\/wp\/v2\/product_tag?post=9029"}],"curies":[{"name":"wp","href":"https:\/\/api.w.org\/{rel}","templated":true}]}}