{"id":8870,"date":"2022-09-10T06:30:02","date_gmt":"2022-09-10T06:30:02","guid":{"rendered":"https:\/\/taniabonament.pl\/sluchawki\/model\/sluchawki-bezprzewodowe-realme-buds-air-neo-2-black\/"},"modified":"2022-09-10T06:30:02","modified_gmt":"2022-09-10T06:30:02","slug":"sluchawki-bezprzewodowe-realme-buds-air-neo-2-black","status":"publish","type":"product","link":"https:\/\/taniabonament.pl\/sluchawki\/model\/sluchawki-bezprzewodowe-realme-buds-air-neo-2-black\/","title":{"rendered":"S\u0142uchawki bezprzewodowe realme Buds Air Neo 2 Black"},"content":{"rendered":"<p><img decoding=\"async\" style=\"margin-right: 25px; margin-bottom: 10px; width: 220px;\" src=\"https:\/\/static.convertiser.com\/media\/product_images\/354\/3263224197b91a69ed78022b993ace36\/b0d3b7d1ca6e9e78e973e70129c9524d3c1d251a.webp\" alt=\"s\u0142uchawki \" align=\"left\" \/><\/p>\n<h2>S\u0142uchawki marki <\/h2>\n<p>CENA ORYGINALNA: 179.0 PLN<\/p>\n<div style=\"font-weight: bold; font-size: 18px;\">\n<p>UWAGA <span style=\"color: red;\">MAMY RABATY!<\/span><\/p>\n<p>Szczeg\u00f3\u0142owe parametry takie jak dane techniczne, promocje sprawdzisz poni\u017cej w Realme. Przejd\u017a bezpo\u015brednio do tych s\u0142uchawek.<\/p>\n<p><span style=\"color: #fff; background-color: #000000; padding: 1px 7px;\"><strong><\/strong><\/span><strong><span style=\"margin-left: 5px; color: #fff; background-color: red; padding: 1px 7px;\">179.0 PLN<\/span><\/strong><\/p>\n<\/div>\n<p style=\"text-align: center; padding-bottom: 15px; padding-top: 10px;\"><a style=\"color: #fff; font-size: 22px; background-color: #e4144d; padding: 9px; border-radius: 7px; text-decoration: underline;\" href=\"https:\/\/converti.se\/click\/34590059-c70e8160-5f3bd1b6\/?deep_link=https%3A%2F%2Fsklep-realme.pl%2Fprodukt%2Fsluchawki-bezprzewodowe-realme-buds-air-neo-2-black%2F%3Futm_source%3DCustom%2520Feed%26utm_campaign%3DProduct%2520Feed%2520Realme%26utm_medium%3Dcpc%26utm_term%3D9018&#038;sid=sluchawki-bezprzewodowe&#038;tag6=product&#038;tag8=3263224197b91a69ed78022b993ace36&#038;tag9=S%C5%82uchawki+bezprzewodowe+realme+Buds+Air+Neo+2+Black\" target=\"_blank\" rel=\"nofollow noopener\">Sprawd\u017a Szczeg\u00f3\u0142y<\/a> <span style=\"font-size: 22px; padding-left: 10px;\"><\/span><\/p>\n<p style=\"text-align: center;\">DZI\u0118KUJEMY, \u017ce jeste\u015b z nami!<br \/>\nzapami\u0119taj najlepsze s\u0142uchawki znajdziesz na TaniAbonament.pl\/sluchawki\/<\/p>\n<p style=\"text-align: center;\">odwiedzaj nas cz\u0119\u015bciej \ud83d\ude42<\/p>\n<h3>Jakie s\u0142uchawki wybra\u0107?<\/h3>\n<p>Musisz wiedzie\u0107, \u017ce <a style=\"color: red;\" href=\"https:\/\/taniabonament.pl\/sluchawki\/\">dobre s\u0142uchawki<\/a> powinny by\u0107 przede wszystkim wygodne. Na rynku dost\u0119pne s\u0105 r\u00f3\u017cne modele, od s\u0142uchawek dousznych jak i s\u0142uchawek bardziej klasycznych &#8211; zakrywaj\u0105cych ca\u0142e uszy. Wyb\u00f3r odpowiedniego modelu zale\u017cy od ka\u017cdego nas i od potrzeb kt\u00f3re po prostu mamy. Dodatkow\u0105 wygod\u0105 jest tak\u017ce transmisja bezprzewodowa, realizowana g\u0142\u00f3wnie za po\u015brednictwem modu\u0142u bluetooth, to si\u0119 sprawdza na co dzie\u0144.<\/p>\n<p>Ceny poszczeg\u00f3lnych modeli mog\u0105 by\u0107 r\u00f3\u017cne, od najta\u0144szych kt\u00f3re zapewniaj\u0105 nazwijmy to podstawowy ods\u0142uch, po modele s\u0142uchawek z wy\u017cszej p\u00f3\u0142ki kt\u00f3re gwarantuj\u0105 bardzo dobr\u0105 jako\u015b\u0107 d\u017awi\u0119ku. Ten model mo\u017ce by\u0107 w kr\u0119gu Twoich zainteresowa\u0144.<\/p>\n<p>Dobrze dobrane dobre s\u0142uchawki sprawdz\u0105 si\u0119 w r\u00f3\u017cnych sytuacjach i b\u0119d\u0105 idealnym uzupe\u0142nieniem Twojego smartfona (zobacz jaki <a style=\"color: red;\" href=\"https:\/\/taniabonament.pl\/telefony\/\">nowy telefon<\/a> mo\u017cesz kupi\u0107 dzisiaj w atrakcyjnej cenie), dzi\u0119ki czemu b\u0119dziesz komfortowo s\u0142ucha\u0107 ulubionej muzyki.<\/p>\n","protected":false},"excerpt":{"rendered":"<h3>Odpowiednie <span style='color: red;'>s\u0142uchawki<\/span> bezprzewodowe? <\/h3>\n<p> Cechy i zalety: <\/p>\n<ul style='padding-left: 10px; padding-bottom: 10px;'>\n<li style='padding-top: 10px;'>Aktywna redukcja szum\u00f3w do 25 dB Automatyczne po\u0142\u0105czenie Szybkie parowanie Dynamiczne wzmocnienie bas\u00f3w Du\u017cy sterownik 10mm Super niskie op\u00f3\u017anienia Dedykowany tryb do gier Inteligentne sterowanie dotykowe W\u0142\u0105cz Asystent Google jednym dotkni\u0119ciem Aplikacja realme Link Dostosuj i ulepsz swoje s\u0142uchawki Darmowa dostawa od 150 z\u0142 Bezpieczne p\u0142atno\u015bci 14 dni na zwrot S\u0142uchawki douszne i dokana\u0142owe s\u0105 produktem higienicznym, zgodnie z regulaminem po otwarciu opakowania, produkt higieniczny nie podlega zwrotowi\n<li style='padding-top: 10px;'>Inne warianty: realme Buds Air Neo 2 Grey<\/ul>\n","protected":false},"featured_media":11513,"comment_status":"closed","ping_status":"open","template":"","meta":[],"product_cat":[595],"product_tag":[],"class_list":{"0":"post-8870","1":"product","2":"type-product","3":"status-publish","5":"hentry","6":"product_cat-sluchawki-bezprzewodowe","7":"pa_sklep-realme"},"yoast_head":"<!-- This site is optimized with the Yoast SEO plugin v20.9 - https:\/\/yoast.com\/wordpress\/plugins\/seo\/ -->\n<title>s\u0142uchawki bezprzewodowe - promocje na TaniAbonament.pl<\/title>\n<meta name=\"description\" content=\"S\u0142uchawki bezprzewodowe. Model w atrakcyjnej cenie 179.0 PLN. Przedstawiamy s\u0142uchawki do pracy zdalnej i s\u0142uchania muzyki.\" \/>\n<meta name=\"robots\" content=\"index, follow, max-snippet:-1, max-image-preview:large, max-video-preview:-1\" \/>\n<link rel=\"canonical\" href=\"https:\/\/taniabonament.pl\/sluchawki\/model\/sluchawki-bezprzewodowe-realme-buds-air-neo-2-black\/\" \/>\n<meta property=\"og:locale\" content=\"pl_PL\" \/>\n<meta property=\"og:type\" content=\"article\" \/>\n<meta property=\"og:title\" content=\"s\u0142uchawki bezprzewodowe - promocje na TaniAbonament.pl\" \/>\n<meta property=\"og:description\" content=\"S\u0142uchawki bezprzewodowe. Model w atrakcyjnej cenie 179.0 PLN. Przedstawiamy s\u0142uchawki do pracy zdalnej i s\u0142uchania muzyki.\" \/>\n<meta property=\"og:url\" content=\"https:\/\/taniabonament.pl\/sluchawki\/model\/sluchawki-bezprzewodowe-realme-buds-air-neo-2-black\/\" \/>\n<meta property=\"og:site_name\" content=\"TaniAbonament.pl S\u0142uchawki\" \/>\n<meta property=\"og:image\" content=\"https:\/\/taniabonament.pl\/sluchawki\/wp-content\/uploads\/2022\/09\/b0d3b7d1ca6e9e78e973e70129c9524d3c1d251a.webp\" \/>\n\t<meta property=\"og:image:width\" content=\"1000\" \/>\n\t<meta property=\"og:image:height\" content=\"1000\" \/>\n\t<meta property=\"og:image:type\" content=\"image\/webp\" \/>\n<meta name=\"twitter:card\" content=\"summary_large_image\" \/>\n<meta name=\"twitter:label1\" content=\"Szacowany czas czytania\" \/>\n\t<meta name=\"twitter:data1\" content=\"1 minuta\" \/>\n<script type=\"application\/ld+json\" class=\"yoast-schema-graph\">{\"@context\":\"https:\/\/schema.org\",\"@graph\":[{\"@type\":\"WebPage\",\"@id\":\"https:\/\/taniabonament.pl\/sluchawki\/model\/sluchawki-bezprzewodowe-realme-buds-air-neo-2-black\/\",\"url\":\"https:\/\/taniabonament.pl\/sluchawki\/model\/sluchawki-bezprzewodowe-realme-buds-air-neo-2-black\/\",\"name\":\"s\u0142uchawki bezprzewodowe - promocje na TaniAbonament.pl\",\"isPartOf\":{\"@id\":\"https:\/\/taniabonament.pl\/sluchawki\/#website\"},\"datePublished\":\"2022-09-10T06:30:02+00:00\",\"dateModified\":\"2022-09-10T06:30:02+00:00\",\"description\":\"S\u0142uchawki bezprzewodowe. Model w atrakcyjnej cenie 179.0 PLN. Przedstawiamy s\u0142uchawki do pracy zdalnej i s\u0142uchania muzyki.\",\"breadcrumb\":{\"@id\":\"https:\/\/taniabonament.pl\/sluchawki\/model\/sluchawki-bezprzewodowe-realme-buds-air-neo-2-black\/#breadcrumb\"},\"inLanguage\":\"pl-PL\",\"potentialAction\":[{\"@type\":\"ReadAction\",\"target\":[\"https:\/\/taniabonament.pl\/sluchawki\/model\/sluchawki-bezprzewodowe-realme-buds-air-neo-2-black\/\"]}]},{\"@type\":\"BreadcrumbList\",\"@id\":\"https:\/\/taniabonament.pl\/sluchawki\/model\/sluchawki-bezprzewodowe-realme-buds-air-neo-2-black\/#breadcrumb\",\"itemListElement\":[{\"@type\":\"ListItem\",\"position\":1,\"name\":\"Strona g\u0142\u00f3wna\",\"item\":\"https:\/\/taniabonament.pl\/sluchawki\/\"},{\"@type\":\"ListItem\",\"position\":2,\"name\":\"Sklep\",\"item\":\"https:\/\/taniabonament.pl\/sluchawki\/\"},{\"@type\":\"ListItem\",\"position\":3,\"name\":\"S\u0142uchawki bezprzewodowe realme Buds Air Neo 2 Black\"}]},{\"@type\":\"WebSite\",\"@id\":\"https:\/\/taniabonament.pl\/sluchawki\/#website\",\"url\":\"https:\/\/taniabonament.pl\/sluchawki\/\",\"name\":\"TaniAbonament.pl S\u0142uchawki\",\"description\":\"\u015bwiat s\u0142uchawek idealnych do pracy zdalnej\",\"potentialAction\":[{\"@type\":\"SearchAction\",\"target\":{\"@type\":\"EntryPoint\",\"urlTemplate\":\"https:\/\/taniabonament.pl\/sluchawki\/?s={search_term_string}\"},\"query-input\":\"required name=search_term_string\"}],\"inLanguage\":\"pl-PL\"}]}<\/script>\n<!-- \/ Yoast SEO plugin. -->","yoast_head_json":{"title":"s\u0142uchawki bezprzewodowe - promocje na TaniAbonament.pl","description":"S\u0142uchawki bezprzewodowe. Model w atrakcyjnej cenie 179.0 PLN. Przedstawiamy s\u0142uchawki do pracy zdalnej i s\u0142uchania muzyki.","robots":{"index":"index","follow":"follow","max-snippet":"max-snippet:-1","max-image-preview":"max-image-preview:large","max-video-preview":"max-video-preview:-1"},"canonical":"https:\/\/taniabonament.pl\/sluchawki\/model\/sluchawki-bezprzewodowe-realme-buds-air-neo-2-black\/","og_locale":"pl_PL","og_type":"article","og_title":"s\u0142uchawki bezprzewodowe - promocje na TaniAbonament.pl","og_description":"S\u0142uchawki bezprzewodowe. Model w atrakcyjnej cenie 179.0 PLN. Przedstawiamy s\u0142uchawki do pracy zdalnej i s\u0142uchania muzyki.","og_url":"https:\/\/taniabonament.pl\/sluchawki\/model\/sluchawki-bezprzewodowe-realme-buds-air-neo-2-black\/","og_site_name":"TaniAbonament.pl S\u0142uchawki","og_image":[{"width":1000,"height":1000,"url":"https:\/\/taniabonament.pl\/sluchawki\/wp-content\/uploads\/2022\/09\/b0d3b7d1ca6e9e78e973e70129c9524d3c1d251a.webp","type":"image\/webp"}],"twitter_card":"summary_large_image","twitter_misc":{"Szacowany czas czytania":"1 minuta"},"schema":{"@context":"https:\/\/schema.org","@graph":[{"@type":"WebPage","@id":"https:\/\/taniabonament.pl\/sluchawki\/model\/sluchawki-bezprzewodowe-realme-buds-air-neo-2-black\/","url":"https:\/\/taniabonament.pl\/sluchawki\/model\/sluchawki-bezprzewodowe-realme-buds-air-neo-2-black\/","name":"s\u0142uchawki bezprzewodowe - promocje na TaniAbonament.pl","isPartOf":{"@id":"https:\/\/taniabonament.pl\/sluchawki\/#website"},"datePublished":"2022-09-10T06:30:02+00:00","dateModified":"2022-09-10T06:30:02+00:00","description":"S\u0142uchawki bezprzewodowe. Model w atrakcyjnej cenie 179.0 PLN. Przedstawiamy s\u0142uchawki do pracy zdalnej i s\u0142uchania muzyki.","breadcrumb":{"@id":"https:\/\/taniabonament.pl\/sluchawki\/model\/sluchawki-bezprzewodowe-realme-buds-air-neo-2-black\/#breadcrumb"},"inLanguage":"pl-PL","potentialAction":[{"@type":"ReadAction","target":["https:\/\/taniabonament.pl\/sluchawki\/model\/sluchawki-bezprzewodowe-realme-buds-air-neo-2-black\/"]}]},{"@type":"BreadcrumbList","@id":"https:\/\/taniabonament.pl\/sluchawki\/model\/sluchawki-bezprzewodowe-realme-buds-air-neo-2-black\/#breadcrumb","itemListElement":[{"@type":"ListItem","position":1,"name":"Strona g\u0142\u00f3wna","item":"https:\/\/taniabonament.pl\/sluchawki\/"},{"@type":"ListItem","position":2,"name":"Sklep","item":"https:\/\/taniabonament.pl\/sluchawki\/"},{"@type":"ListItem","position":3,"name":"S\u0142uchawki bezprzewodowe realme Buds Air Neo 2 Black"}]},{"@type":"WebSite","@id":"https:\/\/taniabonament.pl\/sluchawki\/#website","url":"https:\/\/taniabonament.pl\/sluchawki\/","name":"TaniAbonament.pl S\u0142uchawki","description":"\u015bwiat s\u0142uchawek idealnych do pracy zdalnej","potentialAction":[{"@type":"SearchAction","target":{"@type":"EntryPoint","urlTemplate":"https:\/\/taniabonament.pl\/sluchawki\/?s={search_term_string}"},"query-input":"required name=search_term_string"}],"inLanguage":"pl-PL"}]}},"_links":{"self":[{"href":"https:\/\/taniabonament.pl\/sluchawki\/wp-json\/wp\/v2\/product\/8870","targetHints":{"allow":["GET"]}}],"collection":[{"href":"https:\/\/taniabonament.pl\/sluchawki\/wp-json\/wp\/v2\/product"}],"about":[{"href":"https:\/\/taniabonament.pl\/sluchawki\/wp-json\/wp\/v2\/types\/product"}],"replies":[{"embeddable":true,"href":"https:\/\/taniabonament.pl\/sluchawki\/wp-json\/wp\/v2\/comments?post=8870"}],"wp:featuredmedia":[{"embeddable":true,"href":"https:\/\/taniabonament.pl\/sluchawki\/wp-json\/wp\/v2\/media\/11513"}],"wp:attachment":[{"href":"https:\/\/taniabonament.pl\/sluchawki\/wp-json\/wp\/v2\/media?parent=8870"}],"wp:term":[{"taxonomy":"product_cat","embeddable":true,"href":"https:\/\/taniabonament.pl\/sluchawki\/wp-json\/wp\/v2\/product_cat?post=8870"},{"taxonomy":"product_tag","embeddable":true,"href":"https:\/\/taniabonament.pl\/sluchawki\/wp-json\/wp\/v2\/product_tag?post=8870"}],"curies":[{"name":"wp","href":"https:\/\/api.w.org\/{rel}","templated":true}]}}