{"id":798,"date":"2021-05-14T21:24:04","date_gmt":"2021-05-14T21:24:04","guid":{"rendered":"https:\/\/taniabonament.pl\/sluchawki\/produkt\/swissten-sluchawki-bezprzewodowe-bluetooth-tws-flypods-53100100\/"},"modified":"2021-05-14T21:24:05","modified_gmt":"2021-05-14T21:24:05","slug":"swissten-sluchawki-bezprzewodowe-bluetooth-tws-flypods-53100100","status":"publish","type":"product","link":"https:\/\/taniabonament.pl\/sluchawki\/model\/swissten-sluchawki-bezprzewodowe-bluetooth-tws-flypods-53100100\/","title":{"rendered":"SWISSTEN s\u0142uchawki bezprzewodowe Bluetooth TWS Flypods (53100100)"},"content":{"rendered":"<p><img decoding=\"async\" style=\"margin-right: 25px; margin-bottom: 10px; width: 220px;\" src=\"https:\/\/static.convertiser.com\/media\/product_images\/49\/d7f97ad1618d0f626892130105067051\/998b2592b4596e0f92fdf300e8a6acead0c6fc1e.jpg\" alt=\"s\u0142uchawki SWISSTEN\" align=\"left\" \/><\/p>\n<h2>S\u0142uchawki marki SWISSTEN<\/h2>\n<p>CENA ORYGINALNA: 260.0 PLN<\/p>\n<div style=\"font-weight: bold; font-size: 18px;\">\n<p>UWAGA <span style=\"color: red;\">MAMY RABATY!<\/span><\/p>\n<p>Szczeg\u00f3\u0142owe parametry takie jak dane techniczne, promocje sprawdzisz poni\u017cej w Mall.pl. Przejd\u017a bezpo\u015brednio do tych s\u0142uchawek.<\/p>\n<p><span style=\"color: #fff; background-color: #000000; padding: 1px 7px;\"><strong>SWISSTEN<\/strong><\/span><strong><span style=\"margin-left: 5px; color: #fff; background-color: red; padding: 1px 7px;\">260.0 PLN<\/span><\/strong><\/p>\n<p>&nbsp;<\/p>\n<p>&nbsp;<\/p>\n<\/div>\n<p style=\"text-align: center; padding-bottom: 15px;\"><a style=\"color: #fff; font-size: 22px; background-color: #e4144d; padding: 9px; border-radius: 7px; text-decoration: underline;\" href=\"https:\/\/converti.se\/click\/34590059-c70e8160-5f3fd1b8\/?deep_link=https%3A%2F%2Fwww.mall.pl%2Fprzenosne-sluchawki%2Fswissten-sluchawki-bezprzewodowe-bluetooth-tws-flypods-53100100-&#038;sid=sluchawki-bezp-bluetooth&#038;tag6=product&#038;tag8=d7f97ad1618d0f626892130105067051&#038;tag9=SWISSTEN+s%C5%82uchawki+bezprzewodowe+Bluetooth+TWS+Flypods+%2853100100%29\" target=\"_blank\" rel=\"nofollow noopener\">Kup w sklepie<\/a> <span style=\"font-size: 22px; padding-left: 10px;\">263.0 PLN<\/span><\/p>\n","protected":false},"excerpt":{"rendered":"<h3>Odpowiednie <span style='color: red;'>s\u0142uchawki<\/span> bezprzewodowe? <\/h3>\n<p> Cechy i zalety: <\/p>\n<ul style='padding-left: 10px; padding-bottom: 10px;'>\n<li style='padding-top: 10px;'>Bezprzewodowe s\u0142uchawki Bluetooth Swissten Flypods (53100100) zapewniaj\u0105 wysokiej jako\u015bci czysty d\u017awi\u0119k, dzi\u0119ki czemu mo\u017cesz cieszy\u0107 si\u0119 muzyk\u0105 i rozmowami telefonicznymi w trybie g\u0142o\u015bnom\u00f3wi\u0105cym\n<li style='padding-top: 10px;'>Pracuj\u0105 do 3 godzin na jednym \u0142adowaniu, lub \u0142\u0105cznie do 12 godzin w przypadku skorzystania z etui \u0142aduj\u0105cego.<\/ul>\n","protected":false},"featured_media":9023,"comment_status":"closed","ping_status":"open","template":"","meta":[],"product_cat":[594,363],"product_tag":[],"class_list":{"0":"post-798","1":"product","2":"type-product","3":"status-publish","5":"hentry","6":"product_cat-sluchawki-bezprzewodowe-bluetooth","7":"product_cat-swissten","8":"pa_producent-swissten","9":"pa_sklep-mall-pl"},"yoast_head":"<!-- This site is optimized with the Yoast SEO plugin v20.9 - https:\/\/yoast.com\/wordpress\/plugins\/seo\/ -->\n<title>s\u0142uchawki bezprzewodowe SWISSTEN bluetooth - w dobrej cenie 260.0 PLN<\/title>\n<meta name=\"description\" content=\"Telefony, GPS &gt; S\u0142uchawki, zestawy Bluetooth &gt; S\u0142uchawki przeno\u015bne. Model SWISSTEN w atrakcyjnej cenie 260.0 PLN. Przedstawiamy s\u0142uchawki do pracy zdalnej i s\u0142uchania muzyki.\" \/>\n<meta name=\"robots\" content=\"index, follow, max-snippet:-1, max-image-preview:large, max-video-preview:-1\" \/>\n<link rel=\"canonical\" href=\"https:\/\/taniabonament.pl\/sluchawki\/model\/swissten-sluchawki-bezprzewodowe-bluetooth-tws-flypods-53100100\/\" \/>\n<meta property=\"og:locale\" content=\"pl_PL\" \/>\n<meta property=\"og:type\" content=\"article\" \/>\n<meta property=\"og:title\" content=\"s\u0142uchawki bezprzewodowe SWISSTEN bluetooth - w dobrej cenie 260.0 PLN\" \/>\n<meta property=\"og:description\" content=\"Telefony, GPS &gt; S\u0142uchawki, zestawy Bluetooth &gt; S\u0142uchawki przeno\u015bne. Model SWISSTEN w atrakcyjnej cenie 260.0 PLN. Przedstawiamy s\u0142uchawki do pracy zdalnej i s\u0142uchania muzyki.\" \/>\n<meta property=\"og:url\" content=\"https:\/\/taniabonament.pl\/sluchawki\/model\/swissten-sluchawki-bezprzewodowe-bluetooth-tws-flypods-53100100\/\" \/>\n<meta property=\"og:site_name\" content=\"TaniAbonament.pl S\u0142uchawki\" \/>\n<meta property=\"article:modified_time\" content=\"2021-05-14T21:24:05+00:00\" \/>\n<meta property=\"og:image\" content=\"https:\/\/taniabonament.pl\/sluchawki\/wp-content\/uploads\/2021\/05\/998b2592b4596e0f92fdf300e8a6acead0c6fc1e-1.jpg\" \/>\n\t<meta property=\"og:image:width\" content=\"570\" \/>\n\t<meta property=\"og:image:height\" content=\"565\" \/>\n\t<meta property=\"og:image:type\" content=\"image\/png\" \/>\n<meta name=\"twitter:card\" content=\"summary_large_image\" \/>\n<script type=\"application\/ld+json\" class=\"yoast-schema-graph\">{\"@context\":\"https:\/\/schema.org\",\"@graph\":[{\"@type\":\"WebPage\",\"@id\":\"https:\/\/taniabonament.pl\/sluchawki\/model\/swissten-sluchawki-bezprzewodowe-bluetooth-tws-flypods-53100100\/\",\"url\":\"https:\/\/taniabonament.pl\/sluchawki\/model\/swissten-sluchawki-bezprzewodowe-bluetooth-tws-flypods-53100100\/\",\"name\":\"s\u0142uchawki bezprzewodowe SWISSTEN bluetooth - w dobrej cenie 260.0 PLN\",\"isPartOf\":{\"@id\":\"https:\/\/taniabonament.pl\/sluchawki\/#website\"},\"datePublished\":\"2021-05-14T21:24:04+00:00\",\"dateModified\":\"2021-05-14T21:24:05+00:00\",\"description\":\"Telefony, GPS > S\u0142uchawki, zestawy Bluetooth > S\u0142uchawki przeno\u015bne. Model SWISSTEN w atrakcyjnej cenie 260.0 PLN. Przedstawiamy s\u0142uchawki do pracy zdalnej i s\u0142uchania muzyki.\",\"breadcrumb\":{\"@id\":\"https:\/\/taniabonament.pl\/sluchawki\/model\/swissten-sluchawki-bezprzewodowe-bluetooth-tws-flypods-53100100\/#breadcrumb\"},\"inLanguage\":\"pl-PL\",\"potentialAction\":[{\"@type\":\"ReadAction\",\"target\":[\"https:\/\/taniabonament.pl\/sluchawki\/model\/swissten-sluchawki-bezprzewodowe-bluetooth-tws-flypods-53100100\/\"]}]},{\"@type\":\"BreadcrumbList\",\"@id\":\"https:\/\/taniabonament.pl\/sluchawki\/model\/swissten-sluchawki-bezprzewodowe-bluetooth-tws-flypods-53100100\/#breadcrumb\",\"itemListElement\":[{\"@type\":\"ListItem\",\"position\":1,\"name\":\"Strona g\u0142\u00f3wna\",\"item\":\"https:\/\/taniabonament.pl\/sluchawki\/\"},{\"@type\":\"ListItem\",\"position\":2,\"name\":\"Sklep\",\"item\":\"https:\/\/taniabonament.pl\/sluchawki\/\"},{\"@type\":\"ListItem\",\"position\":3,\"name\":\"SWISSTEN s\u0142uchawki bezprzewodowe Bluetooth TWS Flypods (53100100)\"}]},{\"@type\":\"WebSite\",\"@id\":\"https:\/\/taniabonament.pl\/sluchawki\/#website\",\"url\":\"https:\/\/taniabonament.pl\/sluchawki\/\",\"name\":\"TaniAbonament.pl S\u0142uchawki\",\"description\":\"\u015bwiat s\u0142uchawek idealnych do pracy zdalnej\",\"potentialAction\":[{\"@type\":\"SearchAction\",\"target\":{\"@type\":\"EntryPoint\",\"urlTemplate\":\"https:\/\/taniabonament.pl\/sluchawki\/?s={search_term_string}\"},\"query-input\":\"required name=search_term_string\"}],\"inLanguage\":\"pl-PL\"}]}<\/script>\n<!-- \/ Yoast SEO plugin. -->","yoast_head_json":{"title":"s\u0142uchawki bezprzewodowe SWISSTEN bluetooth - w dobrej cenie 260.0 PLN","description":"Telefony, GPS > S\u0142uchawki, zestawy Bluetooth > S\u0142uchawki przeno\u015bne. Model SWISSTEN w atrakcyjnej cenie 260.0 PLN. Przedstawiamy s\u0142uchawki do pracy zdalnej i s\u0142uchania muzyki.","robots":{"index":"index","follow":"follow","max-snippet":"max-snippet:-1","max-image-preview":"max-image-preview:large","max-video-preview":"max-video-preview:-1"},"canonical":"https:\/\/taniabonament.pl\/sluchawki\/model\/swissten-sluchawki-bezprzewodowe-bluetooth-tws-flypods-53100100\/","og_locale":"pl_PL","og_type":"article","og_title":"s\u0142uchawki bezprzewodowe SWISSTEN bluetooth - w dobrej cenie 260.0 PLN","og_description":"Telefony, GPS > S\u0142uchawki, zestawy Bluetooth > S\u0142uchawki przeno\u015bne. Model SWISSTEN w atrakcyjnej cenie 260.0 PLN. Przedstawiamy s\u0142uchawki do pracy zdalnej i s\u0142uchania muzyki.","og_url":"https:\/\/taniabonament.pl\/sluchawki\/model\/swissten-sluchawki-bezprzewodowe-bluetooth-tws-flypods-53100100\/","og_site_name":"TaniAbonament.pl S\u0142uchawki","article_modified_time":"2021-05-14T21:24:05+00:00","og_image":[{"width":570,"height":565,"url":"https:\/\/taniabonament.pl\/sluchawki\/wp-content\/uploads\/2021\/05\/998b2592b4596e0f92fdf300e8a6acead0c6fc1e-1.jpg","type":"image\/png"}],"twitter_card":"summary_large_image","schema":{"@context":"https:\/\/schema.org","@graph":[{"@type":"WebPage","@id":"https:\/\/taniabonament.pl\/sluchawki\/model\/swissten-sluchawki-bezprzewodowe-bluetooth-tws-flypods-53100100\/","url":"https:\/\/taniabonament.pl\/sluchawki\/model\/swissten-sluchawki-bezprzewodowe-bluetooth-tws-flypods-53100100\/","name":"s\u0142uchawki bezprzewodowe SWISSTEN bluetooth - w dobrej cenie 260.0 PLN","isPartOf":{"@id":"https:\/\/taniabonament.pl\/sluchawki\/#website"},"datePublished":"2021-05-14T21:24:04+00:00","dateModified":"2021-05-14T21:24:05+00:00","description":"Telefony, GPS > S\u0142uchawki, zestawy Bluetooth > S\u0142uchawki przeno\u015bne. Model SWISSTEN w atrakcyjnej cenie 260.0 PLN. Przedstawiamy s\u0142uchawki do pracy zdalnej i s\u0142uchania muzyki.","breadcrumb":{"@id":"https:\/\/taniabonament.pl\/sluchawki\/model\/swissten-sluchawki-bezprzewodowe-bluetooth-tws-flypods-53100100\/#breadcrumb"},"inLanguage":"pl-PL","potentialAction":[{"@type":"ReadAction","target":["https:\/\/taniabonament.pl\/sluchawki\/model\/swissten-sluchawki-bezprzewodowe-bluetooth-tws-flypods-53100100\/"]}]},{"@type":"BreadcrumbList","@id":"https:\/\/taniabonament.pl\/sluchawki\/model\/swissten-sluchawki-bezprzewodowe-bluetooth-tws-flypods-53100100\/#breadcrumb","itemListElement":[{"@type":"ListItem","position":1,"name":"Strona g\u0142\u00f3wna","item":"https:\/\/taniabonament.pl\/sluchawki\/"},{"@type":"ListItem","position":2,"name":"Sklep","item":"https:\/\/taniabonament.pl\/sluchawki\/"},{"@type":"ListItem","position":3,"name":"SWISSTEN s\u0142uchawki bezprzewodowe Bluetooth TWS Flypods (53100100)"}]},{"@type":"WebSite","@id":"https:\/\/taniabonament.pl\/sluchawki\/#website","url":"https:\/\/taniabonament.pl\/sluchawki\/","name":"TaniAbonament.pl S\u0142uchawki","description":"\u015bwiat s\u0142uchawek idealnych do pracy zdalnej","potentialAction":[{"@type":"SearchAction","target":{"@type":"EntryPoint","urlTemplate":"https:\/\/taniabonament.pl\/sluchawki\/?s={search_term_string}"},"query-input":"required name=search_term_string"}],"inLanguage":"pl-PL"}]}},"_links":{"self":[{"href":"https:\/\/taniabonament.pl\/sluchawki\/wp-json\/wp\/v2\/product\/798","targetHints":{"allow":["GET"]}}],"collection":[{"href":"https:\/\/taniabonament.pl\/sluchawki\/wp-json\/wp\/v2\/product"}],"about":[{"href":"https:\/\/taniabonament.pl\/sluchawki\/wp-json\/wp\/v2\/types\/product"}],"replies":[{"embeddable":true,"href":"https:\/\/taniabonament.pl\/sluchawki\/wp-json\/wp\/v2\/comments?post=798"}],"wp:featuredmedia":[{"embeddable":true,"href":"https:\/\/taniabonament.pl\/sluchawki\/wp-json\/wp\/v2\/media\/9023"}],"wp:attachment":[{"href":"https:\/\/taniabonament.pl\/sluchawki\/wp-json\/wp\/v2\/media?parent=798"}],"wp:term":[{"taxonomy":"product_cat","embeddable":true,"href":"https:\/\/taniabonament.pl\/sluchawki\/wp-json\/wp\/v2\/product_cat?post=798"},{"taxonomy":"product_tag","embeddable":true,"href":"https:\/\/taniabonament.pl\/sluchawki\/wp-json\/wp\/v2\/product_tag?post=798"}],"curies":[{"name":"wp","href":"https:\/\/api.w.org\/{rel}","templated":true}]}}