{"id":7327,"date":"2022-02-14T20:29:28","date_gmt":"2022-02-14T20:29:28","guid":{"rendered":"https:\/\/taniabonament.pl\/sluchawki\/model\/jbl-sluchawki-gamingowe-quantum-800-czarne-jblquantum800blk\/"},"modified":"2022-02-14T20:29:28","modified_gmt":"2022-02-14T20:29:28","slug":"jbl-sluchawki-gamingowe-quantum-800-czarne-jblquantum800blk-w-cenie-875-0-pln","status":"publish","type":"product","link":"https:\/\/taniabonament.pl\/sluchawki\/model\/jbl-sluchawki-gamingowe-quantum-800-czarne-jblquantum800blk-w-cenie-875-0-pln\/","title":{"rendered":"JBL s\u0142uchawki gamingowe Quantum 800, czarne (JBLQUANTUM800BLK) &#8211; w cenie 875.0 PLN"},"content":{"rendered":"<p><img decoding=\"async\" style=\"margin-right: 25px; margin-bottom: 10px; width: 220px;\" src=\"https:\/\/static.convertiser.com\/media\/product_images\/49\/b45b32101ec65102fdfd5bc867d1f3ed\/494cb8151bac1979fb1ca822d9c5864e2bc88a71.jpg\" alt=\"s\u0142uchawki z mikrofonem JBL\" align=\"left\" \/><\/p>\n<h2>S\u0142uchawki marki JBL<\/h2>\n<p>CENA ORYGINALNA: 864.0 PLN<\/p>\n<div style=\"font-weight: bold; font-size: 18px;\">\n<p>UWAGA <span style=\"color: red;\">MAMY RABATY!<\/span><\/p>\n<p>Szczeg\u00f3\u0142owe parametry takie jak dane techniczne, promocje sprawdzisz poni\u017cej w Mall.pl. Rozmawiaj wygodnie przez mikrofon podczas pracy zdalnej. Odizoluj si\u0119 od niepo\u017c\u0105danych d\u017awi\u0119k\u00f3w zewn\u0119trznych. Ciesz si\u0119 czystym brzmieniem w s\u0142uchawkach. Przejd\u017a teraz bezpo\u015brednio do z sklepu gdzie szybko zakupisz te s\u0142uchawki w korzystnej cenie.<\/p>\n<p><span style=\"color: #fff; background-color: #000000; padding: 1px 7px;\"><strong>JBL<\/strong><\/span><strong><span style=\"margin-left: 5px; color: #fff; background-color: red; padding: 1px 7px;\">864.0 PLN<\/span><\/strong><\/p>\n<p>&nbsp;<\/p>\n<p>&nbsp;<\/p>\n<\/div>\n<p style=\"text-align: center; padding-bottom: 15px;\"><a style=\"color: #fff; font-size: 22px; background-color: #e4144d; padding: 9px 14px; border-radius: 7px; text-decoration: underline;\" href=\"https:\/\/converti.se\/click\/34590059-c70e8160-5f3fd1b8\/?deep_link=https%3A%2F%2Fwww.mall.pl%2Fsluchawki-gamingowe%2Fjbl-sluchawki-gamingowe-quantum-800-czarne-jblquantum800blk-&#038;sid=sluchawki-z-mikrofonem&#038;tag6=product&#038;tag8=b45b32101ec65102fdfd5bc867d1f3ed&#038;tag9=JBL+s%C5%82uchawki+gamingowe+Quantum+800%2C+czarne+%28JBLQUANTUM800BLK%29\" target=\"_blank\" rel=\"nofollow noopener\">Kup teraz<\/a> <span style=\"font-size: 22px; padding-left: 10px;\">875.0 PLN<\/span><\/p>\n","protected":false},"excerpt":{"rendered":"<h3>Odpowiednie <span style='color: red;'>s\u0142uchawki<\/span> z mikrofonem? <\/h3>\n<p> Cechy i zalety: <\/p>\n<ul style='padding-left: 10px; padding-bottom: 10px;'>\n<li style='padding-top: 10px;'>Bezprzewodowe s\u0142uchawki gamingowe odpowiednie do PC, PS4, Xbox One i Nintendo Switch\n<li style='padding-top: 10px;'>JBL Quantum 800, czarne (JBLQUANTUM800BLK) maj\u0105 odchylany mikrofon kierunkowy, pod\u015bwietlenie RGB, przetwornik 50 mm, funkcj\u0119 aktywnego t\u0142umienia ka\u0142asu otoczenia (ANC) i wygodne nauszniki wykonane z pianki memory\n<li style='padding-top: 10px;'>D\u017awi\u0119k przestrzenny 7.1 przez USB\n<li style='padding-top: 10px;'>Software JBL QuantumENGINE PC\n<li style='padding-top: 10px;'>Po\u0142\u0105czenie przez bezprzewodowy odbiornik USB, Bluetooth w wersji 5.0, lub przewodowo przez jack 3,5 mm lub USB.<\/ul>\n","protected":false},"featured_media":10519,"comment_status":"closed","ping_status":"open","template":"","meta":[],"product_cat":[24,601],"product_tag":[],"class_list":{"0":"post-7327","1":"product","2":"type-product","3":"status-publish","5":"hentry","6":"product_cat-jbl","7":"product_cat-sluchawki-z-mikrofonem","8":"pa_producent-jbl","9":"pa_sklep-mall-pl"},"yoast_head":"<!-- This site is optimized with the Yoast SEO plugin v20.9 - https:\/\/yoast.com\/wordpress\/plugins\/seo\/ -->\n<title>s\u0142uchawki z mikrofonem JBL<\/title>\n<meta name=\"description\" content=\"S\u0142uchawki z mikrofonem. Model JBL w atrakcyjnej cenie 864.0 PLN. Przedstawiamy s\u0142uchawki do pracy zdalnej i s\u0142uchania muzyki.\" \/>\n<meta name=\"robots\" content=\"index, follow, max-snippet:-1, max-image-preview:large, max-video-preview:-1\" \/>\n<link rel=\"canonical\" href=\"https:\/\/taniabonament.pl\/sluchawki\/model\/jbl-sluchawki-gamingowe-quantum-800-czarne-jblquantum800blk-w-cenie-875-0-pln\/\" \/>\n<meta property=\"og:locale\" content=\"pl_PL\" \/>\n<meta property=\"og:type\" content=\"article\" \/>\n<meta property=\"og:title\" content=\"s\u0142uchawki z mikrofonem JBL\" \/>\n<meta property=\"og:description\" content=\"S\u0142uchawki z mikrofonem. Model JBL w atrakcyjnej cenie 864.0 PLN. Przedstawiamy s\u0142uchawki do pracy zdalnej i s\u0142uchania muzyki.\" \/>\n<meta property=\"og:url\" content=\"https:\/\/taniabonament.pl\/sluchawki\/model\/jbl-sluchawki-gamingowe-quantum-800-czarne-jblquantum800blk-w-cenie-875-0-pln\/\" \/>\n<meta property=\"og:site_name\" content=\"TaniAbonament.pl S\u0142uchawki\" \/>\n<meta property=\"og:image\" content=\"https:\/\/taniabonament.pl\/sluchawki\/wp-content\/uploads\/2022\/02\/494cb8151bac1979fb1ca822d9c5864e2bc88a71.jpg\" \/>\n\t<meta property=\"og:image:width\" content=\"720\" \/>\n\t<meta property=\"og:image:height\" content=\"702\" \/>\n\t<meta property=\"og:image:type\" content=\"image\/jpeg\" \/>\n<meta name=\"twitter:card\" content=\"summary_large_image\" \/>\n<script type=\"application\/ld+json\" class=\"yoast-schema-graph\">{\"@context\":\"https:\/\/schema.org\",\"@graph\":[{\"@type\":\"WebPage\",\"@id\":\"https:\/\/taniabonament.pl\/sluchawki\/model\/jbl-sluchawki-gamingowe-quantum-800-czarne-jblquantum800blk-w-cenie-875-0-pln\/\",\"url\":\"https:\/\/taniabonament.pl\/sluchawki\/model\/jbl-sluchawki-gamingowe-quantum-800-czarne-jblquantum800blk-w-cenie-875-0-pln\/\",\"name\":\"s\u0142uchawki z mikrofonem JBL\",\"isPartOf\":{\"@id\":\"https:\/\/taniabonament.pl\/sluchawki\/#website\"},\"datePublished\":\"2022-02-14T20:29:28+00:00\",\"dateModified\":\"2022-02-14T20:29:28+00:00\",\"description\":\"S\u0142uchawki z mikrofonem. Model JBL w atrakcyjnej cenie 864.0 PLN. Przedstawiamy s\u0142uchawki do pracy zdalnej i s\u0142uchania muzyki.\",\"breadcrumb\":{\"@id\":\"https:\/\/taniabonament.pl\/sluchawki\/model\/jbl-sluchawki-gamingowe-quantum-800-czarne-jblquantum800blk-w-cenie-875-0-pln\/#breadcrumb\"},\"inLanguage\":\"pl-PL\",\"potentialAction\":[{\"@type\":\"ReadAction\",\"target\":[\"https:\/\/taniabonament.pl\/sluchawki\/model\/jbl-sluchawki-gamingowe-quantum-800-czarne-jblquantum800blk-w-cenie-875-0-pln\/\"]}]},{\"@type\":\"BreadcrumbList\",\"@id\":\"https:\/\/taniabonament.pl\/sluchawki\/model\/jbl-sluchawki-gamingowe-quantum-800-czarne-jblquantum800blk-w-cenie-875-0-pln\/#breadcrumb\",\"itemListElement\":[{\"@type\":\"ListItem\",\"position\":1,\"name\":\"Strona g\u0142\u00f3wna\",\"item\":\"https:\/\/taniabonament.pl\/sluchawki\/\"},{\"@type\":\"ListItem\",\"position\":2,\"name\":\"Sklep\",\"item\":\"https:\/\/taniabonament.pl\/sluchawki\/\"},{\"@type\":\"ListItem\",\"position\":3,\"name\":\"JBL s\u0142uchawki gamingowe Quantum 800, czarne (JBLQUANTUM800BLK) &#8211; w cenie 875.0 PLN\"}]},{\"@type\":\"WebSite\",\"@id\":\"https:\/\/taniabonament.pl\/sluchawki\/#website\",\"url\":\"https:\/\/taniabonament.pl\/sluchawki\/\",\"name\":\"TaniAbonament.pl S\u0142uchawki\",\"description\":\"\u015bwiat s\u0142uchawek idealnych do pracy zdalnej\",\"potentialAction\":[{\"@type\":\"SearchAction\",\"target\":{\"@type\":\"EntryPoint\",\"urlTemplate\":\"https:\/\/taniabonament.pl\/sluchawki\/?s={search_term_string}\"},\"query-input\":\"required name=search_term_string\"}],\"inLanguage\":\"pl-PL\"}]}<\/script>\n<!-- \/ Yoast SEO plugin. -->","yoast_head_json":{"title":"s\u0142uchawki z mikrofonem JBL","description":"S\u0142uchawki z mikrofonem. Model JBL w atrakcyjnej cenie 864.0 PLN. Przedstawiamy s\u0142uchawki do pracy zdalnej i s\u0142uchania muzyki.","robots":{"index":"index","follow":"follow","max-snippet":"max-snippet:-1","max-image-preview":"max-image-preview:large","max-video-preview":"max-video-preview:-1"},"canonical":"https:\/\/taniabonament.pl\/sluchawki\/model\/jbl-sluchawki-gamingowe-quantum-800-czarne-jblquantum800blk-w-cenie-875-0-pln\/","og_locale":"pl_PL","og_type":"article","og_title":"s\u0142uchawki z mikrofonem JBL","og_description":"S\u0142uchawki z mikrofonem. Model JBL w atrakcyjnej cenie 864.0 PLN. Przedstawiamy s\u0142uchawki do pracy zdalnej i s\u0142uchania muzyki.","og_url":"https:\/\/taniabonament.pl\/sluchawki\/model\/jbl-sluchawki-gamingowe-quantum-800-czarne-jblquantum800blk-w-cenie-875-0-pln\/","og_site_name":"TaniAbonament.pl S\u0142uchawki","og_image":[{"width":720,"height":702,"url":"https:\/\/taniabonament.pl\/sluchawki\/wp-content\/uploads\/2022\/02\/494cb8151bac1979fb1ca822d9c5864e2bc88a71.jpg","type":"image\/jpeg"}],"twitter_card":"summary_large_image","schema":{"@context":"https:\/\/schema.org","@graph":[{"@type":"WebPage","@id":"https:\/\/taniabonament.pl\/sluchawki\/model\/jbl-sluchawki-gamingowe-quantum-800-czarne-jblquantum800blk-w-cenie-875-0-pln\/","url":"https:\/\/taniabonament.pl\/sluchawki\/model\/jbl-sluchawki-gamingowe-quantum-800-czarne-jblquantum800blk-w-cenie-875-0-pln\/","name":"s\u0142uchawki z mikrofonem JBL","isPartOf":{"@id":"https:\/\/taniabonament.pl\/sluchawki\/#website"},"datePublished":"2022-02-14T20:29:28+00:00","dateModified":"2022-02-14T20:29:28+00:00","description":"S\u0142uchawki z mikrofonem. Model JBL w atrakcyjnej cenie 864.0 PLN. Przedstawiamy s\u0142uchawki do pracy zdalnej i s\u0142uchania muzyki.","breadcrumb":{"@id":"https:\/\/taniabonament.pl\/sluchawki\/model\/jbl-sluchawki-gamingowe-quantum-800-czarne-jblquantum800blk-w-cenie-875-0-pln\/#breadcrumb"},"inLanguage":"pl-PL","potentialAction":[{"@type":"ReadAction","target":["https:\/\/taniabonament.pl\/sluchawki\/model\/jbl-sluchawki-gamingowe-quantum-800-czarne-jblquantum800blk-w-cenie-875-0-pln\/"]}]},{"@type":"BreadcrumbList","@id":"https:\/\/taniabonament.pl\/sluchawki\/model\/jbl-sluchawki-gamingowe-quantum-800-czarne-jblquantum800blk-w-cenie-875-0-pln\/#breadcrumb","itemListElement":[{"@type":"ListItem","position":1,"name":"Strona g\u0142\u00f3wna","item":"https:\/\/taniabonament.pl\/sluchawki\/"},{"@type":"ListItem","position":2,"name":"Sklep","item":"https:\/\/taniabonament.pl\/sluchawki\/"},{"@type":"ListItem","position":3,"name":"JBL s\u0142uchawki gamingowe Quantum 800, czarne (JBLQUANTUM800BLK) &#8211; w cenie 875.0 PLN"}]},{"@type":"WebSite","@id":"https:\/\/taniabonament.pl\/sluchawki\/#website","url":"https:\/\/taniabonament.pl\/sluchawki\/","name":"TaniAbonament.pl S\u0142uchawki","description":"\u015bwiat s\u0142uchawek idealnych do pracy zdalnej","potentialAction":[{"@type":"SearchAction","target":{"@type":"EntryPoint","urlTemplate":"https:\/\/taniabonament.pl\/sluchawki\/?s={search_term_string}"},"query-input":"required name=search_term_string"}],"inLanguage":"pl-PL"}]}},"_links":{"self":[{"href":"https:\/\/taniabonament.pl\/sluchawki\/wp-json\/wp\/v2\/product\/7327","targetHints":{"allow":["GET"]}}],"collection":[{"href":"https:\/\/taniabonament.pl\/sluchawki\/wp-json\/wp\/v2\/product"}],"about":[{"href":"https:\/\/taniabonament.pl\/sluchawki\/wp-json\/wp\/v2\/types\/product"}],"replies":[{"embeddable":true,"href":"https:\/\/taniabonament.pl\/sluchawki\/wp-json\/wp\/v2\/comments?post=7327"}],"wp:featuredmedia":[{"embeddable":true,"href":"https:\/\/taniabonament.pl\/sluchawki\/wp-json\/wp\/v2\/media\/10519"}],"wp:attachment":[{"href":"https:\/\/taniabonament.pl\/sluchawki\/wp-json\/wp\/v2\/media?parent=7327"}],"wp:term":[{"taxonomy":"product_cat","embeddable":true,"href":"https:\/\/taniabonament.pl\/sluchawki\/wp-json\/wp\/v2\/product_cat?post=7327"},{"taxonomy":"product_tag","embeddable":true,"href":"https:\/\/taniabonament.pl\/sluchawki\/wp-json\/wp\/v2\/product_tag?post=7327"}],"curies":[{"name":"wp","href":"https:\/\/api.w.org\/{rel}","templated":true}]}}