{"id":7187,"date":"2022-02-14T20:28:41","date_gmt":"2022-02-14T20:28:41","guid":{"rendered":"https:\/\/taniabonament.pl\/sluchawki\/model\/r-phones-tws-sluchawki-douszne-bluetooth-4-2-z-technologia-tws-w-komplecie-powerbank-ladowarka-z-akumulatorem-350mah-biale\/"},"modified":"2022-02-14T20:28:44","modified_gmt":"2022-02-14T20:28:44","slug":"r-phones-tws-sluchawki-douszne-bluetooth-4-2-z-technologia-tws-w-komplecie-powerbank-ladowarka-z-akumulatorem-350mah-biale-w-cenie-46-99-pln","status":"publish","type":"product","link":"https:\/\/taniabonament.pl\/sluchawki\/model\/r-phones-tws-sluchawki-douszne-bluetooth-4-2-z-technologia-tws-w-komplecie-powerbank-ladowarka-z-akumulatorem-350mah-biale-w-cenie-46-99-pln\/","title":{"rendered":"R-PHONES TWS &#8211; S\u0142uchawki douszne Bluetooth 4.2 z technologi\u0105 TWS, w komplecie powerbank\/\u0142adowarka z akumulatorem 350mAh, bia\u0142e &#8211; w cenie 46.99 PLN"},"content":{"rendered":"<p><img decoding=\"async\" style=\"margin-right: 25px; margin-bottom: 10px; width: 220px;\" src=\"https:\/\/static.convertiser.com\/media\/product_images\/294\/4872fe2aa20d1bd985f61be34274cf3d\/12f2f97eeb12f83e0751648927fbbe819ba94fa9.webp\" alt=\"s\u0142uchawki z mikrofonem Media-Tech\" align=\"left\" \/><\/p>\n<h2>S\u0142uchawki marki Media-Tech<\/h2>\n<p>CENA ORYGINALNA: 46.99 PLN<\/p>\n<div style=\"font-weight: bold; font-size: 18px;\">\n<p>UWAGA <span style=\"color: red;\">MAMY RABATY!<\/span><\/p>\n<p>Szczeg\u00f3\u0142owe parametry takie jak dane techniczne, promocje sprawdzisz poni\u017cej w Akces-markt.pl. Rozmawiaj wygodnie przez mikrofon podczas pracy zdalnej. Odizoluj si\u0119 od niepo\u017c\u0105danych d\u017awi\u0119k\u00f3w zewn\u0119trznych. Ciesz si\u0119 czystym brzmieniem w s\u0142uchawkach. Przejd\u017a teraz bezpo\u015brednio do z sklepu gdzie szybko zakupisz te s\u0142uchawki w korzystnej cenie.<\/p>\n<p><span style=\"color: #fff; background-color: #000000; padding: 1px 7px;\"><strong>Media-Tech<\/strong><\/span><strong><span style=\"margin-left: 5px; color: #fff; background-color: red; padding: 1px 7px;\">46.99 PLN<\/span><\/strong><\/p>\n<p>&nbsp;<\/p>\n<p>&nbsp;<\/p>\n<\/div>\n<p style=\"text-align: center; padding-bottom: 15px;\"><a style=\"color: #fff; font-size: 22px; background-color: #e4144d; padding: 9px 14px; border-radius: 7px; text-decoration: underline;\" href=\"https:\/\/converti.se\/click\/34590059-c70e8160-5f3ad5bd\/?deep_link=https%3A%2F%2Fakces-markt.pl%2Fpl%2Fp%2FR-PHONES-TWS-Sluchawki-douszne-Bluetooth-4.2-z-technologia-TWS%252C-w-komplecie-powerbankladowarka-z-akumulatorem-350mAh%252C-biale%2F52078&#038;sid=sluchawki-z-mikrofonem&#038;tag6=product&#038;tag8=4872fe2aa20d1bd985f61be34274cf3d&#038;tag9=R-PHONES+TWS+-+S%C5%82uchawki+douszne+Bluetooth+4.2+z+technologi%C4%85+TWS%2C+w+komplecie+powerbank%2F%C5%82adowarka+z+akumulatorem+350mAh%2C+bia%C5%82e\" target=\"_blank\" rel=\"nofollow noopener\">Kup teraz<\/a> <span style=\"font-size: 22px; padding-left: 10px;\">46.99 PLN<\/span><\/p>\n","protected":false},"excerpt":{"rendered":"<h3>Odpowiednie <span style='color: red;'>s\u0142uchawki<\/span> z mikrofonem? <\/h3>\n<p> Cechy i zalety: <\/p>\n<ul style='padding-left: 10px; padding-bottom: 10px;'>\n<li style='padding-top: 10px;'>Media-Tech prezentuje douszne s\u0142uchawki Bluetooth 4.2 TWS z przeno\u015bn\u0105 \u0142adowark\u0105\/powerbankiem\n<li style='padding-top: 10px;'>R-PHONES TWS MT3589\u00a0wspieraj\u0105 technologi\u0119 TWS (True Wireless Stereo) &#8211; obie s\u0142uchawki \u0142\u0105cz\u0105 si\u0119 ze sob\u0105 tworz\u0105c bezprzewodowy zestaw stereo\n<li style='padding-top: 10px;'>R-PHONES TWS MT3589\u00a0zosta\u0142y zaprojektowane z my\u015bl\u0105 o osobach aktywnych fizycznie, kt\u00f3re ceni\u0105 sobie wygod\u0119 u\u017cytkowania\n<li style='padding-top: 10px;'>Przeno\u015bny powerbank opr\u00f3cz funkcji \u0142adowania pozwala bezpiecznie przechowywa\u0107 s\u0142uchawki w torbie, plecaku czy kieszeni\n<li style='padding-top: 10px;'>To innowacyjne rozwi\u0105zanie idealnie sprawdzi si\u0119 dla os\u00f3b, kt\u00f3re ceni\u0105 sobie komfort\n<li style='padding-top: 10px;'>Uwolnij swoje r\u0119ce i s\u0142uchaj muzyki, podcast\u00f3w, radia internetowego, podczas pracy, spaceru, treningu czy prowadzenia samochodu.\u00a0Jest to doskona\u0142y zestaw dla os\u00f3b aktywnych fizycznie i nie tylko! S\u0142uchawki R-PHONES TWS s\u0105 idealnym rozwi\u0105zaniem dla u\u017cytkownik\u00f3w smartfon\u00f3w, komputer\u00f3w, notebook\u00f3w, tablet\u00f3w i innych urz\u0105dze\u0144 obs\u0142uguj\u0105cych technologi\u0119 Bluetooth\n<li style='padding-top: 10px;'>S\u0105 kompatybilne z wi\u0119kszo\u015bci\u0105 urz\u0105dze\u0144 z systemem Android oraz iOS\n<li style='padding-top: 10px;'>S\u0142uchawki posiadaj\u0105 tak\u017ce mikrofon, dzi\u0119ki czemu bez problemu mo\u017cesz prowadzi\u0107 rozmowy g\u0142osowe\n<li style='padding-top: 10px;'>Czas trwania rozm\u00f3w na pe\u0142nym na\u0142adowaniu wynosi 90 minut (zale\u017cnie od pod\u0142\u0105czonego urz\u0105dzenia i poziomu g\u0142o\u015bno\u015bci), dzi\u0119ki wykorzystaniu energooszcz\u0119dnej technologii Bluetooth 4.2\n<li style='padding-top: 10px;'>S\u0142uchawki posiadaj\u0105 funkcjonalny przycisk, kt\u00f3ry umo\u017cliwia \u0142atw\u0105 obs\u0142ug\u0119; mi\u0119dzy innymi: odbieranie po\u0142\u0105cze\u0144 przychodz\u0105cych, ko\u0144czenie rozmowy oraz sterowanie muzyk\u0105\n<li style='padding-top: 10px;'>R-PHONES TWS wyst\u0119puj\u0105 w dw\u00f3ch wersjach kolorystycznych: bia\u0142ej oraz czarnej\n<li style='padding-top: 10px;'>W\u0142a\u015bciwo\u015bci: Douszne s\u0142uchawki Bluetooth 4.2 TWS Wbudowany czu\u0142y mikrofon \u0141atwe parowanie i obs\u0142uga Energooszcz\u0119dny interfejs Bluetooth V4.2+EDR Zgodno\u015b\u0107 z profilami A2DP, HSP, HFP Wsp\u00f3\u0142praca z wi\u0119kszo\u015bci\u0105 interfejs\u00f3w BT w smartfonach i telefonach kom\u00f3rkowych\n<li style='padding-top: 10px;'>Moc transmisji\/cz\u0119stotliwo\u015b\u0107: Class 2\/2.4 Ghz Zasi\u0119g transmisji: do 10m Zasilanie: zaawansowany akumulator litowo-polimerowy, do 90 minut dzia\u0142ania na jednym \u0142adowaniu (zale\u017cnie od pod\u0142\u0105czonego urz\u0105dzenia i poziomu g\u0142o\u015bno\u015bci) \u0141adowanie s\u0142uchawek: ok\n<li style='padding-top: 10px;'>1 godziny, \u0142adowanie akumulatora Powerboxa: ok 2 godzin Wymiary: 48,8&#215;18,8&#215;19,8mm (pojedyncza s\u0142uchawka); 72,6x55x28mm (Powerbox) Douszne s\u0142uchawki Bluetooth 4.2 TWSWbudowany czu\u0142y mikrofon\u0141atwe parowanie i obs\u0142ugaEnergooszcz\u0119dny interfejs Bluetooth V4.2+EDRZgodno\u015b\u0107 z profilami A2DP, HSP, HFPWsp\u00f3\u0142praca z wi\u0119kszo\u015bci\u0105 interfejs\u00f3w BT w smartfonach i telefonach kom\u00f3rkowych.Moc transmisji\/cz\u0119stotliwo\u015b\u0107: Class 2\/2.4 GhzZasi\u0119g transmisji: do 10mZasilanie: zaawansowany akumulator litowo-polimerowy, do 90 minut dzia\u0142ania na jednym \u0142adowaniu (zale\u017cnie od pod\u0142\u0105czonego urz\u0105dzenia i poziomu g\u0142o\u015bno\u015bci)\u0141adowanie s\u0142uchawek: ok\n<li style='padding-top: 10px;'>1 godziny, \u0142adowanie akumulatora Powerboxa: ok 2 godzinWymiary: 48,8&#215;18,8&#215;19,8mm (pojedyncza s\u0142uchawka); 72,6x55x28mm (Powerbox)<\/ul>\n","protected":false},"featured_media":10415,"comment_status":"closed","ping_status":"open","template":"","meta":[],"product_cat":[314,601],"product_tag":[],"class_list":{"0":"post-7187","1":"product","2":"type-product","3":"status-publish","5":"hentry","6":"product_cat-media-tech","7":"product_cat-sluchawki-z-mikrofonem","8":"pa_producent-media-tech","9":"pa_sklep-akces-markt-pl"},"yoast_head":"<!-- This site is optimized with the Yoast SEO plugin v20.9 - https:\/\/yoast.com\/wordpress\/plugins\/seo\/ -->\n<title>s\u0142uchawki z mikrofonem Media-Tech<\/title>\n<meta name=\"description\" content=\"S\u0142uchawki z mikrofonem. Model Media-Tech w atrakcyjnej cenie 46.99 PLN. Przedstawiamy s\u0142uchawki do pracy zdalnej i s\u0142uchania muzyki.\" \/>\n<meta name=\"robots\" content=\"index, follow, max-snippet:-1, max-image-preview:large, max-video-preview:-1\" \/>\n<link rel=\"canonical\" href=\"https:\/\/taniabonament.pl\/sluchawki\/model\/r-phones-tws-sluchawki-douszne-bluetooth-4-2-z-technologia-tws-w-komplecie-powerbank-ladowarka-z-akumulatorem-350mah-biale-w-cenie-46-99-pln\/\" \/>\n<meta property=\"og:locale\" content=\"pl_PL\" \/>\n<meta property=\"og:type\" content=\"article\" \/>\n<meta property=\"og:title\" content=\"s\u0142uchawki z mikrofonem Media-Tech\" \/>\n<meta property=\"og:description\" content=\"S\u0142uchawki z mikrofonem. Model Media-Tech w atrakcyjnej cenie 46.99 PLN. Przedstawiamy s\u0142uchawki do pracy zdalnej i s\u0142uchania muzyki.\" \/>\n<meta property=\"og:url\" content=\"https:\/\/taniabonament.pl\/sluchawki\/model\/r-phones-tws-sluchawki-douszne-bluetooth-4-2-z-technologia-tws-w-komplecie-powerbank-ladowarka-z-akumulatorem-350mah-biale-w-cenie-46-99-pln\/\" \/>\n<meta property=\"og:site_name\" content=\"TaniAbonament.pl S\u0142uchawki\" \/>\n<meta property=\"article:modified_time\" content=\"2022-02-14T20:28:44+00:00\" \/>\n<meta property=\"og:image\" content=\"https:\/\/taniabonament.pl\/sluchawki\/wp-content\/uploads\/2022\/02\/12f2f97eeb12f83e0751648927fbbe819ba94fa9.webp\" \/>\n\t<meta property=\"og:image:width\" content=\"500\" \/>\n\t<meta property=\"og:image:height\" content=\"500\" \/>\n\t<meta property=\"og:image:type\" content=\"image\/jpeg\" \/>\n<meta name=\"twitter:card\" content=\"summary_large_image\" \/>\n<script type=\"application\/ld+json\" class=\"yoast-schema-graph\">{\"@context\":\"https:\/\/schema.org\",\"@graph\":[{\"@type\":\"WebPage\",\"@id\":\"https:\/\/taniabonament.pl\/sluchawki\/model\/r-phones-tws-sluchawki-douszne-bluetooth-4-2-z-technologia-tws-w-komplecie-powerbank-ladowarka-z-akumulatorem-350mah-biale-w-cenie-46-99-pln\/\",\"url\":\"https:\/\/taniabonament.pl\/sluchawki\/model\/r-phones-tws-sluchawki-douszne-bluetooth-4-2-z-technologia-tws-w-komplecie-powerbank-ladowarka-z-akumulatorem-350mah-biale-w-cenie-46-99-pln\/\",\"name\":\"s\u0142uchawki z mikrofonem Media-Tech\",\"isPartOf\":{\"@id\":\"https:\/\/taniabonament.pl\/sluchawki\/#website\"},\"datePublished\":\"2022-02-14T20:28:41+00:00\",\"dateModified\":\"2022-02-14T20:28:44+00:00\",\"description\":\"S\u0142uchawki z mikrofonem. Model Media-Tech w atrakcyjnej cenie 46.99 PLN. Przedstawiamy s\u0142uchawki do pracy zdalnej i s\u0142uchania muzyki.\",\"breadcrumb\":{\"@id\":\"https:\/\/taniabonament.pl\/sluchawki\/model\/r-phones-tws-sluchawki-douszne-bluetooth-4-2-z-technologia-tws-w-komplecie-powerbank-ladowarka-z-akumulatorem-350mah-biale-w-cenie-46-99-pln\/#breadcrumb\"},\"inLanguage\":\"pl-PL\",\"potentialAction\":[{\"@type\":\"ReadAction\",\"target\":[\"https:\/\/taniabonament.pl\/sluchawki\/model\/r-phones-tws-sluchawki-douszne-bluetooth-4-2-z-technologia-tws-w-komplecie-powerbank-ladowarka-z-akumulatorem-350mah-biale-w-cenie-46-99-pln\/\"]}]},{\"@type\":\"BreadcrumbList\",\"@id\":\"https:\/\/taniabonament.pl\/sluchawki\/model\/r-phones-tws-sluchawki-douszne-bluetooth-4-2-z-technologia-tws-w-komplecie-powerbank-ladowarka-z-akumulatorem-350mah-biale-w-cenie-46-99-pln\/#breadcrumb\",\"itemListElement\":[{\"@type\":\"ListItem\",\"position\":1,\"name\":\"Strona g\u0142\u00f3wna\",\"item\":\"https:\/\/taniabonament.pl\/sluchawki\/\"},{\"@type\":\"ListItem\",\"position\":2,\"name\":\"Sklep\",\"item\":\"https:\/\/taniabonament.pl\/sluchawki\/\"},{\"@type\":\"ListItem\",\"position\":3,\"name\":\"R-PHONES TWS &#8211; S\u0142uchawki douszne Bluetooth 4.2 z technologi\u0105 TWS, w komplecie powerbank\/\u0142adowarka z akumulatorem 350mAh, bia\u0142e &#8211; w cenie 46.99 PLN\"}]},{\"@type\":\"WebSite\",\"@id\":\"https:\/\/taniabonament.pl\/sluchawki\/#website\",\"url\":\"https:\/\/taniabonament.pl\/sluchawki\/\",\"name\":\"TaniAbonament.pl S\u0142uchawki\",\"description\":\"\u015bwiat s\u0142uchawek idealnych do pracy zdalnej\",\"potentialAction\":[{\"@type\":\"SearchAction\",\"target\":{\"@type\":\"EntryPoint\",\"urlTemplate\":\"https:\/\/taniabonament.pl\/sluchawki\/?s={search_term_string}\"},\"query-input\":\"required name=search_term_string\"}],\"inLanguage\":\"pl-PL\"}]}<\/script>\n<!-- \/ Yoast SEO plugin. -->","yoast_head_json":{"title":"s\u0142uchawki z mikrofonem Media-Tech","description":"S\u0142uchawki z mikrofonem. Model Media-Tech w atrakcyjnej cenie 46.99 PLN. Przedstawiamy s\u0142uchawki do pracy zdalnej i s\u0142uchania muzyki.","robots":{"index":"index","follow":"follow","max-snippet":"max-snippet:-1","max-image-preview":"max-image-preview:large","max-video-preview":"max-video-preview:-1"},"canonical":"https:\/\/taniabonament.pl\/sluchawki\/model\/r-phones-tws-sluchawki-douszne-bluetooth-4-2-z-technologia-tws-w-komplecie-powerbank-ladowarka-z-akumulatorem-350mah-biale-w-cenie-46-99-pln\/","og_locale":"pl_PL","og_type":"article","og_title":"s\u0142uchawki z mikrofonem Media-Tech","og_description":"S\u0142uchawki z mikrofonem. Model Media-Tech w atrakcyjnej cenie 46.99 PLN. Przedstawiamy s\u0142uchawki do pracy zdalnej i s\u0142uchania muzyki.","og_url":"https:\/\/taniabonament.pl\/sluchawki\/model\/r-phones-tws-sluchawki-douszne-bluetooth-4-2-z-technologia-tws-w-komplecie-powerbank-ladowarka-z-akumulatorem-350mah-biale-w-cenie-46-99-pln\/","og_site_name":"TaniAbonament.pl S\u0142uchawki","article_modified_time":"2022-02-14T20:28:44+00:00","og_image":[{"width":500,"height":500,"url":"https:\/\/taniabonament.pl\/sluchawki\/wp-content\/uploads\/2022\/02\/12f2f97eeb12f83e0751648927fbbe819ba94fa9.webp","type":"image\/jpeg"}],"twitter_card":"summary_large_image","schema":{"@context":"https:\/\/schema.org","@graph":[{"@type":"WebPage","@id":"https:\/\/taniabonament.pl\/sluchawki\/model\/r-phones-tws-sluchawki-douszne-bluetooth-4-2-z-technologia-tws-w-komplecie-powerbank-ladowarka-z-akumulatorem-350mah-biale-w-cenie-46-99-pln\/","url":"https:\/\/taniabonament.pl\/sluchawki\/model\/r-phones-tws-sluchawki-douszne-bluetooth-4-2-z-technologia-tws-w-komplecie-powerbank-ladowarka-z-akumulatorem-350mah-biale-w-cenie-46-99-pln\/","name":"s\u0142uchawki z mikrofonem Media-Tech","isPartOf":{"@id":"https:\/\/taniabonament.pl\/sluchawki\/#website"},"datePublished":"2022-02-14T20:28:41+00:00","dateModified":"2022-02-14T20:28:44+00:00","description":"S\u0142uchawki z mikrofonem. Model Media-Tech w atrakcyjnej cenie 46.99 PLN. Przedstawiamy s\u0142uchawki do pracy zdalnej i s\u0142uchania muzyki.","breadcrumb":{"@id":"https:\/\/taniabonament.pl\/sluchawki\/model\/r-phones-tws-sluchawki-douszne-bluetooth-4-2-z-technologia-tws-w-komplecie-powerbank-ladowarka-z-akumulatorem-350mah-biale-w-cenie-46-99-pln\/#breadcrumb"},"inLanguage":"pl-PL","potentialAction":[{"@type":"ReadAction","target":["https:\/\/taniabonament.pl\/sluchawki\/model\/r-phones-tws-sluchawki-douszne-bluetooth-4-2-z-technologia-tws-w-komplecie-powerbank-ladowarka-z-akumulatorem-350mah-biale-w-cenie-46-99-pln\/"]}]},{"@type":"BreadcrumbList","@id":"https:\/\/taniabonament.pl\/sluchawki\/model\/r-phones-tws-sluchawki-douszne-bluetooth-4-2-z-technologia-tws-w-komplecie-powerbank-ladowarka-z-akumulatorem-350mah-biale-w-cenie-46-99-pln\/#breadcrumb","itemListElement":[{"@type":"ListItem","position":1,"name":"Strona g\u0142\u00f3wna","item":"https:\/\/taniabonament.pl\/sluchawki\/"},{"@type":"ListItem","position":2,"name":"Sklep","item":"https:\/\/taniabonament.pl\/sluchawki\/"},{"@type":"ListItem","position":3,"name":"R-PHONES TWS &#8211; S\u0142uchawki douszne Bluetooth 4.2 z technologi\u0105 TWS, w komplecie powerbank\/\u0142adowarka z akumulatorem 350mAh, bia\u0142e &#8211; w cenie 46.99 PLN"}]},{"@type":"WebSite","@id":"https:\/\/taniabonament.pl\/sluchawki\/#website","url":"https:\/\/taniabonament.pl\/sluchawki\/","name":"TaniAbonament.pl S\u0142uchawki","description":"\u015bwiat s\u0142uchawek idealnych do pracy zdalnej","potentialAction":[{"@type":"SearchAction","target":{"@type":"EntryPoint","urlTemplate":"https:\/\/taniabonament.pl\/sluchawki\/?s={search_term_string}"},"query-input":"required name=search_term_string"}],"inLanguage":"pl-PL"}]}},"_links":{"self":[{"href":"https:\/\/taniabonament.pl\/sluchawki\/wp-json\/wp\/v2\/product\/7187","targetHints":{"allow":["GET"]}}],"collection":[{"href":"https:\/\/taniabonament.pl\/sluchawki\/wp-json\/wp\/v2\/product"}],"about":[{"href":"https:\/\/taniabonament.pl\/sluchawki\/wp-json\/wp\/v2\/types\/product"}],"replies":[{"embeddable":true,"href":"https:\/\/taniabonament.pl\/sluchawki\/wp-json\/wp\/v2\/comments?post=7187"}],"wp:featuredmedia":[{"embeddable":true,"href":"https:\/\/taniabonament.pl\/sluchawki\/wp-json\/wp\/v2\/media\/10415"}],"wp:attachment":[{"href":"https:\/\/taniabonament.pl\/sluchawki\/wp-json\/wp\/v2\/media?parent=7187"}],"wp:term":[{"taxonomy":"product_cat","embeddable":true,"href":"https:\/\/taniabonament.pl\/sluchawki\/wp-json\/wp\/v2\/product_cat?post=7187"},{"taxonomy":"product_tag","embeddable":true,"href":"https:\/\/taniabonament.pl\/sluchawki\/wp-json\/wp\/v2\/product_tag?post=7187"}],"curies":[{"name":"wp","href":"https:\/\/api.w.org\/{rel}","templated":true}]}}