{"id":7059,"date":"2022-02-14T20:26:45","date_gmt":"2022-02-14T20:26:45","guid":{"rendered":"https:\/\/taniabonament.pl\/sluchawki\/model\/nemesis-usb-sluchawki-stereo-z-mikrofonem-zlacze-usb-pilot-na-kablu-z-regulacja-dzwieku-i-mikrofonu-dla-graczy\/"},"modified":"2022-02-14T20:26:51","modified_gmt":"2022-02-14T20:26:51","slug":"nemesis-usb-sluchawki-stereo-z-mikrofonem-zlacze-usb-pilot-na-kablu-z-regulacja-dzwieku-i-mikrofonu-dla-graczy-w-cenie-50-99-pln","status":"publish","type":"product","link":"https:\/\/taniabonament.pl\/sluchawki\/model\/nemesis-usb-sluchawki-stereo-z-mikrofonem-zlacze-usb-pilot-na-kablu-z-regulacja-dzwieku-i-mikrofonu-dla-graczy-w-cenie-50-99-pln\/","title":{"rendered":"NEMESIS USB &#8211; S\u0142uchawki stereo z mikrofonem, z\u0142\u0105cze USB, pilot na kablu z regulacj\u0105 d\u017awi\u0119ku i mikrofonu, dla graczy &#8211; w cenie 50.99 PLN"},"content":{"rendered":"<p><img decoding=\"async\" style=\"margin-right: 25px; margin-bottom: 10px; width: 220px;\" src=\"https:\/\/static.convertiser.com\/media\/product_images\/294\/25eb51c64d3e94b487cfd3a263224b10\/4b82c2e9740f9feee5b74e6c3eb2b0e78963cb8a.webp\" alt=\"s\u0142uchawki z mikrofonem Media-Tech\" align=\"left\" \/><\/p>\n<h2>S\u0142uchawki marki Media-Tech<\/h2>\n<p>CENA ORYGINALNA: 50.99 PLN<\/p>\n<div style=\"font-weight: bold; font-size: 18px;\">\n<p>UWAGA <span style=\"color: red;\">MAMY RABATY!<\/span><\/p>\n<p>Szczeg\u00f3\u0142owe parametry takie jak dane techniczne, promocje sprawdzisz poni\u017cej w Akces-markt.pl. Rozmawiaj wygodnie przez mikrofon podczas pracy zdalnej. Odizoluj si\u0119 od niepo\u017c\u0105danych d\u017awi\u0119k\u00f3w zewn\u0119trznych. Ciesz si\u0119 czystym brzmieniem w s\u0142uchawkach. Przejd\u017a teraz bezpo\u015brednio do z sklepu gdzie szybko zakupisz te s\u0142uchawki w korzystnej cenie.<\/p>\n<p><span style=\"color: #fff; background-color: #000000; padding: 1px 7px;\"><strong>Media-Tech<\/strong><\/span><strong><span style=\"margin-left: 5px; color: #fff; background-color: red; padding: 1px 7px;\">50.99 PLN<\/span><\/strong><\/p>\n<p>&nbsp;<\/p>\n<p>&nbsp;<\/p>\n<\/div>\n<p style=\"text-align: center; padding-bottom: 15px;\"><a style=\"color: #fff; font-size: 22px; background-color: #e4144d; padding: 9px 14px; border-radius: 7px; text-decoration: underline;\" href=\"https:\/\/converti.se\/click\/34590059-c70e8160-5f3ad5bd\/?deep_link=https%3A%2F%2Fakces-markt.pl%2Fpl%2Fp%2FNEMESIS-USB-Sluchawki-stereo-z-mikrofonem%252C-zlacze-USB%252C-pilot-na-kablu-z-regulacja-dzwieku-i-mikrofonu%252C-dla-graczy%2F52018&#038;sid=sluchawki-z-mikrofonem&#038;tag6=product&#038;tag8=25eb51c64d3e94b487cfd3a263224b10&#038;tag9=NEMESIS+USB+-+S%C5%82uchawki+stereo+z+mikrofonem%2C+z%C5%82%C4%85cze+USB%2C+pilot+na+kablu+z+regulacj%C4%85+d%C5%BAwi%C4%99ku+i+mikrofonu%2C+dla+graczy\" target=\"_blank\" rel=\"nofollow noopener\">Kup teraz<\/a> <span style=\"font-size: 22px; padding-left: 10px;\">50.99 PLN<\/span><\/p>\n","protected":false},"excerpt":{"rendered":"<h3>Odpowiednie <span style='color: red;'>s\u0142uchawki<\/span> z mikrofonem? <\/h3>\n<p> Cechy i zalety: <\/p>\n<ul style='padding-left: 10px; padding-bottom: 10px;'>\n<li style='padding-top: 10px;'>Stereofoniczne, gamingowe s\u0142uchawki NEMESIS USB MT3574 z obrotowym wysi\u0119gnikiem mikrofonu\n<li style='padding-top: 10px;'>To doskona\u0142e rozwi\u0105zanie dla graczy kt\u00f3rym zale\u017cy na doskona\u0142ym d\u017awi\u0119ku\n<li style='padding-top: 10px;'>Idealnie nadaj\u0105 si\u0119 do rozm\u00f3w internetowych, s\u0142uchania muzyki, grania w gry czy ogl\u0105dania film\u00f3w\n<li style='padding-top: 10px;'>NEMESIS USB wyr\u00f3\u017cniaj\u0105 si\u0119 ciekawym designem\n<li style='padding-top: 10px;'>Dzi\u0119ki mo\u017cliwo\u015bci regulacji, idealnie dopasowuj\u0105 si\u0119 do kszta\u0142tu g\u0142owy\n<li style='padding-top: 10px;'>S\u0142uchawki MT3574 maj\u0105 z\u0142\u0105cze USB dla komputer\u00f3w PC i MAC\n<li style='padding-top: 10px;'>Du\u017ce poduszki uszne wykonane ze sztucznej sk\u00f3ry wype\u0142nionej mi\u0119kkim pluszem gwarantuj\u0105 wygod\u0119 podczas wielogodzinnego u\u017cytkowania\n<li style='padding-top: 10px;'>Jest to bardzo istotne szczeg\u00f3lnie wtedy, gdy s\u0142uchawki s\u0142u\u017c\u0105 nam, jako narz\u0119dzie pracy czy nauki\n<li style='padding-top: 10px;'>S\u0142uchawki \u015bwietnie wyg\u0142uszaj\u0105 d\u017awi\u0119ki dobiegaj\u0105ce z zewn\u0105trz, pozwalaj\u0105c skupi\u0107 si\u0119 na grze czy prowadzeniu rozmowy\n<li style='padding-top: 10px;'>Na d\u0142ugim kablu (1,9m) s\u0142uchawek znajduje si\u0119 pilot s\u0142u\u017c\u0105cy do kontroli g\u0142o\u015bno\u015bci i mikrofonu\n<li style='padding-top: 10px;'>NEMESIS USB wyposa\u017cone zosta\u0142y w ma\u0142y, bardzo czu\u0142y, regulowany mikrofon\n<li style='padding-top: 10px;'>Najwa\u017cniejsze cechy: cyfrowy czysty d\u017awi\u0119k wygodny, wy\u015bcie\u0142any pa\u0142\u0105k wygodne w noszeniu idealne si\u0119 spisuj\u0105 podczas grania interfejs USB obrotowy, regulowany wysi\u0119gnik mikrofonu praktyczny pilot do sterowania g\u0142o\u015bno\u015bci\u0105 z opcj\u0105 wyciszenia mikrofonu Stereofoniczne, gamingowe s\u0142uchawki NEMESIS USB MT3574 z obrotowym wysi\u0119gnikiem mikrofonu\n<li style='padding-top: 10px;'>To doskona\u0142e rozwi\u0105zanie dla graczy kt\u00f3rym zale\u017cy na doskona\u0142ym d\u017awi\u0119ku\n<li style='padding-top: 10px;'>Idealnie nadaj\u0105 si\u0119 do rozm\u00f3w internetowych, s\u0142uchania muzyki, grania w gry czy ogl\u0105dania film\u00f3w.NEMESIS USB wyr\u00f3\u017cniaj\u0105 si\u0119 ciekawym designem\n<li style='padding-top: 10px;'>Dzi\u0119ki mo\u017cliwo\u015bci regulacji, idealnie dopasowuj\u0105 si\u0119 do kszta\u0142tu g\u0142owy.S\u0142uchawki MT3574 maj\u0105 z\u0142\u0105cze USB dla komputer\u00f3w PC i MAC.Du\u017ce poduszki uszne wykonane ze sztucznej sk\u00f3ry wype\u0142nionej mi\u0119kkim pluszem gwarantuj\u0105 wygod\u0119 podczas wielogodzinnego u\u017cytkowania\n<li style='padding-top: 10px;'>Jest to bardzo istotne szczeg\u00f3lnie wtedy, gdy s\u0142uchawki s\u0142u\u017c\u0105 nam, jako narz\u0119dzie pracy czy nauki\n<li style='padding-top: 10px;'>S\u0142uchawki \u015bwietnie wyg\u0142uszaj\u0105 d\u017awi\u0119ki dobiegaj\u0105ce z zewn\u0105trz, pozwalaj\u0105c skupi\u0107 si\u0119 na grze czy prowadzeniu rozmowy.Na d\u0142ugim kablu (1,9m) s\u0142uchawek znajduje si\u0119 pilot s\u0142u\u017c\u0105cy do kontroli g\u0142o\u015bno\u015bci i mikrofonu\n<li style='padding-top: 10px;'>NEMESIS USB wyposa\u017cone zosta\u0142y w ma\u0142y, bardzo czu\u0142y, regulowany mikrofon.Najwa\u017cniejsze cechy:- cyfrowy czysty d\u017awi\u0119k,- wygodny, wy\u015bcie\u0142any pa\u0142\u0105k,- wygodne w noszeniu,- idealne si\u0119 spisuj\u0105 podczas grania- interfejs USB,- obrotowy, regulowany wysi\u0119gnik mikrofonu,- praktyczny pilot do sterowania g\u0142o\u015bno\u015bci\u0105 z opcj\u0105 wyciszenia mikrofonu<\/ul>\n","protected":false},"featured_media":10163,"comment_status":"closed","ping_status":"open","template":"","meta":[],"product_cat":[314,601],"product_tag":[],"class_list":{"0":"post-7059","1":"product","2":"type-product","3":"status-publish","5":"hentry","6":"product_cat-media-tech","7":"product_cat-sluchawki-z-mikrofonem","8":"pa_producent-media-tech","9":"pa_sklep-akces-markt-pl"},"yoast_head":"<!-- This site is optimized with the Yoast SEO plugin v20.9 - https:\/\/yoast.com\/wordpress\/plugins\/seo\/ -->\n<title>s\u0142uchawki z mikrofonem Media-Tech<\/title>\n<meta name=\"description\" content=\"S\u0142uchawki z mikrofonem. Model Media-Tech w atrakcyjnej cenie 50.99 PLN. Przedstawiamy s\u0142uchawki do pracy zdalnej i s\u0142uchania muzyki.\" \/>\n<meta name=\"robots\" content=\"index, follow, max-snippet:-1, max-image-preview:large, max-video-preview:-1\" \/>\n<link rel=\"canonical\" href=\"https:\/\/taniabonament.pl\/sluchawki\/model\/nemesis-usb-sluchawki-stereo-z-mikrofonem-zlacze-usb-pilot-na-kablu-z-regulacja-dzwieku-i-mikrofonu-dla-graczy-w-cenie-50-99-pln\/\" \/>\n<meta property=\"og:locale\" content=\"pl_PL\" \/>\n<meta property=\"og:type\" content=\"article\" \/>\n<meta property=\"og:title\" content=\"s\u0142uchawki z mikrofonem Media-Tech\" \/>\n<meta property=\"og:description\" content=\"S\u0142uchawki z mikrofonem. Model Media-Tech w atrakcyjnej cenie 50.99 PLN. Przedstawiamy s\u0142uchawki do pracy zdalnej i s\u0142uchania muzyki.\" \/>\n<meta property=\"og:url\" content=\"https:\/\/taniabonament.pl\/sluchawki\/model\/nemesis-usb-sluchawki-stereo-z-mikrofonem-zlacze-usb-pilot-na-kablu-z-regulacja-dzwieku-i-mikrofonu-dla-graczy-w-cenie-50-99-pln\/\" \/>\n<meta property=\"og:site_name\" content=\"TaniAbonament.pl S\u0142uchawki\" \/>\n<meta property=\"article:modified_time\" content=\"2022-02-14T20:26:51+00:00\" \/>\n<meta property=\"og:image\" content=\"https:\/\/taniabonament.pl\/sluchawki\/wp-content\/uploads\/2022\/02\/4b82c2e9740f9feee5b74e6c3eb2b0e78963cb8a.webp\" \/>\n\t<meta property=\"og:image:width\" content=\"500\" \/>\n\t<meta property=\"og:image:height\" content=\"355\" \/>\n\t<meta property=\"og:image:type\" content=\"image\/jpeg\" \/>\n<meta name=\"twitter:card\" content=\"summary_large_image\" \/>\n<script type=\"application\/ld+json\" class=\"yoast-schema-graph\">{\"@context\":\"https:\/\/schema.org\",\"@graph\":[{\"@type\":\"WebPage\",\"@id\":\"https:\/\/taniabonament.pl\/sluchawki\/model\/nemesis-usb-sluchawki-stereo-z-mikrofonem-zlacze-usb-pilot-na-kablu-z-regulacja-dzwieku-i-mikrofonu-dla-graczy-w-cenie-50-99-pln\/\",\"url\":\"https:\/\/taniabonament.pl\/sluchawki\/model\/nemesis-usb-sluchawki-stereo-z-mikrofonem-zlacze-usb-pilot-na-kablu-z-regulacja-dzwieku-i-mikrofonu-dla-graczy-w-cenie-50-99-pln\/\",\"name\":\"s\u0142uchawki z mikrofonem Media-Tech\",\"isPartOf\":{\"@id\":\"https:\/\/taniabonament.pl\/sluchawki\/#website\"},\"datePublished\":\"2022-02-14T20:26:45+00:00\",\"dateModified\":\"2022-02-14T20:26:51+00:00\",\"description\":\"S\u0142uchawki z mikrofonem. Model Media-Tech w atrakcyjnej cenie 50.99 PLN. Przedstawiamy s\u0142uchawki do pracy zdalnej i s\u0142uchania muzyki.\",\"breadcrumb\":{\"@id\":\"https:\/\/taniabonament.pl\/sluchawki\/model\/nemesis-usb-sluchawki-stereo-z-mikrofonem-zlacze-usb-pilot-na-kablu-z-regulacja-dzwieku-i-mikrofonu-dla-graczy-w-cenie-50-99-pln\/#breadcrumb\"},\"inLanguage\":\"pl-PL\",\"potentialAction\":[{\"@type\":\"ReadAction\",\"target\":[\"https:\/\/taniabonament.pl\/sluchawki\/model\/nemesis-usb-sluchawki-stereo-z-mikrofonem-zlacze-usb-pilot-na-kablu-z-regulacja-dzwieku-i-mikrofonu-dla-graczy-w-cenie-50-99-pln\/\"]}]},{\"@type\":\"BreadcrumbList\",\"@id\":\"https:\/\/taniabonament.pl\/sluchawki\/model\/nemesis-usb-sluchawki-stereo-z-mikrofonem-zlacze-usb-pilot-na-kablu-z-regulacja-dzwieku-i-mikrofonu-dla-graczy-w-cenie-50-99-pln\/#breadcrumb\",\"itemListElement\":[{\"@type\":\"ListItem\",\"position\":1,\"name\":\"Strona g\u0142\u00f3wna\",\"item\":\"https:\/\/taniabonament.pl\/sluchawki\/\"},{\"@type\":\"ListItem\",\"position\":2,\"name\":\"Sklep\",\"item\":\"https:\/\/taniabonament.pl\/sluchawki\/\"},{\"@type\":\"ListItem\",\"position\":3,\"name\":\"NEMESIS USB &#8211; S\u0142uchawki stereo z mikrofonem, z\u0142\u0105cze USB, pilot na kablu z regulacj\u0105 d\u017awi\u0119ku i mikrofonu, dla graczy &#8211; w cenie 50.99 PLN\"}]},{\"@type\":\"WebSite\",\"@id\":\"https:\/\/taniabonament.pl\/sluchawki\/#website\",\"url\":\"https:\/\/taniabonament.pl\/sluchawki\/\",\"name\":\"TaniAbonament.pl S\u0142uchawki\",\"description\":\"\u015bwiat s\u0142uchawek idealnych do pracy zdalnej\",\"potentialAction\":[{\"@type\":\"SearchAction\",\"target\":{\"@type\":\"EntryPoint\",\"urlTemplate\":\"https:\/\/taniabonament.pl\/sluchawki\/?s={search_term_string}\"},\"query-input\":\"required name=search_term_string\"}],\"inLanguage\":\"pl-PL\"}]}<\/script>\n<!-- \/ Yoast SEO plugin. -->","yoast_head_json":{"title":"s\u0142uchawki z mikrofonem Media-Tech","description":"S\u0142uchawki z mikrofonem. Model Media-Tech w atrakcyjnej cenie 50.99 PLN. Przedstawiamy s\u0142uchawki do pracy zdalnej i s\u0142uchania muzyki.","robots":{"index":"index","follow":"follow","max-snippet":"max-snippet:-1","max-image-preview":"max-image-preview:large","max-video-preview":"max-video-preview:-1"},"canonical":"https:\/\/taniabonament.pl\/sluchawki\/model\/nemesis-usb-sluchawki-stereo-z-mikrofonem-zlacze-usb-pilot-na-kablu-z-regulacja-dzwieku-i-mikrofonu-dla-graczy-w-cenie-50-99-pln\/","og_locale":"pl_PL","og_type":"article","og_title":"s\u0142uchawki z mikrofonem Media-Tech","og_description":"S\u0142uchawki z mikrofonem. Model Media-Tech w atrakcyjnej cenie 50.99 PLN. Przedstawiamy s\u0142uchawki do pracy zdalnej i s\u0142uchania muzyki.","og_url":"https:\/\/taniabonament.pl\/sluchawki\/model\/nemesis-usb-sluchawki-stereo-z-mikrofonem-zlacze-usb-pilot-na-kablu-z-regulacja-dzwieku-i-mikrofonu-dla-graczy-w-cenie-50-99-pln\/","og_site_name":"TaniAbonament.pl S\u0142uchawki","article_modified_time":"2022-02-14T20:26:51+00:00","og_image":[{"width":500,"height":355,"url":"https:\/\/taniabonament.pl\/sluchawki\/wp-content\/uploads\/2022\/02\/4b82c2e9740f9feee5b74e6c3eb2b0e78963cb8a.webp","type":"image\/jpeg"}],"twitter_card":"summary_large_image","schema":{"@context":"https:\/\/schema.org","@graph":[{"@type":"WebPage","@id":"https:\/\/taniabonament.pl\/sluchawki\/model\/nemesis-usb-sluchawki-stereo-z-mikrofonem-zlacze-usb-pilot-na-kablu-z-regulacja-dzwieku-i-mikrofonu-dla-graczy-w-cenie-50-99-pln\/","url":"https:\/\/taniabonament.pl\/sluchawki\/model\/nemesis-usb-sluchawki-stereo-z-mikrofonem-zlacze-usb-pilot-na-kablu-z-regulacja-dzwieku-i-mikrofonu-dla-graczy-w-cenie-50-99-pln\/","name":"s\u0142uchawki z mikrofonem Media-Tech","isPartOf":{"@id":"https:\/\/taniabonament.pl\/sluchawki\/#website"},"datePublished":"2022-02-14T20:26:45+00:00","dateModified":"2022-02-14T20:26:51+00:00","description":"S\u0142uchawki z mikrofonem. Model Media-Tech w atrakcyjnej cenie 50.99 PLN. Przedstawiamy s\u0142uchawki do pracy zdalnej i s\u0142uchania muzyki.","breadcrumb":{"@id":"https:\/\/taniabonament.pl\/sluchawki\/model\/nemesis-usb-sluchawki-stereo-z-mikrofonem-zlacze-usb-pilot-na-kablu-z-regulacja-dzwieku-i-mikrofonu-dla-graczy-w-cenie-50-99-pln\/#breadcrumb"},"inLanguage":"pl-PL","potentialAction":[{"@type":"ReadAction","target":["https:\/\/taniabonament.pl\/sluchawki\/model\/nemesis-usb-sluchawki-stereo-z-mikrofonem-zlacze-usb-pilot-na-kablu-z-regulacja-dzwieku-i-mikrofonu-dla-graczy-w-cenie-50-99-pln\/"]}]},{"@type":"BreadcrumbList","@id":"https:\/\/taniabonament.pl\/sluchawki\/model\/nemesis-usb-sluchawki-stereo-z-mikrofonem-zlacze-usb-pilot-na-kablu-z-regulacja-dzwieku-i-mikrofonu-dla-graczy-w-cenie-50-99-pln\/#breadcrumb","itemListElement":[{"@type":"ListItem","position":1,"name":"Strona g\u0142\u00f3wna","item":"https:\/\/taniabonament.pl\/sluchawki\/"},{"@type":"ListItem","position":2,"name":"Sklep","item":"https:\/\/taniabonament.pl\/sluchawki\/"},{"@type":"ListItem","position":3,"name":"NEMESIS USB &#8211; S\u0142uchawki stereo z mikrofonem, z\u0142\u0105cze USB, pilot na kablu z regulacj\u0105 d\u017awi\u0119ku i mikrofonu, dla graczy &#8211; w cenie 50.99 PLN"}]},{"@type":"WebSite","@id":"https:\/\/taniabonament.pl\/sluchawki\/#website","url":"https:\/\/taniabonament.pl\/sluchawki\/","name":"TaniAbonament.pl S\u0142uchawki","description":"\u015bwiat s\u0142uchawek idealnych do pracy zdalnej","potentialAction":[{"@type":"SearchAction","target":{"@type":"EntryPoint","urlTemplate":"https:\/\/taniabonament.pl\/sluchawki\/?s={search_term_string}"},"query-input":"required name=search_term_string"}],"inLanguage":"pl-PL"}]}},"_links":{"self":[{"href":"https:\/\/taniabonament.pl\/sluchawki\/wp-json\/wp\/v2\/product\/7059","targetHints":{"allow":["GET"]}}],"collection":[{"href":"https:\/\/taniabonament.pl\/sluchawki\/wp-json\/wp\/v2\/product"}],"about":[{"href":"https:\/\/taniabonament.pl\/sluchawki\/wp-json\/wp\/v2\/types\/product"}],"replies":[{"embeddable":true,"href":"https:\/\/taniabonament.pl\/sluchawki\/wp-json\/wp\/v2\/comments?post=7059"}],"wp:featuredmedia":[{"embeddable":true,"href":"https:\/\/taniabonament.pl\/sluchawki\/wp-json\/wp\/v2\/media\/10163"}],"wp:attachment":[{"href":"https:\/\/taniabonament.pl\/sluchawki\/wp-json\/wp\/v2\/media?parent=7059"}],"wp:term":[{"taxonomy":"product_cat","embeddable":true,"href":"https:\/\/taniabonament.pl\/sluchawki\/wp-json\/wp\/v2\/product_cat?post=7059"},{"taxonomy":"product_tag","embeddable":true,"href":"https:\/\/taniabonament.pl\/sluchawki\/wp-json\/wp\/v2\/product_tag?post=7059"}],"curies":[{"name":"wp","href":"https:\/\/api.w.org\/{rel}","templated":true}]}}