{"id":7057,"date":"2022-02-14T20:26:45","date_gmt":"2022-02-14T20:26:45","guid":{"rendered":"https:\/\/taniabonament.pl\/sluchawki\/model\/magicsound-ds-2-sluchawki-douszne-z-mikrofonem-kompatybilne-z-wiekszoscia-telefonow-tabletow-odtwarzaczy-multimedialnych-czerwone\/"},"modified":"2022-02-14T20:26:51","modified_gmt":"2022-02-14T20:26:51","slug":"magicsound-ds-2-sluchawki-douszne-z-mikrofonem-kompatybilne-z-wiekszoscia-telefonow-tabletow-odtwarzaczy-multimedialnych-czerwone-w-cenie-17-99-pln","status":"publish","type":"product","link":"https:\/\/taniabonament.pl\/sluchawki\/model\/magicsound-ds-2-sluchawki-douszne-z-mikrofonem-kompatybilne-z-wiekszoscia-telefonow-tabletow-odtwarzaczy-multimedialnych-czerwone-w-cenie-17-99-pln\/","title":{"rendered":"MAGICSOUND DS-2 &#8211; S\u0142uchawki douszne z mikrofonem kompatybilne z wi\u0119kszo\u015bci\u0105 telefon\u00f3w, tablet\u00f3w, odtwarzaczy multimedialnych. Czerwone &#8211; w cenie 17.99 PLN"},"content":{"rendered":"<p><img decoding=\"async\" style=\"margin-right: 25px; margin-bottom: 10px; width: 220px;\" src=\"https:\/\/static.convertiser.com\/media\/product_images\/294\/9cb4156e13e1cf393da145fb52cfea3c\/1d24118d098b616a1fba78fb372182487df570dd.webp\" alt=\"s\u0142uchawki z mikrofonem Media-Tech\" align=\"left\" \/><\/p>\n<h2>S\u0142uchawki marki Media-Tech<\/h2>\n<p>CENA ORYGINALNA: 17.99 PLN<\/p>\n<div style=\"font-weight: bold; font-size: 18px;\">\n<p>UWAGA <span style=\"color: red;\">MAMY RABATY!<\/span><\/p>\n<p>Szczeg\u00f3\u0142owe parametry takie jak dane techniczne, promocje sprawdzisz poni\u017cej w Akces-markt.pl. Rozmawiaj wygodnie przez mikrofon podczas pracy zdalnej. Odizoluj si\u0119 od niepo\u017c\u0105danych d\u017awi\u0119k\u00f3w zewn\u0119trznych. Ciesz si\u0119 czystym brzmieniem w s\u0142uchawkach. Przejd\u017a teraz bezpo\u015brednio do z sklepu gdzie szybko zakupisz te s\u0142uchawki w korzystnej cenie.<\/p>\n<p><span style=\"color: #fff; background-color: #000000; padding: 1px 7px;\"><strong>Media-Tech<\/strong><\/span><strong><span style=\"margin-left: 5px; color: #fff; background-color: red; padding: 1px 7px;\">17.99 PLN<\/span><\/strong><\/p>\n<p>&nbsp;<\/p>\n<p>&nbsp;<\/p>\n<\/div>\n<p style=\"text-align: center; padding-bottom: 15px;\"><a style=\"color: #fff; font-size: 22px; background-color: #e4144d; padding: 9px 14px; border-radius: 7px; text-decoration: underline;\" href=\"https:\/\/converti.se\/click\/34590059-c70e8160-5f3ad5bd\/?deep_link=https%3A%2F%2Fakces-markt.pl%2Fpl%2Fp%2FMAGICSOUND-DS-2-Sluchawki-douszne-z-mikrofonem-kompatybilne-z-wiekszoscia-telefonow%252C-tabletow%252C-odtwarzaczy-multimedialnych.-Czerwone%2F52000&#038;sid=sluchawki-z-mikrofonem&#038;tag6=product&#038;tag8=9cb4156e13e1cf393da145fb52cfea3c&#038;tag9=MAGICSOUND+DS-2+-+S%C5%82uchawki+douszne+z+mikrofonem+kompatybilne+z+wi%C4%99kszo%C5%9Bci%C4%85+telefon%C3%B3w%2C+tablet%C3%B3w%2C+odtwarzaczy+multimedialnych.+Czerwone\" target=\"_blank\" rel=\"nofollow noopener\">Kup teraz<\/a> <span style=\"font-size: 22px; padding-left: 10px;\">17.99 PLN<\/span><\/p>\n","protected":false},"excerpt":{"rendered":"<h3>Odpowiednie <span style='color: red;'>s\u0142uchawki<\/span> z mikrofonem? <\/h3>\n<p> Cechy i zalety: <\/p>\n<ul style='padding-left: 10px; padding-bottom: 10px;'>\n<li style='padding-top: 10px;'>MAGICSOUND DS-2 MT3556\u00a0to zestaw uniwersalnych s\u0142uchawek dousznych z mikrofonem, wsp\u00f3\u0142pracuj\u0105cych z wi\u0119kszo\u015bci\u0105 urz\u0105dze\u0144, takich jak: telefony kom\u00f3rkowe, przeno\u015bne odtwarzacze multimedialne, iPhone, iPad, iPod, Blackberry, itp\n<li style='padding-top: 10px;'>S\u0142uchawki MAGICSOUND DS-2\u00a0oferuj\u0105 czysty d\u017awi\u0119k oraz czu\u0142y mikrofon, co sprawia, \u017ce \u015bwietnie nadaj\u0105 si\u0119 do prowadzenia rozm\u00f3w i s\u0142uchania muzyki\n<li style='padding-top: 10px;'>Istotn\u0105 cech\u0105 zestawu jest\u00a0przycisk ON\/OFF\n<li style='padding-top: 10px;'>Mo\u017cesz wi\u0119c odebra\u0107\/zako\u0144czy\u0107 po\u0142\u0105czenie przychodz\u0105ce, bez konieczno\u015bci si\u0119gania po telefon\n<li style='padding-top: 10px;'>Mo\u017cesz tak\u017ce\u00a0zmienia\u0107 utwory\u00a0u\u017cywaj\u0105c przycisku ON\/OFF (urz\u0105dzenia kompatybilne)\n<li style='padding-top: 10px;'>P\u0142aski kabel zapobiega pl\u0105taniu si\u0119 s\u0142uchawek, co w po\u0142\u0105czeniu z lekk\u0105 i wygodn\u0105 konstrukcj\u0105 spodoba si\u0119 u\u017cytkownikom aktywnie sp\u0119dzaj\u0105cym czas\n<li style='padding-top: 10px;'>MAGICSOUND DS-2\u00a0&#8211; doskona\u0142e s\u0142uchawki do s\u0142uchania Twojej ulubionej muzyki oraz komunikacji mobilnej\n<li style='padding-top: 10px;'>S\u0142uchawki s\u0105 dost\u0119pne w trzech kolorach: czarnym (MT3556K), czerwonym (MT3556KR) i bia\u0142ym (MT3556W)\n<li style='padding-top: 10px;'>Dane techniczne S\u0142uchawki stereo z mikrofonem Z\u0142\u0105cze jack 3,5mm kompatybilne z odtwarzaczami MP3\/4, Smartfonami, Tabletami, iPod, iPad, iPhone, Blackberry, itp\n<li style='padding-top: 10px;'>Czu\u0142y mikrofon Przycisk on\/off umo\u017cliwiaj\u0105cy odbieranie i ko\u0144czenie po\u0142\u0105cze\u0144 (funkcja zale\u017cna od modelu telefonu) D\u0142ugo\u015b\u0107 kabla 1,2m Impedancja 18 ohm +\/- 10% Pasmo przenoszenia 20Hz &#8211; 20kHz Czu\u0142o\u015b\u0107 mikrofonu -40dB +\/- 3dB Czu\u0142o\u015b\u0107 s\u0142uchawek 110dB +\/- 3dB Waga 14g<\/ul>\n","protected":false},"featured_media":10164,"comment_status":"closed","ping_status":"open","template":"","meta":[],"product_cat":[314,601],"product_tag":[],"class_list":{"0":"post-7057","1":"product","2":"type-product","3":"status-publish","5":"hentry","6":"product_cat-media-tech","7":"product_cat-sluchawki-z-mikrofonem","8":"pa_producent-media-tech","9":"pa_sklep-akces-markt-pl"},"yoast_head":"<!-- This site is optimized with the Yoast SEO plugin v20.9 - https:\/\/yoast.com\/wordpress\/plugins\/seo\/ -->\n<title>s\u0142uchawki z mikrofonem Media-Tech<\/title>\n<meta name=\"description\" content=\"S\u0142uchawki z mikrofonem. Model Media-Tech w atrakcyjnej cenie 17.99 PLN. Przedstawiamy s\u0142uchawki do pracy zdalnej i s\u0142uchania muzyki.\" \/>\n<meta name=\"robots\" content=\"index, follow, max-snippet:-1, max-image-preview:large, max-video-preview:-1\" \/>\n<link rel=\"canonical\" href=\"https:\/\/taniabonament.pl\/sluchawki\/model\/magicsound-ds-2-sluchawki-douszne-z-mikrofonem-kompatybilne-z-wiekszoscia-telefonow-tabletow-odtwarzaczy-multimedialnych-czerwone-w-cenie-17-99-pln\/\" \/>\n<meta property=\"og:locale\" content=\"pl_PL\" \/>\n<meta property=\"og:type\" content=\"article\" \/>\n<meta property=\"og:title\" content=\"s\u0142uchawki z mikrofonem Media-Tech\" \/>\n<meta property=\"og:description\" content=\"S\u0142uchawki z mikrofonem. Model Media-Tech w atrakcyjnej cenie 17.99 PLN. Przedstawiamy s\u0142uchawki do pracy zdalnej i s\u0142uchania muzyki.\" \/>\n<meta property=\"og:url\" content=\"https:\/\/taniabonament.pl\/sluchawki\/model\/magicsound-ds-2-sluchawki-douszne-z-mikrofonem-kompatybilne-z-wiekszoscia-telefonow-tabletow-odtwarzaczy-multimedialnych-czerwone-w-cenie-17-99-pln\/\" \/>\n<meta property=\"og:site_name\" content=\"TaniAbonament.pl S\u0142uchawki\" \/>\n<meta property=\"article:modified_time\" content=\"2022-02-14T20:26:51+00:00\" \/>\n<meta property=\"og:image\" content=\"https:\/\/taniabonament.pl\/sluchawki\/wp-content\/uploads\/2022\/02\/1d24118d098b616a1fba78fb372182487df570dd.webp\" \/>\n\t<meta property=\"og:image:width\" content=\"500\" \/>\n\t<meta property=\"og:image:height\" content=\"329\" \/>\n\t<meta property=\"og:image:type\" content=\"image\/jpeg\" \/>\n<meta name=\"twitter:card\" content=\"summary_large_image\" \/>\n<script type=\"application\/ld+json\" class=\"yoast-schema-graph\">{\"@context\":\"https:\/\/schema.org\",\"@graph\":[{\"@type\":\"WebPage\",\"@id\":\"https:\/\/taniabonament.pl\/sluchawki\/model\/magicsound-ds-2-sluchawki-douszne-z-mikrofonem-kompatybilne-z-wiekszoscia-telefonow-tabletow-odtwarzaczy-multimedialnych-czerwone-w-cenie-17-99-pln\/\",\"url\":\"https:\/\/taniabonament.pl\/sluchawki\/model\/magicsound-ds-2-sluchawki-douszne-z-mikrofonem-kompatybilne-z-wiekszoscia-telefonow-tabletow-odtwarzaczy-multimedialnych-czerwone-w-cenie-17-99-pln\/\",\"name\":\"s\u0142uchawki z mikrofonem Media-Tech\",\"isPartOf\":{\"@id\":\"https:\/\/taniabonament.pl\/sluchawki\/#website\"},\"datePublished\":\"2022-02-14T20:26:45+00:00\",\"dateModified\":\"2022-02-14T20:26:51+00:00\",\"description\":\"S\u0142uchawki z mikrofonem. Model Media-Tech w atrakcyjnej cenie 17.99 PLN. Przedstawiamy s\u0142uchawki do pracy zdalnej i s\u0142uchania muzyki.\",\"breadcrumb\":{\"@id\":\"https:\/\/taniabonament.pl\/sluchawki\/model\/magicsound-ds-2-sluchawki-douszne-z-mikrofonem-kompatybilne-z-wiekszoscia-telefonow-tabletow-odtwarzaczy-multimedialnych-czerwone-w-cenie-17-99-pln\/#breadcrumb\"},\"inLanguage\":\"pl-PL\",\"potentialAction\":[{\"@type\":\"ReadAction\",\"target\":[\"https:\/\/taniabonament.pl\/sluchawki\/model\/magicsound-ds-2-sluchawki-douszne-z-mikrofonem-kompatybilne-z-wiekszoscia-telefonow-tabletow-odtwarzaczy-multimedialnych-czerwone-w-cenie-17-99-pln\/\"]}]},{\"@type\":\"BreadcrumbList\",\"@id\":\"https:\/\/taniabonament.pl\/sluchawki\/model\/magicsound-ds-2-sluchawki-douszne-z-mikrofonem-kompatybilne-z-wiekszoscia-telefonow-tabletow-odtwarzaczy-multimedialnych-czerwone-w-cenie-17-99-pln\/#breadcrumb\",\"itemListElement\":[{\"@type\":\"ListItem\",\"position\":1,\"name\":\"Strona g\u0142\u00f3wna\",\"item\":\"https:\/\/taniabonament.pl\/sluchawki\/\"},{\"@type\":\"ListItem\",\"position\":2,\"name\":\"Sklep\",\"item\":\"https:\/\/taniabonament.pl\/sluchawki\/\"},{\"@type\":\"ListItem\",\"position\":3,\"name\":\"MAGICSOUND DS-2 &#8211; S\u0142uchawki douszne z mikrofonem kompatybilne z wi\u0119kszo\u015bci\u0105 telefon\u00f3w, tablet\u00f3w, odtwarzaczy multimedialnych. Czerwone &#8211; w cenie 17.99 PLN\"}]},{\"@type\":\"WebSite\",\"@id\":\"https:\/\/taniabonament.pl\/sluchawki\/#website\",\"url\":\"https:\/\/taniabonament.pl\/sluchawki\/\",\"name\":\"TaniAbonament.pl S\u0142uchawki\",\"description\":\"\u015bwiat s\u0142uchawek idealnych do pracy zdalnej\",\"potentialAction\":[{\"@type\":\"SearchAction\",\"target\":{\"@type\":\"EntryPoint\",\"urlTemplate\":\"https:\/\/taniabonament.pl\/sluchawki\/?s={search_term_string}\"},\"query-input\":\"required name=search_term_string\"}],\"inLanguage\":\"pl-PL\"}]}<\/script>\n<!-- \/ Yoast SEO plugin. -->","yoast_head_json":{"title":"s\u0142uchawki z mikrofonem Media-Tech","description":"S\u0142uchawki z mikrofonem. Model Media-Tech w atrakcyjnej cenie 17.99 PLN. Przedstawiamy s\u0142uchawki do pracy zdalnej i s\u0142uchania muzyki.","robots":{"index":"index","follow":"follow","max-snippet":"max-snippet:-1","max-image-preview":"max-image-preview:large","max-video-preview":"max-video-preview:-1"},"canonical":"https:\/\/taniabonament.pl\/sluchawki\/model\/magicsound-ds-2-sluchawki-douszne-z-mikrofonem-kompatybilne-z-wiekszoscia-telefonow-tabletow-odtwarzaczy-multimedialnych-czerwone-w-cenie-17-99-pln\/","og_locale":"pl_PL","og_type":"article","og_title":"s\u0142uchawki z mikrofonem Media-Tech","og_description":"S\u0142uchawki z mikrofonem. Model Media-Tech w atrakcyjnej cenie 17.99 PLN. Przedstawiamy s\u0142uchawki do pracy zdalnej i s\u0142uchania muzyki.","og_url":"https:\/\/taniabonament.pl\/sluchawki\/model\/magicsound-ds-2-sluchawki-douszne-z-mikrofonem-kompatybilne-z-wiekszoscia-telefonow-tabletow-odtwarzaczy-multimedialnych-czerwone-w-cenie-17-99-pln\/","og_site_name":"TaniAbonament.pl S\u0142uchawki","article_modified_time":"2022-02-14T20:26:51+00:00","og_image":[{"width":500,"height":329,"url":"https:\/\/taniabonament.pl\/sluchawki\/wp-content\/uploads\/2022\/02\/1d24118d098b616a1fba78fb372182487df570dd.webp","type":"image\/jpeg"}],"twitter_card":"summary_large_image","schema":{"@context":"https:\/\/schema.org","@graph":[{"@type":"WebPage","@id":"https:\/\/taniabonament.pl\/sluchawki\/model\/magicsound-ds-2-sluchawki-douszne-z-mikrofonem-kompatybilne-z-wiekszoscia-telefonow-tabletow-odtwarzaczy-multimedialnych-czerwone-w-cenie-17-99-pln\/","url":"https:\/\/taniabonament.pl\/sluchawki\/model\/magicsound-ds-2-sluchawki-douszne-z-mikrofonem-kompatybilne-z-wiekszoscia-telefonow-tabletow-odtwarzaczy-multimedialnych-czerwone-w-cenie-17-99-pln\/","name":"s\u0142uchawki z mikrofonem Media-Tech","isPartOf":{"@id":"https:\/\/taniabonament.pl\/sluchawki\/#website"},"datePublished":"2022-02-14T20:26:45+00:00","dateModified":"2022-02-14T20:26:51+00:00","description":"S\u0142uchawki z mikrofonem. Model Media-Tech w atrakcyjnej cenie 17.99 PLN. Przedstawiamy s\u0142uchawki do pracy zdalnej i s\u0142uchania muzyki.","breadcrumb":{"@id":"https:\/\/taniabonament.pl\/sluchawki\/model\/magicsound-ds-2-sluchawki-douszne-z-mikrofonem-kompatybilne-z-wiekszoscia-telefonow-tabletow-odtwarzaczy-multimedialnych-czerwone-w-cenie-17-99-pln\/#breadcrumb"},"inLanguage":"pl-PL","potentialAction":[{"@type":"ReadAction","target":["https:\/\/taniabonament.pl\/sluchawki\/model\/magicsound-ds-2-sluchawki-douszne-z-mikrofonem-kompatybilne-z-wiekszoscia-telefonow-tabletow-odtwarzaczy-multimedialnych-czerwone-w-cenie-17-99-pln\/"]}]},{"@type":"BreadcrumbList","@id":"https:\/\/taniabonament.pl\/sluchawki\/model\/magicsound-ds-2-sluchawki-douszne-z-mikrofonem-kompatybilne-z-wiekszoscia-telefonow-tabletow-odtwarzaczy-multimedialnych-czerwone-w-cenie-17-99-pln\/#breadcrumb","itemListElement":[{"@type":"ListItem","position":1,"name":"Strona g\u0142\u00f3wna","item":"https:\/\/taniabonament.pl\/sluchawki\/"},{"@type":"ListItem","position":2,"name":"Sklep","item":"https:\/\/taniabonament.pl\/sluchawki\/"},{"@type":"ListItem","position":3,"name":"MAGICSOUND DS-2 &#8211; S\u0142uchawki douszne z mikrofonem kompatybilne z wi\u0119kszo\u015bci\u0105 telefon\u00f3w, tablet\u00f3w, odtwarzaczy multimedialnych. Czerwone &#8211; w cenie 17.99 PLN"}]},{"@type":"WebSite","@id":"https:\/\/taniabonament.pl\/sluchawki\/#website","url":"https:\/\/taniabonament.pl\/sluchawki\/","name":"TaniAbonament.pl S\u0142uchawki","description":"\u015bwiat s\u0142uchawek idealnych do pracy zdalnej","potentialAction":[{"@type":"SearchAction","target":{"@type":"EntryPoint","urlTemplate":"https:\/\/taniabonament.pl\/sluchawki\/?s={search_term_string}"},"query-input":"required name=search_term_string"}],"inLanguage":"pl-PL"}]}},"_links":{"self":[{"href":"https:\/\/taniabonament.pl\/sluchawki\/wp-json\/wp\/v2\/product\/7057","targetHints":{"allow":["GET"]}}],"collection":[{"href":"https:\/\/taniabonament.pl\/sluchawki\/wp-json\/wp\/v2\/product"}],"about":[{"href":"https:\/\/taniabonament.pl\/sluchawki\/wp-json\/wp\/v2\/types\/product"}],"replies":[{"embeddable":true,"href":"https:\/\/taniabonament.pl\/sluchawki\/wp-json\/wp\/v2\/comments?post=7057"}],"wp:featuredmedia":[{"embeddable":true,"href":"https:\/\/taniabonament.pl\/sluchawki\/wp-json\/wp\/v2\/media\/10164"}],"wp:attachment":[{"href":"https:\/\/taniabonament.pl\/sluchawki\/wp-json\/wp\/v2\/media?parent=7057"}],"wp:term":[{"taxonomy":"product_cat","embeddable":true,"href":"https:\/\/taniabonament.pl\/sluchawki\/wp-json\/wp\/v2\/product_cat?post=7057"},{"taxonomy":"product_tag","embeddable":true,"href":"https:\/\/taniabonament.pl\/sluchawki\/wp-json\/wp\/v2\/product_tag?post=7057"}],"curies":[{"name":"wp","href":"https:\/\/api.w.org\/{rel}","templated":true}]}}