{"id":7051,"date":"2022-02-14T20:29:41","date_gmt":"2022-02-14T20:29:41","guid":{"rendered":"https:\/\/taniabonament.pl\/sluchawki\/model\/philips-sluchawki-tah5205-biale\/"},"modified":"2022-02-14T20:29:50","modified_gmt":"2022-02-14T20:29:50","slug":"philips-sluchawki-tah5205-biale-w-cenie-283-0-pln","status":"publish","type":"product","link":"https:\/\/taniabonament.pl\/sluchawki\/model\/philips-sluchawki-tah5205-biale-w-cenie-283-0-pln\/","title":{"rendered":"Philips s\u0142uchawki TAH5205, bia\u0142e &#8211; w cenie 283.0 PLN"},"content":{"rendered":"<p><img decoding=\"async\" style=\"margin-right: 25px; margin-bottom: 10px; width: 220px;\" src=\"https:\/\/static.convertiser.com\/media\/product_images\/49\/7528646f1955804a4041516441922090\/49cf6c2a6e4d65d8b0f1f4c0d23e8e8bb275bc35.jpg\" alt=\"s\u0142uchawki z mikrofonem Philips\" align=\"left\" \/><\/p>\n<h2>S\u0142uchawki marki Philips<\/h2>\n<p>CENA ORYGINALNA: 283.0 PLN<\/p>\n<div style=\"font-weight: bold; font-size: 18px;\">\n<p>UWAGA <span style=\"color: red;\">MAMY RABATY!<\/span><\/p>\n<p>Szczeg\u00f3\u0142owe parametry takie jak dane techniczne, promocje sprawdzisz poni\u017cej w Mall.pl. Rozmawiaj wygodnie przez mikrofon podczas pracy zdalnej. Odizoluj si\u0119 od niepo\u017c\u0105danych d\u017awi\u0119k\u00f3w zewn\u0119trznych. Ciesz si\u0119 czystym brzmieniem w s\u0142uchawkach. Przejd\u017a teraz bezpo\u015brednio do z sklepu gdzie szybko zakupisz te s\u0142uchawki w korzystnej cenie.<\/p>\n<p><span style=\"color: #fff; background-color: #000000; padding: 1px 7px;\"><strong>Philips<\/strong><\/span><strong><span style=\"margin-left: 5px; color: #fff; background-color: red; padding: 1px 7px;\">283.0 PLN<\/span><\/strong><\/p>\n<p>&nbsp;<\/p>\n<p>&nbsp;<\/p>\n<\/div>\n<p style=\"text-align: center; padding-bottom: 15px;\"><a style=\"color: #fff; font-size: 22px; background-color: #e4144d; padding: 9px 14px; border-radius: 7px; text-decoration: underline;\" href=\"https:\/\/converti.se\/click\/34590059-c70e8160-5f3fd1b8\/?deep_link=https%3A%2F%2Fwww.mall.pl%2Fprzenosne-sluchawki%2Fphilips-sluchawki-tah5205-biale&#038;sid=sluchawki-z-mikrofonem&#038;tag6=product&#038;tag8=7528646f1955804a4041516441922090&#038;tag9=Philips+s%C5%82uchawki+TAH5205%2C+bia%C5%82e\" target=\"_blank\" rel=\"nofollow noopener\">Kup teraz<\/a> <span style=\"font-size: 22px; padding-left: 10px;\">283.0 PLN<\/span><\/p>\n","protected":false},"excerpt":{"rendered":"<h3>Odpowiednie <span style='color: red;'>s\u0142uchawki<\/span> z mikrofonem? <\/h3>\n<p> Cechy i zalety: <\/p>\n<ul style='padding-left: 10px; padding-bottom: 10px;'>\n<li style='padding-top: 10px;'>Dni MALL.PL \u2013 Zni\u017cka 20% na wybrane produkty elektroniczne marki PHILIPS z kodem 22MDC2PL33 (od 07.02\n<li style='padding-top: 10px;'>do 20.02.2022 r\n<li style='padding-top: 10px;'>lub wyczerpania zapas\u00f3w)!Zanurz si\u0119 w \u015bwiecie wspania\u0142ego d\u017awi\u0119ku i ciesz si\u0119 ulubionymi utworami w doskona\u0142ej jako\u015bci dzi\u0119ki stylowym s\u0142uchawkom Bluetooth 5.0 Philips TAH5205\n<li style='padding-top: 10px;'>Zachwycaj\u0105 pot\u0119\u017cnymi przetwornikami 40 mm i przyciskiem BASS dla wzmocnienia bas\u00f3w\n<li style='padding-top: 10px;'>Maj\u0105 te\u017c mikrofon do rozm\u00f3w w trybie g\u0142o\u015bnom\u00f3wi\u0105cym, wbudowane przyciski steruj\u0105ce i oferuj\u0105 d\u0142ug\u0105 \u017cywotno\u015b\u0107 wynosz\u0105c\u0105 29 godzin\n<li style='padding-top: 10px;'>Mo\u017cna je r\u00f3wnie\u017c pod\u0142\u0105czy\u0107 za pomoc\u0105 przewodu audio.<\/ul>\n","protected":false},"featured_media":10564,"comment_status":"closed","ping_status":"open","template":"","meta":[],"product_cat":[217,601],"product_tag":[],"class_list":{"0":"post-7051","1":"product","2":"type-product","3":"status-publish","5":"hentry","6":"product_cat-philips","7":"product_cat-sluchawki-z-mikrofonem","8":"pa_producent-philips","9":"pa_sklep-mall-pl"},"yoast_head":"<!-- This site is optimized with the Yoast SEO plugin v20.9 - https:\/\/yoast.com\/wordpress\/plugins\/seo\/ -->\n<title>s\u0142uchawki z mikrofonem Philips<\/title>\n<meta name=\"description\" content=\"S\u0142uchawki z mikrofonem. Model Philips w atrakcyjnej cenie 283.0 PLN. Przedstawiamy s\u0142uchawki do pracy zdalnej i s\u0142uchania muzyki.\" \/>\n<meta name=\"robots\" content=\"index, follow, max-snippet:-1, max-image-preview:large, max-video-preview:-1\" \/>\n<link rel=\"canonical\" href=\"https:\/\/taniabonament.pl\/sluchawki\/model\/philips-sluchawki-tah5205-biale-w-cenie-283-0-pln\/\" \/>\n<meta property=\"og:locale\" content=\"pl_PL\" \/>\n<meta property=\"og:type\" content=\"article\" \/>\n<meta property=\"og:title\" content=\"s\u0142uchawki z mikrofonem Philips\" \/>\n<meta property=\"og:description\" content=\"S\u0142uchawki z mikrofonem. Model Philips w atrakcyjnej cenie 283.0 PLN. Przedstawiamy s\u0142uchawki do pracy zdalnej i s\u0142uchania muzyki.\" \/>\n<meta property=\"og:url\" content=\"https:\/\/taniabonament.pl\/sluchawki\/model\/philips-sluchawki-tah5205-biale-w-cenie-283-0-pln\/\" \/>\n<meta property=\"og:site_name\" content=\"TaniAbonament.pl S\u0142uchawki\" \/>\n<meta property=\"article:modified_time\" content=\"2022-02-14T20:29:50+00:00\" \/>\n<meta property=\"og:image\" content=\"https:\/\/taniabonament.pl\/sluchawki\/wp-content\/uploads\/2022\/02\/49cf6c2a6e4d65d8b0f1f4c0d23e8e8bb275bc35.jpg\" \/>\n\t<meta property=\"og:image:width\" content=\"712\" \/>\n\t<meta property=\"og:image:height\" content=\"1000\" \/>\n\t<meta property=\"og:image:type\" content=\"image\/jpeg\" \/>\n<meta name=\"twitter:card\" content=\"summary_large_image\" \/>\n<script type=\"application\/ld+json\" class=\"yoast-schema-graph\">{\"@context\":\"https:\/\/schema.org\",\"@graph\":[{\"@type\":\"WebPage\",\"@id\":\"https:\/\/taniabonament.pl\/sluchawki\/model\/philips-sluchawki-tah5205-biale-w-cenie-283-0-pln\/\",\"url\":\"https:\/\/taniabonament.pl\/sluchawki\/model\/philips-sluchawki-tah5205-biale-w-cenie-283-0-pln\/\",\"name\":\"s\u0142uchawki z mikrofonem Philips\",\"isPartOf\":{\"@id\":\"https:\/\/taniabonament.pl\/sluchawki\/#website\"},\"datePublished\":\"2022-02-14T20:29:41+00:00\",\"dateModified\":\"2022-02-14T20:29:50+00:00\",\"description\":\"S\u0142uchawki z mikrofonem. Model Philips w atrakcyjnej cenie 283.0 PLN. Przedstawiamy s\u0142uchawki do pracy zdalnej i s\u0142uchania muzyki.\",\"breadcrumb\":{\"@id\":\"https:\/\/taniabonament.pl\/sluchawki\/model\/philips-sluchawki-tah5205-biale-w-cenie-283-0-pln\/#breadcrumb\"},\"inLanguage\":\"pl-PL\",\"potentialAction\":[{\"@type\":\"ReadAction\",\"target\":[\"https:\/\/taniabonament.pl\/sluchawki\/model\/philips-sluchawki-tah5205-biale-w-cenie-283-0-pln\/\"]}]},{\"@type\":\"BreadcrumbList\",\"@id\":\"https:\/\/taniabonament.pl\/sluchawki\/model\/philips-sluchawki-tah5205-biale-w-cenie-283-0-pln\/#breadcrumb\",\"itemListElement\":[{\"@type\":\"ListItem\",\"position\":1,\"name\":\"Strona g\u0142\u00f3wna\",\"item\":\"https:\/\/taniabonament.pl\/sluchawki\/\"},{\"@type\":\"ListItem\",\"position\":2,\"name\":\"Sklep\",\"item\":\"https:\/\/taniabonament.pl\/sluchawki\/\"},{\"@type\":\"ListItem\",\"position\":3,\"name\":\"Philips s\u0142uchawki TAH5205, bia\u0142e &#8211; w cenie 283.0 PLN\"}]},{\"@type\":\"WebSite\",\"@id\":\"https:\/\/taniabonament.pl\/sluchawki\/#website\",\"url\":\"https:\/\/taniabonament.pl\/sluchawki\/\",\"name\":\"TaniAbonament.pl S\u0142uchawki\",\"description\":\"\u015bwiat s\u0142uchawek idealnych do pracy zdalnej\",\"potentialAction\":[{\"@type\":\"SearchAction\",\"target\":{\"@type\":\"EntryPoint\",\"urlTemplate\":\"https:\/\/taniabonament.pl\/sluchawki\/?s={search_term_string}\"},\"query-input\":\"required name=search_term_string\"}],\"inLanguage\":\"pl-PL\"}]}<\/script>\n<!-- \/ Yoast SEO plugin. -->","yoast_head_json":{"title":"s\u0142uchawki z mikrofonem Philips","description":"S\u0142uchawki z mikrofonem. Model Philips w atrakcyjnej cenie 283.0 PLN. Przedstawiamy s\u0142uchawki do pracy zdalnej i s\u0142uchania muzyki.","robots":{"index":"index","follow":"follow","max-snippet":"max-snippet:-1","max-image-preview":"max-image-preview:large","max-video-preview":"max-video-preview:-1"},"canonical":"https:\/\/taniabonament.pl\/sluchawki\/model\/philips-sluchawki-tah5205-biale-w-cenie-283-0-pln\/","og_locale":"pl_PL","og_type":"article","og_title":"s\u0142uchawki z mikrofonem Philips","og_description":"S\u0142uchawki z mikrofonem. Model Philips w atrakcyjnej cenie 283.0 PLN. Przedstawiamy s\u0142uchawki do pracy zdalnej i s\u0142uchania muzyki.","og_url":"https:\/\/taniabonament.pl\/sluchawki\/model\/philips-sluchawki-tah5205-biale-w-cenie-283-0-pln\/","og_site_name":"TaniAbonament.pl S\u0142uchawki","article_modified_time":"2022-02-14T20:29:50+00:00","og_image":[{"width":712,"height":1000,"url":"https:\/\/taniabonament.pl\/sluchawki\/wp-content\/uploads\/2022\/02\/49cf6c2a6e4d65d8b0f1f4c0d23e8e8bb275bc35.jpg","type":"image\/jpeg"}],"twitter_card":"summary_large_image","schema":{"@context":"https:\/\/schema.org","@graph":[{"@type":"WebPage","@id":"https:\/\/taniabonament.pl\/sluchawki\/model\/philips-sluchawki-tah5205-biale-w-cenie-283-0-pln\/","url":"https:\/\/taniabonament.pl\/sluchawki\/model\/philips-sluchawki-tah5205-biale-w-cenie-283-0-pln\/","name":"s\u0142uchawki z mikrofonem Philips","isPartOf":{"@id":"https:\/\/taniabonament.pl\/sluchawki\/#website"},"datePublished":"2022-02-14T20:29:41+00:00","dateModified":"2022-02-14T20:29:50+00:00","description":"S\u0142uchawki z mikrofonem. Model Philips w atrakcyjnej cenie 283.0 PLN. Przedstawiamy s\u0142uchawki do pracy zdalnej i s\u0142uchania muzyki.","breadcrumb":{"@id":"https:\/\/taniabonament.pl\/sluchawki\/model\/philips-sluchawki-tah5205-biale-w-cenie-283-0-pln\/#breadcrumb"},"inLanguage":"pl-PL","potentialAction":[{"@type":"ReadAction","target":["https:\/\/taniabonament.pl\/sluchawki\/model\/philips-sluchawki-tah5205-biale-w-cenie-283-0-pln\/"]}]},{"@type":"BreadcrumbList","@id":"https:\/\/taniabonament.pl\/sluchawki\/model\/philips-sluchawki-tah5205-biale-w-cenie-283-0-pln\/#breadcrumb","itemListElement":[{"@type":"ListItem","position":1,"name":"Strona g\u0142\u00f3wna","item":"https:\/\/taniabonament.pl\/sluchawki\/"},{"@type":"ListItem","position":2,"name":"Sklep","item":"https:\/\/taniabonament.pl\/sluchawki\/"},{"@type":"ListItem","position":3,"name":"Philips s\u0142uchawki TAH5205, bia\u0142e &#8211; w cenie 283.0 PLN"}]},{"@type":"WebSite","@id":"https:\/\/taniabonament.pl\/sluchawki\/#website","url":"https:\/\/taniabonament.pl\/sluchawki\/","name":"TaniAbonament.pl S\u0142uchawki","description":"\u015bwiat s\u0142uchawek idealnych do pracy zdalnej","potentialAction":[{"@type":"SearchAction","target":{"@type":"EntryPoint","urlTemplate":"https:\/\/taniabonament.pl\/sluchawki\/?s={search_term_string}"},"query-input":"required name=search_term_string"}],"inLanguage":"pl-PL"}]}},"_links":{"self":[{"href":"https:\/\/taniabonament.pl\/sluchawki\/wp-json\/wp\/v2\/product\/7051","targetHints":{"allow":["GET"]}}],"collection":[{"href":"https:\/\/taniabonament.pl\/sluchawki\/wp-json\/wp\/v2\/product"}],"about":[{"href":"https:\/\/taniabonament.pl\/sluchawki\/wp-json\/wp\/v2\/types\/product"}],"replies":[{"embeddable":true,"href":"https:\/\/taniabonament.pl\/sluchawki\/wp-json\/wp\/v2\/comments?post=7051"}],"wp:featuredmedia":[{"embeddable":true,"href":"https:\/\/taniabonament.pl\/sluchawki\/wp-json\/wp\/v2\/media\/10564"}],"wp:attachment":[{"href":"https:\/\/taniabonament.pl\/sluchawki\/wp-json\/wp\/v2\/media?parent=7051"}],"wp:term":[{"taxonomy":"product_cat","embeddable":true,"href":"https:\/\/taniabonament.pl\/sluchawki\/wp-json\/wp\/v2\/product_cat?post=7051"},{"taxonomy":"product_tag","embeddable":true,"href":"https:\/\/taniabonament.pl\/sluchawki\/wp-json\/wp\/v2\/product_tag?post=7051"}],"curies":[{"name":"wp","href":"https:\/\/api.w.org\/{rel}","templated":true}]}}