{"id":6939,"date":"2022-02-14T20:30:52","date_gmt":"2022-02-14T20:30:52","guid":{"rendered":"https:\/\/taniabonament.pl\/sluchawki\/model\/trust-sluchawki-gxt-414-zamak-23310\/"},"modified":"2022-02-14T20:31:02","modified_gmt":"2022-02-14T20:31:02","slug":"trust-sluchawki-gxt-414-zamak-23310-w-cenie-299-0-pln","status":"publish","type":"product","link":"https:\/\/taniabonament.pl\/sluchawki\/model\/trust-sluchawki-gxt-414-zamak-23310-w-cenie-299-0-pln\/","title":{"rendered":"Trust s\u0142uchawki GXT 414 Zamak (23310) &#8211; w cenie 299.0 PLN"},"content":{"rendered":"<p><img decoding=\"async\" style=\"margin-right: 25px; margin-bottom: 10px; width: 220px;\" src=\"https:\/\/static.convertiser.com\/media\/product_images\/49\/ebc159c874acd3a1e01e692b30bd0cc5\/c29922fe6bd7efd04be7f7541ffc09d1e3167055.jpg\" alt=\"s\u0142uchawki z mikrofonem Trust\" align=\"left\" \/><\/p>\n<h2>S\u0142uchawki marki Trust<\/h2>\n<p>CENA ORYGINALNA: 299.0 PLN<\/p>\n<div style=\"font-weight: bold; font-size: 18px;\">\n<p>UWAGA <span style=\"color: red;\">MAMY RABATY!<\/span><\/p>\n<p>Szczeg\u00f3\u0142owe parametry takie jak dane techniczne, promocje sprawdzisz poni\u017cej w Mall.pl. Rozmawiaj wygodnie przez mikrofon podczas pracy zdalnej. Odizoluj si\u0119 od niepo\u017c\u0105danych d\u017awi\u0119k\u00f3w zewn\u0119trznych. Ciesz si\u0119 czystym brzmieniem w s\u0142uchawkach. Przejd\u017a teraz bezpo\u015brednio do z sklepu gdzie szybko zakupisz te s\u0142uchawki w korzystnej cenie.<\/p>\n<p><span style=\"color: #fff; background-color: #000000; padding: 1px 7px;\"><strong>Trust<\/strong><\/span><strong><span style=\"margin-left: 5px; color: #fff; background-color: red; padding: 1px 7px;\">299.0 PLN<\/span><\/strong><\/p>\n<p>&nbsp;<\/p>\n<p>&nbsp;<\/p>\n<\/div>\n<p style=\"text-align: center; padding-bottom: 15px;\"><a style=\"color: #fff; font-size: 22px; background-color: #e4144d; padding: 9px 14px; border-radius: 7px; text-decoration: underline;\" href=\"https:\/\/converti.se\/click\/34590059-c70e8160-5f3fd1b8\/?deep_link=https%3A%2F%2Fwww.mall.pl%2Fsluchawki-gamingowe%2Ftrust-sluchawki-gxt-414-zamak-23310-&#038;sid=sluchawki-z-mikrofonem&#038;tag6=product&#038;tag8=ebc159c874acd3a1e01e692b30bd0cc5&#038;tag9=Trust+s%C5%82uchawki+GXT+414+Zamak+%2823310%29\" target=\"_blank\" rel=\"nofollow noopener\">Kup teraz<\/a> <span style=\"font-size: 22px; padding-left: 10px;\">299.0 PLN<\/span><\/p>\n","protected":false},"excerpt":{"rendered":"<h3>Odpowiednie <span style='color: red;'>s\u0142uchawki<\/span> z mikrofonem? <\/h3>\n<p> Cechy i zalety: <\/p>\n<ul style='padding-left: 10px; padding-bottom: 10px;'>\n<li style='padding-top: 10px;'>Dni MALL.PL \u2013 Zni\u017cka 20% na wybrane akcesoria gamingowe i biurowe marki Trust z kodem 22MDC2PL3 (od 07.02\n<li style='padding-top: 10px;'>do 20.02.2022 r\n<li style='padding-top: 10px;'>lub wyczerpania zapas\u00f3w)!Wygodny zestaw s\u0142uchawkowy do gier Trust GXT414 Zamak imponuje doskona\u0142ym d\u017awi\u0119kiem i subtelnym designem\n<li style='padding-top: 10px;'>Zestaw s\u0142uchawkowy jest wyposa\u017cony w aktywne g\u0142o\u015bniki 53mm, mi\u0119kkie nauszniki, wy\u015bcie\u0142any pa\u0142\u0105k nad g\u0142ow\u0105, wyjmowany mikrofon\n<li style='padding-top: 10px;'>S\u0142uchawki s\u0105 kompatybilne z komputerami, laptopami, konsolami i telefonami kom\u00f3rkowymi.<\/ul>\n","protected":false},"featured_media":10718,"comment_status":"closed","ping_status":"open","template":"","meta":[],"product_cat":[601,28],"product_tag":[],"class_list":{"0":"post-6939","1":"product","2":"type-product","3":"status-publish","5":"hentry","6":"product_cat-sluchawki-z-mikrofonem","7":"product_cat-trust","8":"pa_producent-trust","9":"pa_sklep-mall-pl"},"yoast_head":"<!-- This site is optimized with the Yoast SEO plugin v20.9 - https:\/\/yoast.com\/wordpress\/plugins\/seo\/ -->\n<title>s\u0142uchawki z mikrofonem Trust<\/title>\n<meta name=\"description\" content=\"S\u0142uchawki z mikrofonem. Model Trust w atrakcyjnej cenie 299.0 PLN. Przedstawiamy s\u0142uchawki do pracy zdalnej i s\u0142uchania muzyki.\" \/>\n<meta name=\"robots\" content=\"index, follow, max-snippet:-1, max-image-preview:large, max-video-preview:-1\" \/>\n<link rel=\"canonical\" href=\"https:\/\/taniabonament.pl\/sluchawki\/model\/trust-sluchawki-gxt-414-zamak-23310-w-cenie-299-0-pln\/\" \/>\n<meta property=\"og:locale\" content=\"pl_PL\" \/>\n<meta property=\"og:type\" content=\"article\" \/>\n<meta property=\"og:title\" content=\"s\u0142uchawki z mikrofonem Trust\" \/>\n<meta property=\"og:description\" content=\"S\u0142uchawki z mikrofonem. Model Trust w atrakcyjnej cenie 299.0 PLN. Przedstawiamy s\u0142uchawki do pracy zdalnej i s\u0142uchania muzyki.\" \/>\n<meta property=\"og:url\" content=\"https:\/\/taniabonament.pl\/sluchawki\/model\/trust-sluchawki-gxt-414-zamak-23310-w-cenie-299-0-pln\/\" \/>\n<meta property=\"og:site_name\" content=\"TaniAbonament.pl S\u0142uchawki\" \/>\n<meta property=\"article:modified_time\" content=\"2022-02-14T20:31:02+00:00\" \/>\n<meta property=\"og:image\" content=\"https:\/\/taniabonament.pl\/sluchawki\/wp-content\/uploads\/2022\/02\/c29922fe6bd7efd04be7f7541ffc09d1e3167055.jpg\" \/>\n\t<meta property=\"og:image:width\" content=\"764\" \/>\n\t<meta property=\"og:image:height\" content=\"1000\" \/>\n\t<meta property=\"og:image:type\" content=\"image\/jpeg\" \/>\n<meta name=\"twitter:card\" content=\"summary_large_image\" \/>\n<script type=\"application\/ld+json\" class=\"yoast-schema-graph\">{\"@context\":\"https:\/\/schema.org\",\"@graph\":[{\"@type\":\"WebPage\",\"@id\":\"https:\/\/taniabonament.pl\/sluchawki\/model\/trust-sluchawki-gxt-414-zamak-23310-w-cenie-299-0-pln\/\",\"url\":\"https:\/\/taniabonament.pl\/sluchawki\/model\/trust-sluchawki-gxt-414-zamak-23310-w-cenie-299-0-pln\/\",\"name\":\"s\u0142uchawki z mikrofonem Trust\",\"isPartOf\":{\"@id\":\"https:\/\/taniabonament.pl\/sluchawki\/#website\"},\"datePublished\":\"2022-02-14T20:30:52+00:00\",\"dateModified\":\"2022-02-14T20:31:02+00:00\",\"description\":\"S\u0142uchawki z mikrofonem. Model Trust w atrakcyjnej cenie 299.0 PLN. Przedstawiamy s\u0142uchawki do pracy zdalnej i s\u0142uchania muzyki.\",\"breadcrumb\":{\"@id\":\"https:\/\/taniabonament.pl\/sluchawki\/model\/trust-sluchawki-gxt-414-zamak-23310-w-cenie-299-0-pln\/#breadcrumb\"},\"inLanguage\":\"pl-PL\",\"potentialAction\":[{\"@type\":\"ReadAction\",\"target\":[\"https:\/\/taniabonament.pl\/sluchawki\/model\/trust-sluchawki-gxt-414-zamak-23310-w-cenie-299-0-pln\/\"]}]},{\"@type\":\"BreadcrumbList\",\"@id\":\"https:\/\/taniabonament.pl\/sluchawki\/model\/trust-sluchawki-gxt-414-zamak-23310-w-cenie-299-0-pln\/#breadcrumb\",\"itemListElement\":[{\"@type\":\"ListItem\",\"position\":1,\"name\":\"Strona g\u0142\u00f3wna\",\"item\":\"https:\/\/taniabonament.pl\/sluchawki\/\"},{\"@type\":\"ListItem\",\"position\":2,\"name\":\"Sklep\",\"item\":\"https:\/\/taniabonament.pl\/sluchawki\/\"},{\"@type\":\"ListItem\",\"position\":3,\"name\":\"Trust s\u0142uchawki GXT 414 Zamak (23310) &#8211; w cenie 299.0 PLN\"}]},{\"@type\":\"WebSite\",\"@id\":\"https:\/\/taniabonament.pl\/sluchawki\/#website\",\"url\":\"https:\/\/taniabonament.pl\/sluchawki\/\",\"name\":\"TaniAbonament.pl S\u0142uchawki\",\"description\":\"\u015bwiat s\u0142uchawek idealnych do pracy zdalnej\",\"potentialAction\":[{\"@type\":\"SearchAction\",\"target\":{\"@type\":\"EntryPoint\",\"urlTemplate\":\"https:\/\/taniabonament.pl\/sluchawki\/?s={search_term_string}\"},\"query-input\":\"required name=search_term_string\"}],\"inLanguage\":\"pl-PL\"}]}<\/script>\n<!-- \/ Yoast SEO plugin. -->","yoast_head_json":{"title":"s\u0142uchawki z mikrofonem Trust","description":"S\u0142uchawki z mikrofonem. Model Trust w atrakcyjnej cenie 299.0 PLN. Przedstawiamy s\u0142uchawki do pracy zdalnej i s\u0142uchania muzyki.","robots":{"index":"index","follow":"follow","max-snippet":"max-snippet:-1","max-image-preview":"max-image-preview:large","max-video-preview":"max-video-preview:-1"},"canonical":"https:\/\/taniabonament.pl\/sluchawki\/model\/trust-sluchawki-gxt-414-zamak-23310-w-cenie-299-0-pln\/","og_locale":"pl_PL","og_type":"article","og_title":"s\u0142uchawki z mikrofonem Trust","og_description":"S\u0142uchawki z mikrofonem. Model Trust w atrakcyjnej cenie 299.0 PLN. Przedstawiamy s\u0142uchawki do pracy zdalnej i s\u0142uchania muzyki.","og_url":"https:\/\/taniabonament.pl\/sluchawki\/model\/trust-sluchawki-gxt-414-zamak-23310-w-cenie-299-0-pln\/","og_site_name":"TaniAbonament.pl S\u0142uchawki","article_modified_time":"2022-02-14T20:31:02+00:00","og_image":[{"width":764,"height":1000,"url":"https:\/\/taniabonament.pl\/sluchawki\/wp-content\/uploads\/2022\/02\/c29922fe6bd7efd04be7f7541ffc09d1e3167055.jpg","type":"image\/jpeg"}],"twitter_card":"summary_large_image","schema":{"@context":"https:\/\/schema.org","@graph":[{"@type":"WebPage","@id":"https:\/\/taniabonament.pl\/sluchawki\/model\/trust-sluchawki-gxt-414-zamak-23310-w-cenie-299-0-pln\/","url":"https:\/\/taniabonament.pl\/sluchawki\/model\/trust-sluchawki-gxt-414-zamak-23310-w-cenie-299-0-pln\/","name":"s\u0142uchawki z mikrofonem Trust","isPartOf":{"@id":"https:\/\/taniabonament.pl\/sluchawki\/#website"},"datePublished":"2022-02-14T20:30:52+00:00","dateModified":"2022-02-14T20:31:02+00:00","description":"S\u0142uchawki z mikrofonem. Model Trust w atrakcyjnej cenie 299.0 PLN. Przedstawiamy s\u0142uchawki do pracy zdalnej i s\u0142uchania muzyki.","breadcrumb":{"@id":"https:\/\/taniabonament.pl\/sluchawki\/model\/trust-sluchawki-gxt-414-zamak-23310-w-cenie-299-0-pln\/#breadcrumb"},"inLanguage":"pl-PL","potentialAction":[{"@type":"ReadAction","target":["https:\/\/taniabonament.pl\/sluchawki\/model\/trust-sluchawki-gxt-414-zamak-23310-w-cenie-299-0-pln\/"]}]},{"@type":"BreadcrumbList","@id":"https:\/\/taniabonament.pl\/sluchawki\/model\/trust-sluchawki-gxt-414-zamak-23310-w-cenie-299-0-pln\/#breadcrumb","itemListElement":[{"@type":"ListItem","position":1,"name":"Strona g\u0142\u00f3wna","item":"https:\/\/taniabonament.pl\/sluchawki\/"},{"@type":"ListItem","position":2,"name":"Sklep","item":"https:\/\/taniabonament.pl\/sluchawki\/"},{"@type":"ListItem","position":3,"name":"Trust s\u0142uchawki GXT 414 Zamak (23310) &#8211; w cenie 299.0 PLN"}]},{"@type":"WebSite","@id":"https:\/\/taniabonament.pl\/sluchawki\/#website","url":"https:\/\/taniabonament.pl\/sluchawki\/","name":"TaniAbonament.pl S\u0142uchawki","description":"\u015bwiat s\u0142uchawek idealnych do pracy zdalnej","potentialAction":[{"@type":"SearchAction","target":{"@type":"EntryPoint","urlTemplate":"https:\/\/taniabonament.pl\/sluchawki\/?s={search_term_string}"},"query-input":"required name=search_term_string"}],"inLanguage":"pl-PL"}]}},"_links":{"self":[{"href":"https:\/\/taniabonament.pl\/sluchawki\/wp-json\/wp\/v2\/product\/6939","targetHints":{"allow":["GET"]}}],"collection":[{"href":"https:\/\/taniabonament.pl\/sluchawki\/wp-json\/wp\/v2\/product"}],"about":[{"href":"https:\/\/taniabonament.pl\/sluchawki\/wp-json\/wp\/v2\/types\/product"}],"replies":[{"embeddable":true,"href":"https:\/\/taniabonament.pl\/sluchawki\/wp-json\/wp\/v2\/comments?post=6939"}],"wp:featuredmedia":[{"embeddable":true,"href":"https:\/\/taniabonament.pl\/sluchawki\/wp-json\/wp\/v2\/media\/10718"}],"wp:attachment":[{"href":"https:\/\/taniabonament.pl\/sluchawki\/wp-json\/wp\/v2\/media?parent=6939"}],"wp:term":[{"taxonomy":"product_cat","embeddable":true,"href":"https:\/\/taniabonament.pl\/sluchawki\/wp-json\/wp\/v2\/product_cat?post=6939"},{"taxonomy":"product_tag","embeddable":true,"href":"https:\/\/taniabonament.pl\/sluchawki\/wp-json\/wp\/v2\/product_tag?post=6939"}],"curies":[{"name":"wp","href":"https:\/\/api.w.org\/{rel}","templated":true}]}}