{"id":4901,"date":"2021-02-10T06:29:03","date_gmt":"2021-02-10T06:29:03","guid":{"rendered":"https:\/\/taniabonament.pl\/sluchawki\/model\/buxton-sluchawki-przewodowe-bhp-10-002-czarne\/"},"modified":"2021-02-10T06:29:06","modified_gmt":"2021-02-10T06:29:06","slug":"buxton-sluchawki-przewodowe-bhp-10-002-czarne","status":"publish","type":"product","link":"https:\/\/taniabonament.pl\/sluchawki\/model\/buxton-sluchawki-przewodowe-bhp-10-002-czarne\/","title":{"rendered":"Buxton s\u0142uchawki przewodowe BHP 10\u00a0002, czarne"},"content":{"rendered":"<p><img decoding=\"async\" style=\"margin-right: 25px; margin-bottom: 10px; width: 220px;\" src=\"https:\/\/static.convertiser.com\/media\/product_images\/49\/3e1fddbffde632ecc289cbc102f90e57\/4b12ffe350ecd0d967c4307699fcbc5a3b699070.jpg\" alt=\"s\u0142uchawki Buxton\" align=\"left\" \/><\/p>\n<h2>S\u0142uchawki marki Buxton<\/h2>\n<p>CENA ORYGINALNA: 319.0 PLN<\/p>\n<div style=\"font-weight: bold; font-size: 18px;\">\n<p>UWAGA <span style=\"color: red;\">MAMY RABATY!<\/span><\/p>\n<p>Szczeg\u00f3\u0142owe parametry takie jak dane techniczne, promocje sprawdzisz poni\u017cej w Mall.pl. Przejd\u017a bezpo\u015brednio do tych tradycyjnych s\u0142uchawek.<\/p>\n<p><span style=\"color: #fff; background-color: #000000; padding: 1px 7px;\"><strong>Buxton<\/strong><\/span><strong><span style=\"margin-left: 5px; color: #fff; background-color: red; padding: 1px 7px;\">319.0 PLN<\/span><\/strong><\/p>\n<p>&nbsp;<\/p>\n<p>&nbsp;<\/p>\n<\/div>\n<p style=\"text-align: center; padding-bottom: 15px;\"><a style=\"color: #fff; font-size: 22px; background-color: #e4144d; padding: 9px; border-radius: 7px; text-decoration: underline;\" href=\"https:\/\/converti.se\/click\/34590059-c70e8160-5f3fd1b8\/?deep_link=https%3A%2F%2Fwww.mall.pl%2Fprzenosne-sluchawki%2Fbuxton-sluchawki-przewodowe-bhp-10-002-czarne&#038;sid=sluchawki-przewodowe&#038;tag6=product&#038;tag8=3e1fddbffde632ecc289cbc102f90e57&#038;tag9=Buxton+s%C5%82uchawki+przewodowe+BHP+10%C2%A0002%2C+czarne\" target=\"_blank\" rel=\"nofollow noopener\">Promocja <\/a> <span style=\"font-size: 22px; padding-left: 10px;\">319.0 PLN<\/span><\/p>\n","protected":false},"excerpt":{"rendered":"<h3>Odpowiednie <span style='color: red;'>s\u0142uchawki<\/span> wygodne bezprzedowowe s\u0142uchawki? <\/h3>\n<p> Cechy, dane i zalety: <\/p>\n<ul style='padding-left: 10px; padding-bottom: 10px;'>\n<li style='padding-top: 10px;'>Posiadaj\u0105 certyfikat Hi-Res Audio, kt\u00f3ry potwierdza ich doskona\u0142y d\u017awi\u0119k \u2013 s\u0142uchawki przewodowe premium Buxton BHP 10 002 zachwyc\u0105 nawet bardzo wymagaj\u0105cych s\u0142uchaczy swoj\u0105 jako\u015bci\u0105 d\u017awi\u0119ku\n<li style='padding-top: 10px;'>Maj\u0105 40-milimetrowe przetworniki berylowe, zakres cz\u0119stotliwo\u015bci od 5 do 40 000 Hz i dostrojony d\u017awi\u0119k w ca\u0142ym spektrum\n<li style='padding-top: 10px;'>Pod\u0142\u0105czane do \u017ar\u00f3d\u0142a d\u017awi\u0119ku przewodem o d\u0142ugo\u015bci 2,5 m, wykonanym z miedzi beztlenowej.<\/ul>\n","protected":false},"featured_media":4902,"comment_status":"closed","ping_status":"open","template":"","meta":[],"product_cat":[361,596],"product_tag":[],"class_list":{"0":"post-4901","1":"product","2":"type-product","3":"status-publish","5":"hentry","6":"product_cat-buxton","7":"product_cat-sluchawki-przewodowe","8":"pa_producent-buxton","9":"pa_sklep-mall-pl"},"yoast_head":"<!-- This site is optimized with the Yoast SEO plugin v20.9 - https:\/\/yoast.com\/wordpress\/plugins\/seo\/ -->\n<title>s\u0142uchawki przewodowe Buxton za 319.0 PLN<\/title>\n<meta name=\"description\" content=\"S\u0142uchawki przewodowe. Model Buxton w atrakcyjnej cenie 319.0 PLN. Przedstawiamy s\u0142uchawki tradycyjne do pracy zdalnej i s\u0142uchania muzyki.\" \/>\n<meta name=\"robots\" content=\"index, follow, max-snippet:-1, max-image-preview:large, max-video-preview:-1\" \/>\n<link rel=\"canonical\" href=\"https:\/\/taniabonament.pl\/sluchawki\/model\/buxton-sluchawki-przewodowe-bhp-10-002-czarne\/\" \/>\n<meta property=\"og:locale\" content=\"pl_PL\" \/>\n<meta property=\"og:type\" content=\"article\" \/>\n<meta property=\"og:title\" content=\"s\u0142uchawki przewodowe Buxton za 319.0 PLN\" \/>\n<meta property=\"og:description\" content=\"S\u0142uchawki przewodowe. Model Buxton w atrakcyjnej cenie 319.0 PLN. Przedstawiamy s\u0142uchawki tradycyjne do pracy zdalnej i s\u0142uchania muzyki.\" \/>\n<meta property=\"og:url\" content=\"https:\/\/taniabonament.pl\/sluchawki\/model\/buxton-sluchawki-przewodowe-bhp-10-002-czarne\/\" \/>\n<meta property=\"og:site_name\" content=\"TaniAbonament.pl S\u0142uchawki\" \/>\n<meta property=\"article:modified_time\" content=\"2021-02-10T06:29:06+00:00\" \/>\n<meta property=\"og:image\" content=\"https:\/\/taniabonament.pl\/sluchawki\/wp-content\/uploads\/2021\/02\/4b12ffe350ecd0d967c4307699fcbc5a3b699070.jpg\" \/>\n\t<meta property=\"og:image:width\" content=\"665\" \/>\n\t<meta property=\"og:image:height\" content=\"1000\" \/>\n\t<meta property=\"og:image:type\" content=\"image\/jpeg\" \/>\n<meta name=\"twitter:card\" content=\"summary_large_image\" \/>\n<script type=\"application\/ld+json\" class=\"yoast-schema-graph\">{\"@context\":\"https:\/\/schema.org\",\"@graph\":[{\"@type\":\"WebPage\",\"@id\":\"https:\/\/taniabonament.pl\/sluchawki\/model\/buxton-sluchawki-przewodowe-bhp-10-002-czarne\/\",\"url\":\"https:\/\/taniabonament.pl\/sluchawki\/model\/buxton-sluchawki-przewodowe-bhp-10-002-czarne\/\",\"name\":\"s\u0142uchawki przewodowe Buxton za 319.0 PLN\",\"isPartOf\":{\"@id\":\"https:\/\/taniabonament.pl\/sluchawki\/#website\"},\"datePublished\":\"2021-02-10T06:29:03+00:00\",\"dateModified\":\"2021-02-10T06:29:06+00:00\",\"description\":\"S\u0142uchawki przewodowe. Model Buxton w atrakcyjnej cenie 319.0 PLN. Przedstawiamy s\u0142uchawki tradycyjne do pracy zdalnej i s\u0142uchania muzyki.\",\"breadcrumb\":{\"@id\":\"https:\/\/taniabonament.pl\/sluchawki\/model\/buxton-sluchawki-przewodowe-bhp-10-002-czarne\/#breadcrumb\"},\"inLanguage\":\"pl-PL\",\"potentialAction\":[{\"@type\":\"ReadAction\",\"target\":[\"https:\/\/taniabonament.pl\/sluchawki\/model\/buxton-sluchawki-przewodowe-bhp-10-002-czarne\/\"]}]},{\"@type\":\"BreadcrumbList\",\"@id\":\"https:\/\/taniabonament.pl\/sluchawki\/model\/buxton-sluchawki-przewodowe-bhp-10-002-czarne\/#breadcrumb\",\"itemListElement\":[{\"@type\":\"ListItem\",\"position\":1,\"name\":\"Strona g\u0142\u00f3wna\",\"item\":\"https:\/\/taniabonament.pl\/sluchawki\/\"},{\"@type\":\"ListItem\",\"position\":2,\"name\":\"Sklep\",\"item\":\"https:\/\/taniabonament.pl\/sluchawki\/\"},{\"@type\":\"ListItem\",\"position\":3,\"name\":\"Buxton s\u0142uchawki przewodowe BHP 10\u00a0002, czarne\"}]},{\"@type\":\"WebSite\",\"@id\":\"https:\/\/taniabonament.pl\/sluchawki\/#website\",\"url\":\"https:\/\/taniabonament.pl\/sluchawki\/\",\"name\":\"TaniAbonament.pl S\u0142uchawki\",\"description\":\"\u015bwiat s\u0142uchawek idealnych do pracy zdalnej\",\"potentialAction\":[{\"@type\":\"SearchAction\",\"target\":{\"@type\":\"EntryPoint\",\"urlTemplate\":\"https:\/\/taniabonament.pl\/sluchawki\/?s={search_term_string}\"},\"query-input\":\"required name=search_term_string\"}],\"inLanguage\":\"pl-PL\"}]}<\/script>\n<!-- \/ Yoast SEO plugin. -->","yoast_head_json":{"title":"s\u0142uchawki przewodowe Buxton za 319.0 PLN","description":"S\u0142uchawki przewodowe. Model Buxton w atrakcyjnej cenie 319.0 PLN. Przedstawiamy s\u0142uchawki tradycyjne do pracy zdalnej i s\u0142uchania muzyki.","robots":{"index":"index","follow":"follow","max-snippet":"max-snippet:-1","max-image-preview":"max-image-preview:large","max-video-preview":"max-video-preview:-1"},"canonical":"https:\/\/taniabonament.pl\/sluchawki\/model\/buxton-sluchawki-przewodowe-bhp-10-002-czarne\/","og_locale":"pl_PL","og_type":"article","og_title":"s\u0142uchawki przewodowe Buxton za 319.0 PLN","og_description":"S\u0142uchawki przewodowe. Model Buxton w atrakcyjnej cenie 319.0 PLN. Przedstawiamy s\u0142uchawki tradycyjne do pracy zdalnej i s\u0142uchania muzyki.","og_url":"https:\/\/taniabonament.pl\/sluchawki\/model\/buxton-sluchawki-przewodowe-bhp-10-002-czarne\/","og_site_name":"TaniAbonament.pl S\u0142uchawki","article_modified_time":"2021-02-10T06:29:06+00:00","og_image":[{"width":665,"height":1000,"url":"https:\/\/taniabonament.pl\/sluchawki\/wp-content\/uploads\/2021\/02\/4b12ffe350ecd0d967c4307699fcbc5a3b699070.jpg","type":"image\/jpeg"}],"twitter_card":"summary_large_image","schema":{"@context":"https:\/\/schema.org","@graph":[{"@type":"WebPage","@id":"https:\/\/taniabonament.pl\/sluchawki\/model\/buxton-sluchawki-przewodowe-bhp-10-002-czarne\/","url":"https:\/\/taniabonament.pl\/sluchawki\/model\/buxton-sluchawki-przewodowe-bhp-10-002-czarne\/","name":"s\u0142uchawki przewodowe Buxton za 319.0 PLN","isPartOf":{"@id":"https:\/\/taniabonament.pl\/sluchawki\/#website"},"datePublished":"2021-02-10T06:29:03+00:00","dateModified":"2021-02-10T06:29:06+00:00","description":"S\u0142uchawki przewodowe. Model Buxton w atrakcyjnej cenie 319.0 PLN. Przedstawiamy s\u0142uchawki tradycyjne do pracy zdalnej i s\u0142uchania muzyki.","breadcrumb":{"@id":"https:\/\/taniabonament.pl\/sluchawki\/model\/buxton-sluchawki-przewodowe-bhp-10-002-czarne\/#breadcrumb"},"inLanguage":"pl-PL","potentialAction":[{"@type":"ReadAction","target":["https:\/\/taniabonament.pl\/sluchawki\/model\/buxton-sluchawki-przewodowe-bhp-10-002-czarne\/"]}]},{"@type":"BreadcrumbList","@id":"https:\/\/taniabonament.pl\/sluchawki\/model\/buxton-sluchawki-przewodowe-bhp-10-002-czarne\/#breadcrumb","itemListElement":[{"@type":"ListItem","position":1,"name":"Strona g\u0142\u00f3wna","item":"https:\/\/taniabonament.pl\/sluchawki\/"},{"@type":"ListItem","position":2,"name":"Sklep","item":"https:\/\/taniabonament.pl\/sluchawki\/"},{"@type":"ListItem","position":3,"name":"Buxton s\u0142uchawki przewodowe BHP 10\u00a0002, czarne"}]},{"@type":"WebSite","@id":"https:\/\/taniabonament.pl\/sluchawki\/#website","url":"https:\/\/taniabonament.pl\/sluchawki\/","name":"TaniAbonament.pl S\u0142uchawki","description":"\u015bwiat s\u0142uchawek idealnych do pracy zdalnej","potentialAction":[{"@type":"SearchAction","target":{"@type":"EntryPoint","urlTemplate":"https:\/\/taniabonament.pl\/sluchawki\/?s={search_term_string}"},"query-input":"required name=search_term_string"}],"inLanguage":"pl-PL"}]}},"_links":{"self":[{"href":"https:\/\/taniabonament.pl\/sluchawki\/wp-json\/wp\/v2\/product\/4901","targetHints":{"allow":["GET"]}}],"collection":[{"href":"https:\/\/taniabonament.pl\/sluchawki\/wp-json\/wp\/v2\/product"}],"about":[{"href":"https:\/\/taniabonament.pl\/sluchawki\/wp-json\/wp\/v2\/types\/product"}],"replies":[{"embeddable":true,"href":"https:\/\/taniabonament.pl\/sluchawki\/wp-json\/wp\/v2\/comments?post=4901"}],"wp:featuredmedia":[{"embeddable":true,"href":"https:\/\/taniabonament.pl\/sluchawki\/wp-json\/wp\/v2\/media\/4902"}],"wp:attachment":[{"href":"https:\/\/taniabonament.pl\/sluchawki\/wp-json\/wp\/v2\/media?parent=4901"}],"wp:term":[{"taxonomy":"product_cat","embeddable":true,"href":"https:\/\/taniabonament.pl\/sluchawki\/wp-json\/wp\/v2\/product_cat?post=4901"},{"taxonomy":"product_tag","embeddable":true,"href":"https:\/\/taniabonament.pl\/sluchawki\/wp-json\/wp\/v2\/product_tag?post=4901"}],"curies":[{"name":"wp","href":"https:\/\/api.w.org\/{rel}","templated":true}]}}