{"id":4889,"date":"2021-02-10T06:29:03","date_gmt":"2021-02-10T06:29:03","guid":{"rendered":"https:\/\/taniabonament.pl\/sluchawki\/model\/sluchawki-dokanalowe-philips-tae1105bl-00-niebieski-2\/"},"modified":"2021-02-10T06:29:03","modified_gmt":"2021-02-10T06:29:03","slug":"sluchawki-dokanalowe-philips-tae1105bl-00-niebieski-2","status":"publish","type":"product","link":"https:\/\/taniabonament.pl\/sluchawki\/model\/sluchawki-dokanalowe-philips-tae1105bl-00-niebieski-2\/","title":{"rendered":"S\u0142uchawki dokana\u0142owe PHILIPS TAE1105BL\/00 Niebieski"},"content":{"rendered":"<p><img decoding=\"async\" style=\"margin-right: 25px; margin-bottom: 10px; width: 220px;\" src=\"https:\/\/static.convertiser.com\/media\/product_images\/46\/6fe1101cb59840d10e15dc06a9c487d3\/285a02f703f0350e299525b607c69ebda049135e.jpg\" alt=\"s\u0142uchawki PHILIPS\" align=\"left\" \/><\/p>\n<h2>S\u0142uchawki marki PHILIPS<\/h2>\n<p>CENA ORYGINALNA: 39.99 PLN<\/p>\n<div style=\"font-weight: bold; font-size: 18px;\">\n<p>UWAGA <span style=\"color: red;\">MAMY RABATY!<\/span><\/p>\n<p>Szczeg\u00f3\u0142owe parametry takie jak dane techniczne, promocje sprawdzisz poni\u017cej w Electro.pl. Przejd\u017a bezpo\u015brednio do tych tradycyjnych s\u0142uchawek.<\/p>\n<p><span style=\"color: #fff; background-color: #000000; padding: 1px 7px;\"><strong>PHILIPS<\/strong><\/span><strong><span style=\"margin-left: 5px; color: #fff; background-color: red; padding: 1px 7px;\">39.99 PLN<\/span><\/strong><\/p>\n<p>&nbsp;<\/p>\n<p>&nbsp;<\/p>\n<\/div>\n<p style=\"text-align: center; padding-bottom: 15px;\"><a style=\"color: #fff; font-size: 22px; background-color: #e4144d; padding: 9px; border-radius: 7px; text-decoration: underline;\" href=\"https:\/\/converti.se\/click\/34590059-c70e8160-5f3ed6ba\/?deep_link=https%3A%2F%2Fwww.electro.pl%2Ftelewizory-i-rtv%2Fsluchawki%2Fwszystkie-sluchawki%2Fsluchawki-dokanalowe-philips-tae1105bl-00-niebieski%3Futm_source%3DJjakisty3m8p%26utm_medium%3DXML%26utm_content%3D338374%26utm_campaign%3D2021-02%26utm_term%3DWszystkie-sluchawki&#038;sid=sluchawki-przewodowe&#038;tag6=product&#038;tag8=6fe1101cb59840d10e15dc06a9c487d3&#038;tag9=S%C5%82uchawki+dokana%C5%82owe+PHILIPS+TAE1105BL%2F00+Niebieski\" target=\"_blank\" rel=\"nofollow noopener\">Promocja <\/a> <span style=\"font-size: 22px; padding-left: 10px;\"><\/span><\/p>\n","protected":false},"excerpt":{"rendered":"<h3>Odpowiednie <span style='color: red;'>s\u0142uchawki<\/span> wygodne bezprzedowowe s\u0142uchawki? <\/h3>\n<p> Cechy, dane i zalety: <\/p>\n<ul style='padding-left: 10px; padding-bottom: 10px;'>\n<li style='padding-top: 10px;'>Te przewodowe s\u0142uchawki dokana\u0142owe zachowuj\u0105 \u015bwie\u017co\u015b\u0107 ka\u017cdego gatunku muzyki\n<li style='padding-top: 10px;'>Mocne basy, wyrazisty styl i wygodne dopasowanie do ucha\n<li style='padding-top: 10px;'>Aby u\u017cy\u0107 asystenta g\u0142osowego telefonu, wystarczy wcisn\u0105\u0107 przycisk pilota na przewodzie.<\/ul>\n","protected":false},"featured_media":4890,"comment_status":"closed","ping_status":"open","template":"","meta":[],"product_cat":[217,596],"product_tag":[],"class_list":{"0":"post-4889","1":"product","2":"type-product","3":"status-publish","5":"hentry","6":"product_cat-philips","7":"product_cat-sluchawki-przewodowe","8":"pa_producent-philips","9":"pa_sklep-electro-pl"},"yoast_head":"<!-- This site is optimized with the Yoast SEO plugin v20.9 - https:\/\/yoast.com\/wordpress\/plugins\/seo\/ -->\n<title>s\u0142uchawki przewodowe PHILIPS za 39.99 PLN<\/title>\n<meta name=\"description\" content=\"S\u0142uchawki przewodowe. Model PHILIPS w atrakcyjnej cenie 39.99 PLN. Przedstawiamy s\u0142uchawki tradycyjne do pracy zdalnej i s\u0142uchania muzyki.\" \/>\n<meta name=\"robots\" content=\"index, follow, max-snippet:-1, max-image-preview:large, max-video-preview:-1\" \/>\n<link rel=\"canonical\" href=\"https:\/\/taniabonament.pl\/sluchawki\/model\/sluchawki-dokanalowe-philips-tae1105bl-00-niebieski-2\/\" \/>\n<meta property=\"og:locale\" content=\"pl_PL\" \/>\n<meta property=\"og:type\" content=\"article\" \/>\n<meta property=\"og:title\" content=\"s\u0142uchawki przewodowe PHILIPS za 39.99 PLN\" \/>\n<meta property=\"og:description\" content=\"S\u0142uchawki przewodowe. Model PHILIPS w atrakcyjnej cenie 39.99 PLN. Przedstawiamy s\u0142uchawki tradycyjne do pracy zdalnej i s\u0142uchania muzyki.\" \/>\n<meta property=\"og:url\" content=\"https:\/\/taniabonament.pl\/sluchawki\/model\/sluchawki-dokanalowe-philips-tae1105bl-00-niebieski-2\/\" \/>\n<meta property=\"og:site_name\" content=\"TaniAbonament.pl S\u0142uchawki\" \/>\n<meta property=\"og:image\" content=\"https:\/\/taniabonament.pl\/sluchawki\/wp-content\/uploads\/2021\/02\/285a02f703f0350e299525b607c69ebda049135e.jpg\" \/>\n\t<meta property=\"og:image:width\" content=\"400\" \/>\n\t<meta property=\"og:image:height\" content=\"400\" \/>\n\t<meta property=\"og:image:type\" content=\"image\/jpeg\" \/>\n<meta name=\"twitter:card\" content=\"summary_large_image\" \/>\n<script type=\"application\/ld+json\" class=\"yoast-schema-graph\">{\"@context\":\"https:\/\/schema.org\",\"@graph\":[{\"@type\":\"WebPage\",\"@id\":\"https:\/\/taniabonament.pl\/sluchawki\/model\/sluchawki-dokanalowe-philips-tae1105bl-00-niebieski-2\/\",\"url\":\"https:\/\/taniabonament.pl\/sluchawki\/model\/sluchawki-dokanalowe-philips-tae1105bl-00-niebieski-2\/\",\"name\":\"s\u0142uchawki przewodowe PHILIPS za 39.99 PLN\",\"isPartOf\":{\"@id\":\"https:\/\/taniabonament.pl\/sluchawki\/#website\"},\"datePublished\":\"2021-02-10T06:29:03+00:00\",\"dateModified\":\"2021-02-10T06:29:03+00:00\",\"description\":\"S\u0142uchawki przewodowe. Model PHILIPS w atrakcyjnej cenie 39.99 PLN. Przedstawiamy s\u0142uchawki tradycyjne do pracy zdalnej i s\u0142uchania muzyki.\",\"breadcrumb\":{\"@id\":\"https:\/\/taniabonament.pl\/sluchawki\/model\/sluchawki-dokanalowe-philips-tae1105bl-00-niebieski-2\/#breadcrumb\"},\"inLanguage\":\"pl-PL\",\"potentialAction\":[{\"@type\":\"ReadAction\",\"target\":[\"https:\/\/taniabonament.pl\/sluchawki\/model\/sluchawki-dokanalowe-philips-tae1105bl-00-niebieski-2\/\"]}]},{\"@type\":\"BreadcrumbList\",\"@id\":\"https:\/\/taniabonament.pl\/sluchawki\/model\/sluchawki-dokanalowe-philips-tae1105bl-00-niebieski-2\/#breadcrumb\",\"itemListElement\":[{\"@type\":\"ListItem\",\"position\":1,\"name\":\"Strona g\u0142\u00f3wna\",\"item\":\"https:\/\/taniabonament.pl\/sluchawki\/\"},{\"@type\":\"ListItem\",\"position\":2,\"name\":\"Sklep\",\"item\":\"https:\/\/taniabonament.pl\/sluchawki\/\"},{\"@type\":\"ListItem\",\"position\":3,\"name\":\"S\u0142uchawki dokana\u0142owe PHILIPS TAE1105BL\/00 Niebieski\"}]},{\"@type\":\"WebSite\",\"@id\":\"https:\/\/taniabonament.pl\/sluchawki\/#website\",\"url\":\"https:\/\/taniabonament.pl\/sluchawki\/\",\"name\":\"TaniAbonament.pl S\u0142uchawki\",\"description\":\"\u015bwiat s\u0142uchawek idealnych do pracy zdalnej\",\"potentialAction\":[{\"@type\":\"SearchAction\",\"target\":{\"@type\":\"EntryPoint\",\"urlTemplate\":\"https:\/\/taniabonament.pl\/sluchawki\/?s={search_term_string}\"},\"query-input\":\"required name=search_term_string\"}],\"inLanguage\":\"pl-PL\"}]}<\/script>\n<!-- \/ Yoast SEO plugin. -->","yoast_head_json":{"title":"s\u0142uchawki przewodowe PHILIPS za 39.99 PLN","description":"S\u0142uchawki przewodowe. Model PHILIPS w atrakcyjnej cenie 39.99 PLN. Przedstawiamy s\u0142uchawki tradycyjne do pracy zdalnej i s\u0142uchania muzyki.","robots":{"index":"index","follow":"follow","max-snippet":"max-snippet:-1","max-image-preview":"max-image-preview:large","max-video-preview":"max-video-preview:-1"},"canonical":"https:\/\/taniabonament.pl\/sluchawki\/model\/sluchawki-dokanalowe-philips-tae1105bl-00-niebieski-2\/","og_locale":"pl_PL","og_type":"article","og_title":"s\u0142uchawki przewodowe PHILIPS za 39.99 PLN","og_description":"S\u0142uchawki przewodowe. Model PHILIPS w atrakcyjnej cenie 39.99 PLN. Przedstawiamy s\u0142uchawki tradycyjne do pracy zdalnej i s\u0142uchania muzyki.","og_url":"https:\/\/taniabonament.pl\/sluchawki\/model\/sluchawki-dokanalowe-philips-tae1105bl-00-niebieski-2\/","og_site_name":"TaniAbonament.pl S\u0142uchawki","og_image":[{"width":400,"height":400,"url":"https:\/\/taniabonament.pl\/sluchawki\/wp-content\/uploads\/2021\/02\/285a02f703f0350e299525b607c69ebda049135e.jpg","type":"image\/jpeg"}],"twitter_card":"summary_large_image","schema":{"@context":"https:\/\/schema.org","@graph":[{"@type":"WebPage","@id":"https:\/\/taniabonament.pl\/sluchawki\/model\/sluchawki-dokanalowe-philips-tae1105bl-00-niebieski-2\/","url":"https:\/\/taniabonament.pl\/sluchawki\/model\/sluchawki-dokanalowe-philips-tae1105bl-00-niebieski-2\/","name":"s\u0142uchawki przewodowe PHILIPS za 39.99 PLN","isPartOf":{"@id":"https:\/\/taniabonament.pl\/sluchawki\/#website"},"datePublished":"2021-02-10T06:29:03+00:00","dateModified":"2021-02-10T06:29:03+00:00","description":"S\u0142uchawki przewodowe. Model PHILIPS w atrakcyjnej cenie 39.99 PLN. Przedstawiamy s\u0142uchawki tradycyjne do pracy zdalnej i s\u0142uchania muzyki.","breadcrumb":{"@id":"https:\/\/taniabonament.pl\/sluchawki\/model\/sluchawki-dokanalowe-philips-tae1105bl-00-niebieski-2\/#breadcrumb"},"inLanguage":"pl-PL","potentialAction":[{"@type":"ReadAction","target":["https:\/\/taniabonament.pl\/sluchawki\/model\/sluchawki-dokanalowe-philips-tae1105bl-00-niebieski-2\/"]}]},{"@type":"BreadcrumbList","@id":"https:\/\/taniabonament.pl\/sluchawki\/model\/sluchawki-dokanalowe-philips-tae1105bl-00-niebieski-2\/#breadcrumb","itemListElement":[{"@type":"ListItem","position":1,"name":"Strona g\u0142\u00f3wna","item":"https:\/\/taniabonament.pl\/sluchawki\/"},{"@type":"ListItem","position":2,"name":"Sklep","item":"https:\/\/taniabonament.pl\/sluchawki\/"},{"@type":"ListItem","position":3,"name":"S\u0142uchawki dokana\u0142owe PHILIPS TAE1105BL\/00 Niebieski"}]},{"@type":"WebSite","@id":"https:\/\/taniabonament.pl\/sluchawki\/#website","url":"https:\/\/taniabonament.pl\/sluchawki\/","name":"TaniAbonament.pl S\u0142uchawki","description":"\u015bwiat s\u0142uchawek idealnych do pracy zdalnej","potentialAction":[{"@type":"SearchAction","target":{"@type":"EntryPoint","urlTemplate":"https:\/\/taniabonament.pl\/sluchawki\/?s={search_term_string}"},"query-input":"required name=search_term_string"}],"inLanguage":"pl-PL"}]}},"_links":{"self":[{"href":"https:\/\/taniabonament.pl\/sluchawki\/wp-json\/wp\/v2\/product\/4889","targetHints":{"allow":["GET"]}}],"collection":[{"href":"https:\/\/taniabonament.pl\/sluchawki\/wp-json\/wp\/v2\/product"}],"about":[{"href":"https:\/\/taniabonament.pl\/sluchawki\/wp-json\/wp\/v2\/types\/product"}],"replies":[{"embeddable":true,"href":"https:\/\/taniabonament.pl\/sluchawki\/wp-json\/wp\/v2\/comments?post=4889"}],"wp:featuredmedia":[{"embeddable":true,"href":"https:\/\/taniabonament.pl\/sluchawki\/wp-json\/wp\/v2\/media\/4890"}],"wp:attachment":[{"href":"https:\/\/taniabonament.pl\/sluchawki\/wp-json\/wp\/v2\/media?parent=4889"}],"wp:term":[{"taxonomy":"product_cat","embeddable":true,"href":"https:\/\/taniabonament.pl\/sluchawki\/wp-json\/wp\/v2\/product_cat?post=4889"},{"taxonomy":"product_tag","embeddable":true,"href":"https:\/\/taniabonament.pl\/sluchawki\/wp-json\/wp\/v2\/product_tag?post=4889"}],"curies":[{"name":"wp","href":"https:\/\/api.w.org\/{rel}","templated":true}]}}