{"id":4875,"date":"2021-02-10T06:28:54","date_gmt":"2021-02-10T06:28:54","guid":{"rendered":"https:\/\/taniabonament.pl\/sluchawki\/model\/sluchawki-nauszne-forever-foxy-amh-100-pomaranczowy-2\/"},"modified":"2021-02-10T06:28:59","modified_gmt":"2021-02-10T06:28:59","slug":"sluchawki-nauszne-forever-foxy-amh-100-pomaranczowy-2","status":"publish","type":"product","link":"https:\/\/taniabonament.pl\/sluchawki\/model\/sluchawki-nauszne-forever-foxy-amh-100-pomaranczowy-2\/","title":{"rendered":"S\u0142uchawki nauszne FOREVER Foxy AMH-100 Pomara\u0144czowy"},"content":{"rendered":"<p><img decoding=\"async\" style=\"margin-right: 25px; margin-bottom: 10px; width: 220px;\" src=\"https:\/\/static.convertiser.com\/media\/product_images\/46\/3756b35ec62a2e941876be8e3e98a7ff\/5b6fce00ad86cfa4632848fe0e7939b9094c6462.jpg\" alt=\"s\u0142uchawki FOREVER\" align=\"left\" \/><\/p>\n<h2>S\u0142uchawki marki FOREVER<\/h2>\n<p>CENA ORYGINALNA: 44.9 PLN<\/p>\n<div style=\"font-weight: bold; font-size: 18px;\">\n<p>UWAGA <span style=\"color: red;\">MAMY RABATY!<\/span><\/p>\n<p>Szczeg\u00f3\u0142owe parametry takie jak dane techniczne, promocje sprawdzisz poni\u017cej w Electro.pl. Przejd\u017a bezpo\u015brednio do tych tradycyjnych s\u0142uchawek.<\/p>\n<p><span style=\"color: #fff; background-color: #000000; padding: 1px 7px;\"><strong>FOREVER<\/strong><\/span><strong><span style=\"margin-left: 5px; color: #fff; background-color: red; padding: 1px 7px;\">44.9 PLN<\/span><\/strong><\/p>\n<p>&nbsp;<\/p>\n<p>&nbsp;<\/p>\n<\/div>\n<p style=\"text-align: center; padding-bottom: 15px;\"><a style=\"color: #fff; font-size: 22px; background-color: #e4144d; padding: 9px; border-radius: 7px; text-decoration: underline;\" href=\"https:\/\/converti.se\/click\/34590059-c70e8160-5f3ed6ba\/?deep_link=https%3A%2F%2Fwww.electro.pl%2Ftelewizory-i-rtv%2Fsluchawki%2Fwszystkie-sluchawki%2Fsluchawki-nauszne-forever-foxy-amh-100-pomaranczowy%3Futm_source%3DJjakisty3m8p%26utm_medium%3DXML%26utm_content%3D310356%26utm_campaign%3D2021-02%26utm_term%3DWszystkie-sluchawki&#038;sid=sluchawki-przewodowe&#038;tag6=product&#038;tag8=3756b35ec62a2e941876be8e3e98a7ff&#038;tag9=S%C5%82uchawki+nauszne+FOREVER+Foxy+AMH-100+Pomara%C5%84czowy\" target=\"_blank\" rel=\"nofollow noopener\">Promocja <\/a> <span style=\"font-size: 22px; padding-left: 10px;\"><\/span><\/p>\n","protected":false},"excerpt":{"rendered":"<h3>Odpowiednie <span style='color: red;'>s\u0142uchawki<\/span> wygodne bezprzedowowe s\u0142uchawki? <\/h3>\n<p> Cechy, dane i zalety: <\/p>\n<ul style='padding-left: 10px; padding-bottom: 10px;'>\n<li style='padding-top: 10px;'>S\u0142uchawki nauszne przewodowe Forever Bunny AMH-100 z magnetycznymi elementami z rodziny The Sweet Animals\n<li style='padding-top: 10px;'>Ka\u017cdy stw\u00f3r ma inny charakter, ale ich cech\u0105 wsp\u00f3ln\u0105 jest mi\u0142o\u015b\u0107 do muzyki i dobrego brzmienia\n<li style='padding-top: 10px;'>S\u0105 delikatne dla uszu dzi\u0119ki wy\u015bcie\u0142anej powierzchni oraz ograniczeniu g\u0142o\u015bno\u015bci do 85 dB\n<li style='padding-top: 10px;'>S\u0105 cz\u0119\u015bci\u0105 du\u017cej rodziny The Sweet Animals, wi\u0119c ch\u0119tnie dziel\u0105 si\u0119 muzyk\u0105 z innymi urz\u0105dzeniami\n<li style='padding-top: 10px;'>Maj\u0105 wymienne uszy, szczypce, rogi i oczy, kt\u00f3re zamontowane s\u0105 przy pomocy magnesu\n<li style='padding-top: 10px;'>Dodatkowo ujawniaj\u0105 swoj\u0105 podw\u00f3jn\u0105 moc poprzez pod\u015bwietlane \u015bwiat\u0142ami LED oczy i szczypce\n<li style='padding-top: 10px;'>Uszy do g\u00f3ry! The Sweet Animals zapewni\u0105 doskona\u0142\u0105 zabaw\u0119.<\/ul>\n","protected":false},"featured_media":4876,"comment_status":"closed","ping_status":"open","template":"","meta":[],"product_cat":[237,596],"product_tag":[],"class_list":{"0":"post-4875","1":"product","2":"type-product","3":"status-publish","5":"hentry","6":"product_cat-forever","7":"product_cat-sluchawki-przewodowe","8":"pa_producent-forever","9":"pa_sklep-electro-pl"},"yoast_head":"<!-- This site is optimized with the Yoast SEO plugin v20.9 - https:\/\/yoast.com\/wordpress\/plugins\/seo\/ -->\n<title>s\u0142uchawki przewodowe FOREVER za 44.9 PLN<\/title>\n<meta name=\"description\" content=\"S\u0142uchawki przewodowe. Model FOREVER w atrakcyjnej cenie 44.9 PLN. Przedstawiamy s\u0142uchawki tradycyjne do pracy zdalnej i s\u0142uchania muzyki.\" \/>\n<meta name=\"robots\" content=\"index, follow, max-snippet:-1, max-image-preview:large, max-video-preview:-1\" \/>\n<link rel=\"canonical\" href=\"https:\/\/taniabonament.pl\/sluchawki\/model\/sluchawki-nauszne-forever-foxy-amh-100-pomaranczowy-2\/\" \/>\n<meta property=\"og:locale\" content=\"pl_PL\" \/>\n<meta property=\"og:type\" content=\"article\" \/>\n<meta property=\"og:title\" content=\"s\u0142uchawki przewodowe FOREVER za 44.9 PLN\" \/>\n<meta property=\"og:description\" content=\"S\u0142uchawki przewodowe. Model FOREVER w atrakcyjnej cenie 44.9 PLN. Przedstawiamy s\u0142uchawki tradycyjne do pracy zdalnej i s\u0142uchania muzyki.\" \/>\n<meta property=\"og:url\" content=\"https:\/\/taniabonament.pl\/sluchawki\/model\/sluchawki-nauszne-forever-foxy-amh-100-pomaranczowy-2\/\" \/>\n<meta property=\"og:site_name\" content=\"TaniAbonament.pl S\u0142uchawki\" \/>\n<meta property=\"article:modified_time\" content=\"2021-02-10T06:28:59+00:00\" \/>\n<meta property=\"og:image\" content=\"https:\/\/taniabonament.pl\/sluchawki\/wp-content\/uploads\/2021\/02\/5b6fce00ad86cfa4632848fe0e7939b9094c6462.jpg\" \/>\n\t<meta property=\"og:image:width\" content=\"400\" \/>\n\t<meta property=\"og:image:height\" content=\"400\" \/>\n\t<meta property=\"og:image:type\" content=\"image\/jpeg\" \/>\n<meta name=\"twitter:card\" content=\"summary_large_image\" \/>\n<script type=\"application\/ld+json\" class=\"yoast-schema-graph\">{\"@context\":\"https:\/\/schema.org\",\"@graph\":[{\"@type\":\"WebPage\",\"@id\":\"https:\/\/taniabonament.pl\/sluchawki\/model\/sluchawki-nauszne-forever-foxy-amh-100-pomaranczowy-2\/\",\"url\":\"https:\/\/taniabonament.pl\/sluchawki\/model\/sluchawki-nauszne-forever-foxy-amh-100-pomaranczowy-2\/\",\"name\":\"s\u0142uchawki przewodowe FOREVER za 44.9 PLN\",\"isPartOf\":{\"@id\":\"https:\/\/taniabonament.pl\/sluchawki\/#website\"},\"datePublished\":\"2021-02-10T06:28:54+00:00\",\"dateModified\":\"2021-02-10T06:28:59+00:00\",\"description\":\"S\u0142uchawki przewodowe. Model FOREVER w atrakcyjnej cenie 44.9 PLN. Przedstawiamy s\u0142uchawki tradycyjne do pracy zdalnej i s\u0142uchania muzyki.\",\"breadcrumb\":{\"@id\":\"https:\/\/taniabonament.pl\/sluchawki\/model\/sluchawki-nauszne-forever-foxy-amh-100-pomaranczowy-2\/#breadcrumb\"},\"inLanguage\":\"pl-PL\",\"potentialAction\":[{\"@type\":\"ReadAction\",\"target\":[\"https:\/\/taniabonament.pl\/sluchawki\/model\/sluchawki-nauszne-forever-foxy-amh-100-pomaranczowy-2\/\"]}]},{\"@type\":\"BreadcrumbList\",\"@id\":\"https:\/\/taniabonament.pl\/sluchawki\/model\/sluchawki-nauszne-forever-foxy-amh-100-pomaranczowy-2\/#breadcrumb\",\"itemListElement\":[{\"@type\":\"ListItem\",\"position\":1,\"name\":\"Strona g\u0142\u00f3wna\",\"item\":\"https:\/\/taniabonament.pl\/sluchawki\/\"},{\"@type\":\"ListItem\",\"position\":2,\"name\":\"Sklep\",\"item\":\"https:\/\/taniabonament.pl\/sluchawki\/\"},{\"@type\":\"ListItem\",\"position\":3,\"name\":\"S\u0142uchawki nauszne FOREVER Foxy AMH-100 Pomara\u0144czowy\"}]},{\"@type\":\"WebSite\",\"@id\":\"https:\/\/taniabonament.pl\/sluchawki\/#website\",\"url\":\"https:\/\/taniabonament.pl\/sluchawki\/\",\"name\":\"TaniAbonament.pl S\u0142uchawki\",\"description\":\"\u015bwiat s\u0142uchawek idealnych do pracy zdalnej\",\"potentialAction\":[{\"@type\":\"SearchAction\",\"target\":{\"@type\":\"EntryPoint\",\"urlTemplate\":\"https:\/\/taniabonament.pl\/sluchawki\/?s={search_term_string}\"},\"query-input\":\"required name=search_term_string\"}],\"inLanguage\":\"pl-PL\"}]}<\/script>\n<!-- \/ Yoast SEO plugin. -->","yoast_head_json":{"title":"s\u0142uchawki przewodowe FOREVER za 44.9 PLN","description":"S\u0142uchawki przewodowe. Model FOREVER w atrakcyjnej cenie 44.9 PLN. Przedstawiamy s\u0142uchawki tradycyjne do pracy zdalnej i s\u0142uchania muzyki.","robots":{"index":"index","follow":"follow","max-snippet":"max-snippet:-1","max-image-preview":"max-image-preview:large","max-video-preview":"max-video-preview:-1"},"canonical":"https:\/\/taniabonament.pl\/sluchawki\/model\/sluchawki-nauszne-forever-foxy-amh-100-pomaranczowy-2\/","og_locale":"pl_PL","og_type":"article","og_title":"s\u0142uchawki przewodowe FOREVER za 44.9 PLN","og_description":"S\u0142uchawki przewodowe. Model FOREVER w atrakcyjnej cenie 44.9 PLN. Przedstawiamy s\u0142uchawki tradycyjne do pracy zdalnej i s\u0142uchania muzyki.","og_url":"https:\/\/taniabonament.pl\/sluchawki\/model\/sluchawki-nauszne-forever-foxy-amh-100-pomaranczowy-2\/","og_site_name":"TaniAbonament.pl S\u0142uchawki","article_modified_time":"2021-02-10T06:28:59+00:00","og_image":[{"width":400,"height":400,"url":"https:\/\/taniabonament.pl\/sluchawki\/wp-content\/uploads\/2021\/02\/5b6fce00ad86cfa4632848fe0e7939b9094c6462.jpg","type":"image\/jpeg"}],"twitter_card":"summary_large_image","schema":{"@context":"https:\/\/schema.org","@graph":[{"@type":"WebPage","@id":"https:\/\/taniabonament.pl\/sluchawki\/model\/sluchawki-nauszne-forever-foxy-amh-100-pomaranczowy-2\/","url":"https:\/\/taniabonament.pl\/sluchawki\/model\/sluchawki-nauszne-forever-foxy-amh-100-pomaranczowy-2\/","name":"s\u0142uchawki przewodowe FOREVER za 44.9 PLN","isPartOf":{"@id":"https:\/\/taniabonament.pl\/sluchawki\/#website"},"datePublished":"2021-02-10T06:28:54+00:00","dateModified":"2021-02-10T06:28:59+00:00","description":"S\u0142uchawki przewodowe. Model FOREVER w atrakcyjnej cenie 44.9 PLN. Przedstawiamy s\u0142uchawki tradycyjne do pracy zdalnej i s\u0142uchania muzyki.","breadcrumb":{"@id":"https:\/\/taniabonament.pl\/sluchawki\/model\/sluchawki-nauszne-forever-foxy-amh-100-pomaranczowy-2\/#breadcrumb"},"inLanguage":"pl-PL","potentialAction":[{"@type":"ReadAction","target":["https:\/\/taniabonament.pl\/sluchawki\/model\/sluchawki-nauszne-forever-foxy-amh-100-pomaranczowy-2\/"]}]},{"@type":"BreadcrumbList","@id":"https:\/\/taniabonament.pl\/sluchawki\/model\/sluchawki-nauszne-forever-foxy-amh-100-pomaranczowy-2\/#breadcrumb","itemListElement":[{"@type":"ListItem","position":1,"name":"Strona g\u0142\u00f3wna","item":"https:\/\/taniabonament.pl\/sluchawki\/"},{"@type":"ListItem","position":2,"name":"Sklep","item":"https:\/\/taniabonament.pl\/sluchawki\/"},{"@type":"ListItem","position":3,"name":"S\u0142uchawki nauszne FOREVER Foxy AMH-100 Pomara\u0144czowy"}]},{"@type":"WebSite","@id":"https:\/\/taniabonament.pl\/sluchawki\/#website","url":"https:\/\/taniabonament.pl\/sluchawki\/","name":"TaniAbonament.pl S\u0142uchawki","description":"\u015bwiat s\u0142uchawek idealnych do pracy zdalnej","potentialAction":[{"@type":"SearchAction","target":{"@type":"EntryPoint","urlTemplate":"https:\/\/taniabonament.pl\/sluchawki\/?s={search_term_string}"},"query-input":"required name=search_term_string"}],"inLanguage":"pl-PL"}]}},"_links":{"self":[{"href":"https:\/\/taniabonament.pl\/sluchawki\/wp-json\/wp\/v2\/product\/4875","targetHints":{"allow":["GET"]}}],"collection":[{"href":"https:\/\/taniabonament.pl\/sluchawki\/wp-json\/wp\/v2\/product"}],"about":[{"href":"https:\/\/taniabonament.pl\/sluchawki\/wp-json\/wp\/v2\/types\/product"}],"replies":[{"embeddable":true,"href":"https:\/\/taniabonament.pl\/sluchawki\/wp-json\/wp\/v2\/comments?post=4875"}],"wp:featuredmedia":[{"embeddable":true,"href":"https:\/\/taniabonament.pl\/sluchawki\/wp-json\/wp\/v2\/media\/4876"}],"wp:attachment":[{"href":"https:\/\/taniabonament.pl\/sluchawki\/wp-json\/wp\/v2\/media?parent=4875"}],"wp:term":[{"taxonomy":"product_cat","embeddable":true,"href":"https:\/\/taniabonament.pl\/sluchawki\/wp-json\/wp\/v2\/product_cat?post=4875"},{"taxonomy":"product_tag","embeddable":true,"href":"https:\/\/taniabonament.pl\/sluchawki\/wp-json\/wp\/v2\/product_tag?post=4875"}],"curies":[{"name":"wp","href":"https:\/\/api.w.org\/{rel}","templated":true}]}}