{"id":4855,"date":"2021-02-10T06:28:54","date_gmt":"2021-02-10T06:28:54","guid":{"rendered":"https:\/\/taniabonament.pl\/sluchawki\/model\/razer-sluchawki-blackshark-v2-x-rz04-03240100-r3m1\/"},"modified":"2021-02-10T06:28:55","modified_gmt":"2021-02-10T06:28:55","slug":"razer-sluchawki-blackshark-v2-x-rz04-03240100-r3m1","status":"publish","type":"product","link":"https:\/\/taniabonament.pl\/sluchawki\/model\/razer-sluchawki-blackshark-v2-x-rz04-03240100-r3m1\/","title":{"rendered":"Razer s\u0142uchawki Blackshark V2 X (RZ04-03240100-R3M1)"},"content":{"rendered":"<p><img decoding=\"async\" style=\"margin-right: 25px; margin-bottom: 10px; width: 220px;\" src=\"https:\/\/static.convertiser.com\/media\/product_images\/49\/aa5f392f444e8e3521d6f89c59c9887d\/f5d317b69ca99e6ff3c4ebc002dce845997e9efc.jpg\" alt=\"s\u0142uchawki Razer\" align=\"left\" \/><\/p>\n<h2>S\u0142uchawki marki Razer<\/h2>\n<p>CENA ORYGINALNA: 319.0 PLN<\/p>\n<div style=\"font-weight: bold; font-size: 18px;\">\n<p>UWAGA <span style=\"color: red;\">MAMY RABATY!<\/span><\/p>\n<p>Szczeg\u00f3\u0142owe parametry takie jak dane techniczne, promocje sprawdzisz poni\u017cej w Mall.pl. Przejd\u017a bezpo\u015brednio do tych tradycyjnych s\u0142uchawek.<\/p>\n<p><span style=\"color: #fff; background-color: #000000; padding: 1px 7px;\"><strong>Razer<\/strong><\/span><strong><span style=\"margin-left: 5px; color: #fff; background-color: red; padding: 1px 7px;\">319.0 PLN<\/span><\/strong><\/p>\n<p>&nbsp;<\/p>\n<p>&nbsp;<\/p>\n<\/div>\n<p style=\"text-align: center; padding-bottom: 15px;\"><a style=\"color: #fff; font-size: 22px; background-color: #e4144d; padding: 9px; border-radius: 7px; text-decoration: underline;\" href=\"https:\/\/converti.se\/click\/34590059-c70e8160-5f3fd1b8\/?deep_link=https%3A%2F%2Fwww.mall.pl%2Fsluchawki-gamingowe%2Frazer-sluchawki-blackshark-v2-x-rz04-03240100-r3m1-&#038;sid=sluchawki-przewodowe&#038;tag6=product&#038;tag8=aa5f392f444e8e3521d6f89c59c9887d&#038;tag9=Razer+s%C5%82uchawki+Blackshark+V2+X+%28RZ04-03240100-R3M1%29\" target=\"_blank\" rel=\"nofollow noopener\">Promocja <\/a> <span style=\"font-size: 22px; padding-left: 10px;\">333.0 PLN<\/span><\/p>\n","protected":false},"excerpt":{"rendered":"<h3>Odpowiednie <span style='color: red;'>s\u0142uchawki<\/span> wygodne bezprzedowowe s\u0142uchawki? <\/h3>\n<p> Cechy, dane i zalety: <\/p>\n<ul style='padding-left: 10px; padding-bottom: 10px;'>\n<li style='padding-top: 10px;'>Przewodowe s\u0142uchawki gamingowe o zamkni\u0119tej konstrukcji\n<li style='padding-top: 10px;'>Razer Blackshark V2 X (RZ04\u201303240100-R3M1) posiadaj\u0105 3 kontrolery d\u017awi\u0119ku w 1, oferuj\u0105 zakres cz\u0119stotliwo\u015bci od 12 Hz \u2013 28 kHz, impendancj\u0119 32 \u2126 i czu\u0142o\u015b\u0107 100dBSPL\/mW\n<li style='padding-top: 10px;'>\u0141atwe po\u0142\u0105czenie za pomoc\u0105 z\u0142\u0105cza 3,5 mm jack\n<li style='padding-top: 10px;'>Urzekaj\u0105 prostym designem z logo Razer.<\/ul>\n","protected":false},"featured_media":4856,"comment_status":"closed","ping_status":"open","template":"","meta":[],"product_cat":[378,596],"product_tag":[],"class_list":{"0":"post-4855","1":"product","2":"type-product","3":"status-publish","5":"hentry","6":"product_cat-razer","7":"product_cat-sluchawki-przewodowe","8":"pa_producent-razer","9":"pa_sklep-mall-pl"},"yoast_head":"<!-- This site is optimized with the Yoast SEO plugin v20.9 - https:\/\/yoast.com\/wordpress\/plugins\/seo\/ -->\n<title>s\u0142uchawki przewodowe Razer za 319.0 PLN<\/title>\n<meta name=\"description\" content=\"S\u0142uchawki przewodowe. Model Razer w atrakcyjnej cenie 319.0 PLN. Przedstawiamy s\u0142uchawki tradycyjne do pracy zdalnej i s\u0142uchania muzyki.\" \/>\n<meta name=\"robots\" content=\"index, follow, max-snippet:-1, max-image-preview:large, max-video-preview:-1\" \/>\n<link rel=\"canonical\" href=\"https:\/\/taniabonament.pl\/sluchawki\/model\/razer-sluchawki-blackshark-v2-x-rz04-03240100-r3m1\/\" \/>\n<meta property=\"og:locale\" content=\"pl_PL\" \/>\n<meta property=\"og:type\" content=\"article\" \/>\n<meta property=\"og:title\" content=\"s\u0142uchawki przewodowe Razer za 319.0 PLN\" \/>\n<meta property=\"og:description\" content=\"S\u0142uchawki przewodowe. Model Razer w atrakcyjnej cenie 319.0 PLN. Przedstawiamy s\u0142uchawki tradycyjne do pracy zdalnej i s\u0142uchania muzyki.\" \/>\n<meta property=\"og:url\" content=\"https:\/\/taniabonament.pl\/sluchawki\/model\/razer-sluchawki-blackshark-v2-x-rz04-03240100-r3m1\/\" \/>\n<meta property=\"og:site_name\" content=\"TaniAbonament.pl S\u0142uchawki\" \/>\n<meta property=\"article:modified_time\" content=\"2021-02-10T06:28:55+00:00\" \/>\n<meta property=\"og:image\" content=\"https:\/\/taniabonament.pl\/sluchawki\/wp-content\/uploads\/2021\/02\/f5d317b69ca99e6ff3c4ebc002dce845997e9efc.jpg\" \/>\n\t<meta property=\"og:image:width\" content=\"497\" \/>\n\t<meta property=\"og:image:height\" content=\"506\" \/>\n\t<meta property=\"og:image:type\" content=\"image\/jpeg\" \/>\n<meta name=\"twitter:card\" content=\"summary_large_image\" \/>\n<script type=\"application\/ld+json\" class=\"yoast-schema-graph\">{\"@context\":\"https:\/\/schema.org\",\"@graph\":[{\"@type\":\"WebPage\",\"@id\":\"https:\/\/taniabonament.pl\/sluchawki\/model\/razer-sluchawki-blackshark-v2-x-rz04-03240100-r3m1\/\",\"url\":\"https:\/\/taniabonament.pl\/sluchawki\/model\/razer-sluchawki-blackshark-v2-x-rz04-03240100-r3m1\/\",\"name\":\"s\u0142uchawki przewodowe Razer za 319.0 PLN\",\"isPartOf\":{\"@id\":\"https:\/\/taniabonament.pl\/sluchawki\/#website\"},\"datePublished\":\"2021-02-10T06:28:54+00:00\",\"dateModified\":\"2021-02-10T06:28:55+00:00\",\"description\":\"S\u0142uchawki przewodowe. Model Razer w atrakcyjnej cenie 319.0 PLN. Przedstawiamy s\u0142uchawki tradycyjne do pracy zdalnej i s\u0142uchania muzyki.\",\"breadcrumb\":{\"@id\":\"https:\/\/taniabonament.pl\/sluchawki\/model\/razer-sluchawki-blackshark-v2-x-rz04-03240100-r3m1\/#breadcrumb\"},\"inLanguage\":\"pl-PL\",\"potentialAction\":[{\"@type\":\"ReadAction\",\"target\":[\"https:\/\/taniabonament.pl\/sluchawki\/model\/razer-sluchawki-blackshark-v2-x-rz04-03240100-r3m1\/\"]}]},{\"@type\":\"BreadcrumbList\",\"@id\":\"https:\/\/taniabonament.pl\/sluchawki\/model\/razer-sluchawki-blackshark-v2-x-rz04-03240100-r3m1\/#breadcrumb\",\"itemListElement\":[{\"@type\":\"ListItem\",\"position\":1,\"name\":\"Strona g\u0142\u00f3wna\",\"item\":\"https:\/\/taniabonament.pl\/sluchawki\/\"},{\"@type\":\"ListItem\",\"position\":2,\"name\":\"Sklep\",\"item\":\"https:\/\/taniabonament.pl\/sluchawki\/\"},{\"@type\":\"ListItem\",\"position\":3,\"name\":\"Razer s\u0142uchawki Blackshark V2 X (RZ04-03240100-R3M1)\"}]},{\"@type\":\"WebSite\",\"@id\":\"https:\/\/taniabonament.pl\/sluchawki\/#website\",\"url\":\"https:\/\/taniabonament.pl\/sluchawki\/\",\"name\":\"TaniAbonament.pl S\u0142uchawki\",\"description\":\"\u015bwiat s\u0142uchawek idealnych do pracy zdalnej\",\"potentialAction\":[{\"@type\":\"SearchAction\",\"target\":{\"@type\":\"EntryPoint\",\"urlTemplate\":\"https:\/\/taniabonament.pl\/sluchawki\/?s={search_term_string}\"},\"query-input\":\"required name=search_term_string\"}],\"inLanguage\":\"pl-PL\"}]}<\/script>\n<!-- \/ Yoast SEO plugin. -->","yoast_head_json":{"title":"s\u0142uchawki przewodowe Razer za 319.0 PLN","description":"S\u0142uchawki przewodowe. Model Razer w atrakcyjnej cenie 319.0 PLN. Przedstawiamy s\u0142uchawki tradycyjne do pracy zdalnej i s\u0142uchania muzyki.","robots":{"index":"index","follow":"follow","max-snippet":"max-snippet:-1","max-image-preview":"max-image-preview:large","max-video-preview":"max-video-preview:-1"},"canonical":"https:\/\/taniabonament.pl\/sluchawki\/model\/razer-sluchawki-blackshark-v2-x-rz04-03240100-r3m1\/","og_locale":"pl_PL","og_type":"article","og_title":"s\u0142uchawki przewodowe Razer za 319.0 PLN","og_description":"S\u0142uchawki przewodowe. Model Razer w atrakcyjnej cenie 319.0 PLN. Przedstawiamy s\u0142uchawki tradycyjne do pracy zdalnej i s\u0142uchania muzyki.","og_url":"https:\/\/taniabonament.pl\/sluchawki\/model\/razer-sluchawki-blackshark-v2-x-rz04-03240100-r3m1\/","og_site_name":"TaniAbonament.pl S\u0142uchawki","article_modified_time":"2021-02-10T06:28:55+00:00","og_image":[{"width":497,"height":506,"url":"https:\/\/taniabonament.pl\/sluchawki\/wp-content\/uploads\/2021\/02\/f5d317b69ca99e6ff3c4ebc002dce845997e9efc.jpg","type":"image\/jpeg"}],"twitter_card":"summary_large_image","schema":{"@context":"https:\/\/schema.org","@graph":[{"@type":"WebPage","@id":"https:\/\/taniabonament.pl\/sluchawki\/model\/razer-sluchawki-blackshark-v2-x-rz04-03240100-r3m1\/","url":"https:\/\/taniabonament.pl\/sluchawki\/model\/razer-sluchawki-blackshark-v2-x-rz04-03240100-r3m1\/","name":"s\u0142uchawki przewodowe Razer za 319.0 PLN","isPartOf":{"@id":"https:\/\/taniabonament.pl\/sluchawki\/#website"},"datePublished":"2021-02-10T06:28:54+00:00","dateModified":"2021-02-10T06:28:55+00:00","description":"S\u0142uchawki przewodowe. Model Razer w atrakcyjnej cenie 319.0 PLN. Przedstawiamy s\u0142uchawki tradycyjne do pracy zdalnej i s\u0142uchania muzyki.","breadcrumb":{"@id":"https:\/\/taniabonament.pl\/sluchawki\/model\/razer-sluchawki-blackshark-v2-x-rz04-03240100-r3m1\/#breadcrumb"},"inLanguage":"pl-PL","potentialAction":[{"@type":"ReadAction","target":["https:\/\/taniabonament.pl\/sluchawki\/model\/razer-sluchawki-blackshark-v2-x-rz04-03240100-r3m1\/"]}]},{"@type":"BreadcrumbList","@id":"https:\/\/taniabonament.pl\/sluchawki\/model\/razer-sluchawki-blackshark-v2-x-rz04-03240100-r3m1\/#breadcrumb","itemListElement":[{"@type":"ListItem","position":1,"name":"Strona g\u0142\u00f3wna","item":"https:\/\/taniabonament.pl\/sluchawki\/"},{"@type":"ListItem","position":2,"name":"Sklep","item":"https:\/\/taniabonament.pl\/sluchawki\/"},{"@type":"ListItem","position":3,"name":"Razer s\u0142uchawki Blackshark V2 X (RZ04-03240100-R3M1)"}]},{"@type":"WebSite","@id":"https:\/\/taniabonament.pl\/sluchawki\/#website","url":"https:\/\/taniabonament.pl\/sluchawki\/","name":"TaniAbonament.pl S\u0142uchawki","description":"\u015bwiat s\u0142uchawek idealnych do pracy zdalnej","potentialAction":[{"@type":"SearchAction","target":{"@type":"EntryPoint","urlTemplate":"https:\/\/taniabonament.pl\/sluchawki\/?s={search_term_string}"},"query-input":"required name=search_term_string"}],"inLanguage":"pl-PL"}]}},"_links":{"self":[{"href":"https:\/\/taniabonament.pl\/sluchawki\/wp-json\/wp\/v2\/product\/4855","targetHints":{"allow":["GET"]}}],"collection":[{"href":"https:\/\/taniabonament.pl\/sluchawki\/wp-json\/wp\/v2\/product"}],"about":[{"href":"https:\/\/taniabonament.pl\/sluchawki\/wp-json\/wp\/v2\/types\/product"}],"replies":[{"embeddable":true,"href":"https:\/\/taniabonament.pl\/sluchawki\/wp-json\/wp\/v2\/comments?post=4855"}],"wp:featuredmedia":[{"embeddable":true,"href":"https:\/\/taniabonament.pl\/sluchawki\/wp-json\/wp\/v2\/media\/4856"}],"wp:attachment":[{"href":"https:\/\/taniabonament.pl\/sluchawki\/wp-json\/wp\/v2\/media?parent=4855"}],"wp:term":[{"taxonomy":"product_cat","embeddable":true,"href":"https:\/\/taniabonament.pl\/sluchawki\/wp-json\/wp\/v2\/product_cat?post=4855"},{"taxonomy":"product_tag","embeddable":true,"href":"https:\/\/taniabonament.pl\/sluchawki\/wp-json\/wp\/v2\/product_tag?post=4855"}],"curies":[{"name":"wp","href":"https:\/\/api.w.org\/{rel}","templated":true}]}}