{"id":4853,"date":"2021-02-10T06:28:54","date_gmt":"2021-02-10T06:28:54","guid":{"rendered":"https:\/\/taniabonament.pl\/sluchawki\/model\/mobvoi-sluchawki-tickasa-anc-czarny\/"},"modified":"2021-02-10T06:28:54","modified_gmt":"2021-02-10T06:28:54","slug":"mobvoi-sluchawki-tickasa-anc-czarny","status":"publish","type":"product","link":"https:\/\/taniabonament.pl\/sluchawki\/model\/mobvoi-sluchawki-tickasa-anc-czarny\/","title":{"rendered":"Mobvoi s\u0142uchawki TicKasa ANC, czarny"},"content":{"rendered":"<p><img decoding=\"async\" style=\"margin-right: 25px; margin-bottom: 10px; width: 220px;\" src=\"https:\/\/static.convertiser.com\/media\/product_images\/49\/b510aa3f92e536b8bcfd78e6669311ed\/23b5f4c0603d8c6d3414728c3446fb512ebd47b3.jpg\" alt=\"s\u0142uchawki Mobvoi\" align=\"left\" \/><\/p>\n<h2>S\u0142uchawki marki Mobvoi<\/h2>\n<p>CENA ORYGINALNA: 649.0 PLN<\/p>\n<div style=\"font-weight: bold; font-size: 18px;\">\n<p>UWAGA <span style=\"color: red;\">MAMY RABATY!<\/span><\/p>\n<p>Szczeg\u00f3\u0142owe parametry takie jak dane techniczne, promocje sprawdzisz poni\u017cej w Mall.pl. Przejd\u017a bezpo\u015brednio do tych tradycyjnych s\u0142uchawek.<\/p>\n<p><span style=\"color: #fff; background-color: #000000; padding: 1px 7px;\"><strong>Mobvoi<\/strong><\/span><strong><span style=\"margin-left: 5px; color: #fff; background-color: red; padding: 1px 7px;\">649.0 PLN<\/span><\/strong><\/p>\n<p>&nbsp;<\/p>\n<p>&nbsp;<\/p>\n<\/div>\n<p style=\"text-align: center; padding-bottom: 15px;\"><a style=\"color: #fff; font-size: 22px; background-color: #e4144d; padding: 9px; border-radius: 7px; text-decoration: underline;\" href=\"https:\/\/converti.se\/click\/34590059-c70e8160-5f3fd1b8\/?deep_link=https%3A%2F%2Fwww.mall.pl%2Fprzenosne-sluchawki%2Fmobvoi-sluchawki-tickasa-anc-czarny&#038;sid=sluchawki-przewodowe&#038;tag6=product&#038;tag8=b510aa3f92e536b8bcfd78e6669311ed&#038;tag9=Mobvoi+s%C5%82uchawki+TicKasa+ANC%2C+czarny\" target=\"_blank\" rel=\"nofollow noopener\">Promocja <\/a> <span style=\"font-size: 22px; padding-left: 10px;\">649.0 PLN<\/span><\/p>\n","protected":false},"excerpt":{"rendered":"<h3>Odpowiednie <span style='color: red;'>s\u0142uchawki<\/span> wygodne bezprzedowowe s\u0142uchawki? <\/h3>\n<p> Cechy, dane i zalety: <\/p>\n<ul style='padding-left: 10px; padding-bottom: 10px;'>\n<li style='padding-top: 10px;'>Odg\u0142osy otoczenia nie b\u0119d\u0105 przeszkadza\u0107 w s\u0142uchaniu piosenek dzi\u0119ki technologii ANC zastosowanej w s\u0142uchawkach Bluetooth 5.0 Mobvoi TicKasa ANC\n<li style='padding-top: 10px;'>S\u0142uchawki maj\u0105 mocne przetworniki 40 mm, \u0142adnie odtwarzaj\u0105 dostrojony d\u017awi\u0119k, umo\u017cliwiaj\u0105 tak\u017ce po\u0142\u0105czenie przewodowe i maj\u0105 funkcj\u0119 zestawu g\u0142o\u015bnom\u00f3wi\u0105cego z technologi\u0105 cVc\n<li style='padding-top: 10px;'>Na jednym \u0142adowaniu dzia\u0142aj\u0105 przez 30 godzin.<\/ul>\n","protected":false},"featured_media":4854,"comment_status":"closed","ping_status":"open","template":"","meta":[],"product_cat":[610,596],"product_tag":[],"class_list":{"0":"post-4853","1":"product","2":"type-product","3":"status-publish","5":"hentry","6":"product_cat-mobvoi","7":"product_cat-sluchawki-przewodowe","8":"pa_producent-mobvoi","9":"pa_sklep-mall-pl"},"yoast_head":"<!-- This site is optimized with the Yoast SEO plugin v20.9 - https:\/\/yoast.com\/wordpress\/plugins\/seo\/ -->\n<title>s\u0142uchawki przewodowe Mobvoi za 649.0 PLN<\/title>\n<meta name=\"description\" content=\"S\u0142uchawki przewodowe. Model Mobvoi w atrakcyjnej cenie 649.0 PLN. Przedstawiamy s\u0142uchawki tradycyjne do pracy zdalnej i s\u0142uchania muzyki.\" \/>\n<meta name=\"robots\" content=\"index, follow, max-snippet:-1, max-image-preview:large, max-video-preview:-1\" \/>\n<link rel=\"canonical\" href=\"https:\/\/taniabonament.pl\/sluchawki\/model\/mobvoi-sluchawki-tickasa-anc-czarny\/\" \/>\n<meta property=\"og:locale\" content=\"pl_PL\" \/>\n<meta property=\"og:type\" content=\"article\" \/>\n<meta property=\"og:title\" content=\"s\u0142uchawki przewodowe Mobvoi za 649.0 PLN\" \/>\n<meta property=\"og:description\" content=\"S\u0142uchawki przewodowe. Model Mobvoi w atrakcyjnej cenie 649.0 PLN. Przedstawiamy s\u0142uchawki tradycyjne do pracy zdalnej i s\u0142uchania muzyki.\" \/>\n<meta property=\"og:url\" content=\"https:\/\/taniabonament.pl\/sluchawki\/model\/mobvoi-sluchawki-tickasa-anc-czarny\/\" \/>\n<meta property=\"og:site_name\" content=\"TaniAbonament.pl S\u0142uchawki\" \/>\n<meta property=\"og:image\" content=\"https:\/\/taniabonament.pl\/sluchawki\/wp-content\/uploads\/2021\/02\/23b5f4c0603d8c6d3414728c3446fb512ebd47b3.jpg\" \/>\n\t<meta property=\"og:image:width\" content=\"781\" \/>\n\t<meta property=\"og:image:height\" content=\"1000\" \/>\n\t<meta property=\"og:image:type\" content=\"image\/jpeg\" \/>\n<meta name=\"twitter:card\" content=\"summary_large_image\" \/>\n<script type=\"application\/ld+json\" class=\"yoast-schema-graph\">{\"@context\":\"https:\/\/schema.org\",\"@graph\":[{\"@type\":\"WebPage\",\"@id\":\"https:\/\/taniabonament.pl\/sluchawki\/model\/mobvoi-sluchawki-tickasa-anc-czarny\/\",\"url\":\"https:\/\/taniabonament.pl\/sluchawki\/model\/mobvoi-sluchawki-tickasa-anc-czarny\/\",\"name\":\"s\u0142uchawki przewodowe Mobvoi za 649.0 PLN\",\"isPartOf\":{\"@id\":\"https:\/\/taniabonament.pl\/sluchawki\/#website\"},\"datePublished\":\"2021-02-10T06:28:54+00:00\",\"dateModified\":\"2021-02-10T06:28:54+00:00\",\"description\":\"S\u0142uchawki przewodowe. Model Mobvoi w atrakcyjnej cenie 649.0 PLN. Przedstawiamy s\u0142uchawki tradycyjne do pracy zdalnej i s\u0142uchania muzyki.\",\"breadcrumb\":{\"@id\":\"https:\/\/taniabonament.pl\/sluchawki\/model\/mobvoi-sluchawki-tickasa-anc-czarny\/#breadcrumb\"},\"inLanguage\":\"pl-PL\",\"potentialAction\":[{\"@type\":\"ReadAction\",\"target\":[\"https:\/\/taniabonament.pl\/sluchawki\/model\/mobvoi-sluchawki-tickasa-anc-czarny\/\"]}]},{\"@type\":\"BreadcrumbList\",\"@id\":\"https:\/\/taniabonament.pl\/sluchawki\/model\/mobvoi-sluchawki-tickasa-anc-czarny\/#breadcrumb\",\"itemListElement\":[{\"@type\":\"ListItem\",\"position\":1,\"name\":\"Strona g\u0142\u00f3wna\",\"item\":\"https:\/\/taniabonament.pl\/sluchawki\/\"},{\"@type\":\"ListItem\",\"position\":2,\"name\":\"Sklep\",\"item\":\"https:\/\/taniabonament.pl\/sluchawki\/\"},{\"@type\":\"ListItem\",\"position\":3,\"name\":\"Mobvoi s\u0142uchawki TicKasa ANC, czarny\"}]},{\"@type\":\"WebSite\",\"@id\":\"https:\/\/taniabonament.pl\/sluchawki\/#website\",\"url\":\"https:\/\/taniabonament.pl\/sluchawki\/\",\"name\":\"TaniAbonament.pl S\u0142uchawki\",\"description\":\"\u015bwiat s\u0142uchawek idealnych do pracy zdalnej\",\"potentialAction\":[{\"@type\":\"SearchAction\",\"target\":{\"@type\":\"EntryPoint\",\"urlTemplate\":\"https:\/\/taniabonament.pl\/sluchawki\/?s={search_term_string}\"},\"query-input\":\"required name=search_term_string\"}],\"inLanguage\":\"pl-PL\"}]}<\/script>\n<!-- \/ Yoast SEO plugin. -->","yoast_head_json":{"title":"s\u0142uchawki przewodowe Mobvoi za 649.0 PLN","description":"S\u0142uchawki przewodowe. Model Mobvoi w atrakcyjnej cenie 649.0 PLN. Przedstawiamy s\u0142uchawki tradycyjne do pracy zdalnej i s\u0142uchania muzyki.","robots":{"index":"index","follow":"follow","max-snippet":"max-snippet:-1","max-image-preview":"max-image-preview:large","max-video-preview":"max-video-preview:-1"},"canonical":"https:\/\/taniabonament.pl\/sluchawki\/model\/mobvoi-sluchawki-tickasa-anc-czarny\/","og_locale":"pl_PL","og_type":"article","og_title":"s\u0142uchawki przewodowe Mobvoi za 649.0 PLN","og_description":"S\u0142uchawki przewodowe. Model Mobvoi w atrakcyjnej cenie 649.0 PLN. Przedstawiamy s\u0142uchawki tradycyjne do pracy zdalnej i s\u0142uchania muzyki.","og_url":"https:\/\/taniabonament.pl\/sluchawki\/model\/mobvoi-sluchawki-tickasa-anc-czarny\/","og_site_name":"TaniAbonament.pl S\u0142uchawki","og_image":[{"width":781,"height":1000,"url":"https:\/\/taniabonament.pl\/sluchawki\/wp-content\/uploads\/2021\/02\/23b5f4c0603d8c6d3414728c3446fb512ebd47b3.jpg","type":"image\/jpeg"}],"twitter_card":"summary_large_image","schema":{"@context":"https:\/\/schema.org","@graph":[{"@type":"WebPage","@id":"https:\/\/taniabonament.pl\/sluchawki\/model\/mobvoi-sluchawki-tickasa-anc-czarny\/","url":"https:\/\/taniabonament.pl\/sluchawki\/model\/mobvoi-sluchawki-tickasa-anc-czarny\/","name":"s\u0142uchawki przewodowe Mobvoi za 649.0 PLN","isPartOf":{"@id":"https:\/\/taniabonament.pl\/sluchawki\/#website"},"datePublished":"2021-02-10T06:28:54+00:00","dateModified":"2021-02-10T06:28:54+00:00","description":"S\u0142uchawki przewodowe. Model Mobvoi w atrakcyjnej cenie 649.0 PLN. Przedstawiamy s\u0142uchawki tradycyjne do pracy zdalnej i s\u0142uchania muzyki.","breadcrumb":{"@id":"https:\/\/taniabonament.pl\/sluchawki\/model\/mobvoi-sluchawki-tickasa-anc-czarny\/#breadcrumb"},"inLanguage":"pl-PL","potentialAction":[{"@type":"ReadAction","target":["https:\/\/taniabonament.pl\/sluchawki\/model\/mobvoi-sluchawki-tickasa-anc-czarny\/"]}]},{"@type":"BreadcrumbList","@id":"https:\/\/taniabonament.pl\/sluchawki\/model\/mobvoi-sluchawki-tickasa-anc-czarny\/#breadcrumb","itemListElement":[{"@type":"ListItem","position":1,"name":"Strona g\u0142\u00f3wna","item":"https:\/\/taniabonament.pl\/sluchawki\/"},{"@type":"ListItem","position":2,"name":"Sklep","item":"https:\/\/taniabonament.pl\/sluchawki\/"},{"@type":"ListItem","position":3,"name":"Mobvoi s\u0142uchawki TicKasa ANC, czarny"}]},{"@type":"WebSite","@id":"https:\/\/taniabonament.pl\/sluchawki\/#website","url":"https:\/\/taniabonament.pl\/sluchawki\/","name":"TaniAbonament.pl S\u0142uchawki","description":"\u015bwiat s\u0142uchawek idealnych do pracy zdalnej","potentialAction":[{"@type":"SearchAction","target":{"@type":"EntryPoint","urlTemplate":"https:\/\/taniabonament.pl\/sluchawki\/?s={search_term_string}"},"query-input":"required name=search_term_string"}],"inLanguage":"pl-PL"}]}},"_links":{"self":[{"href":"https:\/\/taniabonament.pl\/sluchawki\/wp-json\/wp\/v2\/product\/4853","targetHints":{"allow":["GET"]}}],"collection":[{"href":"https:\/\/taniabonament.pl\/sluchawki\/wp-json\/wp\/v2\/product"}],"about":[{"href":"https:\/\/taniabonament.pl\/sluchawki\/wp-json\/wp\/v2\/types\/product"}],"replies":[{"embeddable":true,"href":"https:\/\/taniabonament.pl\/sluchawki\/wp-json\/wp\/v2\/comments?post=4853"}],"wp:featuredmedia":[{"embeddable":true,"href":"https:\/\/taniabonament.pl\/sluchawki\/wp-json\/wp\/v2\/media\/4854"}],"wp:attachment":[{"href":"https:\/\/taniabonament.pl\/sluchawki\/wp-json\/wp\/v2\/media?parent=4853"}],"wp:term":[{"taxonomy":"product_cat","embeddable":true,"href":"https:\/\/taniabonament.pl\/sluchawki\/wp-json\/wp\/v2\/product_cat?post=4853"},{"taxonomy":"product_tag","embeddable":true,"href":"https:\/\/taniabonament.pl\/sluchawki\/wp-json\/wp\/v2\/product_tag?post=4853"}],"curies":[{"name":"wp","href":"https:\/\/api.w.org\/{rel}","templated":true}]}}