{"id":4851,"date":"2021-02-10T06:28:54","date_gmt":"2021-02-10T06:28:54","guid":{"rendered":"https:\/\/taniabonament.pl\/sluchawki\/model\/sluchawki-steelseries-arctis-5-bialy\/"},"modified":"2021-02-10T06:28:54","modified_gmt":"2021-02-10T06:28:54","slug":"sluchawki-steelseries-arctis-5-bialy","status":"publish","type":"product","link":"https:\/\/taniabonament.pl\/sluchawki\/model\/sluchawki-steelseries-arctis-5-bialy\/","title":{"rendered":"S\u0142uchawki STEELSERIES Arctis 5 Bia\u0142y"},"content":{"rendered":"<p><img decoding=\"async\" style=\"margin-right: 25px; margin-bottom: 10px; width: 220px;\" src=\"https:\/\/static.convertiser.com\/media\/product_images\/52\/9170c09ae094f642f0b7b106131be99c\/51f19c0b26d1bc5e121e39109042d19c579353cc.jpg\" alt=\"s\u0142uchawki STEELSERIES\" align=\"left\" \/><\/p>\n<h2>S\u0142uchawki marki STEELSERIES<\/h2>\n<p>CENA ORYGINALNA: 539.0 PLN<\/p>\n<div style=\"font-weight: bold; font-size: 18px;\">\n<p>UWAGA <span style=\"color: red;\">MAMY RABATY!<\/span><\/p>\n<p>Szczeg\u00f3\u0142owe parametry takie jak dane techniczne, promocje sprawdzisz poni\u017cej w MediaExpert. Przejd\u017a bezpo\u015brednio do tych tradycyjnych s\u0142uchawek.<\/p>\n<p><span style=\"color: #fff; background-color: #000000; padding: 1px 7px;\"><strong>STEELSERIES<\/strong><\/span><strong><span style=\"margin-left: 5px; color: #fff; background-color: red; padding: 1px 7px;\">539.0 PLN<\/span><\/strong><\/p>\n<p>&nbsp;<\/p>\n<p>&nbsp;<\/p>\n<\/div>\n<p style=\"text-align: center; padding-bottom: 15px;\"><a style=\"color: #fff; font-size: 22px; background-color: #e4144d; padding: 9px; border-radius: 7px; text-decoration: underline;\" href=\"https:\/\/converti.se\/click\/34590059-c70e8160-5f3fd0bc\/?deep_link=https%3A%2F%2Fwww.mediaexpert.pl%2Fkomputery-i-tablety%2Fakcesoria-komputerowe%2Fsluchawki-z-mikrofonem%2Fsluchawki-steelseries-arctis-5-bialy%3Futm_source%3DJjakisty3m8p%26utm_medium%3DXML%26utm_content%3D864643%26utm_campaign%3D2021-02%26utm_term%3DSluchawki-z-mikrofonem&#038;sid=sluchawki-przewodowe&#038;tag6=product&#038;tag8=9170c09ae094f642f0b7b106131be99c&#038;tag9=S%C5%82uchawki+STEELSERIES+Arctis+5+Bia%C5%82y\" target=\"_blank\" rel=\"nofollow noopener\">Promocja <\/a> <span style=\"font-size: 22px; padding-left: 10px;\"><\/span><\/p>\n","protected":false},"excerpt":{"rendered":"<h3>Odpowiednie <span style='color: red;'>s\u0142uchawki<\/span> wygodne bezprzedowowe s\u0142uchawki? <\/h3>\n<p> Cechy, dane i zalety: <\/p>\n<ul style='padding-left: 10px; padding-bottom: 10px;'>\n<li style='padding-top: 10px;'>Arctis 5 to przewodowe, pod\u015bwietlane s\u0142uchawki z opcj\u0105 dostosowywania iluminacji Prism RGB oraz kablem ze z\u0142\u0105czem USB z funkcj\u0105 ChatMix, zapewniaj\u0105c\u0105 szybki dost\u0119p do komunikacji g\u0142osowej w grze\n<li style='padding-top: 10px;'>Wyposa\u017cone w DTS Headphone: X 7.1 Digital Surround, Arctis 5 s\u0105 wieloplatformowe i bez najmniejszego problemu umo\u017cliwiaj\u0105 graczom prze\u0142\u0105czenie si\u0119 ze z\u0142\u0105cza USB w komputerze na z\u0142\u0105cze 3,5mm w laptopie czy tablecie.<\/ul>\n","protected":false},"featured_media":4852,"comment_status":"closed","ping_status":"open","template":"","meta":[],"product_cat":[596,608],"product_tag":[],"class_list":{"0":"post-4851","1":"product","2":"type-product","3":"status-publish","5":"hentry","6":"product_cat-sluchawki-przewodowe","7":"product_cat-steelseries","8":"pa_producent-steelseries","9":"pa_sklep-mediaexpert"},"yoast_head":"<!-- This site is optimized with the Yoast SEO plugin v20.9 - https:\/\/yoast.com\/wordpress\/plugins\/seo\/ -->\n<title>s\u0142uchawki przewodowe STEELSERIES za 539.0 PLN<\/title>\n<meta name=\"description\" content=\"S\u0142uchawki przewodowe. Model STEELSERIES w atrakcyjnej cenie 539.0 PLN. Przedstawiamy s\u0142uchawki tradycyjne do pracy zdalnej i s\u0142uchania muzyki.\" \/>\n<meta name=\"robots\" content=\"index, follow, max-snippet:-1, max-image-preview:large, max-video-preview:-1\" \/>\n<link rel=\"canonical\" href=\"https:\/\/taniabonament.pl\/sluchawki\/model\/sluchawki-steelseries-arctis-5-bialy\/\" \/>\n<meta property=\"og:locale\" content=\"pl_PL\" \/>\n<meta property=\"og:type\" content=\"article\" \/>\n<meta property=\"og:title\" content=\"s\u0142uchawki przewodowe STEELSERIES za 539.0 PLN\" \/>\n<meta property=\"og:description\" content=\"S\u0142uchawki przewodowe. Model STEELSERIES w atrakcyjnej cenie 539.0 PLN. Przedstawiamy s\u0142uchawki tradycyjne do pracy zdalnej i s\u0142uchania muzyki.\" \/>\n<meta property=\"og:url\" content=\"https:\/\/taniabonament.pl\/sluchawki\/model\/sluchawki-steelseries-arctis-5-bialy\/\" \/>\n<meta property=\"og:site_name\" content=\"TaniAbonament.pl S\u0142uchawki\" \/>\n<meta property=\"og:image\" content=\"https:\/\/taniabonament.pl\/sluchawki\/wp-content\/uploads\/2021\/02\/51f19c0b26d1bc5e121e39109042d19c579353cc.jpg\" \/>\n\t<meta property=\"og:image:width\" content=\"400\" \/>\n\t<meta property=\"og:image:height\" content=\"400\" \/>\n\t<meta property=\"og:image:type\" content=\"image\/jpeg\" \/>\n<meta name=\"twitter:card\" content=\"summary_large_image\" \/>\n<script type=\"application\/ld+json\" class=\"yoast-schema-graph\">{\"@context\":\"https:\/\/schema.org\",\"@graph\":[{\"@type\":\"WebPage\",\"@id\":\"https:\/\/taniabonament.pl\/sluchawki\/model\/sluchawki-steelseries-arctis-5-bialy\/\",\"url\":\"https:\/\/taniabonament.pl\/sluchawki\/model\/sluchawki-steelseries-arctis-5-bialy\/\",\"name\":\"s\u0142uchawki przewodowe STEELSERIES za 539.0 PLN\",\"isPartOf\":{\"@id\":\"https:\/\/taniabonament.pl\/sluchawki\/#website\"},\"datePublished\":\"2021-02-10T06:28:54+00:00\",\"dateModified\":\"2021-02-10T06:28:54+00:00\",\"description\":\"S\u0142uchawki przewodowe. Model STEELSERIES w atrakcyjnej cenie 539.0 PLN. Przedstawiamy s\u0142uchawki tradycyjne do pracy zdalnej i s\u0142uchania muzyki.\",\"breadcrumb\":{\"@id\":\"https:\/\/taniabonament.pl\/sluchawki\/model\/sluchawki-steelseries-arctis-5-bialy\/#breadcrumb\"},\"inLanguage\":\"pl-PL\",\"potentialAction\":[{\"@type\":\"ReadAction\",\"target\":[\"https:\/\/taniabonament.pl\/sluchawki\/model\/sluchawki-steelseries-arctis-5-bialy\/\"]}]},{\"@type\":\"BreadcrumbList\",\"@id\":\"https:\/\/taniabonament.pl\/sluchawki\/model\/sluchawki-steelseries-arctis-5-bialy\/#breadcrumb\",\"itemListElement\":[{\"@type\":\"ListItem\",\"position\":1,\"name\":\"Strona g\u0142\u00f3wna\",\"item\":\"https:\/\/taniabonament.pl\/sluchawki\/\"},{\"@type\":\"ListItem\",\"position\":2,\"name\":\"Sklep\",\"item\":\"https:\/\/taniabonament.pl\/sluchawki\/\"},{\"@type\":\"ListItem\",\"position\":3,\"name\":\"S\u0142uchawki STEELSERIES Arctis 5 Bia\u0142y\"}]},{\"@type\":\"WebSite\",\"@id\":\"https:\/\/taniabonament.pl\/sluchawki\/#website\",\"url\":\"https:\/\/taniabonament.pl\/sluchawki\/\",\"name\":\"TaniAbonament.pl S\u0142uchawki\",\"description\":\"\u015bwiat s\u0142uchawek idealnych do pracy zdalnej\",\"potentialAction\":[{\"@type\":\"SearchAction\",\"target\":{\"@type\":\"EntryPoint\",\"urlTemplate\":\"https:\/\/taniabonament.pl\/sluchawki\/?s={search_term_string}\"},\"query-input\":\"required name=search_term_string\"}],\"inLanguage\":\"pl-PL\"}]}<\/script>\n<!-- \/ Yoast SEO plugin. -->","yoast_head_json":{"title":"s\u0142uchawki przewodowe STEELSERIES za 539.0 PLN","description":"S\u0142uchawki przewodowe. Model STEELSERIES w atrakcyjnej cenie 539.0 PLN. Przedstawiamy s\u0142uchawki tradycyjne do pracy zdalnej i s\u0142uchania muzyki.","robots":{"index":"index","follow":"follow","max-snippet":"max-snippet:-1","max-image-preview":"max-image-preview:large","max-video-preview":"max-video-preview:-1"},"canonical":"https:\/\/taniabonament.pl\/sluchawki\/model\/sluchawki-steelseries-arctis-5-bialy\/","og_locale":"pl_PL","og_type":"article","og_title":"s\u0142uchawki przewodowe STEELSERIES za 539.0 PLN","og_description":"S\u0142uchawki przewodowe. Model STEELSERIES w atrakcyjnej cenie 539.0 PLN. Przedstawiamy s\u0142uchawki tradycyjne do pracy zdalnej i s\u0142uchania muzyki.","og_url":"https:\/\/taniabonament.pl\/sluchawki\/model\/sluchawki-steelseries-arctis-5-bialy\/","og_site_name":"TaniAbonament.pl S\u0142uchawki","og_image":[{"width":400,"height":400,"url":"https:\/\/taniabonament.pl\/sluchawki\/wp-content\/uploads\/2021\/02\/51f19c0b26d1bc5e121e39109042d19c579353cc.jpg","type":"image\/jpeg"}],"twitter_card":"summary_large_image","schema":{"@context":"https:\/\/schema.org","@graph":[{"@type":"WebPage","@id":"https:\/\/taniabonament.pl\/sluchawki\/model\/sluchawki-steelseries-arctis-5-bialy\/","url":"https:\/\/taniabonament.pl\/sluchawki\/model\/sluchawki-steelseries-arctis-5-bialy\/","name":"s\u0142uchawki przewodowe STEELSERIES za 539.0 PLN","isPartOf":{"@id":"https:\/\/taniabonament.pl\/sluchawki\/#website"},"datePublished":"2021-02-10T06:28:54+00:00","dateModified":"2021-02-10T06:28:54+00:00","description":"S\u0142uchawki przewodowe. Model STEELSERIES w atrakcyjnej cenie 539.0 PLN. Przedstawiamy s\u0142uchawki tradycyjne do pracy zdalnej i s\u0142uchania muzyki.","breadcrumb":{"@id":"https:\/\/taniabonament.pl\/sluchawki\/model\/sluchawki-steelseries-arctis-5-bialy\/#breadcrumb"},"inLanguage":"pl-PL","potentialAction":[{"@type":"ReadAction","target":["https:\/\/taniabonament.pl\/sluchawki\/model\/sluchawki-steelseries-arctis-5-bialy\/"]}]},{"@type":"BreadcrumbList","@id":"https:\/\/taniabonament.pl\/sluchawki\/model\/sluchawki-steelseries-arctis-5-bialy\/#breadcrumb","itemListElement":[{"@type":"ListItem","position":1,"name":"Strona g\u0142\u00f3wna","item":"https:\/\/taniabonament.pl\/sluchawki\/"},{"@type":"ListItem","position":2,"name":"Sklep","item":"https:\/\/taniabonament.pl\/sluchawki\/"},{"@type":"ListItem","position":3,"name":"S\u0142uchawki STEELSERIES Arctis 5 Bia\u0142y"}]},{"@type":"WebSite","@id":"https:\/\/taniabonament.pl\/sluchawki\/#website","url":"https:\/\/taniabonament.pl\/sluchawki\/","name":"TaniAbonament.pl S\u0142uchawki","description":"\u015bwiat s\u0142uchawek idealnych do pracy zdalnej","potentialAction":[{"@type":"SearchAction","target":{"@type":"EntryPoint","urlTemplate":"https:\/\/taniabonament.pl\/sluchawki\/?s={search_term_string}"},"query-input":"required name=search_term_string"}],"inLanguage":"pl-PL"}]}},"_links":{"self":[{"href":"https:\/\/taniabonament.pl\/sluchawki\/wp-json\/wp\/v2\/product\/4851","targetHints":{"allow":["GET"]}}],"collection":[{"href":"https:\/\/taniabonament.pl\/sluchawki\/wp-json\/wp\/v2\/product"}],"about":[{"href":"https:\/\/taniabonament.pl\/sluchawki\/wp-json\/wp\/v2\/types\/product"}],"replies":[{"embeddable":true,"href":"https:\/\/taniabonament.pl\/sluchawki\/wp-json\/wp\/v2\/comments?post=4851"}],"wp:featuredmedia":[{"embeddable":true,"href":"https:\/\/taniabonament.pl\/sluchawki\/wp-json\/wp\/v2\/media\/4852"}],"wp:attachment":[{"href":"https:\/\/taniabonament.pl\/sluchawki\/wp-json\/wp\/v2\/media?parent=4851"}],"wp:term":[{"taxonomy":"product_cat","embeddable":true,"href":"https:\/\/taniabonament.pl\/sluchawki\/wp-json\/wp\/v2\/product_cat?post=4851"},{"taxonomy":"product_tag","embeddable":true,"href":"https:\/\/taniabonament.pl\/sluchawki\/wp-json\/wp\/v2\/product_tag?post=4851"}],"curies":[{"name":"wp","href":"https:\/\/api.w.org\/{rel}","templated":true}]}}