{"id":2403,"date":"2022-09-10T06:30:02","date_gmt":"2022-09-10T06:30:02","guid":{"rendered":"https:\/\/taniabonament.pl\/sluchawki\/model\/sluchawki-bezprzewodowe-savio-tws-03\/"},"modified":"2022-09-10T06:30:10","modified_gmt":"2022-09-10T06:30:10","slug":"sluchawki-bezprzewodowe-savio-tws-03","status":"publish","type":"product","link":"https:\/\/taniabonament.pl\/sluchawki\/model\/sluchawki-bezprzewodowe-savio-tws-03\/","title":{"rendered":"S\u0142uchawki bezprzewodowe savio tws-03"},"content":{"rendered":"<p><img decoding=\"async\" style=\"margin-right: 25px; margin-bottom: 10px; width: 220px;\" src=\"https:\/\/static.convertiser.com\/media\/product_images\/274\/9db19cef090243c7c0e26ea199f3bc40\/238817a3dfb10826f80468c08ecae88a0be2e11a.jpg\" alt=\"s\u0142uchawki SAVIO\" align=\"left\" \/><\/p>\n<h2>S\u0142uchawki marki SAVIO<\/h2>\n<p>CENA ORYGINALNA: 83.24 PLN<\/p>\n<div style=\"font-weight: bold; font-size: 18px;\">\n<p>UWAGA <span style=\"color: red;\">MAMY RABATY!<\/span><\/p>\n<p>Szczeg\u00f3\u0142owe parametry takie jak dane techniczne, promocje sprawdzisz poni\u017cej w Superwnetrze.pl. Przejd\u017a bezpo\u015brednio do tych s\u0142uchawek.<\/p>\n<p><span style=\"color: #fff; background-color: #000000; padding: 1px 7px;\"><strong>SAVIO<\/strong><\/span><strong><span style=\"margin-left: 5px; color: #fff; background-color: red; padding: 1px 7px;\">83.24 PLN<\/span><\/strong><\/p>\n<\/div>\n<p style=\"text-align: center; padding-bottom: 15px; padding-top: 10px;\"><a style=\"color: #fff; font-size: 22px; background-color: #e4144d; padding: 9px; border-radius: 7px; text-decoration: underline;\" href=\"https:\/\/converti.se\/click\/34590059-c70e8160-5f3ad3b7\/?deep_link=https%3A%2F%2Fwww.superwnetrze.pl%2Fsluchawki-bezprzewodowe-savio-tws-03%2Ct257909.html&#038;sid=sluchawki-bezprzewodowe&#038;tag6=product&#038;tag8=9db19cef090243c7c0e26ea199f3bc40&#038;tag9=S%C5%82uchawki+bezprzewodowe+savio+tws-03\" target=\"_blank\" rel=\"nofollow noopener\">Sprawd\u017a Szczeg\u00f3\u0142y<\/a> <span style=\"font-size: 22px; padding-left: 10px;\">71.38 PLN<\/span><\/p>\n<p style=\"text-align: center;\">DZI\u0118KUJEMY, \u017ce jeste\u015b z nami!<br \/>\nzapami\u0119taj najlepsze s\u0142uchawki znajdziesz na TaniAbonament.pl\/sluchawki\/<\/p>\n<p style=\"text-align: center;\">odwiedzaj nas cz\u0119\u015bciej \ud83d\ude42<\/p>\n<h3>Jakie s\u0142uchawki wybra\u0107?<\/h3>\n<p>Musisz wiedzie\u0107, \u017ce <a style=\"color: red;\" href=\"https:\/\/taniabonament.pl\/sluchawki\/\">dobre s\u0142uchawki<\/a> powinny by\u0107 przede wszystkim wygodne. Na rynku dost\u0119pne s\u0105 r\u00f3\u017cne modele, od s\u0142uchawek dousznych jak i s\u0142uchawek bardziej klasycznych &#8211; zakrywaj\u0105cych ca\u0142e uszy. Wyb\u00f3r odpowiedniego modelu zale\u017cy od ka\u017cdego nas i od potrzeb kt\u00f3re po prostu mamy. Dodatkow\u0105 wygod\u0105 jest tak\u017ce transmisja bezprzewodowa, realizowana g\u0142\u00f3wnie za po\u015brednictwem modu\u0142u bluetooth, to si\u0119 sprawdza na co dzie\u0144.<\/p>\n<p>Ceny poszczeg\u00f3lnych modeli mog\u0105 by\u0107 r\u00f3\u017cne, od najta\u0144szych kt\u00f3re zapewniaj\u0105 nazwijmy to podstawowy ods\u0142uch, po modele s\u0142uchawek z wy\u017cszej p\u00f3\u0142ki kt\u00f3re gwarantuj\u0105 bardzo dobr\u0105 jako\u015b\u0107 d\u017awi\u0119ku. Ten model mo\u017ce by\u0107 w kr\u0119gu Twoich zainteresowa\u0144.<\/p>\n<p>Dobrze dobrane dobre s\u0142uchawki sprawdz\u0105 si\u0119 w r\u00f3\u017cnych sytuacjach i b\u0119d\u0105 idealnym uzupe\u0142nieniem Twojego smartfona (zobacz jaki <a style=\"color: red;\" href=\"https:\/\/taniabonament.pl\/telefony\/\">nowy telefon<\/a> mo\u017cesz kupi\u0107 dzisiaj w atrakcyjnej cenie), dzi\u0119ki czemu b\u0119dziesz komfortowo s\u0142ucha\u0107 ulubionej muzyki.<\/p>\n","protected":false},"excerpt":{"rendered":"<h3>Odpowiednie <span style='color: red;'>s\u0142uchawki<\/span> bezprzewodowe? <\/h3>\n<p> Cechy i zalety: <\/p>\n<ul style='padding-left: 10px; padding-bottom: 10px;'>\n<li style='padding-top: 10px;'>S\u0141UCHAWKI BEZPRZEWODOWE SAVIO TWS-03 TWS-03 Bezprzewodowe s\u0142uchawki Bluetooth SAVIO TWS-03 \u2013 komfortowe i lekkie s\u0142uchawki douszne SAVIO TWS-03 przeznaczone s\u0105 dla aktywnych os\u00f3b ceni\u0105cych sobie komfort i jako\u015b\u0107 d\u017awi\u0119ku podczas uprawiania sportu\n<li style='padding-top: 10px;'>Design i wygodne pa\u0142\u0105ki na uszy dobrze trzymaj\u0105 je w odpowiednich miejscach nawet podczas intensywnych \u0107wicze\u0144, a najnowsza wersja Bluetooth pozwala cieszy\u0107 si\u0119 najwy\u017cszej jako\u015bci d\u017awi\u0119kiem\n<li style='padding-top: 10px;'>S\u0142uchawki zosta\u0142y wyposa\u017cone w powi\u0119kszon\u0105 bateri\u0119, wyd\u0142u\u017caj\u0105c\u0105 czas pracy nawet do 5 godzin na jednym cyklu \u0142adowania\n<li style='padding-top: 10px;'>Ka\u017cda s\u0142uchawka posiada wbudowanego pilota z mikrofonem umo\u017cliwiaj\u0105cego korzystanie z najbardziej potrzebnych funkcji\n<li style='padding-top: 10px;'>CECHY Wersja Bluetooth: 5.0 Zasi\u0119g dzia\u0142ania: do 10 metr\u00f3w Czas pracy s\u0142uchawek na jednym cyklu \u0142adowania: do 5 godz\n<li style='padding-top: 10px;'>Czas \u0142adowania s\u0142uchawek: do 1,5 godz\n<li style='padding-top: 10px;'>Czas czuwania: do 100 godz\n<li style='padding-top: 10px;'>Impedancja: 32 \u03a9 Pasmo przenoszenia: 20 Hz \u2013 20 kHz Czu\u0142o\u015b\u0107: -38 db Wbudowany mikrofon: Tak Waga s\u0142uchawek: 18,8 g Klawisze funkcyjne umo\u017cliwiaj\u0105: w\u0142\u0105czenie\/wy\u0142\u0105czenie s\u0142uchawek, wyb\u00f3r nast\u0119pnego\/poprzedniego utworu, odtwarzanie\/pauza, zwi\u0119kszenie\/zmniejszenie g\u0142o\u015bno\u015bci, odbieranie\/odrzucanie po\u0142\u0105cze\u0144, po\u0142\u0105czenie z ostatnio wybranym numerem Zestaw zawiera: bezprzewodowe s\u0142uchawki Bluetooth, kabel do \u0142adowania, 3 pary wk\u0142adek dousznych, instrukcj\u0119 obs\u0142ugi<\/ul>\n","protected":false},"featured_media":11526,"comment_status":"closed","ping_status":"open","template":"","meta":[],"product_cat":[70,595],"product_tag":[],"class_list":{"0":"post-2403","1":"product","2":"type-product","3":"status-publish","5":"hentry","6":"product_cat-savio","7":"product_cat-sluchawki-bezprzewodowe","8":"pa_producent-savio","9":"pa_sklep-superwnetrze-pl"},"yoast_head":"<!-- This site is optimized with the Yoast SEO plugin v20.9 - https:\/\/yoast.com\/wordpress\/plugins\/seo\/ -->\n<title>s\u0142uchawki bezprzewodowe SAVIO - promocje na TaniAbonament.pl<\/title>\n<meta name=\"description\" content=\"S\u0142uchawki bezprzewodowe. Model SAVIO w atrakcyjnej cenie 83.24 PLN. Przedstawiamy s\u0142uchawki do pracy zdalnej i s\u0142uchania muzyki.\" \/>\n<meta name=\"robots\" content=\"index, follow, max-snippet:-1, max-image-preview:large, max-video-preview:-1\" \/>\n<link rel=\"canonical\" href=\"https:\/\/taniabonament.pl\/sluchawki\/model\/sluchawki-bezprzewodowe-savio-tws-03\/\" \/>\n<meta property=\"og:locale\" content=\"pl_PL\" \/>\n<meta property=\"og:type\" content=\"article\" \/>\n<meta property=\"og:title\" content=\"s\u0142uchawki bezprzewodowe SAVIO - promocje na TaniAbonament.pl\" \/>\n<meta property=\"og:description\" content=\"S\u0142uchawki bezprzewodowe. Model SAVIO w atrakcyjnej cenie 83.24 PLN. Przedstawiamy s\u0142uchawki do pracy zdalnej i s\u0142uchania muzyki.\" \/>\n<meta property=\"og:url\" content=\"https:\/\/taniabonament.pl\/sluchawki\/model\/sluchawki-bezprzewodowe-savio-tws-03\/\" \/>\n<meta property=\"og:site_name\" content=\"TaniAbonament.pl S\u0142uchawki\" \/>\n<meta property=\"article:modified_time\" content=\"2022-09-10T06:30:10+00:00\" \/>\n<meta property=\"og:image\" content=\"https:\/\/taniabonament.pl\/sluchawki\/wp-content\/uploads\/2022\/09\/238817a3dfb10826f80468c08ecae88a0be2e11a.jpg\" \/>\n\t<meta property=\"og:image:width\" content=\"900\" \/>\n\t<meta property=\"og:image:height\" content=\"900\" \/>\n\t<meta property=\"og:image:type\" content=\"image\/jpeg\" \/>\n<meta name=\"twitter:card\" content=\"summary_large_image\" \/>\n<meta name=\"twitter:label1\" content=\"Szacowany czas czytania\" \/>\n\t<meta name=\"twitter:data1\" content=\"1 minuta\" \/>\n<script type=\"application\/ld+json\" class=\"yoast-schema-graph\">{\"@context\":\"https:\/\/schema.org\",\"@graph\":[{\"@type\":\"WebPage\",\"@id\":\"https:\/\/taniabonament.pl\/sluchawki\/model\/sluchawki-bezprzewodowe-savio-tws-03\/\",\"url\":\"https:\/\/taniabonament.pl\/sluchawki\/model\/sluchawki-bezprzewodowe-savio-tws-03\/\",\"name\":\"s\u0142uchawki bezprzewodowe SAVIO - promocje na TaniAbonament.pl\",\"isPartOf\":{\"@id\":\"https:\/\/taniabonament.pl\/sluchawki\/#website\"},\"datePublished\":\"2022-09-10T06:30:02+00:00\",\"dateModified\":\"2022-09-10T06:30:10+00:00\",\"description\":\"S\u0142uchawki bezprzewodowe. Model SAVIO w atrakcyjnej cenie 83.24 PLN. Przedstawiamy s\u0142uchawki do pracy zdalnej i s\u0142uchania muzyki.\",\"breadcrumb\":{\"@id\":\"https:\/\/taniabonament.pl\/sluchawki\/model\/sluchawki-bezprzewodowe-savio-tws-03\/#breadcrumb\"},\"inLanguage\":\"pl-PL\",\"potentialAction\":[{\"@type\":\"ReadAction\",\"target\":[\"https:\/\/taniabonament.pl\/sluchawki\/model\/sluchawki-bezprzewodowe-savio-tws-03\/\"]}]},{\"@type\":\"BreadcrumbList\",\"@id\":\"https:\/\/taniabonament.pl\/sluchawki\/model\/sluchawki-bezprzewodowe-savio-tws-03\/#breadcrumb\",\"itemListElement\":[{\"@type\":\"ListItem\",\"position\":1,\"name\":\"Strona g\u0142\u00f3wna\",\"item\":\"https:\/\/taniabonament.pl\/sluchawki\/\"},{\"@type\":\"ListItem\",\"position\":2,\"name\":\"Sklep\",\"item\":\"https:\/\/taniabonament.pl\/sluchawki\/\"},{\"@type\":\"ListItem\",\"position\":3,\"name\":\"S\u0142uchawki bezprzewodowe savio tws-03\"}]},{\"@type\":\"WebSite\",\"@id\":\"https:\/\/taniabonament.pl\/sluchawki\/#website\",\"url\":\"https:\/\/taniabonament.pl\/sluchawki\/\",\"name\":\"TaniAbonament.pl S\u0142uchawki\",\"description\":\"\u015bwiat s\u0142uchawek idealnych do pracy zdalnej\",\"potentialAction\":[{\"@type\":\"SearchAction\",\"target\":{\"@type\":\"EntryPoint\",\"urlTemplate\":\"https:\/\/taniabonament.pl\/sluchawki\/?s={search_term_string}\"},\"query-input\":\"required name=search_term_string\"}],\"inLanguage\":\"pl-PL\"}]}<\/script>\n<!-- \/ Yoast SEO plugin. -->","yoast_head_json":{"title":"s\u0142uchawki bezprzewodowe SAVIO - promocje na TaniAbonament.pl","description":"S\u0142uchawki bezprzewodowe. Model SAVIO w atrakcyjnej cenie 83.24 PLN. Przedstawiamy s\u0142uchawki do pracy zdalnej i s\u0142uchania muzyki.","robots":{"index":"index","follow":"follow","max-snippet":"max-snippet:-1","max-image-preview":"max-image-preview:large","max-video-preview":"max-video-preview:-1"},"canonical":"https:\/\/taniabonament.pl\/sluchawki\/model\/sluchawki-bezprzewodowe-savio-tws-03\/","og_locale":"pl_PL","og_type":"article","og_title":"s\u0142uchawki bezprzewodowe SAVIO - promocje na TaniAbonament.pl","og_description":"S\u0142uchawki bezprzewodowe. Model SAVIO w atrakcyjnej cenie 83.24 PLN. Przedstawiamy s\u0142uchawki do pracy zdalnej i s\u0142uchania muzyki.","og_url":"https:\/\/taniabonament.pl\/sluchawki\/model\/sluchawki-bezprzewodowe-savio-tws-03\/","og_site_name":"TaniAbonament.pl S\u0142uchawki","article_modified_time":"2022-09-10T06:30:10+00:00","og_image":[{"width":900,"height":900,"url":"https:\/\/taniabonament.pl\/sluchawki\/wp-content\/uploads\/2022\/09\/238817a3dfb10826f80468c08ecae88a0be2e11a.jpg","type":"image\/jpeg"}],"twitter_card":"summary_large_image","twitter_misc":{"Szacowany czas czytania":"1 minuta"},"schema":{"@context":"https:\/\/schema.org","@graph":[{"@type":"WebPage","@id":"https:\/\/taniabonament.pl\/sluchawki\/model\/sluchawki-bezprzewodowe-savio-tws-03\/","url":"https:\/\/taniabonament.pl\/sluchawki\/model\/sluchawki-bezprzewodowe-savio-tws-03\/","name":"s\u0142uchawki bezprzewodowe SAVIO - promocje na TaniAbonament.pl","isPartOf":{"@id":"https:\/\/taniabonament.pl\/sluchawki\/#website"},"datePublished":"2022-09-10T06:30:02+00:00","dateModified":"2022-09-10T06:30:10+00:00","description":"S\u0142uchawki bezprzewodowe. Model SAVIO w atrakcyjnej cenie 83.24 PLN. Przedstawiamy s\u0142uchawki do pracy zdalnej i s\u0142uchania muzyki.","breadcrumb":{"@id":"https:\/\/taniabonament.pl\/sluchawki\/model\/sluchawki-bezprzewodowe-savio-tws-03\/#breadcrumb"},"inLanguage":"pl-PL","potentialAction":[{"@type":"ReadAction","target":["https:\/\/taniabonament.pl\/sluchawki\/model\/sluchawki-bezprzewodowe-savio-tws-03\/"]}]},{"@type":"BreadcrumbList","@id":"https:\/\/taniabonament.pl\/sluchawki\/model\/sluchawki-bezprzewodowe-savio-tws-03\/#breadcrumb","itemListElement":[{"@type":"ListItem","position":1,"name":"Strona g\u0142\u00f3wna","item":"https:\/\/taniabonament.pl\/sluchawki\/"},{"@type":"ListItem","position":2,"name":"Sklep","item":"https:\/\/taniabonament.pl\/sluchawki\/"},{"@type":"ListItem","position":3,"name":"S\u0142uchawki bezprzewodowe savio tws-03"}]},{"@type":"WebSite","@id":"https:\/\/taniabonament.pl\/sluchawki\/#website","url":"https:\/\/taniabonament.pl\/sluchawki\/","name":"TaniAbonament.pl S\u0142uchawki","description":"\u015bwiat s\u0142uchawek idealnych do pracy zdalnej","potentialAction":[{"@type":"SearchAction","target":{"@type":"EntryPoint","urlTemplate":"https:\/\/taniabonament.pl\/sluchawki\/?s={search_term_string}"},"query-input":"required name=search_term_string"}],"inLanguage":"pl-PL"}]}},"_links":{"self":[{"href":"https:\/\/taniabonament.pl\/sluchawki\/wp-json\/wp\/v2\/product\/2403","targetHints":{"allow":["GET"]}}],"collection":[{"href":"https:\/\/taniabonament.pl\/sluchawki\/wp-json\/wp\/v2\/product"}],"about":[{"href":"https:\/\/taniabonament.pl\/sluchawki\/wp-json\/wp\/v2\/types\/product"}],"replies":[{"embeddable":true,"href":"https:\/\/taniabonament.pl\/sluchawki\/wp-json\/wp\/v2\/comments?post=2403"}],"wp:featuredmedia":[{"embeddable":true,"href":"https:\/\/taniabonament.pl\/sluchawki\/wp-json\/wp\/v2\/media\/11526"}],"wp:attachment":[{"href":"https:\/\/taniabonament.pl\/sluchawki\/wp-json\/wp\/v2\/media?parent=2403"}],"wp:term":[{"taxonomy":"product_cat","embeddable":true,"href":"https:\/\/taniabonament.pl\/sluchawki\/wp-json\/wp\/v2\/product_cat?post=2403"},{"taxonomy":"product_tag","embeddable":true,"href":"https:\/\/taniabonament.pl\/sluchawki\/wp-json\/wp\/v2\/product_tag?post=2403"}],"curies":[{"name":"wp","href":"https:\/\/api.w.org\/{rel}","templated":true}]}}