{"id":1421,"date":"2021-05-14T21:24:04","date_gmt":"2021-05-14T21:24:04","guid":{"rendered":"https:\/\/taniabonament.pl\/sluchawki\/produkt\/epsilion-bt-sluchawki-bezprzewodowe-bluetooth-4-2-fm-mp3-skladana-konstrukcja-akumulator-litowy\/"},"modified":"2021-05-14T21:24:06","modified_gmt":"2021-05-14T21:24:06","slug":"epsilion-bt-sluchawki-bezprzewodowe-bluetooth-4-2-fm-mp3-skladana-konstrukcja-akumulator-litowy","status":"publish","type":"product","link":"https:\/\/taniabonament.pl\/sluchawki\/model\/epsilion-bt-sluchawki-bezprzewodowe-bluetooth-4-2-fm-mp3-skladana-konstrukcja-akumulator-litowy\/","title":{"rendered":"EPSILION BT &#8211; S\u0142uchawki bezprzewodowe Bluetooth 4.2, FM, MP3, sk\u0142adana konstrukcja, akumulator litowy"},"content":{"rendered":"<p><img decoding=\"async\" style=\"margin-right: 25px; margin-bottom: 10px; width: 220px;\" src=\"https:\/\/static.convertiser.com\/media\/product_images\/294\/e2afb472309dbac26276387653358cef\/5add820ee40a05e5ee1c07a763ca53a423c25098.jpg\" alt=\"s\u0142uchawki Media-Tech\" align=\"left\" \/><\/p>\n<h2>S\u0142uchawki marki Media-Tech<\/h2>\n<p>CENA ORYGINALNA: 46.99 PLN<\/p>\n<div style=\"font-weight: bold; font-size: 18px;\">\n<p>UWAGA <span style=\"color: red;\">MAMY RABATY!<\/span><\/p>\n<p>Szczeg\u00f3\u0142owe parametry takie jak dane techniczne, promocje sprawdzisz poni\u017cej w Akces-markt.pl. Przejd\u017a bezpo\u015brednio do tych s\u0142uchawek.<\/p>\n<p><span style=\"color: #fff; background-color: #000000; padding: 1px 7px;\"><strong>Media-Tech<\/strong><\/span><strong><span style=\"margin-left: 5px; color: #fff; background-color: red; padding: 1px 7px;\">46.99 PLN<\/span><\/strong><\/p>\n<p>&nbsp;<\/p>\n<p>&nbsp;<\/p>\n<\/div>\n<p style=\"text-align: center; padding-bottom: 15px;\"><a style=\"color: #fff; font-size: 22px; background-color: #e4144d; padding: 9px; border-radius: 7px; text-decoration: underline;\" href=\"https:\/\/converti.se\/click\/34590059-c70e8160-5f3ad5bd\/?deep_link=https%3A%2F%2Fakces-markt.pl%2Fpl%2Fp%2FEPSILION-BT-Sluchawki-bezprzewodowe-Bluetooth-4.2%252C-FM%252C-MP3%252C-skladana-konstrukcja%252C-akumulator-litowy%2F52080&#038;sid=sluchawki-bezp-bluetooth&#038;tag6=product&#038;tag8=e2afb472309dbac26276387653358cef&#038;tag9=EPSILION+BT+-+S%C5%82uchawki+bezprzewodowe+Bluetooth+4.2%2C+FM%2C+MP3%2C+sk%C5%82adana+konstrukcja%2C+akumulator+litowy\" target=\"_blank\" rel=\"nofollow noopener\">Kup w sklepie<\/a> <span style=\"font-size: 22px; padding-left: 10px;\">46.99 PLN<\/span><\/p>\n","protected":false},"excerpt":{"rendered":"<h3>Odpowiednie <span style='color: red;'>s\u0142uchawki<\/span> bezprzewodowe? <\/h3>\n<p> Cechy i zalety: <\/p>\n<ul style='padding-left: 10px; padding-bottom: 10px;'>\n<li style='padding-top: 10px;'>Media-Tech prezentuje wielofunkcyjne s\u0142uchawki Bluetooth 3.0 EPSILION BT MT3591 z wbudowanym mikrofonem, radiem FM oraz czytnikiem kart microSD\n<li style='padding-top: 10px;'>S\u0142uchawki te charakteryzuj\u0105 si\u0119 bardzo dobrym brzmieniem oraz bardzo wygodn\u0105 obs\u0142ug\u0105\n<li style='padding-top: 10px;'>S\u0142uchawki zasilane s\u0105 wytrzyma\u0142ym akumulatorem litowo-polimerowym\n<li style='padding-top: 10px;'>Czas odtwarzania muzyki na pe\u0142nym na\u0142adowaniu wynosi 4 godzin, dzi\u0119ki wykorzystaniu energooszcz\u0119dnej technologii Bluetooth 3.0\n<li style='padding-top: 10px;'>Zasi\u0119g s\u0142uchawek wynosi do 10m, dzi\u0119ki czemu podczas u\u017cytkowania smartfon mo\u017ce by\u0107 od\u0142o\u017cony w bezpieczne miejsce\n<li style='padding-top: 10px;'>EPSILION BT s\u0105 kompatybilne z komputerami, smartfonami, telewizorami wyposa\u017conymi w interfejs Bluetooth\n<li style='padding-top: 10px;'>Dzi\u0119ki umiejscowieniu przycisku odbierania\/zako\u0144czenia po\u0142\u0105czenia oraz przycisk\u00f3w regulacji g\u0142o\u015bno\u015bci i zarz\u0105dzania muzyk\u0105 obs\u0142uga urz\u0105dzenia EPSILION BT staje si\u0119 niezwykle prosta i intuicyjna\n<li style='padding-top: 10px;'>Dodatkow\u0105 zalet\u0105 MT3591 jest mo\u017cliwo\u015b\u0107 u\u017cytkowania ich, jako s\u0142uchawek przewodowych (wej\u015bcie jack in 3,5mm)\n<li style='padding-top: 10px;'>Ta funkcja idealnie sprawdza si\u0119 w przypadku roz\u0142adowanej baterii\n<li style='padding-top: 10px;'>Opr\u00f3cz tego EPSILION BT mog\u0105 dzia\u0142a\u0107 jako niezale\u017cne \u017ar\u00f3d\u0142o d\u017awi\u0119ku, wystarczy w\u0142o\u017cy\u0107 do nich kart\u0119 pami\u0119ci microSD (do 32GB) z ulubion\u0105 muzyk\u0105 lub w\u0142\u0105czy\u0107 radio FM by pos\u0142ucha\u0107 dost\u0119pnych stacji radiowych\n<li style='padding-top: 10px;'>S\u0142uchawki zosta\u0142y wyposa\u017cone w gniazdo microUSB\n<li style='padding-top: 10px;'>Jedn\u0105 \u0142adowark\u0105 na\u0142adujesz swojego smartfona i s\u0142uchawki EPSILION BT\n<li style='padding-top: 10px;'>Bezprzewodowe s\u0142uchawki bluetooth stereo Interfejs Bluetooth V4.2 z EDR Radio FM 87-108MHz Odtwarzacz MP3 z kart TF do 32GB Wbudowany wysokiej jako\u015bci mikrofon oraz g\u0142o\u015bniki Obs\u0142uga standard\u00f3w: A2DP, HSP, AVRCP Cz\u0119stotliwo\u015b\u0107 przenoszenia: 20Hz \u2013 20kHz Gniazdo typu jack 3,5mm LINE IN Sk\u0142adana konstrukcja Akumulator: Li-Polymer od 4 godzin dzia\u0142ania Czas \u0142adowania: ok 2 godzin Waga: 134g W razie potrzeby s\u0142uchawki mo\u017cna z\u0142o\u017cy\u0107 i schowa\u0107 do torby, tak by zajmowa\u0142y jak najmniej miejsca.<\/ul>\n","protected":false},"featured_media":9026,"comment_status":"closed","ping_status":"open","template":"","meta":[],"product_cat":[314,594],"product_tag":[],"class_list":{"0":"post-1421","1":"product","2":"type-product","3":"status-publish","5":"hentry","6":"product_cat-media-tech","7":"product_cat-sluchawki-bezprzewodowe-bluetooth","8":"pa_producent-media-tech","9":"pa_sklep-akces-markt-pl"},"yoast_head":"<!-- This site is optimized with the Yoast SEO plugin v20.9 - https:\/\/yoast.com\/wordpress\/plugins\/seo\/ -->\n<title>s\u0142uchawki bezprzewodowe Media-Tech bluetooth - w dobrej cenie 46.99 PLN<\/title>\n<meta name=\"description\" content=\"Akcesoria GSM \/ S\u0142uchawki \/ S\u0142uchawki bluetooth. Model Media-Tech w atrakcyjnej cenie 46.99 PLN. Przedstawiamy s\u0142uchawki do pracy zdalnej i s\u0142uchania muzyki.\" \/>\n<meta name=\"robots\" content=\"index, follow, max-snippet:-1, max-image-preview:large, max-video-preview:-1\" \/>\n<link rel=\"canonical\" href=\"https:\/\/taniabonament.pl\/sluchawki\/model\/epsilion-bt-sluchawki-bezprzewodowe-bluetooth-4-2-fm-mp3-skladana-konstrukcja-akumulator-litowy\/\" \/>\n<meta property=\"og:locale\" content=\"pl_PL\" \/>\n<meta property=\"og:type\" content=\"article\" \/>\n<meta property=\"og:title\" content=\"s\u0142uchawki bezprzewodowe Media-Tech bluetooth - w dobrej cenie 46.99 PLN\" \/>\n<meta property=\"og:description\" content=\"Akcesoria GSM \/ S\u0142uchawki \/ S\u0142uchawki bluetooth. Model Media-Tech w atrakcyjnej cenie 46.99 PLN. Przedstawiamy s\u0142uchawki do pracy zdalnej i s\u0142uchania muzyki.\" \/>\n<meta property=\"og:url\" content=\"https:\/\/taniabonament.pl\/sluchawki\/model\/epsilion-bt-sluchawki-bezprzewodowe-bluetooth-4-2-fm-mp3-skladana-konstrukcja-akumulator-litowy\/\" \/>\n<meta property=\"og:site_name\" content=\"TaniAbonament.pl S\u0142uchawki\" \/>\n<meta property=\"article:modified_time\" content=\"2021-05-14T21:24:06+00:00\" \/>\n<meta property=\"og:image\" content=\"https:\/\/taniabonament.pl\/sluchawki\/wp-content\/uploads\/2021\/05\/5add820ee40a05e5ee1c07a763ca53a423c25098-2.jpg\" \/>\n\t<meta property=\"og:image:width\" content=\"364\" \/>\n\t<meta property=\"og:image:height\" content=\"500\" \/>\n\t<meta property=\"og:image:type\" content=\"image\/jpeg\" \/>\n<meta name=\"twitter:card\" content=\"summary_large_image\" \/>\n<script type=\"application\/ld+json\" class=\"yoast-schema-graph\">{\"@context\":\"https:\/\/schema.org\",\"@graph\":[{\"@type\":\"WebPage\",\"@id\":\"https:\/\/taniabonament.pl\/sluchawki\/model\/epsilion-bt-sluchawki-bezprzewodowe-bluetooth-4-2-fm-mp3-skladana-konstrukcja-akumulator-litowy\/\",\"url\":\"https:\/\/taniabonament.pl\/sluchawki\/model\/epsilion-bt-sluchawki-bezprzewodowe-bluetooth-4-2-fm-mp3-skladana-konstrukcja-akumulator-litowy\/\",\"name\":\"s\u0142uchawki bezprzewodowe Media-Tech bluetooth - w dobrej cenie 46.99 PLN\",\"isPartOf\":{\"@id\":\"https:\/\/taniabonament.pl\/sluchawki\/#website\"},\"datePublished\":\"2021-05-14T21:24:04+00:00\",\"dateModified\":\"2021-05-14T21:24:06+00:00\",\"description\":\"Akcesoria GSM \/ S\u0142uchawki \/ S\u0142uchawki bluetooth. Model Media-Tech w atrakcyjnej cenie 46.99 PLN. Przedstawiamy s\u0142uchawki do pracy zdalnej i s\u0142uchania muzyki.\",\"breadcrumb\":{\"@id\":\"https:\/\/taniabonament.pl\/sluchawki\/model\/epsilion-bt-sluchawki-bezprzewodowe-bluetooth-4-2-fm-mp3-skladana-konstrukcja-akumulator-litowy\/#breadcrumb\"},\"inLanguage\":\"pl-PL\",\"potentialAction\":[{\"@type\":\"ReadAction\",\"target\":[\"https:\/\/taniabonament.pl\/sluchawki\/model\/epsilion-bt-sluchawki-bezprzewodowe-bluetooth-4-2-fm-mp3-skladana-konstrukcja-akumulator-litowy\/\"]}]},{\"@type\":\"BreadcrumbList\",\"@id\":\"https:\/\/taniabonament.pl\/sluchawki\/model\/epsilion-bt-sluchawki-bezprzewodowe-bluetooth-4-2-fm-mp3-skladana-konstrukcja-akumulator-litowy\/#breadcrumb\",\"itemListElement\":[{\"@type\":\"ListItem\",\"position\":1,\"name\":\"Strona g\u0142\u00f3wna\",\"item\":\"https:\/\/taniabonament.pl\/sluchawki\/\"},{\"@type\":\"ListItem\",\"position\":2,\"name\":\"Sklep\",\"item\":\"https:\/\/taniabonament.pl\/sluchawki\/\"},{\"@type\":\"ListItem\",\"position\":3,\"name\":\"EPSILION BT &#8211; S\u0142uchawki bezprzewodowe Bluetooth 4.2, FM, MP3, sk\u0142adana konstrukcja, akumulator litowy\"}]},{\"@type\":\"WebSite\",\"@id\":\"https:\/\/taniabonament.pl\/sluchawki\/#website\",\"url\":\"https:\/\/taniabonament.pl\/sluchawki\/\",\"name\":\"TaniAbonament.pl S\u0142uchawki\",\"description\":\"\u015bwiat s\u0142uchawek idealnych do pracy zdalnej\",\"potentialAction\":[{\"@type\":\"SearchAction\",\"target\":{\"@type\":\"EntryPoint\",\"urlTemplate\":\"https:\/\/taniabonament.pl\/sluchawki\/?s={search_term_string}\"},\"query-input\":\"required name=search_term_string\"}],\"inLanguage\":\"pl-PL\"}]}<\/script>\n<!-- \/ Yoast SEO plugin. -->","yoast_head_json":{"title":"s\u0142uchawki bezprzewodowe Media-Tech bluetooth - w dobrej cenie 46.99 PLN","description":"Akcesoria GSM \/ S\u0142uchawki \/ S\u0142uchawki bluetooth. Model Media-Tech w atrakcyjnej cenie 46.99 PLN. Przedstawiamy s\u0142uchawki do pracy zdalnej i s\u0142uchania muzyki.","robots":{"index":"index","follow":"follow","max-snippet":"max-snippet:-1","max-image-preview":"max-image-preview:large","max-video-preview":"max-video-preview:-1"},"canonical":"https:\/\/taniabonament.pl\/sluchawki\/model\/epsilion-bt-sluchawki-bezprzewodowe-bluetooth-4-2-fm-mp3-skladana-konstrukcja-akumulator-litowy\/","og_locale":"pl_PL","og_type":"article","og_title":"s\u0142uchawki bezprzewodowe Media-Tech bluetooth - w dobrej cenie 46.99 PLN","og_description":"Akcesoria GSM \/ S\u0142uchawki \/ S\u0142uchawki bluetooth. Model Media-Tech w atrakcyjnej cenie 46.99 PLN. Przedstawiamy s\u0142uchawki do pracy zdalnej i s\u0142uchania muzyki.","og_url":"https:\/\/taniabonament.pl\/sluchawki\/model\/epsilion-bt-sluchawki-bezprzewodowe-bluetooth-4-2-fm-mp3-skladana-konstrukcja-akumulator-litowy\/","og_site_name":"TaniAbonament.pl S\u0142uchawki","article_modified_time":"2021-05-14T21:24:06+00:00","og_image":[{"width":364,"height":500,"url":"https:\/\/taniabonament.pl\/sluchawki\/wp-content\/uploads\/2021\/05\/5add820ee40a05e5ee1c07a763ca53a423c25098-2.jpg","type":"image\/jpeg"}],"twitter_card":"summary_large_image","schema":{"@context":"https:\/\/schema.org","@graph":[{"@type":"WebPage","@id":"https:\/\/taniabonament.pl\/sluchawki\/model\/epsilion-bt-sluchawki-bezprzewodowe-bluetooth-4-2-fm-mp3-skladana-konstrukcja-akumulator-litowy\/","url":"https:\/\/taniabonament.pl\/sluchawki\/model\/epsilion-bt-sluchawki-bezprzewodowe-bluetooth-4-2-fm-mp3-skladana-konstrukcja-akumulator-litowy\/","name":"s\u0142uchawki bezprzewodowe Media-Tech bluetooth - w dobrej cenie 46.99 PLN","isPartOf":{"@id":"https:\/\/taniabonament.pl\/sluchawki\/#website"},"datePublished":"2021-05-14T21:24:04+00:00","dateModified":"2021-05-14T21:24:06+00:00","description":"Akcesoria GSM \/ S\u0142uchawki \/ S\u0142uchawki bluetooth. Model Media-Tech w atrakcyjnej cenie 46.99 PLN. Przedstawiamy s\u0142uchawki do pracy zdalnej i s\u0142uchania muzyki.","breadcrumb":{"@id":"https:\/\/taniabonament.pl\/sluchawki\/model\/epsilion-bt-sluchawki-bezprzewodowe-bluetooth-4-2-fm-mp3-skladana-konstrukcja-akumulator-litowy\/#breadcrumb"},"inLanguage":"pl-PL","potentialAction":[{"@type":"ReadAction","target":["https:\/\/taniabonament.pl\/sluchawki\/model\/epsilion-bt-sluchawki-bezprzewodowe-bluetooth-4-2-fm-mp3-skladana-konstrukcja-akumulator-litowy\/"]}]},{"@type":"BreadcrumbList","@id":"https:\/\/taniabonament.pl\/sluchawki\/model\/epsilion-bt-sluchawki-bezprzewodowe-bluetooth-4-2-fm-mp3-skladana-konstrukcja-akumulator-litowy\/#breadcrumb","itemListElement":[{"@type":"ListItem","position":1,"name":"Strona g\u0142\u00f3wna","item":"https:\/\/taniabonament.pl\/sluchawki\/"},{"@type":"ListItem","position":2,"name":"Sklep","item":"https:\/\/taniabonament.pl\/sluchawki\/"},{"@type":"ListItem","position":3,"name":"EPSILION BT &#8211; S\u0142uchawki bezprzewodowe Bluetooth 4.2, FM, MP3, sk\u0142adana konstrukcja, akumulator litowy"}]},{"@type":"WebSite","@id":"https:\/\/taniabonament.pl\/sluchawki\/#website","url":"https:\/\/taniabonament.pl\/sluchawki\/","name":"TaniAbonament.pl S\u0142uchawki","description":"\u015bwiat s\u0142uchawek idealnych do pracy zdalnej","potentialAction":[{"@type":"SearchAction","target":{"@type":"EntryPoint","urlTemplate":"https:\/\/taniabonament.pl\/sluchawki\/?s={search_term_string}"},"query-input":"required name=search_term_string"}],"inLanguage":"pl-PL"}]}},"_links":{"self":[{"href":"https:\/\/taniabonament.pl\/sluchawki\/wp-json\/wp\/v2\/product\/1421","targetHints":{"allow":["GET"]}}],"collection":[{"href":"https:\/\/taniabonament.pl\/sluchawki\/wp-json\/wp\/v2\/product"}],"about":[{"href":"https:\/\/taniabonament.pl\/sluchawki\/wp-json\/wp\/v2\/types\/product"}],"replies":[{"embeddable":true,"href":"https:\/\/taniabonament.pl\/sluchawki\/wp-json\/wp\/v2\/comments?post=1421"}],"wp:featuredmedia":[{"embeddable":true,"href":"https:\/\/taniabonament.pl\/sluchawki\/wp-json\/wp\/v2\/media\/9026"}],"wp:attachment":[{"href":"https:\/\/taniabonament.pl\/sluchawki\/wp-json\/wp\/v2\/media?parent=1421"}],"wp:term":[{"taxonomy":"product_cat","embeddable":true,"href":"https:\/\/taniabonament.pl\/sluchawki\/wp-json\/wp\/v2\/product_cat?post=1421"},{"taxonomy":"product_tag","embeddable":true,"href":"https:\/\/taniabonament.pl\/sluchawki\/wp-json\/wp\/v2\/product_tag?post=1421"}],"curies":[{"name":"wp","href":"https:\/\/api.w.org\/{rel}","templated":true}]}}