{"id":11479,"date":"2022-09-10T06:29:49","date_gmt":"2022-09-10T06:29:49","guid":{"rendered":"https:\/\/taniabonament.pl\/sluchawki\/model\/baseus-encok-w2-sluchawki-bezprzewodowe-tws-bluetooth-5-0-ipx4-eol\/"},"modified":"2022-09-10T06:29:52","modified_gmt":"2022-09-10T06:29:52","slug":"baseus-encok-w2-sluchawki-bezprzewodowe-tws-bluetooth-5-0-ipx4-eol","status":"publish","type":"product","link":"https:\/\/taniabonament.pl\/sluchawki\/model\/baseus-encok-w2-sluchawki-bezprzewodowe-tws-bluetooth-5-0-ipx4-eol\/","title":{"rendered":"Baseus Encok W2 | S\u0142uchawki bezprzewodowe TWS Bluetooth 5.0 IPX4 EOL"},"content":{"rendered":"<p><img decoding=\"async\" style=\"margin-right: 25px; margin-bottom: 10px; width: 220px;\" src=\"https:\/\/static.convertiser.com\/media\/product_images\/349\/d596cf163596ef36f1e02015e5950c81\/48386c1323540e59a726cf16daf81119c5758ae1.jpg\" alt=\"s\u0142uchawki Baseus - EOL\" align=\"left\" \/><\/p>\n<h2>S\u0142uchawki marki Baseus &#8211; EOL<\/h2>\n<p>CENA ORYGINALNA: 229.0 PLN<\/p>\n<div style=\"font-weight: bold; font-size: 18px;\">\n<p>UWAGA <span style=\"color: red;\">MAMY RABATY!<\/span><\/p>\n<p>Szczeg\u00f3\u0142owe parametry takie jak dane techniczne, promocje sprawdzisz poni\u017cej w E-baseus. Przejd\u017a bezpo\u015brednio do tych s\u0142uchawek.<\/p>\n<p><span style=\"color: #fff; background-color: #000000; padding: 1px 7px;\"><strong>Baseus &#8211; EOL<\/strong><\/span><strong><span style=\"margin-left: 5px; color: #fff; background-color: red; padding: 1px 7px;\">229.0 PLN<\/span><\/strong><\/p>\n<\/div>\n<p style=\"text-align: center; padding-bottom: 15px; padding-top: 10px;\"><a style=\"color: #fff; font-size: 22px; background-color: #e4144d; padding: 9px; border-radius: 7px; text-decoration: underline;\" href=\"https:\/\/converti.se\/click\/34590059-c70e8160-5f3bd1b8\/?deep_link=https%3A%2F%2Fe-baseus.com%2Fproduct-pol-3675-Baseus-Encok-W2-Sluchawki-bezprzewodowe-TWS-Bluetooth-5-0-IPX4-EOL-uniw.googleshoppingpl.html&#038;sid=sluchawki-bezprzewodowe&#038;tag6=product&#038;tag8=d596cf163596ef36f1e02015e5950c81&#038;tag9=Baseus+Encok+W2+%7C+S%C5%82uchawki+bezprzewodowe+TWS+Bluetooth+5.0+IPX4+EOL\" target=\"_blank\" rel=\"nofollow noopener\">Sprawd\u017a Szczeg\u00f3\u0142y<\/a> <span style=\"font-size: 22px; padding-left: 10px;\">183.2 PLN<\/span><\/p>\n<p style=\"text-align: center;\">DZI\u0118KUJEMY, \u017ce jeste\u015b z nami!<br \/>\nzapami\u0119taj najlepsze s\u0142uchawki znajdziesz na TaniAbonament.pl\/sluchawki\/<\/p>\n<p style=\"text-align: center;\">odwiedzaj nas cz\u0119\u015bciej \ud83d\ude42<\/p>\n<h3>Jakie s\u0142uchawki wybra\u0107?<\/h3>\n<p>Musisz wiedzie\u0107, \u017ce <a style=\"color: red;\" href=\"https:\/\/taniabonament.pl\/sluchawki\/\">dobre s\u0142uchawki<\/a> powinny by\u0107 przede wszystkim wygodne. Na rynku dost\u0119pne s\u0105 r\u00f3\u017cne modele, od s\u0142uchawek dousznych jak i s\u0142uchawek bardziej klasycznych &#8211; zakrywaj\u0105cych ca\u0142e uszy. Wyb\u00f3r odpowiedniego modelu zale\u017cy od ka\u017cdego nas i od potrzeb kt\u00f3re po prostu mamy. Dodatkow\u0105 wygod\u0105 jest tak\u017ce transmisja bezprzewodowa, realizowana g\u0142\u00f3wnie za po\u015brednictwem modu\u0142u bluetooth, to si\u0119 sprawdza na co dzie\u0144.<\/p>\n<p>Ceny poszczeg\u00f3lnych modeli mog\u0105 by\u0107 r\u00f3\u017cne, od najta\u0144szych kt\u00f3re zapewniaj\u0105 nazwijmy to podstawowy ods\u0142uch, po modele s\u0142uchawek z wy\u017cszej p\u00f3\u0142ki kt\u00f3re gwarantuj\u0105 bardzo dobr\u0105 jako\u015b\u0107 d\u017awi\u0119ku. Ten model mo\u017ce by\u0107 w kr\u0119gu Twoich zainteresowa\u0144.<\/p>\n<p>Dobrze dobrane dobre s\u0142uchawki sprawdz\u0105 si\u0119 w r\u00f3\u017cnych sytuacjach i b\u0119d\u0105 idealnym uzupe\u0142nieniem Twojego smartfona (zobacz jaki <a style=\"color: red;\" href=\"https:\/\/taniabonament.pl\/telefony\/\">nowy telefon<\/a> mo\u017cesz kupi\u0107 dzisiaj w atrakcyjnej cenie), dzi\u0119ki czemu b\u0119dziesz komfortowo s\u0142ucha\u0107 ulubionej muzyki.<\/p>\n","protected":false},"excerpt":{"rendered":"<h3>Odpowiednie <span style='color: red;'>s\u0142uchawki<\/span> bezprzewodowe? <\/h3>\n<p> Cechy i zalety: <\/p>\n<ul style='padding-left: 10px; padding-bottom: 10px;'>\n<li style='padding-top: 10px;'>Encok W2Lekkie, wygodne i funkcjonalne s\u0142uchawki &#8211; zapewniaj\u0105 doskona\u0142\u0105 jako\u015b\u0107 d\u017awi\u0119ku.\u00a0Aby po\u0142\u0105czy\u0107 si\u0119 z telefonem lub innym urz\u0105dzeniem, zestaw zosta\u0142 wyposa\u017cony w modu\u0142 Bluetooth 5.0.Mikrofony MEMS mog\u0105 inteligentnie przechwytywa\u0107 i wzmacnia\u0107 d\u017awi\u0119k z mikrofon\u00f3w, aby zapewni\u0107 wyra\u017an\u0105 i wydajn\u0105 komunikacj\u0119 w metrze, centrach handlowych i innych ha\u0142a\u015bliwych miejscach.Ruchome cewki i membrany 13mm o wysokiej wytrzyma\u0142o\u015bci zapewniaj\u0105 g\u0142\u0119boki d\u017awi\u0119k o niskiej cz\u0119stotliwo\u015bci i wyra\u017any d\u017awi\u0119k o wysokiej cz\u0119stotliwo\u015bci\n<li style='padding-top: 10px;'>Zoptymalizowana redukcja d\u017awi\u0119k\u00f3w natychmiast redukuje ha\u0142as otoczenia.W pe\u0142ni na\u0142adowane s\u0142uchawki gwarantuj\u0105 mo\u017cliwo\u015b\u0107 korzystania z nich nawet przez 4 godziny\n<li style='padding-top: 10px;'>Do\u0142\u0105czone etui wyd\u0142u\u017cy ten czas do 24 godzin.S\u0142uchawki posiadaj\u0105 sterowanie dotykowe\n<li style='padding-top: 10px;'>Wystarczy dotkn\u0105\u0107 wk\u0142adek dousznych opuszkami palc\u00f3w i odebra\u0107 po\u0142\u0105czenie, aktywowa\u0107 asystenta g\u0142osowego lub zmieni\u0107 utw\u00f3r\n<li style='padding-top: 10px;'>Stopie\u0144 wodoodporno\u015bci IPX4 chroni je przed deszczem i kurzem.Aplikacja Baseus Smart automatycznie zarejestruje po\u0142o\u017cenie ostatnio od\u0142\u0105czonych s\u0142uchawek i pozwoli je zlokalizowa\u0107\n<li style='padding-top: 10px;'>Umo\u017cliwi r\u00f3wnie\u017c sprawdzenie stanu po\u0142\u0105czenia i pozosta\u0142\u0105 moc baterii w aplikacji.Parametry:Model: Encok True Wireless Earphones W3Kolor: czarnyMateria\u0142: ABS + PCWersja Bluetooth: V5.0Odleg\u0142o\u015b\u0107 komunikacyjna: 10 mCzas czuwania: 300 godzinCzas muzyki: 4 godzin (70% g\u0142o\u015bno\u015bci]Czas s\u0142uchania muzyki z etui: 18-24godzinPojemno\u015b\u0107 baterii:35mAh\/ 0.126 Wh (s\u0142uchawka)450mAh \/ 1.665 Wh (etui)Czas \u0142adowania: 1,5hZakres odpowiedzi cz\u0119stotliwo\u015bci: 20Hz-20KHz\u0141adowanie: kabel Type-CKompatybilno\u015b\u0107: wszystkie urz\u0105dzenia z funkcj\u0105 BluetoothKod producenta: NGW2-01D\u017awi\u0119kBaseus pracowa\u0142 nad jako\u015bci\u0105 d\u017awi\u0119ku i osi\u0105gn\u0105\u0142 imponuj\u0105ce wyniki\n<li style='padding-top: 10px;'>S\u0142uchawki zosta\u0142y wyposa\u017cone w 13-milimetrowe membrany r\u00f3wnowa\u017c\u0105ce wysokie, \u015brednie i niskie cz\u0119stotliwo\u015bci\n<li style='padding-top: 10px;'>Zoptymalizowana technologia redukcji ha\u0142asu pomo\u017ce znacznie zmniejszy\u0107 ha\u0142as w otoczeniu i zapewni komunikacj\u0119 wysokiej jako\u015bci.Dzi\u0119ki technologii Bluetooth 5.0 mo\u017cesz przesy\u0142a\u0107 strumieniowo muzyk\u0119 ze smartfon\u00f3w, tablet\u00f3w lub innych urz\u0105dze\u0144 w promieniu 10m.Zoptymalizowany algorytm kodowania i dekodowania d\u017awi\u0119ku bezprzewodowego zapewnia synchronizacj\u0119 w czasie rzeczywistym, unikaj\u0105c op\u00f3\u017anie\u0144 podczas grania i ogl\u0105dania.MikrofonWbudowane mikrofony MEMs wysokiej rozdzielczo\u015bci zapewniaj\u0105 p\u0142ynn\u0105 komunikacj\u0119\n<li style='padding-top: 10px;'>Technologia redukcji ha\u0142asu eliminuje zak\u0142\u00f3caj\u0105cy szum w tle, gdziekolwiek jeste\u015b\n<li style='padding-top: 10px;'>Tw\u00f3j g\u0142os brzmi czysto i profesjonalnie,\u00a0p\u0142ynnie przechodz\u0105c mi\u0119dzy \u015brodowiskami, w pomieszczeniu lub na zewn\u0105trz.Wsz\u0119dzie jest dobre miejsce do rozmowy.Funkcjonalno\u015b\u0107Dotykowe przyciski steruj\u0105ce umo\u017cliwiaj\u0105 w\u0142\u0105czanie \/ wy\u0142\u0105czanie s\u0142uchawek, aktywowanie asystenta g\u0142osowego, odtwarzanie \/ wstrzymywanie d\u017awi\u0119ku, odbieranie \/ ko\u0144czenie po\u0142\u0105cze\u0144.S\u0105 niezwykle funkcjonalne by sprosta\u0107 wszystkie Twoje wymagania.Stopie\u0144 wodoodporno\u015bci IPX4 chroni je przed deszczem i kurzem.Je\u015bli nie b\u0119dziesz m\u00f3g\u0142 znale\u017a\u0107 swoich s\u0142uchawek, z pomoc\u0105 przyjdzie aplikacja Smart Control kt\u00f3ra wy\u015bwietli ich lokalizacj\u0119 na mapie\n<li style='padding-top: 10px;'>W aplikacji sprawdzi\u0107 r\u00f3wnie\u017c poziom na\u0142adowanie baterii s\u0142uchawek.WykonanieDzi\u0119ki ergonomicznemu kszta\u0142towi s\u0142uchawki \u015bci\u015ble i delikatnie dopasowuj\u0105 si\u0119 do ucha, zapewniaj\u0105c wysokiej jako\u015bci d\u017awi\u0119k i wygod\u0119 nawet po kilku godzinach s\u0142uchania.S\u0105 niezwykle lekkie &#8211; ka\u017cda s\u0142uchawka wa\u017cy zaledwie 4g.Do zestawu zosta\u0142o do\u0142\u0105czone etui do \u0142adowania, przenoszenia i przechowywania s\u0142uchawek.Ka\u017cda s\u0142uchawka posiada wbudowan\u0105 bateri\u0119 o pojemno\u015bci 35mAh co zapewnia oko\u0142o 4h ci\u0105<\/ul>\n","protected":false},"featured_media":11480,"comment_status":"closed","ping_status":"open","template":"","meta":[],"product_cat":[863,595],"product_tag":[],"class_list":{"0":"post-11479","1":"product","2":"type-product","3":"status-publish","5":"hentry","6":"product_cat-baseus-eol","7":"product_cat-sluchawki-bezprzewodowe","8":"pa_producent-baseus-eol","9":"pa_sklep-e-baseus"},"yoast_head":"<!-- This site is optimized with the Yoast SEO plugin v20.9 - https:\/\/yoast.com\/wordpress\/plugins\/seo\/ -->\n<title>s\u0142uchawki bezprzewodowe Baseus - EOL - promocje na TaniAbonament.pl<\/title>\n<meta name=\"description\" content=\"S\u0142uchawki bezprzewodowe. Model Baseus - EOL w atrakcyjnej cenie 229.0 PLN. Przedstawiamy s\u0142uchawki do pracy zdalnej i s\u0142uchania muzyki.\" \/>\n<meta name=\"robots\" content=\"index, follow, max-snippet:-1, max-image-preview:large, max-video-preview:-1\" \/>\n<link rel=\"canonical\" href=\"https:\/\/taniabonament.pl\/sluchawki\/model\/baseus-encok-w2-sluchawki-bezprzewodowe-tws-bluetooth-5-0-ipx4-eol\/\" \/>\n<meta property=\"og:locale\" content=\"pl_PL\" \/>\n<meta property=\"og:type\" content=\"article\" \/>\n<meta property=\"og:title\" content=\"s\u0142uchawki bezprzewodowe Baseus - EOL - promocje na TaniAbonament.pl\" \/>\n<meta property=\"og:description\" content=\"S\u0142uchawki bezprzewodowe. Model Baseus - EOL w atrakcyjnej cenie 229.0 PLN. Przedstawiamy s\u0142uchawki do pracy zdalnej i s\u0142uchania muzyki.\" \/>\n<meta property=\"og:url\" content=\"https:\/\/taniabonament.pl\/sluchawki\/model\/baseus-encok-w2-sluchawki-bezprzewodowe-tws-bluetooth-5-0-ipx4-eol\/\" \/>\n<meta property=\"og:site_name\" content=\"TaniAbonament.pl S\u0142uchawki\" \/>\n<meta property=\"article:modified_time\" content=\"2022-09-10T06:29:52+00:00\" \/>\n<meta property=\"og:image\" content=\"https:\/\/taniabonament.pl\/sluchawki\/wp-content\/uploads\/2022\/09\/48386c1323540e59a726cf16daf81119c5758ae1.jpg\" \/>\n\t<meta property=\"og:image:width\" content=\"600\" \/>\n\t<meta property=\"og:image:height\" content=\"600\" \/>\n\t<meta property=\"og:image:type\" content=\"image\/jpeg\" \/>\n<meta name=\"twitter:card\" content=\"summary_large_image\" \/>\n<meta name=\"twitter:label1\" content=\"Szacowany czas czytania\" \/>\n\t<meta name=\"twitter:data1\" content=\"1 minuta\" \/>\n<script type=\"application\/ld+json\" class=\"yoast-schema-graph\">{\"@context\":\"https:\/\/schema.org\",\"@graph\":[{\"@type\":\"WebPage\",\"@id\":\"https:\/\/taniabonament.pl\/sluchawki\/model\/baseus-encok-w2-sluchawki-bezprzewodowe-tws-bluetooth-5-0-ipx4-eol\/\",\"url\":\"https:\/\/taniabonament.pl\/sluchawki\/model\/baseus-encok-w2-sluchawki-bezprzewodowe-tws-bluetooth-5-0-ipx4-eol\/\",\"name\":\"s\u0142uchawki bezprzewodowe Baseus - EOL - promocje na TaniAbonament.pl\",\"isPartOf\":{\"@id\":\"https:\/\/taniabonament.pl\/sluchawki\/#website\"},\"datePublished\":\"2022-09-10T06:29:49+00:00\",\"dateModified\":\"2022-09-10T06:29:52+00:00\",\"description\":\"S\u0142uchawki bezprzewodowe. Model Baseus - EOL w atrakcyjnej cenie 229.0 PLN. Przedstawiamy s\u0142uchawki do pracy zdalnej i s\u0142uchania muzyki.\",\"breadcrumb\":{\"@id\":\"https:\/\/taniabonament.pl\/sluchawki\/model\/baseus-encok-w2-sluchawki-bezprzewodowe-tws-bluetooth-5-0-ipx4-eol\/#breadcrumb\"},\"inLanguage\":\"pl-PL\",\"potentialAction\":[{\"@type\":\"ReadAction\",\"target\":[\"https:\/\/taniabonament.pl\/sluchawki\/model\/baseus-encok-w2-sluchawki-bezprzewodowe-tws-bluetooth-5-0-ipx4-eol\/\"]}]},{\"@type\":\"BreadcrumbList\",\"@id\":\"https:\/\/taniabonament.pl\/sluchawki\/model\/baseus-encok-w2-sluchawki-bezprzewodowe-tws-bluetooth-5-0-ipx4-eol\/#breadcrumb\",\"itemListElement\":[{\"@type\":\"ListItem\",\"position\":1,\"name\":\"Strona g\u0142\u00f3wna\",\"item\":\"https:\/\/taniabonament.pl\/sluchawki\/\"},{\"@type\":\"ListItem\",\"position\":2,\"name\":\"Sklep\",\"item\":\"https:\/\/taniabonament.pl\/sluchawki\/\"},{\"@type\":\"ListItem\",\"position\":3,\"name\":\"Baseus Encok W2 | S\u0142uchawki bezprzewodowe TWS Bluetooth 5.0 IPX4 EOL\"}]},{\"@type\":\"WebSite\",\"@id\":\"https:\/\/taniabonament.pl\/sluchawki\/#website\",\"url\":\"https:\/\/taniabonament.pl\/sluchawki\/\",\"name\":\"TaniAbonament.pl S\u0142uchawki\",\"description\":\"\u015bwiat s\u0142uchawek idealnych do pracy zdalnej\",\"potentialAction\":[{\"@type\":\"SearchAction\",\"target\":{\"@type\":\"EntryPoint\",\"urlTemplate\":\"https:\/\/taniabonament.pl\/sluchawki\/?s={search_term_string}\"},\"query-input\":\"required name=search_term_string\"}],\"inLanguage\":\"pl-PL\"}]}<\/script>\n<!-- \/ Yoast SEO plugin. -->","yoast_head_json":{"title":"s\u0142uchawki bezprzewodowe Baseus - EOL - promocje na TaniAbonament.pl","description":"S\u0142uchawki bezprzewodowe. Model Baseus - EOL w atrakcyjnej cenie 229.0 PLN. Przedstawiamy s\u0142uchawki do pracy zdalnej i s\u0142uchania muzyki.","robots":{"index":"index","follow":"follow","max-snippet":"max-snippet:-1","max-image-preview":"max-image-preview:large","max-video-preview":"max-video-preview:-1"},"canonical":"https:\/\/taniabonament.pl\/sluchawki\/model\/baseus-encok-w2-sluchawki-bezprzewodowe-tws-bluetooth-5-0-ipx4-eol\/","og_locale":"pl_PL","og_type":"article","og_title":"s\u0142uchawki bezprzewodowe Baseus - EOL - promocje na TaniAbonament.pl","og_description":"S\u0142uchawki bezprzewodowe. Model Baseus - EOL w atrakcyjnej cenie 229.0 PLN. Przedstawiamy s\u0142uchawki do pracy zdalnej i s\u0142uchania muzyki.","og_url":"https:\/\/taniabonament.pl\/sluchawki\/model\/baseus-encok-w2-sluchawki-bezprzewodowe-tws-bluetooth-5-0-ipx4-eol\/","og_site_name":"TaniAbonament.pl S\u0142uchawki","article_modified_time":"2022-09-10T06:29:52+00:00","og_image":[{"width":600,"height":600,"url":"https:\/\/taniabonament.pl\/sluchawki\/wp-content\/uploads\/2022\/09\/48386c1323540e59a726cf16daf81119c5758ae1.jpg","type":"image\/jpeg"}],"twitter_card":"summary_large_image","twitter_misc":{"Szacowany czas czytania":"1 minuta"},"schema":{"@context":"https:\/\/schema.org","@graph":[{"@type":"WebPage","@id":"https:\/\/taniabonament.pl\/sluchawki\/model\/baseus-encok-w2-sluchawki-bezprzewodowe-tws-bluetooth-5-0-ipx4-eol\/","url":"https:\/\/taniabonament.pl\/sluchawki\/model\/baseus-encok-w2-sluchawki-bezprzewodowe-tws-bluetooth-5-0-ipx4-eol\/","name":"s\u0142uchawki bezprzewodowe Baseus - EOL - promocje na TaniAbonament.pl","isPartOf":{"@id":"https:\/\/taniabonament.pl\/sluchawki\/#website"},"datePublished":"2022-09-10T06:29:49+00:00","dateModified":"2022-09-10T06:29:52+00:00","description":"S\u0142uchawki bezprzewodowe. Model Baseus - EOL w atrakcyjnej cenie 229.0 PLN. Przedstawiamy s\u0142uchawki do pracy zdalnej i s\u0142uchania muzyki.","breadcrumb":{"@id":"https:\/\/taniabonament.pl\/sluchawki\/model\/baseus-encok-w2-sluchawki-bezprzewodowe-tws-bluetooth-5-0-ipx4-eol\/#breadcrumb"},"inLanguage":"pl-PL","potentialAction":[{"@type":"ReadAction","target":["https:\/\/taniabonament.pl\/sluchawki\/model\/baseus-encok-w2-sluchawki-bezprzewodowe-tws-bluetooth-5-0-ipx4-eol\/"]}]},{"@type":"BreadcrumbList","@id":"https:\/\/taniabonament.pl\/sluchawki\/model\/baseus-encok-w2-sluchawki-bezprzewodowe-tws-bluetooth-5-0-ipx4-eol\/#breadcrumb","itemListElement":[{"@type":"ListItem","position":1,"name":"Strona g\u0142\u00f3wna","item":"https:\/\/taniabonament.pl\/sluchawki\/"},{"@type":"ListItem","position":2,"name":"Sklep","item":"https:\/\/taniabonament.pl\/sluchawki\/"},{"@type":"ListItem","position":3,"name":"Baseus Encok W2 | S\u0142uchawki bezprzewodowe TWS Bluetooth 5.0 IPX4 EOL"}]},{"@type":"WebSite","@id":"https:\/\/taniabonament.pl\/sluchawki\/#website","url":"https:\/\/taniabonament.pl\/sluchawki\/","name":"TaniAbonament.pl S\u0142uchawki","description":"\u015bwiat s\u0142uchawek idealnych do pracy zdalnej","potentialAction":[{"@type":"SearchAction","target":{"@type":"EntryPoint","urlTemplate":"https:\/\/taniabonament.pl\/sluchawki\/?s={search_term_string}"},"query-input":"required name=search_term_string"}],"inLanguage":"pl-PL"}]}},"_links":{"self":[{"href":"https:\/\/taniabonament.pl\/sluchawki\/wp-json\/wp\/v2\/product\/11479","targetHints":{"allow":["GET"]}}],"collection":[{"href":"https:\/\/taniabonament.pl\/sluchawki\/wp-json\/wp\/v2\/product"}],"about":[{"href":"https:\/\/taniabonament.pl\/sluchawki\/wp-json\/wp\/v2\/types\/product"}],"replies":[{"embeddable":true,"href":"https:\/\/taniabonament.pl\/sluchawki\/wp-json\/wp\/v2\/comments?post=11479"}],"wp:featuredmedia":[{"embeddable":true,"href":"https:\/\/taniabonament.pl\/sluchawki\/wp-json\/wp\/v2\/media\/11480"}],"wp:attachment":[{"href":"https:\/\/taniabonament.pl\/sluchawki\/wp-json\/wp\/v2\/media?parent=11479"}],"wp:term":[{"taxonomy":"product_cat","embeddable":true,"href":"https:\/\/taniabonament.pl\/sluchawki\/wp-json\/wp\/v2\/product_cat?post=11479"},{"taxonomy":"product_tag","embeddable":true,"href":"https:\/\/taniabonament.pl\/sluchawki\/wp-json\/wp\/v2\/product_tag?post=11479"}],"curies":[{"name":"wp","href":"https:\/\/api.w.org\/{rel}","templated":true}]}}