{"id":11348,"date":"2022-09-10T06:29:49","date_gmt":"2022-09-10T06:29:49","guid":{"rendered":"https:\/\/taniabonament.pl\/sluchawki\/model\/sluchawki-bezprzewodowe-lenovo-hd200-czarne\/"},"modified":"2022-09-10T06:29:49","modified_gmt":"2022-09-10T06:29:49","slug":"sluchawki-bezprzewodowe-lenovo-hd200-czarne","status":"publish","type":"product","link":"https:\/\/taniabonament.pl\/sluchawki\/model\/sluchawki-bezprzewodowe-lenovo-hd200-czarne\/","title":{"rendered":"S\u0142uchawki bezprzewodowe Lenovo HD200 (czarne)"},"content":{"rendered":"<p><img decoding=\"async\" style=\"margin-right: 25px; margin-bottom: 10px; width: 220px;\" src=\"https:\/\/static.convertiser.com\/media\/product_images\/294\/cf95ef4ac413f5eab9296ef9f56ffb72\/7af55c3941dcc6775a79ab0ba4fc77b80aaf41d5.webp\" alt=\"s\u0142uchawki Lenovo\" align=\"left\" \/><\/p>\n<h2>S\u0142uchawki marki Lenovo<\/h2>\n<p>CENA ORYGINALNA: 129.0 PLN<\/p>\n<div style=\"font-weight: bold; font-size: 18px;\">\n<p>UWAGA <span style=\"color: red;\">MAMY RABATY!<\/span><\/p>\n<p>Szczeg\u00f3\u0142owe parametry takie jak dane techniczne, promocje sprawdzisz poni\u017cej w Akces-markt.pl. Przejd\u017a bezpo\u015brednio do tych s\u0142uchawek.<\/p>\n<p><span style=\"color: #fff; background-color: #000000; padding: 1px 7px;\"><strong>Lenovo<\/strong><\/span><strong><span style=\"margin-left: 5px; color: #fff; background-color: red; padding: 1px 7px;\">129.0 PLN<\/span><\/strong><\/p>\n<\/div>\n<p style=\"text-align: center; padding-bottom: 15px; padding-top: 10px;\"><a style=\"color: #fff; font-size: 22px; background-color: #e4144d; padding: 9px; border-radius: 7px; text-decoration: underline;\" href=\"https:\/\/converti.se\/click\/34590059-c70e8160-5f3ad5bd\/?deep_link=https%3A%2F%2Fakces-markt.pl%2Fpl%2Fp%2FSluchawki-bezprzewodowe-Lenovo-HD200-czarne%2F147972&#038;sid=sluchawki-bezprzewodowe&#038;tag6=product&#038;tag8=cf95ef4ac413f5eab9296ef9f56ffb72&#038;tag9=S%C5%82uchawki+bezprzewodowe+Lenovo+HD200+%28czarne%29\" target=\"_blank\" rel=\"nofollow noopener\">Sprawd\u017a Szczeg\u00f3\u0142y<\/a> <span style=\"font-size: 22px; padding-left: 10px;\">129.0 PLN<\/span><\/p>\n<p style=\"text-align: center;\">DZI\u0118KUJEMY, \u017ce jeste\u015b z nami!<br \/>\nzapami\u0119taj najlepsze s\u0142uchawki znajdziesz na TaniAbonament.pl\/sluchawki\/<\/p>\n<p style=\"text-align: center;\">odwiedzaj nas cz\u0119\u015bciej \ud83d\ude42<\/p>\n<h3>Jakie s\u0142uchawki wybra\u0107?<\/h3>\n<p>Musisz wiedzie\u0107, \u017ce <a style=\"color: red;\" href=\"https:\/\/taniabonament.pl\/sluchawki\/\">dobre s\u0142uchawki<\/a> powinny by\u0107 przede wszystkim wygodne. Na rynku dost\u0119pne s\u0105 r\u00f3\u017cne modele, od s\u0142uchawek dousznych jak i s\u0142uchawek bardziej klasycznych &#8211; zakrywaj\u0105cych ca\u0142e uszy. Wyb\u00f3r odpowiedniego modelu zale\u017cy od ka\u017cdego nas i od potrzeb kt\u00f3re po prostu mamy. Dodatkow\u0105 wygod\u0105 jest tak\u017ce transmisja bezprzewodowa, realizowana g\u0142\u00f3wnie za po\u015brednictwem modu\u0142u bluetooth, to si\u0119 sprawdza na co dzie\u0144.<\/p>\n<p>Ceny poszczeg\u00f3lnych modeli mog\u0105 by\u0107 r\u00f3\u017cne, od najta\u0144szych kt\u00f3re zapewniaj\u0105 nazwijmy to podstawowy ods\u0142uch, po modele s\u0142uchawek z wy\u017cszej p\u00f3\u0142ki kt\u00f3re gwarantuj\u0105 bardzo dobr\u0105 jako\u015b\u0107 d\u017awi\u0119ku. Ten model mo\u017ce by\u0107 w kr\u0119gu Twoich zainteresowa\u0144.<\/p>\n<p>Dobrze dobrane dobre s\u0142uchawki sprawdz\u0105 si\u0119 w r\u00f3\u017cnych sytuacjach i b\u0119d\u0105 idealnym uzupe\u0142nieniem Twojego smartfona (zobacz jaki <a style=\"color: red;\" href=\"https:\/\/taniabonament.pl\/telefony\/\">nowy telefon<\/a> mo\u017cesz kupi\u0107 dzisiaj w atrakcyjnej cenie), dzi\u0119ki czemu b\u0119dziesz komfortowo s\u0142ucha\u0107 ulubionej muzyki.<\/p>\n","protected":false},"excerpt":{"rendered":"<h3>Odpowiednie <span style='color: red;'>s\u0142uchawki<\/span> bezprzewodowe? <\/h3>\n<p> Cechy i zalety: <\/p>\n<ul style='padding-left: 10px; padding-bottom: 10px;'>\n<li style='padding-top: 10px;'>Bezprzewodowe s\u0142uchawki nauszne Lenovo HD200Wygodnie s\u0142uchaj muzyki i graj w gry\n<li style='padding-top: 10px;'>S\u0142uchawki bezprzewodowe Lenovo HD200 zapewniaj\u0105 \u015bwietnej jako\u015bci d\u017awi\u0119k przestrzenny oraz niezawodne po\u0142\u0105czenie Bluetooth 5.0\n<li style='padding-top: 10px;'>Wyr\u00f3\u017cnia je tak\u017ce czas pracy do 20 godzin na jednym \u0142adowaniu\n<li style='padding-top: 10px;'>S\u0105 kompatybilne z wi\u0119kszo\u015bci\u0105 popularnych urz\u0105dze\u0144 i niezwykle wygodne\n<li style='padding-top: 10px;'>Ich obs\u0142ug\u0119 u\u0142atwiaj\u0105 wbudowane przyciski.\u00a0Fantastyczna jako\u015b\u0107 d\u017awi\u0119kuOdkryj swoje ulubione piosenki w lepszej jako\u015bci lub jeszcze bardziej zanurz si\u0119 w rozgrywce\n<li style='padding-top: 10px;'>S\u0142uchawki Lenovo HD200 zosta\u0142y wyposa\u017cone w przetworniki 40 mm, dzi\u0119ki kt\u00f3rym mog\u0105 zapewni\u0107 zachwycaj\u0105cy, bogaty w szczeg\u00f3\u0142y d\u017awi\u0119k przestrzenny\n<li style='padding-top: 10px;'>Ciesz si\u0119 wi\u0119ksz\u0105 immersj\u0105 i poczuj si\u0119 jak bohater swojej ulubionej gry!\u00a0Szybsze po\u0142\u0105czenieDzi\u0119ki zaawansowanemu \u0142\u0105czu Bluetooth 5.0 s\u0142uchawki gwarantuj\u0105 szybk\u0105 i stabiln\u0105 transmisj\u0119 sygna\u0142u o zasi\u0119gu nawet 10 m\n<li style='padding-top: 10px;'>Ju\u017c nie musisz si\u0119 obawia\u0107, \u017ce niespodziewane op\u00f3\u017anienia lub zacinanie si\u0119 zepsuj\u0105 Ci rozgrywk\u0119! Mo\u017cesz te\u017c pod\u0142\u0105czy\u0107 HD200 przewodowo, za pomoc\u0105 wchodz\u0105cego w sk\u0142ad zestawu kabla audio 3,5 mm.\u00a0D\u0142ugi czas pracyPo\u017cegnaj konieczno\u015b\u0107 cz\u0119stego \u0142adowania s\u0142uchawek\n<li style='padding-top: 10px;'>HD200 maj\u0105 wbudowany wytrzyma\u0142y akumulator, dzi\u0119ki kt\u00f3remu w pe\u0142ni na\u0142adowane mog\u0105 pracowa\u0107 do 20 godzin lub do 300 godzin w trybie czuwania\n<li style='padding-top: 10px;'>Ich \u0142adowanie jest niesamowicie szybkie &#8211; aby przywr\u00f3ci\u0107 im pe\u0142ni\u0119 mocy, wystarczy oko\u0142o 1,5-2 godziny!\u00a0Szeroka kompatybilno\u015b\u0107S\u0142uchawki wyr\u00f3\u017cniaj\u0105 si\u0119 tak\u017ce uniwersaln\u0105 kompatybilno\u015bci\u0105\n<li style='padding-top: 10px;'>Bez problemu sparujesz je na przyk\u0142ad ze smartfonem, tabletem, laptopem lub innym urz\u0105dzeniem cyfrowym\n<li style='padding-top: 10px;'>Doskonale wsp\u00f3\u0142pracuj\u0105 z najbardziej popularnymi systemami takimi jak na przyk\u0142ad Android czy iOS.\u00a0Ulepszona konstrukcjaHD200 zapewni\u0105 Ci wymarzony komfort u\u017cytkowania\n<li style='padding-top: 10px;'>Mi\u0119kkie nauszniki wykonane z przyjaznych dla sk\u00f3ry materia\u0142\u00f3w \u015bwietnie przylegaj\u0105 do uszu i izoluj\u0105 odg\u0142osy z zewn\u0105trz\n<li style='padding-top: 10px;'>S\u0142uchawki s\u0105 jednak nie tylko wygodne, ale te\u017c niesamowicie stylowe\n<li style='padding-top: 10px;'>Co wi\u0119cej, sk\u0142adana konstrukcja u\u0142atwia ich transport i przechowywanie.\u00a0Praktyczne przyciskiProdukt zosta\u0142 wyposa\u017cony w praktyczne przyciski, kt\u00f3re zapewniaj\u0105 wygodny dost\u0119p do ich najwa\u017cniejszych funkcji\n<li style='padding-top: 10px;'>Teraz wystarczy kilka klikni\u0119\u0107, aby na przyk\u0142ad dostosowa\u0107 g\u0142o\u015bno\u015b\u0107, wy\u0142\u0105czy\u0107 s\u0142uchawki lub prze\u0142\u0105czy\u0107 piosenk\u0119\n<li style='padding-top: 10px;'>Ju\u017c nie musisz za ka\u017cdym razem si\u0119ga\u0107 po telefon!\u00a0W zestawieS\u0142uchawkiKabel audio 3,5 mmKabel \u0142adowania USBInstrukcja obs\u0142ugi\u00a0Specyfikacja\u00a0ProducentLenovoModelHD200Wersja Bluetooth5.0Pojemno\u015b\u0107 akumulatora500 mAhCzas pracyDo 20 hCzas pracy w trybie czuwaniaDo 300 hPrzetwornik40 mmCzu\u0142o\u015b\u0107105 dBZasi\u0119gDo 10 m<\/ul>\n","protected":false},"featured_media":11468,"comment_status":"closed","ping_status":"open","template":"","meta":[],"product_cat":[171,595],"product_tag":[],"class_list":{"0":"post-11348","1":"product","2":"type-product","3":"status-publish","5":"hentry","6":"product_cat-lenovo","7":"product_cat-sluchawki-bezprzewodowe","8":"pa_producent-lenovo","9":"pa_sklep-akces-markt-pl"},"yoast_head":"<!-- This site is optimized with the Yoast SEO plugin v20.9 - https:\/\/yoast.com\/wordpress\/plugins\/seo\/ -->\n<title>s\u0142uchawki bezprzewodowe Lenovo - promocje na TaniAbonament.pl<\/title>\n<meta name=\"description\" content=\"S\u0142uchawki bezprzewodowe. Model Lenovo w atrakcyjnej cenie 129.0 PLN. Przedstawiamy s\u0142uchawki do pracy zdalnej i s\u0142uchania muzyki.\" \/>\n<meta name=\"robots\" content=\"index, follow, max-snippet:-1, max-image-preview:large, max-video-preview:-1\" \/>\n<link rel=\"canonical\" href=\"https:\/\/taniabonament.pl\/sluchawki\/model\/sluchawki-bezprzewodowe-lenovo-hd200-czarne\/\" \/>\n<meta property=\"og:locale\" content=\"pl_PL\" \/>\n<meta property=\"og:type\" content=\"article\" \/>\n<meta property=\"og:title\" content=\"s\u0142uchawki bezprzewodowe Lenovo - promocje na TaniAbonament.pl\" \/>\n<meta property=\"og:description\" content=\"S\u0142uchawki bezprzewodowe. Model Lenovo w atrakcyjnej cenie 129.0 PLN. Przedstawiamy s\u0142uchawki do pracy zdalnej i s\u0142uchania muzyki.\" \/>\n<meta property=\"og:url\" content=\"https:\/\/taniabonament.pl\/sluchawki\/model\/sluchawki-bezprzewodowe-lenovo-hd200-czarne\/\" \/>\n<meta property=\"og:site_name\" content=\"TaniAbonament.pl S\u0142uchawki\" \/>\n<meta property=\"og:image\" content=\"https:\/\/taniabonament.pl\/sluchawki\/wp-content\/uploads\/2022\/09\/7af55c3941dcc6775a79ab0ba4fc77b80aaf41d5.webp\" \/>\n\t<meta property=\"og:image:width\" content=\"500\" \/>\n\t<meta property=\"og:image:height\" content=\"500\" \/>\n\t<meta property=\"og:image:type\" content=\"image\/jpeg\" \/>\n<meta name=\"twitter:card\" content=\"summary_large_image\" \/>\n<meta name=\"twitter:label1\" content=\"Szacowany czas czytania\" \/>\n\t<meta name=\"twitter:data1\" content=\"1 minuta\" \/>\n<script type=\"application\/ld+json\" class=\"yoast-schema-graph\">{\"@context\":\"https:\/\/schema.org\",\"@graph\":[{\"@type\":\"WebPage\",\"@id\":\"https:\/\/taniabonament.pl\/sluchawki\/model\/sluchawki-bezprzewodowe-lenovo-hd200-czarne\/\",\"url\":\"https:\/\/taniabonament.pl\/sluchawki\/model\/sluchawki-bezprzewodowe-lenovo-hd200-czarne\/\",\"name\":\"s\u0142uchawki bezprzewodowe Lenovo - promocje na TaniAbonament.pl\",\"isPartOf\":{\"@id\":\"https:\/\/taniabonament.pl\/sluchawki\/#website\"},\"datePublished\":\"2022-09-10T06:29:49+00:00\",\"dateModified\":\"2022-09-10T06:29:49+00:00\",\"description\":\"S\u0142uchawki bezprzewodowe. Model Lenovo w atrakcyjnej cenie 129.0 PLN. Przedstawiamy s\u0142uchawki do pracy zdalnej i s\u0142uchania muzyki.\",\"breadcrumb\":{\"@id\":\"https:\/\/taniabonament.pl\/sluchawki\/model\/sluchawki-bezprzewodowe-lenovo-hd200-czarne\/#breadcrumb\"},\"inLanguage\":\"pl-PL\",\"potentialAction\":[{\"@type\":\"ReadAction\",\"target\":[\"https:\/\/taniabonament.pl\/sluchawki\/model\/sluchawki-bezprzewodowe-lenovo-hd200-czarne\/\"]}]},{\"@type\":\"BreadcrumbList\",\"@id\":\"https:\/\/taniabonament.pl\/sluchawki\/model\/sluchawki-bezprzewodowe-lenovo-hd200-czarne\/#breadcrumb\",\"itemListElement\":[{\"@type\":\"ListItem\",\"position\":1,\"name\":\"Strona g\u0142\u00f3wna\",\"item\":\"https:\/\/taniabonament.pl\/sluchawki\/\"},{\"@type\":\"ListItem\",\"position\":2,\"name\":\"Sklep\",\"item\":\"https:\/\/taniabonament.pl\/sluchawki\/\"},{\"@type\":\"ListItem\",\"position\":3,\"name\":\"S\u0142uchawki bezprzewodowe Lenovo HD200 (czarne)\"}]},{\"@type\":\"WebSite\",\"@id\":\"https:\/\/taniabonament.pl\/sluchawki\/#website\",\"url\":\"https:\/\/taniabonament.pl\/sluchawki\/\",\"name\":\"TaniAbonament.pl S\u0142uchawki\",\"description\":\"\u015bwiat s\u0142uchawek idealnych do pracy zdalnej\",\"potentialAction\":[{\"@type\":\"SearchAction\",\"target\":{\"@type\":\"EntryPoint\",\"urlTemplate\":\"https:\/\/taniabonament.pl\/sluchawki\/?s={search_term_string}\"},\"query-input\":\"required name=search_term_string\"}],\"inLanguage\":\"pl-PL\"}]}<\/script>\n<!-- \/ Yoast SEO plugin. -->","yoast_head_json":{"title":"s\u0142uchawki bezprzewodowe Lenovo - promocje na TaniAbonament.pl","description":"S\u0142uchawki bezprzewodowe. Model Lenovo w atrakcyjnej cenie 129.0 PLN. Przedstawiamy s\u0142uchawki do pracy zdalnej i s\u0142uchania muzyki.","robots":{"index":"index","follow":"follow","max-snippet":"max-snippet:-1","max-image-preview":"max-image-preview:large","max-video-preview":"max-video-preview:-1"},"canonical":"https:\/\/taniabonament.pl\/sluchawki\/model\/sluchawki-bezprzewodowe-lenovo-hd200-czarne\/","og_locale":"pl_PL","og_type":"article","og_title":"s\u0142uchawki bezprzewodowe Lenovo - promocje na TaniAbonament.pl","og_description":"S\u0142uchawki bezprzewodowe. Model Lenovo w atrakcyjnej cenie 129.0 PLN. Przedstawiamy s\u0142uchawki do pracy zdalnej i s\u0142uchania muzyki.","og_url":"https:\/\/taniabonament.pl\/sluchawki\/model\/sluchawki-bezprzewodowe-lenovo-hd200-czarne\/","og_site_name":"TaniAbonament.pl S\u0142uchawki","og_image":[{"width":500,"height":500,"url":"https:\/\/taniabonament.pl\/sluchawki\/wp-content\/uploads\/2022\/09\/7af55c3941dcc6775a79ab0ba4fc77b80aaf41d5.webp","type":"image\/jpeg"}],"twitter_card":"summary_large_image","twitter_misc":{"Szacowany czas czytania":"1 minuta"},"schema":{"@context":"https:\/\/schema.org","@graph":[{"@type":"WebPage","@id":"https:\/\/taniabonament.pl\/sluchawki\/model\/sluchawki-bezprzewodowe-lenovo-hd200-czarne\/","url":"https:\/\/taniabonament.pl\/sluchawki\/model\/sluchawki-bezprzewodowe-lenovo-hd200-czarne\/","name":"s\u0142uchawki bezprzewodowe Lenovo - promocje na TaniAbonament.pl","isPartOf":{"@id":"https:\/\/taniabonament.pl\/sluchawki\/#website"},"datePublished":"2022-09-10T06:29:49+00:00","dateModified":"2022-09-10T06:29:49+00:00","description":"S\u0142uchawki bezprzewodowe. Model Lenovo w atrakcyjnej cenie 129.0 PLN. Przedstawiamy s\u0142uchawki do pracy zdalnej i s\u0142uchania muzyki.","breadcrumb":{"@id":"https:\/\/taniabonament.pl\/sluchawki\/model\/sluchawki-bezprzewodowe-lenovo-hd200-czarne\/#breadcrumb"},"inLanguage":"pl-PL","potentialAction":[{"@type":"ReadAction","target":["https:\/\/taniabonament.pl\/sluchawki\/model\/sluchawki-bezprzewodowe-lenovo-hd200-czarne\/"]}]},{"@type":"BreadcrumbList","@id":"https:\/\/taniabonament.pl\/sluchawki\/model\/sluchawki-bezprzewodowe-lenovo-hd200-czarne\/#breadcrumb","itemListElement":[{"@type":"ListItem","position":1,"name":"Strona g\u0142\u00f3wna","item":"https:\/\/taniabonament.pl\/sluchawki\/"},{"@type":"ListItem","position":2,"name":"Sklep","item":"https:\/\/taniabonament.pl\/sluchawki\/"},{"@type":"ListItem","position":3,"name":"S\u0142uchawki bezprzewodowe Lenovo HD200 (czarne)"}]},{"@type":"WebSite","@id":"https:\/\/taniabonament.pl\/sluchawki\/#website","url":"https:\/\/taniabonament.pl\/sluchawki\/","name":"TaniAbonament.pl S\u0142uchawki","description":"\u015bwiat s\u0142uchawek idealnych do pracy zdalnej","potentialAction":[{"@type":"SearchAction","target":{"@type":"EntryPoint","urlTemplate":"https:\/\/taniabonament.pl\/sluchawki\/?s={search_term_string}"},"query-input":"required name=search_term_string"}],"inLanguage":"pl-PL"}]}},"_links":{"self":[{"href":"https:\/\/taniabonament.pl\/sluchawki\/wp-json\/wp\/v2\/product\/11348","targetHints":{"allow":["GET"]}}],"collection":[{"href":"https:\/\/taniabonament.pl\/sluchawki\/wp-json\/wp\/v2\/product"}],"about":[{"href":"https:\/\/taniabonament.pl\/sluchawki\/wp-json\/wp\/v2\/types\/product"}],"replies":[{"embeddable":true,"href":"https:\/\/taniabonament.pl\/sluchawki\/wp-json\/wp\/v2\/comments?post=11348"}],"wp:featuredmedia":[{"embeddable":true,"href":"https:\/\/taniabonament.pl\/sluchawki\/wp-json\/wp\/v2\/media\/11468"}],"wp:attachment":[{"href":"https:\/\/taniabonament.pl\/sluchawki\/wp-json\/wp\/v2\/media?parent=11348"}],"wp:term":[{"taxonomy":"product_cat","embeddable":true,"href":"https:\/\/taniabonament.pl\/sluchawki\/wp-json\/wp\/v2\/product_cat?post=11348"},{"taxonomy":"product_tag","embeddable":true,"href":"https:\/\/taniabonament.pl\/sluchawki\/wp-json\/wp\/v2\/product_tag?post=11348"}],"curies":[{"name":"wp","href":"https:\/\/api.w.org\/{rel}","templated":true}]}}