{"id":10996,"date":"2022-09-10T06:29:28","date_gmt":"2022-09-10T06:29:28","guid":{"rendered":"https:\/\/taniabonament.pl\/sluchawki\/model\/baseus-w11-sluchawki-bezprzewodowe-bluetooth-5-0-tws-ipx4-qi\/"},"modified":"2022-09-10T06:29:30","modified_gmt":"2022-09-10T06:29:30","slug":"baseus-w11-sluchawki-bezprzewodowe-bluetooth-5-0-tws-ipx4-qi","status":"publish","type":"product","link":"https:\/\/taniabonament.pl\/sluchawki\/model\/baseus-w11-sluchawki-bezprzewodowe-bluetooth-5-0-tws-ipx4-qi\/","title":{"rendered":"Baseus W11 | S\u0142uchawki bezprzewodowe Bluetooth 5.0 TWS IPX4 Qi"},"content":{"rendered":"<p><img decoding=\"async\" style=\"margin-right: 25px; margin-bottom: 10px; width: 220px;\" src=\"https:\/\/static.convertiser.com\/media\/product_images\/349\/b77557587f6b3e2051a33a40d8b8c431\/f8a6f040ee308c680f020682732bfc8313dcdc2e.jpg\" alt=\"s\u0142uchawki Baseus\" align=\"left\" \/><\/p>\n<h2>S\u0142uchawki marki Baseus<\/h2>\n<p>CENA ORYGINALNA: 169.0 PLN<\/p>\n<div style=\"font-weight: bold; font-size: 18px;\">\n<p>UWAGA <span style=\"color: red;\">MAMY RABATY!<\/span><\/p>\n<p>Szczeg\u00f3\u0142owe parametry takie jak dane techniczne, promocje sprawdzisz poni\u017cej w E-baseus. Przejd\u017a bezpo\u015brednio do tych s\u0142uchawek.<\/p>\n<p><span style=\"color: #fff; background-color: #000000; padding: 1px 7px;\"><strong>Baseus<\/strong><\/span><strong><span style=\"margin-left: 5px; color: #fff; background-color: red; padding: 1px 7px;\">169.0 PLN<\/span><\/strong><\/p>\n<\/div>\n<p style=\"text-align: center; padding-bottom: 15px; padding-top: 10px;\"><a style=\"color: #fff; font-size: 22px; background-color: #e4144d; padding: 9px; border-radius: 7px; text-decoration: underline;\" href=\"https:\/\/converti.se\/click\/34590059-c70e8160-5f3bd1b8\/?deep_link=https%3A%2F%2Fe-baseus.com%2Fproduct-pol-3844-Baseus-W11-Sluchawki-bezprzewodowe-Bluetooth-5-0-TWS-IPX4-Qi-uniw.googleshoppingpl.html&#038;sid=sluchawki-bezprzewodowe&#038;tag6=product&#038;tag8=b77557587f6b3e2051a33a40d8b8c431&#038;tag9=Baseus+W11+%7C+S%C5%82uchawki+bezprzewodowe+Bluetooth+5.0+TWS+IPX4+Qi\" target=\"_blank\" rel=\"nofollow noopener\">Sprawd\u017a Szczeg\u00f3\u0142y<\/a> <span style=\"font-size: 22px; padding-left: 10px;\"><\/span><\/p>\n<p style=\"text-align: center;\">DZI\u0118KUJEMY, \u017ce jeste\u015b z nami!<br \/>\nzapami\u0119taj najlepsze s\u0142uchawki znajdziesz na TaniAbonament.pl\/sluchawki\/<\/p>\n<p style=\"text-align: center;\">odwiedzaj nas cz\u0119\u015bciej \ud83d\ude42<\/p>\n<h3>Jakie s\u0142uchawki wybra\u0107?<\/h3>\n<p>Musisz wiedzie\u0107, \u017ce <a style=\"color: red;\" href=\"https:\/\/taniabonament.pl\/sluchawki\/\">dobre s\u0142uchawki<\/a> powinny by\u0107 przede wszystkim wygodne. Na rynku dost\u0119pne s\u0105 r\u00f3\u017cne modele, od s\u0142uchawek dousznych jak i s\u0142uchawek bardziej klasycznych &#8211; zakrywaj\u0105cych ca\u0142e uszy. Wyb\u00f3r odpowiedniego modelu zale\u017cy od ka\u017cdego nas i od potrzeb kt\u00f3re po prostu mamy. Dodatkow\u0105 wygod\u0105 jest tak\u017ce transmisja bezprzewodowa, realizowana g\u0142\u00f3wnie za po\u015brednictwem modu\u0142u bluetooth, to si\u0119 sprawdza na co dzie\u0144.<\/p>\n<p>Ceny poszczeg\u00f3lnych modeli mog\u0105 by\u0107 r\u00f3\u017cne, od najta\u0144szych kt\u00f3re zapewniaj\u0105 nazwijmy to podstawowy ods\u0142uch, po modele s\u0142uchawek z wy\u017cszej p\u00f3\u0142ki kt\u00f3re gwarantuj\u0105 bardzo dobr\u0105 jako\u015b\u0107 d\u017awi\u0119ku. Ten model mo\u017ce by\u0107 w kr\u0119gu Twoich zainteresowa\u0144.<\/p>\n<p>Dobrze dobrane dobre s\u0142uchawki sprawdz\u0105 si\u0119 w r\u00f3\u017cnych sytuacjach i b\u0119d\u0105 idealnym uzupe\u0142nieniem Twojego smartfona (zobacz jaki <a style=\"color: red;\" href=\"https:\/\/taniabonament.pl\/telefony\/\">nowy telefon<\/a> mo\u017cesz kupi\u0107 dzisiaj w atrakcyjnej cenie), dzi\u0119ki czemu b\u0119dziesz komfortowo s\u0142ucha\u0107 ulubionej muzyki.<\/p>\n","protected":false},"excerpt":{"rendered":"<h3>Odpowiednie <span style='color: red;'>s\u0142uchawki<\/span> bezprzewodowe? <\/h3>\n<p> Cechy i zalety: <\/p>\n<ul style='padding-left: 10px; padding-bottom: 10px;'>\n<li style='padding-top: 10px;'>W11Lekkie i wygodne, wodoszczelne s\u0142uchawki bezprzewodowe\n<li style='padding-top: 10px;'>Zaprojektowane z my\u015bl\u0105 o sportowcach\n<li style='padding-top: 10px;'>Wykorzystuj\u0105 technologi\u0119 Bluetooth 5.0 zapewniaj\u0105c niezawodne po\u0142\u0105czenie oraz nieprzerwany d\u017awi\u0119k.S\u0142uchawki pewnie przylegaj\u0105 do uszu i pozwalaj\u0105 cieszy\u0107 si\u0119 muzyk\u0105 przez ca\u0142y dzie\u0144\n<li style='padding-top: 10px;'>Ca\u0142kowity brak kabli zapewni Ci pe\u0142n\u0105 swobod\u0119 ruch\u00f3w.Kompaktowa i stylowa obudowa \u0142aduj\u0105ca zabezpiecza s\u0142uchawki przed zgubieniem\n<li style='padding-top: 10px;'>Na\u0142adujemy j\u0105 kablem Type-C lub bezprzewodowo.Opcja szybkiego \u0142adowania pozwoli zapewni\u0107 wystarczaj\u0105c\u0105 ilo\u015b\u0107 energii na 4 godziny ci\u0105g\u0142ego s\u0142uchania muzyki w zaledwie 10 minut.Wbudowany uk\u0142ad wyeliminuje niepo\u017c\u0105dane d\u017awi\u0119ki, niezale\u017cnie od tego, czy jeste\u015b w autobusie czy w poczekalni\n<li style='padding-top: 10px;'>Ha\u0142as przestanie by\u0107 przeszkod\u0105 i zanurzysz si\u0119 w d\u017awi\u0119ku jak nigdy dot\u0105d.Ciesz si\u0119 bogatszymi tonami, wyra\u017aniejszym wokalem i g\u0142\u0119bszym basem dzi\u0119ki dynamicznemu przetwornikowi 10mm i kodekom\u00a0AAC\/SBC.Przyciski steruj\u0105ce umo\u017cliwi\u0105 Ci w\u0142\u0105czanie \/ wy\u0142\u0105czanie s\u0142uchawek, aktywowanie asystenta g\u0142osowego, odtwarzanie \/ wstrzymywanie d\u017awi\u0119ku, odbieranie \/ ko\u0144czenie po\u0142\u0105cze\u0144.Dodatkowo aplikacja Baseus umo\u017cliwi nam spersonalizowanie funkcji przycisk\u00f3w,\u00a0odczytanie ostatniego po\u0142o\u017cenia s\u0142uchawek i nawigowanie\u00a0oraz w\u0142\u0105czenie alarmu w s\u0142uchawkach w celu ich odnalezienia.Niezwykle funkcjonalne by sprosta\u0107 wszystkim Twoim wymaganiom.Parametry:Model: True Wireless Earphones W11Kolor: czarnyMateria\u0142: ABS + PCWersja Bluetooth: V5.0Komunikacja: 10mCzas muzyki: ok 4h (70% g\u0142o\u015bno\u015bci)Czas \u0142adowania: 1hCzas \u0142adowania indukcyjnego: 2hCz\u0119stotliwo\u015b\u0107: 20Hz-20kHzZ\u0142\u0105cze: Type-CKompatybilno\u015b\u0107: wszystkie urz\u0105dzenia z funkcj\u0105 BluetoothKod producenta: NGTW060001Najwa\u017cniejsze zalety:Aplikacja do lokalizowania ostatniego po\u0142o\u017cenia s\u0142uchawek.S\u0142uchawki s\u0105 kompatybilne z \u0142adowaniem magnetycznym bezprzewodowym.Wszystkie elementy steruj\u0105ce s\u0105 intuicyjne i znajduj\u0105 si\u0119 na samych s\u0142uchawkach.S\u0142uchawki mog\u0105 pracowa\u0107 nieprzerwanie przez 4 godzin.Szybkie \u0142adowanie (1h przewodowo, 2h bezprzewodowo).Obudowa, kt\u00f3ra s\u0142u\u017cy r\u00f3wnie\u017c jako \u017ar\u00f3d\u0142o zasilania.Idealnie dopasowanie do ma\u0142\u017cowiny usznej zapewniaj\u0105 dodatkowy komfort i izolacj\u0119 akustyczn\u0105.Wodoszczelno\u015b\u0107 na poziomie IPX4.Bluetooth 5.0.Wsparcie asystenta g\u0142osowego.D\u017awi\u0119kBaseus pracowa\u0142 nad jako\u015bci\u0105 d\u017awi\u0119ku i osi\u0105gn\u0105\u0142 imponuj\u0105ce wyniki\n<li style='padding-top: 10px;'>S\u0142uchawki pozwol\u0105 Ci poczu\u0107 pe\u0142en realizm ka\u017cdej brzmi\u0105cej nuty.Efekt izoluj\u0105cy pozwala cieszy\u0107 si\u0119 czystym d\u017awi\u0119kiem na najwy\u017cszym poziomie\n<li style='padding-top: 10px;'>Posiadaj\u0105 bogatsze tony, wyra\u017aniejszy wokal i g\u0142\u0119bszy bas dzi\u0119ki dynamicznemu przetwornikowi 10 mm.Stabilne po\u0142\u0105czenie Bluetooth 5.0Dzi\u0119ki\u00a0technologii Bluetooth 5.0\u00a0mo\u017cesz przesy\u0142a\u0107 strumieniowo muzyk\u0119 ze smartfon\u00f3w, tablet\u00f3w lub innych urz\u0105dze\u0144 obs\u0142uguj\u0105cych technologi\u0119 Bluetooth\u00a0w promieniu 10m.Nowa generacja chip\u00f3w\u00a0oferuje szybsze po\u0142\u0105czenie, mniejsze zu\u017cycie energii oraz stabiln\u0105 i szybk\u0105 transmisj\u0119 d\u017awi\u0119ku.Po pierwszym u\u017cyciu s\u0142uchawki natychmiast \u0142\u0105cz\u0105 si\u0119 ze smartfonem, gdy tylko wyjmiesz je z etui\n<li style='padding-top: 10px;'>Nie musisz czeka\u0107 &#8211; po prostu za\u0142\u00f3\u017c s\u0142uchawki i s\u0142uchaj ulubionej muzyki.WykonanieDzi\u0119ki ergonomicznemu kszta\u0142towi i dodatkowym nak\u0142adkom w czterech r\u00f3\u017cnych rozmiarach, s\u0142uchawki \u015bci\u015ble i delikatnie dopasowuj\u0105 si\u0119 do ucha, zapewniaj\u0105c wysokiej jako\u015bci d\u017awi\u0119k i wygod\u0119 nawet po kilku godzinach s\u0142uchania.Do zestawu zosta\u0142o do\u0142\u0105czone etui do \u0142adowania, przenoszenia i przechowywania s\u0142uchawek.Samo \u0142adowanie s\u0142uchawek trwa zaledwie 1h przewodowo i 2h bezprzewodowo.Etui i s\u0142uchawki wykonane zosta\u0142y z wysokiej jako\u015bci, wytrzym<\/ul>\n","protected":false},"featured_media":11424,"comment_status":"closed","ping_status":"open","template":"","meta":[],"product_cat":[74,595],"product_tag":[],"class_list":{"0":"post-10996","1":"product","2":"type-product","3":"status-publish","5":"hentry","6":"product_cat-baseus","7":"product_cat-sluchawki-bezprzewodowe","8":"pa_producent-baseus","9":"pa_sklep-e-baseus"},"yoast_head":"<!-- This site is optimized with the Yoast SEO plugin v20.9 - https:\/\/yoast.com\/wordpress\/plugins\/seo\/ -->\n<title>s\u0142uchawki bezprzewodowe Baseus - promocje na TaniAbonament.pl<\/title>\n<meta name=\"description\" content=\"S\u0142uchawki bezprzewodowe. Model Baseus w atrakcyjnej cenie 169.0 PLN. Przedstawiamy s\u0142uchawki do pracy zdalnej i s\u0142uchania muzyki.\" \/>\n<meta name=\"robots\" content=\"index, follow, max-snippet:-1, max-image-preview:large, max-video-preview:-1\" \/>\n<link rel=\"canonical\" href=\"https:\/\/taniabonament.pl\/sluchawki\/model\/baseus-w11-sluchawki-bezprzewodowe-bluetooth-5-0-tws-ipx4-qi\/\" \/>\n<meta property=\"og:locale\" content=\"pl_PL\" \/>\n<meta property=\"og:type\" content=\"article\" \/>\n<meta property=\"og:title\" content=\"s\u0142uchawki bezprzewodowe Baseus - promocje na TaniAbonament.pl\" \/>\n<meta property=\"og:description\" content=\"S\u0142uchawki bezprzewodowe. Model Baseus w atrakcyjnej cenie 169.0 PLN. Przedstawiamy s\u0142uchawki do pracy zdalnej i s\u0142uchania muzyki.\" \/>\n<meta property=\"og:url\" content=\"https:\/\/taniabonament.pl\/sluchawki\/model\/baseus-w11-sluchawki-bezprzewodowe-bluetooth-5-0-tws-ipx4-qi\/\" \/>\n<meta property=\"og:site_name\" content=\"TaniAbonament.pl S\u0142uchawki\" \/>\n<meta property=\"article:modified_time\" content=\"2022-09-10T06:29:30+00:00\" \/>\n<meta property=\"og:image\" content=\"https:\/\/taniabonament.pl\/sluchawki\/wp-content\/uploads\/2022\/09\/f8a6f040ee308c680f020682732bfc8313dcdc2e.jpg\" \/>\n\t<meta property=\"og:image:width\" content=\"600\" \/>\n\t<meta property=\"og:image:height\" content=\"600\" \/>\n\t<meta property=\"og:image:type\" content=\"image\/jpeg\" \/>\n<meta name=\"twitter:card\" content=\"summary_large_image\" \/>\n<meta name=\"twitter:label1\" content=\"Szacowany czas czytania\" \/>\n\t<meta name=\"twitter:data1\" content=\"1 minuta\" \/>\n<script type=\"application\/ld+json\" class=\"yoast-schema-graph\">{\"@context\":\"https:\/\/schema.org\",\"@graph\":[{\"@type\":\"WebPage\",\"@id\":\"https:\/\/taniabonament.pl\/sluchawki\/model\/baseus-w11-sluchawki-bezprzewodowe-bluetooth-5-0-tws-ipx4-qi\/\",\"url\":\"https:\/\/taniabonament.pl\/sluchawki\/model\/baseus-w11-sluchawki-bezprzewodowe-bluetooth-5-0-tws-ipx4-qi\/\",\"name\":\"s\u0142uchawki bezprzewodowe Baseus - promocje na TaniAbonament.pl\",\"isPartOf\":{\"@id\":\"https:\/\/taniabonament.pl\/sluchawki\/#website\"},\"datePublished\":\"2022-09-10T06:29:28+00:00\",\"dateModified\":\"2022-09-10T06:29:30+00:00\",\"description\":\"S\u0142uchawki bezprzewodowe. Model Baseus w atrakcyjnej cenie 169.0 PLN. Przedstawiamy s\u0142uchawki do pracy zdalnej i s\u0142uchania muzyki.\",\"breadcrumb\":{\"@id\":\"https:\/\/taniabonament.pl\/sluchawki\/model\/baseus-w11-sluchawki-bezprzewodowe-bluetooth-5-0-tws-ipx4-qi\/#breadcrumb\"},\"inLanguage\":\"pl-PL\",\"potentialAction\":[{\"@type\":\"ReadAction\",\"target\":[\"https:\/\/taniabonament.pl\/sluchawki\/model\/baseus-w11-sluchawki-bezprzewodowe-bluetooth-5-0-tws-ipx4-qi\/\"]}]},{\"@type\":\"BreadcrumbList\",\"@id\":\"https:\/\/taniabonament.pl\/sluchawki\/model\/baseus-w11-sluchawki-bezprzewodowe-bluetooth-5-0-tws-ipx4-qi\/#breadcrumb\",\"itemListElement\":[{\"@type\":\"ListItem\",\"position\":1,\"name\":\"Strona g\u0142\u00f3wna\",\"item\":\"https:\/\/taniabonament.pl\/sluchawki\/\"},{\"@type\":\"ListItem\",\"position\":2,\"name\":\"Sklep\",\"item\":\"https:\/\/taniabonament.pl\/sluchawki\/\"},{\"@type\":\"ListItem\",\"position\":3,\"name\":\"Baseus W11 | S\u0142uchawki bezprzewodowe Bluetooth 5.0 TWS IPX4 Qi\"}]},{\"@type\":\"WebSite\",\"@id\":\"https:\/\/taniabonament.pl\/sluchawki\/#website\",\"url\":\"https:\/\/taniabonament.pl\/sluchawki\/\",\"name\":\"TaniAbonament.pl S\u0142uchawki\",\"description\":\"\u015bwiat s\u0142uchawek idealnych do pracy zdalnej\",\"potentialAction\":[{\"@type\":\"SearchAction\",\"target\":{\"@type\":\"EntryPoint\",\"urlTemplate\":\"https:\/\/taniabonament.pl\/sluchawki\/?s={search_term_string}\"},\"query-input\":\"required name=search_term_string\"}],\"inLanguage\":\"pl-PL\"}]}<\/script>\n<!-- \/ Yoast SEO plugin. -->","yoast_head_json":{"title":"s\u0142uchawki bezprzewodowe Baseus - promocje na TaniAbonament.pl","description":"S\u0142uchawki bezprzewodowe. Model Baseus w atrakcyjnej cenie 169.0 PLN. Przedstawiamy s\u0142uchawki do pracy zdalnej i s\u0142uchania muzyki.","robots":{"index":"index","follow":"follow","max-snippet":"max-snippet:-1","max-image-preview":"max-image-preview:large","max-video-preview":"max-video-preview:-1"},"canonical":"https:\/\/taniabonament.pl\/sluchawki\/model\/baseus-w11-sluchawki-bezprzewodowe-bluetooth-5-0-tws-ipx4-qi\/","og_locale":"pl_PL","og_type":"article","og_title":"s\u0142uchawki bezprzewodowe Baseus - promocje na TaniAbonament.pl","og_description":"S\u0142uchawki bezprzewodowe. Model Baseus w atrakcyjnej cenie 169.0 PLN. Przedstawiamy s\u0142uchawki do pracy zdalnej i s\u0142uchania muzyki.","og_url":"https:\/\/taniabonament.pl\/sluchawki\/model\/baseus-w11-sluchawki-bezprzewodowe-bluetooth-5-0-tws-ipx4-qi\/","og_site_name":"TaniAbonament.pl S\u0142uchawki","article_modified_time":"2022-09-10T06:29:30+00:00","og_image":[{"width":600,"height":600,"url":"https:\/\/taniabonament.pl\/sluchawki\/wp-content\/uploads\/2022\/09\/f8a6f040ee308c680f020682732bfc8313dcdc2e.jpg","type":"image\/jpeg"}],"twitter_card":"summary_large_image","twitter_misc":{"Szacowany czas czytania":"1 minuta"},"schema":{"@context":"https:\/\/schema.org","@graph":[{"@type":"WebPage","@id":"https:\/\/taniabonament.pl\/sluchawki\/model\/baseus-w11-sluchawki-bezprzewodowe-bluetooth-5-0-tws-ipx4-qi\/","url":"https:\/\/taniabonament.pl\/sluchawki\/model\/baseus-w11-sluchawki-bezprzewodowe-bluetooth-5-0-tws-ipx4-qi\/","name":"s\u0142uchawki bezprzewodowe Baseus - promocje na TaniAbonament.pl","isPartOf":{"@id":"https:\/\/taniabonament.pl\/sluchawki\/#website"},"datePublished":"2022-09-10T06:29:28+00:00","dateModified":"2022-09-10T06:29:30+00:00","description":"S\u0142uchawki bezprzewodowe. Model Baseus w atrakcyjnej cenie 169.0 PLN. Przedstawiamy s\u0142uchawki do pracy zdalnej i s\u0142uchania muzyki.","breadcrumb":{"@id":"https:\/\/taniabonament.pl\/sluchawki\/model\/baseus-w11-sluchawki-bezprzewodowe-bluetooth-5-0-tws-ipx4-qi\/#breadcrumb"},"inLanguage":"pl-PL","potentialAction":[{"@type":"ReadAction","target":["https:\/\/taniabonament.pl\/sluchawki\/model\/baseus-w11-sluchawki-bezprzewodowe-bluetooth-5-0-tws-ipx4-qi\/"]}]},{"@type":"BreadcrumbList","@id":"https:\/\/taniabonament.pl\/sluchawki\/model\/baseus-w11-sluchawki-bezprzewodowe-bluetooth-5-0-tws-ipx4-qi\/#breadcrumb","itemListElement":[{"@type":"ListItem","position":1,"name":"Strona g\u0142\u00f3wna","item":"https:\/\/taniabonament.pl\/sluchawki\/"},{"@type":"ListItem","position":2,"name":"Sklep","item":"https:\/\/taniabonament.pl\/sluchawki\/"},{"@type":"ListItem","position":3,"name":"Baseus W11 | S\u0142uchawki bezprzewodowe Bluetooth 5.0 TWS IPX4 Qi"}]},{"@type":"WebSite","@id":"https:\/\/taniabonament.pl\/sluchawki\/#website","url":"https:\/\/taniabonament.pl\/sluchawki\/","name":"TaniAbonament.pl S\u0142uchawki","description":"\u015bwiat s\u0142uchawek idealnych do pracy zdalnej","potentialAction":[{"@type":"SearchAction","target":{"@type":"EntryPoint","urlTemplate":"https:\/\/taniabonament.pl\/sluchawki\/?s={search_term_string}"},"query-input":"required name=search_term_string"}],"inLanguage":"pl-PL"}]}},"_links":{"self":[{"href":"https:\/\/taniabonament.pl\/sluchawki\/wp-json\/wp\/v2\/product\/10996","targetHints":{"allow":["GET"]}}],"collection":[{"href":"https:\/\/taniabonament.pl\/sluchawki\/wp-json\/wp\/v2\/product"}],"about":[{"href":"https:\/\/taniabonament.pl\/sluchawki\/wp-json\/wp\/v2\/types\/product"}],"replies":[{"embeddable":true,"href":"https:\/\/taniabonament.pl\/sluchawki\/wp-json\/wp\/v2\/comments?post=10996"}],"wp:featuredmedia":[{"embeddable":true,"href":"https:\/\/taniabonament.pl\/sluchawki\/wp-json\/wp\/v2\/media\/11424"}],"wp:attachment":[{"href":"https:\/\/taniabonament.pl\/sluchawki\/wp-json\/wp\/v2\/media?parent=10996"}],"wp:term":[{"taxonomy":"product_cat","embeddable":true,"href":"https:\/\/taniabonament.pl\/sluchawki\/wp-json\/wp\/v2\/product_cat?post=10996"},{"taxonomy":"product_tag","embeddable":true,"href":"https:\/\/taniabonament.pl\/sluchawki\/wp-json\/wp\/v2\/product_tag?post=10996"}],"curies":[{"name":"wp","href":"https:\/\/api.w.org\/{rel}","templated":true}]}}