{"id":10986,"date":"2022-09-10T06:29:28","date_gmt":"2022-09-10T06:29:28","guid":{"rendered":"https:\/\/taniabonament.pl\/sluchawki\/model\/baseus-simu-s1-sluchawki-bezprzewodowe-bluetooth-5-1-anc-sbc-aac\/"},"modified":"2022-09-10T06:29:31","modified_gmt":"2022-09-10T06:29:31","slug":"baseus-simu-s1-sluchawki-bezprzewodowe-bluetooth-5-1-anc-sbc-aac","status":"publish","type":"product","link":"https:\/\/taniabonament.pl\/sluchawki\/model\/baseus-simu-s1-sluchawki-bezprzewodowe-bluetooth-5-1-anc-sbc-aac\/","title":{"rendered":"Baseus SIMU S1 | S\u0142uchawki bezprzewodowe Bluetooth 5.1 ANC SBC AAC"},"content":{"rendered":"<p><img decoding=\"async\" style=\"margin-right: 25px; margin-bottom: 10px; width: 220px;\" src=\"https:\/\/static.convertiser.com\/media\/product_images\/349\/582822fc4e9c903f00f969be348e2036\/61897ca1a653426499551d950825ad6d8f9445e5.jpg\" alt=\"s\u0142uchawki Baseus\" align=\"left\" \/><\/p>\n<h2>S\u0142uchawki marki Baseus<\/h2>\n<p>CENA ORYGINALNA: 279.0 PLN<\/p>\n<div style=\"font-weight: bold; font-size: 18px;\">\n<p>UWAGA <span style=\"color: red;\">MAMY RABATY!<\/span><\/p>\n<p>Szczeg\u00f3\u0142owe parametry takie jak dane techniczne, promocje sprawdzisz poni\u017cej w E-baseus. Przejd\u017a bezpo\u015brednio do tych s\u0142uchawek.<\/p>\n<p><span style=\"color: #fff; background-color: #000000; padding: 1px 7px;\"><strong>Baseus<\/strong><\/span><strong><span style=\"margin-left: 5px; color: #fff; background-color: red; padding: 1px 7px;\">279.0 PLN<\/span><\/strong><\/p>\n<\/div>\n<p style=\"text-align: center; padding-bottom: 15px; padding-top: 10px;\"><a style=\"color: #fff; font-size: 22px; background-color: #e4144d; padding: 9px; border-radius: 7px; text-decoration: underline;\" href=\"https:\/\/converti.se\/click\/34590059-c70e8160-5f3bd1b8\/?deep_link=https%3A%2F%2Fe-baseus.com%2Fproduct-pol-3471-Baseus-SIMU-S1-Sluchawki-bezprzewodowe-Bluetooth-5-1-ANC-SBC-AAC-uniw.googleshoppingpl.html&#038;sid=sluchawki-bezprzewodowe&#038;tag6=product&#038;tag8=582822fc4e9c903f00f969be348e2036&#038;tag9=Baseus+SIMU+S1+%7C+S%C5%82uchawki+bezprzewodowe+Bluetooth+5.1+ANC+SBC+AAC\" target=\"_blank\" rel=\"nofollow noopener\">Sprawd\u017a Szczeg\u00f3\u0142y<\/a> <span style=\"font-size: 22px; padding-left: 10px;\">223.2 PLN<\/span><\/p>\n<p style=\"text-align: center;\">DZI\u0118KUJEMY, \u017ce jeste\u015b z nami!<br \/>\nzapami\u0119taj najlepsze s\u0142uchawki znajdziesz na TaniAbonament.pl\/sluchawki\/<\/p>\n<p style=\"text-align: center;\">odwiedzaj nas cz\u0119\u015bciej \ud83d\ude42<\/p>\n<h3>Jakie s\u0142uchawki wybra\u0107?<\/h3>\n<p>Musisz wiedzie\u0107, \u017ce <a style=\"color: red;\" href=\"https:\/\/taniabonament.pl\/sluchawki\/\">dobre s\u0142uchawki<\/a> powinny by\u0107 przede wszystkim wygodne. Na rynku dost\u0119pne s\u0105 r\u00f3\u017cne modele, od s\u0142uchawek dousznych jak i s\u0142uchawek bardziej klasycznych &#8211; zakrywaj\u0105cych ca\u0142e uszy. Wyb\u00f3r odpowiedniego modelu zale\u017cy od ka\u017cdego nas i od potrzeb kt\u00f3re po prostu mamy. Dodatkow\u0105 wygod\u0105 jest tak\u017ce transmisja bezprzewodowa, realizowana g\u0142\u00f3wnie za po\u015brednictwem modu\u0142u bluetooth, to si\u0119 sprawdza na co dzie\u0144.<\/p>\n<p>Ceny poszczeg\u00f3lnych modeli mog\u0105 by\u0107 r\u00f3\u017cne, od najta\u0144szych kt\u00f3re zapewniaj\u0105 nazwijmy to podstawowy ods\u0142uch, po modele s\u0142uchawek z wy\u017cszej p\u00f3\u0142ki kt\u00f3re gwarantuj\u0105 bardzo dobr\u0105 jako\u015b\u0107 d\u017awi\u0119ku. Ten model mo\u017ce by\u0107 w kr\u0119gu Twoich zainteresowa\u0144.<\/p>\n<p>Dobrze dobrane dobre s\u0142uchawki sprawdz\u0105 si\u0119 w r\u00f3\u017cnych sytuacjach i b\u0119d\u0105 idealnym uzupe\u0142nieniem Twojego smartfona (zobacz jaki <a style=\"color: red;\" href=\"https:\/\/taniabonament.pl\/telefony\/\">nowy telefon<\/a> mo\u017cesz kupi\u0107 dzisiaj w atrakcyjnej cenie), dzi\u0119ki czemu b\u0119dziesz komfortowo s\u0142ucha\u0107 ulubionej muzyki.<\/p>\n","protected":false},"excerpt":{"rendered":"<h3>Odpowiednie <span style='color: red;'>s\u0142uchawki<\/span> bezprzewodowe? <\/h3>\n<p> Cechy i zalety: <\/p>\n<ul style='padding-left: 10px; padding-bottom: 10px;'>\n<li style='padding-top: 10px;'>Simu S1Lekkie, wygodne i funkcjonalne s\u0142uchawki\n<li style='padding-top: 10px;'>Zapewniaj\u0105 doskona\u0142\u0105 jako\u015b\u0107 d\u017awi\u0119ku\n<li style='padding-top: 10px;'>W przeciwie\u0144stwie do innych modeli, ka\u017cda ze s\u0142uchawek jest pod\u0142\u0105czona bezpo\u015brednio do telefonu, co sprawia, \u017ce \u200b\u200bpo\u0142\u0105czenie jest bardziej stabilne i zmniejsza op\u00f3\u017anienie.Ka\u017cda s\u0142uchawka mo\u017ce by\u0107 u\u017cywana jako samodzielna jednostka.Pierwsz\u0105 rzecz\u0105, kt\u00f3r\u0105 zauwa\u017cysz to kompaktowa i stylowa obudowa \u0142aduj\u0105ca, kt\u00f3ra jest dodana do s\u0142uchawek; \u0142atwo mie\u015bci si\u0119 w kieszeni lub torbie\n<li style='padding-top: 10px;'>S\u0142u\u017cy jako Power Bank i zabezpiecza s\u0142uchawki przed zgubieniem\n<li style='padding-top: 10px;'>Etui na\u0142adujemy kablem Type-C.Zestaw zosta\u0142 wyposa\u017cony w najnowszy modu\u0142 Bluetooth 5.1 i energooszcz\u0119dny uk\u0142ad audio.Jednak prawdziw\u0105 si\u0142\u0105 tych s\u0142uchawek jest\u00a0efekt Active Noise Control (ANC).Wbudowany uk\u0142ad elektroniczny sprawi, \u017ce us\u0142yszysz muzyk\u0119 bez \u017cadnych zak\u0142\u00f3ce\u0144\n<li style='padding-top: 10px;'>Wyeliminuje niepo\u017c\u0105dane d\u017awi\u0119ki\n<li style='padding-top: 10px;'>Niezale\u017cnie od tego, czy jeste\u015b w autobusie czy w poczekalni\n<li style='padding-top: 10px;'>Ha\u0142as przestanie by\u0107 przeszkod\u0105 i zanurzysz si\u0119 w d\u017awi\u0119ku jak nigdy dot\u0105d.S\u0142uchawki zosta\u0142y wyposa\u017cone tak\u017ce w kodeki SBC\/AAC i membran\u0119 10mm r\u00f3wnowa\u017c\u0105c\u0105 wysokie, \u015brednie i niskie cz\u0119stotliwo\u015bci.W lewej i prawej s\u0142uchawce zastosowano mikrofon MEMS o wysokiej czu\u0142o\u015bci oraz adaptacyjny algorytm redukcji szum\u00f3w Wireless IC, kt\u00f3ry eliminuje szum w tle podczas po\u0142\u0105cze\u0144.Parametry:Model: SIMU ANC True Wireless Earphones S1Kolor: czarnyMateria\u0142: ABS + PCWersja Bluetooth: V5.1Odleg\u0142o\u015b\u0107 komunikacyjna: 10 mCzas czuwania: 300 godzinCzas muzyki: 4-5hCzas s\u0142uchania muzyki z etui: 20-24hPojemno\u015b\u0107 baterii:40mAh \/ 0.148 Wh (s\u0142uchawka)380mAh \/ 1.406 Wh (etui)Czas \u0142adowania: 1,5 godzinyZakres odpowiedzi cz\u0119stotliwo\u015bci: 20Hz-20 KHz\u0141adowanie: kabel Type-CKompatybilno\u015b\u0107: wszystkie urz\u0105dzenia z funkcj\u0105 BluetoothKod producenta: NGS1-01Najwa\u017cniejsze zalety:Pojemna bateria.Obudowa, kt\u00f3ra s\u0142u\u017cy r\u00f3wnie\u017c jako \u017ar\u00f3d\u0142o zasilania.Ka\u017cda ze s\u0142uchawek jest pod\u0142\u0105czona bezpo\u015brednio do smartfona.Oryginalny d\u017awi\u0119k SBC\/AAC HQ.Efekt Active Noise Control (ANC).Bluetooth 5.1Ka\u017cda s\u0142uchawka mo\u017ce by\u0107 r\u00f3wnie\u017c u\u017cywana jako samodzielna jednostka.Wbudowany mikrofon.Wsparcie asystenta g\u0142osowego.D\u017awi\u0119kBaseus pracowa\u0142 nad jako\u015bci\u0105 d\u017awi\u0119ku i osi\u0105gn\u0105\u0142 imponuj\u0105ce wyniki.\u00a0S\u0142uchawki s\u0105 wyposa\u017cone w kodeki SBC\/AAC\u00a0i membran\u0119 10mm r\u00f3wnowa\u017c\u0105c\u0105 wysokie, \u015brednie i niskie cz\u0119stotliwo\u015bci.Ci, kt\u00f3rzy chc\u0105 osi\u0105gn\u0105\u0107\u00a0najlepsz\u0105 mo\u017cliw\u0105 jako\u015b\u0107 brzmienia\u00a0za po\u015brednictwem s\u0142uchawek Bluetooth powinni zdecydowanie zainteresowa\u0107 si\u0119 zgodno\u015bci\u0105 kodek\u00f3w pomi\u0119dzy swoimi urz\u0105dzeniami.S\u0142uchawki tworz\u0105 idealn\u0105 izolacj\u0119 akustyczn\u0105 dzi\u0119ki\u00a0efektowi Active Noise Control (ANC)\u00a0kt\u00f3ra blokuje wszystkie zewn\u0119trzne zak\u0142\u00f3cenia\n<li style='padding-top: 10px;'>Efekt izoluj\u0105cy pozwala\u00a0cieszy\u0107 si\u0119 czystym d\u017awi\u0119kiem na najwy\u017cszym poziomie w dowolnym miejscu i czasie.WygodaS\u0142uchawki dopasuj\u0105 si\u0119 do Twoich uszu\n<li style='padding-top: 10px;'>Zapewni\u0105 d\u0142ugotrwa\u0142\u0105 wygod\u0119 noszenia\n<li style='padding-top: 10px;'>Idealne do jazdy autobusem, biegania, wspinaczki i innych okazji.Pojedyncza s\u0142uchawka wa\u017cy zaledwie 3,5\n<li style='padding-top: 10px;'>W zestawie znajduj\u0105 si\u0119 3 rozmiary mi\u0119kkich silikonowych nak\u0142adek dousznych.Stabilne po\u0142\u0105czenie Bluetooth 5.1Dzi\u0119ki\u00a0technologii Bluetooth 5.1\u00a0mo\u017cesz przesy\u0142a\u0107 strumieniowo muzyk\u0119 ze smartfon\u00f3w, tablet\u00f3w lub innych urz\u0105dze\u0144 obs\u0142uguj\u0105cych technologi\u0119 Bluetooth\u00a0w promieniu 10m.Nowa generacja chip\u00f3w V5.1\u00a0oferuje szybsze po\u0142\u0105czenie, mniejsze zu\u017cycie energii oraz stabiln\u0105 i szybk\u0105 trans<\/ul>\n","protected":false},"featured_media":11426,"comment_status":"closed","ping_status":"open","template":"","meta":[],"product_cat":[74,595],"product_tag":[],"class_list":{"0":"post-10986","1":"product","2":"type-product","3":"status-publish","5":"hentry","6":"product_cat-baseus","7":"product_cat-sluchawki-bezprzewodowe","8":"pa_producent-baseus","9":"pa_sklep-e-baseus"},"yoast_head":"<!-- This site is optimized with the Yoast SEO plugin v20.9 - https:\/\/yoast.com\/wordpress\/plugins\/seo\/ -->\n<title>s\u0142uchawki bezprzewodowe Baseus - promocje na TaniAbonament.pl<\/title>\n<meta name=\"description\" content=\"S\u0142uchawki bezprzewodowe. Model Baseus w atrakcyjnej cenie 279.0 PLN. Przedstawiamy s\u0142uchawki do pracy zdalnej i s\u0142uchania muzyki.\" \/>\n<meta name=\"robots\" content=\"index, follow, max-snippet:-1, max-image-preview:large, max-video-preview:-1\" \/>\n<link rel=\"canonical\" href=\"https:\/\/taniabonament.pl\/sluchawki\/model\/baseus-simu-s1-sluchawki-bezprzewodowe-bluetooth-5-1-anc-sbc-aac\/\" \/>\n<meta property=\"og:locale\" content=\"pl_PL\" \/>\n<meta property=\"og:type\" content=\"article\" \/>\n<meta property=\"og:title\" content=\"s\u0142uchawki bezprzewodowe Baseus - promocje na TaniAbonament.pl\" \/>\n<meta property=\"og:description\" content=\"S\u0142uchawki bezprzewodowe. Model Baseus w atrakcyjnej cenie 279.0 PLN. Przedstawiamy s\u0142uchawki do pracy zdalnej i s\u0142uchania muzyki.\" \/>\n<meta property=\"og:url\" content=\"https:\/\/taniabonament.pl\/sluchawki\/model\/baseus-simu-s1-sluchawki-bezprzewodowe-bluetooth-5-1-anc-sbc-aac\/\" \/>\n<meta property=\"og:site_name\" content=\"TaniAbonament.pl S\u0142uchawki\" \/>\n<meta property=\"article:modified_time\" content=\"2022-09-10T06:29:31+00:00\" \/>\n<meta property=\"og:image\" content=\"https:\/\/taniabonament.pl\/sluchawki\/wp-content\/uploads\/2022\/09\/61897ca1a653426499551d950825ad6d8f9445e5.jpg\" \/>\n\t<meta property=\"og:image:width\" content=\"600\" \/>\n\t<meta property=\"og:image:height\" content=\"600\" \/>\n\t<meta property=\"og:image:type\" content=\"image\/jpeg\" \/>\n<meta name=\"twitter:card\" content=\"summary_large_image\" \/>\n<meta name=\"twitter:label1\" content=\"Szacowany czas czytania\" \/>\n\t<meta name=\"twitter:data1\" content=\"1 minuta\" \/>\n<script type=\"application\/ld+json\" class=\"yoast-schema-graph\">{\"@context\":\"https:\/\/schema.org\",\"@graph\":[{\"@type\":\"WebPage\",\"@id\":\"https:\/\/taniabonament.pl\/sluchawki\/model\/baseus-simu-s1-sluchawki-bezprzewodowe-bluetooth-5-1-anc-sbc-aac\/\",\"url\":\"https:\/\/taniabonament.pl\/sluchawki\/model\/baseus-simu-s1-sluchawki-bezprzewodowe-bluetooth-5-1-anc-sbc-aac\/\",\"name\":\"s\u0142uchawki bezprzewodowe Baseus - promocje na TaniAbonament.pl\",\"isPartOf\":{\"@id\":\"https:\/\/taniabonament.pl\/sluchawki\/#website\"},\"datePublished\":\"2022-09-10T06:29:28+00:00\",\"dateModified\":\"2022-09-10T06:29:31+00:00\",\"description\":\"S\u0142uchawki bezprzewodowe. Model Baseus w atrakcyjnej cenie 279.0 PLN. Przedstawiamy s\u0142uchawki do pracy zdalnej i s\u0142uchania muzyki.\",\"breadcrumb\":{\"@id\":\"https:\/\/taniabonament.pl\/sluchawki\/model\/baseus-simu-s1-sluchawki-bezprzewodowe-bluetooth-5-1-anc-sbc-aac\/#breadcrumb\"},\"inLanguage\":\"pl-PL\",\"potentialAction\":[{\"@type\":\"ReadAction\",\"target\":[\"https:\/\/taniabonament.pl\/sluchawki\/model\/baseus-simu-s1-sluchawki-bezprzewodowe-bluetooth-5-1-anc-sbc-aac\/\"]}]},{\"@type\":\"BreadcrumbList\",\"@id\":\"https:\/\/taniabonament.pl\/sluchawki\/model\/baseus-simu-s1-sluchawki-bezprzewodowe-bluetooth-5-1-anc-sbc-aac\/#breadcrumb\",\"itemListElement\":[{\"@type\":\"ListItem\",\"position\":1,\"name\":\"Strona g\u0142\u00f3wna\",\"item\":\"https:\/\/taniabonament.pl\/sluchawki\/\"},{\"@type\":\"ListItem\",\"position\":2,\"name\":\"Sklep\",\"item\":\"https:\/\/taniabonament.pl\/sluchawki\/\"},{\"@type\":\"ListItem\",\"position\":3,\"name\":\"Baseus SIMU S1 | S\u0142uchawki bezprzewodowe Bluetooth 5.1 ANC SBC AAC\"}]},{\"@type\":\"WebSite\",\"@id\":\"https:\/\/taniabonament.pl\/sluchawki\/#website\",\"url\":\"https:\/\/taniabonament.pl\/sluchawki\/\",\"name\":\"TaniAbonament.pl S\u0142uchawki\",\"description\":\"\u015bwiat s\u0142uchawek idealnych do pracy zdalnej\",\"potentialAction\":[{\"@type\":\"SearchAction\",\"target\":{\"@type\":\"EntryPoint\",\"urlTemplate\":\"https:\/\/taniabonament.pl\/sluchawki\/?s={search_term_string}\"},\"query-input\":\"required name=search_term_string\"}],\"inLanguage\":\"pl-PL\"}]}<\/script>\n<!-- \/ Yoast SEO plugin. -->","yoast_head_json":{"title":"s\u0142uchawki bezprzewodowe Baseus - promocje na TaniAbonament.pl","description":"S\u0142uchawki bezprzewodowe. Model Baseus w atrakcyjnej cenie 279.0 PLN. Przedstawiamy s\u0142uchawki do pracy zdalnej i s\u0142uchania muzyki.","robots":{"index":"index","follow":"follow","max-snippet":"max-snippet:-1","max-image-preview":"max-image-preview:large","max-video-preview":"max-video-preview:-1"},"canonical":"https:\/\/taniabonament.pl\/sluchawki\/model\/baseus-simu-s1-sluchawki-bezprzewodowe-bluetooth-5-1-anc-sbc-aac\/","og_locale":"pl_PL","og_type":"article","og_title":"s\u0142uchawki bezprzewodowe Baseus - promocje na TaniAbonament.pl","og_description":"S\u0142uchawki bezprzewodowe. Model Baseus w atrakcyjnej cenie 279.0 PLN. Przedstawiamy s\u0142uchawki do pracy zdalnej i s\u0142uchania muzyki.","og_url":"https:\/\/taniabonament.pl\/sluchawki\/model\/baseus-simu-s1-sluchawki-bezprzewodowe-bluetooth-5-1-anc-sbc-aac\/","og_site_name":"TaniAbonament.pl S\u0142uchawki","article_modified_time":"2022-09-10T06:29:31+00:00","og_image":[{"width":600,"height":600,"url":"https:\/\/taniabonament.pl\/sluchawki\/wp-content\/uploads\/2022\/09\/61897ca1a653426499551d950825ad6d8f9445e5.jpg","type":"image\/jpeg"}],"twitter_card":"summary_large_image","twitter_misc":{"Szacowany czas czytania":"1 minuta"},"schema":{"@context":"https:\/\/schema.org","@graph":[{"@type":"WebPage","@id":"https:\/\/taniabonament.pl\/sluchawki\/model\/baseus-simu-s1-sluchawki-bezprzewodowe-bluetooth-5-1-anc-sbc-aac\/","url":"https:\/\/taniabonament.pl\/sluchawki\/model\/baseus-simu-s1-sluchawki-bezprzewodowe-bluetooth-5-1-anc-sbc-aac\/","name":"s\u0142uchawki bezprzewodowe Baseus - promocje na TaniAbonament.pl","isPartOf":{"@id":"https:\/\/taniabonament.pl\/sluchawki\/#website"},"datePublished":"2022-09-10T06:29:28+00:00","dateModified":"2022-09-10T06:29:31+00:00","description":"S\u0142uchawki bezprzewodowe. Model Baseus w atrakcyjnej cenie 279.0 PLN. Przedstawiamy s\u0142uchawki do pracy zdalnej i s\u0142uchania muzyki.","breadcrumb":{"@id":"https:\/\/taniabonament.pl\/sluchawki\/model\/baseus-simu-s1-sluchawki-bezprzewodowe-bluetooth-5-1-anc-sbc-aac\/#breadcrumb"},"inLanguage":"pl-PL","potentialAction":[{"@type":"ReadAction","target":["https:\/\/taniabonament.pl\/sluchawki\/model\/baseus-simu-s1-sluchawki-bezprzewodowe-bluetooth-5-1-anc-sbc-aac\/"]}]},{"@type":"BreadcrumbList","@id":"https:\/\/taniabonament.pl\/sluchawki\/model\/baseus-simu-s1-sluchawki-bezprzewodowe-bluetooth-5-1-anc-sbc-aac\/#breadcrumb","itemListElement":[{"@type":"ListItem","position":1,"name":"Strona g\u0142\u00f3wna","item":"https:\/\/taniabonament.pl\/sluchawki\/"},{"@type":"ListItem","position":2,"name":"Sklep","item":"https:\/\/taniabonament.pl\/sluchawki\/"},{"@type":"ListItem","position":3,"name":"Baseus SIMU S1 | S\u0142uchawki bezprzewodowe Bluetooth 5.1 ANC SBC AAC"}]},{"@type":"WebSite","@id":"https:\/\/taniabonament.pl\/sluchawki\/#website","url":"https:\/\/taniabonament.pl\/sluchawki\/","name":"TaniAbonament.pl S\u0142uchawki","description":"\u015bwiat s\u0142uchawek idealnych do pracy zdalnej","potentialAction":[{"@type":"SearchAction","target":{"@type":"EntryPoint","urlTemplate":"https:\/\/taniabonament.pl\/sluchawki\/?s={search_term_string}"},"query-input":"required name=search_term_string"}],"inLanguage":"pl-PL"}]}},"_links":{"self":[{"href":"https:\/\/taniabonament.pl\/sluchawki\/wp-json\/wp\/v2\/product\/10986","targetHints":{"allow":["GET"]}}],"collection":[{"href":"https:\/\/taniabonament.pl\/sluchawki\/wp-json\/wp\/v2\/product"}],"about":[{"href":"https:\/\/taniabonament.pl\/sluchawki\/wp-json\/wp\/v2\/types\/product"}],"replies":[{"embeddable":true,"href":"https:\/\/taniabonament.pl\/sluchawki\/wp-json\/wp\/v2\/comments?post=10986"}],"wp:featuredmedia":[{"embeddable":true,"href":"https:\/\/taniabonament.pl\/sluchawki\/wp-json\/wp\/v2\/media\/11426"}],"wp:attachment":[{"href":"https:\/\/taniabonament.pl\/sluchawki\/wp-json\/wp\/v2\/media?parent=10986"}],"wp:term":[{"taxonomy":"product_cat","embeddable":true,"href":"https:\/\/taniabonament.pl\/sluchawki\/wp-json\/wp\/v2\/product_cat?post=10986"},{"taxonomy":"product_tag","embeddable":true,"href":"https:\/\/taniabonament.pl\/sluchawki\/wp-json\/wp\/v2\/product_tag?post=10986"}],"curies":[{"name":"wp","href":"https:\/\/api.w.org\/{rel}","templated":true}]}}