{"id":10974,"date":"2022-09-10T06:29:56","date_gmt":"2022-09-10T06:29:56","guid":{"rendered":"https:\/\/taniabonament.pl\/sluchawki\/model\/sluchawki-bezprzewodowe-blitzwolf-bw-hp0-pro-czarne\/"},"modified":"2022-09-10T06:30:00","modified_gmt":"2022-09-10T06:30:00","slug":"sluchawki-bezprzewodowe-blitzwolf-bw-hp0-pro-czarne","status":"publish","type":"product","link":"https:\/\/taniabonament.pl\/sluchawki\/model\/sluchawki-bezprzewodowe-blitzwolf-bw-hp0-pro-czarne\/","title":{"rendered":"S\u0142uchawki bezprzewodowe BlitzWolf BW-HP0 Pro (czarne)"},"content":{"rendered":"<p><img decoding=\"async\" style=\"margin-right: 25px; margin-bottom: 10px; width: 220px;\" src=\"https:\/\/static.convertiser.com\/media\/product_images\/294\/b26f3648ff62d4aed7f578dacfdb6993\/0160e1e74c5b4e93fe06ea9fb8dfd326e654b809.webp\" alt=\"s\u0142uchawki BlitzWolf\" align=\"left\" \/><\/p>\n<h2>S\u0142uchawki marki BlitzWolf<\/h2>\n<p>CENA ORYGINALNA: 99.0 PLN<\/p>\n<div style=\"font-weight: bold; font-size: 18px;\">\n<p>UWAGA <span style=\"color: red;\">MAMY RABATY!<\/span><\/p>\n<p>Szczeg\u00f3\u0142owe parametry takie jak dane techniczne, promocje sprawdzisz poni\u017cej w Akces-markt.pl. Przejd\u017a bezpo\u015brednio do tych s\u0142uchawek.<\/p>\n<p><span style=\"color: #fff; background-color: #000000; padding: 1px 7px;\"><strong>BlitzWolf<\/strong><\/span><strong><span style=\"margin-left: 5px; color: #fff; background-color: red; padding: 1px 7px;\">99.0 PLN<\/span><\/strong><\/p>\n<\/div>\n<p style=\"text-align: center; padding-bottom: 15px; padding-top: 10px;\"><a style=\"color: #fff; font-size: 22px; background-color: #e4144d; padding: 9px; border-radius: 7px; text-decoration: underline;\" href=\"https:\/\/converti.se\/click\/34590059-c70e8160-5f3ad5bd\/?deep_link=https%3A%2F%2Fakces-markt.pl%2Fpl%2Fp%2FSluchawki-bezprzewodowe-BlitzWolf-BW-HP0-Pro-czarne%2F152057&#038;sid=sluchawki-bezprzewodowe&#038;tag6=product&#038;tag8=b26f3648ff62d4aed7f578dacfdb6993&#038;tag9=S%C5%82uchawki+bezprzewodowe+BlitzWolf+BW-HP0+Pro+%28czarne%29\" target=\"_blank\" rel=\"nofollow noopener\">Sprawd\u017a Szczeg\u00f3\u0142y<\/a> <span style=\"font-size: 22px; padding-left: 10px;\">99.0 PLN<\/span><\/p>\n<p style=\"text-align: center;\">DZI\u0118KUJEMY, \u017ce jeste\u015b z nami!<br \/>\nzapami\u0119taj najlepsze s\u0142uchawki znajdziesz na TaniAbonament.pl\/sluchawki\/<\/p>\n<p style=\"text-align: center;\">odwiedzaj nas cz\u0119\u015bciej \ud83d\ude42<\/p>\n<h3>Jakie s\u0142uchawki wybra\u0107?<\/h3>\n<p>Musisz wiedzie\u0107, \u017ce <a style=\"color: red;\" href=\"https:\/\/taniabonament.pl\/sluchawki\/\">dobre s\u0142uchawki<\/a> powinny by\u0107 przede wszystkim wygodne. Na rynku dost\u0119pne s\u0105 r\u00f3\u017cne modele, od s\u0142uchawek dousznych jak i s\u0142uchawek bardziej klasycznych &#8211; zakrywaj\u0105cych ca\u0142e uszy. Wyb\u00f3r odpowiedniego modelu zale\u017cy od ka\u017cdego nas i od potrzeb kt\u00f3re po prostu mamy. Dodatkow\u0105 wygod\u0105 jest tak\u017ce transmisja bezprzewodowa, realizowana g\u0142\u00f3wnie za po\u015brednictwem modu\u0142u bluetooth, to si\u0119 sprawdza na co dzie\u0144.<\/p>\n<p>Ceny poszczeg\u00f3lnych modeli mog\u0105 by\u0107 r\u00f3\u017cne, od najta\u0144szych kt\u00f3re zapewniaj\u0105 nazwijmy to podstawowy ods\u0142uch, po modele s\u0142uchawek z wy\u017cszej p\u00f3\u0142ki kt\u00f3re gwarantuj\u0105 bardzo dobr\u0105 jako\u015b\u0107 d\u017awi\u0119ku. Ten model mo\u017ce by\u0107 w kr\u0119gu Twoich zainteresowa\u0144.<\/p>\n<p>Dobrze dobrane dobre s\u0142uchawki sprawdz\u0105 si\u0119 w r\u00f3\u017cnych sytuacjach i b\u0119d\u0105 idealnym uzupe\u0142nieniem Twojego smartfona (zobacz jaki <a style=\"color: red;\" href=\"https:\/\/taniabonament.pl\/telefony\/\">nowy telefon<\/a> mo\u017cesz kupi\u0107 dzisiaj w atrakcyjnej cenie), dzi\u0119ki czemu b\u0119dziesz komfortowo s\u0142ucha\u0107 ulubionej muzyki.<\/p>\n","protected":false},"excerpt":{"rendered":"<h3>Odpowiednie <span style='color: red;'>s\u0142uchawki<\/span> bezprzewodowe? <\/h3>\n<p> Cechy i zalety: <\/p>\n<ul style='padding-left: 10px; padding-bottom: 10px;'>\n<li style='padding-top: 10px;'>Bezprzewodowe s\u0142uchawki nauszne Blitzwolf BW-HP0 ProOdkryj nowy wymiar muzyki\n<li style='padding-top: 10px;'>Bezprzewodowe s\u0142uchawki nauszne Blitzwolf BW-HP0 Pro zapewniaj\u0105 fantastycznej jako\u015bci d\u017awi\u0119k na poziomie HiFi, a dzi\u0119ki Bluetooth 5.0 gwarantuj\u0105 niezawodn\u0105 transmisj\u0119\n<li style='padding-top: 10px;'>Ich czas pracy si\u0119ga 42 godzin na jednym \u0142adowaniu, a ergonomiczna konstrukcja pozwala wygodnie korzysta\u0107 z nich tak d\u0142ugo, jak chcesz\n<li style='padding-top: 10px;'>S\u0142uchawki obs\u0142uguj\u0105 te\u017c 3 tryby po\u0142\u0105czenia.\u00a0Niesamowicie d\u0142ugi czas pracyTeraz mo\u017cesz jeszcze d\u0142u\u017cej s\u0142ucha\u0107 muzyki\n<li style='padding-top: 10px;'>S\u0142uchawki BW-HP0 Pro zosta\u0142y wyposa\u017cone w wytrzyma\u0142y akumulator o pojemno\u015bci 1000 mAh, dzi\u0119ki kt\u00f3remu mog\u0105 pracowa\u0107 nawet przez 42 godziny na jednym \u0142adowaniu\n<li style='padding-top: 10px;'>Aby je na\u0142adowa\u0107, wystarczy oko\u0142o 3,5 godziny!\u00a0Kolorowe pod\u015bwietlenieProdukt ma szans\u0119 spodoba\u0107 si\u0119 r\u00f3wnie\u017c graczom\n<li style='padding-top: 10px;'>Kolorowe, pulsuj\u0105ce pod\u015bwietlenie RGB nadaje im interesuj\u0105cy, gamingowy charakter\n<li style='padding-top: 10px;'>Je\u015bli lubisz wybiera\u0107 sprz\u0119ty, kt\u00f3re w udany spos\u00f3b \u0142\u0105cz\u0105 funkcjonalno\u015b\u0107 i unikalny design, te wyj\u0105tkowe s\u0142uchawki b\u0119d\u0105 dla Ciebie idealne!\u00a0Fantastyczna jako\u015b\u0107 d\u017awi\u0119kuOdkryj nieznane wcze\u015bniej szczeg\u00f3\u0142y swoich ulubionych piosenek lub ciesz si\u0119 wi\u0119ksz\u0105 immersj\u0105 podczas rozgrywki\n<li style='padding-top: 10px;'>S\u0142uchawki wykorzystuj\u0105 dynamiczne przetworniki 40 mm, aby dostarczy\u0107 Ci doskona\u0142ej jako\u015bci d\u017awi\u0119ku na poziomie HiFi\n<li style='padding-top: 10px;'>Wzmocnione basy i bogactwo szczeg\u00f3\u0142\u00f3w pozwol\u0105 Ci przenie\u015b\u0107 Twoje muzyczne do\u015bwiadczenie na zupe\u0142nie nowy poziom!\u00a03 mo\u017cliwo\u015bci po\u0142\u0105czeniaPod\u0142\u0105cz swoje s\u0142uchawki tak, jak chcesz i wygodnie s\u0142uchaj muzyki z wybranego \u017ar\u00f3d\u0142a\n<li style='padding-top: 10px;'>Ciesz si\u0119 niemal nieograniczon\u0105 swobod\u0105, jak\u0105 zapewnia po\u0142\u0105czenie Bluetooth lub skorzystaj z kabla 3,5 mm, aby nie przejmowa\u0107 si\u0119 ewentualnym roz\u0142adowaniem akumulatora\n<li style='padding-top: 10px;'>BW-HP0 Pro obs\u0142uguj\u0105 te\u017c karty TF do 32 GB &#8211; mo\u017cesz wi\u0119c odtwarza\u0107 swoje ulubione piosenki bez konieczno\u015bci \u0142\u0105czenia si\u0119 z komputerem czy smartfonem!\u00a0Niezawodne \u0142\u0105cze Bluetooth 5.0Odkryj wszystkie zalety bezprzewodowych rozwi\u0105za\u0144\n<li style='padding-top: 10px;'>Bluetooth 5.0 zapewnia szybkie, stabilne i niezawodne po\u0142\u0105czenie z niezwykle niskim op\u00f3\u017anieniem\n<li style='padding-top: 10px;'>Umo\u017cliwia te\u017c zmniejszenie zu\u017cycia energii, co przek\u0142ada si\u0119 na d\u0142ugi czas pracy s\u0142uchawek\n<li style='padding-top: 10px;'>Istnieje r\u00f3wnie\u017c mo\u017cliwo\u015b\u0107 sparowania BW-HP0 Pro z 2 urz\u0105dzeniami jednocze\u015bnie.\u00a0Stworzone dla Twojej wygodyS\u0142uchawki wyr\u00f3\u017cniaj\u0105 si\u0119 doskonale przemy\u015blan\u0105, ergonomiczn\u0105 konstrukcj\u0105, dzi\u0119ki kt\u00f3rej nie musisz obawia\u0107 si\u0119 zm\u0119czenia, kiedy s\u0142uchasz swoich ulubionych piosenek\n<li style='padding-top: 10px;'>Mi\u0119kkie nauszniki zosta\u0142y wykonane z przyjaznego dla sk\u00f3ry tworzywa PU\n<li style='padding-top: 10px;'>\u015awietnie przylegaj\u0105 do uszu i ich nie naciskaj\u0105\n<li style='padding-top: 10px;'>Regulowany pa\u0142\u0105k pozwala optymalnie dostosowa\u0107 s\u0142uchawki do Twoich potrzeb i przyzwyczaje\u0144, a sk\u0142adany design u\u0142atwia ich transport i przechowywanie.\u00a0Specyfikacja\u00a0ModelBW-HP0 ProZasi\u0119g BluetoothDo 10 mPojemno\u015b\u0107 akumulatora1000 mAhCzas \u0142adowaniaOk\n<li style='padding-top: 10px;'>3,5 hCzas pracyDo 42 hNapi\u0119cie \u0142adowaniaDC 5 V &#8211; 1 APasmo przenoszenia20 Hz &#8211; 20 kHzWaga210 g<\/ul>\n","protected":false},"featured_media":11505,"comment_status":"closed","ping_status":"open","template":"","meta":[],"product_cat":[102,595],"product_tag":[],"class_list":{"0":"post-10974","1":"product","2":"type-product","3":"status-publish","5":"hentry","6":"product_cat-blitzwolf","7":"product_cat-sluchawki-bezprzewodowe","8":"pa_producent-blitzwolf","9":"pa_sklep-akces-markt-pl"},"yoast_head":"<!-- This site is optimized with the Yoast SEO plugin v20.9 - https:\/\/yoast.com\/wordpress\/plugins\/seo\/ -->\n<title>s\u0142uchawki bezprzewodowe BlitzWolf - promocje na TaniAbonament.pl<\/title>\n<meta name=\"description\" content=\"S\u0142uchawki bezprzewodowe. Model BlitzWolf w atrakcyjnej cenie 99.0 PLN. Przedstawiamy s\u0142uchawki do pracy zdalnej i s\u0142uchania muzyki.\" \/>\n<meta name=\"robots\" content=\"index, follow, max-snippet:-1, max-image-preview:large, max-video-preview:-1\" \/>\n<link rel=\"canonical\" href=\"https:\/\/taniabonament.pl\/sluchawki\/model\/sluchawki-bezprzewodowe-blitzwolf-bw-hp0-pro-czarne\/\" \/>\n<meta property=\"og:locale\" content=\"pl_PL\" \/>\n<meta property=\"og:type\" content=\"article\" \/>\n<meta property=\"og:title\" content=\"s\u0142uchawki bezprzewodowe BlitzWolf - promocje na TaniAbonament.pl\" \/>\n<meta property=\"og:description\" content=\"S\u0142uchawki bezprzewodowe. Model BlitzWolf w atrakcyjnej cenie 99.0 PLN. Przedstawiamy s\u0142uchawki do pracy zdalnej i s\u0142uchania muzyki.\" \/>\n<meta property=\"og:url\" content=\"https:\/\/taniabonament.pl\/sluchawki\/model\/sluchawki-bezprzewodowe-blitzwolf-bw-hp0-pro-czarne\/\" \/>\n<meta property=\"og:site_name\" content=\"TaniAbonament.pl S\u0142uchawki\" \/>\n<meta property=\"article:modified_time\" content=\"2022-09-10T06:30:00+00:00\" \/>\n<meta property=\"og:image\" content=\"https:\/\/taniabonament.pl\/sluchawki\/wp-content\/uploads\/2022\/09\/0160e1e74c5b4e93fe06ea9fb8dfd326e654b809.webp\" \/>\n\t<meta property=\"og:image:width\" content=\"500\" \/>\n\t<meta property=\"og:image:height\" content=\"500\" \/>\n\t<meta property=\"og:image:type\" content=\"image\/jpeg\" \/>\n<meta name=\"twitter:card\" content=\"summary_large_image\" \/>\n<meta name=\"twitter:label1\" content=\"Szacowany czas czytania\" \/>\n\t<meta name=\"twitter:data1\" content=\"1 minuta\" \/>\n<script type=\"application\/ld+json\" class=\"yoast-schema-graph\">{\"@context\":\"https:\/\/schema.org\",\"@graph\":[{\"@type\":\"WebPage\",\"@id\":\"https:\/\/taniabonament.pl\/sluchawki\/model\/sluchawki-bezprzewodowe-blitzwolf-bw-hp0-pro-czarne\/\",\"url\":\"https:\/\/taniabonament.pl\/sluchawki\/model\/sluchawki-bezprzewodowe-blitzwolf-bw-hp0-pro-czarne\/\",\"name\":\"s\u0142uchawki bezprzewodowe BlitzWolf - promocje na TaniAbonament.pl\",\"isPartOf\":{\"@id\":\"https:\/\/taniabonament.pl\/sluchawki\/#website\"},\"datePublished\":\"2022-09-10T06:29:56+00:00\",\"dateModified\":\"2022-09-10T06:30:00+00:00\",\"description\":\"S\u0142uchawki bezprzewodowe. Model BlitzWolf w atrakcyjnej cenie 99.0 PLN. Przedstawiamy s\u0142uchawki do pracy zdalnej i s\u0142uchania muzyki.\",\"breadcrumb\":{\"@id\":\"https:\/\/taniabonament.pl\/sluchawki\/model\/sluchawki-bezprzewodowe-blitzwolf-bw-hp0-pro-czarne\/#breadcrumb\"},\"inLanguage\":\"pl-PL\",\"potentialAction\":[{\"@type\":\"ReadAction\",\"target\":[\"https:\/\/taniabonament.pl\/sluchawki\/model\/sluchawki-bezprzewodowe-blitzwolf-bw-hp0-pro-czarne\/\"]}]},{\"@type\":\"BreadcrumbList\",\"@id\":\"https:\/\/taniabonament.pl\/sluchawki\/model\/sluchawki-bezprzewodowe-blitzwolf-bw-hp0-pro-czarne\/#breadcrumb\",\"itemListElement\":[{\"@type\":\"ListItem\",\"position\":1,\"name\":\"Strona g\u0142\u00f3wna\",\"item\":\"https:\/\/taniabonament.pl\/sluchawki\/\"},{\"@type\":\"ListItem\",\"position\":2,\"name\":\"Sklep\",\"item\":\"https:\/\/taniabonament.pl\/sluchawki\/\"},{\"@type\":\"ListItem\",\"position\":3,\"name\":\"S\u0142uchawki bezprzewodowe BlitzWolf BW-HP0 Pro (czarne)\"}]},{\"@type\":\"WebSite\",\"@id\":\"https:\/\/taniabonament.pl\/sluchawki\/#website\",\"url\":\"https:\/\/taniabonament.pl\/sluchawki\/\",\"name\":\"TaniAbonament.pl S\u0142uchawki\",\"description\":\"\u015bwiat s\u0142uchawek idealnych do pracy zdalnej\",\"potentialAction\":[{\"@type\":\"SearchAction\",\"target\":{\"@type\":\"EntryPoint\",\"urlTemplate\":\"https:\/\/taniabonament.pl\/sluchawki\/?s={search_term_string}\"},\"query-input\":\"required name=search_term_string\"}],\"inLanguage\":\"pl-PL\"}]}<\/script>\n<!-- \/ Yoast SEO plugin. -->","yoast_head_json":{"title":"s\u0142uchawki bezprzewodowe BlitzWolf - promocje na TaniAbonament.pl","description":"S\u0142uchawki bezprzewodowe. Model BlitzWolf w atrakcyjnej cenie 99.0 PLN. Przedstawiamy s\u0142uchawki do pracy zdalnej i s\u0142uchania muzyki.","robots":{"index":"index","follow":"follow","max-snippet":"max-snippet:-1","max-image-preview":"max-image-preview:large","max-video-preview":"max-video-preview:-1"},"canonical":"https:\/\/taniabonament.pl\/sluchawki\/model\/sluchawki-bezprzewodowe-blitzwolf-bw-hp0-pro-czarne\/","og_locale":"pl_PL","og_type":"article","og_title":"s\u0142uchawki bezprzewodowe BlitzWolf - promocje na TaniAbonament.pl","og_description":"S\u0142uchawki bezprzewodowe. Model BlitzWolf w atrakcyjnej cenie 99.0 PLN. Przedstawiamy s\u0142uchawki do pracy zdalnej i s\u0142uchania muzyki.","og_url":"https:\/\/taniabonament.pl\/sluchawki\/model\/sluchawki-bezprzewodowe-blitzwolf-bw-hp0-pro-czarne\/","og_site_name":"TaniAbonament.pl S\u0142uchawki","article_modified_time":"2022-09-10T06:30:00+00:00","og_image":[{"width":500,"height":500,"url":"https:\/\/taniabonament.pl\/sluchawki\/wp-content\/uploads\/2022\/09\/0160e1e74c5b4e93fe06ea9fb8dfd326e654b809.webp","type":"image\/jpeg"}],"twitter_card":"summary_large_image","twitter_misc":{"Szacowany czas czytania":"1 minuta"},"schema":{"@context":"https:\/\/schema.org","@graph":[{"@type":"WebPage","@id":"https:\/\/taniabonament.pl\/sluchawki\/model\/sluchawki-bezprzewodowe-blitzwolf-bw-hp0-pro-czarne\/","url":"https:\/\/taniabonament.pl\/sluchawki\/model\/sluchawki-bezprzewodowe-blitzwolf-bw-hp0-pro-czarne\/","name":"s\u0142uchawki bezprzewodowe BlitzWolf - promocje na TaniAbonament.pl","isPartOf":{"@id":"https:\/\/taniabonament.pl\/sluchawki\/#website"},"datePublished":"2022-09-10T06:29:56+00:00","dateModified":"2022-09-10T06:30:00+00:00","description":"S\u0142uchawki bezprzewodowe. Model BlitzWolf w atrakcyjnej cenie 99.0 PLN. Przedstawiamy s\u0142uchawki do pracy zdalnej i s\u0142uchania muzyki.","breadcrumb":{"@id":"https:\/\/taniabonament.pl\/sluchawki\/model\/sluchawki-bezprzewodowe-blitzwolf-bw-hp0-pro-czarne\/#breadcrumb"},"inLanguage":"pl-PL","potentialAction":[{"@type":"ReadAction","target":["https:\/\/taniabonament.pl\/sluchawki\/model\/sluchawki-bezprzewodowe-blitzwolf-bw-hp0-pro-czarne\/"]}]},{"@type":"BreadcrumbList","@id":"https:\/\/taniabonament.pl\/sluchawki\/model\/sluchawki-bezprzewodowe-blitzwolf-bw-hp0-pro-czarne\/#breadcrumb","itemListElement":[{"@type":"ListItem","position":1,"name":"Strona g\u0142\u00f3wna","item":"https:\/\/taniabonament.pl\/sluchawki\/"},{"@type":"ListItem","position":2,"name":"Sklep","item":"https:\/\/taniabonament.pl\/sluchawki\/"},{"@type":"ListItem","position":3,"name":"S\u0142uchawki bezprzewodowe BlitzWolf BW-HP0 Pro (czarne)"}]},{"@type":"WebSite","@id":"https:\/\/taniabonament.pl\/sluchawki\/#website","url":"https:\/\/taniabonament.pl\/sluchawki\/","name":"TaniAbonament.pl S\u0142uchawki","description":"\u015bwiat s\u0142uchawek idealnych do pracy zdalnej","potentialAction":[{"@type":"SearchAction","target":{"@type":"EntryPoint","urlTemplate":"https:\/\/taniabonament.pl\/sluchawki\/?s={search_term_string}"},"query-input":"required name=search_term_string"}],"inLanguage":"pl-PL"}]}},"_links":{"self":[{"href":"https:\/\/taniabonament.pl\/sluchawki\/wp-json\/wp\/v2\/product\/10974","targetHints":{"allow":["GET"]}}],"collection":[{"href":"https:\/\/taniabonament.pl\/sluchawki\/wp-json\/wp\/v2\/product"}],"about":[{"href":"https:\/\/taniabonament.pl\/sluchawki\/wp-json\/wp\/v2\/types\/product"}],"replies":[{"embeddable":true,"href":"https:\/\/taniabonament.pl\/sluchawki\/wp-json\/wp\/v2\/comments?post=10974"}],"wp:featuredmedia":[{"embeddable":true,"href":"https:\/\/taniabonament.pl\/sluchawki\/wp-json\/wp\/v2\/media\/11505"}],"wp:attachment":[{"href":"https:\/\/taniabonament.pl\/sluchawki\/wp-json\/wp\/v2\/media?parent=10974"}],"wp:term":[{"taxonomy":"product_cat","embeddable":true,"href":"https:\/\/taniabonament.pl\/sluchawki\/wp-json\/wp\/v2\/product_cat?post=10974"},{"taxonomy":"product_tag","embeddable":true,"href":"https:\/\/taniabonament.pl\/sluchawki\/wp-json\/wp\/v2\/product_tag?post=10974"}],"curies":[{"name":"wp","href":"https:\/\/api.w.org\/{rel}","templated":true}]}}