{"id":10965,"date":"2022-09-10T06:29:33","date_gmt":"2022-09-10T06:29:33","guid":{"rendered":"https:\/\/taniabonament.pl\/sluchawki\/model\/nauszne-pdp-xbox-sluchawki-bezprzewodowe-lvl50\/"},"modified":"2022-09-10T06:29:34","modified_gmt":"2022-09-10T06:29:34","slug":"nauszne-pdp-xbox-sluchawki-bezprzewodowe-lvl50","status":"publish","type":"product","link":"https:\/\/taniabonament.pl\/sluchawki\/model\/nauszne-pdp-xbox-sluchawki-bezprzewodowe-lvl50\/","title":{"rendered":"Nauszne PDP Xbox S\u0142uchawki bezprzewodowe LVL50"},"content":{"rendered":"<p><img decoding=\"async\" style=\"margin-right: 25px; margin-bottom: 10px; width: 220px;\" src=\"https:\/\/static.convertiser.com\/media\/product_images\/299\/971606888c751fd3b48ab435f435aa50\/9688ed6309f21544f1d2192a506ba6f5e21b9d09.jpg\" alt=\"s\u0142uchawki Performance Designed Products\" align=\"left\" \/><\/p>\n<h2>S\u0142uchawki marki Performance Designed Products<\/h2>\n<p>CENA ORYGINALNA: 439.0 PLN<\/p>\n<div style=\"font-weight: bold; font-size: 18px;\">\n<p>UWAGA <span style=\"color: red;\">MAMY RABATY!<\/span><\/p>\n<p>Szczeg\u00f3\u0142owe parametry takie jak dane techniczne, promocje sprawdzisz poni\u017cej w Komputronik.pl. Przejd\u017a bezpo\u015brednio do tych s\u0142uchawek.<\/p>\n<p><span style=\"color: #fff; background-color: #000000; padding: 1px 7px;\"><strong>Performance Designed Products<\/strong><\/span><strong><span style=\"margin-left: 5px; color: #fff; background-color: red; padding: 1px 7px;\">439.0 PLN<\/span><\/strong><\/p>\n<\/div>\n<p style=\"text-align: center; padding-bottom: 15px; padding-top: 10px;\"><a style=\"color: #fff; font-size: 22px; background-color: #e4144d; padding: 9px; border-radius: 7px; text-decoration: underline;\" href=\"https:\/\/converti.se\/click\/34590059-c70e8160-5f3ad4bf\/?deep_link=https%3A%2F%2Fwww.komputronik.pl%2Fproduct%2F713706%2Fpdp-xbox-sluchawki-bezprzewodowe-lvl50.html&#038;sid=sluchawki-bezprzewodowe&#038;tag6=product&#038;tag8=971606888c751fd3b48ab435f435aa50&#038;tag9=Nauszne+PDP+Xbox+S%C5%82uchawki+bezprzewodowe+LVL50\" target=\"_blank\" rel=\"nofollow noopener\">Sprawd\u017a Szczeg\u00f3\u0142y<\/a> <span style=\"font-size: 22px; padding-left: 10px;\"><\/span><\/p>\n<p style=\"text-align: center;\">DZI\u0118KUJEMY, \u017ce jeste\u015b z nami!<br \/>\nzapami\u0119taj najlepsze s\u0142uchawki znajdziesz na TaniAbonament.pl\/sluchawki\/<\/p>\n<p style=\"text-align: center;\">odwiedzaj nas cz\u0119\u015bciej \ud83d\ude42<\/p>\n<h3>Jakie s\u0142uchawki wybra\u0107?<\/h3>\n<p>Musisz wiedzie\u0107, \u017ce <a style=\"color: red;\" href=\"https:\/\/taniabonament.pl\/sluchawki\/\">dobre s\u0142uchawki<\/a> powinny by\u0107 przede wszystkim wygodne. Na rynku dost\u0119pne s\u0105 r\u00f3\u017cne modele, od s\u0142uchawek dousznych jak i s\u0142uchawek bardziej klasycznych &#8211; zakrywaj\u0105cych ca\u0142e uszy. Wyb\u00f3r odpowiedniego modelu zale\u017cy od ka\u017cdego nas i od potrzeb kt\u00f3re po prostu mamy. Dodatkow\u0105 wygod\u0105 jest tak\u017ce transmisja bezprzewodowa, realizowana g\u0142\u00f3wnie za po\u015brednictwem modu\u0142u bluetooth, to si\u0119 sprawdza na co dzie\u0144.<\/p>\n<p>Ceny poszczeg\u00f3lnych modeli mog\u0105 by\u0107 r\u00f3\u017cne, od najta\u0144szych kt\u00f3re zapewniaj\u0105 nazwijmy to podstawowy ods\u0142uch, po modele s\u0142uchawek z wy\u017cszej p\u00f3\u0142ki kt\u00f3re gwarantuj\u0105 bardzo dobr\u0105 jako\u015b\u0107 d\u017awi\u0119ku. Ten model mo\u017ce by\u0107 w kr\u0119gu Twoich zainteresowa\u0144.<\/p>\n<p>Dobrze dobrane dobre s\u0142uchawki sprawdz\u0105 si\u0119 w r\u00f3\u017cnych sytuacjach i b\u0119d\u0105 idealnym uzupe\u0142nieniem Twojego smartfona (zobacz jaki <a style=\"color: red;\" href=\"https:\/\/taniabonament.pl\/telefony\/\">nowy telefon<\/a> mo\u017cesz kupi\u0107 dzisiaj w atrakcyjnej cenie), dzi\u0119ki czemu b\u0119dziesz komfortowo s\u0142ucha\u0107 ulubionej muzyki.<\/p>\n","protected":false},"excerpt":{"rendered":"<h3>Odpowiednie <span style='color: red;'>s\u0142uchawki<\/span> bezprzewodowe? <\/h3>\n<p> Cechy i zalety: <\/p>\n<ul style='padding-left: 10px; padding-bottom: 10px;'>\n<li style='padding-top: 10px;'>PDP XO S\u0142uchawki bezprzewodowe LVL50 Niezale\u017cnie od tego, czy wybierasz si\u0119 na szybki mecz przed kolacj\u0105, czy te\u017c ca\u0142o dzienn\u0105 rozgrywk\u0119 z nowym tytu\u0142em, bezprzewodowy zestaw s\u0142uchawkowy stereo LVL50 pomo\u017ce Ci ulepszy\u0107 gr\u0119\n<li style='padding-top: 10px;'>Wy\u017csza jako\u015b\u0107 podczas gry, na kt\u00f3r\u0105 zas\u0142ugujesz B\u0105d\u017a na szczycie swojej gry i komunikuj si\u0119 wyra\u017anie ze swoim zespo\u0142em dzi\u0119ki bezprzewodowemu zestawowi s\u0142uchawkowemu LVL50 dla XO\n<li style='padding-top: 10px;'>USB mo\u017cna pod\u0142\u0105czy\u0107 bezpo\u015brednio do konsoli XO, co u\u0142atwia konfiguracj\u0119 i zapewnia zasi\u0119g do 12 metr\u00f3w\n<li style='padding-top: 10px;'>Graj na wysokim poziomie i przewiduj nast\u0119pny ruch wroga, ciesz\u0105c si\u0119 krystalicznie czystym d\u017awi\u0119kiem\n<li style='padding-top: 10px;'>Niezr\u00f3wnany komfort Dzi\u0119ki oddychaj\u0105cym poduszkom nausznym z nylonowej siatki i regulowanemu lekkiemu pa\u0142\u0105kowi ten zestaw s\u0142uchawkowy zapewnia wygod\u0119 podczas d\u0142ugich sesji grania\n<li style='padding-top: 10px;'>Zmniejsz presj\u0119 i zm\u0119czenie, aby\u015b m\u00f3g\u0142 skupi\u0107 ca\u0142\u0105 swoj\u0105 uwag\u0119 na doprowadzeniu swoich towarzyszy do zwyci\u0119stwa! Pot\u0119\u017cny i dynamiczny zr\u00f3wnowa\u017cony d\u017awi\u0119k Bezprzewodowy stereofoniczny zestaw s\u0142uchawkowy zapewnia dynamiczny d\u017awi\u0119k dzi\u0119ki dw\u00f3m pot\u0119\u017cnym magnesom 50 mm\n<li style='padding-top: 10px;'>S\u0142uchaj swoich gier tak, jak powiniene\u015b i upewnij si\u0119, \u017ce polecenia s\u0105 odbierane g\u0142o\u015bno i wyra\u017anie dzi\u0119ki elastycznemu mikrofonowi z redukcj\u0105 szum\u00f3w\n<li style='padding-top: 10px;'>Wygodne nauszniki wykonane z oddychaj\u0105cej siatki nylonowej \u0141atwo dost\u0119pne pokr\u0119t\u0142o g\u0142o\u015bno\u015bci na prawym nauszniku Dwukierunkowy mikrofon z redukcj\u0105 szum\u00f3w z pasywnym filtrem szum\u00f3w i os\u0142on\u0105 Wycisz mikrofon: mikrofon jest wyciszony, gdy wysi\u0119gnik mikrofonu jest podniesiony Tryby audio: Pure Audio i Bass Boost<\/ul>\n","protected":false},"featured_media":11436,"comment_status":"closed","ping_status":"open","template":"","meta":[],"product_cat":[786,595],"product_tag":[],"class_list":{"0":"post-10965","1":"product","2":"type-product","3":"status-publish","5":"hentry","6":"product_cat-performance-designed-products","7":"product_cat-sluchawki-bezprzewodowe","8":"pa_producent-performance-designed-products","9":"pa_sklep-komputronik-pl"},"yoast_head":"<!-- This site is optimized with the Yoast SEO plugin v20.9 - https:\/\/yoast.com\/wordpress\/plugins\/seo\/ -->\n<title>s\u0142uchawki bezprzewodowe Performance Designed Products - promocje na TaniAbonament.pl<\/title>\n<meta name=\"description\" content=\"S\u0142uchawki bezprzewodowe. Model Performance Designed Products w atrakcyjnej cenie 439.0 PLN. Przedstawiamy s\u0142uchawki do pracy zdalnej i s\u0142uchania muzyki.\" \/>\n<meta name=\"robots\" content=\"index, follow, max-snippet:-1, max-image-preview:large, max-video-preview:-1\" \/>\n<link rel=\"canonical\" href=\"https:\/\/taniabonament.pl\/sluchawki\/model\/nauszne-pdp-xbox-sluchawki-bezprzewodowe-lvl50\/\" \/>\n<meta property=\"og:locale\" content=\"pl_PL\" \/>\n<meta property=\"og:type\" content=\"article\" \/>\n<meta property=\"og:title\" content=\"s\u0142uchawki bezprzewodowe Performance Designed Products - promocje na TaniAbonament.pl\" \/>\n<meta property=\"og:description\" content=\"S\u0142uchawki bezprzewodowe. Model Performance Designed Products w atrakcyjnej cenie 439.0 PLN. Przedstawiamy s\u0142uchawki do pracy zdalnej i s\u0142uchania muzyki.\" \/>\n<meta property=\"og:url\" content=\"https:\/\/taniabonament.pl\/sluchawki\/model\/nauszne-pdp-xbox-sluchawki-bezprzewodowe-lvl50\/\" \/>\n<meta property=\"og:site_name\" content=\"TaniAbonament.pl S\u0142uchawki\" \/>\n<meta property=\"article:modified_time\" content=\"2022-09-10T06:29:34+00:00\" \/>\n<meta property=\"og:image\" content=\"https:\/\/taniabonament.pl\/sluchawki\/wp-content\/uploads\/2022\/09\/9688ed6309f21544f1d2192a506ba6f5e21b9d09.jpg\" \/>\n\t<meta property=\"og:image:width\" content=\"650\" \/>\n\t<meta property=\"og:image:height\" content=\"650\" \/>\n\t<meta property=\"og:image:type\" content=\"image\/jpeg\" \/>\n<meta name=\"twitter:card\" content=\"summary_large_image\" \/>\n<meta name=\"twitter:label1\" content=\"Szacowany czas czytania\" \/>\n\t<meta name=\"twitter:data1\" content=\"1 minuta\" \/>\n<script type=\"application\/ld+json\" class=\"yoast-schema-graph\">{\"@context\":\"https:\/\/schema.org\",\"@graph\":[{\"@type\":\"WebPage\",\"@id\":\"https:\/\/taniabonament.pl\/sluchawki\/model\/nauszne-pdp-xbox-sluchawki-bezprzewodowe-lvl50\/\",\"url\":\"https:\/\/taniabonament.pl\/sluchawki\/model\/nauszne-pdp-xbox-sluchawki-bezprzewodowe-lvl50\/\",\"name\":\"s\u0142uchawki bezprzewodowe Performance Designed Products - promocje na TaniAbonament.pl\",\"isPartOf\":{\"@id\":\"https:\/\/taniabonament.pl\/sluchawki\/#website\"},\"datePublished\":\"2022-09-10T06:29:33+00:00\",\"dateModified\":\"2022-09-10T06:29:34+00:00\",\"description\":\"S\u0142uchawki bezprzewodowe. Model Performance Designed Products w atrakcyjnej cenie 439.0 PLN. Przedstawiamy s\u0142uchawki do pracy zdalnej i s\u0142uchania muzyki.\",\"breadcrumb\":{\"@id\":\"https:\/\/taniabonament.pl\/sluchawki\/model\/nauszne-pdp-xbox-sluchawki-bezprzewodowe-lvl50\/#breadcrumb\"},\"inLanguage\":\"pl-PL\",\"potentialAction\":[{\"@type\":\"ReadAction\",\"target\":[\"https:\/\/taniabonament.pl\/sluchawki\/model\/nauszne-pdp-xbox-sluchawki-bezprzewodowe-lvl50\/\"]}]},{\"@type\":\"BreadcrumbList\",\"@id\":\"https:\/\/taniabonament.pl\/sluchawki\/model\/nauszne-pdp-xbox-sluchawki-bezprzewodowe-lvl50\/#breadcrumb\",\"itemListElement\":[{\"@type\":\"ListItem\",\"position\":1,\"name\":\"Strona g\u0142\u00f3wna\",\"item\":\"https:\/\/taniabonament.pl\/sluchawki\/\"},{\"@type\":\"ListItem\",\"position\":2,\"name\":\"Sklep\",\"item\":\"https:\/\/taniabonament.pl\/sluchawki\/\"},{\"@type\":\"ListItem\",\"position\":3,\"name\":\"Nauszne PDP Xbox S\u0142uchawki bezprzewodowe LVL50\"}]},{\"@type\":\"WebSite\",\"@id\":\"https:\/\/taniabonament.pl\/sluchawki\/#website\",\"url\":\"https:\/\/taniabonament.pl\/sluchawki\/\",\"name\":\"TaniAbonament.pl S\u0142uchawki\",\"description\":\"\u015bwiat s\u0142uchawek idealnych do pracy zdalnej\",\"potentialAction\":[{\"@type\":\"SearchAction\",\"target\":{\"@type\":\"EntryPoint\",\"urlTemplate\":\"https:\/\/taniabonament.pl\/sluchawki\/?s={search_term_string}\"},\"query-input\":\"required name=search_term_string\"}],\"inLanguage\":\"pl-PL\"}]}<\/script>\n<!-- \/ Yoast SEO plugin. -->","yoast_head_json":{"title":"s\u0142uchawki bezprzewodowe Performance Designed Products - promocje na TaniAbonament.pl","description":"S\u0142uchawki bezprzewodowe. Model Performance Designed Products w atrakcyjnej cenie 439.0 PLN. Przedstawiamy s\u0142uchawki do pracy zdalnej i s\u0142uchania muzyki.","robots":{"index":"index","follow":"follow","max-snippet":"max-snippet:-1","max-image-preview":"max-image-preview:large","max-video-preview":"max-video-preview:-1"},"canonical":"https:\/\/taniabonament.pl\/sluchawki\/model\/nauszne-pdp-xbox-sluchawki-bezprzewodowe-lvl50\/","og_locale":"pl_PL","og_type":"article","og_title":"s\u0142uchawki bezprzewodowe Performance Designed Products - promocje na TaniAbonament.pl","og_description":"S\u0142uchawki bezprzewodowe. Model Performance Designed Products w atrakcyjnej cenie 439.0 PLN. Przedstawiamy s\u0142uchawki do pracy zdalnej i s\u0142uchania muzyki.","og_url":"https:\/\/taniabonament.pl\/sluchawki\/model\/nauszne-pdp-xbox-sluchawki-bezprzewodowe-lvl50\/","og_site_name":"TaniAbonament.pl S\u0142uchawki","article_modified_time":"2022-09-10T06:29:34+00:00","og_image":[{"width":650,"height":650,"url":"https:\/\/taniabonament.pl\/sluchawki\/wp-content\/uploads\/2022\/09\/9688ed6309f21544f1d2192a506ba6f5e21b9d09.jpg","type":"image\/jpeg"}],"twitter_card":"summary_large_image","twitter_misc":{"Szacowany czas czytania":"1 minuta"},"schema":{"@context":"https:\/\/schema.org","@graph":[{"@type":"WebPage","@id":"https:\/\/taniabonament.pl\/sluchawki\/model\/nauszne-pdp-xbox-sluchawki-bezprzewodowe-lvl50\/","url":"https:\/\/taniabonament.pl\/sluchawki\/model\/nauszne-pdp-xbox-sluchawki-bezprzewodowe-lvl50\/","name":"s\u0142uchawki bezprzewodowe Performance Designed Products - promocje na TaniAbonament.pl","isPartOf":{"@id":"https:\/\/taniabonament.pl\/sluchawki\/#website"},"datePublished":"2022-09-10T06:29:33+00:00","dateModified":"2022-09-10T06:29:34+00:00","description":"S\u0142uchawki bezprzewodowe. Model Performance Designed Products w atrakcyjnej cenie 439.0 PLN. Przedstawiamy s\u0142uchawki do pracy zdalnej i s\u0142uchania muzyki.","breadcrumb":{"@id":"https:\/\/taniabonament.pl\/sluchawki\/model\/nauszne-pdp-xbox-sluchawki-bezprzewodowe-lvl50\/#breadcrumb"},"inLanguage":"pl-PL","potentialAction":[{"@type":"ReadAction","target":["https:\/\/taniabonament.pl\/sluchawki\/model\/nauszne-pdp-xbox-sluchawki-bezprzewodowe-lvl50\/"]}]},{"@type":"BreadcrumbList","@id":"https:\/\/taniabonament.pl\/sluchawki\/model\/nauszne-pdp-xbox-sluchawki-bezprzewodowe-lvl50\/#breadcrumb","itemListElement":[{"@type":"ListItem","position":1,"name":"Strona g\u0142\u00f3wna","item":"https:\/\/taniabonament.pl\/sluchawki\/"},{"@type":"ListItem","position":2,"name":"Sklep","item":"https:\/\/taniabonament.pl\/sluchawki\/"},{"@type":"ListItem","position":3,"name":"Nauszne PDP Xbox S\u0142uchawki bezprzewodowe LVL50"}]},{"@type":"WebSite","@id":"https:\/\/taniabonament.pl\/sluchawki\/#website","url":"https:\/\/taniabonament.pl\/sluchawki\/","name":"TaniAbonament.pl S\u0142uchawki","description":"\u015bwiat s\u0142uchawek idealnych do pracy zdalnej","potentialAction":[{"@type":"SearchAction","target":{"@type":"EntryPoint","urlTemplate":"https:\/\/taniabonament.pl\/sluchawki\/?s={search_term_string}"},"query-input":"required name=search_term_string"}],"inLanguage":"pl-PL"}]}},"_links":{"self":[{"href":"https:\/\/taniabonament.pl\/sluchawki\/wp-json\/wp\/v2\/product\/10965","targetHints":{"allow":["GET"]}}],"collection":[{"href":"https:\/\/taniabonament.pl\/sluchawki\/wp-json\/wp\/v2\/product"}],"about":[{"href":"https:\/\/taniabonament.pl\/sluchawki\/wp-json\/wp\/v2\/types\/product"}],"replies":[{"embeddable":true,"href":"https:\/\/taniabonament.pl\/sluchawki\/wp-json\/wp\/v2\/comments?post=10965"}],"wp:featuredmedia":[{"embeddable":true,"href":"https:\/\/taniabonament.pl\/sluchawki\/wp-json\/wp\/v2\/media\/11436"}],"wp:attachment":[{"href":"https:\/\/taniabonament.pl\/sluchawki\/wp-json\/wp\/v2\/media?parent=10965"}],"wp:term":[{"taxonomy":"product_cat","embeddable":true,"href":"https:\/\/taniabonament.pl\/sluchawki\/wp-json\/wp\/v2\/product_cat?post=10965"},{"taxonomy":"product_tag","embeddable":true,"href":"https:\/\/taniabonament.pl\/sluchawki\/wp-json\/wp\/v2\/product_tag?post=10965"}],"curies":[{"name":"wp","href":"https:\/\/api.w.org\/{rel}","templated":true}]}}