{"id":10898,"date":"2022-09-10T06:29:45","date_gmt":"2022-09-10T06:29:45","guid":{"rendered":"https:\/\/taniabonament.pl\/sluchawki\/model\/baseus-bowie-e8-sluchawki-bezprzewodowe-bluetooth-5-0-tws-eol\/"},"modified":"2022-09-10T06:29:45","modified_gmt":"2022-09-10T06:29:45","slug":"baseus-bowie-e8-sluchawki-bezprzewodowe-bluetooth-5-0-tws-eol","status":"publish","type":"product","link":"https:\/\/taniabonament.pl\/sluchawki\/model\/baseus-bowie-e8-sluchawki-bezprzewodowe-bluetooth-5-0-tws-eol\/","title":{"rendered":"Baseus Bowie E8 | S\u0142uchawki bezprzewodowe Bluetooth 5.0 TWS EOL"},"content":{"rendered":"<p><img decoding=\"async\" style=\"margin-right: 25px; margin-bottom: 10px; width: 220px;\" src=\"https:\/\/static.convertiser.com\/media\/product_images\/349\/07b32f80e429ddb900ba8bb53392a860\/5de58692667325b54e6a6f145aeb245b757345f4.jpg\" alt=\"s\u0142uchawki Baseus - EOL\" align=\"left\" \/><\/p>\n<h2>S\u0142uchawki marki Baseus &#8211; EOL<\/h2>\n<p>CENA ORYGINALNA: 199.0 PLN<\/p>\n<div style=\"font-weight: bold; font-size: 18px;\">\n<p>UWAGA <span style=\"color: red;\">MAMY RABATY!<\/span><\/p>\n<p>Szczeg\u00f3\u0142owe parametry takie jak dane techniczne, promocje sprawdzisz poni\u017cej w E-baseus. Przejd\u017a bezpo\u015brednio do tych s\u0142uchawek.<\/p>\n<p><span style=\"color: #fff; background-color: #000000; padding: 1px 7px;\"><strong>Baseus &#8211; EOL<\/strong><\/span><strong><span style=\"margin-left: 5px; color: #fff; background-color: red; padding: 1px 7px;\">199.0 PLN<\/span><\/strong><\/p>\n<\/div>\n<p style=\"text-align: center; padding-bottom: 15px; padding-top: 10px;\"><a style=\"color: #fff; font-size: 22px; background-color: #e4144d; padding: 9px; border-radius: 7px; text-decoration: underline;\" href=\"https:\/\/converti.se\/click\/34590059-c70e8160-5f3bd1b8\/?deep_link=https%3A%2F%2Fe-baseus.com%2Fproduct-pol-3718-Baseus-Bowie-E8-Sluchawki-bezprzewodowe-Bluetooth-5-0-TWS-EOL-uniw.googleshoppingpl.html&#038;sid=sluchawki-bezprzewodowe&#038;tag6=product&#038;tag8=07b32f80e429ddb900ba8bb53392a860&#038;tag9=Baseus+Bowie+E8+%7C+S%C5%82uchawki+bezprzewodowe+Bluetooth+5.0+TWS+EOL\" target=\"_blank\" rel=\"nofollow noopener\">Sprawd\u017a Szczeg\u00f3\u0142y<\/a> <span style=\"font-size: 22px; padding-left: 10px;\"><\/span><\/p>\n<p style=\"text-align: center;\">DZI\u0118KUJEMY, \u017ce jeste\u015b z nami!<br \/>\nzapami\u0119taj najlepsze s\u0142uchawki znajdziesz na TaniAbonament.pl\/sluchawki\/<\/p>\n<p style=\"text-align: center;\">odwiedzaj nas cz\u0119\u015bciej \ud83d\ude42<\/p>\n<h3>Jakie s\u0142uchawki wybra\u0107?<\/h3>\n<p>Musisz wiedzie\u0107, \u017ce <a style=\"color: red;\" href=\"https:\/\/taniabonament.pl\/sluchawki\/\">dobre s\u0142uchawki<\/a> powinny by\u0107 przede wszystkim wygodne. Na rynku dost\u0119pne s\u0105 r\u00f3\u017cne modele, od s\u0142uchawek dousznych jak i s\u0142uchawek bardziej klasycznych &#8211; zakrywaj\u0105cych ca\u0142e uszy. Wyb\u00f3r odpowiedniego modelu zale\u017cy od ka\u017cdego nas i od potrzeb kt\u00f3re po prostu mamy. Dodatkow\u0105 wygod\u0105 jest tak\u017ce transmisja bezprzewodowa, realizowana g\u0142\u00f3wnie za po\u015brednictwem modu\u0142u bluetooth, to si\u0119 sprawdza na co dzie\u0144.<\/p>\n<p>Ceny poszczeg\u00f3lnych modeli mog\u0105 by\u0107 r\u00f3\u017cne, od najta\u0144szych kt\u00f3re zapewniaj\u0105 nazwijmy to podstawowy ods\u0142uch, po modele s\u0142uchawek z wy\u017cszej p\u00f3\u0142ki kt\u00f3re gwarantuj\u0105 bardzo dobr\u0105 jako\u015b\u0107 d\u017awi\u0119ku. Ten model mo\u017ce by\u0107 w kr\u0119gu Twoich zainteresowa\u0144.<\/p>\n<p>Dobrze dobrane dobre s\u0142uchawki sprawdz\u0105 si\u0119 w r\u00f3\u017cnych sytuacjach i b\u0119d\u0105 idealnym uzupe\u0142nieniem Twojego smartfona (zobacz jaki <a style=\"color: red;\" href=\"https:\/\/taniabonament.pl\/telefony\/\">nowy telefon<\/a> mo\u017cesz kupi\u0107 dzisiaj w atrakcyjnej cenie), dzi\u0119ki czemu b\u0119dziesz komfortowo s\u0142ucha\u0107 ulubionej muzyki.<\/p>\n","protected":false},"excerpt":{"rendered":"<h3>Odpowiednie <span style='color: red;'>s\u0142uchawki<\/span> bezprzewodowe? <\/h3>\n<p> Cechy i zalety: <\/p>\n<ul style='padding-left: 10px; padding-bottom: 10px;'>\n<li style='padding-top: 10px;'>Bowie E8Bowie E8 to lekkie i wygodne s\u0142uchawki bezprzewodowe\n<li style='padding-top: 10px;'>Zosta\u0142y wyposa\u017cone w Bluetooth 5.0\n<li style='padding-top: 10px;'>Zapewniaj\u0105 niezawodne po\u0142\u0105czenie oraz nieprzerwany d\u017awi\u0119k\n<li style='padding-top: 10px;'>Po pierwszym sparowaniu wszystkie kolejne po\u0142\u0105czenia b\u0119d\u0105 nawi\u0105zywane automatycznie.S\u0142uchawki pewnie przylegaj\u0105 do uszu i pozwalaj\u0105 cieszy\u0107 si\u0119 muzyk\u0105 przez ca\u0142y dzie\u0144 &#8211; bez dyskomfortu\n<li style='padding-top: 10px;'>Ca\u0142kowity brak kabli nie ogranicza ruch\u00f3w\n<li style='padding-top: 10px;'>Dzi\u0119ki obecno\u015bci\u00a0czujnik\u00f3w optycznych i akcelerometru\u00a0s\u0142uchawki rozpoznaj\u0105, kiedy s\u0105 w uchu\n<li style='padding-top: 10px;'>Wy\u0142\u0105cz\u0105 i w\u0142\u0105cz\u0105 d\u017awi\u0119k automatycznie.Wbudowana redukcja szum\u00f3w sprawi, \u017ce us\u0142yszysz muzyk\u0119 bez \u017cadnych zak\u0142\u00f3ce\u0144\n<li style='padding-top: 10px;'>Wyeliminuje niepo\u017c\u0105dane d\u017awi\u0119ki\n<li style='padding-top: 10px;'>Niezale\u017cnie od tego, czy jeste\u015b w autobusie czy w poczekalni.\u00a0Ha\u0142as przestanie by\u0107 przeszkod\u0105 i zanurzysz si\u0119 w d\u017awi\u0119ku jak nigdy dot\u0105d.\u00a0W lewej i prawej s\u0142uchawce zastosowano mikrofon MEMS o wysokiej czu\u0142o\u015bci.W pe\u0142ni na\u0142adowane s\u0142uchawki oferuj\u0105 5h s\u0142uchania muzyki\n<li style='padding-top: 10px;'>Do\u0142\u0105czone etui wyd\u0142u\u017cy ten czas do 24-30 godzin.Zestaw zosta\u0142 wyposa\u017cony w sterowanie dotykowe\n<li style='padding-top: 10px;'>Wystarczy dotkn\u0105\u0107 wk\u0142adek opuszkami palc\u00f3w aby odebra\u0107 po\u0142\u0105czenie, aktywowa\u0107 asystenta g\u0142osowego lub zmieni\u0107 utw\u00f3r.Aplikacja Baseus Smart automatycznie zarejestruje po\u0142o\u017cenie ostatnio od\u0142\u0105czonych s\u0142uchawek i pozwoli je zlokalizowa\u0107\n<li style='padding-top: 10px;'>Umo\u017cliwi r\u00f3wnie\u017c sprawdzenie stanu po\u0142\u0105czenia i pozosta\u0142\u0105 moc baterii w aplikacji.Parametry:Model: True Wireless Earphones Bowie E8Material: ABS+PCWersja Bluetooth: V5.0Komunikacja: 10mCzas muzyki: ok 5h (70% g\u0142o\u015bno\u015bci)Czas muzyki z etui: 24~30hPojemno\u015b\u0107 baterii: 40mAh; s\u0142uchawki; 35 mAh etuiCzas \u0142adowania: 1hCz\u0119stotliwo\u015b\u0107: 20Hz-20kHzZ\u0142\u0105cze: Type-CKolor: r\u00f3\u017cowyKompatybilno\u015b\u0107: wszystkie urz\u0105dzenia z funkcj\u0105 BluetoothKod producenta: NGE8-04Najwa\u017cniejsze zalety:Aplikacja lokalizuje ostatnie po\u0142o\u017cenie s\u0142uchawek.Wszystkie elementy steruj\u0105ce s\u0105 intuicyjne i znajduj\u0105 si\u0119 na samych s\u0142uchawkach.S\u0142uchawki mog\u0105 pracowa\u0107 nieprzerwanie przez 5 godzin.Obudowa s\u0142u\u017cy r\u00f3wnie\u017c jako \u017ar\u00f3d\u0142o zasilania.Mikrofon MEMS zapewnia stabilny, czysty d\u017awi\u0119k i doskona\u0142y efekt redukcji szum\u00f3wIdealne dopasowanie do ma\u0142\u017cowiny usznej\n<li style='padding-top: 10px;'>Zapewniaj\u0105 dodatkowy komfort i izolacj\u0119 akustyczn\u0105.Dzi\u0119ki obecno\u015bci czujnik\u00f3w s\u0142uchawki rozpoznaj\u0105, kiedy je zdejmujesz i kiedy je nosisz, wstrzymuj\u0105c i w\u0142\u0105czaj\u0105c d\u017awi\u0119k.Zosta\u0142y wyposa\u017cone w Bluetooth 5.0.Wsparcie asystenta g\u0142osowego.D\u017awi\u0119kBaseus pracowa\u0142 nad jako\u015bci\u0105 d\u017awi\u0119ku i osi\u0105gn\u0105\u0142 imponuj\u0105ce wyniki\n<li style='padding-top: 10px;'>Mimo ma\u0142ego rozmiaru s\u0142uchawki s\u0105 wyposa\u017cone w membran\u0119 10mm r\u00f3wnowa\u017c\u0105c\u0105 wysokie, \u015brednie i niskie cz\u0119stotliwo\u015bci\n<li style='padding-top: 10px;'>Efekt izoluj\u0105cy pozwala\u00a0cieszy\u0107 si\u0119 czystym d\u017awi\u0119kiem na najwy\u017cszym poziomie w dowolnym miejscu i czasie.Dzi\u0119ki technologii Bluetooth 5.0 mo\u017cesz przesy\u0142a\u0107 strumieniowo muzyk\u0119 ze smartfon\u00f3w, tablet\u00f3w lub innych urz\u0105dze\u0144 obs\u0142uguj\u0105cych technologi\u0119 Bluetooth w promieniu 10m.Nowa generacja chip\u00f3w\u00a0oferuje szybsze po\u0142\u0105czenie, mniejsze zu\u017cycie energii oraz stabiln\u0105 i szybk\u0105 transmisj\u0119 d\u017awi\u0119ku.Ponadto do s\u0142uchawek mo\u017cna pod\u0142\u0105czy\u0107 jednocze\u015bnie dwa urz\u0105dzenia mobilne.Baseus Smart Control automatycznie wtrzyma muzyk\u0119 i prze\u0142\u0105czy si\u0119 na drugie urz\u0105dzenie gdy wykryje po\u0142\u0105czenie przychodz\u0105ce.WykonanieDzi\u0119ki przemy\u015blanym kszta\u0142tom s\u0142uchawki \u015bci\u015ble i delikatnie dopasowuj\u0105 si\u0119 do ucha, zapewniaj\u0105c wygod\u0119 nawet po kilku godzinach s\u0142uchania.S\u0105 niezwykle lekkie &#8211; ka\u017cda s\u0142uchawka wa\u017cy zaledwie 4g.Do zestawu zosta\u0142o do\u0142\u0105czone etui do \u0142adowania, przenoszenia i przechowywania s\u0142uchawek.Ka\u017cda s\u0142uchawka posiada wbudowan\u0105 bateri\u0119 o pojemno\u015bci 40mAh co zapewnia oko\u0142o 5h ci\u0105g\u0142ej pracy\n<li style='padding-top: 10px;'>Dzi\u0119ki etui z funkcj\u0105<\/ul>\n","protected":false},"featured_media":11455,"comment_status":"closed","ping_status":"open","template":"","meta":[],"product_cat":[863,595],"product_tag":[],"class_list":{"0":"post-10898","1":"product","2":"type-product","3":"status-publish","5":"hentry","6":"product_cat-baseus-eol","7":"product_cat-sluchawki-bezprzewodowe","8":"pa_producent-baseus-eol","9":"pa_sklep-e-baseus"},"yoast_head":"<!-- This site is optimized with the Yoast SEO plugin v20.9 - https:\/\/yoast.com\/wordpress\/plugins\/seo\/ -->\n<title>s\u0142uchawki bezprzewodowe Baseus - EOL - promocje na TaniAbonament.pl<\/title>\n<meta name=\"description\" content=\"S\u0142uchawki bezprzewodowe. Model Baseus - EOL w atrakcyjnej cenie 199.0 PLN. Przedstawiamy s\u0142uchawki do pracy zdalnej i s\u0142uchania muzyki.\" \/>\n<meta name=\"robots\" content=\"index, follow, max-snippet:-1, max-image-preview:large, max-video-preview:-1\" \/>\n<link rel=\"canonical\" href=\"https:\/\/taniabonament.pl\/sluchawki\/model\/baseus-bowie-e8-sluchawki-bezprzewodowe-bluetooth-5-0-tws-eol\/\" \/>\n<meta property=\"og:locale\" content=\"pl_PL\" \/>\n<meta property=\"og:type\" content=\"article\" \/>\n<meta property=\"og:title\" content=\"s\u0142uchawki bezprzewodowe Baseus - EOL - promocje na TaniAbonament.pl\" \/>\n<meta property=\"og:description\" content=\"S\u0142uchawki bezprzewodowe. Model Baseus - EOL w atrakcyjnej cenie 199.0 PLN. Przedstawiamy s\u0142uchawki do pracy zdalnej i s\u0142uchania muzyki.\" \/>\n<meta property=\"og:url\" content=\"https:\/\/taniabonament.pl\/sluchawki\/model\/baseus-bowie-e8-sluchawki-bezprzewodowe-bluetooth-5-0-tws-eol\/\" \/>\n<meta property=\"og:site_name\" content=\"TaniAbonament.pl S\u0142uchawki\" \/>\n<meta property=\"og:image\" content=\"https:\/\/taniabonament.pl\/sluchawki\/wp-content\/uploads\/2022\/09\/5de58692667325b54e6a6f145aeb245b757345f4.jpg\" \/>\n\t<meta property=\"og:image:width\" content=\"600\" \/>\n\t<meta property=\"og:image:height\" content=\"600\" \/>\n\t<meta property=\"og:image:type\" content=\"image\/jpeg\" \/>\n<meta name=\"twitter:card\" content=\"summary_large_image\" \/>\n<meta name=\"twitter:label1\" content=\"Szacowany czas czytania\" \/>\n\t<meta name=\"twitter:data1\" content=\"1 minuta\" \/>\n<script type=\"application\/ld+json\" class=\"yoast-schema-graph\">{\"@context\":\"https:\/\/schema.org\",\"@graph\":[{\"@type\":\"WebPage\",\"@id\":\"https:\/\/taniabonament.pl\/sluchawki\/model\/baseus-bowie-e8-sluchawki-bezprzewodowe-bluetooth-5-0-tws-eol\/\",\"url\":\"https:\/\/taniabonament.pl\/sluchawki\/model\/baseus-bowie-e8-sluchawki-bezprzewodowe-bluetooth-5-0-tws-eol\/\",\"name\":\"s\u0142uchawki bezprzewodowe Baseus - EOL - promocje na TaniAbonament.pl\",\"isPartOf\":{\"@id\":\"https:\/\/taniabonament.pl\/sluchawki\/#website\"},\"datePublished\":\"2022-09-10T06:29:45+00:00\",\"dateModified\":\"2022-09-10T06:29:45+00:00\",\"description\":\"S\u0142uchawki bezprzewodowe. Model Baseus - EOL w atrakcyjnej cenie 199.0 PLN. Przedstawiamy s\u0142uchawki do pracy zdalnej i s\u0142uchania muzyki.\",\"breadcrumb\":{\"@id\":\"https:\/\/taniabonament.pl\/sluchawki\/model\/baseus-bowie-e8-sluchawki-bezprzewodowe-bluetooth-5-0-tws-eol\/#breadcrumb\"},\"inLanguage\":\"pl-PL\",\"potentialAction\":[{\"@type\":\"ReadAction\",\"target\":[\"https:\/\/taniabonament.pl\/sluchawki\/model\/baseus-bowie-e8-sluchawki-bezprzewodowe-bluetooth-5-0-tws-eol\/\"]}]},{\"@type\":\"BreadcrumbList\",\"@id\":\"https:\/\/taniabonament.pl\/sluchawki\/model\/baseus-bowie-e8-sluchawki-bezprzewodowe-bluetooth-5-0-tws-eol\/#breadcrumb\",\"itemListElement\":[{\"@type\":\"ListItem\",\"position\":1,\"name\":\"Strona g\u0142\u00f3wna\",\"item\":\"https:\/\/taniabonament.pl\/sluchawki\/\"},{\"@type\":\"ListItem\",\"position\":2,\"name\":\"Sklep\",\"item\":\"https:\/\/taniabonament.pl\/sluchawki\/\"},{\"@type\":\"ListItem\",\"position\":3,\"name\":\"Baseus Bowie E8 | S\u0142uchawki bezprzewodowe Bluetooth 5.0 TWS EOL\"}]},{\"@type\":\"WebSite\",\"@id\":\"https:\/\/taniabonament.pl\/sluchawki\/#website\",\"url\":\"https:\/\/taniabonament.pl\/sluchawki\/\",\"name\":\"TaniAbonament.pl S\u0142uchawki\",\"description\":\"\u015bwiat s\u0142uchawek idealnych do pracy zdalnej\",\"potentialAction\":[{\"@type\":\"SearchAction\",\"target\":{\"@type\":\"EntryPoint\",\"urlTemplate\":\"https:\/\/taniabonament.pl\/sluchawki\/?s={search_term_string}\"},\"query-input\":\"required name=search_term_string\"}],\"inLanguage\":\"pl-PL\"}]}<\/script>\n<!-- \/ Yoast SEO plugin. -->","yoast_head_json":{"title":"s\u0142uchawki bezprzewodowe Baseus - EOL - promocje na TaniAbonament.pl","description":"S\u0142uchawki bezprzewodowe. Model Baseus - EOL w atrakcyjnej cenie 199.0 PLN. Przedstawiamy s\u0142uchawki do pracy zdalnej i s\u0142uchania muzyki.","robots":{"index":"index","follow":"follow","max-snippet":"max-snippet:-1","max-image-preview":"max-image-preview:large","max-video-preview":"max-video-preview:-1"},"canonical":"https:\/\/taniabonament.pl\/sluchawki\/model\/baseus-bowie-e8-sluchawki-bezprzewodowe-bluetooth-5-0-tws-eol\/","og_locale":"pl_PL","og_type":"article","og_title":"s\u0142uchawki bezprzewodowe Baseus - EOL - promocje na TaniAbonament.pl","og_description":"S\u0142uchawki bezprzewodowe. Model Baseus - EOL w atrakcyjnej cenie 199.0 PLN. Przedstawiamy s\u0142uchawki do pracy zdalnej i s\u0142uchania muzyki.","og_url":"https:\/\/taniabonament.pl\/sluchawki\/model\/baseus-bowie-e8-sluchawki-bezprzewodowe-bluetooth-5-0-tws-eol\/","og_site_name":"TaniAbonament.pl S\u0142uchawki","og_image":[{"width":600,"height":600,"url":"https:\/\/taniabonament.pl\/sluchawki\/wp-content\/uploads\/2022\/09\/5de58692667325b54e6a6f145aeb245b757345f4.jpg","type":"image\/jpeg"}],"twitter_card":"summary_large_image","twitter_misc":{"Szacowany czas czytania":"1 minuta"},"schema":{"@context":"https:\/\/schema.org","@graph":[{"@type":"WebPage","@id":"https:\/\/taniabonament.pl\/sluchawki\/model\/baseus-bowie-e8-sluchawki-bezprzewodowe-bluetooth-5-0-tws-eol\/","url":"https:\/\/taniabonament.pl\/sluchawki\/model\/baseus-bowie-e8-sluchawki-bezprzewodowe-bluetooth-5-0-tws-eol\/","name":"s\u0142uchawki bezprzewodowe Baseus - EOL - promocje na TaniAbonament.pl","isPartOf":{"@id":"https:\/\/taniabonament.pl\/sluchawki\/#website"},"datePublished":"2022-09-10T06:29:45+00:00","dateModified":"2022-09-10T06:29:45+00:00","description":"S\u0142uchawki bezprzewodowe. Model Baseus - EOL w atrakcyjnej cenie 199.0 PLN. Przedstawiamy s\u0142uchawki do pracy zdalnej i s\u0142uchania muzyki.","breadcrumb":{"@id":"https:\/\/taniabonament.pl\/sluchawki\/model\/baseus-bowie-e8-sluchawki-bezprzewodowe-bluetooth-5-0-tws-eol\/#breadcrumb"},"inLanguage":"pl-PL","potentialAction":[{"@type":"ReadAction","target":["https:\/\/taniabonament.pl\/sluchawki\/model\/baseus-bowie-e8-sluchawki-bezprzewodowe-bluetooth-5-0-tws-eol\/"]}]},{"@type":"BreadcrumbList","@id":"https:\/\/taniabonament.pl\/sluchawki\/model\/baseus-bowie-e8-sluchawki-bezprzewodowe-bluetooth-5-0-tws-eol\/#breadcrumb","itemListElement":[{"@type":"ListItem","position":1,"name":"Strona g\u0142\u00f3wna","item":"https:\/\/taniabonament.pl\/sluchawki\/"},{"@type":"ListItem","position":2,"name":"Sklep","item":"https:\/\/taniabonament.pl\/sluchawki\/"},{"@type":"ListItem","position":3,"name":"Baseus Bowie E8 | S\u0142uchawki bezprzewodowe Bluetooth 5.0 TWS EOL"}]},{"@type":"WebSite","@id":"https:\/\/taniabonament.pl\/sluchawki\/#website","url":"https:\/\/taniabonament.pl\/sluchawki\/","name":"TaniAbonament.pl S\u0142uchawki","description":"\u015bwiat s\u0142uchawek idealnych do pracy zdalnej","potentialAction":[{"@type":"SearchAction","target":{"@type":"EntryPoint","urlTemplate":"https:\/\/taniabonament.pl\/sluchawki\/?s={search_term_string}"},"query-input":"required name=search_term_string"}],"inLanguage":"pl-PL"}]}},"_links":{"self":[{"href":"https:\/\/taniabonament.pl\/sluchawki\/wp-json\/wp\/v2\/product\/10898","targetHints":{"allow":["GET"]}}],"collection":[{"href":"https:\/\/taniabonament.pl\/sluchawki\/wp-json\/wp\/v2\/product"}],"about":[{"href":"https:\/\/taniabonament.pl\/sluchawki\/wp-json\/wp\/v2\/types\/product"}],"replies":[{"embeddable":true,"href":"https:\/\/taniabonament.pl\/sluchawki\/wp-json\/wp\/v2\/comments?post=10898"}],"wp:featuredmedia":[{"embeddable":true,"href":"https:\/\/taniabonament.pl\/sluchawki\/wp-json\/wp\/v2\/media\/11455"}],"wp:attachment":[{"href":"https:\/\/taniabonament.pl\/sluchawki\/wp-json\/wp\/v2\/media?parent=10898"}],"wp:term":[{"taxonomy":"product_cat","embeddable":true,"href":"https:\/\/taniabonament.pl\/sluchawki\/wp-json\/wp\/v2\/product_cat?post=10898"},{"taxonomy":"product_tag","embeddable":true,"href":"https:\/\/taniabonament.pl\/sluchawki\/wp-json\/wp\/v2\/product_tag?post=10898"}],"curies":[{"name":"wp","href":"https:\/\/api.w.org\/{rel}","templated":true}]}}