{"id":10885,"date":"2022-09-10T06:29:49","date_gmt":"2022-09-10T06:29:49","guid":{"rendered":"https:\/\/taniabonament.pl\/sluchawki\/model\/baseus-wm01-sluchawki-bezprzewodowe-dokanalowe-z-etui-ladujacym-bluetooth-5-0\/"},"modified":"2022-09-10T06:29:52","modified_gmt":"2022-09-10T06:29:52","slug":"baseus-wm01-sluchawki-bezprzewodowe-dokanalowe-z-etui-ladujacym-bluetooth-5-0","status":"publish","type":"product","link":"https:\/\/taniabonament.pl\/sluchawki\/model\/baseus-wm01-sluchawki-bezprzewodowe-dokanalowe-z-etui-ladujacym-bluetooth-5-0\/","title":{"rendered":"Baseus WM01 | S\u0142uchawki bezprzewodowe dokana\u0142owe z etui \u0142aduj\u0105cym Bluetooth 5.0"},"content":{"rendered":"<p><img decoding=\"async\" style=\"margin-right: 25px; margin-bottom: 10px; width: 220px;\" src=\"https:\/\/static.convertiser.com\/media\/product_images\/349\/430f58b11b995b43ce4a0f84ea60ab36\/4029d0f2401f9f984a01dcdf326e9566cd953f35.png\" alt=\"s\u0142uchawki Baseus\" align=\"left\" \/><\/p>\n<h2>S\u0142uchawki marki Baseus<\/h2>\n<p>CENA ORYGINALNA: 89.9 PLN<\/p>\n<div style=\"font-weight: bold; font-size: 18px;\">\n<p>UWAGA <span style=\"color: red;\">MAMY RABATY!<\/span><\/p>\n<p>Szczeg\u00f3\u0142owe parametry takie jak dane techniczne, promocje sprawdzisz poni\u017cej w E-baseus. Przejd\u017a bezpo\u015brednio do tych s\u0142uchawek.<\/p>\n<p><span style=\"color: #fff; background-color: #000000; padding: 1px 7px;\"><strong>Baseus<\/strong><\/span><strong><span style=\"margin-left: 5px; color: #fff; background-color: red; padding: 1px 7px;\">89.9 PLN<\/span><\/strong><\/p>\n<\/div>\n<p style=\"text-align: center; padding-bottom: 15px; padding-top: 10px;\"><a style=\"color: #fff; font-size: 22px; background-color: #e4144d; padding: 9px; border-radius: 7px; text-decoration: underline;\" href=\"https:\/\/converti.se\/click\/34590059-c70e8160-5f3bd1b8\/?deep_link=https%3A%2F%2Fe-baseus.com%2Fproduct-pol-3552-Baseus-WM01-Sluchawki-bezprzewodowe-dokanalowe-z-etui-ladujacym-Bluetooth-5-0-uniw.googleshoppingpl.html&#038;sid=sluchawki-bezprzewodowe&#038;tag6=product&#038;tag8=430f58b11b995b43ce4a0f84ea60ab36&#038;tag9=Baseus+WM01+%7C+S%C5%82uchawki+bezprzewodowe+dokana%C5%82owe+z+etui+%C5%82aduj%C4%85cym+Bluetooth+5.0\" target=\"_blank\" rel=\"nofollow noopener\">Sprawd\u017a Szczeg\u00f3\u0142y<\/a> <span style=\"font-size: 22px; padding-left: 10px;\"><\/span><\/p>\n<p style=\"text-align: center;\">DZI\u0118KUJEMY, \u017ce jeste\u015b z nami!<br \/>\nzapami\u0119taj najlepsze s\u0142uchawki znajdziesz na TaniAbonament.pl\/sluchawki\/<\/p>\n<p style=\"text-align: center;\">odwiedzaj nas cz\u0119\u015bciej \ud83d\ude42<\/p>\n<h3>Jakie s\u0142uchawki wybra\u0107?<\/h3>\n<p>Musisz wiedzie\u0107, \u017ce <a style=\"color: red;\" href=\"https:\/\/taniabonament.pl\/sluchawki\/\">dobre s\u0142uchawki<\/a> powinny by\u0107 przede wszystkim wygodne. Na rynku dost\u0119pne s\u0105 r\u00f3\u017cne modele, od s\u0142uchawek dousznych jak i s\u0142uchawek bardziej klasycznych &#8211; zakrywaj\u0105cych ca\u0142e uszy. Wyb\u00f3r odpowiedniego modelu zale\u017cy od ka\u017cdego nas i od potrzeb kt\u00f3re po prostu mamy. Dodatkow\u0105 wygod\u0105 jest tak\u017ce transmisja bezprzewodowa, realizowana g\u0142\u00f3wnie za po\u015brednictwem modu\u0142u bluetooth, to si\u0119 sprawdza na co dzie\u0144.<\/p>\n<p>Ceny poszczeg\u00f3lnych modeli mog\u0105 by\u0107 r\u00f3\u017cne, od najta\u0144szych kt\u00f3re zapewniaj\u0105 nazwijmy to podstawowy ods\u0142uch, po modele s\u0142uchawek z wy\u017cszej p\u00f3\u0142ki kt\u00f3re gwarantuj\u0105 bardzo dobr\u0105 jako\u015b\u0107 d\u017awi\u0119ku. Ten model mo\u017ce by\u0107 w kr\u0119gu Twoich zainteresowa\u0144.<\/p>\n<p>Dobrze dobrane dobre s\u0142uchawki sprawdz\u0105 si\u0119 w r\u00f3\u017cnych sytuacjach i b\u0119d\u0105 idealnym uzupe\u0142nieniem Twojego smartfona (zobacz jaki <a style=\"color: red;\" href=\"https:\/\/taniabonament.pl\/telefony\/\">nowy telefon<\/a> mo\u017cesz kupi\u0107 dzisiaj w atrakcyjnej cenie), dzi\u0119ki czemu b\u0119dziesz komfortowo s\u0142ucha\u0107 ulubionej muzyki.<\/p>\n","protected":false},"excerpt":{"rendered":"<h3>Odpowiednie <span style='color: red;'>s\u0142uchawki<\/span> bezprzewodowe? <\/h3>\n<p> Cechy i zalety: <\/p>\n<ul style='padding-left: 10px; padding-bottom: 10px;'>\n<li style='padding-top: 10px;'>Encok WM01Niesamowicie stylowe i praktyczne s\u0142uchawki bezprzewodowe\n<li style='padding-top: 10px;'>Zapewniaj\u0105 doskona\u0142\u0105 jako\u015b\u0107 d\u017awi\u0119ku, \u015bwietny wygl\u0105d, d\u0142ug\u0105 \u017cywotno\u015b\u0107 baterii i dost\u0119p do asystenta g\u0142osowego\n<li style='padding-top: 10px;'>Wszystko to sprawia, \u017ce \u200b\u200bs\u0105 wygodne w u\u017cytkowaniu w ka\u017cdych warunkach.S\u0142uchawki \u0142\u0105cz\u0105 si\u0119 z telefonem za pomoc\u00a0Bluetooth w wersji 5.0.\u00a0Oferuj\u0105 szybsze po\u0142\u0105czenie, mniejsze zu\u017cycie energii oraz stabiln\u0105 i szybk\u0105 transmisj\u0119 d\u017awi\u0119ku.Do\u0142\u0105czone etui s\u0142u\u017cy nie tylko do przenoszenia s\u0142uchawek, ale tak\u017ce do ich \u0142adowania\n<li style='padding-top: 10px;'>Dzi\u0119ki wbudowanym akumulatorom s\u0142uchawki mog\u0105 pracowa\u0107 5 godzin przy ci\u0105g\u0142ym, aktywnym u\u017cytkowaniu\n<li style='padding-top: 10px;'>Je\u015bli we\u017amiemy pod uwag\u0119 mo\u017cliwo\u015b\u0107 do\u0142adowania z etui, to okres u\u017cytkowania wyd\u0142u\u017cy si\u0119 do 25 godzin\n<li style='padding-top: 10px;'>Czas \u0142adowania wynosi 1,5 godziny.S\u0142uchawki w\u0142\u0105czaj\u0105 si\u0119 automatycznie po wyj\u0119ciu ze stacji \u0142aduj\u0105cej i wy\u0142\u0105czaj\u0105 po w\u0142o\u017ceniu z powrotem do etui.Akcesorium zosta\u0142o wykonane z nowoczesnego tworzywa ABS, co gwarantuje niezawodno\u015b\u0107 i trwa\u0142o\u015b\u0107\n<li style='padding-top: 10px;'>Przyciski umo\u017cliwiaj\u0105 sterowanie utworami, po\u0142\u0105czeniami bez wyci\u0105gania telefonu z kieszeni.S\u0142uchawki s\u0105 ledwo wyczuwalne w uszach\n<li style='padding-top: 10px;'>Prezentowany model zapewnia idealne dopasowanie nie powoduj\u0105c dyskomfortu, co korzystnie wp\u0142ywa na s\u0142uchanie muzyki i nastr\u00f3j u\u017cytkownika.Parametry:Model: Encok True Wireless Earphones WM01Kolor: \u017c\u00f3\u0142tyMateria\u0142: ABSWersja Bluetooth: V5.0Odleg\u0142o\u015b\u0107 komunikacyjna: 10 mCzas czuwania: 250 godzinCzas muzyki: 5 godzin (70% g\u0142o\u015bno\u015bci]Czas s\u0142uchania muzyki z etui: 25 godzinPojemno\u015b\u0107 baterii:40mAh \/ 0,148 Wh (s\u0142uchawki)300mAh \/ 1,11 (etui)Czas \u0142adowania: 1,5 godzinyZakres odpowiedzi cz\u0119stotliwo\u015bci: 20Hz-20 KHz\u0141adowanie: kabel Type-CKompatybilno\u015b\u0107: Android\/iOSKod producenta: NGWM01-0YNajwa\u017cniejsze zalety:Bluetooth V.55 godzin ci\u0105g\u0142ej muzyki; 25 godzin muzyki z etui \u0142aduj\u0105cymSterowanie dotykoweWysoka jako\u015b\u0107 d\u017awi\u0119ku i bas\u00f3wAutomatyczne parowanie i \u0142\u0105czenieWygodna i kompaktowa konstrukcja dousznaKa\u017cda s\u0142uchawka mo\u017ce by\u0107 r\u00f3wnie\u017c u\u017cywana jako samodzielna jednostka.D\u017awi\u0119kBaseus pracowa\u0142 nad jako\u015bci\u0105 d\u017awi\u0119ku i osi\u0105gn\u0105\u0142 imponuj\u0105ce wyniki\n<li style='padding-top: 10px;'>S\u0142uchawki oferuj\u0105 wysokiej jako\u015bci d\u017awi\u0119k\n<li style='padding-top: 10px;'>Membrana kompozytowa zapewnia bogatsze tony, wyra\u017aniejszy wokal i g\u0142\u0119bszy bas.Cyfrowa technologia redukcji szum\u00f3w pomo\u017ce znacznie zmniejszy\u0107 ha\u0142as w otoczeniu.Stabilne po\u0142\u0105czenie Bluetooth 5.0Dzi\u0119ki technologii Bluetooth 5.0 mo\u017cesz przesy\u0142a\u0107 strumieniowo muzyk\u0119 ze smartfon\u00f3w, tablet\u00f3w w promieniu 10m.Bluetooth 5.0 zapewnia wysok\u0105 wydajno\u015b\u0107, stabilno\u015b\u0107 i niezawodn\u0105 transmisj\u0119, a tak\u017ce zapewnia przesy\u0142 danych bez op\u00f3\u017anie\u0144.S\u0142uchawki paruj\u0105 si\u0119 mi\u0119dzy sob\u0105 w trakcie kilku sekund po wyj\u0119ciu ich z etui \u0142aduj\u0105cego.Dodatkowo mo\u017cesz po\u0142\u0105czy\u0107 je z Siri lub asystentem Google\u00a0aby obudzi\u0107 telefon bez u\u017cycia r\u0105k.WykonanieDzi\u0119ki ergonomicznemu kszta\u0142towi i dodatkowym nak\u0142adkom w trzech r\u00f3\u017cnych rozmiarach (S,M,L), s\u0142uchawki \u015bci\u015ble i delikatnie dopasowuj\u0105 si\u0119 do ucha, zapewniaj\u0105c wysokiej jako\u015bci d\u017awi\u0119k i wygod\u0119 nawet po kilku godzinach s\u0142uchania.S\u0105 niezwykle lekkie &#8211; ka\u017cda s\u0142uchawka wa\u017cy zaledwie 4g.Do zestawu zosta\u0142o do\u0142\u0105czone etui do \u0142adowania, przenoszenia i przechowywania s\u0142uchawek.Ka\u017cda s\u0142uchawka posiada wbudowan\u0105 bateri\u0119 o pojemno\u015bci 40mAh co zapewnia oko\u0142o 5h ci\u0105g\u0142ej pracy\n<li style='padding-top: 10px;'>Dzi\u0119ki etui z funkcj\u0105 Power Banka czas ten mo\u017cna wyd\u0142u\u017cy\u0107 nawet do 25 godzin!Samo \u0142adowanie trwa zaledwie 1,5h.Etui i s\u0142uchawki wykonane zosta\u0142y z wysokiej jako\u015bci, wytrzyma\u0142ego tworzywa, dzi\u0119ki czemu b\u0119d\u0105 Ci s\u0142u\u017cy\u0142y przez bardzo d\u0142ugi czas\n<li style='padding-top: 10px;'>Maj\u0105 elegancki i nowoczesny wygl\u0105d, op\u0142ywowy kszta\u0142t i kompaktowy\n<div class=\"section-container<\/ul>\n","protected":false},"featured_media":11478,"comment_status":"closed","ping_status":"open","template":"","meta":[],"product_cat":[74,595],"product_tag":[],"class_list":{"0":"post-10885","1":"product","2":"type-product","3":"status-publish","5":"hentry","6":"product_cat-baseus","7":"product_cat-sluchawki-bezprzewodowe","8":"pa_producent-baseus","9":"pa_sklep-e-baseus"},"yoast_head":"<!-- This site is optimized with the Yoast SEO plugin v20.9 - https:\/\/yoast.com\/wordpress\/plugins\/seo\/ -->\n<title>s\u0142uchawki bezprzewodowe Baseus - promocje na TaniAbonament.pl<\/title>\n<meta name=\"description\" content=\"S\u0142uchawki bezprzewodowe. Model Baseus w atrakcyjnej cenie 89.9 PLN. Przedstawiamy s\u0142uchawki do pracy zdalnej i s\u0142uchania muzyki.\" \/>\n<meta name=\"robots\" content=\"index, follow, max-snippet:-1, max-image-preview:large, max-video-preview:-1\" \/>\n<link rel=\"canonical\" href=\"https:\/\/taniabonament.pl\/sluchawki\/model\/baseus-wm01-sluchawki-bezprzewodowe-dokanalowe-z-etui-ladujacym-bluetooth-5-0\/\" \/>\n<meta property=\"og:locale\" content=\"pl_PL\" \/>\n<meta property=\"og:type\" content=\"article\" \/>\n<meta property=\"og:title\" content=\"s\u0142uchawki bezprzewodowe Baseus - promocje na TaniAbonament.pl\" \/>\n<meta property=\"og:description\" content=\"S\u0142uchawki bezprzewodowe. Model Baseus w atrakcyjnej cenie 89.9 PLN. Przedstawiamy s\u0142uchawki do pracy zdalnej i s\u0142uchania muzyki.\" \/>\n<meta property=\"og:url\" content=\"https:\/\/taniabonament.pl\/sluchawki\/model\/baseus-wm01-sluchawki-bezprzewodowe-dokanalowe-z-etui-ladujacym-bluetooth-5-0\/\" \/>\n<meta property=\"og:site_name\" content=\"TaniAbonament.pl S\u0142uchawki\" \/>\n<meta property=\"article:modified_time\" content=\"2022-09-10T06:29:52+00:00\" \/>\n<meta property=\"og:image\" content=\"https:\/\/taniabonament.pl\/sluchawki\/wp-content\/uploads\/2022\/09\/4029d0f2401f9f984a01dcdf326e9566cd953f35.png\" \/>\n\t<meta property=\"og:image:width\" content=\"608\" \/>\n\t<meta property=\"og:image:height\" content=\"600\" \/>\n\t<meta property=\"og:image:type\" content=\"image\/png\" \/>\n<meta name=\"twitter:card\" content=\"summary_large_image\" \/>\n<meta name=\"twitter:label1\" content=\"Szacowany czas czytania\" \/>\n\t<meta name=\"twitter:data1\" content=\"1 minuta\" \/>\n<script type=\"application\/ld+json\" class=\"yoast-schema-graph\">{\"@context\":\"https:\/\/schema.org\",\"@graph\":[{\"@type\":\"WebPage\",\"@id\":\"https:\/\/taniabonament.pl\/sluchawki\/model\/baseus-wm01-sluchawki-bezprzewodowe-dokanalowe-z-etui-ladujacym-bluetooth-5-0\/\",\"url\":\"https:\/\/taniabonament.pl\/sluchawki\/model\/baseus-wm01-sluchawki-bezprzewodowe-dokanalowe-z-etui-ladujacym-bluetooth-5-0\/\",\"name\":\"s\u0142uchawki bezprzewodowe Baseus - promocje na TaniAbonament.pl\",\"isPartOf\":{\"@id\":\"https:\/\/taniabonament.pl\/sluchawki\/#website\"},\"datePublished\":\"2022-09-10T06:29:49+00:00\",\"dateModified\":\"2022-09-10T06:29:52+00:00\",\"description\":\"S\u0142uchawki bezprzewodowe. Model Baseus w atrakcyjnej cenie 89.9 PLN. Przedstawiamy s\u0142uchawki do pracy zdalnej i s\u0142uchania muzyki.\",\"breadcrumb\":{\"@id\":\"https:\/\/taniabonament.pl\/sluchawki\/model\/baseus-wm01-sluchawki-bezprzewodowe-dokanalowe-z-etui-ladujacym-bluetooth-5-0\/#breadcrumb\"},\"inLanguage\":\"pl-PL\",\"potentialAction\":[{\"@type\":\"ReadAction\",\"target\":[\"https:\/\/taniabonament.pl\/sluchawki\/model\/baseus-wm01-sluchawki-bezprzewodowe-dokanalowe-z-etui-ladujacym-bluetooth-5-0\/\"]}]},{\"@type\":\"BreadcrumbList\",\"@id\":\"https:\/\/taniabonament.pl\/sluchawki\/model\/baseus-wm01-sluchawki-bezprzewodowe-dokanalowe-z-etui-ladujacym-bluetooth-5-0\/#breadcrumb\",\"itemListElement\":[{\"@type\":\"ListItem\",\"position\":1,\"name\":\"Strona g\u0142\u00f3wna\",\"item\":\"https:\/\/taniabonament.pl\/sluchawki\/\"},{\"@type\":\"ListItem\",\"position\":2,\"name\":\"Sklep\",\"item\":\"https:\/\/taniabonament.pl\/sluchawki\/\"},{\"@type\":\"ListItem\",\"position\":3,\"name\":\"Baseus WM01 | S\u0142uchawki bezprzewodowe dokana\u0142owe z etui \u0142aduj\u0105cym Bluetooth 5.0\"}]},{\"@type\":\"WebSite\",\"@id\":\"https:\/\/taniabonament.pl\/sluchawki\/#website\",\"url\":\"https:\/\/taniabonament.pl\/sluchawki\/\",\"name\":\"TaniAbonament.pl S\u0142uchawki\",\"description\":\"\u015bwiat s\u0142uchawek idealnych do pracy zdalnej\",\"potentialAction\":[{\"@type\":\"SearchAction\",\"target\":{\"@type\":\"EntryPoint\",\"urlTemplate\":\"https:\/\/taniabonament.pl\/sluchawki\/?s={search_term_string}\"},\"query-input\":\"required name=search_term_string\"}],\"inLanguage\":\"pl-PL\"}]}<\/script>\n<!-- \/ Yoast SEO plugin. -->","yoast_head_json":{"title":"s\u0142uchawki bezprzewodowe Baseus - promocje na TaniAbonament.pl","description":"S\u0142uchawki bezprzewodowe. Model Baseus w atrakcyjnej cenie 89.9 PLN. Przedstawiamy s\u0142uchawki do pracy zdalnej i s\u0142uchania muzyki.","robots":{"index":"index","follow":"follow","max-snippet":"max-snippet:-1","max-image-preview":"max-image-preview:large","max-video-preview":"max-video-preview:-1"},"canonical":"https:\/\/taniabonament.pl\/sluchawki\/model\/baseus-wm01-sluchawki-bezprzewodowe-dokanalowe-z-etui-ladujacym-bluetooth-5-0\/","og_locale":"pl_PL","og_type":"article","og_title":"s\u0142uchawki bezprzewodowe Baseus - promocje na TaniAbonament.pl","og_description":"S\u0142uchawki bezprzewodowe. Model Baseus w atrakcyjnej cenie 89.9 PLN. Przedstawiamy s\u0142uchawki do pracy zdalnej i s\u0142uchania muzyki.","og_url":"https:\/\/taniabonament.pl\/sluchawki\/model\/baseus-wm01-sluchawki-bezprzewodowe-dokanalowe-z-etui-ladujacym-bluetooth-5-0\/","og_site_name":"TaniAbonament.pl S\u0142uchawki","article_modified_time":"2022-09-10T06:29:52+00:00","og_image":[{"width":608,"height":600,"url":"https:\/\/taniabonament.pl\/sluchawki\/wp-content\/uploads\/2022\/09\/4029d0f2401f9f984a01dcdf326e9566cd953f35.png","type":"image\/png"}],"twitter_card":"summary_large_image","twitter_misc":{"Szacowany czas czytania":"1 minuta"},"schema":{"@context":"https:\/\/schema.org","@graph":[{"@type":"WebPage","@id":"https:\/\/taniabonament.pl\/sluchawki\/model\/baseus-wm01-sluchawki-bezprzewodowe-dokanalowe-z-etui-ladujacym-bluetooth-5-0\/","url":"https:\/\/taniabonament.pl\/sluchawki\/model\/baseus-wm01-sluchawki-bezprzewodowe-dokanalowe-z-etui-ladujacym-bluetooth-5-0\/","name":"s\u0142uchawki bezprzewodowe Baseus - promocje na TaniAbonament.pl","isPartOf":{"@id":"https:\/\/taniabonament.pl\/sluchawki\/#website"},"datePublished":"2022-09-10T06:29:49+00:00","dateModified":"2022-09-10T06:29:52+00:00","description":"S\u0142uchawki bezprzewodowe. Model Baseus w atrakcyjnej cenie 89.9 PLN. Przedstawiamy s\u0142uchawki do pracy zdalnej i s\u0142uchania muzyki.","breadcrumb":{"@id":"https:\/\/taniabonament.pl\/sluchawki\/model\/baseus-wm01-sluchawki-bezprzewodowe-dokanalowe-z-etui-ladujacym-bluetooth-5-0\/#breadcrumb"},"inLanguage":"pl-PL","potentialAction":[{"@type":"ReadAction","target":["https:\/\/taniabonament.pl\/sluchawki\/model\/baseus-wm01-sluchawki-bezprzewodowe-dokanalowe-z-etui-ladujacym-bluetooth-5-0\/"]}]},{"@type":"BreadcrumbList","@id":"https:\/\/taniabonament.pl\/sluchawki\/model\/baseus-wm01-sluchawki-bezprzewodowe-dokanalowe-z-etui-ladujacym-bluetooth-5-0\/#breadcrumb","itemListElement":[{"@type":"ListItem","position":1,"name":"Strona g\u0142\u00f3wna","item":"https:\/\/taniabonament.pl\/sluchawki\/"},{"@type":"ListItem","position":2,"name":"Sklep","item":"https:\/\/taniabonament.pl\/sluchawki\/"},{"@type":"ListItem","position":3,"name":"Baseus WM01 | S\u0142uchawki bezprzewodowe dokana\u0142owe z etui \u0142aduj\u0105cym Bluetooth 5.0"}]},{"@type":"WebSite","@id":"https:\/\/taniabonament.pl\/sluchawki\/#website","url":"https:\/\/taniabonament.pl\/sluchawki\/","name":"TaniAbonament.pl S\u0142uchawki","description":"\u015bwiat s\u0142uchawek idealnych do pracy zdalnej","potentialAction":[{"@type":"SearchAction","target":{"@type":"EntryPoint","urlTemplate":"https:\/\/taniabonament.pl\/sluchawki\/?s={search_term_string}"},"query-input":"required name=search_term_string"}],"inLanguage":"pl-PL"}]}},"_links":{"self":[{"href":"https:\/\/taniabonament.pl\/sluchawki\/wp-json\/wp\/v2\/product\/10885","targetHints":{"allow":["GET"]}}],"collection":[{"href":"https:\/\/taniabonament.pl\/sluchawki\/wp-json\/wp\/v2\/product"}],"about":[{"href":"https:\/\/taniabonament.pl\/sluchawki\/wp-json\/wp\/v2\/types\/product"}],"replies":[{"embeddable":true,"href":"https:\/\/taniabonament.pl\/sluchawki\/wp-json\/wp\/v2\/comments?post=10885"}],"wp:featuredmedia":[{"embeddable":true,"href":"https:\/\/taniabonament.pl\/sluchawki\/wp-json\/wp\/v2\/media\/11478"}],"wp:attachment":[{"href":"https:\/\/taniabonament.pl\/sluchawki\/wp-json\/wp\/v2\/media?parent=10885"}],"wp:term":[{"taxonomy":"product_cat","embeddable":true,"href":"https:\/\/taniabonament.pl\/sluchawki\/wp-json\/wp\/v2\/product_cat?post=10885"},{"taxonomy":"product_tag","embeddable":true,"href":"https:\/\/taniabonament.pl\/sluchawki\/wp-json\/wp\/v2\/product_tag?post=10885"}],"curies":[{"name":"wp","href":"https:\/\/api.w.org\/{rel}","templated":true}]}}