{"id":10883,"date":"2022-09-10T06:29:28","date_gmt":"2022-09-10T06:29:28","guid":{"rendered":"https:\/\/taniabonament.pl\/sluchawki\/model\/baseus-bowie-m2-sluchawki-bezprzewodowe-bluetooth-5-2-etui-qi-anc-sbc\/"},"modified":"2022-09-10T06:29:28","modified_gmt":"2022-09-10T06:29:28","slug":"baseus-bowie-m2-sluchawki-bezprzewodowe-bluetooth-5-2-etui-qi-anc-sbc","status":"publish","type":"product","link":"https:\/\/taniabonament.pl\/sluchawki\/model\/baseus-bowie-m2-sluchawki-bezprzewodowe-bluetooth-5-2-etui-qi-anc-sbc\/","title":{"rendered":"Baseus Bowie M2 | S\u0142uchawki bezprzewodowe Bluetooth 5.2 etui Qi ANC SBC"},"content":{"rendered":"<p><img decoding=\"async\" style=\"margin-right: 25px; margin-bottom: 10px; width: 220px;\" src=\"https:\/\/static.convertiser.com\/media\/product_images\/349\/053b7056eccd3bef82be2da48516b23c\/c0bbaf23b52fcdff8d9e3ec7aa578fff6d60c771.jpg\" alt=\"s\u0142uchawki Baseus\" align=\"left\" \/><\/p>\n<h2>S\u0142uchawki marki Baseus<\/h2>\n<p>CENA ORYGINALNA: 249.0 PLN<\/p>\n<div style=\"font-weight: bold; font-size: 18px;\">\n<p>UWAGA <span style=\"color: red;\">MAMY RABATY!<\/span><\/p>\n<p>Szczeg\u00f3\u0142owe parametry takie jak dane techniczne, promocje sprawdzisz poni\u017cej w E-baseus. Przejd\u017a bezpo\u015brednio do tych s\u0142uchawek.<\/p>\n<p><span style=\"color: #fff; background-color: #000000; padding: 1px 7px;\"><strong>Baseus<\/strong><\/span><strong><span style=\"margin-left: 5px; color: #fff; background-color: red; padding: 1px 7px;\">249.0 PLN<\/span><\/strong><\/p>\n<\/div>\n<p style=\"text-align: center; padding-bottom: 15px; padding-top: 10px;\"><a style=\"color: #fff; font-size: 22px; background-color: #e4144d; padding: 9px; border-radius: 7px; text-decoration: underline;\" href=\"https:\/\/converti.se\/click\/34590059-c70e8160-5f3bd1b8\/?deep_link=https%3A%2F%2Fe-baseus.com%2Fproduct-pol-3946-Baseus-Bowie-M2-Sluchawki-bezprzewodowe-Bluetooth-5-2-etui-Qi-ANC-SBC-uniw.googleshoppingpl.html&#038;sid=sluchawki-bezprzewodowe&#038;tag6=product&#038;tag8=053b7056eccd3bef82be2da48516b23c&#038;tag9=Baseus+Bowie+M2+%7C+S%C5%82uchawki+bezprzewodowe+Bluetooth+5.2+etui+Qi+ANC+SBC\" target=\"_blank\" rel=\"nofollow noopener\">Sprawd\u017a Szczeg\u00f3\u0142y<\/a> <span style=\"font-size: 22px; padding-left: 10px;\"><\/span><\/p>\n<p style=\"text-align: center;\">DZI\u0118KUJEMY, \u017ce jeste\u015b z nami!<br \/>\nzapami\u0119taj najlepsze s\u0142uchawki znajdziesz na TaniAbonament.pl\/sluchawki\/<\/p>\n<p style=\"text-align: center;\">odwiedzaj nas cz\u0119\u015bciej \ud83d\ude42<\/p>\n<h3>Jakie s\u0142uchawki wybra\u0107?<\/h3>\n<p>Musisz wiedzie\u0107, \u017ce <a style=\"color: red;\" href=\"https:\/\/taniabonament.pl\/sluchawki\/\">dobre s\u0142uchawki<\/a> powinny by\u0107 przede wszystkim wygodne. Na rynku dost\u0119pne s\u0105 r\u00f3\u017cne modele, od s\u0142uchawek dousznych jak i s\u0142uchawek bardziej klasycznych &#8211; zakrywaj\u0105cych ca\u0142e uszy. Wyb\u00f3r odpowiedniego modelu zale\u017cy od ka\u017cdego nas i od potrzeb kt\u00f3re po prostu mamy. Dodatkow\u0105 wygod\u0105 jest tak\u017ce transmisja bezprzewodowa, realizowana g\u0142\u00f3wnie za po\u015brednictwem modu\u0142u bluetooth, to si\u0119 sprawdza na co dzie\u0144.<\/p>\n<p>Ceny poszczeg\u00f3lnych modeli mog\u0105 by\u0107 r\u00f3\u017cne, od najta\u0144szych kt\u00f3re zapewniaj\u0105 nazwijmy to podstawowy ods\u0142uch, po modele s\u0142uchawek z wy\u017cszej p\u00f3\u0142ki kt\u00f3re gwarantuj\u0105 bardzo dobr\u0105 jako\u015b\u0107 d\u017awi\u0119ku. Ten model mo\u017ce by\u0107 w kr\u0119gu Twoich zainteresowa\u0144.<\/p>\n<p>Dobrze dobrane dobre s\u0142uchawki sprawdz\u0105 si\u0119 w r\u00f3\u017cnych sytuacjach i b\u0119d\u0105 idealnym uzupe\u0142nieniem Twojego smartfona (zobacz jaki <a style=\"color: red;\" href=\"https:\/\/taniabonament.pl\/telefony\/\">nowy telefon<\/a> mo\u017cesz kupi\u0107 dzisiaj w atrakcyjnej cenie), dzi\u0119ki czemu b\u0119dziesz komfortowo s\u0142ucha\u0107 ulubionej muzyki.<\/p>\n","protected":false},"excerpt":{"rendered":"<h3>Odpowiednie <span style='color: red;'>s\u0142uchawki<\/span> bezprzewodowe? <\/h3>\n<p> Cechy i zalety: <\/p>\n<ul style='padding-left: 10px; padding-bottom: 10px;'>\n<li style='padding-top: 10px;'>Bowie M2Bezprzewodowe s\u0142uchawki zapewniaj\u0105 czysty, idealny d\u017awi\u0119k i skuteczn\u0105 redukcj\u0119 szum\u00f3w podczas rozm\u00f3w\n<li style='padding-top: 10px;'>To idealny wyb\u00f3r na r\u00f3\u017cne okazje\n<li style='padding-top: 10px;'>Posiadaj\u0105 trzy r\u00f3\u017cne tryby pracy do wyboru w aplikacji i pozwalaj\u0105 ustawi\u0107 poziom wyciszenia ha\u0142asu z zewn\u0105trz w skali od 1 do 10.Normalny tryb &#8211; do s\u0142uchania w domu.Tryb transparentny &#8211; w sytuacji kiedy potrzebujesz s\u0142ysze\u0107 otoczenie np\n<li style='padding-top: 10px;'>korzystaj\u0105c z przej\u015bcia dla pieszych.Tryb ANC aby wyeliminowa\u0107 szum otoczenia.S\u0142uchawki zosta\u0142y wyposa\u017cone w Bluetooth 5.2\n<li style='padding-top: 10px;'>Nowa generacja chip\u00f3w oferuje szybsze po\u0142\u0105czenie, mniejsze zu\u017cycie energii oraz stabiln\u0105 i szybk\u0105 transmisj\u0119 d\u017awi\u0119ku\n<li style='padding-top: 10px;'>Umo\u017cliwia pod\u0142\u0105czenia dw\u00f3ch telefon\u00f3w\n<li style='padding-top: 10px;'>Jest to idealna opcja dla os\u00f3b posiadaj\u0105cych telefony s\u0142u\u017cbowe.To co wyr\u00f3\u017cnia je na tle innych s\u0142uchawek to wbudowane 4 mikrofony dla jeszcze lepszej jako\u015bci rozm\u00f3w\n<li style='padding-top: 10px;'>Tw\u00f3j g\u0142os brzmi czysto i profesjonalnie\u00a0p\u0142ynnie przechodz\u0105c mi\u0119dzy \u015brodowiskami, w pomieszczeniu lub na zewn\u0105trz.W pe\u0142ni na\u0142adowane s\u0142uchawki pracuj\u0105 do 5 godzin, a do\u0142\u0105czone do zestawu etui pozwala wyd\u0142u\u017cy\u0107 ten czas do nawet 30 godzin\n<li style='padding-top: 10px;'>Przyciski umo\u017cliwiaj\u0105 sterowanie utworami, po\u0142\u0105czeniami bez wyci\u0105gania telefonu z kieszeni\n<li style='padding-top: 10px;'>Dodatkowo s\u0142uchawki posiadaj\u0105 funkcj\u0119 wykrywania ucha.Aplikacja Baseus Smart automatycznie zarejestruje po\u0142o\u017cenie ostatnio od\u0142\u0105czonych s\u0142uchawek i pozwoli je zlokalizowa\u0107\n<li style='padding-top: 10px;'>Umo\u017cliwi r\u00f3wnie\u017c sprawdzenie stanu po\u0142\u0105czenia i pozosta\u0142\u0105 moc baterii w aplikacji.Parametry:Model: Bowie M2Kolor: bia\u0142yMateria\u0142 ABS + PCWersja Bluetooth: 5.2Czas pracy s\u0142uchawek: 5hCzas pracy etui: 30hPojemno\u015b\u0107 akumulatora: 40mAh (s\u0142uchawki), 400mAh (etui \u0142aduj\u0105ce)Czas \u0142adowania: oko\u0142o godzinyPasmo przenoszenia: 20 Hz &#8211; 20 000 HzKodeki audio: AAC, SBCRedukcja szum\u00f3w: ENC, ANCPoziom op\u00f3\u017anienia: 0.038sImpedancja: 20 \u03a9Z\u0142\u0105cze: USB-CKod producenta: NGTW140002Najwa\u017cniejsze zalety:Aplikacja do lokalizowania ostatniego po\u0142o\u017cenia s\u0142uchawek i personalizowania s\u0142uchawek.Funkcja wykrywania ucha.4 mikrofony dla wysokiej jako\u015bci rozm\u00f3w.Etui zosta\u0142o wyposa\u017cone w funkcj\u0119 \u0142adowania bezprzewodowego.Wszystkie elementy steruj\u0105ce s\u0105 intuicyjne i znajduj\u0105 si\u0119 na samych s\u0142uchawkach.S\u0142uchawki mog\u0105 pracowa\u0107 nieprzerwanie przez 5 godzin.Szybkie \u0142adowanie (1h przewodowo, 2h bezprzewodowo).Obudowa, kt\u00f3ra s\u0142u\u017cy r\u00f3wnie\u017c jako \u017ar\u00f3d\u0142o zasilania.Idealnie dopasowane zapewniaj\u0105 komfort u\u017cytkowania i dobr\u0105 izolacj\u0119 akustyczn\u0105.Bluetooth 5.2Wsparcie asystenta g\u0142osowego.D\u017awi\u0119kBaseus pracowa\u0142 nad jako\u015bci\u0105 d\u017awi\u0119ku i osi\u0105gn\u0105\u0142 imponuj\u0105ce wyniki\n<li style='padding-top: 10px;'>S\u0142uchawki pozwol\u0105 Ci poczu\u0107 pe\u0142en realizm ka\u017cdej brzmi\u0105cej nuty\n<li style='padding-top: 10px;'>Efekt izoluj\u0105cy pozwala cieszy\u0107 si\u0119 czystym d\u017awi\u0119kiem na najwy\u017cszym poziomie\n<li style='padding-top: 10px;'>Posiadaj\u0105 bogatsze tony, wyra\u017aniejszy wokal i g\u0142\u0119bszy bas.Dzi\u0119ki\u00a0technologii Bluetooth 5.2\u00a0mo\u017cesz przesy\u0142a\u0107 strumieniowo muzyk\u0119 ze smartfon\u00f3w, tablet\u00f3w lub innych urz\u0105dze\u0144 obs\u0142uguj\u0105cych technologi\u0119 Bluetooth\u00a0w promieniu 10m.\u00a0Nowa generacja chip\u00f3w\u00a0oferuje szybsze po\u0142\u0105czenie, mniejsze zu\u017cycie energii oraz stabiln\u0105 i szybk\u0105 transmisj\u0119 d\u017awi\u0119ku.Technologia Dual Channel Low-Latency pozwoli\u0142a zmniejszy\u0107 op\u00f3\u017anienie 0,038 s, co gwarantuje idealn\u0105 synchronizacj\u0119 obrazu i d\u017awi\u0119ku.Po pierwszym u\u017cyciu s\u0142uchawki natychmiast \u0142\u0105cz\u0105 si\u0119 ze smartfonem, gdy tylko wyjmiesz je z etui.S\u0142uchawki umo\u017cliwiaj\u0105 pod\u0142\u0105czenie dw\u00f3ch telefon\u00f3w\n<li style='padding-top: 10px;'>Idealna opcja dla os\u00f3b posiadaj\u0105cych telefony s\u0142u\u017cbowe\n<li style='padding-top: 10px;'><div<\/ul>\n","protected":false},"featured_media":11419,"comment_status":"closed","ping_status":"open","template":"","meta":[],"product_cat":[74,595],"product_tag":[],"class_list":{"0":"post-10883","1":"product","2":"type-product","3":"status-publish","5":"hentry","6":"product_cat-baseus","7":"product_cat-sluchawki-bezprzewodowe","8":"pa_producent-baseus","9":"pa_sklep-e-baseus"},"yoast_head":"<!-- This site is optimized with the Yoast SEO plugin v20.9 - https:\/\/yoast.com\/wordpress\/plugins\/seo\/ -->\n<title>s\u0142uchawki bezprzewodowe Baseus - promocje na TaniAbonament.pl<\/title>\n<meta name=\"description\" content=\"S\u0142uchawki bezprzewodowe. Model Baseus w atrakcyjnej cenie 249.0 PLN. Przedstawiamy s\u0142uchawki do pracy zdalnej i s\u0142uchania muzyki.\" \/>\n<meta name=\"robots\" content=\"index, follow, max-snippet:-1, max-image-preview:large, max-video-preview:-1\" \/>\n<link rel=\"canonical\" href=\"https:\/\/taniabonament.pl\/sluchawki\/model\/baseus-bowie-m2-sluchawki-bezprzewodowe-bluetooth-5-2-etui-qi-anc-sbc\/\" \/>\n<meta property=\"og:locale\" content=\"pl_PL\" \/>\n<meta property=\"og:type\" content=\"article\" \/>\n<meta property=\"og:title\" content=\"s\u0142uchawki bezprzewodowe Baseus - promocje na TaniAbonament.pl\" \/>\n<meta property=\"og:description\" content=\"S\u0142uchawki bezprzewodowe. Model Baseus w atrakcyjnej cenie 249.0 PLN. Przedstawiamy s\u0142uchawki do pracy zdalnej i s\u0142uchania muzyki.\" \/>\n<meta property=\"og:url\" content=\"https:\/\/taniabonament.pl\/sluchawki\/model\/baseus-bowie-m2-sluchawki-bezprzewodowe-bluetooth-5-2-etui-qi-anc-sbc\/\" \/>\n<meta property=\"og:site_name\" content=\"TaniAbonament.pl S\u0142uchawki\" \/>\n<meta property=\"og:image\" content=\"https:\/\/taniabonament.pl\/sluchawki\/wp-content\/uploads\/2022\/09\/c0bbaf23b52fcdff8d9e3ec7aa578fff6d60c771.jpg\" \/>\n\t<meta property=\"og:image:width\" content=\"600\" \/>\n\t<meta property=\"og:image:height\" content=\"600\" \/>\n\t<meta property=\"og:image:type\" content=\"image\/jpeg\" \/>\n<meta name=\"twitter:card\" content=\"summary_large_image\" \/>\n<meta name=\"twitter:label1\" content=\"Szacowany czas czytania\" \/>\n\t<meta name=\"twitter:data1\" content=\"1 minuta\" \/>\n<script type=\"application\/ld+json\" class=\"yoast-schema-graph\">{\"@context\":\"https:\/\/schema.org\",\"@graph\":[{\"@type\":\"WebPage\",\"@id\":\"https:\/\/taniabonament.pl\/sluchawki\/model\/baseus-bowie-m2-sluchawki-bezprzewodowe-bluetooth-5-2-etui-qi-anc-sbc\/\",\"url\":\"https:\/\/taniabonament.pl\/sluchawki\/model\/baseus-bowie-m2-sluchawki-bezprzewodowe-bluetooth-5-2-etui-qi-anc-sbc\/\",\"name\":\"s\u0142uchawki bezprzewodowe Baseus - promocje na TaniAbonament.pl\",\"isPartOf\":{\"@id\":\"https:\/\/taniabonament.pl\/sluchawki\/#website\"},\"datePublished\":\"2022-09-10T06:29:28+00:00\",\"dateModified\":\"2022-09-10T06:29:28+00:00\",\"description\":\"S\u0142uchawki bezprzewodowe. Model Baseus w atrakcyjnej cenie 249.0 PLN. Przedstawiamy s\u0142uchawki do pracy zdalnej i s\u0142uchania muzyki.\",\"breadcrumb\":{\"@id\":\"https:\/\/taniabonament.pl\/sluchawki\/model\/baseus-bowie-m2-sluchawki-bezprzewodowe-bluetooth-5-2-etui-qi-anc-sbc\/#breadcrumb\"},\"inLanguage\":\"pl-PL\",\"potentialAction\":[{\"@type\":\"ReadAction\",\"target\":[\"https:\/\/taniabonament.pl\/sluchawki\/model\/baseus-bowie-m2-sluchawki-bezprzewodowe-bluetooth-5-2-etui-qi-anc-sbc\/\"]}]},{\"@type\":\"BreadcrumbList\",\"@id\":\"https:\/\/taniabonament.pl\/sluchawki\/model\/baseus-bowie-m2-sluchawki-bezprzewodowe-bluetooth-5-2-etui-qi-anc-sbc\/#breadcrumb\",\"itemListElement\":[{\"@type\":\"ListItem\",\"position\":1,\"name\":\"Strona g\u0142\u00f3wna\",\"item\":\"https:\/\/taniabonament.pl\/sluchawki\/\"},{\"@type\":\"ListItem\",\"position\":2,\"name\":\"Sklep\",\"item\":\"https:\/\/taniabonament.pl\/sluchawki\/\"},{\"@type\":\"ListItem\",\"position\":3,\"name\":\"Baseus Bowie M2 | S\u0142uchawki bezprzewodowe Bluetooth 5.2 etui Qi ANC SBC\"}]},{\"@type\":\"WebSite\",\"@id\":\"https:\/\/taniabonament.pl\/sluchawki\/#website\",\"url\":\"https:\/\/taniabonament.pl\/sluchawki\/\",\"name\":\"TaniAbonament.pl S\u0142uchawki\",\"description\":\"\u015bwiat s\u0142uchawek idealnych do pracy zdalnej\",\"potentialAction\":[{\"@type\":\"SearchAction\",\"target\":{\"@type\":\"EntryPoint\",\"urlTemplate\":\"https:\/\/taniabonament.pl\/sluchawki\/?s={search_term_string}\"},\"query-input\":\"required name=search_term_string\"}],\"inLanguage\":\"pl-PL\"}]}<\/script>\n<!-- \/ Yoast SEO plugin. -->","yoast_head_json":{"title":"s\u0142uchawki bezprzewodowe Baseus - promocje na TaniAbonament.pl","description":"S\u0142uchawki bezprzewodowe. Model Baseus w atrakcyjnej cenie 249.0 PLN. Przedstawiamy s\u0142uchawki do pracy zdalnej i s\u0142uchania muzyki.","robots":{"index":"index","follow":"follow","max-snippet":"max-snippet:-1","max-image-preview":"max-image-preview:large","max-video-preview":"max-video-preview:-1"},"canonical":"https:\/\/taniabonament.pl\/sluchawki\/model\/baseus-bowie-m2-sluchawki-bezprzewodowe-bluetooth-5-2-etui-qi-anc-sbc\/","og_locale":"pl_PL","og_type":"article","og_title":"s\u0142uchawki bezprzewodowe Baseus - promocje na TaniAbonament.pl","og_description":"S\u0142uchawki bezprzewodowe. Model Baseus w atrakcyjnej cenie 249.0 PLN. Przedstawiamy s\u0142uchawki do pracy zdalnej i s\u0142uchania muzyki.","og_url":"https:\/\/taniabonament.pl\/sluchawki\/model\/baseus-bowie-m2-sluchawki-bezprzewodowe-bluetooth-5-2-etui-qi-anc-sbc\/","og_site_name":"TaniAbonament.pl S\u0142uchawki","og_image":[{"width":600,"height":600,"url":"https:\/\/taniabonament.pl\/sluchawki\/wp-content\/uploads\/2022\/09\/c0bbaf23b52fcdff8d9e3ec7aa578fff6d60c771.jpg","type":"image\/jpeg"}],"twitter_card":"summary_large_image","twitter_misc":{"Szacowany czas czytania":"1 minuta"},"schema":{"@context":"https:\/\/schema.org","@graph":[{"@type":"WebPage","@id":"https:\/\/taniabonament.pl\/sluchawki\/model\/baseus-bowie-m2-sluchawki-bezprzewodowe-bluetooth-5-2-etui-qi-anc-sbc\/","url":"https:\/\/taniabonament.pl\/sluchawki\/model\/baseus-bowie-m2-sluchawki-bezprzewodowe-bluetooth-5-2-etui-qi-anc-sbc\/","name":"s\u0142uchawki bezprzewodowe Baseus - promocje na TaniAbonament.pl","isPartOf":{"@id":"https:\/\/taniabonament.pl\/sluchawki\/#website"},"datePublished":"2022-09-10T06:29:28+00:00","dateModified":"2022-09-10T06:29:28+00:00","description":"S\u0142uchawki bezprzewodowe. Model Baseus w atrakcyjnej cenie 249.0 PLN. Przedstawiamy s\u0142uchawki do pracy zdalnej i s\u0142uchania muzyki.","breadcrumb":{"@id":"https:\/\/taniabonament.pl\/sluchawki\/model\/baseus-bowie-m2-sluchawki-bezprzewodowe-bluetooth-5-2-etui-qi-anc-sbc\/#breadcrumb"},"inLanguage":"pl-PL","potentialAction":[{"@type":"ReadAction","target":["https:\/\/taniabonament.pl\/sluchawki\/model\/baseus-bowie-m2-sluchawki-bezprzewodowe-bluetooth-5-2-etui-qi-anc-sbc\/"]}]},{"@type":"BreadcrumbList","@id":"https:\/\/taniabonament.pl\/sluchawki\/model\/baseus-bowie-m2-sluchawki-bezprzewodowe-bluetooth-5-2-etui-qi-anc-sbc\/#breadcrumb","itemListElement":[{"@type":"ListItem","position":1,"name":"Strona g\u0142\u00f3wna","item":"https:\/\/taniabonament.pl\/sluchawki\/"},{"@type":"ListItem","position":2,"name":"Sklep","item":"https:\/\/taniabonament.pl\/sluchawki\/"},{"@type":"ListItem","position":3,"name":"Baseus Bowie M2 | S\u0142uchawki bezprzewodowe Bluetooth 5.2 etui Qi ANC SBC"}]},{"@type":"WebSite","@id":"https:\/\/taniabonament.pl\/sluchawki\/#website","url":"https:\/\/taniabonament.pl\/sluchawki\/","name":"TaniAbonament.pl S\u0142uchawki","description":"\u015bwiat s\u0142uchawek idealnych do pracy zdalnej","potentialAction":[{"@type":"SearchAction","target":{"@type":"EntryPoint","urlTemplate":"https:\/\/taniabonament.pl\/sluchawki\/?s={search_term_string}"},"query-input":"required name=search_term_string"}],"inLanguage":"pl-PL"}]}},"_links":{"self":[{"href":"https:\/\/taniabonament.pl\/sluchawki\/wp-json\/wp\/v2\/product\/10883","targetHints":{"allow":["GET"]}}],"collection":[{"href":"https:\/\/taniabonament.pl\/sluchawki\/wp-json\/wp\/v2\/product"}],"about":[{"href":"https:\/\/taniabonament.pl\/sluchawki\/wp-json\/wp\/v2\/types\/product"}],"replies":[{"embeddable":true,"href":"https:\/\/taniabonament.pl\/sluchawki\/wp-json\/wp\/v2\/comments?post=10883"}],"wp:featuredmedia":[{"embeddable":true,"href":"https:\/\/taniabonament.pl\/sluchawki\/wp-json\/wp\/v2\/media\/11419"}],"wp:attachment":[{"href":"https:\/\/taniabonament.pl\/sluchawki\/wp-json\/wp\/v2\/media?parent=10883"}],"wp:term":[{"taxonomy":"product_cat","embeddable":true,"href":"https:\/\/taniabonament.pl\/sluchawki\/wp-json\/wp\/v2\/product_cat?post=10883"},{"taxonomy":"product_tag","embeddable":true,"href":"https:\/\/taniabonament.pl\/sluchawki\/wp-json\/wp\/v2\/product_tag?post=10883"}],"curies":[{"name":"wp","href":"https:\/\/api.w.org\/{rel}","templated":true}]}}