{"id":10487,"date":"2022-02-14T20:29:07","date_gmt":"2022-02-14T20:29:07","guid":{"rendered":"https:\/\/taniabonament.pl\/sluchawki\/model\/sluchawki-bezprzewodowe-bluetooth-kocie-uszy-roz-w-cenie\/"},"modified":"2022-02-14T20:29:13","modified_gmt":"2022-02-14T20:29:13","slug":"sluchawki-bezprzewodowe-bluetooth-kocie-uszy-roz-w-cenie","status":"publish","type":"product","link":"https:\/\/taniabonament.pl\/sluchawki\/model\/sluchawki-bezprzewodowe-bluetooth-kocie-uszy-roz-w-cenie\/","title":{"rendered":"S\u0142uchawki bezprzewodowe bluetooth kocie uszy r\u00f3\u017c &#8211; w cenie"},"content":{"rendered":"<p><img decoding=\"async\" style=\"margin-right: 25px; margin-bottom: 10px; width: 220px;\" src=\"https:\/\/static.convertiser.com\/media\/product_images\/380\/5ad58ee7597b88791a5050fe1cbf4dac\/299795cd7a3dededf17275154cba6648567f09ca.jpeg\" alt=\"s\u0142uchawki z mikrofonem \" align=\"left\" \/><\/p>\n<h2>S\u0142uchawki marki <\/h2>\n<p>CENA ORYGINALNA: 51.2 PLN<\/p>\n<div style=\"font-weight: bold; font-size: 18px;\">\n<p>UWAGA <span style=\"color: red;\">MAMY RABATY!<\/span><\/p>\n<p>Szczeg\u00f3\u0142owe parametry takie jak dane techniczne, promocje sprawdzisz poni\u017cej w Kupillo. Rozmawiaj wygodnie przez mikrofon podczas pracy zdalnej. Odizoluj si\u0119 od niepo\u017c\u0105danych d\u017awi\u0119k\u00f3w zewn\u0119trznych. Ciesz si\u0119 czystym brzmieniem w s\u0142uchawkach. Przejd\u017a teraz bezpo\u015brednio do z sklepu gdzie szybko zakupisz te s\u0142uchawki w korzystnej cenie.<\/p>\n<p><span style=\"color: #fff; background-color: #000000; padding: 1px 7px;\"><strong><\/strong><\/span><strong><span style=\"margin-left: 5px; color: #fff; background-color: red; padding: 1px 7px;\">51.2 PLN<\/span><\/strong><\/p>\n<p>&nbsp;<\/p>\n<p>&nbsp;<\/p>\n<\/div>\n<p style=\"text-align: center; padding-bottom: 15px;\"><a style=\"color: #fff; font-size: 22px; background-color: #e4144d; padding: 9px 14px; border-radius: 7px; text-decoration: underline;\" href=\"https:\/\/converti.se\/click\/34590059-c70e8160-5f3bd5bd\/?deep_link=https%3A%2F%2Fkupillo.pl%2Fsluchawki-bezprzewodowe-bluetooth-kocie-uszy-roz%2F&#038;sid=sluchawki-z-mikrofonem&#038;tag6=product&#038;tag8=5ad58ee7597b88791a5050fe1cbf4dac&#038;tag9=S%C5%82uchawki+bezprzewodowe+bluetooth+kocie+uszy+r%C3%B3%C5%BC\" target=\"_blank\" rel=\"nofollow noopener\">Kup teraz<\/a> <span style=\"font-size: 22px; padding-left: 10px;\"><\/span><\/p>\n","protected":false},"excerpt":{"rendered":"<h3>Odpowiednie <span style='color: red;'>s\u0142uchawki<\/span> z mikrofonem? <\/h3>\n<p> Cechy i zalety: <\/p>\n<ul style='padding-left: 10px; padding-bottom: 10px;'>\n<li style='padding-top: 10px;'>S\u0141UCHAWKI BEZPRZEWODOWE BLUETOOTH KOCIE USZY R\u00d3\u017bOWE S\u0142uchawki bezprzewodowe z kocimi uszkami to idealny gad\u017cet dla ka\u017cdego dziecka! Wygodna budowa, doskona\u0142a jako\u015b\u0107 d\u017awi\u0119ku, du\u017ca ilo\u015b\u0107 funkcji oraz KOCIE USZKA \u015bwiec\u0105ce r\u00f3\u017cnymi kolorami sprawiaj\u0105, \u017ce nasze s\u0142uchawki Bluetooth to doskona\u0142a propozycja dla ka\u017cdego m\u0142odego melomana.S\u0142uchawki Bluetooth z kocimi uszami posiadaj\u0105 wiele przydatnych w codziennym u\u017cytkowaniu funkcji\n<li style='padding-top: 10px;'>Mo\u017cesz s\u0142ucha\u0107 na nich muzyki bezprzewodowo &#8211; wystarczy sparowa\u0107 je poprzez Bluetooth ze swoim telefonem lub laptopem\n<li style='padding-top: 10px;'>Je\u015bli bateria s\u0142uchawek roz\u0142aduje si\u0119, pod\u0142\u0105cz je przy pomocy do\u0142\u0105czonego do zestawu kabla micro-jack i s\u0142uchaj dalej! Nie masz dost\u0119pu do telefonu ani komputera? Nic nie szkodzi &#8211; ulubion\u0105 muzyk\u0119 mo\u017cesz zabra\u0107 ze sob\u0105 na karcie SD, kt\u00f3r\u0105 umie\u015bcisz i odtworzysz bezpo\u015brednio w s\u0142uchawkach\n<li style='padding-top: 10px;'>POD\u015aWIETLENIE LED WE WSZYSTKICH KOLORACH T\u0118CZY!Wyra\u017a sw\u00f3j nastr\u00f3j i dodaj sobie energii poprzez kolorowe pod\u015bwietlenie LED, w kt\u00f3re wyposa\u017cone zosta\u0142y nasze s\u0142uchawki! W zale\u017cno\u015bci od potrzeb, mo\u017cesz je w\u0142\u0105czy\u0107 lub wy\u0142\u0105czy\u0107\n<li style='padding-top: 10px;'>Przyciski umieszczone na obudowie s\u0142uchawek pozwalaj\u0105 w \u0142atwy spos\u00f3b sterowa\u0107 pod\u015bwietleniem oraz wszystkimi innymi funkcjami &#8211; zatrzymywaniem i odtwarzaniem, prze\u0142\u0105czaniem utwor\u00f3w oraz regulacj\u0105 g\u0142o\u015bno\u015bci.ZALETY PRODUKTU: Wiele sposob\u00f3w na odtwarzanie muzyki Bardzo dobra \u0142\u0105czno\u015b\u0107 oraz jako\u015b\u0107 d\u017awi\u0119ku Niepowtarzalny styl zaprojektowany dla dzieci i nastolatk\u00f3w Sk\u0142adana konstrukcja Kolorowe pod\u015bwietlenie LEDSPECYFIKACJA: BT wersja: 5.0 Obs\u0142uga: HSP, HFP, A2DP, AVRCP Pasmo przenoszenia: 20-20KHz Impedancja: 32ohm Czu\u0142o\u015b\u0107: 93dB Mikrofon: tak Pojemno\u015b\u0107 baterii: 400mAh Czas dzia\u0142ania: oko\u0142o 10h (zale\u017cnie od g\u0142o\u015bno\u015bci) Czas \u0142adowania: oko\u0142o 1h Napi\u0119cie \u0142adowania: DC 5V Rozmiar: 19.2*18.2*8.0cm Waga: 219g Rozmiar opakowania: 18.9*12.9*8.6cm Waga opakowania: 319gZESTAW ZAWIERA: S\u0142uchawki bezprzewodowe Kabel zasilaj\u0105cy Instrukcja obs\u0142ugi Oryginalne opakowanie<\/ul>\n","protected":false},"featured_media":10488,"comment_status":"closed","ping_status":"open","template":"","meta":[],"product_cat":[601],"product_tag":[],"class_list":{"0":"post-10487","1":"product","2":"type-product","3":"status-publish","5":"hentry","6":"product_cat-sluchawki-z-mikrofonem","7":"pa_sklep-kupillo"},"yoast_head":"<!-- This site is optimized with the Yoast SEO plugin v20.9 - https:\/\/yoast.com\/wordpress\/plugins\/seo\/ -->\n<title>s\u0142uchawki z mikrofonem<\/title>\n<meta name=\"description\" content=\"S\u0142uchawki z mikrofonem. Model w atrakcyjnej cenie 51.2 PLN. Przedstawiamy s\u0142uchawki do pracy zdalnej i s\u0142uchania muzyki.\" \/>\n<meta name=\"robots\" content=\"index, follow, max-snippet:-1, max-image-preview:large, max-video-preview:-1\" \/>\n<link rel=\"canonical\" href=\"https:\/\/taniabonament.pl\/sluchawki\/model\/sluchawki-bezprzewodowe-bluetooth-kocie-uszy-roz-w-cenie\/\" \/>\n<meta property=\"og:locale\" content=\"pl_PL\" \/>\n<meta property=\"og:type\" content=\"article\" \/>\n<meta property=\"og:title\" content=\"s\u0142uchawki z mikrofonem\" \/>\n<meta property=\"og:description\" content=\"S\u0142uchawki z mikrofonem. Model w atrakcyjnej cenie 51.2 PLN. Przedstawiamy s\u0142uchawki do pracy zdalnej i s\u0142uchania muzyki.\" \/>\n<meta property=\"og:url\" content=\"https:\/\/taniabonament.pl\/sluchawki\/model\/sluchawki-bezprzewodowe-bluetooth-kocie-uszy-roz-w-cenie\/\" \/>\n<meta property=\"og:site_name\" content=\"TaniAbonament.pl S\u0142uchawki\" \/>\n<meta property=\"article:modified_time\" content=\"2022-02-14T20:29:13+00:00\" \/>\n<meta property=\"og:image\" content=\"https:\/\/taniabonament.pl\/sluchawki\/wp-content\/uploads\/2022\/02\/299795cd7a3dededf17275154cba6648567f09ca.jpeg\" \/>\n\t<meta property=\"og:image:width\" content=\"479\" \/>\n\t<meta property=\"og:image:height\" content=\"518\" \/>\n\t<meta property=\"og:image:type\" content=\"image\/jpeg\" \/>\n<meta name=\"twitter:card\" content=\"summary_large_image\" \/>\n<script type=\"application\/ld+json\" class=\"yoast-schema-graph\">{\"@context\":\"https:\/\/schema.org\",\"@graph\":[{\"@type\":\"WebPage\",\"@id\":\"https:\/\/taniabonament.pl\/sluchawki\/model\/sluchawki-bezprzewodowe-bluetooth-kocie-uszy-roz-w-cenie\/\",\"url\":\"https:\/\/taniabonament.pl\/sluchawki\/model\/sluchawki-bezprzewodowe-bluetooth-kocie-uszy-roz-w-cenie\/\",\"name\":\"s\u0142uchawki z mikrofonem\",\"isPartOf\":{\"@id\":\"https:\/\/taniabonament.pl\/sluchawki\/#website\"},\"datePublished\":\"2022-02-14T20:29:07+00:00\",\"dateModified\":\"2022-02-14T20:29:13+00:00\",\"description\":\"S\u0142uchawki z mikrofonem. Model w atrakcyjnej cenie 51.2 PLN. Przedstawiamy s\u0142uchawki do pracy zdalnej i s\u0142uchania muzyki.\",\"breadcrumb\":{\"@id\":\"https:\/\/taniabonament.pl\/sluchawki\/model\/sluchawki-bezprzewodowe-bluetooth-kocie-uszy-roz-w-cenie\/#breadcrumb\"},\"inLanguage\":\"pl-PL\",\"potentialAction\":[{\"@type\":\"ReadAction\",\"target\":[\"https:\/\/taniabonament.pl\/sluchawki\/model\/sluchawki-bezprzewodowe-bluetooth-kocie-uszy-roz-w-cenie\/\"]}]},{\"@type\":\"BreadcrumbList\",\"@id\":\"https:\/\/taniabonament.pl\/sluchawki\/model\/sluchawki-bezprzewodowe-bluetooth-kocie-uszy-roz-w-cenie\/#breadcrumb\",\"itemListElement\":[{\"@type\":\"ListItem\",\"position\":1,\"name\":\"Strona g\u0142\u00f3wna\",\"item\":\"https:\/\/taniabonament.pl\/sluchawki\/\"},{\"@type\":\"ListItem\",\"position\":2,\"name\":\"Sklep\",\"item\":\"https:\/\/taniabonament.pl\/sluchawki\/\"},{\"@type\":\"ListItem\",\"position\":3,\"name\":\"S\u0142uchawki bezprzewodowe bluetooth kocie uszy r\u00f3\u017c &#8211; w cenie\"}]},{\"@type\":\"WebSite\",\"@id\":\"https:\/\/taniabonament.pl\/sluchawki\/#website\",\"url\":\"https:\/\/taniabonament.pl\/sluchawki\/\",\"name\":\"TaniAbonament.pl S\u0142uchawki\",\"description\":\"\u015bwiat s\u0142uchawek idealnych do pracy zdalnej\",\"potentialAction\":[{\"@type\":\"SearchAction\",\"target\":{\"@type\":\"EntryPoint\",\"urlTemplate\":\"https:\/\/taniabonament.pl\/sluchawki\/?s={search_term_string}\"},\"query-input\":\"required name=search_term_string\"}],\"inLanguage\":\"pl-PL\"}]}<\/script>\n<!-- \/ Yoast SEO plugin. -->","yoast_head_json":{"title":"s\u0142uchawki z mikrofonem","description":"S\u0142uchawki z mikrofonem. Model w atrakcyjnej cenie 51.2 PLN. Przedstawiamy s\u0142uchawki do pracy zdalnej i s\u0142uchania muzyki.","robots":{"index":"index","follow":"follow","max-snippet":"max-snippet:-1","max-image-preview":"max-image-preview:large","max-video-preview":"max-video-preview:-1"},"canonical":"https:\/\/taniabonament.pl\/sluchawki\/model\/sluchawki-bezprzewodowe-bluetooth-kocie-uszy-roz-w-cenie\/","og_locale":"pl_PL","og_type":"article","og_title":"s\u0142uchawki z mikrofonem","og_description":"S\u0142uchawki z mikrofonem. Model w atrakcyjnej cenie 51.2 PLN. Przedstawiamy s\u0142uchawki do pracy zdalnej i s\u0142uchania muzyki.","og_url":"https:\/\/taniabonament.pl\/sluchawki\/model\/sluchawki-bezprzewodowe-bluetooth-kocie-uszy-roz-w-cenie\/","og_site_name":"TaniAbonament.pl S\u0142uchawki","article_modified_time":"2022-02-14T20:29:13+00:00","og_image":[{"width":479,"height":518,"url":"https:\/\/taniabonament.pl\/sluchawki\/wp-content\/uploads\/2022\/02\/299795cd7a3dededf17275154cba6648567f09ca.jpeg","type":"image\/jpeg"}],"twitter_card":"summary_large_image","schema":{"@context":"https:\/\/schema.org","@graph":[{"@type":"WebPage","@id":"https:\/\/taniabonament.pl\/sluchawki\/model\/sluchawki-bezprzewodowe-bluetooth-kocie-uszy-roz-w-cenie\/","url":"https:\/\/taniabonament.pl\/sluchawki\/model\/sluchawki-bezprzewodowe-bluetooth-kocie-uszy-roz-w-cenie\/","name":"s\u0142uchawki z mikrofonem","isPartOf":{"@id":"https:\/\/taniabonament.pl\/sluchawki\/#website"},"datePublished":"2022-02-14T20:29:07+00:00","dateModified":"2022-02-14T20:29:13+00:00","description":"S\u0142uchawki z mikrofonem. Model w atrakcyjnej cenie 51.2 PLN. Przedstawiamy s\u0142uchawki do pracy zdalnej i s\u0142uchania muzyki.","breadcrumb":{"@id":"https:\/\/taniabonament.pl\/sluchawki\/model\/sluchawki-bezprzewodowe-bluetooth-kocie-uszy-roz-w-cenie\/#breadcrumb"},"inLanguage":"pl-PL","potentialAction":[{"@type":"ReadAction","target":["https:\/\/taniabonament.pl\/sluchawki\/model\/sluchawki-bezprzewodowe-bluetooth-kocie-uszy-roz-w-cenie\/"]}]},{"@type":"BreadcrumbList","@id":"https:\/\/taniabonament.pl\/sluchawki\/model\/sluchawki-bezprzewodowe-bluetooth-kocie-uszy-roz-w-cenie\/#breadcrumb","itemListElement":[{"@type":"ListItem","position":1,"name":"Strona g\u0142\u00f3wna","item":"https:\/\/taniabonament.pl\/sluchawki\/"},{"@type":"ListItem","position":2,"name":"Sklep","item":"https:\/\/taniabonament.pl\/sluchawki\/"},{"@type":"ListItem","position":3,"name":"S\u0142uchawki bezprzewodowe bluetooth kocie uszy r\u00f3\u017c &#8211; w cenie"}]},{"@type":"WebSite","@id":"https:\/\/taniabonament.pl\/sluchawki\/#website","url":"https:\/\/taniabonament.pl\/sluchawki\/","name":"TaniAbonament.pl S\u0142uchawki","description":"\u015bwiat s\u0142uchawek idealnych do pracy zdalnej","potentialAction":[{"@type":"SearchAction","target":{"@type":"EntryPoint","urlTemplate":"https:\/\/taniabonament.pl\/sluchawki\/?s={search_term_string}"},"query-input":"required name=search_term_string"}],"inLanguage":"pl-PL"}]}},"_links":{"self":[{"href":"https:\/\/taniabonament.pl\/sluchawki\/wp-json\/wp\/v2\/product\/10487","targetHints":{"allow":["GET"]}}],"collection":[{"href":"https:\/\/taniabonament.pl\/sluchawki\/wp-json\/wp\/v2\/product"}],"about":[{"href":"https:\/\/taniabonament.pl\/sluchawki\/wp-json\/wp\/v2\/types\/product"}],"replies":[{"embeddable":true,"href":"https:\/\/taniabonament.pl\/sluchawki\/wp-json\/wp\/v2\/comments?post=10487"}],"wp:featuredmedia":[{"embeddable":true,"href":"https:\/\/taniabonament.pl\/sluchawki\/wp-json\/wp\/v2\/media\/10488"}],"wp:attachment":[{"href":"https:\/\/taniabonament.pl\/sluchawki\/wp-json\/wp\/v2\/media?parent=10487"}],"wp:term":[{"taxonomy":"product_cat","embeddable":true,"href":"https:\/\/taniabonament.pl\/sluchawki\/wp-json\/wp\/v2\/product_cat?post=10487"},{"taxonomy":"product_tag","embeddable":true,"href":"https:\/\/taniabonament.pl\/sluchawki\/wp-json\/wp\/v2\/product_tag?post=10487"}],"curies":[{"name":"wp","href":"https:\/\/api.w.org\/{rel}","templated":true}]}}