{"id":10412,"date":"2022-02-14T20:28:41","date_gmt":"2022-02-14T20:28:41","guid":{"rendered":"https:\/\/taniabonament.pl\/sluchawki\/model\/sluchawki-tws-lenovo-hx106-czarne-w-cenie-79-0-pln\/"},"modified":"2022-02-14T20:28:43","modified_gmt":"2022-02-14T20:28:43","slug":"sluchawki-tws-lenovo-hx106-czarne-w-cenie-79-0-pln","status":"publish","type":"product","link":"https:\/\/taniabonament.pl\/sluchawki\/model\/sluchawki-tws-lenovo-hx106-czarne-w-cenie-79-0-pln\/","title":{"rendered":"S\u0142uchawki TWS Lenovo HX106 (czarne) &#8211; w cenie 79.0 PLN"},"content":{"rendered":"<p><img decoding=\"async\" style=\"margin-right: 25px; margin-bottom: 10px; width: 220px;\" src=\"https:\/\/static.convertiser.com\/media\/product_images\/294\/12d6298d52417186b470695753a9488e\/3fba960c1d7fe30093858d2897889e11f4eee95b.webp\" alt=\"s\u0142uchawki z mikrofonem Lenovo\" align=\"left\" \/><\/p>\n<h2>S\u0142uchawki marki Lenovo<\/h2>\n<p>CENA ORYGINALNA: 79.0 PLN<\/p>\n<div style=\"font-weight: bold; font-size: 18px;\">\n<p>UWAGA <span style=\"color: red;\">MAMY RABATY!<\/span><\/p>\n<p>Szczeg\u00f3\u0142owe parametry takie jak dane techniczne, promocje sprawdzisz poni\u017cej w Akces-markt.pl. Rozmawiaj wygodnie przez mikrofon podczas pracy zdalnej. Odizoluj si\u0119 od niepo\u017c\u0105danych d\u017awi\u0119k\u00f3w zewn\u0119trznych. Ciesz si\u0119 czystym brzmieniem w s\u0142uchawkach. Przejd\u017a teraz bezpo\u015brednio do z sklepu gdzie szybko zakupisz te s\u0142uchawki w korzystnej cenie.<\/p>\n<p><span style=\"color: #fff; background-color: #000000; padding: 1px 7px;\"><strong>Lenovo<\/strong><\/span><strong><span style=\"margin-left: 5px; color: #fff; background-color: red; padding: 1px 7px;\">79.0 PLN<\/span><\/strong><\/p>\n<p>&nbsp;<\/p>\n<p>&nbsp;<\/p>\n<\/div>\n<p style=\"text-align: center; padding-bottom: 15px;\"><a style=\"color: #fff; font-size: 22px; background-color: #e4144d; padding: 9px 14px; border-radius: 7px; text-decoration: underline;\" href=\"https:\/\/converti.se\/click\/34590059-c70e8160-5f3ad5bd\/?deep_link=https%3A%2F%2Fakces-markt.pl%2Fpl%2Fp%2FSluchawki-TWS-Lenovo-HX106-czarne%2F147971&#038;sid=sluchawki-z-mikrofonem&#038;tag6=product&#038;tag8=12d6298d52417186b470695753a9488e&#038;tag9=S%C5%82uchawki+TWS+Lenovo+HX106+%28czarne%29\" target=\"_blank\" rel=\"nofollow noopener\">Kup teraz<\/a> <span style=\"font-size: 22px; padding-left: 10px;\">79.0 PLN<\/span><\/p>\n","protected":false},"excerpt":{"rendered":"<h3>Odpowiednie <span style='color: red;'>s\u0142uchawki<\/span> z mikrofonem? <\/h3>\n<p> Cechy i zalety: <\/p>\n<ul style='padding-left: 10px; padding-bottom: 10px;'>\n<li style='padding-top: 10px;'>Zestaw s\u0142uchawkowy Bluetooth Lenovo HX106Wygodnie rozmawiaj przez telefon lub graj w gry\n<li style='padding-top: 10px;'>Zestaw s\u0142uchawkowy Lenovo HX106 zapewnia doskona\u0142\u0105 jako\u015b\u0107 d\u017awi\u0119ku i niezawodne po\u0142\u0105czenie bezprzewodowe Bluetooth 5.0\n<li style='padding-top: 10px;'>Jego czas pracy si\u0119ga 6 godzin na jednym \u0142adowaniu\n<li style='padding-top: 10px;'>Jest przy tym niezwykle lekki i wygodny\n<li style='padding-top: 10px;'>Wbudowany mikrofon pozwala na rozmowy telefoniczne HD.\u00a0Najwy\u017csza jako\u015b\u0107 d\u017awi\u0119kuZestaw s\u0142uchawkowy HX106 zosta\u0142 wyposa\u017cony w kompozytow\u0105 membran\u0119 zoptymalizowan\u0105 przez Lenovo\n<li style='padding-top: 10px;'>Dzi\u0119ki temu zapewnia doskona\u0142\u0105 harmoni\u0119, wyraziste tony wysokie i podkre\u015blone basy\n<li style='padding-top: 10px;'>Urz\u0105dzenie pozwala cieszy\u0107 si\u0119 fantastycznej jako\u015bci d\u017awi\u0119kiem na poziomie HiFi &#8211; niewa\u017cne, czy s\u0142uchasz muzyki, czy rozmawiasz przez telefon.\u00a0Szybkie i stabilne po\u0142\u0105czenieHX106 wykorzystuje ulepszone \u0142\u0105cze Bluetooth 5.0, aby zagwarantowa\u0107 niezawodn\u0105, bezproblemow\u0105 transmisj\u0119 sygna\u0142u\n<li style='padding-top: 10px;'>Dzi\u0119ki temu mo\u017cesz gra\u0107 w gry bez op\u00f3\u017anie\u0144 i cieszy\u0107 si\u0119 stabilnymi po\u0142\u0105czeniami telefonicznymi\n<li style='padding-top: 10px;'>Istnieje te\u017c mo\u017cliwo\u015b\u0107 po\u0142\u0105czenia zestawu z 2 smartfonami jednocze\u015bnie.\u00a0Ergonomiczny designUrz\u0105dzenie jest lekkie jak pi\u00f3rko &#8211; nawet nie poczujesz, \u017ce masz je na sobie\n<li style='padding-top: 10px;'>Zapewnia te\u017c niezr\u00f3wnany komfort u\u017cytkowania\n<li style='padding-top: 10px;'>Obrotowy w zakresie 180\u00b0 &#8211; z \u0142atwo\u015bci\u0105 dostosujesz go do siebie\n<li style='padding-top: 10px;'>Jego gumki zosta\u0142y wykonane z mi\u0119kkiego, przyjaznego dla sk\u00f3ry tworzywa TPE\n<li style='padding-top: 10px;'>Mo\u017cesz wygodnie nosi\u0107 go zar\u00f3wno na prawym, jak i na lewym uchu.\u00a0D\u0142ugi czas pracyProdukt zosta\u0142 wyposa\u017cony w wytrzyma\u0142y akumulator o pojemno\u015bci 105 mAh, kt\u00f3ry zapewnia czas pracy do 6 godzin\n<li style='padding-top: 10px;'>W trybie czuwania urz\u0105dzenie mo\u017ce dzia\u0142a\u0107 nawet przez 120 godzin! Aby je na\u0142adowa\u0107, wystarczy pod\u0142\u0105czy\u0107 je do \u017ar\u00f3d\u0142a zasilania przez port USB-C.\u00a0Specyfikacja\u00a0ProducentLenovoModelHX106Materia\u0142Metal + silikon + TPEPrzetwornik10 mmCzas pracy w trybie czuwaniaOk\n<li style='padding-top: 10px;'>120 hPojemno\u015b\u0107 akumulatora105 mAhCzas rozm\u00f3wDo 6 hCzas odtwarzaniaDo 6 hJako\u015b\u0107 d\u017awi\u0119kuD\u017awi\u0119k przestrzenny HiFiPort \u0142adowaniaUSB-CPasmo przenoszenia20 Hz &#8211; 20 kHzImpedancja32\u03a9 \u00b13\u03a9Czu\u0142o\u015b\u0107 mikrofonu-42 dB \u00b13 dBStosunek sygna\u0142u do szumu\u226558 dBPoziom zniekszta\u0142ce\u0144\u22645%<\/ul>\n","protected":false},"featured_media":10413,"comment_status":"closed","ping_status":"open","template":"","meta":[],"product_cat":[171,601],"product_tag":[],"class_list":{"0":"post-10412","1":"product","2":"type-product","3":"status-publish","5":"hentry","6":"product_cat-lenovo","7":"product_cat-sluchawki-z-mikrofonem","8":"pa_producent-lenovo","9":"pa_sklep-akces-markt-pl"},"yoast_head":"<!-- This site is optimized with the Yoast SEO plugin v20.9 - https:\/\/yoast.com\/wordpress\/plugins\/seo\/ -->\n<title>s\u0142uchawki z mikrofonem Lenovo<\/title>\n<meta name=\"description\" content=\"S\u0142uchawki z mikrofonem. Model Lenovo w atrakcyjnej cenie 79.0 PLN. Przedstawiamy s\u0142uchawki do pracy zdalnej i s\u0142uchania muzyki.\" \/>\n<meta name=\"robots\" content=\"index, follow, max-snippet:-1, max-image-preview:large, max-video-preview:-1\" \/>\n<link rel=\"canonical\" href=\"https:\/\/taniabonament.pl\/sluchawki\/model\/sluchawki-tws-lenovo-hx106-czarne-w-cenie-79-0-pln\/\" \/>\n<meta property=\"og:locale\" content=\"pl_PL\" \/>\n<meta property=\"og:type\" content=\"article\" \/>\n<meta property=\"og:title\" content=\"s\u0142uchawki z mikrofonem Lenovo\" \/>\n<meta property=\"og:description\" content=\"S\u0142uchawki z mikrofonem. Model Lenovo w atrakcyjnej cenie 79.0 PLN. Przedstawiamy s\u0142uchawki do pracy zdalnej i s\u0142uchania muzyki.\" \/>\n<meta property=\"og:url\" content=\"https:\/\/taniabonament.pl\/sluchawki\/model\/sluchawki-tws-lenovo-hx106-czarne-w-cenie-79-0-pln\/\" \/>\n<meta property=\"og:site_name\" content=\"TaniAbonament.pl S\u0142uchawki\" \/>\n<meta property=\"article:modified_time\" content=\"2022-02-14T20:28:43+00:00\" \/>\n<meta property=\"og:image\" content=\"https:\/\/taniabonament.pl\/sluchawki\/wp-content\/uploads\/2022\/02\/3fba960c1d7fe30093858d2897889e11f4eee95b.webp\" \/>\n\t<meta property=\"og:image:width\" content=\"500\" \/>\n\t<meta property=\"og:image:height\" content=\"500\" \/>\n\t<meta property=\"og:image:type\" content=\"image\/jpeg\" \/>\n<meta name=\"twitter:card\" content=\"summary_large_image\" \/>\n<script type=\"application\/ld+json\" class=\"yoast-schema-graph\">{\"@context\":\"https:\/\/schema.org\",\"@graph\":[{\"@type\":\"WebPage\",\"@id\":\"https:\/\/taniabonament.pl\/sluchawki\/model\/sluchawki-tws-lenovo-hx106-czarne-w-cenie-79-0-pln\/\",\"url\":\"https:\/\/taniabonament.pl\/sluchawki\/model\/sluchawki-tws-lenovo-hx106-czarne-w-cenie-79-0-pln\/\",\"name\":\"s\u0142uchawki z mikrofonem Lenovo\",\"isPartOf\":{\"@id\":\"https:\/\/taniabonament.pl\/sluchawki\/#website\"},\"datePublished\":\"2022-02-14T20:28:41+00:00\",\"dateModified\":\"2022-02-14T20:28:43+00:00\",\"description\":\"S\u0142uchawki z mikrofonem. Model Lenovo w atrakcyjnej cenie 79.0 PLN. Przedstawiamy s\u0142uchawki do pracy zdalnej i s\u0142uchania muzyki.\",\"breadcrumb\":{\"@id\":\"https:\/\/taniabonament.pl\/sluchawki\/model\/sluchawki-tws-lenovo-hx106-czarne-w-cenie-79-0-pln\/#breadcrumb\"},\"inLanguage\":\"pl-PL\",\"potentialAction\":[{\"@type\":\"ReadAction\",\"target\":[\"https:\/\/taniabonament.pl\/sluchawki\/model\/sluchawki-tws-lenovo-hx106-czarne-w-cenie-79-0-pln\/\"]}]},{\"@type\":\"BreadcrumbList\",\"@id\":\"https:\/\/taniabonament.pl\/sluchawki\/model\/sluchawki-tws-lenovo-hx106-czarne-w-cenie-79-0-pln\/#breadcrumb\",\"itemListElement\":[{\"@type\":\"ListItem\",\"position\":1,\"name\":\"Strona g\u0142\u00f3wna\",\"item\":\"https:\/\/taniabonament.pl\/sluchawki\/\"},{\"@type\":\"ListItem\",\"position\":2,\"name\":\"Sklep\",\"item\":\"https:\/\/taniabonament.pl\/sluchawki\/\"},{\"@type\":\"ListItem\",\"position\":3,\"name\":\"S\u0142uchawki TWS Lenovo HX106 (czarne) &#8211; w cenie 79.0 PLN\"}]},{\"@type\":\"WebSite\",\"@id\":\"https:\/\/taniabonament.pl\/sluchawki\/#website\",\"url\":\"https:\/\/taniabonament.pl\/sluchawki\/\",\"name\":\"TaniAbonament.pl S\u0142uchawki\",\"description\":\"\u015bwiat s\u0142uchawek idealnych do pracy zdalnej\",\"potentialAction\":[{\"@type\":\"SearchAction\",\"target\":{\"@type\":\"EntryPoint\",\"urlTemplate\":\"https:\/\/taniabonament.pl\/sluchawki\/?s={search_term_string}\"},\"query-input\":\"required name=search_term_string\"}],\"inLanguage\":\"pl-PL\"}]}<\/script>\n<!-- \/ Yoast SEO plugin. -->","yoast_head_json":{"title":"s\u0142uchawki z mikrofonem Lenovo","description":"S\u0142uchawki z mikrofonem. Model Lenovo w atrakcyjnej cenie 79.0 PLN. Przedstawiamy s\u0142uchawki do pracy zdalnej i s\u0142uchania muzyki.","robots":{"index":"index","follow":"follow","max-snippet":"max-snippet:-1","max-image-preview":"max-image-preview:large","max-video-preview":"max-video-preview:-1"},"canonical":"https:\/\/taniabonament.pl\/sluchawki\/model\/sluchawki-tws-lenovo-hx106-czarne-w-cenie-79-0-pln\/","og_locale":"pl_PL","og_type":"article","og_title":"s\u0142uchawki z mikrofonem Lenovo","og_description":"S\u0142uchawki z mikrofonem. Model Lenovo w atrakcyjnej cenie 79.0 PLN. Przedstawiamy s\u0142uchawki do pracy zdalnej i s\u0142uchania muzyki.","og_url":"https:\/\/taniabonament.pl\/sluchawki\/model\/sluchawki-tws-lenovo-hx106-czarne-w-cenie-79-0-pln\/","og_site_name":"TaniAbonament.pl S\u0142uchawki","article_modified_time":"2022-02-14T20:28:43+00:00","og_image":[{"width":500,"height":500,"url":"https:\/\/taniabonament.pl\/sluchawki\/wp-content\/uploads\/2022\/02\/3fba960c1d7fe30093858d2897889e11f4eee95b.webp","type":"image\/jpeg"}],"twitter_card":"summary_large_image","schema":{"@context":"https:\/\/schema.org","@graph":[{"@type":"WebPage","@id":"https:\/\/taniabonament.pl\/sluchawki\/model\/sluchawki-tws-lenovo-hx106-czarne-w-cenie-79-0-pln\/","url":"https:\/\/taniabonament.pl\/sluchawki\/model\/sluchawki-tws-lenovo-hx106-czarne-w-cenie-79-0-pln\/","name":"s\u0142uchawki z mikrofonem Lenovo","isPartOf":{"@id":"https:\/\/taniabonament.pl\/sluchawki\/#website"},"datePublished":"2022-02-14T20:28:41+00:00","dateModified":"2022-02-14T20:28:43+00:00","description":"S\u0142uchawki z mikrofonem. Model Lenovo w atrakcyjnej cenie 79.0 PLN. Przedstawiamy s\u0142uchawki do pracy zdalnej i s\u0142uchania muzyki.","breadcrumb":{"@id":"https:\/\/taniabonament.pl\/sluchawki\/model\/sluchawki-tws-lenovo-hx106-czarne-w-cenie-79-0-pln\/#breadcrumb"},"inLanguage":"pl-PL","potentialAction":[{"@type":"ReadAction","target":["https:\/\/taniabonament.pl\/sluchawki\/model\/sluchawki-tws-lenovo-hx106-czarne-w-cenie-79-0-pln\/"]}]},{"@type":"BreadcrumbList","@id":"https:\/\/taniabonament.pl\/sluchawki\/model\/sluchawki-tws-lenovo-hx106-czarne-w-cenie-79-0-pln\/#breadcrumb","itemListElement":[{"@type":"ListItem","position":1,"name":"Strona g\u0142\u00f3wna","item":"https:\/\/taniabonament.pl\/sluchawki\/"},{"@type":"ListItem","position":2,"name":"Sklep","item":"https:\/\/taniabonament.pl\/sluchawki\/"},{"@type":"ListItem","position":3,"name":"S\u0142uchawki TWS Lenovo HX106 (czarne) &#8211; w cenie 79.0 PLN"}]},{"@type":"WebSite","@id":"https:\/\/taniabonament.pl\/sluchawki\/#website","url":"https:\/\/taniabonament.pl\/sluchawki\/","name":"TaniAbonament.pl S\u0142uchawki","description":"\u015bwiat s\u0142uchawek idealnych do pracy zdalnej","potentialAction":[{"@type":"SearchAction","target":{"@type":"EntryPoint","urlTemplate":"https:\/\/taniabonament.pl\/sluchawki\/?s={search_term_string}"},"query-input":"required name=search_term_string"}],"inLanguage":"pl-PL"}]}},"_links":{"self":[{"href":"https:\/\/taniabonament.pl\/sluchawki\/wp-json\/wp\/v2\/product\/10412","targetHints":{"allow":["GET"]}}],"collection":[{"href":"https:\/\/taniabonament.pl\/sluchawki\/wp-json\/wp\/v2\/product"}],"about":[{"href":"https:\/\/taniabonament.pl\/sluchawki\/wp-json\/wp\/v2\/types\/product"}],"replies":[{"embeddable":true,"href":"https:\/\/taniabonament.pl\/sluchawki\/wp-json\/wp\/v2\/comments?post=10412"}],"wp:featuredmedia":[{"embeddable":true,"href":"https:\/\/taniabonament.pl\/sluchawki\/wp-json\/wp\/v2\/media\/10413"}],"wp:attachment":[{"href":"https:\/\/taniabonament.pl\/sluchawki\/wp-json\/wp\/v2\/media?parent=10412"}],"wp:term":[{"taxonomy":"product_cat","embeddable":true,"href":"https:\/\/taniabonament.pl\/sluchawki\/wp-json\/wp\/v2\/product_cat?post=10412"},{"taxonomy":"product_tag","embeddable":true,"href":"https:\/\/taniabonament.pl\/sluchawki\/wp-json\/wp\/v2\/product_tag?post=10412"}],"curies":[{"name":"wp","href":"https:\/\/api.w.org\/{rel}","templated":true}]}}