{"id":10408,"date":"2022-02-14T20:28:41","date_gmt":"2022-02-14T20:28:41","guid":{"rendered":"https:\/\/taniabonament.pl\/sluchawki\/model\/sluchawki-tws-baseus-bowie-e8-biale-w-cenie-199-0-pln\/"},"modified":"2022-02-14T20:28:42","modified_gmt":"2022-02-14T20:28:42","slug":"sluchawki-tws-baseus-bowie-e8-biale-w-cenie-199-0-pln","status":"publish","type":"product","link":"https:\/\/taniabonament.pl\/sluchawki\/model\/sluchawki-tws-baseus-bowie-e8-biale-w-cenie-199-0-pln\/","title":{"rendered":"S\u0142uchawki TWS Baseus Bowie E8 (bia\u0142e) &#8211; w cenie 199.0 PLN"},"content":{"rendered":"<p><img decoding=\"async\" style=\"margin-right: 25px; margin-bottom: 10px; width: 220px;\" src=\"https:\/\/static.convertiser.com\/media\/product_images\/294\/26a664efe394c11734c4330bb24bad63\/baef905d0ce71a230582d8b03c665d07c2d5998b.webp\" alt=\"s\u0142uchawki z mikrofonem Baseus\" align=\"left\" \/><\/p>\n<h2>S\u0142uchawki marki Baseus<\/h2>\n<p>CENA ORYGINALNA: 199.0 PLN<\/p>\n<div style=\"font-weight: bold; font-size: 18px;\">\n<p>UWAGA <span style=\"color: red;\">MAMY RABATY!<\/span><\/p>\n<p>Szczeg\u00f3\u0142owe parametry takie jak dane techniczne, promocje sprawdzisz poni\u017cej w Akces-markt.pl. Rozmawiaj wygodnie przez mikrofon podczas pracy zdalnej. Odizoluj si\u0119 od niepo\u017c\u0105danych d\u017awi\u0119k\u00f3w zewn\u0119trznych. Ciesz si\u0119 czystym brzmieniem w s\u0142uchawkach. Przejd\u017a teraz bezpo\u015brednio do z sklepu gdzie szybko zakupisz te s\u0142uchawki w korzystnej cenie.<\/p>\n<p><span style=\"color: #fff; background-color: #000000; padding: 1px 7px;\"><strong>Baseus<\/strong><\/span><strong><span style=\"margin-left: 5px; color: #fff; background-color: red; padding: 1px 7px;\">199.0 PLN<\/span><\/strong><\/p>\n<p>&nbsp;<\/p>\n<p>&nbsp;<\/p>\n<\/div>\n<p style=\"text-align: center; padding-bottom: 15px;\"><a style=\"color: #fff; font-size: 22px; background-color: #e4144d; padding: 9px 14px; border-radius: 7px; text-decoration: underline;\" href=\"https:\/\/converti.se\/click\/34590059-c70e8160-5f3ad5bd\/?deep_link=https%3A%2F%2Fakces-markt.pl%2Fpl%2Fp%2FSluchawki-TWS-Baseus-Bowie-E8-biale%2F147052&#038;sid=sluchawki-z-mikrofonem&#038;tag6=product&#038;tag8=26a664efe394c11734c4330bb24bad63&#038;tag9=S%C5%82uchawki+TWS+Baseus+Bowie+E8+%28bia%C5%82e%29\" target=\"_blank\" rel=\"nofollow noopener\">Kup teraz<\/a> <span style=\"font-size: 22px; padding-left: 10px;\">199.0 PLN<\/span><\/p>\n","protected":false},"excerpt":{"rendered":"<h3>Odpowiednie <span style='color: red;'>s\u0142uchawki<\/span> z mikrofonem? <\/h3>\n<p> Cechy i zalety: <\/p>\n<ul style='padding-left: 10px; padding-bottom: 10px;'>\n<li style='padding-top: 10px;'>S\u0142uchawki bezprzewodowe Baseus E8 Wybierz zaawansowane technologie, wodoodporno\u015b\u0107, intuicyjno\u015b\u0107 i czysty d\u017awi\u0119k zamkni\u0119te w stylowych s\u0142uchawkach Baseus E8 i gdziekolwiek p\u0119dzisz, zabieraj ze sob\u0105 ulubion\u0105 muzyk\u0119 nawet na wiele godzin\n<li style='padding-top: 10px;'>Cho\u0107 s\u0142uchawki maj\u0105 niewielkie rozmiary, dzi\u0119ki zastosowanym innowacj\u0105 przesy\u0142aj\u0105 niesamowicie czysty i g\u0142\u0119boki d\u017awi\u0119k\n<li style='padding-top: 10px;'>Po pe\u0142nym na\u0142adowaniu, mo\u017cesz korzysta\u0107 z nich nawet przez 5h, a w po\u0142\u0105czeniu z \u0142aduj\u0105cym etui, ten czas mo\u017cna przed\u0142u\u017cy\u0107 nawet sze\u015bciokrotnie\n<li style='padding-top: 10px;'>Odkrywaj szczeg\u00f3\u0142y Wys\u0142uchuj d\u017awi\u0119k\u00f3w, kt\u00f3rych nie da\u0142o Ci si\u0119 odkry\u0107 wcze\u015bniej w swoich ulubionych utworach i delektuj si\u0119 nieprzerwanie czystym brzmieniem\n<li style='padding-top: 10px;'>Za stabilne po\u0142\u0105czenie, brak przerw i zniekszta\u0142ce\u0144 odpowiada modu\u0142 Bluetooth 5.0\n<li style='padding-top: 10px;'>Wyposa\u017cenie w mikrofon pozwala nie tylko na s\u0142uchanie muzyki, ale pozwala na czynne prowadzenie rozm\u00f3w.\u00a0Intuicyjno\u015b\u0107 Nie musisz ju\u017c w po\u015bpiechu przeszukiwa\u0107 torby i kieszeni by odebra\u0107 przychodz\u0105ce po\u0142\u0105czenie\n<li style='padding-top: 10px;'>Panel dotykowy zastosowany w s\u0142uchawkach Baseus E8 umo\u017cliwia odbieranie i odrzucanie po\u0142\u0105cze\u0144 za pomoc\u0105 delikatnego dotyku jednym palcem\n<li style='padding-top: 10px;'>Dodatkowo mo\u017cesz prze\u0142\u0105cza\u0107 si\u0119 mi\u0119dzy piosenkami, zatrzymywa\u0107 czy wznawia\u0107 odtwarzanie\n<li style='padding-top: 10px;'>Bez wzgl\u0119du na warunki S\u0142uchawki wykonane s\u0105 z nanomateria\u0142\u00f3w posiadaj\u0105cych ochron\u0119 IPX5, dzi\u0119ki kt\u00f3rej bez obaw mo\u017cesz z nich korzysta\u0107 nawet podczas najbardziej intensywnych trening\u00f3w, czy w przypadku kiedy z\u0142apie Ci\u0119 niespodziewany deszcz\n<li style='padding-top: 10px;'>Je\u015bli nast\u0105pi taka potrzeba, ze spokojem mo\u017ce przemy\u0107 je pod bie\u017c\u0105c\u0105 wod\u0105 bez obaw o uszkodzenie.\u00a0Korzystaj w dowolnym miejscu Dzi\u0119ki kompaktowym rozmiarom i niewielkiej wadze, s\u0142uchawki zmieszcz\u0105 si\u0119 nawet do kieszeni kurtki, czy ma\u0142ej torebki, dlatego bez przeszk\u00f3d mo\u017cesz zabiera\u0107 je ze sob\u0105 w ka\u017cd\u0105 podr\u00f3\u017c\n<li style='padding-top: 10px;'>Etui wyposa\u017cone jest w akumulator, kt\u00f3ry w razie potrzeby wyd\u0142u\u017cy dzia\u0142anie s\u0142uchawek\n<li style='padding-top: 10px;'>Dzi\u0119ki temu mo\u017cesz korzysta\u0107 z nich nawet podczas d\u0142ugich podr\u00f3\u017cy\n<li style='padding-top: 10px;'>Urz\u0105dzenie redukuje ha\u0142as, mo\u017cesz wi\u0119c ze spokojem odci\u0105\u0107 si\u0119 od otaczaj\u0105cego Ci\u0119 \u015bwiata\n<li style='padding-top: 10px;'>Komfortowy minimalizm Design w jakim zosta\u0142y zaprojektowane s\u0142uchawki sprawia, \u017ce z up\u0142ywem czasu nadal b\u0119d\u0105 wpisywa\u0107 si\u0119 w bie\u017c\u0105ce trendy i s\u0142u\u017cy\u0107 Ci latami\n<li style='padding-top: 10px;'>Niewielki rozmiar, waga i ergonomiczny kszta\u0142t ka\u017cdej z nich pozwol\u0105 na ods\u0142uchiwanie utwor\u00f3w czy prowadzenie rozm\u00f3w nawet przez wiele godzin bez wp\u0142ywu na wygod\u0119 podczas korzystania.\u00a0Dedykowana aplikacja Nie ograniczaj swoich mo\u017cliwo\u015bci i po\u0142\u0105cz telefon z dedykowan\u0105 aplikacj\u0105, kt\u00f3ra pozwoli na wi\u0119cej\n<li style='padding-top: 10px;'>Dostosuj ustawienia w zale\u017cno\u015bci od swoich potrzeb w \u0142atwy i szybki spos\u00f3b i nadawaj swojej ulubionej muzyce indywidualny charakter\n<li style='padding-top: 10px;'>Przeskakuj mi\u0119dzy trybami i zadecyduj czy chcesz korzysta\u0107 z jednej czy dw\u00f3ch s\u0142uchawek b\u0105d\u017a prze\u0142\u0105czaj je mi\u0119dzy urz\u0105dzeniami\n<li style='padding-top: 10px;'>Specyfikacja\u00a0MarkaBaseusMateria\u0142ABS + PCWersja bluetooth5.0Odleg\u0142o\u015b\u010710 mCzas s\u0142uchania muzyki5 godzin (70% g\u0142o\u015bno\u015bci)Czas s\u0142uchania muzyki z etui \u0142aduj\u0105cym25 godzinRozmiar etui45 x 45 mmRozmiar s\u0142uchawek32 x 18 mmPojemno\u015b\u0107 baterii40 mAh (s\u0142uchawki) \/ 350 mAh (etui \u0142aduj\u0105ce)Czas \u0142adowaniaok 1 godzinaCz\u0119stotliwo\u015b\u010720 Hz \u2013 20 kHzPort \u0142adowaniaUSB Typu CKolorBia\u0142y<\/ul>\n","protected":false},"featured_media":10409,"comment_status":"closed","ping_status":"open","template":"","meta":[],"product_cat":[74,601],"product_tag":[],"class_list":{"0":"post-10408","1":"product","2":"type-product","3":"status-publish","5":"hentry","6":"product_cat-baseus","7":"product_cat-sluchawki-z-mikrofonem","8":"pa_producent-baseus","9":"pa_sklep-akces-markt-pl"},"yoast_head":"<!-- This site is optimized with the Yoast SEO plugin v20.9 - https:\/\/yoast.com\/wordpress\/plugins\/seo\/ -->\n<title>s\u0142uchawki z mikrofonem Baseus<\/title>\n<meta name=\"description\" content=\"S\u0142uchawki z mikrofonem. Model Baseus w atrakcyjnej cenie 199.0 PLN. Przedstawiamy s\u0142uchawki do pracy zdalnej i s\u0142uchania muzyki.\" \/>\n<meta name=\"robots\" content=\"index, follow, max-snippet:-1, max-image-preview:large, max-video-preview:-1\" \/>\n<link rel=\"canonical\" href=\"https:\/\/taniabonament.pl\/sluchawki\/model\/sluchawki-tws-baseus-bowie-e8-biale-w-cenie-199-0-pln\/\" \/>\n<meta property=\"og:locale\" content=\"pl_PL\" \/>\n<meta property=\"og:type\" content=\"article\" \/>\n<meta property=\"og:title\" content=\"s\u0142uchawki z mikrofonem Baseus\" \/>\n<meta property=\"og:description\" content=\"S\u0142uchawki z mikrofonem. Model Baseus w atrakcyjnej cenie 199.0 PLN. Przedstawiamy s\u0142uchawki do pracy zdalnej i s\u0142uchania muzyki.\" \/>\n<meta property=\"og:url\" content=\"https:\/\/taniabonament.pl\/sluchawki\/model\/sluchawki-tws-baseus-bowie-e8-biale-w-cenie-199-0-pln\/\" \/>\n<meta property=\"og:site_name\" content=\"TaniAbonament.pl S\u0142uchawki\" \/>\n<meta property=\"article:modified_time\" content=\"2022-02-14T20:28:42+00:00\" \/>\n<meta property=\"og:image\" content=\"https:\/\/taniabonament.pl\/sluchawki\/wp-content\/uploads\/2022\/02\/baef905d0ce71a230582d8b03c665d07c2d5998b.webp\" \/>\n\t<meta property=\"og:image:width\" content=\"500\" \/>\n\t<meta property=\"og:image:height\" content=\"500\" \/>\n\t<meta property=\"og:image:type\" content=\"image\/jpeg\" \/>\n<meta name=\"twitter:card\" content=\"summary_large_image\" \/>\n<script type=\"application\/ld+json\" class=\"yoast-schema-graph\">{\"@context\":\"https:\/\/schema.org\",\"@graph\":[{\"@type\":\"WebPage\",\"@id\":\"https:\/\/taniabonament.pl\/sluchawki\/model\/sluchawki-tws-baseus-bowie-e8-biale-w-cenie-199-0-pln\/\",\"url\":\"https:\/\/taniabonament.pl\/sluchawki\/model\/sluchawki-tws-baseus-bowie-e8-biale-w-cenie-199-0-pln\/\",\"name\":\"s\u0142uchawki z mikrofonem Baseus\",\"isPartOf\":{\"@id\":\"https:\/\/taniabonament.pl\/sluchawki\/#website\"},\"datePublished\":\"2022-02-14T20:28:41+00:00\",\"dateModified\":\"2022-02-14T20:28:42+00:00\",\"description\":\"S\u0142uchawki z mikrofonem. Model Baseus w atrakcyjnej cenie 199.0 PLN. Przedstawiamy s\u0142uchawki do pracy zdalnej i s\u0142uchania muzyki.\",\"breadcrumb\":{\"@id\":\"https:\/\/taniabonament.pl\/sluchawki\/model\/sluchawki-tws-baseus-bowie-e8-biale-w-cenie-199-0-pln\/#breadcrumb\"},\"inLanguage\":\"pl-PL\",\"potentialAction\":[{\"@type\":\"ReadAction\",\"target\":[\"https:\/\/taniabonament.pl\/sluchawki\/model\/sluchawki-tws-baseus-bowie-e8-biale-w-cenie-199-0-pln\/\"]}]},{\"@type\":\"BreadcrumbList\",\"@id\":\"https:\/\/taniabonament.pl\/sluchawki\/model\/sluchawki-tws-baseus-bowie-e8-biale-w-cenie-199-0-pln\/#breadcrumb\",\"itemListElement\":[{\"@type\":\"ListItem\",\"position\":1,\"name\":\"Strona g\u0142\u00f3wna\",\"item\":\"https:\/\/taniabonament.pl\/sluchawki\/\"},{\"@type\":\"ListItem\",\"position\":2,\"name\":\"Sklep\",\"item\":\"https:\/\/taniabonament.pl\/sluchawki\/\"},{\"@type\":\"ListItem\",\"position\":3,\"name\":\"S\u0142uchawki TWS Baseus Bowie E8 (bia\u0142e) &#8211; w cenie 199.0 PLN\"}]},{\"@type\":\"WebSite\",\"@id\":\"https:\/\/taniabonament.pl\/sluchawki\/#website\",\"url\":\"https:\/\/taniabonament.pl\/sluchawki\/\",\"name\":\"TaniAbonament.pl S\u0142uchawki\",\"description\":\"\u015bwiat s\u0142uchawek idealnych do pracy zdalnej\",\"potentialAction\":[{\"@type\":\"SearchAction\",\"target\":{\"@type\":\"EntryPoint\",\"urlTemplate\":\"https:\/\/taniabonament.pl\/sluchawki\/?s={search_term_string}\"},\"query-input\":\"required name=search_term_string\"}],\"inLanguage\":\"pl-PL\"}]}<\/script>\n<!-- \/ Yoast SEO plugin. -->","yoast_head_json":{"title":"s\u0142uchawki z mikrofonem Baseus","description":"S\u0142uchawki z mikrofonem. Model Baseus w atrakcyjnej cenie 199.0 PLN. Przedstawiamy s\u0142uchawki do pracy zdalnej i s\u0142uchania muzyki.","robots":{"index":"index","follow":"follow","max-snippet":"max-snippet:-1","max-image-preview":"max-image-preview:large","max-video-preview":"max-video-preview:-1"},"canonical":"https:\/\/taniabonament.pl\/sluchawki\/model\/sluchawki-tws-baseus-bowie-e8-biale-w-cenie-199-0-pln\/","og_locale":"pl_PL","og_type":"article","og_title":"s\u0142uchawki z mikrofonem Baseus","og_description":"S\u0142uchawki z mikrofonem. Model Baseus w atrakcyjnej cenie 199.0 PLN. Przedstawiamy s\u0142uchawki do pracy zdalnej i s\u0142uchania muzyki.","og_url":"https:\/\/taniabonament.pl\/sluchawki\/model\/sluchawki-tws-baseus-bowie-e8-biale-w-cenie-199-0-pln\/","og_site_name":"TaniAbonament.pl S\u0142uchawki","article_modified_time":"2022-02-14T20:28:42+00:00","og_image":[{"width":500,"height":500,"url":"https:\/\/taniabonament.pl\/sluchawki\/wp-content\/uploads\/2022\/02\/baef905d0ce71a230582d8b03c665d07c2d5998b.webp","type":"image\/jpeg"}],"twitter_card":"summary_large_image","schema":{"@context":"https:\/\/schema.org","@graph":[{"@type":"WebPage","@id":"https:\/\/taniabonament.pl\/sluchawki\/model\/sluchawki-tws-baseus-bowie-e8-biale-w-cenie-199-0-pln\/","url":"https:\/\/taniabonament.pl\/sluchawki\/model\/sluchawki-tws-baseus-bowie-e8-biale-w-cenie-199-0-pln\/","name":"s\u0142uchawki z mikrofonem Baseus","isPartOf":{"@id":"https:\/\/taniabonament.pl\/sluchawki\/#website"},"datePublished":"2022-02-14T20:28:41+00:00","dateModified":"2022-02-14T20:28:42+00:00","description":"S\u0142uchawki z mikrofonem. Model Baseus w atrakcyjnej cenie 199.0 PLN. Przedstawiamy s\u0142uchawki do pracy zdalnej i s\u0142uchania muzyki.","breadcrumb":{"@id":"https:\/\/taniabonament.pl\/sluchawki\/model\/sluchawki-tws-baseus-bowie-e8-biale-w-cenie-199-0-pln\/#breadcrumb"},"inLanguage":"pl-PL","potentialAction":[{"@type":"ReadAction","target":["https:\/\/taniabonament.pl\/sluchawki\/model\/sluchawki-tws-baseus-bowie-e8-biale-w-cenie-199-0-pln\/"]}]},{"@type":"BreadcrumbList","@id":"https:\/\/taniabonament.pl\/sluchawki\/model\/sluchawki-tws-baseus-bowie-e8-biale-w-cenie-199-0-pln\/#breadcrumb","itemListElement":[{"@type":"ListItem","position":1,"name":"Strona g\u0142\u00f3wna","item":"https:\/\/taniabonament.pl\/sluchawki\/"},{"@type":"ListItem","position":2,"name":"Sklep","item":"https:\/\/taniabonament.pl\/sluchawki\/"},{"@type":"ListItem","position":3,"name":"S\u0142uchawki TWS Baseus Bowie E8 (bia\u0142e) &#8211; w cenie 199.0 PLN"}]},{"@type":"WebSite","@id":"https:\/\/taniabonament.pl\/sluchawki\/#website","url":"https:\/\/taniabonament.pl\/sluchawki\/","name":"TaniAbonament.pl S\u0142uchawki","description":"\u015bwiat s\u0142uchawek idealnych do pracy zdalnej","potentialAction":[{"@type":"SearchAction","target":{"@type":"EntryPoint","urlTemplate":"https:\/\/taniabonament.pl\/sluchawki\/?s={search_term_string}"},"query-input":"required name=search_term_string"}],"inLanguage":"pl-PL"}]}},"_links":{"self":[{"href":"https:\/\/taniabonament.pl\/sluchawki\/wp-json\/wp\/v2\/product\/10408","targetHints":{"allow":["GET"]}}],"collection":[{"href":"https:\/\/taniabonament.pl\/sluchawki\/wp-json\/wp\/v2\/product"}],"about":[{"href":"https:\/\/taniabonament.pl\/sluchawki\/wp-json\/wp\/v2\/types\/product"}],"replies":[{"embeddable":true,"href":"https:\/\/taniabonament.pl\/sluchawki\/wp-json\/wp\/v2\/comments?post=10408"}],"wp:featuredmedia":[{"embeddable":true,"href":"https:\/\/taniabonament.pl\/sluchawki\/wp-json\/wp\/v2\/media\/10409"}],"wp:attachment":[{"href":"https:\/\/taniabonament.pl\/sluchawki\/wp-json\/wp\/v2\/media?parent=10408"}],"wp:term":[{"taxonomy":"product_cat","embeddable":true,"href":"https:\/\/taniabonament.pl\/sluchawki\/wp-json\/wp\/v2\/product_cat?post=10408"},{"taxonomy":"product_tag","embeddable":true,"href":"https:\/\/taniabonament.pl\/sluchawki\/wp-json\/wp\/v2\/product_tag?post=10408"}],"curies":[{"name":"wp","href":"https:\/\/api.w.org\/{rel}","templated":true}]}}