{"id":10406,"date":"2022-02-14T20:28:41","date_gmt":"2022-02-14T20:28:41","guid":{"rendered":"https:\/\/taniabonament.pl\/sluchawki\/model\/sluchawki-do-rozmow-edifier-k800-czarne-w-cenie-79-99-pln\/"},"modified":"2022-02-14T20:28:42","modified_gmt":"2022-02-14T20:28:42","slug":"sluchawki-do-rozmow-edifier-k800-czarne-w-cenie-79-99-pln","status":"publish","type":"product","link":"https:\/\/taniabonament.pl\/sluchawki\/model\/sluchawki-do-rozmow-edifier-k800-czarne-w-cenie-79-99-pln\/","title":{"rendered":"S\u0142uchawki do rozm\u00f3w Edifier K800 (czarne) &#8211; w cenie 79.99 PLN"},"content":{"rendered":"<p><img decoding=\"async\" style=\"margin-right: 25px; margin-bottom: 10px; width: 220px;\" src=\"https:\/\/static.convertiser.com\/media\/product_images\/294\/1f5e0d7bf0581573333a9cb468f389bf\/3f56d241ae45edff290be2c0a9e0ebf7735d598f.webp\" alt=\"s\u0142uchawki z mikrofonem Edifier\" align=\"left\" \/><\/p>\n<h2>S\u0142uchawki marki Edifier<\/h2>\n<p>CENA ORYGINALNA: 79.99 PLN<\/p>\n<div style=\"font-weight: bold; font-size: 18px;\">\n<p>UWAGA <span style=\"color: red;\">MAMY RABATY!<\/span><\/p>\n<p>Szczeg\u00f3\u0142owe parametry takie jak dane techniczne, promocje sprawdzisz poni\u017cej w Akces-markt.pl. Rozmawiaj wygodnie przez mikrofon podczas pracy zdalnej. Odizoluj si\u0119 od niepo\u017c\u0105danych d\u017awi\u0119k\u00f3w zewn\u0119trznych. Ciesz si\u0119 czystym brzmieniem w s\u0142uchawkach. Przejd\u017a teraz bezpo\u015brednio do z sklepu gdzie szybko zakupisz te s\u0142uchawki w korzystnej cenie.<\/p>\n<p><span style=\"color: #fff; background-color: #000000; padding: 1px 7px;\"><strong>Edifier<\/strong><\/span><strong><span style=\"margin-left: 5px; color: #fff; background-color: red; padding: 1px 7px;\">79.99 PLN<\/span><\/strong><\/p>\n<p>&nbsp;<\/p>\n<p>&nbsp;<\/p>\n<\/div>\n<p style=\"text-align: center; padding-bottom: 15px;\"><a style=\"color: #fff; font-size: 22px; background-color: #e4144d; padding: 9px 14px; border-radius: 7px; text-decoration: underline;\" href=\"https:\/\/converti.se\/click\/34590059-c70e8160-5f3ad5bd\/?deep_link=https%3A%2F%2Fakces-markt.pl%2Fpl%2Fp%2FSluchawki-do-rozmow-Edifier-K800-czarne%2F146897&#038;sid=sluchawki-z-mikrofonem&#038;tag6=product&#038;tag8=1f5e0d7bf0581573333a9cb468f389bf&#038;tag9=S%C5%82uchawki+do+rozm%C3%B3w+Edifier+K800+%28czarne%29\" target=\"_blank\" rel=\"nofollow noopener\">Kup teraz<\/a> <span style=\"font-size: 22px; padding-left: 10px;\">79.99 PLN<\/span><\/p>\n","protected":false},"excerpt":{"rendered":"<h3>Odpowiednie <span style='color: red;'>s\u0142uchawki<\/span> z mikrofonem? <\/h3>\n<p> Cechy i zalety: <\/p>\n<ul style='padding-left: 10px; padding-bottom: 10px;'>\n<li style='padding-top: 10px;'>S\u0142uchawki Edifier K800Szukasz wielofunkcyjnych s\u0142uchawek, kt\u00f3re sprawdz\u0105 si\u0119 w wielu zastosowaniach? Edifier K800 oka\u017c\u0105 si\u0119 doskona\u0142ym wyborem dla uczni\u00f3w, student\u00f3w, nauczycieli i nie tylko! Zapewni\u0105 Ci doskona\u0142\u0105 jako\u015b\u0107 d\u017awi\u0119ku w ka\u017cdej sytuacji, a dzi\u0119ki wysokiej klasy mikrofonowi umo\u017cliwiaj\u0105 swobodn\u0105 komunikacj\u0119 z innymi\n<li style='padding-top: 10px;'>S\u0105 te\u017c niesamowicie wygodne i lekkie, a ich obs\u0142ug\u0119 u\u0142atwia zintegrowany z kablem pilot\n<li style='padding-top: 10px;'>W zestawie znajdziesz r\u00f3wnie\u017c dodatkowy rozdzielacz 3,5 mm.\u00a0Swobodna komunikacja dzi\u0119ki wysokiej klasy mikrofonowiLubisz gra\u0107 w gry sieciowe? Cz\u0119sto uczestniczysz w spotkaniach, wyk\u0142adach lub lekcjach online? Wybierz s\u0142uchawki, kt\u00f3re pozwol\u0105 Ci wygodnie rozmawia\u0107 z innymi! K800 zosta\u0142y wyposa\u017cone w wysokiej klasy mikrofon, kt\u00f3ry precyzyjnie zarejestruje Tw\u00f3j g\u0142os\n<li style='padding-top: 10px;'>Ponadto dzi\u0119ki obrotowej konstrukcji mo\u017cesz dostosowa\u0107 jego po\u0142o\u017cenie, aby cieszy\u0107 si\u0119 wygod\u0105 i zyska\u0107 pewno\u015b\u0107, \u017ce Twoi rozm\u00f3wcy doskonale Ci\u0119 us\u0142ysz\u0105.\u00a0Wygodna obs\u0142ugaPrzekonaj si\u0119, jak prosta i wygodna mo\u017ce by\u0107 obs\u0142uga s\u0142uchawek\n<li style='padding-top: 10px;'>K800 maj\u0105 wbudowanego praktycznego pilota zintegrowanego z kablem\n<li style='padding-top: 10px;'>Za jego pomoc\u0105 mo\u017cesz na przyk\u0142ad precyzyjnie dostosowa\u0107 g\u0142o\u015bno\u015b\u0107 s\u0142uchawek.\u00a0B\u0142yskawicznie wyciszysz te\u017c mikrofon\n<li style='padding-top: 10px;'>Ju\u017c nie musisz szuka\u0107 odpowiednich ustawie\u0144 w komputerze &#8211; wszystko, co najwa\u017cniejsze, masz w zasi\u0119gu r\u0119ki!\u00a0Doskona\u0142a jako\u015b\u0107 d\u017awi\u0119kuBez problemu us\u0142ysz swoich rozm\u00f3wc\u00f3w i ciesz si\u0119 bogatym w szczeg\u00f3\u0142y, krystalicznie czystym d\u017awi\u0119kiem podczas s\u0142uchania muzyki lub ogl\u0105dania film\u00f3w\n<li style='padding-top: 10px;'>Mo\u017cesz te\u017c zapewni\u0107 sobie zwi\u0119kszon\u0105 immersj\u0119, kiedy grasz w gry\n<li style='padding-top: 10px;'>S\u0142uchawki Edifier K800 zosta\u0142y zaprojektowane w taki spos\u00f3b, aby dostarczy\u0107 Ci niepowtarzalnych muzycznych wra\u017ce\u0144\n<li style='padding-top: 10px;'>Neodymowy, magnetyczny, dynamiczny przetwornik 40 mm gwarantuje zachwycaj\u0105ce brzmienie.\u00a0Dostosowane do potrzeb u\u017cytkownik\u00f3wS\u0142uchawki Edifier K800 zosta\u0142y zaprojektowane z my\u015bl\u0105 o zr\u00f3\u017cnicowanych potrzebach u\u017cytkownik\u00f3w w ka\u017cdym wieku\n<li style='padding-top: 10px;'>Regulowany pa\u0142\u0105k sprawia, \u017ce nadaj\u0105 si\u0119 zar\u00f3wno dla doros\u0142ych, jak i dla dzieci\n<li style='padding-top: 10px;'>Mi\u0119kkie, wykonane z przyjaznych dla sk\u00f3ry materia\u0142\u00f3w nauszniki idealnie przylegaj\u0105 do uszu, zapewniaj\u0105c niezr\u00f3wnan\u0105 wygod\u0119 na wiele godzin wyk\u0142ad\u00f3w, lekcji, spotka\u0144 czy rozrywki.\u00a0D\u0142ugi, wytrzyma\u0142y kabelZapomnij o s\u0142abej jako\u015bci s\u0142uchawkach, kt\u00f3re bardzo szybko si\u0119 psuj\u0105\n<li style='padding-top: 10px;'>K800 zosta\u0142y wyposa\u017cone w wytrzyma\u0142y kabel, kt\u00f3ry wyr\u00f3\u017cnia si\u0119 niesamowit\u0105 odporno\u015bci\u0105 na wyginanie, rozerwanie i innego rodzaju uszkodzenia\n<li style='padding-top: 10px;'>Jest te\u017c niezwykle ma\u0142o podatny na zu\u017cycie &#8211; b\u0119dzie doskonale Ci s\u0142u\u017cy\u0107 przez d\u0142ugi czas\n<li style='padding-top: 10px;'>Co wi\u0119cej, d\u0142ugo\u015b\u0107 2 m zapewni Ci niemal nieograniczon\u0105 swobod\u0119.\u00a0W zestawieS\u0142uchawkiKabel rozdzielacz 3,5 mm (0,7 m)Instrukcja obs\u0142ugi\u00a0Specyfikacja\u00a0ProducentEdifierModelK800PrzetwornikDynamiczny przetwornik 40 mmPasmo przenoszenia20 Hz &#8211; 20 kHzImpedancja32\u03a9Znamionowa moc wej\u015bciowa50 mWSPL95 dBZ\u0142\u0105cze3,5 mm \/ 4-biegunowe \/ prosteD\u0142ugo\u015b\u0107 kabla2 m<\/ul>\n","protected":false},"featured_media":10407,"comment_status":"closed","ping_status":"open","template":"","meta":[],"product_cat":[82,601],"product_tag":[],"class_list":{"0":"post-10406","1":"product","2":"type-product","3":"status-publish","5":"hentry","6":"product_cat-edifier","7":"product_cat-sluchawki-z-mikrofonem","8":"pa_producent-edifier","9":"pa_sklep-akces-markt-pl"},"yoast_head":"<!-- This site is optimized with the Yoast SEO plugin v20.9 - https:\/\/yoast.com\/wordpress\/plugins\/seo\/ -->\n<title>s\u0142uchawki z mikrofonem Edifier<\/title>\n<meta name=\"description\" content=\"S\u0142uchawki z mikrofonem. Model Edifier w atrakcyjnej cenie 79.99 PLN. Przedstawiamy s\u0142uchawki do pracy zdalnej i s\u0142uchania muzyki.\" \/>\n<meta name=\"robots\" content=\"index, follow, max-snippet:-1, max-image-preview:large, max-video-preview:-1\" \/>\n<link rel=\"canonical\" href=\"https:\/\/taniabonament.pl\/sluchawki\/model\/sluchawki-do-rozmow-edifier-k800-czarne-w-cenie-79-99-pln\/\" \/>\n<meta property=\"og:locale\" content=\"pl_PL\" \/>\n<meta property=\"og:type\" content=\"article\" \/>\n<meta property=\"og:title\" content=\"s\u0142uchawki z mikrofonem Edifier\" \/>\n<meta property=\"og:description\" content=\"S\u0142uchawki z mikrofonem. Model Edifier w atrakcyjnej cenie 79.99 PLN. Przedstawiamy s\u0142uchawki do pracy zdalnej i s\u0142uchania muzyki.\" \/>\n<meta property=\"og:url\" content=\"https:\/\/taniabonament.pl\/sluchawki\/model\/sluchawki-do-rozmow-edifier-k800-czarne-w-cenie-79-99-pln\/\" \/>\n<meta property=\"og:site_name\" content=\"TaniAbonament.pl S\u0142uchawki\" \/>\n<meta property=\"article:modified_time\" content=\"2022-02-14T20:28:42+00:00\" \/>\n<meta property=\"og:image\" content=\"https:\/\/taniabonament.pl\/sluchawki\/wp-content\/uploads\/2022\/02\/3f56d241ae45edff290be2c0a9e0ebf7735d598f.webp\" \/>\n\t<meta property=\"og:image:width\" content=\"500\" \/>\n\t<meta property=\"og:image:height\" content=\"500\" \/>\n\t<meta property=\"og:image:type\" content=\"image\/jpeg\" \/>\n<meta name=\"twitter:card\" content=\"summary_large_image\" \/>\n<script type=\"application\/ld+json\" class=\"yoast-schema-graph\">{\"@context\":\"https:\/\/schema.org\",\"@graph\":[{\"@type\":\"WebPage\",\"@id\":\"https:\/\/taniabonament.pl\/sluchawki\/model\/sluchawki-do-rozmow-edifier-k800-czarne-w-cenie-79-99-pln\/\",\"url\":\"https:\/\/taniabonament.pl\/sluchawki\/model\/sluchawki-do-rozmow-edifier-k800-czarne-w-cenie-79-99-pln\/\",\"name\":\"s\u0142uchawki z mikrofonem Edifier\",\"isPartOf\":{\"@id\":\"https:\/\/taniabonament.pl\/sluchawki\/#website\"},\"datePublished\":\"2022-02-14T20:28:41+00:00\",\"dateModified\":\"2022-02-14T20:28:42+00:00\",\"description\":\"S\u0142uchawki z mikrofonem. Model Edifier w atrakcyjnej cenie 79.99 PLN. Przedstawiamy s\u0142uchawki do pracy zdalnej i s\u0142uchania muzyki.\",\"breadcrumb\":{\"@id\":\"https:\/\/taniabonament.pl\/sluchawki\/model\/sluchawki-do-rozmow-edifier-k800-czarne-w-cenie-79-99-pln\/#breadcrumb\"},\"inLanguage\":\"pl-PL\",\"potentialAction\":[{\"@type\":\"ReadAction\",\"target\":[\"https:\/\/taniabonament.pl\/sluchawki\/model\/sluchawki-do-rozmow-edifier-k800-czarne-w-cenie-79-99-pln\/\"]}]},{\"@type\":\"BreadcrumbList\",\"@id\":\"https:\/\/taniabonament.pl\/sluchawki\/model\/sluchawki-do-rozmow-edifier-k800-czarne-w-cenie-79-99-pln\/#breadcrumb\",\"itemListElement\":[{\"@type\":\"ListItem\",\"position\":1,\"name\":\"Strona g\u0142\u00f3wna\",\"item\":\"https:\/\/taniabonament.pl\/sluchawki\/\"},{\"@type\":\"ListItem\",\"position\":2,\"name\":\"Sklep\",\"item\":\"https:\/\/taniabonament.pl\/sluchawki\/\"},{\"@type\":\"ListItem\",\"position\":3,\"name\":\"S\u0142uchawki do rozm\u00f3w Edifier K800 (czarne) &#8211; w cenie 79.99 PLN\"}]},{\"@type\":\"WebSite\",\"@id\":\"https:\/\/taniabonament.pl\/sluchawki\/#website\",\"url\":\"https:\/\/taniabonament.pl\/sluchawki\/\",\"name\":\"TaniAbonament.pl S\u0142uchawki\",\"description\":\"\u015bwiat s\u0142uchawek idealnych do pracy zdalnej\",\"potentialAction\":[{\"@type\":\"SearchAction\",\"target\":{\"@type\":\"EntryPoint\",\"urlTemplate\":\"https:\/\/taniabonament.pl\/sluchawki\/?s={search_term_string}\"},\"query-input\":\"required name=search_term_string\"}],\"inLanguage\":\"pl-PL\"}]}<\/script>\n<!-- \/ Yoast SEO plugin. -->","yoast_head_json":{"title":"s\u0142uchawki z mikrofonem Edifier","description":"S\u0142uchawki z mikrofonem. Model Edifier w atrakcyjnej cenie 79.99 PLN. Przedstawiamy s\u0142uchawki do pracy zdalnej i s\u0142uchania muzyki.","robots":{"index":"index","follow":"follow","max-snippet":"max-snippet:-1","max-image-preview":"max-image-preview:large","max-video-preview":"max-video-preview:-1"},"canonical":"https:\/\/taniabonament.pl\/sluchawki\/model\/sluchawki-do-rozmow-edifier-k800-czarne-w-cenie-79-99-pln\/","og_locale":"pl_PL","og_type":"article","og_title":"s\u0142uchawki z mikrofonem Edifier","og_description":"S\u0142uchawki z mikrofonem. Model Edifier w atrakcyjnej cenie 79.99 PLN. Przedstawiamy s\u0142uchawki do pracy zdalnej i s\u0142uchania muzyki.","og_url":"https:\/\/taniabonament.pl\/sluchawki\/model\/sluchawki-do-rozmow-edifier-k800-czarne-w-cenie-79-99-pln\/","og_site_name":"TaniAbonament.pl S\u0142uchawki","article_modified_time":"2022-02-14T20:28:42+00:00","og_image":[{"width":500,"height":500,"url":"https:\/\/taniabonament.pl\/sluchawki\/wp-content\/uploads\/2022\/02\/3f56d241ae45edff290be2c0a9e0ebf7735d598f.webp","type":"image\/jpeg"}],"twitter_card":"summary_large_image","schema":{"@context":"https:\/\/schema.org","@graph":[{"@type":"WebPage","@id":"https:\/\/taniabonament.pl\/sluchawki\/model\/sluchawki-do-rozmow-edifier-k800-czarne-w-cenie-79-99-pln\/","url":"https:\/\/taniabonament.pl\/sluchawki\/model\/sluchawki-do-rozmow-edifier-k800-czarne-w-cenie-79-99-pln\/","name":"s\u0142uchawki z mikrofonem Edifier","isPartOf":{"@id":"https:\/\/taniabonament.pl\/sluchawki\/#website"},"datePublished":"2022-02-14T20:28:41+00:00","dateModified":"2022-02-14T20:28:42+00:00","description":"S\u0142uchawki z mikrofonem. Model Edifier w atrakcyjnej cenie 79.99 PLN. Przedstawiamy s\u0142uchawki do pracy zdalnej i s\u0142uchania muzyki.","breadcrumb":{"@id":"https:\/\/taniabonament.pl\/sluchawki\/model\/sluchawki-do-rozmow-edifier-k800-czarne-w-cenie-79-99-pln\/#breadcrumb"},"inLanguage":"pl-PL","potentialAction":[{"@type":"ReadAction","target":["https:\/\/taniabonament.pl\/sluchawki\/model\/sluchawki-do-rozmow-edifier-k800-czarne-w-cenie-79-99-pln\/"]}]},{"@type":"BreadcrumbList","@id":"https:\/\/taniabonament.pl\/sluchawki\/model\/sluchawki-do-rozmow-edifier-k800-czarne-w-cenie-79-99-pln\/#breadcrumb","itemListElement":[{"@type":"ListItem","position":1,"name":"Strona g\u0142\u00f3wna","item":"https:\/\/taniabonament.pl\/sluchawki\/"},{"@type":"ListItem","position":2,"name":"Sklep","item":"https:\/\/taniabonament.pl\/sluchawki\/"},{"@type":"ListItem","position":3,"name":"S\u0142uchawki do rozm\u00f3w Edifier K800 (czarne) &#8211; w cenie 79.99 PLN"}]},{"@type":"WebSite","@id":"https:\/\/taniabonament.pl\/sluchawki\/#website","url":"https:\/\/taniabonament.pl\/sluchawki\/","name":"TaniAbonament.pl S\u0142uchawki","description":"\u015bwiat s\u0142uchawek idealnych do pracy zdalnej","potentialAction":[{"@type":"SearchAction","target":{"@type":"EntryPoint","urlTemplate":"https:\/\/taniabonament.pl\/sluchawki\/?s={search_term_string}"},"query-input":"required name=search_term_string"}],"inLanguage":"pl-PL"}]}},"_links":{"self":[{"href":"https:\/\/taniabonament.pl\/sluchawki\/wp-json\/wp\/v2\/product\/10406","targetHints":{"allow":["GET"]}}],"collection":[{"href":"https:\/\/taniabonament.pl\/sluchawki\/wp-json\/wp\/v2\/product"}],"about":[{"href":"https:\/\/taniabonament.pl\/sluchawki\/wp-json\/wp\/v2\/types\/product"}],"replies":[{"embeddable":true,"href":"https:\/\/taniabonament.pl\/sluchawki\/wp-json\/wp\/v2\/comments?post=10406"}],"wp:featuredmedia":[{"embeddable":true,"href":"https:\/\/taniabonament.pl\/sluchawki\/wp-json\/wp\/v2\/media\/10407"}],"wp:attachment":[{"href":"https:\/\/taniabonament.pl\/sluchawki\/wp-json\/wp\/v2\/media?parent=10406"}],"wp:term":[{"taxonomy":"product_cat","embeddable":true,"href":"https:\/\/taniabonament.pl\/sluchawki\/wp-json\/wp\/v2\/product_cat?post=10406"},{"taxonomy":"product_tag","embeddable":true,"href":"https:\/\/taniabonament.pl\/sluchawki\/wp-json\/wp\/v2\/product_tag?post=10406"}],"curies":[{"name":"wp","href":"https:\/\/api.w.org\/{rel}","templated":true}]}}