{"id":10404,"date":"2022-02-14T20:28:41","date_gmt":"2022-02-14T20:28:41","guid":{"rendered":"https:\/\/taniabonament.pl\/sluchawki\/model\/sluchawki-douszne-przewodowe-edifier-p180-plus-biale-w-cenie-49-99-pln\/"},"modified":"2022-02-14T20:28:41","modified_gmt":"2022-02-14T20:28:41","slug":"sluchawki-douszne-przewodowe-edifier-p180-plus-biale-w-cenie-49-99-pln","status":"publish","type":"product","link":"https:\/\/taniabonament.pl\/sluchawki\/model\/sluchawki-douszne-przewodowe-edifier-p180-plus-biale-w-cenie-49-99-pln\/","title":{"rendered":"S\u0142uchawki douszne przewodowe Edifier P180 Plus (bia\u0142e) &#8211; w cenie 49.99 PLN"},"content":{"rendered":"<p><img decoding=\"async\" style=\"margin-right: 25px; margin-bottom: 10px; width: 220px;\" src=\"https:\/\/static.convertiser.com\/media\/product_images\/294\/18b38da3a0ebaed556b306e611ef88f3\/5bd49f88d30e54d16e45da106bf89e1e15c1a7ab.webp\" alt=\"s\u0142uchawki z mikrofonem Edifier\" align=\"left\" \/><\/p>\n<h2>S\u0142uchawki marki Edifier<\/h2>\n<p>CENA ORYGINALNA: 49.99 PLN<\/p>\n<div style=\"font-weight: bold; font-size: 18px;\">\n<p>UWAGA <span style=\"color: red;\">MAMY RABATY!<\/span><\/p>\n<p>Szczeg\u00f3\u0142owe parametry takie jak dane techniczne, promocje sprawdzisz poni\u017cej w Akces-markt.pl. Rozmawiaj wygodnie przez mikrofon podczas pracy zdalnej. Odizoluj si\u0119 od niepo\u017c\u0105danych d\u017awi\u0119k\u00f3w zewn\u0119trznych. Ciesz si\u0119 czystym brzmieniem w s\u0142uchawkach. Przejd\u017a teraz bezpo\u015brednio do z sklepu gdzie szybko zakupisz te s\u0142uchawki w korzystnej cenie.<\/p>\n<p><span style=\"color: #fff; background-color: #000000; padding: 1px 7px;\"><strong>Edifier<\/strong><\/span><strong><span style=\"margin-left: 5px; color: #fff; background-color: red; padding: 1px 7px;\">49.99 PLN<\/span><\/strong><\/p>\n<p>&nbsp;<\/p>\n<p>&nbsp;<\/p>\n<\/div>\n<p style=\"text-align: center; padding-bottom: 15px;\"><a style=\"color: #fff; font-size: 22px; background-color: #e4144d; padding: 9px 14px; border-radius: 7px; text-decoration: underline;\" href=\"https:\/\/converti.se\/click\/34590059-c70e8160-5f3ad5bd\/?deep_link=https%3A%2F%2Fakces-markt.pl%2Fpl%2Fp%2FSluchawki-douszne-przewodowe-Edifier-P180-Plus-biale%2F146901&#038;sid=sluchawki-z-mikrofonem&#038;tag6=product&#038;tag8=18b38da3a0ebaed556b306e611ef88f3&#038;tag9=S%C5%82uchawki+douszne+przewodowe+Edifier+P180+Plus+%28bia%C5%82e%29\" target=\"_blank\" rel=\"nofollow noopener\">Kup teraz<\/a> <span style=\"font-size: 22px; padding-left: 10px;\">49.99 PLN<\/span><\/p>\n","protected":false},"excerpt":{"rendered":"<h3>Odpowiednie <span style='color: red;'>s\u0142uchawki<\/span> z mikrofonem? <\/h3>\n<p> Cechy i zalety: <\/p>\n<ul style='padding-left: 10px; padding-bottom: 10px;'>\n<li style='padding-top: 10px;'>S\u0142uchawki Edifier P180 PlusS\u0142uchaj swoich ulubionych utwor\u00f3w w najwy\u017cszej jako\u015bci, gdziekolwiek jeste\u015b\n<li style='padding-top: 10px;'>S\u0142uchawki Edifier P180 Plus zosta\u0142y wyposa\u017cone w wysokiej klasy przetworniki 14,2 mm, kt\u00f3re zapewniaj\u0105 krystalicznie czyste, naturalne brzmienie\n<li style='padding-top: 10px;'>Wbudowany mikrofon dook\u00f3lny umo\u017cliwia wygodne rozmowy przez telefon, a zintegrowany pilot u\u0142atwia obs\u0142ug\u0119 produktu\n<li style='padding-top: 10px;'>S\u0142uchawki s\u0105 przy tym niesamowicie lekkie i wygodne, a zarazem wytrzyma\u0142e.\u00a0Odkryj magi\u0119 d\u017awi\u0119k\u00f3w na nowoPrzekonaj si\u0119, jak doskonale mog\u0105 brzmie\u0107 piosenki, kt\u00f3re kochasz\n<li style='padding-top: 10px;'>S\u0142uchawki P180 Plus maj\u0105 wbudowane magnetyczne przetworniki NdFeB 14,2 mm, kt\u00f3re w po\u0142\u0105czeniu z zaawansowanym dekodowaniem i wielowarstwowym d\u017awi\u0119kiem zapewniaj\u0105 niezapomniane muzyczne do\u015bwiadczenia\n<li style='padding-top: 10px;'>Us\u0142ysz wzmocnione basy i wyraziste tony wysokie, zachwy\u0107 si\u0119 bogactwem szczeg\u00f3\u0142\u00f3w i odkryj magi\u0119 muzyki na nowo!\u00a0Wygodnie rozmawiaj przez telefonTeraz mo\u017cesz bez przeszk\u00f3d rozmawia\u0107 przez telefon r\u00f3wnie\u017c w ha\u0142a\u015bliwym otoczeniu\n<li style='padding-top: 10px;'>S\u0142uchawki Edifier P180 Plus zosta\u0142y wyposa\u017cone w nowoczesny mikrofon dook\u00f3lny o wysokiej czu\u0142o\u015bci, kt\u00f3ry precyzyjnie rejestruje g\u0142os\n<li style='padding-top: 10px;'>Zb\u0119dne d\u017awi\u0119ki ju\u017c nie stan\u0105 Ci na przeszkodzie! Robisz zakupy w centrum handlowym i kto\u015b do Ciebie dzwoni? Chcesz porozmawia\u0107 przez telefon w zat\u0142oczonym autobusie? \u017baden problem! Z Edifier mo\u017cesz mie\u0107 pewno\u015b\u0107, \u017ce Tw\u00f3j rozm\u00f3wca doskonale Ci\u0119 us\u0142yszy.\u00a0Ergonomiczny designS\u0142uchaj muzyki tak d\u0142ugo, jak chcesz i nie obawiaj si\u0119 zm\u0119czenia\n<li style='padding-top: 10px;'>S\u0142uchawki P180 Plus zosta\u0142y zaprojektowane w taki spos\u00f3b, aby doskonale pasowa\u0107 do wi\u0119kszo\u015bci kana\u0142\u00f3w usznych\n<li style='padding-top: 10px;'>Dzi\u0119ki ergonomicznej konstrukcji s\u0105 wyj\u0105tkowo wygodne i \u015bwietnie le\u017c\u0105 w uszach, nie powoduj\u0105c uczucia nacisku ani nie wypadaj\u0105c\n<li style='padding-top: 10px;'>Wyr\u00f3\u017cnia je tak\u017ce zaskakuj\u0105co lekka waga\n<li style='padding-top: 10px;'>Co wi\u0119cej, d\u0142ugo\u015b\u0107 kabla s\u0142uchawek wynosi 1,2 m, co daje Ci wymarzon\u0105 swobod\u0119.\u00a0Wbudowany pilotCo sprawia, \u017ce obs\u0142uga s\u0142uchawek jest tak prosta i wygodna? P180 Plus zosta\u0142y wyposa\u017cone w zintegrowanego pilota z 3 przyciskami\n<li style='padding-top: 10px;'>2 z nich umo\u017cliwiaj\u0105 regulacj\u0119 g\u0142o\u015bno\u015bci\n<li style='padding-top: 10px;'>Chcesz wi\u0119cej? Wystarczy stukn\u0105\u0107 w umieszczony na \u015brodku panel odpowiedni\u0105 liczb\u0119 razy, aby na przyk\u0142ad zatrzyma\u0107 lub wznowi\u0107 odtwarzanie, odebra\u0107 telefon, roz\u0142\u0105czy\u0107 si\u0119, prze\u0142\u0105czy\u0107 piosenk\u0119 lub aktywowa\u0107 asystenta g\u0142osowego\n<li style='padding-top: 10px;'>Przekonaj si\u0119, jakie to wygodne!\u00a0Imponuj\u0105co wytrzyma\u0142eS\u0142uchawki Edifier P180 Plus b\u0119d\u0105 doskonale Ci s\u0142u\u017cy\u0107 przez d\u0142ugi czas\n<li style='padding-top: 10px;'>Zosta\u0142y wykonane z doskona\u0142ej jako\u015bci materia\u0142\u00f3w, kt\u00f3re zapewniaj\u0105 im niesamowit\u0105 wytrzyma\u0142o\u015b\u0107\n<li style='padding-top: 10px;'>Ich kabel jest niezwykle elastyczny i odporny na ci\u0105gni\u0119cie, rozerwanie czy innego rodzaju uszkodzenia\n<li style='padding-top: 10px;'>Nie b\u0119dzie te\u017c nadmiernie si\u0119 pl\u0105ta\u0142\n<li style='padding-top: 10px;'>Wszystko to pozwoli Ci cieszy\u0107 si\u0119 ulubionymi utworami bez obaw, \u017ce s\u0142uchawki zbyt szybko odm\u00f3wi\u0105 Ci pos\u0142usze\u0144stwa.\u00a0Specyfikacja\u00a0ProducentEdifierModelP180 PlusPasmo przenoszenia20 Hz &#8211; 20 kHzCzu\u0142o\u015b\u010797 dBImpedancja32\u03a9D\u0142ugo\u015b\u0107 kabla1,2 mZ\u0142\u0105czeWtyczka 3,5 mmKolorBia\u0142y<\/ul>\n","protected":false},"featured_media":10405,"comment_status":"closed","ping_status":"open","template":"","meta":[],"product_cat":[82,601],"product_tag":[],"class_list":{"0":"post-10404","1":"product","2":"type-product","3":"status-publish","5":"hentry","6":"product_cat-edifier","7":"product_cat-sluchawki-z-mikrofonem","8":"pa_producent-edifier","9":"pa_sklep-akces-markt-pl"},"yoast_head":"<!-- This site is optimized with the Yoast SEO plugin v20.9 - https:\/\/yoast.com\/wordpress\/plugins\/seo\/ -->\n<title>s\u0142uchawki z mikrofonem Edifier<\/title>\n<meta name=\"description\" content=\"S\u0142uchawki z mikrofonem. Model Edifier w atrakcyjnej cenie 49.99 PLN. Przedstawiamy s\u0142uchawki do pracy zdalnej i s\u0142uchania muzyki.\" \/>\n<meta name=\"robots\" content=\"index, follow, max-snippet:-1, max-image-preview:large, max-video-preview:-1\" \/>\n<link rel=\"canonical\" href=\"https:\/\/taniabonament.pl\/sluchawki\/model\/sluchawki-douszne-przewodowe-edifier-p180-plus-biale-w-cenie-49-99-pln\/\" \/>\n<meta property=\"og:locale\" content=\"pl_PL\" \/>\n<meta property=\"og:type\" content=\"article\" \/>\n<meta property=\"og:title\" content=\"s\u0142uchawki z mikrofonem Edifier\" \/>\n<meta property=\"og:description\" content=\"S\u0142uchawki z mikrofonem. Model Edifier w atrakcyjnej cenie 49.99 PLN. Przedstawiamy s\u0142uchawki do pracy zdalnej i s\u0142uchania muzyki.\" \/>\n<meta property=\"og:url\" content=\"https:\/\/taniabonament.pl\/sluchawki\/model\/sluchawki-douszne-przewodowe-edifier-p180-plus-biale-w-cenie-49-99-pln\/\" \/>\n<meta property=\"og:site_name\" content=\"TaniAbonament.pl S\u0142uchawki\" \/>\n<meta property=\"og:image\" content=\"https:\/\/taniabonament.pl\/sluchawki\/wp-content\/uploads\/2022\/02\/5bd49f88d30e54d16e45da106bf89e1e15c1a7ab.webp\" \/>\n\t<meta property=\"og:image:width\" content=\"500\" \/>\n\t<meta property=\"og:image:height\" content=\"500\" \/>\n\t<meta property=\"og:image:type\" content=\"image\/jpeg\" \/>\n<meta name=\"twitter:card\" content=\"summary_large_image\" \/>\n<script type=\"application\/ld+json\" class=\"yoast-schema-graph\">{\"@context\":\"https:\/\/schema.org\",\"@graph\":[{\"@type\":\"WebPage\",\"@id\":\"https:\/\/taniabonament.pl\/sluchawki\/model\/sluchawki-douszne-przewodowe-edifier-p180-plus-biale-w-cenie-49-99-pln\/\",\"url\":\"https:\/\/taniabonament.pl\/sluchawki\/model\/sluchawki-douszne-przewodowe-edifier-p180-plus-biale-w-cenie-49-99-pln\/\",\"name\":\"s\u0142uchawki z mikrofonem Edifier\",\"isPartOf\":{\"@id\":\"https:\/\/taniabonament.pl\/sluchawki\/#website\"},\"datePublished\":\"2022-02-14T20:28:41+00:00\",\"dateModified\":\"2022-02-14T20:28:41+00:00\",\"description\":\"S\u0142uchawki z mikrofonem. Model Edifier w atrakcyjnej cenie 49.99 PLN. Przedstawiamy s\u0142uchawki do pracy zdalnej i s\u0142uchania muzyki.\",\"breadcrumb\":{\"@id\":\"https:\/\/taniabonament.pl\/sluchawki\/model\/sluchawki-douszne-przewodowe-edifier-p180-plus-biale-w-cenie-49-99-pln\/#breadcrumb\"},\"inLanguage\":\"pl-PL\",\"potentialAction\":[{\"@type\":\"ReadAction\",\"target\":[\"https:\/\/taniabonament.pl\/sluchawki\/model\/sluchawki-douszne-przewodowe-edifier-p180-plus-biale-w-cenie-49-99-pln\/\"]}]},{\"@type\":\"BreadcrumbList\",\"@id\":\"https:\/\/taniabonament.pl\/sluchawki\/model\/sluchawki-douszne-przewodowe-edifier-p180-plus-biale-w-cenie-49-99-pln\/#breadcrumb\",\"itemListElement\":[{\"@type\":\"ListItem\",\"position\":1,\"name\":\"Strona g\u0142\u00f3wna\",\"item\":\"https:\/\/taniabonament.pl\/sluchawki\/\"},{\"@type\":\"ListItem\",\"position\":2,\"name\":\"Sklep\",\"item\":\"https:\/\/taniabonament.pl\/sluchawki\/\"},{\"@type\":\"ListItem\",\"position\":3,\"name\":\"S\u0142uchawki douszne przewodowe Edifier P180 Plus (bia\u0142e) &#8211; w cenie 49.99 PLN\"}]},{\"@type\":\"WebSite\",\"@id\":\"https:\/\/taniabonament.pl\/sluchawki\/#website\",\"url\":\"https:\/\/taniabonament.pl\/sluchawki\/\",\"name\":\"TaniAbonament.pl S\u0142uchawki\",\"description\":\"\u015bwiat s\u0142uchawek idealnych do pracy zdalnej\",\"potentialAction\":[{\"@type\":\"SearchAction\",\"target\":{\"@type\":\"EntryPoint\",\"urlTemplate\":\"https:\/\/taniabonament.pl\/sluchawki\/?s={search_term_string}\"},\"query-input\":\"required name=search_term_string\"}],\"inLanguage\":\"pl-PL\"}]}<\/script>\n<!-- \/ Yoast SEO plugin. -->","yoast_head_json":{"title":"s\u0142uchawki z mikrofonem Edifier","description":"S\u0142uchawki z mikrofonem. Model Edifier w atrakcyjnej cenie 49.99 PLN. Przedstawiamy s\u0142uchawki do pracy zdalnej i s\u0142uchania muzyki.","robots":{"index":"index","follow":"follow","max-snippet":"max-snippet:-1","max-image-preview":"max-image-preview:large","max-video-preview":"max-video-preview:-1"},"canonical":"https:\/\/taniabonament.pl\/sluchawki\/model\/sluchawki-douszne-przewodowe-edifier-p180-plus-biale-w-cenie-49-99-pln\/","og_locale":"pl_PL","og_type":"article","og_title":"s\u0142uchawki z mikrofonem Edifier","og_description":"S\u0142uchawki z mikrofonem. Model Edifier w atrakcyjnej cenie 49.99 PLN. Przedstawiamy s\u0142uchawki do pracy zdalnej i s\u0142uchania muzyki.","og_url":"https:\/\/taniabonament.pl\/sluchawki\/model\/sluchawki-douszne-przewodowe-edifier-p180-plus-biale-w-cenie-49-99-pln\/","og_site_name":"TaniAbonament.pl S\u0142uchawki","og_image":[{"width":500,"height":500,"url":"https:\/\/taniabonament.pl\/sluchawki\/wp-content\/uploads\/2022\/02\/5bd49f88d30e54d16e45da106bf89e1e15c1a7ab.webp","type":"image\/jpeg"}],"twitter_card":"summary_large_image","schema":{"@context":"https:\/\/schema.org","@graph":[{"@type":"WebPage","@id":"https:\/\/taniabonament.pl\/sluchawki\/model\/sluchawki-douszne-przewodowe-edifier-p180-plus-biale-w-cenie-49-99-pln\/","url":"https:\/\/taniabonament.pl\/sluchawki\/model\/sluchawki-douszne-przewodowe-edifier-p180-plus-biale-w-cenie-49-99-pln\/","name":"s\u0142uchawki z mikrofonem Edifier","isPartOf":{"@id":"https:\/\/taniabonament.pl\/sluchawki\/#website"},"datePublished":"2022-02-14T20:28:41+00:00","dateModified":"2022-02-14T20:28:41+00:00","description":"S\u0142uchawki z mikrofonem. Model Edifier w atrakcyjnej cenie 49.99 PLN. Przedstawiamy s\u0142uchawki do pracy zdalnej i s\u0142uchania muzyki.","breadcrumb":{"@id":"https:\/\/taniabonament.pl\/sluchawki\/model\/sluchawki-douszne-przewodowe-edifier-p180-plus-biale-w-cenie-49-99-pln\/#breadcrumb"},"inLanguage":"pl-PL","potentialAction":[{"@type":"ReadAction","target":["https:\/\/taniabonament.pl\/sluchawki\/model\/sluchawki-douszne-przewodowe-edifier-p180-plus-biale-w-cenie-49-99-pln\/"]}]},{"@type":"BreadcrumbList","@id":"https:\/\/taniabonament.pl\/sluchawki\/model\/sluchawki-douszne-przewodowe-edifier-p180-plus-biale-w-cenie-49-99-pln\/#breadcrumb","itemListElement":[{"@type":"ListItem","position":1,"name":"Strona g\u0142\u00f3wna","item":"https:\/\/taniabonament.pl\/sluchawki\/"},{"@type":"ListItem","position":2,"name":"Sklep","item":"https:\/\/taniabonament.pl\/sluchawki\/"},{"@type":"ListItem","position":3,"name":"S\u0142uchawki douszne przewodowe Edifier P180 Plus (bia\u0142e) &#8211; w cenie 49.99 PLN"}]},{"@type":"WebSite","@id":"https:\/\/taniabonament.pl\/sluchawki\/#website","url":"https:\/\/taniabonament.pl\/sluchawki\/","name":"TaniAbonament.pl S\u0142uchawki","description":"\u015bwiat s\u0142uchawek idealnych do pracy zdalnej","potentialAction":[{"@type":"SearchAction","target":{"@type":"EntryPoint","urlTemplate":"https:\/\/taniabonament.pl\/sluchawki\/?s={search_term_string}"},"query-input":"required name=search_term_string"}],"inLanguage":"pl-PL"}]}},"_links":{"self":[{"href":"https:\/\/taniabonament.pl\/sluchawki\/wp-json\/wp\/v2\/product\/10404","targetHints":{"allow":["GET"]}}],"collection":[{"href":"https:\/\/taniabonament.pl\/sluchawki\/wp-json\/wp\/v2\/product"}],"about":[{"href":"https:\/\/taniabonament.pl\/sluchawki\/wp-json\/wp\/v2\/types\/product"}],"replies":[{"embeddable":true,"href":"https:\/\/taniabonament.pl\/sluchawki\/wp-json\/wp\/v2\/comments?post=10404"}],"wp:featuredmedia":[{"embeddable":true,"href":"https:\/\/taniabonament.pl\/sluchawki\/wp-json\/wp\/v2\/media\/10405"}],"wp:attachment":[{"href":"https:\/\/taniabonament.pl\/sluchawki\/wp-json\/wp\/v2\/media?parent=10404"}],"wp:term":[{"taxonomy":"product_cat","embeddable":true,"href":"https:\/\/taniabonament.pl\/sluchawki\/wp-json\/wp\/v2\/product_cat?post=10404"},{"taxonomy":"product_tag","embeddable":true,"href":"https:\/\/taniabonament.pl\/sluchawki\/wp-json\/wp\/v2\/product_tag?post=10404"}],"curies":[{"name":"wp","href":"https:\/\/api.w.org\/{rel}","templated":true}]}}