{"id":10396,"date":"2022-02-14T20:28:31","date_gmt":"2022-02-14T20:28:31","guid":{"rendered":"https:\/\/taniabonament.pl\/sluchawki\/model\/sluchawki-tws-edifier-x3-biale-w-cenie-139-0-pln\/"},"modified":"2022-02-14T20:28:39","modified_gmt":"2022-02-14T20:28:39","slug":"sluchawki-tws-edifier-x3-biale-w-cenie-139-0-pln","status":"publish","type":"product","link":"https:\/\/taniabonament.pl\/sluchawki\/model\/sluchawki-tws-edifier-x3-biale-w-cenie-139-0-pln\/","title":{"rendered":"S\u0142uchawki TWS Edifier X3 (bia\u0142e) &#8211; w cenie 139.0 PLN"},"content":{"rendered":"<p><img decoding=\"async\" style=\"margin-right: 25px; margin-bottom: 10px; width: 220px;\" src=\"https:\/\/static.convertiser.com\/media\/product_images\/294\/52c02acafa2162e859dbb328c1942362\/13fdc808115fe1cb435b660aba25b781297dde4b.webp\" alt=\"s\u0142uchawki z mikrofonem Edifier\" align=\"left\" \/><\/p>\n<h2>S\u0142uchawki marki Edifier<\/h2>\n<p>CENA ORYGINALNA: 139.0 PLN<\/p>\n<div style=\"font-weight: bold; font-size: 18px;\">\n<p>UWAGA <span style=\"color: red;\">MAMY RABATY!<\/span><\/p>\n<p>Szczeg\u00f3\u0142owe parametry takie jak dane techniczne, promocje sprawdzisz poni\u017cej w Akces-markt.pl. Rozmawiaj wygodnie przez mikrofon podczas pracy zdalnej. Odizoluj si\u0119 od niepo\u017c\u0105danych d\u017awi\u0119k\u00f3w zewn\u0119trznych. Ciesz si\u0119 czystym brzmieniem w s\u0142uchawkach. Przejd\u017a teraz bezpo\u015brednio do z sklepu gdzie szybko zakupisz te s\u0142uchawki w korzystnej cenie.<\/p>\n<p><span style=\"color: #fff; background-color: #000000; padding: 1px 7px;\"><strong>Edifier<\/strong><\/span><strong><span style=\"margin-left: 5px; color: #fff; background-color: red; padding: 1px 7px;\">139.0 PLN<\/span><\/strong><\/p>\n<p>&nbsp;<\/p>\n<p>&nbsp;<\/p>\n<\/div>\n<p style=\"text-align: center; padding-bottom: 15px;\"><a style=\"color: #fff; font-size: 22px; background-color: #e4144d; padding: 9px 14px; border-radius: 7px; text-decoration: underline;\" href=\"https:\/\/converti.se\/click\/34590059-c70e8160-5f3ad5bd\/?deep_link=https%3A%2F%2Fakces-markt.pl%2Fpl%2Fp%2FSluchawki-TWS-Edifier-X3-biale%2F145828&#038;sid=sluchawki-z-mikrofonem&#038;tag6=product&#038;tag8=52c02acafa2162e859dbb328c1942362&#038;tag9=S%C5%82uchawki+TWS+Edifier+X3+%28bia%C5%82e%29\" target=\"_blank\" rel=\"nofollow noopener\">Kup teraz<\/a> <span style=\"font-size: 22px; padding-left: 10px;\">139.0 PLN<\/span><\/p>\n","protected":false},"excerpt":{"rendered":"<h3>Odpowiednie <span style='color: red;'>s\u0142uchawki<\/span> z mikrofonem? <\/h3>\n<p> Cechy i zalety: <\/p>\n<ul style='padding-left: 10px; padding-bottom: 10px;'>\n<li style='padding-top: 10px;'>Bezprzewodowe s\u0142uchawki Edifier X3Kompaktowe, stylowe i wygodne w u\u017cyciu s\u0142uchawki bezprzewodowe X3 dostarcz\u0105 Ci doskona\u0142ej jako\u015bci d\u017awi\u0119ku\n<li style='padding-top: 10px;'>Czas pracy do 5 godzin po jednym na\u0142adowaniu oraz wodoodporno\u015b\u0107 IPX5 sprawiaj\u0105, \u017ce idealnie nadaj\u0105 si\u0119 do stosowania na co dzie\u0144\n<li style='padding-top: 10px;'>Bluetooth 5.0 zapewnia stabilne po\u0142\u0105czenie, a praktyczny panel dotykowy u\u0142atwia obs\u0142ug\u0119 urz\u0105dze\u0144\n<li style='padding-top: 10px;'>Ponadto, wbudowany mikrofon z redukcj\u0105 szum\u00f3w umo\u017cliwia wygodne rozmawianie przez telefon.\u00a0Daj si\u0119 zaprosi\u0107 na muzyczn\u0105 uczt\u0119X3 dostarcz\u0105 Ci niezapomnianych, muzycznych wra\u017ce\u0144\n<li style='padding-top: 10px;'>Krystalicznie czysty, immersyjny d\u017awi\u0119k stereo sprawi, \u017ce poczujesz si\u0119 niemal jak na koncercie\n<li style='padding-top: 10px;'>Znakomita r\u00f3wnowaga wysokich i niskich ton\u00f3w, bogactwo szczeg\u00f3\u0142\u00f3w i naturalno\u015b\u0107 brzmienia pozwol\u0105 Ci na nowo do\u015bwiadczy\u0107 pi\u0119kna muzyki\n<li style='padding-top: 10px;'>Twoje ulubione utwory jeszcze nigdy nie brzmia\u0142y tak dobrze!\u00a0Niezawodne po\u0142\u0105czenie, na jakie zas\u0142ugujeszKodek aptX odpowiada za doskona\u0142\u0105 jako\u015b\u0107 d\u017awi\u0119ku i niezawodne po\u0142\u0105czenie\n<li style='padding-top: 10px;'>Stabiln\u0105 i szybk\u0105 transmisj\u0119 sygna\u0142u zapewnia te\u017c \u0142\u0105cze Bluetooth 5.0\n<li style='padding-top: 10px;'>Wp\u0142ywa ono tak\u017ce na obni\u017cenie zu\u017cycia energii X3, co przek\u0142ada si\u0119 na ich d\u0142ugi czas pracy\n<li style='padding-top: 10px;'>Parowanie s\u0142uchawek jest dziecinnie proste\n<li style='padding-top: 10px;'>Wystarczy, \u017ce wyjmiesz je z etui, a natychmiast po\u0142\u0105cz\u0105 si\u0119 automatycznie.\u00a0U\u017cywaj s\u0142uchawek przez wiele godzin po jednym na\u0142adowaniuObawiasz si\u0119 konieczno\u015bci zbyt cz\u0119stego \u0142adowania X3? Niepotrzebnie! Wbudowany akumulator zapewnia czas pracy si\u0119gaj\u0105cy 5 godzin, a za pomoc\u0105 etui \u0142aduj\u0105cego przed\u0142u\u017cysz go do nawet 20 godzin\n<li style='padding-top: 10px;'>Edifier gwarantuje Ci bezprzewodowe do\u015bwiadczenie na najwy\u017cszym poziomie\n<li style='padding-top: 10px;'>Piosenki, kt\u00f3re uwielbiasz mog\u0105 Ci towarzyszy\u0107 w domu, na treningu, a nawet podczas d\u0142ugiej podr\u00f3\u017cy.\u00a0Dostosowane do Twoich potrzeb i wymaga\u0144Ergonomiczna konstrukcja i lekka waga s\u0142uchawek sprawiaj\u0105, \u017ce mo\u017cesz wygodnie u\u017cywa\u0107 ich przez d\u0142ugie godziny &#8211; doskonale le\u017c\u0105 w uszach, nie wypadaj\u0105 i nie wywo\u0142uj\u0105 dyskomfortu\n<li style='padding-top: 10px;'>Wodoodporno\u015b\u0107 IPX5 oznacza, \u017ce \u015bwietnie sprawdz\u0105 si\u0119 r\u00f3wnie\u017c na dworze lub podczas treningu &#8211; krople potu czy deszcz nie stanowi\u0105 dla nich zagro\u017cenia.\u00a0Bez przeszk\u00f3d rozmawiaj przez telefon, gdzie i kiedy chceszBezproblemowe rozmowy telefoniczne nie tylko w domu, ale te\u017c na przyk\u0142ad w pracy, w autobusie lub w centrum handlowym? Z X3 to r\u00f3wnie\u017c jest mo\u017cliwe! Stabilny sygna\u0142 i redukcja szum\u00f3w CVC 8.0 pozwol\u0105 Ci swobodnie komunikowa\u0107 si\u0119 z rodzin\u0105, przyjaci\u00f3\u0142mi czy wsp\u00f3\u0142pracownikami niemal w ka\u017cdych warunkach\n<li style='padding-top: 10px;'>Twoi rozm\u00f3wcy z pewno\u015bci\u0105 wyra\u017anie Ci\u0119 us\u0142ysz\u0105.\u00a0Najwa\u017cniejsze funkcje zawsze w zasi\u0119gu r\u0119kiKa\u017cda s\u0142uchawka zosta\u0142a wyposa\u017cona w panel dotykowy\n<li style='padding-top: 10px;'>Umo\u017cliwia on intuicyjn\u0105 i wygodn\u0105 obs\u0142ug\u0119 X3\n<li style='padding-top: 10px;'>Za pomoc\u0105 kilku delikatnych naci\u015bni\u0119\u0107 mo\u017cesz na przyk\u0142ad obs\u0142ugiwa\u0107 po\u0142\u0105czenia telefoniczne, prze\u0142\u0105cza\u0107 piosenki, zatrzymywa\u0107 i wznawia\u0107 odtwarzanie, a tak\u017ce aktywowa\u0107 inteligentnego asystenta Google lub Siri\n<li style='padding-top: 10px;'>Ju\u017c nie musisz za ka\u017cdym razem si\u0119ga\u0107 po telefon!\u00a0Specyfikacja\u00a0ProducentEdifierModelX3Wersja Bluetooth5.0Profile BluetoothA2DP, AVRCP, HFP, HSPCzas odtwarzaniaOk\n<li style='padding-top: 10px;'>5 h (s\u0142uchawki), + ok\n<li style='padding-top: 10px;'>15 h (etui \u0142aduj\u0105ce)Wej\u015bcieDC 5 V 60 mA (s\u0142uchawki), DC 5 V 500 mA (etui \u0142aduj\u0105ce)Pasmo przenoszenia20Hz-20kHzCzu\u0142o\u015b\u010795 dBStopie\u0144 ochronyIPX5KolorBia\u0142y<\/ul>\n","protected":false},"featured_media":10397,"comment_status":"closed","ping_status":"open","template":"","meta":[],"product_cat":[82,601],"product_tag":[],"class_list":{"0":"post-10396","1":"product","2":"type-product","3":"status-publish","5":"hentry","6":"product_cat-edifier","7":"product_cat-sluchawki-z-mikrofonem","8":"pa_producent-edifier","9":"pa_sklep-akces-markt-pl"},"yoast_head":"<!-- This site is optimized with the Yoast SEO plugin v20.9 - https:\/\/yoast.com\/wordpress\/plugins\/seo\/ -->\n<title>s\u0142uchawki z mikrofonem Edifier<\/title>\n<meta name=\"description\" content=\"S\u0142uchawki z mikrofonem. Model Edifier w atrakcyjnej cenie 139.0 PLN. Przedstawiamy s\u0142uchawki do pracy zdalnej i s\u0142uchania muzyki.\" \/>\n<meta name=\"robots\" content=\"index, follow, max-snippet:-1, max-image-preview:large, max-video-preview:-1\" \/>\n<link rel=\"canonical\" href=\"https:\/\/taniabonament.pl\/sluchawki\/model\/sluchawki-tws-edifier-x3-biale-w-cenie-139-0-pln\/\" \/>\n<meta property=\"og:locale\" content=\"pl_PL\" \/>\n<meta property=\"og:type\" content=\"article\" \/>\n<meta property=\"og:title\" content=\"s\u0142uchawki z mikrofonem Edifier\" \/>\n<meta property=\"og:description\" content=\"S\u0142uchawki z mikrofonem. Model Edifier w atrakcyjnej cenie 139.0 PLN. Przedstawiamy s\u0142uchawki do pracy zdalnej i s\u0142uchania muzyki.\" \/>\n<meta property=\"og:url\" content=\"https:\/\/taniabonament.pl\/sluchawki\/model\/sluchawki-tws-edifier-x3-biale-w-cenie-139-0-pln\/\" \/>\n<meta property=\"og:site_name\" content=\"TaniAbonament.pl S\u0142uchawki\" \/>\n<meta property=\"article:modified_time\" content=\"2022-02-14T20:28:39+00:00\" \/>\n<meta property=\"og:image\" content=\"https:\/\/taniabonament.pl\/sluchawki\/wp-content\/uploads\/2022\/02\/13fdc808115fe1cb435b660aba25b781297dde4b.webp\" \/>\n\t<meta property=\"og:image:width\" content=\"499\" \/>\n\t<meta property=\"og:image:height\" content=\"499\" \/>\n\t<meta property=\"og:image:type\" content=\"image\/jpeg\" \/>\n<meta name=\"twitter:card\" content=\"summary_large_image\" \/>\n<script type=\"application\/ld+json\" class=\"yoast-schema-graph\">{\"@context\":\"https:\/\/schema.org\",\"@graph\":[{\"@type\":\"WebPage\",\"@id\":\"https:\/\/taniabonament.pl\/sluchawki\/model\/sluchawki-tws-edifier-x3-biale-w-cenie-139-0-pln\/\",\"url\":\"https:\/\/taniabonament.pl\/sluchawki\/model\/sluchawki-tws-edifier-x3-biale-w-cenie-139-0-pln\/\",\"name\":\"s\u0142uchawki z mikrofonem Edifier\",\"isPartOf\":{\"@id\":\"https:\/\/taniabonament.pl\/sluchawki\/#website\"},\"datePublished\":\"2022-02-14T20:28:31+00:00\",\"dateModified\":\"2022-02-14T20:28:39+00:00\",\"description\":\"S\u0142uchawki z mikrofonem. Model Edifier w atrakcyjnej cenie 139.0 PLN. Przedstawiamy s\u0142uchawki do pracy zdalnej i s\u0142uchania muzyki.\",\"breadcrumb\":{\"@id\":\"https:\/\/taniabonament.pl\/sluchawki\/model\/sluchawki-tws-edifier-x3-biale-w-cenie-139-0-pln\/#breadcrumb\"},\"inLanguage\":\"pl-PL\",\"potentialAction\":[{\"@type\":\"ReadAction\",\"target\":[\"https:\/\/taniabonament.pl\/sluchawki\/model\/sluchawki-tws-edifier-x3-biale-w-cenie-139-0-pln\/\"]}]},{\"@type\":\"BreadcrumbList\",\"@id\":\"https:\/\/taniabonament.pl\/sluchawki\/model\/sluchawki-tws-edifier-x3-biale-w-cenie-139-0-pln\/#breadcrumb\",\"itemListElement\":[{\"@type\":\"ListItem\",\"position\":1,\"name\":\"Strona g\u0142\u00f3wna\",\"item\":\"https:\/\/taniabonament.pl\/sluchawki\/\"},{\"@type\":\"ListItem\",\"position\":2,\"name\":\"Sklep\",\"item\":\"https:\/\/taniabonament.pl\/sluchawki\/\"},{\"@type\":\"ListItem\",\"position\":3,\"name\":\"S\u0142uchawki TWS Edifier X3 (bia\u0142e) &#8211; w cenie 139.0 PLN\"}]},{\"@type\":\"WebSite\",\"@id\":\"https:\/\/taniabonament.pl\/sluchawki\/#website\",\"url\":\"https:\/\/taniabonament.pl\/sluchawki\/\",\"name\":\"TaniAbonament.pl S\u0142uchawki\",\"description\":\"\u015bwiat s\u0142uchawek idealnych do pracy zdalnej\",\"potentialAction\":[{\"@type\":\"SearchAction\",\"target\":{\"@type\":\"EntryPoint\",\"urlTemplate\":\"https:\/\/taniabonament.pl\/sluchawki\/?s={search_term_string}\"},\"query-input\":\"required name=search_term_string\"}],\"inLanguage\":\"pl-PL\"}]}<\/script>\n<!-- \/ Yoast SEO plugin. -->","yoast_head_json":{"title":"s\u0142uchawki z mikrofonem Edifier","description":"S\u0142uchawki z mikrofonem. Model Edifier w atrakcyjnej cenie 139.0 PLN. Przedstawiamy s\u0142uchawki do pracy zdalnej i s\u0142uchania muzyki.","robots":{"index":"index","follow":"follow","max-snippet":"max-snippet:-1","max-image-preview":"max-image-preview:large","max-video-preview":"max-video-preview:-1"},"canonical":"https:\/\/taniabonament.pl\/sluchawki\/model\/sluchawki-tws-edifier-x3-biale-w-cenie-139-0-pln\/","og_locale":"pl_PL","og_type":"article","og_title":"s\u0142uchawki z mikrofonem Edifier","og_description":"S\u0142uchawki z mikrofonem. Model Edifier w atrakcyjnej cenie 139.0 PLN. Przedstawiamy s\u0142uchawki do pracy zdalnej i s\u0142uchania muzyki.","og_url":"https:\/\/taniabonament.pl\/sluchawki\/model\/sluchawki-tws-edifier-x3-biale-w-cenie-139-0-pln\/","og_site_name":"TaniAbonament.pl S\u0142uchawki","article_modified_time":"2022-02-14T20:28:39+00:00","og_image":[{"width":499,"height":499,"url":"https:\/\/taniabonament.pl\/sluchawki\/wp-content\/uploads\/2022\/02\/13fdc808115fe1cb435b660aba25b781297dde4b.webp","type":"image\/jpeg"}],"twitter_card":"summary_large_image","schema":{"@context":"https:\/\/schema.org","@graph":[{"@type":"WebPage","@id":"https:\/\/taniabonament.pl\/sluchawki\/model\/sluchawki-tws-edifier-x3-biale-w-cenie-139-0-pln\/","url":"https:\/\/taniabonament.pl\/sluchawki\/model\/sluchawki-tws-edifier-x3-biale-w-cenie-139-0-pln\/","name":"s\u0142uchawki z mikrofonem Edifier","isPartOf":{"@id":"https:\/\/taniabonament.pl\/sluchawki\/#website"},"datePublished":"2022-02-14T20:28:31+00:00","dateModified":"2022-02-14T20:28:39+00:00","description":"S\u0142uchawki z mikrofonem. Model Edifier w atrakcyjnej cenie 139.0 PLN. Przedstawiamy s\u0142uchawki do pracy zdalnej i s\u0142uchania muzyki.","breadcrumb":{"@id":"https:\/\/taniabonament.pl\/sluchawki\/model\/sluchawki-tws-edifier-x3-biale-w-cenie-139-0-pln\/#breadcrumb"},"inLanguage":"pl-PL","potentialAction":[{"@type":"ReadAction","target":["https:\/\/taniabonament.pl\/sluchawki\/model\/sluchawki-tws-edifier-x3-biale-w-cenie-139-0-pln\/"]}]},{"@type":"BreadcrumbList","@id":"https:\/\/taniabonament.pl\/sluchawki\/model\/sluchawki-tws-edifier-x3-biale-w-cenie-139-0-pln\/#breadcrumb","itemListElement":[{"@type":"ListItem","position":1,"name":"Strona g\u0142\u00f3wna","item":"https:\/\/taniabonament.pl\/sluchawki\/"},{"@type":"ListItem","position":2,"name":"Sklep","item":"https:\/\/taniabonament.pl\/sluchawki\/"},{"@type":"ListItem","position":3,"name":"S\u0142uchawki TWS Edifier X3 (bia\u0142e) &#8211; w cenie 139.0 PLN"}]},{"@type":"WebSite","@id":"https:\/\/taniabonament.pl\/sluchawki\/#website","url":"https:\/\/taniabonament.pl\/sluchawki\/","name":"TaniAbonament.pl S\u0142uchawki","description":"\u015bwiat s\u0142uchawek idealnych do pracy zdalnej","potentialAction":[{"@type":"SearchAction","target":{"@type":"EntryPoint","urlTemplate":"https:\/\/taniabonament.pl\/sluchawki\/?s={search_term_string}"},"query-input":"required name=search_term_string"}],"inLanguage":"pl-PL"}]}},"_links":{"self":[{"href":"https:\/\/taniabonament.pl\/sluchawki\/wp-json\/wp\/v2\/product\/10396","targetHints":{"allow":["GET"]}}],"collection":[{"href":"https:\/\/taniabonament.pl\/sluchawki\/wp-json\/wp\/v2\/product"}],"about":[{"href":"https:\/\/taniabonament.pl\/sluchawki\/wp-json\/wp\/v2\/types\/product"}],"replies":[{"embeddable":true,"href":"https:\/\/taniabonament.pl\/sluchawki\/wp-json\/wp\/v2\/comments?post=10396"}],"wp:featuredmedia":[{"embeddable":true,"href":"https:\/\/taniabonament.pl\/sluchawki\/wp-json\/wp\/v2\/media\/10397"}],"wp:attachment":[{"href":"https:\/\/taniabonament.pl\/sluchawki\/wp-json\/wp\/v2\/media?parent=10396"}],"wp:term":[{"taxonomy":"product_cat","embeddable":true,"href":"https:\/\/taniabonament.pl\/sluchawki\/wp-json\/wp\/v2\/product_cat?post=10396"},{"taxonomy":"product_tag","embeddable":true,"href":"https:\/\/taniabonament.pl\/sluchawki\/wp-json\/wp\/v2\/product_tag?post=10396"}],"curies":[{"name":"wp","href":"https:\/\/api.w.org\/{rel}","templated":true}]}}