{"id":10388,"date":"2022-02-14T20:28:31","date_gmt":"2022-02-14T20:28:31","guid":{"rendered":"https:\/\/taniabonament.pl\/sluchawki\/model\/sluchawki-soundpeats-air-3-czarne-w-cenie-229-0-pln\/"},"modified":"2022-02-14T20:28:38","modified_gmt":"2022-02-14T20:28:38","slug":"sluchawki-soundpeats-air-3-czarne-w-cenie-229-0-pln","status":"publish","type":"product","link":"https:\/\/taniabonament.pl\/sluchawki\/model\/sluchawki-soundpeats-air-3-czarne-w-cenie-229-0-pln\/","title":{"rendered":"S\u0142uchawki Soundpeats Air 3 (czarne) &#8211; w cenie 229.0 PLN"},"content":{"rendered":"<p><img decoding=\"async\" style=\"margin-right: 25px; margin-bottom: 10px; width: 220px;\" src=\"https:\/\/static.convertiser.com\/media\/product_images\/294\/111ffedb3419068d6e8f2574a553108b\/0c27ea1e01627ec21e4004d827e4930737b59528.webp\" alt=\"s\u0142uchawki z mikrofonem Soundpeats\" align=\"left\" \/><\/p>\n<h2>S\u0142uchawki marki Soundpeats<\/h2>\n<p>CENA ORYGINALNA: 229.0 PLN<\/p>\n<div style=\"font-weight: bold; font-size: 18px;\">\n<p>UWAGA <span style=\"color: red;\">MAMY RABATY!<\/span><\/p>\n<p>Szczeg\u00f3\u0142owe parametry takie jak dane techniczne, promocje sprawdzisz poni\u017cej w Akces-markt.pl. Rozmawiaj wygodnie przez mikrofon podczas pracy zdalnej. Odizoluj si\u0119 od niepo\u017c\u0105danych d\u017awi\u0119k\u00f3w zewn\u0119trznych. Ciesz si\u0119 czystym brzmieniem w s\u0142uchawkach. Przejd\u017a teraz bezpo\u015brednio do z sklepu gdzie szybko zakupisz te s\u0142uchawki w korzystnej cenie.<\/p>\n<p><span style=\"color: #fff; background-color: #000000; padding: 1px 7px;\"><strong>Soundpeats<\/strong><\/span><strong><span style=\"margin-left: 5px; color: #fff; background-color: red; padding: 1px 7px;\">229.0 PLN<\/span><\/strong><\/p>\n<p>&nbsp;<\/p>\n<p>&nbsp;<\/p>\n<\/div>\n<p style=\"text-align: center; padding-bottom: 15px;\"><a style=\"color: #fff; font-size: 22px; background-color: #e4144d; padding: 9px 14px; border-radius: 7px; text-decoration: underline;\" href=\"https:\/\/converti.se\/click\/34590059-c70e8160-5f3ad5bd\/?deep_link=https%3A%2F%2Fakces-markt.pl%2Fpl%2Fp%2FSluchawki-Soundpeats-Air-3-czarne%2F147840&#038;sid=sluchawki-z-mikrofonem&#038;tag6=product&#038;tag8=111ffedb3419068d6e8f2574a553108b&#038;tag9=S%C5%82uchawki+Soundpeats+Air+3+%28czarne%29\" target=\"_blank\" rel=\"nofollow noopener\">Kup teraz<\/a> <span style=\"font-size: 22px; padding-left: 10px;\">229.0 PLN<\/span><\/p>\n","protected":false},"excerpt":{"rendered":"<h3>Odpowiednie <span style='color: red;'>s\u0142uchawki<\/span> z mikrofonem? <\/h3>\n<p> Cechy i zalety: <\/p>\n<ul style='padding-left: 10px; padding-bottom: 10px;'>\n<li style='padding-top: 10px;'>Bezprzewodowe s\u0142uchawki Soundpeats Air3Ciesz si\u0119 swoimi ulubionymi piosenkami dzi\u0119ki nowoczesnym s\u0142uchawkom Soundpeats Air3\n<li style='padding-top: 10px;'>Wykorzystaj je r\u00f3wnie\u017c podczas spotka\u0144 online, zdalnych wyk\u0142ad\u00f3w lub wideorozmowy z przyjaci\u00f3\u0142mi\n<li style='padding-top: 10px;'>Aktywna redukcja szum\u00f3w razem z podw\u00f3jnym mikrofonem w ka\u017cdej ze s\u0142uchawek sprawi\u0105, \u017ce rozm\u00f3wcy doskonale us\u0142ysz\u0105 wypowiedziane przez Ciebie s\u0142owa\n<li style='padding-top: 10px;'>Kodek Aptx oraz Bluetooth w wersji 5.2 odpowiadaj\u0105 za niesamowitej jako\u015bci d\u017awi\u0119k, natomiast dost\u0119pno\u015b\u0107 trybu gry z pewno\u015bci\u0105 dostarczy wyj\u0105tkowych wra\u017ce\u0144 immersyjnych\n<li style='padding-top: 10px;'>\u0141aduj urz\u0105dzenie za pomoc\u0105 kabla USB typu C, kt\u00f3ry znajduje si\u0119 w zestawie.D\u0142ugi czas pracyWytrzyma\u0142y akumulator zapewnia niesamowicie d\u0142ugi czas dzia\u0142ania s\u0142uchawek\n<li style='padding-top: 10px;'>Jedno pe\u0142ne na\u0142adowanie jest gwarancj\u0105 nawet 5 godzin nieprzerwanego odtwarzania muzyki\n<li style='padding-top: 10px;'>Umieszczone w zestawie etui \u0142aduj\u0105ce pozwala wyd\u0142u\u017cy\u0107 prac\u0119 Air3 a\u017c do 17,5 godzin\n<li style='padding-top: 10px;'>Wykorzystaj innowacyjne rozwi\u0105zanie bezprzewodowego \u0142adowania i zabierz akcesorium wsz\u0119dzie, gdzie tylko chcesz\n<li style='padding-top: 10px;'>Dodatkowo, etui posiada wbudowany port \u0142adowania USB-C, kt\u00f3ry s\u0142u\u017cy do szybkiego odnawiania jego energii.Specjalny tryb gryZaawansowana technologia Qualcomm aptX-Adaptive oferuje pewn\u0105 i stabiln\u0105 transmisj\u0119 sygna\u0142u oraz niezwykle niskie op\u00f3\u017anienia\n<li style='padding-top: 10px;'>Air3 nie powoduj\u0105 \u017cadnych zak\u0142\u00f3ce\u0144 przy intensywnym u\u017cytkowaniu wielu aplikacji w tym samym momencie\n<li style='padding-top: 10px;'>Je\u017celi jeste\u015b zwolennikiem dynamicznych gier, koniecznie wypr\u00f3buj przeznaczony do tego tryb\n<li style='padding-top: 10px;'>W celu skutecznej aktywacji trybu z niskimi op\u00f3\u017anieniami na poziomie 60 ms, wystarczy jedynie przytrzyma\u0107 lewy przycisk funkcyjny.Najwy\u017csza jako\u015b\u0107 d\u017awi\u0119kuZastosowanie przetwornika membrany mierz\u0105cego 14,2 mm pozwoli uzyska\u0107 precyzyjnie dostrojony, bogaty w detale sygna\u0142 audio\n<li style='padding-top: 10px;'>Zachwy\u0107 si\u0119 w\u0142a\u015bciwie zaakcentowan\u0105 tonacj\u0105, ws\u0142uchuj\u0105c si\u0119 we wcze\u015bniej niedostrzegalne akcenty melodyjnych kompozycji\n<li style='padding-top: 10px;'>Za\u0142\u00f3\u017c s\u0142uchawki marki Soundpeats i odkryj krystalicznie czysty, a tak\u017ce odpowiednio zbalansowany d\u017awi\u0119k bez \u017cadnych zniekszta\u0142ce\u0144.\u00a0Po\u017cegnaj uci\u0105\u017cliwy ha\u0142asAir3 wyposa\u017cono w cztery mikrofony oraz system cVc w konfiguracji 8.0, odpowiedzialny za skrupulatn\u0105 minimalizacj\u0119 wszelkich odg\u0142os\u00f3w pochodz\u0105cych z zewn\u0105trz\n<li style='padding-top: 10px;'>To udane po\u0142\u0105czenie gwarantuje przekazywanie wyra\u017anych s\u0142\u00f3w w celu zwi\u0119kszenia p\u0142ynno\u015bci w trakcie rozm\u00f3w\n<li style='padding-top: 10px;'>Niezale\u017cnie od tego, czy zadzwonisz do swoich bliskich, czy prowadzisz wa\u017cn\u0105 rozmow\u0119 konferencyjn\u0105, ze s\u0142uchawkami Soundpeats zyskasz ca\u0142kowit\u0105 pewno\u015b\u0107, \u017ce wszyscy us\u0142ysz\u0105 Ci\u0119 prawid\u0142owo.Komfortowa obs\u0142ugaKompaktowy design oraz solidna konstrukcja to udana kombinacja, kt\u00f3ra sprawdzi si\u0119 w ka\u017cdej sytuacji\n<li style='padding-top: 10px;'>Zabierz ze sob\u0105 s\u0142uchawki Air3 w dalek\u0105 podr\u00f3\u017c lub na jesienny spacer i rozchmurz si\u0119 przy klimatycznych utworach\n<li style='padding-top: 10px;'>Lekka waga oraz niewielkie wymiary umo\u017cliwiaj\u0105 bezproblemowy transport w plecaku lub torebce\n<li style='padding-top: 10px;'>Co wi\u0119cej, ergonomiczny kszta\u0142t s\u0142uchawek sprawi, \u017ce mo\u017cesz zapomnie\u0107 o jakimkolwiek dyskomforcie\n<li style='padding-top: 10px;'>Dotykowy panel u\u0142atwi codzienne korzystanie ze sprz\u0119tu, oferuj\u0105c dost\u0119p do najwa\u017cniejszych funkcji.\u00a0W zestawieS\u0142uchawkiKabel \u0142aduj\u0105cy USB-CEtui \u0142aduj\u0105ceInstrukcja obs\u0142ugi\u00a0SpecyfikacjaProducentSoundpeatsModelAir3Wersja Bluetooth5.2Profile BluetoothHSP, HFP, A2DP, AVRCPChipsetQualcomm QCC3040Obs\u0142ugiwane kodeki BluetoothSBC, aptX, aptX-AdaptiveZasi\u0119g bezprzewodowyDo 10 mPojemno\u015b\u0107 akumulatora etui220 mAhPojemno\u015b\u0107 akumulatora s\u0142uchawek30*2 mAhCzas \u0142adowania s\u0142uchawekOk\n<li style='padding-top: 10px;'>1,5 hCzas \u0142adowania etuiOk\n<li style='padding-top: 10px;'>1,5 hPort \u0142adowaniaUSB-CCzas pracyOk\n<li style='padding-top: 10px;'>17,5 hKlasa wodoodporno\u015bciIPX5Rodzaj sterowaniaDotykowyWaga etui ze s\u0142uchawkami33 gWaga pojedynczej s\u0142uchawki4 g<\/ul>\n","protected":false},"featured_media":10389,"comment_status":"closed","ping_status":"open","template":"","meta":[],"product_cat":[601,31],"product_tag":[],"class_list":{"0":"post-10388","1":"product","2":"type-product","3":"status-publish","5":"hentry","6":"product_cat-sluchawki-z-mikrofonem","7":"product_cat-soundpeats","8":"pa_producent-soundpeats","9":"pa_sklep-akces-markt-pl"},"yoast_head":"<!-- This site is optimized with the Yoast SEO plugin v20.9 - https:\/\/yoast.com\/wordpress\/plugins\/seo\/ -->\n<title>s\u0142uchawki z mikrofonem Soundpeats<\/title>\n<meta name=\"description\" content=\"S\u0142uchawki z mikrofonem. Model Soundpeats w atrakcyjnej cenie 229.0 PLN. Przedstawiamy s\u0142uchawki do pracy zdalnej i s\u0142uchania muzyki.\" \/>\n<meta name=\"robots\" content=\"index, follow, max-snippet:-1, max-image-preview:large, max-video-preview:-1\" \/>\n<link rel=\"canonical\" href=\"https:\/\/taniabonament.pl\/sluchawki\/model\/sluchawki-soundpeats-air-3-czarne-w-cenie-229-0-pln\/\" \/>\n<meta property=\"og:locale\" content=\"pl_PL\" \/>\n<meta property=\"og:type\" content=\"article\" \/>\n<meta property=\"og:title\" content=\"s\u0142uchawki z mikrofonem Soundpeats\" \/>\n<meta property=\"og:description\" content=\"S\u0142uchawki z mikrofonem. Model Soundpeats w atrakcyjnej cenie 229.0 PLN. Przedstawiamy s\u0142uchawki do pracy zdalnej i s\u0142uchania muzyki.\" \/>\n<meta property=\"og:url\" content=\"https:\/\/taniabonament.pl\/sluchawki\/model\/sluchawki-soundpeats-air-3-czarne-w-cenie-229-0-pln\/\" \/>\n<meta property=\"og:site_name\" content=\"TaniAbonament.pl S\u0142uchawki\" \/>\n<meta property=\"article:modified_time\" content=\"2022-02-14T20:28:38+00:00\" \/>\n<meta property=\"og:image\" content=\"https:\/\/taniabonament.pl\/sluchawki\/wp-content\/uploads\/2022\/02\/0c27ea1e01627ec21e4004d827e4930737b59528.webp\" \/>\n\t<meta property=\"og:image:width\" content=\"500\" \/>\n\t<meta property=\"og:image:height\" content=\"500\" \/>\n\t<meta property=\"og:image:type\" content=\"image\/jpeg\" \/>\n<meta name=\"twitter:card\" content=\"summary_large_image\" \/>\n<script type=\"application\/ld+json\" class=\"yoast-schema-graph\">{\"@context\":\"https:\/\/schema.org\",\"@graph\":[{\"@type\":\"WebPage\",\"@id\":\"https:\/\/taniabonament.pl\/sluchawki\/model\/sluchawki-soundpeats-air-3-czarne-w-cenie-229-0-pln\/\",\"url\":\"https:\/\/taniabonament.pl\/sluchawki\/model\/sluchawki-soundpeats-air-3-czarne-w-cenie-229-0-pln\/\",\"name\":\"s\u0142uchawki z mikrofonem Soundpeats\",\"isPartOf\":{\"@id\":\"https:\/\/taniabonament.pl\/sluchawki\/#website\"},\"datePublished\":\"2022-02-14T20:28:31+00:00\",\"dateModified\":\"2022-02-14T20:28:38+00:00\",\"description\":\"S\u0142uchawki z mikrofonem. Model Soundpeats w atrakcyjnej cenie 229.0 PLN. Przedstawiamy s\u0142uchawki do pracy zdalnej i s\u0142uchania muzyki.\",\"breadcrumb\":{\"@id\":\"https:\/\/taniabonament.pl\/sluchawki\/model\/sluchawki-soundpeats-air-3-czarne-w-cenie-229-0-pln\/#breadcrumb\"},\"inLanguage\":\"pl-PL\",\"potentialAction\":[{\"@type\":\"ReadAction\",\"target\":[\"https:\/\/taniabonament.pl\/sluchawki\/model\/sluchawki-soundpeats-air-3-czarne-w-cenie-229-0-pln\/\"]}]},{\"@type\":\"BreadcrumbList\",\"@id\":\"https:\/\/taniabonament.pl\/sluchawki\/model\/sluchawki-soundpeats-air-3-czarne-w-cenie-229-0-pln\/#breadcrumb\",\"itemListElement\":[{\"@type\":\"ListItem\",\"position\":1,\"name\":\"Strona g\u0142\u00f3wna\",\"item\":\"https:\/\/taniabonament.pl\/sluchawki\/\"},{\"@type\":\"ListItem\",\"position\":2,\"name\":\"Sklep\",\"item\":\"https:\/\/taniabonament.pl\/sluchawki\/\"},{\"@type\":\"ListItem\",\"position\":3,\"name\":\"S\u0142uchawki Soundpeats Air 3 (czarne) &#8211; w cenie 229.0 PLN\"}]},{\"@type\":\"WebSite\",\"@id\":\"https:\/\/taniabonament.pl\/sluchawki\/#website\",\"url\":\"https:\/\/taniabonament.pl\/sluchawki\/\",\"name\":\"TaniAbonament.pl S\u0142uchawki\",\"description\":\"\u015bwiat s\u0142uchawek idealnych do pracy zdalnej\",\"potentialAction\":[{\"@type\":\"SearchAction\",\"target\":{\"@type\":\"EntryPoint\",\"urlTemplate\":\"https:\/\/taniabonament.pl\/sluchawki\/?s={search_term_string}\"},\"query-input\":\"required name=search_term_string\"}],\"inLanguage\":\"pl-PL\"}]}<\/script>\n<!-- \/ Yoast SEO plugin. -->","yoast_head_json":{"title":"s\u0142uchawki z mikrofonem Soundpeats","description":"S\u0142uchawki z mikrofonem. Model Soundpeats w atrakcyjnej cenie 229.0 PLN. Przedstawiamy s\u0142uchawki do pracy zdalnej i s\u0142uchania muzyki.","robots":{"index":"index","follow":"follow","max-snippet":"max-snippet:-1","max-image-preview":"max-image-preview:large","max-video-preview":"max-video-preview:-1"},"canonical":"https:\/\/taniabonament.pl\/sluchawki\/model\/sluchawki-soundpeats-air-3-czarne-w-cenie-229-0-pln\/","og_locale":"pl_PL","og_type":"article","og_title":"s\u0142uchawki z mikrofonem Soundpeats","og_description":"S\u0142uchawki z mikrofonem. Model Soundpeats w atrakcyjnej cenie 229.0 PLN. Przedstawiamy s\u0142uchawki do pracy zdalnej i s\u0142uchania muzyki.","og_url":"https:\/\/taniabonament.pl\/sluchawki\/model\/sluchawki-soundpeats-air-3-czarne-w-cenie-229-0-pln\/","og_site_name":"TaniAbonament.pl S\u0142uchawki","article_modified_time":"2022-02-14T20:28:38+00:00","og_image":[{"width":500,"height":500,"url":"https:\/\/taniabonament.pl\/sluchawki\/wp-content\/uploads\/2022\/02\/0c27ea1e01627ec21e4004d827e4930737b59528.webp","type":"image\/jpeg"}],"twitter_card":"summary_large_image","schema":{"@context":"https:\/\/schema.org","@graph":[{"@type":"WebPage","@id":"https:\/\/taniabonament.pl\/sluchawki\/model\/sluchawki-soundpeats-air-3-czarne-w-cenie-229-0-pln\/","url":"https:\/\/taniabonament.pl\/sluchawki\/model\/sluchawki-soundpeats-air-3-czarne-w-cenie-229-0-pln\/","name":"s\u0142uchawki z mikrofonem Soundpeats","isPartOf":{"@id":"https:\/\/taniabonament.pl\/sluchawki\/#website"},"datePublished":"2022-02-14T20:28:31+00:00","dateModified":"2022-02-14T20:28:38+00:00","description":"S\u0142uchawki z mikrofonem. Model Soundpeats w atrakcyjnej cenie 229.0 PLN. Przedstawiamy s\u0142uchawki do pracy zdalnej i s\u0142uchania muzyki.","breadcrumb":{"@id":"https:\/\/taniabonament.pl\/sluchawki\/model\/sluchawki-soundpeats-air-3-czarne-w-cenie-229-0-pln\/#breadcrumb"},"inLanguage":"pl-PL","potentialAction":[{"@type":"ReadAction","target":["https:\/\/taniabonament.pl\/sluchawki\/model\/sluchawki-soundpeats-air-3-czarne-w-cenie-229-0-pln\/"]}]},{"@type":"BreadcrumbList","@id":"https:\/\/taniabonament.pl\/sluchawki\/model\/sluchawki-soundpeats-air-3-czarne-w-cenie-229-0-pln\/#breadcrumb","itemListElement":[{"@type":"ListItem","position":1,"name":"Strona g\u0142\u00f3wna","item":"https:\/\/taniabonament.pl\/sluchawki\/"},{"@type":"ListItem","position":2,"name":"Sklep","item":"https:\/\/taniabonament.pl\/sluchawki\/"},{"@type":"ListItem","position":3,"name":"S\u0142uchawki Soundpeats Air 3 (czarne) &#8211; w cenie 229.0 PLN"}]},{"@type":"WebSite","@id":"https:\/\/taniabonament.pl\/sluchawki\/#website","url":"https:\/\/taniabonament.pl\/sluchawki\/","name":"TaniAbonament.pl S\u0142uchawki","description":"\u015bwiat s\u0142uchawek idealnych do pracy zdalnej","potentialAction":[{"@type":"SearchAction","target":{"@type":"EntryPoint","urlTemplate":"https:\/\/taniabonament.pl\/sluchawki\/?s={search_term_string}"},"query-input":"required name=search_term_string"}],"inLanguage":"pl-PL"}]}},"_links":{"self":[{"href":"https:\/\/taniabonament.pl\/sluchawki\/wp-json\/wp\/v2\/product\/10388","targetHints":{"allow":["GET"]}}],"collection":[{"href":"https:\/\/taniabonament.pl\/sluchawki\/wp-json\/wp\/v2\/product"}],"about":[{"href":"https:\/\/taniabonament.pl\/sluchawki\/wp-json\/wp\/v2\/types\/product"}],"replies":[{"embeddable":true,"href":"https:\/\/taniabonament.pl\/sluchawki\/wp-json\/wp\/v2\/comments?post=10388"}],"wp:featuredmedia":[{"embeddable":true,"href":"https:\/\/taniabonament.pl\/sluchawki\/wp-json\/wp\/v2\/media\/10389"}],"wp:attachment":[{"href":"https:\/\/taniabonament.pl\/sluchawki\/wp-json\/wp\/v2\/media?parent=10388"}],"wp:term":[{"taxonomy":"product_cat","embeddable":true,"href":"https:\/\/taniabonament.pl\/sluchawki\/wp-json\/wp\/v2\/product_cat?post=10388"},{"taxonomy":"product_tag","embeddable":true,"href":"https:\/\/taniabonament.pl\/sluchawki\/wp-json\/wp\/v2\/product_tag?post=10388"}],"curies":[{"name":"wp","href":"https:\/\/api.w.org\/{rel}","templated":true}]}}