{"id":10384,"date":"2022-02-14T20:28:31","date_gmt":"2022-02-14T20:28:31","guid":{"rendered":"https:\/\/taniabonament.pl\/sluchawki\/model\/sluchawki-tws-edifier-nb2-pro-szare-w-cenie-419-0-pln\/"},"modified":"2022-02-14T20:28:37","modified_gmt":"2022-02-14T20:28:37","slug":"sluchawki-tws-edifier-nb2-pro-szare-w-cenie-419-0-pln","status":"publish","type":"product","link":"https:\/\/taniabonament.pl\/sluchawki\/model\/sluchawki-tws-edifier-nb2-pro-szare-w-cenie-419-0-pln\/","title":{"rendered":"S\u0142uchawki TWS Edifier NB2 Pro (szare) &#8211; w cenie 419.0 PLN"},"content":{"rendered":"<p><img decoding=\"async\" style=\"margin-right: 25px; margin-bottom: 10px; width: 220px;\" src=\"https:\/\/static.convertiser.com\/media\/product_images\/294\/5f594808677cee78a50bd657e2eafee0\/f4026fa7f677a5bab35ff8fb81842ddd6f718a23.webp\" alt=\"s\u0142uchawki z mikrofonem Edifier\" align=\"left\" \/><\/p>\n<h2>S\u0142uchawki marki Edifier<\/h2>\n<p>CENA ORYGINALNA: 419.0 PLN<\/p>\n<div style=\"font-weight: bold; font-size: 18px;\">\n<p>UWAGA <span style=\"color: red;\">MAMY RABATY!<\/span><\/p>\n<p>Szczeg\u00f3\u0142owe parametry takie jak dane techniczne, promocje sprawdzisz poni\u017cej w Akces-markt.pl. Rozmawiaj wygodnie przez mikrofon podczas pracy zdalnej. Odizoluj si\u0119 od niepo\u017c\u0105danych d\u017awi\u0119k\u00f3w zewn\u0119trznych. Ciesz si\u0119 czystym brzmieniem w s\u0142uchawkach. Przejd\u017a teraz bezpo\u015brednio do z sklepu gdzie szybko zakupisz te s\u0142uchawki w korzystnej cenie.<\/p>\n<p><span style=\"color: #fff; background-color: #000000; padding: 1px 7px;\"><strong>Edifier<\/strong><\/span><strong><span style=\"margin-left: 5px; color: #fff; background-color: red; padding: 1px 7px;\">419.0 PLN<\/span><\/strong><\/p>\n<p>&nbsp;<\/p>\n<p>&nbsp;<\/p>\n<\/div>\n<p style=\"text-align: center; padding-bottom: 15px;\"><a style=\"color: #fff; font-size: 22px; background-color: #e4144d; padding: 9px 14px; border-radius: 7px; text-decoration: underline;\" href=\"https:\/\/converti.se\/click\/34590059-c70e8160-5f3ad5bd\/?deep_link=https%3A%2F%2Fakces-markt.pl%2Fpl%2Fp%2FSluchawki-TWS-Edifier-NB2-Pro-szare%2F147600&#038;sid=sluchawki-z-mikrofonem&#038;tag6=product&#038;tag8=5f594808677cee78a50bd657e2eafee0&#038;tag9=S%C5%82uchawki+TWS+Edifier+NB2+Pro+%28szare%29\" target=\"_blank\" rel=\"nofollow noopener\">Kup teraz<\/a> <span style=\"font-size: 22px; padding-left: 10px;\">419.0 PLN<\/span><\/p>\n","protected":false},"excerpt":{"rendered":"<h3>Odpowiednie <span style='color: red;'>s\u0142uchawki<\/span> z mikrofonem? <\/h3>\n<p> Cechy i zalety: <\/p>\n<ul style='padding-left: 10px; padding-bottom: 10px;'>\n<li style='padding-top: 10px;'>Bezprzewodowe s\u0142uchawki Bluetooth Edifier TWS NB2 ProS\u0142uchawki bezprzewodowe Edifier TWS NB2 Pro niemal dos\u0142ownie otocz\u0105 Ci\u0119 doskona\u0142ej jako\u015bci d\u017awi\u0119kiem\n<li style='padding-top: 10px;'>Kilka dost\u0119pnych tryb\u00f3w pozwala dostosowa\u0107 ich dzia\u0142anie do Twoich oczekiwa\u0144, a du\u017ca membrana 10 mm zapewnia krystalicznie czyste brzmienie\n<li style='padding-top: 10px;'>Wytrzyma\u0142y akumulator gwarantuje czas pracy do 32 godzin, a hybrydowa technologia redukcji szum\u00f3w pozwala swobodnie rozmawia\u0107 przez telefon nawet w ha\u0142a\u015bliwym otoczeniu.\u00a0Odkrywaj swoje ulubione piosenki na nowoCiesz si\u0119 naturalnym, krystalicznie czystym d\u017awi\u0119kiem\n<li style='padding-top: 10px;'>S\u0142uchawki zosta\u0142y wyposa\u017cone w kompleksow\u0105 membran\u0119 10 mm i obs\u0142uguj\u0105 kodek audio AAC\n<li style='padding-top: 10px;'>Zapewniaj\u0105 doskonale zbalansowane, bogate w szczeg\u00f3\u0142y audio, kt\u00f3re Ci\u0119 zachwyci\n<li style='padding-top: 10px;'>Co wi\u0119cej, hybrydowa redukcja szum\u00f3w eliminuje zb\u0119dne odg\u0142osy do nawet -38 dB, pozwalaj\u0105c Ci ca\u0142kowicie skupi\u0107 si\u0119 na pi\u0119knie Twoich ulubionych piosenek.\u00a0Przyjmij zaproszenie do kr\u00f3lestwa muzykiS\u0142uchawki TWS NB2 Pro otocz\u0105 Ci\u0119 fantastycznymi d\u017awi\u0119kami\n<li style='padding-top: 10px;'>Produkt wykorzystuje innowacyjn\u0105, panoramiczn\u0105 technologi\u0119 3D, dzi\u0119ki czemu zapewnia jeszcze bardziej immersyjne do\u015bwiadczenie\n<li style='padding-top: 10px;'>Z Edifier poczujesz si\u0119 niemal jak we w\u0142asnym, prywatnym kinie lub jak na koncercie!\u00a0Niezawodne po\u0142\u0105czenie bezprzewodoweBluetooth 5.0 zapewnia szybk\u0105 i stabiln\u0105 transmisj\u0119 sygna\u0142u\n<li style='padding-top: 10px;'>Op\u00f3\u017anienia, zacinanie si\u0119 i inne problemy z po\u0142\u0105czeniem zostan\u0105 tylko przykrym wspomnieniem! Co wi\u0119cej, od razu po otwarciu etui ka\u017cda s\u0142uchawka niezale\u017cnie \u0142\u0105czy si\u0119 ze sparowanym urz\u0105dzeniem\n<li style='padding-top: 10px;'>Mo\u017cesz wi\u0119c dowolnie u\u017cywa\u0107 ich razem lub oddzielnie &#8211; prze\u0142\u0105czanie si\u0119 mi\u0119dzy trybami mono i stereo jest niezwykle szybkie i proste!\u00a0Rozmawiaj przez telefon, gdzie chceszTeraz mo\u017cesz swobodnie rozmawia\u0107 przez telefon w dowolnym miejscu &#8211; nie tylko w domu, ale te\u017c na przyk\u0142ad w pracy, w centrum handlowym, a nawet w autobusie w godzinach szczytu\n<li style='padding-top: 10px;'>Podw\u00f3jny mikrofon oraz udoskonalone algorytmy ENC zapewniaj\u0105 jeszcze lepsz\u0105 redukcj\u0119 szum\u00f3w\n<li style='padding-top: 10px;'>Z TWS NB2 Pro zyskasz pewno\u015b\u0107, \u017ce \u017caden zb\u0119dny ha\u0142as nie przeszkodzi Ci w rozmowie!\u00a0Nie tra\u0107 kontaktu z otoczeniemChcesz cieszy\u0107 si\u0119 muzyk\u0105, ale jednocze\u015bnie s\u0142ysze\u0107, co dzieje si\u0119 wok\u00f3\u0142 Ciebie? Z Edifier to mo\u017cliwe! W trybie redukcji szum\u00f3w wystarczy dotkn\u0105\u0107 s\u0142uchawki, aby d\u017awi\u0119ki dochodz\u0105ce z otoczenia sta\u0142y si\u0119 s\u0142yszalne\n<li style='padding-top: 10px;'>Ich g\u0142o\u015bno\u015b\u0107 i zasi\u0119g mo\u017cesz dostosowa\u0107 w aplikacji\n<li style='padding-top: 10px;'>Teraz ju\u017c nigdy nie przegapisz wa\u017cnego komunikatu na dworcu kolejowym lub na lotnisku!\u00a0Co\u015b specjalnego dla graczyLubisz gra\u0107 w gry? Edifier ma dla Ciebie co\u015b specjalnego! Specjalny tryb gamingowy umo\u017cliwia redukcj\u0119 op\u00f3\u017anienia do nawet 80 ms, co zapewnia doskona\u0142\u0105 synchronizacj\u0119 obrazu i d\u017awi\u0119ku\n<li style='padding-top: 10px;'>Dzi\u0119ki temu natychmiast us\u0142yszysz kroki nadchodz\u0105cych przeciwnik\u00f3w, uprzedzisz ich ruchy, nie dasz si\u0119 zaskoczy\u0107 i odniesiesz kolejne imponuj\u0105ce zwyci\u0119stwo!\u00a0D\u0142ugi czas pracy &#8211; szybkie \u0142adowanieS\u0142uchawki obs\u0142uguj\u0105 szybkie \u0142adowanie &#8211; wystarczy 15 minut, aby mog\u0142y s\u0142u\u017cy\u0107 Ci przez kolejne 2 godziny\n<li style='padding-top: 10px;'>Wydajny akumulator umo\u017cliwia odtwarzanie muzyki do 7 godzin, gdy tryb NC jest w\u0142\u0105czony lub do 9 godzin, je\u015bli go wy\u0142\u0105czysz\n<li style='padding-top: 10px;'>Wchodz\u0105ce w sk\u0142ad zestawu etui \u0142aduj\u0105ce pozwala przed\u0142u\u017cy\u0107 ten czas odpowiednio do 18 lub 23 godzin\n<li style='padding-top: 10px;'>Mo\u017cesz wi\u0119c bez obaw ogl\u0105da\u0107 filmy lub s\u0142ucha\u0107 swoich ulubionych utwor\u00f3w nawet podczas d\u0142ugiej podr\u00f3\u017cy.\u00a0Mog\u0105 Ci towarzyszy\u0107 niemal wsz\u0119dzieNiewa\u017cne, czy \u015bwieci s\u0142o\u0144ce, zbiera si\u0119 na deszcz, czy pada \u015bnieg &#8211; TWS NB2 Pro mog\u0105 Ci s\u0142u\u017cy\u0107 niemal w ka\u017cdych warunkach\n<li style='padding-top: 10px;'>Stopie\u0144 ochrony IP54 oznacza, \u017ce niestraszne im krople wody, pot, kurz czy py\u0142\n<li style='padding-top: 10px;'>S\u0142uchawki s\u0105 przy tym niezwykle wygodne\n<li style='padding-top: 10px;'>Swobodnie u\u017cywaj ich, gdzie chcesz &#8211; Twoje ulubione piosenki umil\u0105 Ci trening, spacer, drog\u0119 do pracy lub wycieczk\u0119 rowerow\u0105!\u00a0Idealnie dopasowane do CiebieSpraw sobie s\u0142uchawki, kt\u00f3re idealnie si\u0119 do Ciebie dostosuj\u0105\n<li style='padding-top: 10px;'>TWS NB2 zosta\u0142y wyposa\u017cone w zaawansowany czujnik na podczerwie\u0144, kt\u00f3ry inteligentnie wykrywa ich status i umo\u017cliwia automatyczne aktywowanie trybu NC, a tak\u017ce zatrzymywanie lub wznawianie odtwarzania muzyki w zale\u017cno\u015bci od tego, czy masz je w uszach\n<li style='padding-top: 10px;'>Dzi\u0119ki temu ju\u017c nigdy nie przegapisz fragmentu podcastu lub ulubionej cz\u0119\u015bci piosenki!\u00a0W zestawieS\u0142uchawkiEtui \u0142aduj\u0105ceWymienne ko\u0144c\u00f3wki (3 pary)Woreczek do przechowywaniaKabel \u0142adowaniaInstrukcja u\u017cytkownika\u00a0Specyfikacja\u00a0ProducentEdifierModelTWS NB2 ProKolorSzaryWersja Bluetooth5.0Profile BluetoothA2DP, AVRCP, HFP, HSPKodeki audioAAC, SBCZasi\u0119gDo 10 mCzas odtwarzaniaTryb ANC w\u0142\u0105czony: do 7 h (s\u0142uchawki) + 18 h (etui \u0142aduj\u0105ce);Tryb ANC wy\u0142\u0105czony: do 9 h (s\u0142uchawki) + 23 h (etui \u0142aduj\u0105ce)Wej\u015bcieDC 5 V 60 mA (s\u0142uchawki), DC 5 V 1 A (etui \u0142aduj\u0105ce)Pasmo przenoszenia20 Hz &#8211; 20 kHzCzu\u0142o\u015b\u010794 \u00b13 dB SPL (A)Impedancja24\u03a9<\/ul>\n","protected":false},"featured_media":10385,"comment_status":"closed","ping_status":"open","template":"","meta":[],"product_cat":[82,601],"product_tag":[],"class_list":{"0":"post-10384","1":"product","2":"type-product","3":"status-publish","5":"hentry","6":"product_cat-edifier","7":"product_cat-sluchawki-z-mikrofonem","8":"pa_producent-edifier","9":"pa_sklep-akces-markt-pl"},"yoast_head":"<!-- This site is optimized with the Yoast SEO plugin v20.9 - https:\/\/yoast.com\/wordpress\/plugins\/seo\/ -->\n<title>s\u0142uchawki z mikrofonem Edifier<\/title>\n<meta name=\"description\" content=\"S\u0142uchawki z mikrofonem. Model Edifier w atrakcyjnej cenie 419.0 PLN. Przedstawiamy s\u0142uchawki do pracy zdalnej i s\u0142uchania muzyki.\" \/>\n<meta name=\"robots\" content=\"index, follow, max-snippet:-1, max-image-preview:large, max-video-preview:-1\" \/>\n<link rel=\"canonical\" href=\"https:\/\/taniabonament.pl\/sluchawki\/model\/sluchawki-tws-edifier-nb2-pro-szare-w-cenie-419-0-pln\/\" \/>\n<meta property=\"og:locale\" content=\"pl_PL\" \/>\n<meta property=\"og:type\" content=\"article\" \/>\n<meta property=\"og:title\" content=\"s\u0142uchawki z mikrofonem Edifier\" \/>\n<meta property=\"og:description\" content=\"S\u0142uchawki z mikrofonem. Model Edifier w atrakcyjnej cenie 419.0 PLN. Przedstawiamy s\u0142uchawki do pracy zdalnej i s\u0142uchania muzyki.\" \/>\n<meta property=\"og:url\" content=\"https:\/\/taniabonament.pl\/sluchawki\/model\/sluchawki-tws-edifier-nb2-pro-szare-w-cenie-419-0-pln\/\" \/>\n<meta property=\"og:site_name\" content=\"TaniAbonament.pl S\u0142uchawki\" \/>\n<meta property=\"article:modified_time\" content=\"2022-02-14T20:28:37+00:00\" \/>\n<meta property=\"og:image\" content=\"https:\/\/taniabonament.pl\/sluchawki\/wp-content\/uploads\/2022\/02\/f4026fa7f677a5bab35ff8fb81842ddd6f718a23.webp\" \/>\n\t<meta property=\"og:image:width\" content=\"439\" \/>\n\t<meta property=\"og:image:height\" content=\"500\" \/>\n\t<meta property=\"og:image:type\" content=\"image\/jpeg\" \/>\n<meta name=\"twitter:card\" content=\"summary_large_image\" \/>\n<script type=\"application\/ld+json\" class=\"yoast-schema-graph\">{\"@context\":\"https:\/\/schema.org\",\"@graph\":[{\"@type\":\"WebPage\",\"@id\":\"https:\/\/taniabonament.pl\/sluchawki\/model\/sluchawki-tws-edifier-nb2-pro-szare-w-cenie-419-0-pln\/\",\"url\":\"https:\/\/taniabonament.pl\/sluchawki\/model\/sluchawki-tws-edifier-nb2-pro-szare-w-cenie-419-0-pln\/\",\"name\":\"s\u0142uchawki z mikrofonem Edifier\",\"isPartOf\":{\"@id\":\"https:\/\/taniabonament.pl\/sluchawki\/#website\"},\"datePublished\":\"2022-02-14T20:28:31+00:00\",\"dateModified\":\"2022-02-14T20:28:37+00:00\",\"description\":\"S\u0142uchawki z mikrofonem. Model Edifier w atrakcyjnej cenie 419.0 PLN. Przedstawiamy s\u0142uchawki do pracy zdalnej i s\u0142uchania muzyki.\",\"breadcrumb\":{\"@id\":\"https:\/\/taniabonament.pl\/sluchawki\/model\/sluchawki-tws-edifier-nb2-pro-szare-w-cenie-419-0-pln\/#breadcrumb\"},\"inLanguage\":\"pl-PL\",\"potentialAction\":[{\"@type\":\"ReadAction\",\"target\":[\"https:\/\/taniabonament.pl\/sluchawki\/model\/sluchawki-tws-edifier-nb2-pro-szare-w-cenie-419-0-pln\/\"]}]},{\"@type\":\"BreadcrumbList\",\"@id\":\"https:\/\/taniabonament.pl\/sluchawki\/model\/sluchawki-tws-edifier-nb2-pro-szare-w-cenie-419-0-pln\/#breadcrumb\",\"itemListElement\":[{\"@type\":\"ListItem\",\"position\":1,\"name\":\"Strona g\u0142\u00f3wna\",\"item\":\"https:\/\/taniabonament.pl\/sluchawki\/\"},{\"@type\":\"ListItem\",\"position\":2,\"name\":\"Sklep\",\"item\":\"https:\/\/taniabonament.pl\/sluchawki\/\"},{\"@type\":\"ListItem\",\"position\":3,\"name\":\"S\u0142uchawki TWS Edifier NB2 Pro (szare) &#8211; w cenie 419.0 PLN\"}]},{\"@type\":\"WebSite\",\"@id\":\"https:\/\/taniabonament.pl\/sluchawki\/#website\",\"url\":\"https:\/\/taniabonament.pl\/sluchawki\/\",\"name\":\"TaniAbonament.pl S\u0142uchawki\",\"description\":\"\u015bwiat s\u0142uchawek idealnych do pracy zdalnej\",\"potentialAction\":[{\"@type\":\"SearchAction\",\"target\":{\"@type\":\"EntryPoint\",\"urlTemplate\":\"https:\/\/taniabonament.pl\/sluchawki\/?s={search_term_string}\"},\"query-input\":\"required name=search_term_string\"}],\"inLanguage\":\"pl-PL\"}]}<\/script>\n<!-- \/ Yoast SEO plugin. -->","yoast_head_json":{"title":"s\u0142uchawki z mikrofonem Edifier","description":"S\u0142uchawki z mikrofonem. Model Edifier w atrakcyjnej cenie 419.0 PLN. Przedstawiamy s\u0142uchawki do pracy zdalnej i s\u0142uchania muzyki.","robots":{"index":"index","follow":"follow","max-snippet":"max-snippet:-1","max-image-preview":"max-image-preview:large","max-video-preview":"max-video-preview:-1"},"canonical":"https:\/\/taniabonament.pl\/sluchawki\/model\/sluchawki-tws-edifier-nb2-pro-szare-w-cenie-419-0-pln\/","og_locale":"pl_PL","og_type":"article","og_title":"s\u0142uchawki z mikrofonem Edifier","og_description":"S\u0142uchawki z mikrofonem. Model Edifier w atrakcyjnej cenie 419.0 PLN. Przedstawiamy s\u0142uchawki do pracy zdalnej i s\u0142uchania muzyki.","og_url":"https:\/\/taniabonament.pl\/sluchawki\/model\/sluchawki-tws-edifier-nb2-pro-szare-w-cenie-419-0-pln\/","og_site_name":"TaniAbonament.pl S\u0142uchawki","article_modified_time":"2022-02-14T20:28:37+00:00","og_image":[{"width":439,"height":500,"url":"https:\/\/taniabonament.pl\/sluchawki\/wp-content\/uploads\/2022\/02\/f4026fa7f677a5bab35ff8fb81842ddd6f718a23.webp","type":"image\/jpeg"}],"twitter_card":"summary_large_image","schema":{"@context":"https:\/\/schema.org","@graph":[{"@type":"WebPage","@id":"https:\/\/taniabonament.pl\/sluchawki\/model\/sluchawki-tws-edifier-nb2-pro-szare-w-cenie-419-0-pln\/","url":"https:\/\/taniabonament.pl\/sluchawki\/model\/sluchawki-tws-edifier-nb2-pro-szare-w-cenie-419-0-pln\/","name":"s\u0142uchawki z mikrofonem Edifier","isPartOf":{"@id":"https:\/\/taniabonament.pl\/sluchawki\/#website"},"datePublished":"2022-02-14T20:28:31+00:00","dateModified":"2022-02-14T20:28:37+00:00","description":"S\u0142uchawki z mikrofonem. Model Edifier w atrakcyjnej cenie 419.0 PLN. Przedstawiamy s\u0142uchawki do pracy zdalnej i s\u0142uchania muzyki.","breadcrumb":{"@id":"https:\/\/taniabonament.pl\/sluchawki\/model\/sluchawki-tws-edifier-nb2-pro-szare-w-cenie-419-0-pln\/#breadcrumb"},"inLanguage":"pl-PL","potentialAction":[{"@type":"ReadAction","target":["https:\/\/taniabonament.pl\/sluchawki\/model\/sluchawki-tws-edifier-nb2-pro-szare-w-cenie-419-0-pln\/"]}]},{"@type":"BreadcrumbList","@id":"https:\/\/taniabonament.pl\/sluchawki\/model\/sluchawki-tws-edifier-nb2-pro-szare-w-cenie-419-0-pln\/#breadcrumb","itemListElement":[{"@type":"ListItem","position":1,"name":"Strona g\u0142\u00f3wna","item":"https:\/\/taniabonament.pl\/sluchawki\/"},{"@type":"ListItem","position":2,"name":"Sklep","item":"https:\/\/taniabonament.pl\/sluchawki\/"},{"@type":"ListItem","position":3,"name":"S\u0142uchawki TWS Edifier NB2 Pro (szare) &#8211; w cenie 419.0 PLN"}]},{"@type":"WebSite","@id":"https:\/\/taniabonament.pl\/sluchawki\/#website","url":"https:\/\/taniabonament.pl\/sluchawki\/","name":"TaniAbonament.pl S\u0142uchawki","description":"\u015bwiat s\u0142uchawek idealnych do pracy zdalnej","potentialAction":[{"@type":"SearchAction","target":{"@type":"EntryPoint","urlTemplate":"https:\/\/taniabonament.pl\/sluchawki\/?s={search_term_string}"},"query-input":"required name=search_term_string"}],"inLanguage":"pl-PL"}]}},"_links":{"self":[{"href":"https:\/\/taniabonament.pl\/sluchawki\/wp-json\/wp\/v2\/product\/10384","targetHints":{"allow":["GET"]}}],"collection":[{"href":"https:\/\/taniabonament.pl\/sluchawki\/wp-json\/wp\/v2\/product"}],"about":[{"href":"https:\/\/taniabonament.pl\/sluchawki\/wp-json\/wp\/v2\/types\/product"}],"replies":[{"embeddable":true,"href":"https:\/\/taniabonament.pl\/sluchawki\/wp-json\/wp\/v2\/comments?post=10384"}],"wp:featuredmedia":[{"embeddable":true,"href":"https:\/\/taniabonament.pl\/sluchawki\/wp-json\/wp\/v2\/media\/10385"}],"wp:attachment":[{"href":"https:\/\/taniabonament.pl\/sluchawki\/wp-json\/wp\/v2\/media?parent=10384"}],"wp:term":[{"taxonomy":"product_cat","embeddable":true,"href":"https:\/\/taniabonament.pl\/sluchawki\/wp-json\/wp\/v2\/product_cat?post=10384"},{"taxonomy":"product_tag","embeddable":true,"href":"https:\/\/taniabonament.pl\/sluchawki\/wp-json\/wp\/v2\/product_tag?post=10384"}],"curies":[{"name":"wp","href":"https:\/\/api.w.org\/{rel}","templated":true}]}}