{"id":10376,"date":"2022-02-14T20:28:31","date_gmt":"2022-02-14T20:28:31","guid":{"rendered":"https:\/\/taniabonament.pl\/sluchawki\/model\/sluchawki-gamingowe-blitzwolf-aa-gb4-rgb-7-1-czarne-w-cenie-249-0-pln\/"},"modified":"2022-02-14T20:28:35","modified_gmt":"2022-02-14T20:28:35","slug":"sluchawki-gamingowe-blitzwolf-aa-gb4-rgb-7-1-czarne-w-cenie-249-0-pln","status":"publish","type":"product","link":"https:\/\/taniabonament.pl\/sluchawki\/model\/sluchawki-gamingowe-blitzwolf-aa-gb4-rgb-7-1-czarne-w-cenie-249-0-pln\/","title":{"rendered":"S\u0142uchawki gamingowe BlitzWolf AA-GB4, RGB, 7.1 (czarne) &#8211; w cenie 249.0 PLN"},"content":{"rendered":"<p><img decoding=\"async\" style=\"margin-right: 25px; margin-bottom: 10px; width: 220px;\" src=\"https:\/\/static.convertiser.com\/media\/product_images\/294\/001888d2b1ed974007b22369cffde5ae\/6b4151a270ddf98077966b02e0a30d87c8e6d6c1.webp\" alt=\"s\u0142uchawki z mikrofonem BlitzWolf\" align=\"left\" \/><\/p>\n<h2>S\u0142uchawki marki BlitzWolf<\/h2>\n<p>CENA ORYGINALNA: 249.0 PLN<\/p>\n<div style=\"font-weight: bold; font-size: 18px;\">\n<p>UWAGA <span style=\"color: red;\">MAMY RABATY!<\/span><\/p>\n<p>Szczeg\u00f3\u0142owe parametry takie jak dane techniczne, promocje sprawdzisz poni\u017cej w Akces-markt.pl. Rozmawiaj wygodnie przez mikrofon podczas pracy zdalnej. Odizoluj si\u0119 od niepo\u017c\u0105danych d\u017awi\u0119k\u00f3w zewn\u0119trznych. Ciesz si\u0119 czystym brzmieniem w s\u0142uchawkach. Przejd\u017a teraz bezpo\u015brednio do z sklepu gdzie szybko zakupisz te s\u0142uchawki w korzystnej cenie.<\/p>\n<p><span style=\"color: #fff; background-color: #000000; padding: 1px 7px;\"><strong>BlitzWolf<\/strong><\/span><strong><span style=\"margin-left: 5px; color: #fff; background-color: red; padding: 1px 7px;\">249.0 PLN<\/span><\/strong><\/p>\n<p>&nbsp;<\/p>\n<p>&nbsp;<\/p>\n<\/div>\n<p style=\"text-align: center; padding-bottom: 15px;\"><a style=\"color: #fff; font-size: 22px; background-color: #e4144d; padding: 9px 14px; border-radius: 7px; text-decoration: underline;\" href=\"https:\/\/converti.se\/click\/34590059-c70e8160-5f3ad5bd\/?deep_link=https%3A%2F%2Fakces-markt.pl%2Fpl%2Fp%2FSluchawki-gamingowe-BlitzWolf-AA-GB4%252C-RGB%252C-7.1-czarne%2F146808&#038;sid=sluchawki-z-mikrofonem&#038;tag6=product&#038;tag8=001888d2b1ed974007b22369cffde5ae&#038;tag9=S%C5%82uchawki+gamingowe+BlitzWolf+AA-GB4%2C+RGB%2C+7.1+%28czarne%29\" target=\"_blank\" rel=\"nofollow noopener\">Kup teraz<\/a> <span style=\"font-size: 22px; padding-left: 10px;\">249.0 PLN<\/span><\/p>\n","protected":false},"excerpt":{"rendered":"<h3>Odpowiednie <span style='color: red;'>s\u0142uchawki<\/span> z mikrofonem? <\/h3>\n<p> Cechy i zalety: <\/p>\n<ul style='padding-left: 10px; padding-bottom: 10px;'>\n<li style='padding-top: 10px;'>S\u0142uchawki gamingowe Blitzwolf AA-GB4Zanurz si\u0119 w gamingowym \u015bwiecie dzi\u0119ki s\u0142uchawkom Blitzwolf! 40mm przetworniki i wibracje 4D zapewniaj\u0105 doskona\u0142e wra\u017cenia s\u0142uchowe na ca\u0142kowicie nowym poziomie\n<li style='padding-top: 10px;'>D\u017awi\u0119k przestrzenny 7.1 pozwoli us\u0142ysze\u0107 kroki zbli\u017caj\u0105cego si\u0119 wroga i zareagowa\u0107 na czas, a funkcja redukcji szum\u00f3w wyciszy irytuj\u0105cy ha\u0142as otoczenia\n<li style='padding-top: 10px;'>Ergonomiczna konstrukcja zapewnia d\u0142ugotrwa\u0142y komfort, a pod\u015bwietlenie RGB nadaje akcesorium prawdziwie gamingowego charakteru.\u00a0Daj si\u0119 zaprosi\u0107 na muzyczn\u0105 uczt\u0119S\u0142uchawki wyposa\u017cono w 40mm przetworniki i 30 mm jednostk\u0119 wibracyjn\u0105, dla jeszcze lepszych wra\u017ce\u0144 s\u0142uchowych\n<li style='padding-top: 10px;'>Graj w ulubione gry ciesz\u0105c si\u0119 g\u0142\u0119bokim basem i bogatym w szczeg\u00f3\u0142y d\u017awi\u0119kiem dzi\u0119ki AA-GB4\n<li style='padding-top: 10px;'>Co wi\u0119cej, d\u017awi\u0119k przestrzenny 7.1 pozwala us\u0142ysze\u0107 kroki zbli\u017caj\u0105cego si\u0119 wroga i szybko reagowa\u0107 w danej sytuacji.\u00a0Podw\u00f3jny mikrofon i redukcja szum\u00f3wAkcesorium wyposa\u017cono w podw\u00f3jny mikrofon, kt\u00f3ry skutecznie wycisza ha\u0142as otoczenia dla wi\u0119kszego komfortu u\u017cytkowania i swobodnej komunikacji z innymi graczami\n<li style='padding-top: 10px;'>Podlega funkcji regulacji, dzi\u0119ki czemu dostosujesz jego po\u0142o\u017cenie do w\u0142asnych potrzeb\n<li style='padding-top: 10px;'>W ka\u017cdej chwili mo\u017cesz go wyciszy\u0107, za pomoc\u0105 kontrolera umieszczonego na kablu.\u00a0KomfortoweAA-GB4 wyr\u00f3\u017cniaj\u0105 si\u0119 ergonomiczn\u0105 konstrukcj\u0105, zapewniaj\u0105c komfort u\u017cytkowania na wiele godzin\n<li style='padding-top: 10px;'>Akcesorium dok\u0142adnie przylega do g\u0142owy gwarantuj\u0105c stabilno\u015b\u0107, a mi\u0119kkie, przyjazne dla sk\u00f3ry nauszniki z pianki PU zapewniaj\u0105 wygod\u0119\n<li style='padding-top: 10px;'>Pa\u0142\u0105k posiada funkcj\u0119 regulacji, dzi\u0119ki czemu dostosujesz s\u0142uchawki do w\u0142asnych potrzeb.\u00a0Przejmij kontrol\u0119 nad AA-GB4Dla jeszcze wi\u0119kszej swobody u\u017cytkowania s\u0142uchawki wyposa\u017cono w kontroler umieszczony na kablu\n<li style='padding-top: 10px;'>Za jego pomoc\u0105 mo\u017cesz wygodnie zarz\u0105dza\u0107 prac\u0105 akcesorium\n<li style='padding-top: 10px;'>Pokr\u0119t\u0142o pozwala regulowa\u0107 g\u0142o\u015bno\u015b\u0107, a przyciski umo\u017cliwiaj\u0105 sterowanie pod\u015bwietleniem LED, funkcj\u0105 wibracji oraz wyciszenie mikrofonu.\u00a0Pod\u015bwietlenie RGBS\u0142uchawki Blitzwolf b\u0119d\u0105 stanowi\u0107 doskona\u0142e uzupe\u0142nienie gamingowego zestawu\n<li style='padding-top: 10px;'>Kolorowe pod\u015bwietlenie LED nadaje akcesorium ciekawego wygl\u0105du zapewniaj\u0105c jeszcze lepsze warunki do gry\n<li style='padding-top: 10px;'>Dodatkowo, za pomoc\u0105 przycisku umieszczonego na kontrolerze mo\u017cesz w ka\u017cdej chwili wy\u0142\u0105czy\u0107 pod\u015bwietlenie\n<li style='padding-top: 10px;'>Specyfikacja\u00a0ProducentBlitzwolfModelAA-GB4Przetworniki50 mmCzu\u0142o\u015b\u0107102\u00b13dBPasmo przenoszenia20Hz &#8211; 20kHzImpedancja-38 \u00b1 3dBD\u0142ugo\u015b\u0107 kabla240 cmWaga430 gRedukcja szum\u00f3wtak, ENCKolorczarny<\/ul>\n","protected":false},"featured_media":10377,"comment_status":"closed","ping_status":"open","template":"","meta":[],"product_cat":[102,601],"product_tag":[],"class_list":{"0":"post-10376","1":"product","2":"type-product","3":"status-publish","5":"hentry","6":"product_cat-blitzwolf","7":"product_cat-sluchawki-z-mikrofonem","8":"pa_producent-blitzwolf","9":"pa_sklep-akces-markt-pl"},"yoast_head":"<!-- This site is optimized with the Yoast SEO plugin v20.9 - https:\/\/yoast.com\/wordpress\/plugins\/seo\/ -->\n<title>s\u0142uchawki z mikrofonem BlitzWolf<\/title>\n<meta name=\"description\" content=\"S\u0142uchawki z mikrofonem. Model BlitzWolf w atrakcyjnej cenie 249.0 PLN. Przedstawiamy s\u0142uchawki do pracy zdalnej i s\u0142uchania muzyki.\" \/>\n<meta name=\"robots\" content=\"index, follow, max-snippet:-1, max-image-preview:large, max-video-preview:-1\" \/>\n<link rel=\"canonical\" href=\"https:\/\/taniabonament.pl\/sluchawki\/model\/sluchawki-gamingowe-blitzwolf-aa-gb4-rgb-7-1-czarne-w-cenie-249-0-pln\/\" \/>\n<meta property=\"og:locale\" content=\"pl_PL\" \/>\n<meta property=\"og:type\" content=\"article\" \/>\n<meta property=\"og:title\" content=\"s\u0142uchawki z mikrofonem BlitzWolf\" \/>\n<meta property=\"og:description\" content=\"S\u0142uchawki z mikrofonem. Model BlitzWolf w atrakcyjnej cenie 249.0 PLN. Przedstawiamy s\u0142uchawki do pracy zdalnej i s\u0142uchania muzyki.\" \/>\n<meta property=\"og:url\" content=\"https:\/\/taniabonament.pl\/sluchawki\/model\/sluchawki-gamingowe-blitzwolf-aa-gb4-rgb-7-1-czarne-w-cenie-249-0-pln\/\" \/>\n<meta property=\"og:site_name\" content=\"TaniAbonament.pl S\u0142uchawki\" \/>\n<meta property=\"article:modified_time\" content=\"2022-02-14T20:28:35+00:00\" \/>\n<meta property=\"og:image\" content=\"https:\/\/taniabonament.pl\/sluchawki\/wp-content\/uploads\/2022\/02\/6b4151a270ddf98077966b02e0a30d87c8e6d6c1.webp\" \/>\n\t<meta property=\"og:image:width\" content=\"500\" \/>\n\t<meta property=\"og:image:height\" content=\"475\" \/>\n\t<meta property=\"og:image:type\" content=\"image\/jpeg\" \/>\n<meta name=\"twitter:card\" content=\"summary_large_image\" \/>\n<script type=\"application\/ld+json\" class=\"yoast-schema-graph\">{\"@context\":\"https:\/\/schema.org\",\"@graph\":[{\"@type\":\"WebPage\",\"@id\":\"https:\/\/taniabonament.pl\/sluchawki\/model\/sluchawki-gamingowe-blitzwolf-aa-gb4-rgb-7-1-czarne-w-cenie-249-0-pln\/\",\"url\":\"https:\/\/taniabonament.pl\/sluchawki\/model\/sluchawki-gamingowe-blitzwolf-aa-gb4-rgb-7-1-czarne-w-cenie-249-0-pln\/\",\"name\":\"s\u0142uchawki z mikrofonem BlitzWolf\",\"isPartOf\":{\"@id\":\"https:\/\/taniabonament.pl\/sluchawki\/#website\"},\"datePublished\":\"2022-02-14T20:28:31+00:00\",\"dateModified\":\"2022-02-14T20:28:35+00:00\",\"description\":\"S\u0142uchawki z mikrofonem. Model BlitzWolf w atrakcyjnej cenie 249.0 PLN. Przedstawiamy s\u0142uchawki do pracy zdalnej i s\u0142uchania muzyki.\",\"breadcrumb\":{\"@id\":\"https:\/\/taniabonament.pl\/sluchawki\/model\/sluchawki-gamingowe-blitzwolf-aa-gb4-rgb-7-1-czarne-w-cenie-249-0-pln\/#breadcrumb\"},\"inLanguage\":\"pl-PL\",\"potentialAction\":[{\"@type\":\"ReadAction\",\"target\":[\"https:\/\/taniabonament.pl\/sluchawki\/model\/sluchawki-gamingowe-blitzwolf-aa-gb4-rgb-7-1-czarne-w-cenie-249-0-pln\/\"]}]},{\"@type\":\"BreadcrumbList\",\"@id\":\"https:\/\/taniabonament.pl\/sluchawki\/model\/sluchawki-gamingowe-blitzwolf-aa-gb4-rgb-7-1-czarne-w-cenie-249-0-pln\/#breadcrumb\",\"itemListElement\":[{\"@type\":\"ListItem\",\"position\":1,\"name\":\"Strona g\u0142\u00f3wna\",\"item\":\"https:\/\/taniabonament.pl\/sluchawki\/\"},{\"@type\":\"ListItem\",\"position\":2,\"name\":\"Sklep\",\"item\":\"https:\/\/taniabonament.pl\/sluchawki\/\"},{\"@type\":\"ListItem\",\"position\":3,\"name\":\"S\u0142uchawki gamingowe BlitzWolf AA-GB4, RGB, 7.1 (czarne) &#8211; w cenie 249.0 PLN\"}]},{\"@type\":\"WebSite\",\"@id\":\"https:\/\/taniabonament.pl\/sluchawki\/#website\",\"url\":\"https:\/\/taniabonament.pl\/sluchawki\/\",\"name\":\"TaniAbonament.pl S\u0142uchawki\",\"description\":\"\u015bwiat s\u0142uchawek idealnych do pracy zdalnej\",\"potentialAction\":[{\"@type\":\"SearchAction\",\"target\":{\"@type\":\"EntryPoint\",\"urlTemplate\":\"https:\/\/taniabonament.pl\/sluchawki\/?s={search_term_string}\"},\"query-input\":\"required name=search_term_string\"}],\"inLanguage\":\"pl-PL\"}]}<\/script>\n<!-- \/ Yoast SEO plugin. -->","yoast_head_json":{"title":"s\u0142uchawki z mikrofonem BlitzWolf","description":"S\u0142uchawki z mikrofonem. Model BlitzWolf w atrakcyjnej cenie 249.0 PLN. Przedstawiamy s\u0142uchawki do pracy zdalnej i s\u0142uchania muzyki.","robots":{"index":"index","follow":"follow","max-snippet":"max-snippet:-1","max-image-preview":"max-image-preview:large","max-video-preview":"max-video-preview:-1"},"canonical":"https:\/\/taniabonament.pl\/sluchawki\/model\/sluchawki-gamingowe-blitzwolf-aa-gb4-rgb-7-1-czarne-w-cenie-249-0-pln\/","og_locale":"pl_PL","og_type":"article","og_title":"s\u0142uchawki z mikrofonem BlitzWolf","og_description":"S\u0142uchawki z mikrofonem. Model BlitzWolf w atrakcyjnej cenie 249.0 PLN. Przedstawiamy s\u0142uchawki do pracy zdalnej i s\u0142uchania muzyki.","og_url":"https:\/\/taniabonament.pl\/sluchawki\/model\/sluchawki-gamingowe-blitzwolf-aa-gb4-rgb-7-1-czarne-w-cenie-249-0-pln\/","og_site_name":"TaniAbonament.pl S\u0142uchawki","article_modified_time":"2022-02-14T20:28:35+00:00","og_image":[{"width":500,"height":475,"url":"https:\/\/taniabonament.pl\/sluchawki\/wp-content\/uploads\/2022\/02\/6b4151a270ddf98077966b02e0a30d87c8e6d6c1.webp","type":"image\/jpeg"}],"twitter_card":"summary_large_image","schema":{"@context":"https:\/\/schema.org","@graph":[{"@type":"WebPage","@id":"https:\/\/taniabonament.pl\/sluchawki\/model\/sluchawki-gamingowe-blitzwolf-aa-gb4-rgb-7-1-czarne-w-cenie-249-0-pln\/","url":"https:\/\/taniabonament.pl\/sluchawki\/model\/sluchawki-gamingowe-blitzwolf-aa-gb4-rgb-7-1-czarne-w-cenie-249-0-pln\/","name":"s\u0142uchawki z mikrofonem BlitzWolf","isPartOf":{"@id":"https:\/\/taniabonament.pl\/sluchawki\/#website"},"datePublished":"2022-02-14T20:28:31+00:00","dateModified":"2022-02-14T20:28:35+00:00","description":"S\u0142uchawki z mikrofonem. Model BlitzWolf w atrakcyjnej cenie 249.0 PLN. Przedstawiamy s\u0142uchawki do pracy zdalnej i s\u0142uchania muzyki.","breadcrumb":{"@id":"https:\/\/taniabonament.pl\/sluchawki\/model\/sluchawki-gamingowe-blitzwolf-aa-gb4-rgb-7-1-czarne-w-cenie-249-0-pln\/#breadcrumb"},"inLanguage":"pl-PL","potentialAction":[{"@type":"ReadAction","target":["https:\/\/taniabonament.pl\/sluchawki\/model\/sluchawki-gamingowe-blitzwolf-aa-gb4-rgb-7-1-czarne-w-cenie-249-0-pln\/"]}]},{"@type":"BreadcrumbList","@id":"https:\/\/taniabonament.pl\/sluchawki\/model\/sluchawki-gamingowe-blitzwolf-aa-gb4-rgb-7-1-czarne-w-cenie-249-0-pln\/#breadcrumb","itemListElement":[{"@type":"ListItem","position":1,"name":"Strona g\u0142\u00f3wna","item":"https:\/\/taniabonament.pl\/sluchawki\/"},{"@type":"ListItem","position":2,"name":"Sklep","item":"https:\/\/taniabonament.pl\/sluchawki\/"},{"@type":"ListItem","position":3,"name":"S\u0142uchawki gamingowe BlitzWolf AA-GB4, RGB, 7.1 (czarne) &#8211; w cenie 249.0 PLN"}]},{"@type":"WebSite","@id":"https:\/\/taniabonament.pl\/sluchawki\/#website","url":"https:\/\/taniabonament.pl\/sluchawki\/","name":"TaniAbonament.pl S\u0142uchawki","description":"\u015bwiat s\u0142uchawek idealnych do pracy zdalnej","potentialAction":[{"@type":"SearchAction","target":{"@type":"EntryPoint","urlTemplate":"https:\/\/taniabonament.pl\/sluchawki\/?s={search_term_string}"},"query-input":"required name=search_term_string"}],"inLanguage":"pl-PL"}]}},"_links":{"self":[{"href":"https:\/\/taniabonament.pl\/sluchawki\/wp-json\/wp\/v2\/product\/10376","targetHints":{"allow":["GET"]}}],"collection":[{"href":"https:\/\/taniabonament.pl\/sluchawki\/wp-json\/wp\/v2\/product"}],"about":[{"href":"https:\/\/taniabonament.pl\/sluchawki\/wp-json\/wp\/v2\/types\/product"}],"replies":[{"embeddable":true,"href":"https:\/\/taniabonament.pl\/sluchawki\/wp-json\/wp\/v2\/comments?post=10376"}],"wp:featuredmedia":[{"embeddable":true,"href":"https:\/\/taniabonament.pl\/sluchawki\/wp-json\/wp\/v2\/media\/10377"}],"wp:attachment":[{"href":"https:\/\/taniabonament.pl\/sluchawki\/wp-json\/wp\/v2\/media?parent=10376"}],"wp:term":[{"taxonomy":"product_cat","embeddable":true,"href":"https:\/\/taniabonament.pl\/sluchawki\/wp-json\/wp\/v2\/product_cat?post=10376"},{"taxonomy":"product_tag","embeddable":true,"href":"https:\/\/taniabonament.pl\/sluchawki\/wp-json\/wp\/v2\/product_tag?post=10376"}],"curies":[{"name":"wp","href":"https:\/\/api.w.org\/{rel}","templated":true}]}}