{"id":10374,"date":"2022-02-14T20:28:31","date_gmt":"2022-02-14T20:28:31","guid":{"rendered":"https:\/\/taniabonament.pl\/sluchawki\/model\/sluchawki-tws-baseus-simu-anc-s2-biale-w-cenie-349-0-pln\/"},"modified":"2022-02-14T20:28:35","modified_gmt":"2022-02-14T20:28:35","slug":"sluchawki-tws-baseus-simu-anc-s2-biale-w-cenie-349-0-pln","status":"publish","type":"product","link":"https:\/\/taniabonament.pl\/sluchawki\/model\/sluchawki-tws-baseus-simu-anc-s2-biale-w-cenie-349-0-pln\/","title":{"rendered":"S\u0142uchawki TWS Baseus SIMU ANC S2 (bia\u0142e) &#8211; w cenie 349.0 PLN"},"content":{"rendered":"<p><img decoding=\"async\" style=\"margin-right: 25px; margin-bottom: 10px; width: 220px;\" src=\"https:\/\/static.convertiser.com\/media\/product_images\/294\/549d6c058316d522003ca8f937852753\/11616822f4ca1b9627b719c80ac10f00f460b38f.webp\" alt=\"s\u0142uchawki z mikrofonem Baseus\" align=\"left\" \/><\/p>\n<h2>S\u0142uchawki marki Baseus<\/h2>\n<p>CENA ORYGINALNA: 349.0 PLN<\/p>\n<div style=\"font-weight: bold; font-size: 18px;\">\n<p>UWAGA <span style=\"color: red;\">MAMY RABATY!<\/span><\/p>\n<p>Szczeg\u00f3\u0142owe parametry takie jak dane techniczne, promocje sprawdzisz poni\u017cej w Akces-markt.pl. Rozmawiaj wygodnie przez mikrofon podczas pracy zdalnej. Odizoluj si\u0119 od niepo\u017c\u0105danych d\u017awi\u0119k\u00f3w zewn\u0119trznych. Ciesz si\u0119 czystym brzmieniem w s\u0142uchawkach. Przejd\u017a teraz bezpo\u015brednio do z sklepu gdzie szybko zakupisz te s\u0142uchawki w korzystnej cenie.<\/p>\n<p><span style=\"color: #fff; background-color: #000000; padding: 1px 7px;\"><strong>Baseus<\/strong><\/span><strong><span style=\"margin-left: 5px; color: #fff; background-color: red; padding: 1px 7px;\">349.0 PLN<\/span><\/strong><\/p>\n<p>&nbsp;<\/p>\n<p>&nbsp;<\/p>\n<\/div>\n<p style=\"text-align: center; padding-bottom: 15px;\"><a style=\"color: #fff; font-size: 22px; background-color: #e4144d; padding: 9px 14px; border-radius: 7px; text-decoration: underline;\" href=\"https:\/\/converti.se\/click\/34590059-c70e8160-5f3ad5bd\/?deep_link=https%3A%2F%2Fakces-markt.pl%2Fpl%2Fp%2FSluchawki-TWS-Baseus-SIMU-ANC-S2-biale%2F146592&#038;sid=sluchawki-z-mikrofonem&#038;tag6=product&#038;tag8=549d6c058316d522003ca8f937852753&#038;tag9=S%C5%82uchawki+TWS+Baseus+SIMU+ANC+S2+%28bia%C5%82e%29\" target=\"_blank\" rel=\"nofollow noopener\">Kup teraz<\/a> <span style=\"font-size: 22px; padding-left: 10px;\">349.0 PLN<\/span><\/p>\n","protected":false},"excerpt":{"rendered":"<h3>Odpowiednie <span style='color: red;'>s\u0142uchawki<\/span> z mikrofonem? <\/h3>\n<p> Cechy i zalety: <\/p>\n<ul style='padding-left: 10px; padding-bottom: 10px;'>\n<li style='padding-top: 10px;'>Bezprzewodowe s\u0142uchawki Baseus SIMU ANC S2Masz do\u015b\u0107 uci\u0105\u017cliwego ha\u0142asu? Marzysz o doskona\u0142ej jako\u015bci d\u017awi\u0119ku, kiedy s\u0142uchasz muzyki lub rozmawiasz przez telefon? Teraz to mo\u017cliwe! Bezprzewodowe s\u0142uchawki Baseus SIMU ANC S2 z redukcj\u0105 szum\u00f3w ANC i podw\u00f3jnym mikrofonem z pewno\u015bci\u0105 spe\u0142ni\u0105 Twoje oczekiwania\n<li style='padding-top: 10px;'>Kompozytowa membrana 10 mm zapewnia krystalicznie czyste brzmienie, a po\u0142\u0105czenie 5.0 minimalizuje op\u00f3\u017anienia\n<li style='padding-top: 10px;'>Wytrzyma\u0142y akumulator etui \u0142aduj\u0105cego gwarantuje czas pracy do nawet 24 godzin.\u00a0Efektywna redukcja ha\u0142asuPo\u017cegnaj irytuj\u0105cy ha\u0142as\n<li style='padding-top: 10px;'>Hybrydowa technologia ANC pozwala redukowa\u0107 szum otoczenia oraz d\u017awi\u0119ki o niskiej cz\u0119stotliwo\u015bci do -32 dB\n<li style='padding-top: 10px;'>Zale\u017cy Ci na tym, aby jednak s\u0142ysze\u0107, co dzieje si\u0119 dooko\u0142a &#8211; na przyk\u0142ad w pracy, w restauracji lub na lotnisku? Mamy te\u017c co\u015b dla Ciebie! Wybierz tryb Ambient Sound, kt\u00f3ry pozwala s\u0142ucha\u0107 muzyki, nie trac\u0105c przy tym kontaktu z otoczeniem.\u00a0Rozmawiaj przez telefon bez przeszk\u00f3dTechnologia redukcji szum\u00f3w to nie jedyny pow\u00f3d, dla kt\u00f3rego s\u0142uchawki SIMU ANC S2 tak dobrze nadaj\u0105 si\u0119 do rozm\u00f3w telefonicznych\n<li style='padding-top: 10px;'>Wyj\u0105tkowo czu\u0142e mikrofony MEMS doskonale rejestruj\u0105 ludzki g\u0142os, eliminuj\u0105c jednocze\u015bnie zb\u0119dne d\u017awi\u0119ki\n<li style='padding-top: 10px;'>Mo\u017cesz wi\u0119c swobodnie rozmawia\u0107 przez telefon, gdziekolwiek jeste\u015b &#8211; w domu, w pracy, w autobusie czy w centrum handlowym.\u00a0Zachwycaj\u0105ca jako\u015b\u0107 d\u017awi\u0119kuS\u0142uchawki SIMU ANC S2 spe\u0142ni\u0105 oczekiwania nawet najbardziej wymagaj\u0105cych u\u017cytkownik\u00f3w\n<li style='padding-top: 10px;'>Kompozytowa membrana oraz przetworniki 10 mm z magnesami neodymowymi podkre\u015blaj\u0105 basy i zapewniaj\u0105 fantastyczn\u0105 jako\u015b\u0107 audio\n<li style='padding-top: 10px;'>Ponadto kodeki AAC\/SBC gwarantuj\u0105 krystaliczn\u0105 czysto\u015b\u0107 d\u017awi\u0119ku\n<li style='padding-top: 10px;'>Przekonaj si\u0119, jak wspaniale mog\u0105 brzmie\u0107 Twoje ulubione piosenki!\u00a0Stabilna transmisja &#8211; niskie op\u00f3\u017anienieNie obawiaj si\u0119 problem\u00f3w z po\u0142\u0105czeniem\n<li style='padding-top: 10px;'>Chip BES 2300YP i antena FCP wzmacniaj\u0105 i stabilizuj\u0105 sygna\u0142, zapewniaj\u0105c szybk\u0105, niezawodn\u0105 transmisj\u0119 d\u017awi\u0119ku\n<li style='padding-top: 10px;'>U\u017cywaj\u0105c s\u0142uchawek SIMU ANC S2, mo\u017cesz te\u017c bez przeszk\u00f3d ogl\u0105da\u0107 filmy, a nawet gra\u0107 w gry\n<li style='padding-top: 10px;'>Synchronizacja AV i niezwykle niskie op\u00f3\u017anienie sprawi\u0105, \u017ce doskonale us\u0142yszysz ka\u017cdego przeciwnika, uprzedzisz jego ruchy i odniesiesz zwyci\u0119stwo!\u00a0Dostosuj\u0105 si\u0119 do CiebieJu\u017c nigdy nie przegapisz swojego ulubionego fragmentu piosenki\n<li style='padding-top: 10px;'>SIMU ANC S2 zosta\u0142y wyposa\u017cone w czu\u0142e sensory, dzi\u0119ki kt\u00f3rym mog\u0105 inteligentnie wykrywa\u0107, czy masz je w uszach\n<li style='padding-top: 10px;'>Gdy tylko je wyjmiesz, odtwarzanie zostanie automatycznie zatrzymane\n<li style='padding-top: 10px;'>Aby je wznowi\u0107, wystarczy w\u0142o\u017cy\u0107 s\u0142uchawki z powrotem!\u00a0Wiele godzin muzyki &#8211; \u0142adowanie bezprzewodoweZaawansowane po\u0142\u0105czenie 5.0 nie tylko zapewnia niezawodn\u0105 transmisj\u0119 sygna\u0142u, ale te\u017c zmniejsza pob\u00f3r mocy, tym samym przed\u0142u\u017caj\u0105c czas pracy s\u0142uchawek\n<li style='padding-top: 10px;'>Kiedy tryb ANC jest w\u0142\u0105czony, SIMU ANC S2 dzia\u0142aj\u0105 przez oko\u0142o 6 godzin\n<li style='padding-top: 10px;'>Je\u015bli go wy\u0142\u0105czysz, mo\u017cesz s\u0142ucha\u0107 muzyki nawet przez 7 godzin\n<li style='padding-top: 10px;'>Do\u0142\u0105czone do zestawu etui pozwala wyd\u0142u\u017cy\u0107 ten czas do 24 godzin\n<li style='padding-top: 10px;'>Wygodnie na\u0142adujesz je bezprzewodowo &#8211; jest kompatybilne z wi\u0119kszo\u015bci\u0105 popularnych \u0142adowarek QI.\u00a0Obs\u0142uga dotykowa &#8211; najwa\u017cniejsze funkcje w zasi\u0119gu r\u0119kiNie masz pod r\u0119k\u0105 telefonu? \u017baden problem &#8211; wcale nie musisz go szuka\u0107! Ka\u017cda ze s\u0142uchawek zosta\u0142a wyposa\u017cona w intuicyjny panel dotykowy, za pomoc\u0105 kt\u00f3rego wygodnie je obs\u0142u\u017cysz\n<li style='padding-top: 10px;'>Wystarczy kilka dotkni\u0119\u0107, aby zmieni\u0107 tryb pracy, zatrzyma\u0107 lub wznowi\u0107 odtwarzanie, prze\u0142\u0105czy\u0107 utw\u00f3r, odebra\u0107, odrzuci\u0107 lub zako\u0144czy\u0107 po\u0142\u0105czenie, a nawet aktywowa\u0107 asystenta g\u0142osowego Siri.\u00a0W zestawieS\u0142uchawki SIMU ANC S2 i etui \u0142aduj\u0105ceWymienne ko\u0144c\u00f3wkiKabel \u0142adowania\u00a0Specyfikacja\u00a0ProducentBaseusNazwaSIMU ANC True Wireless Earphones S2ModelNGS2-0GMateria\u0142ABS + PCWersja5.0Zasi\u0119gDo 10 mCzas odtwarzaniaW\u0142\u0105czony tryb ANC: do 6 h (70% g\u0142o\u015bno\u015bci);Wy\u0142\u0105czony tryb ANC: do 7 h (70% g\u0142o\u015bno\u015bci);Czas odtwarzania z etui \u0142aduj\u0105cymDo 24 hPojemno\u015b\u0107 akumulatoraS\u0142uchawki: 45 mAh\/0,167 Wh;Etui \u0142aduj\u0105ce: 480 mAh\/1,776 Wh;Czas \u0142adowaniaOk\n<li style='padding-top: 10px;'>1,5 hCzas \u0142adowania bezprzewodowegoOk\n<li style='padding-top: 10px;'>2 hPasmo przenoszenia20 Hz &#8211; 20 kHzInterfejs \u0142adowaniaUSB-CKompatybilno\u015b\u0107Wszystkie urz\u0105dzenia bezprzewodoweWaga55 gWymiary etui \u0142aduj\u0105cego65 x 24 x 47 mmWymiary s\u0142uchawek21 x 33 mmKolorBia\u0142y<\/ul>\n","protected":false},"featured_media":10375,"comment_status":"closed","ping_status":"open","template":"","meta":[],"product_cat":[74,601],"product_tag":[],"class_list":{"0":"post-10374","1":"product","2":"type-product","3":"status-publish","5":"hentry","6":"product_cat-baseus","7":"product_cat-sluchawki-z-mikrofonem","8":"pa_producent-baseus","9":"pa_sklep-akces-markt-pl"},"yoast_head":"<!-- This site is optimized with the Yoast SEO plugin v20.9 - https:\/\/yoast.com\/wordpress\/plugins\/seo\/ -->\n<title>s\u0142uchawki z mikrofonem Baseus<\/title>\n<meta name=\"description\" content=\"S\u0142uchawki z mikrofonem. Model Baseus w atrakcyjnej cenie 349.0 PLN. Przedstawiamy s\u0142uchawki do pracy zdalnej i s\u0142uchania muzyki.\" \/>\n<meta name=\"robots\" content=\"index, follow, max-snippet:-1, max-image-preview:large, max-video-preview:-1\" \/>\n<link rel=\"canonical\" href=\"https:\/\/taniabonament.pl\/sluchawki\/model\/sluchawki-tws-baseus-simu-anc-s2-biale-w-cenie-349-0-pln\/\" \/>\n<meta property=\"og:locale\" content=\"pl_PL\" \/>\n<meta property=\"og:type\" content=\"article\" \/>\n<meta property=\"og:title\" content=\"s\u0142uchawki z mikrofonem Baseus\" \/>\n<meta property=\"og:description\" content=\"S\u0142uchawki z mikrofonem. Model Baseus w atrakcyjnej cenie 349.0 PLN. Przedstawiamy s\u0142uchawki do pracy zdalnej i s\u0142uchania muzyki.\" \/>\n<meta property=\"og:url\" content=\"https:\/\/taniabonament.pl\/sluchawki\/model\/sluchawki-tws-baseus-simu-anc-s2-biale-w-cenie-349-0-pln\/\" \/>\n<meta property=\"og:site_name\" content=\"TaniAbonament.pl S\u0142uchawki\" \/>\n<meta property=\"article:modified_time\" content=\"2022-02-14T20:28:35+00:00\" \/>\n<meta property=\"og:image\" content=\"https:\/\/taniabonament.pl\/sluchawki\/wp-content\/uploads\/2022\/02\/11616822f4ca1b9627b719c80ac10f00f460b38f.webp\" \/>\n\t<meta property=\"og:image:width\" content=\"500\" \/>\n\t<meta property=\"og:image:height\" content=\"500\" \/>\n\t<meta property=\"og:image:type\" content=\"image\/jpeg\" \/>\n<meta name=\"twitter:card\" content=\"summary_large_image\" \/>\n<script type=\"application\/ld+json\" class=\"yoast-schema-graph\">{\"@context\":\"https:\/\/schema.org\",\"@graph\":[{\"@type\":\"WebPage\",\"@id\":\"https:\/\/taniabonament.pl\/sluchawki\/model\/sluchawki-tws-baseus-simu-anc-s2-biale-w-cenie-349-0-pln\/\",\"url\":\"https:\/\/taniabonament.pl\/sluchawki\/model\/sluchawki-tws-baseus-simu-anc-s2-biale-w-cenie-349-0-pln\/\",\"name\":\"s\u0142uchawki z mikrofonem Baseus\",\"isPartOf\":{\"@id\":\"https:\/\/taniabonament.pl\/sluchawki\/#website\"},\"datePublished\":\"2022-02-14T20:28:31+00:00\",\"dateModified\":\"2022-02-14T20:28:35+00:00\",\"description\":\"S\u0142uchawki z mikrofonem. Model Baseus w atrakcyjnej cenie 349.0 PLN. Przedstawiamy s\u0142uchawki do pracy zdalnej i s\u0142uchania muzyki.\",\"breadcrumb\":{\"@id\":\"https:\/\/taniabonament.pl\/sluchawki\/model\/sluchawki-tws-baseus-simu-anc-s2-biale-w-cenie-349-0-pln\/#breadcrumb\"},\"inLanguage\":\"pl-PL\",\"potentialAction\":[{\"@type\":\"ReadAction\",\"target\":[\"https:\/\/taniabonament.pl\/sluchawki\/model\/sluchawki-tws-baseus-simu-anc-s2-biale-w-cenie-349-0-pln\/\"]}]},{\"@type\":\"BreadcrumbList\",\"@id\":\"https:\/\/taniabonament.pl\/sluchawki\/model\/sluchawki-tws-baseus-simu-anc-s2-biale-w-cenie-349-0-pln\/#breadcrumb\",\"itemListElement\":[{\"@type\":\"ListItem\",\"position\":1,\"name\":\"Strona g\u0142\u00f3wna\",\"item\":\"https:\/\/taniabonament.pl\/sluchawki\/\"},{\"@type\":\"ListItem\",\"position\":2,\"name\":\"Sklep\",\"item\":\"https:\/\/taniabonament.pl\/sluchawki\/\"},{\"@type\":\"ListItem\",\"position\":3,\"name\":\"S\u0142uchawki TWS Baseus SIMU ANC S2 (bia\u0142e) &#8211; w cenie 349.0 PLN\"}]},{\"@type\":\"WebSite\",\"@id\":\"https:\/\/taniabonament.pl\/sluchawki\/#website\",\"url\":\"https:\/\/taniabonament.pl\/sluchawki\/\",\"name\":\"TaniAbonament.pl S\u0142uchawki\",\"description\":\"\u015bwiat s\u0142uchawek idealnych do pracy zdalnej\",\"potentialAction\":[{\"@type\":\"SearchAction\",\"target\":{\"@type\":\"EntryPoint\",\"urlTemplate\":\"https:\/\/taniabonament.pl\/sluchawki\/?s={search_term_string}\"},\"query-input\":\"required name=search_term_string\"}],\"inLanguage\":\"pl-PL\"}]}<\/script>\n<!-- \/ Yoast SEO plugin. -->","yoast_head_json":{"title":"s\u0142uchawki z mikrofonem Baseus","description":"S\u0142uchawki z mikrofonem. Model Baseus w atrakcyjnej cenie 349.0 PLN. Przedstawiamy s\u0142uchawki do pracy zdalnej i s\u0142uchania muzyki.","robots":{"index":"index","follow":"follow","max-snippet":"max-snippet:-1","max-image-preview":"max-image-preview:large","max-video-preview":"max-video-preview:-1"},"canonical":"https:\/\/taniabonament.pl\/sluchawki\/model\/sluchawki-tws-baseus-simu-anc-s2-biale-w-cenie-349-0-pln\/","og_locale":"pl_PL","og_type":"article","og_title":"s\u0142uchawki z mikrofonem Baseus","og_description":"S\u0142uchawki z mikrofonem. Model Baseus w atrakcyjnej cenie 349.0 PLN. Przedstawiamy s\u0142uchawki do pracy zdalnej i s\u0142uchania muzyki.","og_url":"https:\/\/taniabonament.pl\/sluchawki\/model\/sluchawki-tws-baseus-simu-anc-s2-biale-w-cenie-349-0-pln\/","og_site_name":"TaniAbonament.pl S\u0142uchawki","article_modified_time":"2022-02-14T20:28:35+00:00","og_image":[{"width":500,"height":500,"url":"https:\/\/taniabonament.pl\/sluchawki\/wp-content\/uploads\/2022\/02\/11616822f4ca1b9627b719c80ac10f00f460b38f.webp","type":"image\/jpeg"}],"twitter_card":"summary_large_image","schema":{"@context":"https:\/\/schema.org","@graph":[{"@type":"WebPage","@id":"https:\/\/taniabonament.pl\/sluchawki\/model\/sluchawki-tws-baseus-simu-anc-s2-biale-w-cenie-349-0-pln\/","url":"https:\/\/taniabonament.pl\/sluchawki\/model\/sluchawki-tws-baseus-simu-anc-s2-biale-w-cenie-349-0-pln\/","name":"s\u0142uchawki z mikrofonem Baseus","isPartOf":{"@id":"https:\/\/taniabonament.pl\/sluchawki\/#website"},"datePublished":"2022-02-14T20:28:31+00:00","dateModified":"2022-02-14T20:28:35+00:00","description":"S\u0142uchawki z mikrofonem. Model Baseus w atrakcyjnej cenie 349.0 PLN. Przedstawiamy s\u0142uchawki do pracy zdalnej i s\u0142uchania muzyki.","breadcrumb":{"@id":"https:\/\/taniabonament.pl\/sluchawki\/model\/sluchawki-tws-baseus-simu-anc-s2-biale-w-cenie-349-0-pln\/#breadcrumb"},"inLanguage":"pl-PL","potentialAction":[{"@type":"ReadAction","target":["https:\/\/taniabonament.pl\/sluchawki\/model\/sluchawki-tws-baseus-simu-anc-s2-biale-w-cenie-349-0-pln\/"]}]},{"@type":"BreadcrumbList","@id":"https:\/\/taniabonament.pl\/sluchawki\/model\/sluchawki-tws-baseus-simu-anc-s2-biale-w-cenie-349-0-pln\/#breadcrumb","itemListElement":[{"@type":"ListItem","position":1,"name":"Strona g\u0142\u00f3wna","item":"https:\/\/taniabonament.pl\/sluchawki\/"},{"@type":"ListItem","position":2,"name":"Sklep","item":"https:\/\/taniabonament.pl\/sluchawki\/"},{"@type":"ListItem","position":3,"name":"S\u0142uchawki TWS Baseus SIMU ANC S2 (bia\u0142e) &#8211; w cenie 349.0 PLN"}]},{"@type":"WebSite","@id":"https:\/\/taniabonament.pl\/sluchawki\/#website","url":"https:\/\/taniabonament.pl\/sluchawki\/","name":"TaniAbonament.pl S\u0142uchawki","description":"\u015bwiat s\u0142uchawek idealnych do pracy zdalnej","potentialAction":[{"@type":"SearchAction","target":{"@type":"EntryPoint","urlTemplate":"https:\/\/taniabonament.pl\/sluchawki\/?s={search_term_string}"},"query-input":"required name=search_term_string"}],"inLanguage":"pl-PL"}]}},"_links":{"self":[{"href":"https:\/\/taniabonament.pl\/sluchawki\/wp-json\/wp\/v2\/product\/10374","targetHints":{"allow":["GET"]}}],"collection":[{"href":"https:\/\/taniabonament.pl\/sluchawki\/wp-json\/wp\/v2\/product"}],"about":[{"href":"https:\/\/taniabonament.pl\/sluchawki\/wp-json\/wp\/v2\/types\/product"}],"replies":[{"embeddable":true,"href":"https:\/\/taniabonament.pl\/sluchawki\/wp-json\/wp\/v2\/comments?post=10374"}],"wp:featuredmedia":[{"embeddable":true,"href":"https:\/\/taniabonament.pl\/sluchawki\/wp-json\/wp\/v2\/media\/10375"}],"wp:attachment":[{"href":"https:\/\/taniabonament.pl\/sluchawki\/wp-json\/wp\/v2\/media?parent=10374"}],"wp:term":[{"taxonomy":"product_cat","embeddable":true,"href":"https:\/\/taniabonament.pl\/sluchawki\/wp-json\/wp\/v2\/product_cat?post=10374"},{"taxonomy":"product_tag","embeddable":true,"href":"https:\/\/taniabonament.pl\/sluchawki\/wp-json\/wp\/v2\/product_tag?post=10374"}],"curies":[{"name":"wp","href":"https:\/\/api.w.org\/{rel}","templated":true}]}}