{"id":10187,"date":"2022-02-14T20:26:56","date_gmt":"2022-02-14T20:26:56","guid":{"rendered":"https:\/\/taniabonament.pl\/sluchawki\/model\/sluchawki-z-mikrofonem-jabra-5578-230-109-bezprzewodowy-w-cenie\/"},"modified":"2022-02-14T20:27:12","modified_gmt":"2022-02-14T20:27:12","slug":"sluchawki-z-mikrofonem-jabra-5578-230-109-bezprzewodowy-w-cenie","status":"publish","type":"product","link":"https:\/\/taniabonament.pl\/sluchawki\/model\/sluchawki-z-mikrofonem-jabra-5578-230-109-bezprzewodowy-w-cenie\/","title":{"rendered":"S\u0142uchawki z Mikrofonem Jabra 5578-230-109 Bezprzewodowy &#8211; w cenie"},"content":{"rendered":"<p><img decoding=\"async\" style=\"margin-right: 25px; margin-bottom: 10px; width: 220px;\" src=\"https:\/\/static.convertiser.com\/media\/product_images\/316\/b28f0d8d09dbe32dd4b6eadaffc3c293\/8fbc7bbe9788395ff06f14670e84b8e6cfb2dcb7.jpg\" alt=\"s\u0142uchawki z mikrofonem jabra\" align=\"left\" \/><\/p>\n<h2>S\u0142uchawki marki jabra<\/h2>\n<p>CENA ORYGINALNA: 787.0 PLN<\/p>\n<div style=\"font-weight: bold; font-size: 18px;\">\n<p>UWAGA <span style=\"color: red;\">MAMY RABATY!<\/span><\/p>\n<p>Szczeg\u00f3\u0142owe parametry takie jak dane techniczne, promocje sprawdzisz poni\u017cej w Emaga. Rozmawiaj wygodnie przez mikrofon podczas pracy zdalnej. Odizoluj si\u0119 od niepo\u017c\u0105danych d\u017awi\u0119k\u00f3w zewn\u0119trznych. Ciesz si\u0119 czystym brzmieniem w s\u0142uchawkach. Przejd\u017a teraz bezpo\u015brednio do z sklepu gdzie szybko zakupisz te s\u0142uchawki w korzystnej cenie.<\/p>\n<p><span style=\"color: #fff; background-color: #000000; padding: 1px 7px;\"><strong>jabra<\/strong><\/span><strong><span style=\"margin-left: 5px; color: #fff; background-color: red; padding: 1px 7px;\">787.0 PLN<\/span><\/strong><\/p>\n<p>&nbsp;<\/p>\n<p>&nbsp;<\/p>\n<\/div>\n<p style=\"text-align: center; padding-bottom: 15px;\"><a style=\"color: #fff; font-size: 22px; background-color: #e4144d; padding: 9px 14px; border-radius: 7px; text-decoration: underline;\" href=\"https:\/\/converti.se\/click\/34590059-c70e8160-5f3ad6bf\/?deep_link=http%3A%2F%2Femaga.online%2Fp%2F113%2F6644745%2Fsluchawki-z-mikrofonem-jabra-5578-230-109-bezprzewodowy-mikrofony-i-sluchawki-informatyka-urzadzenia-peryferyjne-i-materialy-z-elektronika-informatyka.html&#038;sid=sluchawki-z-mikrofonem&#038;tag6=product&#038;tag8=b28f0d8d09dbe32dd4b6eadaffc3c293&#038;tag9=S%C5%82uchawki+z+Mikrofonem+Jabra+5578-230-109+Bezprzewodowy\" target=\"_blank\" rel=\"nofollow noopener\">Kup teraz<\/a> <span style=\"font-size: 22px; padding-left: 10px;\"><\/span><\/p>\n","protected":false},"excerpt":{"rendered":"<h3>Odpowiednie <span style='color: red;'>s\u0142uchawki<\/span> z mikrofonem? <\/h3>\n<p> Cechy i zalety: <\/p>\n<ul style='padding-left: 10px; padding-bottom: 10px;'>\n<li style='padding-top: 10px;'>Je\u015bli jeste\u015b mi\u0142o\u015bnikiem informatyki i elektroniki, lubisz by\u0107 na bie\u017c\u0105co z nowo\u015bciami technologicznymi i nie umyka Ci \u017caden szczeg\u00f3\u0142, kup S\u0142uchawki z Mikrofonem Jabra 5578-230-109 Bezprzewodowy po najlepszej cenie.Rodzaj: BezprzewodowyS\u0142uchawkiW\u0142a\u015bciwo\u015bci: Wbudowany mikrofonBezprzewodowy\u0141\u0105czno\u015b\u0107: BluetoothPo\u0142\u0105czenie: USBIlo\u015b\u0107: 1&#8230;<\/ul>\n","protected":false},"featured_media":10188,"comment_status":"closed","ping_status":"open","template":"","meta":[],"product_cat":[68,601],"product_tag":[],"class_list":{"0":"post-10187","1":"product","2":"type-product","3":"status-publish","5":"hentry","6":"product_cat-jabra","7":"product_cat-sluchawki-z-mikrofonem","8":"pa_producent-jabra","9":"pa_sklep-emaga"},"yoast_head":"<!-- This site is optimized with the Yoast SEO plugin v20.9 - https:\/\/yoast.com\/wordpress\/plugins\/seo\/ -->\n<title>s\u0142uchawki z mikrofonem jabra<\/title>\n<meta name=\"description\" content=\"S\u0142uchawki z mikrofonem. Model jabra w atrakcyjnej cenie 787.0 PLN. Przedstawiamy s\u0142uchawki do pracy zdalnej i s\u0142uchania muzyki.\" \/>\n<meta name=\"robots\" content=\"index, follow, max-snippet:-1, max-image-preview:large, max-video-preview:-1\" \/>\n<link rel=\"canonical\" href=\"https:\/\/taniabonament.pl\/sluchawki\/model\/sluchawki-z-mikrofonem-jabra-5578-230-109-bezprzewodowy-w-cenie\/\" \/>\n<meta property=\"og:locale\" content=\"pl_PL\" \/>\n<meta property=\"og:type\" content=\"article\" \/>\n<meta property=\"og:title\" content=\"s\u0142uchawki z mikrofonem jabra\" \/>\n<meta property=\"og:description\" content=\"S\u0142uchawki z mikrofonem. Model jabra w atrakcyjnej cenie 787.0 PLN. Przedstawiamy s\u0142uchawki do pracy zdalnej i s\u0142uchania muzyki.\" \/>\n<meta property=\"og:url\" content=\"https:\/\/taniabonament.pl\/sluchawki\/model\/sluchawki-z-mikrofonem-jabra-5578-230-109-bezprzewodowy-w-cenie\/\" \/>\n<meta property=\"og:site_name\" content=\"TaniAbonament.pl S\u0142uchawki\" \/>\n<meta property=\"article:modified_time\" content=\"2022-02-14T20:27:12+00:00\" \/>\n<meta property=\"og:image\" content=\"https:\/\/taniabonament.pl\/sluchawki\/wp-content\/uploads\/2022\/02\/8fbc7bbe9788395ff06f14670e84b8e6cfb2dcb7.jpg\" \/>\n\t<meta property=\"og:image:width\" content=\"600\" \/>\n\t<meta property=\"og:image:height\" content=\"600\" \/>\n\t<meta property=\"og:image:type\" content=\"image\/jpeg\" \/>\n<meta name=\"twitter:card\" content=\"summary_large_image\" \/>\n<script type=\"application\/ld+json\" class=\"yoast-schema-graph\">{\"@context\":\"https:\/\/schema.org\",\"@graph\":[{\"@type\":\"WebPage\",\"@id\":\"https:\/\/taniabonament.pl\/sluchawki\/model\/sluchawki-z-mikrofonem-jabra-5578-230-109-bezprzewodowy-w-cenie\/\",\"url\":\"https:\/\/taniabonament.pl\/sluchawki\/model\/sluchawki-z-mikrofonem-jabra-5578-230-109-bezprzewodowy-w-cenie\/\",\"name\":\"s\u0142uchawki z mikrofonem jabra\",\"isPartOf\":{\"@id\":\"https:\/\/taniabonament.pl\/sluchawki\/#website\"},\"datePublished\":\"2022-02-14T20:26:56+00:00\",\"dateModified\":\"2022-02-14T20:27:12+00:00\",\"description\":\"S\u0142uchawki z mikrofonem. Model jabra w atrakcyjnej cenie 787.0 PLN. Przedstawiamy s\u0142uchawki do pracy zdalnej i s\u0142uchania muzyki.\",\"breadcrumb\":{\"@id\":\"https:\/\/taniabonament.pl\/sluchawki\/model\/sluchawki-z-mikrofonem-jabra-5578-230-109-bezprzewodowy-w-cenie\/#breadcrumb\"},\"inLanguage\":\"pl-PL\",\"potentialAction\":[{\"@type\":\"ReadAction\",\"target\":[\"https:\/\/taniabonament.pl\/sluchawki\/model\/sluchawki-z-mikrofonem-jabra-5578-230-109-bezprzewodowy-w-cenie\/\"]}]},{\"@type\":\"BreadcrumbList\",\"@id\":\"https:\/\/taniabonament.pl\/sluchawki\/model\/sluchawki-z-mikrofonem-jabra-5578-230-109-bezprzewodowy-w-cenie\/#breadcrumb\",\"itemListElement\":[{\"@type\":\"ListItem\",\"position\":1,\"name\":\"Strona g\u0142\u00f3wna\",\"item\":\"https:\/\/taniabonament.pl\/sluchawki\/\"},{\"@type\":\"ListItem\",\"position\":2,\"name\":\"Sklep\",\"item\":\"https:\/\/taniabonament.pl\/sluchawki\/\"},{\"@type\":\"ListItem\",\"position\":3,\"name\":\"S\u0142uchawki z Mikrofonem Jabra 5578-230-109 Bezprzewodowy &#8211; w cenie\"}]},{\"@type\":\"WebSite\",\"@id\":\"https:\/\/taniabonament.pl\/sluchawki\/#website\",\"url\":\"https:\/\/taniabonament.pl\/sluchawki\/\",\"name\":\"TaniAbonament.pl S\u0142uchawki\",\"description\":\"\u015bwiat s\u0142uchawek idealnych do pracy zdalnej\",\"potentialAction\":[{\"@type\":\"SearchAction\",\"target\":{\"@type\":\"EntryPoint\",\"urlTemplate\":\"https:\/\/taniabonament.pl\/sluchawki\/?s={search_term_string}\"},\"query-input\":\"required name=search_term_string\"}],\"inLanguage\":\"pl-PL\"}]}<\/script>\n<!-- \/ Yoast SEO plugin. -->","yoast_head_json":{"title":"s\u0142uchawki z mikrofonem jabra","description":"S\u0142uchawki z mikrofonem. Model jabra w atrakcyjnej cenie 787.0 PLN. Przedstawiamy s\u0142uchawki do pracy zdalnej i s\u0142uchania muzyki.","robots":{"index":"index","follow":"follow","max-snippet":"max-snippet:-1","max-image-preview":"max-image-preview:large","max-video-preview":"max-video-preview:-1"},"canonical":"https:\/\/taniabonament.pl\/sluchawki\/model\/sluchawki-z-mikrofonem-jabra-5578-230-109-bezprzewodowy-w-cenie\/","og_locale":"pl_PL","og_type":"article","og_title":"s\u0142uchawki z mikrofonem jabra","og_description":"S\u0142uchawki z mikrofonem. Model jabra w atrakcyjnej cenie 787.0 PLN. Przedstawiamy s\u0142uchawki do pracy zdalnej i s\u0142uchania muzyki.","og_url":"https:\/\/taniabonament.pl\/sluchawki\/model\/sluchawki-z-mikrofonem-jabra-5578-230-109-bezprzewodowy-w-cenie\/","og_site_name":"TaniAbonament.pl S\u0142uchawki","article_modified_time":"2022-02-14T20:27:12+00:00","og_image":[{"width":600,"height":600,"url":"https:\/\/taniabonament.pl\/sluchawki\/wp-content\/uploads\/2022\/02\/8fbc7bbe9788395ff06f14670e84b8e6cfb2dcb7.jpg","type":"image\/jpeg"}],"twitter_card":"summary_large_image","schema":{"@context":"https:\/\/schema.org","@graph":[{"@type":"WebPage","@id":"https:\/\/taniabonament.pl\/sluchawki\/model\/sluchawki-z-mikrofonem-jabra-5578-230-109-bezprzewodowy-w-cenie\/","url":"https:\/\/taniabonament.pl\/sluchawki\/model\/sluchawki-z-mikrofonem-jabra-5578-230-109-bezprzewodowy-w-cenie\/","name":"s\u0142uchawki z mikrofonem jabra","isPartOf":{"@id":"https:\/\/taniabonament.pl\/sluchawki\/#website"},"datePublished":"2022-02-14T20:26:56+00:00","dateModified":"2022-02-14T20:27:12+00:00","description":"S\u0142uchawki z mikrofonem. Model jabra w atrakcyjnej cenie 787.0 PLN. Przedstawiamy s\u0142uchawki do pracy zdalnej i s\u0142uchania muzyki.","breadcrumb":{"@id":"https:\/\/taniabonament.pl\/sluchawki\/model\/sluchawki-z-mikrofonem-jabra-5578-230-109-bezprzewodowy-w-cenie\/#breadcrumb"},"inLanguage":"pl-PL","potentialAction":[{"@type":"ReadAction","target":["https:\/\/taniabonament.pl\/sluchawki\/model\/sluchawki-z-mikrofonem-jabra-5578-230-109-bezprzewodowy-w-cenie\/"]}]},{"@type":"BreadcrumbList","@id":"https:\/\/taniabonament.pl\/sluchawki\/model\/sluchawki-z-mikrofonem-jabra-5578-230-109-bezprzewodowy-w-cenie\/#breadcrumb","itemListElement":[{"@type":"ListItem","position":1,"name":"Strona g\u0142\u00f3wna","item":"https:\/\/taniabonament.pl\/sluchawki\/"},{"@type":"ListItem","position":2,"name":"Sklep","item":"https:\/\/taniabonament.pl\/sluchawki\/"},{"@type":"ListItem","position":3,"name":"S\u0142uchawki z Mikrofonem Jabra 5578-230-109 Bezprzewodowy &#8211; w cenie"}]},{"@type":"WebSite","@id":"https:\/\/taniabonament.pl\/sluchawki\/#website","url":"https:\/\/taniabonament.pl\/sluchawki\/","name":"TaniAbonament.pl S\u0142uchawki","description":"\u015bwiat s\u0142uchawek idealnych do pracy zdalnej","potentialAction":[{"@type":"SearchAction","target":{"@type":"EntryPoint","urlTemplate":"https:\/\/taniabonament.pl\/sluchawki\/?s={search_term_string}"},"query-input":"required name=search_term_string"}],"inLanguage":"pl-PL"}]}},"_links":{"self":[{"href":"https:\/\/taniabonament.pl\/sluchawki\/wp-json\/wp\/v2\/product\/10187","targetHints":{"allow":["GET"]}}],"collection":[{"href":"https:\/\/taniabonament.pl\/sluchawki\/wp-json\/wp\/v2\/product"}],"about":[{"href":"https:\/\/taniabonament.pl\/sluchawki\/wp-json\/wp\/v2\/types\/product"}],"replies":[{"embeddable":true,"href":"https:\/\/taniabonament.pl\/sluchawki\/wp-json\/wp\/v2\/comments?post=10187"}],"wp:featuredmedia":[{"embeddable":true,"href":"https:\/\/taniabonament.pl\/sluchawki\/wp-json\/wp\/v2\/media\/10188"}],"wp:attachment":[{"href":"https:\/\/taniabonament.pl\/sluchawki\/wp-json\/wp\/v2\/media?parent=10187"}],"wp:term":[{"taxonomy":"product_cat","embeddable":true,"href":"https:\/\/taniabonament.pl\/sluchawki\/wp-json\/wp\/v2\/product_cat?post=10187"},{"taxonomy":"product_tag","embeddable":true,"href":"https:\/\/taniabonament.pl\/sluchawki\/wp-json\/wp\/v2\/product_tag?post=10187"}],"curies":[{"name":"wp","href":"https:\/\/api.w.org\/{rel}","templated":true}]}}